{"id":3697,"date":"2022-11-19T02:19:51","date_gmt":"2022-11-19T02:19:51","guid":{"rendered":"https:\/\/comparemyjet.com\/?page_id=3697"},"modified":"2025-09-04T10:03:16","modified_gmt":"2025-09-04T10:03:16","slug":"honda","status":"publish","type":"page","link":"https:\/\/comparemyjet.com\/es\/honda\/","title":{"rendered":"Gu\u00eda definitiva de aviones y jets privados Honda"},"content":{"rendered":"<p>Honda Aircraft Company es un fabricante de aviones que utiliza la \u00faltima tecnolog\u00eda e innovaci\u00f3n en aviaci\u00f3n para producir sus conocidos aviones HondaJet. Lo que comenz\u00f3 como un proyecto de investigaci\u00f3n en 1997 es ahora un productor de aviones bien establecido y una filial de propiedad total de Honda Motor.&nbsp;<\/p>\r\n\r\n\r\n\r\n<p>La sede de la empresa se encuentra en el aeropuerto internacional Piedmont Triad de Greensboro (Carolina del Norte). Fue en este aeropuerto donde se mont\u00f3 el primer prototipo de HondaJet y donde se realizaron las pruebas de vuelo.<\/p>\r\n\r\n\r\n\r\n<p>Veamos c\u00f3mo surgi\u00f3 la empresa.<\/p>\r\n\r\n\r\n\r\n<div id=\"ez-toc-container\" class=\"ez-toc-v2_0_76 counter-hierarchy ez-toc-counter ez-toc-grey ez-toc-container-direction\">\n<p class=\"ez-toc-title\" style=\"cursor:inherit\">Temas<\/p>\n<label for=\"ez-toc-cssicon-toggle-item-69d6f306b0fe7\" class=\"ez-toc-cssicon-toggle-label\"><span class=\"\"><span class=\"eztoc-hide\" style=\"display:none;\">Toggle<\/span><span class=\"ez-toc-icon-toggle-span\"><svg style=\"fill: #999;color:#999\" xmlns=\"http:\/\/www.w3.org\/2000\/svg\" class=\"list-377408\" width=\"20px\" height=\"20px\" viewbox=\"0 0 24 24\" fill=\"none\"><path d=\"M6 6H4v2h2V6zm14 0H8v2h12V6zM4 11h2v2H4v-2zm16 0H8v2h12v-2zM4 16h2v2H4v-2zm16 0H8v2h12v-2z\" fill=\"currentColor\"><\/path><\/svg><svg style=\"fill: #999;color:#999\" class=\"arrow-unsorted-368013\" xmlns=\"http:\/\/www.w3.org\/2000\/svg\" width=\"10px\" height=\"10px\" viewbox=\"0 0 24 24\" version=\"1.2\" baseprofile=\"tiny\"><path d=\"M18.2 9.3l-6.2-6.3-6.2 6.3c-.2.2-.3.4-.3.7s.1.5.3.7c.2.2.4.3.7.3h11c.3 0 .5-.1.7-.3.2-.2.3-.5.3-.7s-.1-.5-.3-.7zM5.8 14.7l6.2 6.3 6.2-6.3c.2-.2.3-.5.3-.7s-.1-.5-.3-.7c-.2-.2-.4-.3-.7-.3h-11c-.3 0-.5.1-.7.3-.2.2-.3.5-.3.7s.1.5.3.7z\"\/><\/svg><\/span><\/span><\/label><input type=\"checkbox\"  id=\"ez-toc-cssicon-toggle-item-69d6f306b0fe7\" checked aria-label=\"Alternar\" \/><nav><ul class='ez-toc-list ez-toc-list-level-1' ><li class='ez-toc-page-1 ez-toc-heading-level-2'><a class=\"ez-toc-link ez-toc-heading-1\" href=\"https:\/\/comparemyjet.com\/es\/honda\/#About_the_Company\" >Acerca de la empresa<\/a><\/li><li class='ez-toc-page-1 ez-toc-heading-level-2'><a class=\"ez-toc-link ez-toc-heading-2\" href=\"https:\/\/comparemyjet.com\/es\/honda\/#Products_and_Services\" >Productos y servicios&nbsp;<\/a><\/li><li class='ez-toc-page-1 ez-toc-heading-level-2'><a class=\"ez-toc-link ez-toc-heading-3\" href=\"https:\/\/comparemyjet.com\/es\/honda\/#Aircraft_Types\" >Tipos de aviones<\/a><ul class='ez-toc-list-level-3' ><li class='ez-toc-heading-level-3'><a class=\"ez-toc-link ez-toc-heading-4\" href=\"https:\/\/comparemyjet.com\/es\/honda\/#Business_Aircraft\" >Aviones de negocios<\/a><ul class='ez-toc-list-level-4' ><li class='ez-toc-heading-level-4'><a class=\"ez-toc-link ez-toc-heading-5\" href=\"https:\/\/comparemyjet.com\/es\/honda\/#HondaJet_Classic\" >HondaJet Classic<\/a><\/li><li class='ez-toc-page-1 ez-toc-heading-level-4'><a class=\"ez-toc-link ez-toc-heading-6\" href=\"https:\/\/comparemyjet.com\/es\/honda\/#HondaJet_APMG\" >HondaJet APMG<\/a><\/li><li class='ez-toc-page-1 ez-toc-heading-level-4'><a class=\"ez-toc-link ez-toc-heading-7\" href=\"https:\/\/comparemyjet.com\/es\/honda\/#HondaJet_Elite_S\" >HondaJet Elite S<\/a><\/li><li class='ez-toc-page-1 ez-toc-heading-level-4'><a class=\"ez-toc-link ez-toc-heading-8\" href=\"https:\/\/comparemyjet.com\/es\/honda\/#Hondajet_2600_Concept\" >Concepto Hondajet 2600<\/a><\/li><\/ul><\/li><li class='ez-toc-page-1 ez-toc-heading-level-3'><a class=\"ez-toc-link ez-toc-heading-9\" href=\"https:\/\/comparemyjet.com\/es\/honda\/#Most_Famous_Aircraft_by_the_Company\" >Aviones m\u00e1s famosos de la compa\u00f1\u00eda<\/a><\/li><\/ul><\/li><li class='ez-toc-page-1 ez-toc-heading-level-2'><a class=\"ez-toc-link ez-toc-heading-10\" href=\"https:\/\/comparemyjet.com\/es\/honda\/#Safety\" >Seguridad&nbsp;<\/a><\/li><li class='ez-toc-page-1 ez-toc-heading-level-2'><a class=\"ez-toc-link ez-toc-heading-11\" href=\"https:\/\/comparemyjet.com\/es\/honda\/#Sustainability\" >Sostenibilidad&nbsp;<\/a><\/li><li class='ez-toc-page-1 ez-toc-heading-level-2'><a class=\"ez-toc-link ez-toc-heading-12\" href=\"https:\/\/comparemyjet.com\/es\/honda\/#Innovations\" >Innovaciones<\/a><\/li><li class='ez-toc-page-1 ez-toc-heading-level-2'><a class=\"ez-toc-link ez-toc-heading-13\" href=\"https:\/\/comparemyjet.com\/es\/honda\/#Conclusion\" >Conclusi\u00f3n<\/a><\/li><\/ul><\/nav><\/div>\n<h2 class=\"wp-block-heading\"><span class=\"ez-toc-section\" id=\"About_the_Company\"><\/span>Acerca de la empresa<span class=\"ez-toc-section-end\"><\/span><\/h2>\r\n\r\n\r\n\r\n<figure class=\"wp-block-image size-full is-style-default\"><img loading=\"lazy\" decoding=\"async\" width=\"1000\" height=\"667\" src=\"https:\/\/comparemyjet.com\/wp-content\/uploads\/2022\/11\/honda.logo_.jpg\" alt=\"Honda\" class=\"wp-image-3700\" srcset=\"https:\/\/comparemyjet.com\/wp-content\/uploads\/2022\/11\/honda.logo_-18x12.jpg 18w, https:\/\/comparemyjet.com\/wp-content\/uploads\/2022\/11\/honda.logo_-300x200.jpg 300w, https:\/\/comparemyjet.com\/wp-content\/uploads\/2022\/11\/honda.logo_-768x512.jpg 768w, https:\/\/comparemyjet.com\/wp-content\/uploads\/2022\/11\/honda.logo_.jpg 1000w\" sizes=\"auto, (max-width: 1000px) 100vw, 1000px\" \/><\/figure>\r\n\r\n\r\n\r\n<p>Hideto Yamasaki, el nuevo presidente y director general de Honda Aircraft, asumi\u00f3 el cargo el 1 de abril de 2022, despu\u00e9s de que Michimasa Fujino, el anterior presidente de Honda Aircraft, se retirara el 31 de marzo.&nbsp;<\/p>\r\n\r\n\r\n\r\n<p>En los inicios de lo que m\u00e1s tarde se convertir\u00eda en Honda Aircraft, el talentoso ingeniero aeroespacial Michimasa Fujino estuvo a cargo del proyecto de investigaci\u00f3n que comenz\u00f3 en 1986 en EE.UU. y se centr\u00f3 en los aviones ligeros y los motores a reacci\u00f3n, continuando en 1988 con el dise\u00f1o de la construcci\u00f3n. En 1993 se iniciaron las pruebas de vuelo del MH-02, el proyecto de Michimasa Fujino, un primer avi\u00f3n ejecutivo totalmente compuesto. Honda acab\u00f3 deteniendo el proyecto en 1996 debido a una crisis monetaria en Jap\u00f3n.<\/p>\r\n\r\n\r\n\r\n<p>1997 marc\u00f3 el inicio del desarrollo del HondaJet. El 3 de diciembre de 2003, el prototipo del HondaJet ascendi\u00f3 a los cielos por primera vez, impulsado por dos motores turbofan dise\u00f1ados y fabricados por Honda. El 9 de diciembre de 2015, la FAA concedi\u00f3 la certificaci\u00f3n al HondaJet despu\u00e9s de haber estado en desarrollo durante muchos a\u00f1os y haber colaborado con GE Aviation para crear el motor HF120.<\/p>\r\n\r\n\r\n\r\n<p>El HondaJet hizo su primera aparici\u00f3n p\u00fablica en el EAA AirVenture Oshkosh en 2005. Al a\u00f1o siguiente, se cre\u00f3 formalmente Honda Aircraft, con Fujino como consejero delegado de la empresa. Durante la conferencia de la National Business Aviation Association en 2006, la empresa empez\u00f3 a aceptar pedidos y r\u00e1pidamente reserv\u00f3 m\u00e1s de cien entregas. Este fue el a\u00f1o en el que la empresa se estableci\u00f3 como una filial de propiedad total de Honda Motor.<\/p>\r\n\r\n\r\n\r\n<p>La fabricaci\u00f3n de los HondaJets HA-420 comenz\u00f3 en 2012, en la planta construida a tal efecto en Greensboro (Carolina del Norte). Posteriormente, en 2013, el propulsor turbofan HF120 recibi\u00f3 la certificaci\u00f3n de la FAA y, en 2014, tuvo lugar el vuelo inaugural de una versi\u00f3n de producci\u00f3n. 2018 <a href=\"https:\/\/comparemyjet.com\/es\/hotels\/saw-hotels\/\" data-internallinksmanager029f6b8e52c=\"513\" title=\"11 mejores hoteles cerca del aeropuerto internacional Sabiha G\u00f6k\u00e7en\">sierra<\/a> el lanzamiento del HondaJet Elite, una versi\u00f3n mejorada del HA-420.<\/p>\r\n\r\n\r\n\r\n<p>En 2017 y 2018, el Elite fue el avi\u00f3n ligero que Honda suministr\u00f3 m\u00e1s en todo el mundo.<\/p>\r\n\r\n\r\n\r\n<p>Desde entonces, el avi\u00f3n ha sido objeto de constantes mejoras, aumentando su autonom\u00eda entre otras. Adem\u00e1s, Honda Aircraft ha aumentado su capacidad de producci\u00f3n en sus instalaciones de Greensboro (Carolina del Norte), y la empresa produce actualmente la mayor parte del fuselaje y las alas. El HondaJet Elite S es el modelo m\u00e1s reciente disponible.<\/p>\r\n\r\n\r\n\r\n<h2 class=\"wp-block-heading\"><span class=\"ez-toc-section\" id=\"Products_and_Services\"><\/span>Productos y servicios&nbsp;<span class=\"ez-toc-section-end\"><\/span><\/h2>\r\n\r\n\r\n\r\n<p>Honda Aircraft ha confirmado recientemente la ampliaci\u00f3n del sistema de atenci\u00f3n al cliente de HondaJet con cuatro nuevas sedes situadas en:&nbsp;<\/p>\r\n\r\n\r\n\r\n<ul class=\"wp-block-list\">\r\n<li>Selangor, Malasia&nbsp;<\/li>\r\n\r\n\r\n\r\n<li>Bournemouth, Reino Unido&nbsp;<\/li>\r\n\r\n\r\n\r\n<li><a href=\"https:\/\/comparemyjet.com\/es\/visitas-privadas\/portland-private-tours\/\" data-internallinksmanager029f6b8e52c=\"432\" title=\"11 Mejores Excursiones Privadas Por Portland Desde $48.00\">Portland<\/a>Oreg\u00f3n&nbsp;<\/li>\r\n\r\n\r\n\r\n<li>y <a href=\"https:\/\/comparemyjet.com\/es\/visitas-privadas\/sacramento-private-tours\/\" data-internallinksmanager029f6b8e52c=\"434\" title=\"11 Mejores Excursiones Privadas a Sacramento Desde $7.99\">Sacramento<\/a>California&nbsp;<\/li>\r\n<\/ul>\r\n\r\n\r\n\r\n<p>Con ello, la red de atenci\u00f3n al cliente de HondaJet cuenta con 21 oficinas en todo el mundo y 12 en Norteam\u00e9rica. La primera oficina de la empresa en el sudeste asi\u00e1tico se encuentra actualmente en Malasia.&nbsp;<\/p>\r\n\r\n\r\n\r\n<h2 class=\"wp-block-heading\"><span class=\"ez-toc-section\" id=\"Aircraft_Types\"><\/span>Tipos de aviones<span class=\"ez-toc-section-end\"><\/span><\/h2>\r\n\r\n\r\n\r\n<figure class=\"wp-block-image size-full is-style-default\"><img loading=\"lazy\" decoding=\"async\" width=\"1000\" height=\"714\" src=\"https:\/\/comparemyjet.com\/wp-content\/uploads\/2022\/11\/honda.jet_.jpg\" alt=\"\" class=\"wp-image-3699\" srcset=\"https:\/\/comparemyjet.com\/wp-content\/uploads\/2022\/11\/honda.jet_-18x12.jpg 18w, https:\/\/comparemyjet.com\/wp-content\/uploads\/2022\/11\/honda.jet_-300x214.jpg 300w, https:\/\/comparemyjet.com\/wp-content\/uploads\/2022\/11\/honda.jet_-768x548.jpg 768w, https:\/\/comparemyjet.com\/wp-content\/uploads\/2022\/11\/honda.jet_.jpg 1000w\" sizes=\"auto, (max-width: 1000px) 100vw, 1000px\" \/><\/figure>\r\n\r\n\r\n\r\n<h3 class=\"wp-block-heading\"><span class=\"ez-toc-section\" id=\"Business_Aircraft\"><\/span>Aviones de negocios<span class=\"ez-toc-section-end\"><\/span><\/h3>\r\n\r\n\r\n\r\n<h4 class=\"wp-block-heading\"><span class=\"ez-toc-section\" id=\"HondaJet_Classic\"><\/span>HondaJet Classic<span class=\"ez-toc-section-end\"><\/span><\/h4>\r\n\r\n\r\n\r\n<p>El primer HondaJet es un avi\u00f3n muy ligero responsable de varias primicias en la industria de la aviaci\u00f3n.<\/p>\r\n\r\n\r\n\r\n<p>El soporte del motor sobre el ala es el resultado de una rigurosa investigaci\u00f3n y desarrollo por parte de Honda, que ha llevado a su dise\u00f1o y validaci\u00f3n. Esta tecnolog\u00eda de vanguardia permite avances l\u00edderes en su categor\u00eda, como un habit\u00e1culo m\u00e1s silencioso y espacioso y un mayor ahorro de combustible.<\/p>\r\n\r\n\r\n\r\n<p>Esta innovadora soluci\u00f3n t\u00e9cnica permite una r\u00e1pida velocidad de crucero y una mayor eficiencia en el uso de la gasolina. El fuselaje del HondaJet es de material compuesto ligero, en contraste con el aluminio utilizado en la construcci\u00f3n de la mayor\u00eda de los reactores.&nbsp;<\/p>\r\n\r\n\r\n\r\n<p>Especificaciones:<\/p>\r\n\r\n\r\n\r\n<ul class=\"wp-block-list\">\r\n<li>Longitud total: 42 pies 6 pulgadas;<\/li>\r\n\r\n\r\n\r\n<li>Altura exterior: 14 pies y 9 pulgadas;<\/li>\r\n\r\n\r\n\r\n<li>Envergadura del ala: 39 pies 8 pulgadas;<\/li>\r\n\r\n\r\n\r\n<li>Altura de la cabina: 4 pies y 8 pulgadas;<\/li>\r\n\r\n\r\n\r\n<li>Longitud de la cabina: 12 pies y 1 pulgada;<\/li>\r\n\r\n\r\n\r\n<li>Anchura de la cabina: 1,5 m<\/li>\r\n\r\n\r\n\r\n<li>Rango de vuelo: 1.223 mn;<\/li>\r\n\r\n\r\n\r\n<li>Espacio para el equipaje: 66 pies c\u00fabicos;<\/li>\r\n\r\n\r\n\r\n<li>Velocidad m\u00e1xima de crucero: 422 ktas.<\/li>\r\n<\/ul>\r\n\r\n\r\n\r\n<h4 class=\"wp-block-heading\"><span class=\"ez-toc-section\" id=\"HondaJet_APMG\"><\/span>HondaJet APMG<span class=\"ez-toc-section-end\"><\/span><\/h4>\r\n\r\n\r\n\r\n<p>Honda tiene un enfoque inflexible en la eficacia y un esfuerzo persistente para desenterrar los avances a trav\u00e9s de la estructura, la fabricaci\u00f3n y la innovaci\u00f3n. Esta es una de las razones de su \u00e9xito. El logro m\u00e1s reciente de este esfuerzo es el HondaJet APMG. Debido a su menor longitud de campo de despegue, el HondaJet APMG proporciona a los pasajeros un mejor acceso al aeropuerto en diversos escenarios.<\/p>\r\n\r\n\r\n\r\n<p>Especificaciones:<\/p>\r\n\r\n\r\n\r\n<ul class=\"wp-block-list\">\r\n<li>Pasajeros: 6;<\/li>\r\n\r\n\r\n\r\n<li>Longitud total: 41 pies;<\/li>\r\n\r\n\r\n\r\n<li>Envergadura: 40 pies 1 pulgada;<\/li>\r\n\r\n\r\n\r\n<li>Altura exterior: 13 pies y 1 pulgada;<\/li>\r\n\r\n\r\n\r\n<li>Longitud de la cabina: 15 pies 1 pulgadas;<\/li>\r\n\r\n\r\n\r\n<li>Anchura de la cabina: 4 pies y 11 pulgadas;<\/li>\r\n\r\n\r\n\r\n<li>Altura de la cabina: 4 pies y 11 pulgadas;<\/li>\r\n\r\n\r\n\r\n<li>Velocidad m\u00e1xima de crucero: 485 millas;<\/li>\r\n\r\n\r\n\r\n<li>Rango de vuelo: 1404 millas;<\/li>\r\n\r\n\r\n\r\n<li>Tripulaci\u00f3n: 1-2.<\/li>\r\n<\/ul>\r\n\r\n\r\n\r\n<h4 class=\"wp-block-heading\"><span class=\"ez-toc-section\" id=\"HondaJet_Elite_S\"><\/span>HondaJet Elite S<span class=\"ez-toc-section-end\"><\/span><\/h4>\r\n\r\n\r\n\r\n<p>El Elite S pertenece a la categor\u00eda de reactores ligeros y cuenta con un alcance de carga ampliado y una tecnolog\u00eda mejorada, que refuerzan la capacidad operativa del avi\u00f3n.&nbsp;<\/p>\r\n\r\n\r\n\r\n<p>El HondaJet Elite S establece la referencia del avi\u00f3n ligero m\u00e1s sofisticado del mundo desde el punto de vista tecnol\u00f3gico. Supera a todos los dem\u00e1s aviones de su categor\u00eda en t\u00e9rminos de rendimiento gracias a las innovadoras innovaciones de aviaci\u00f3n desarrolladas y presentadas por Honda Aircraft.<\/p>\r\n\r\n\r\n\r\n<p>Las mejoras aportadas por Honda Aircraft permiten que el HondaJet Elite S tenga la cabina m\u00e1s amplia de su categor\u00eda, un aseo privado y un entorno que los pasajeros pueden controlar a trav\u00e9s de un smartphone.&nbsp;<\/p>\r\n\r\n\r\n\r\n<p>Especificaciones:<\/p>\r\n\r\n\r\n\r\n<ul class=\"wp-block-list\">\r\n<li>Pasajeros: de 8 a 10;<\/li>\r\n\r\n\r\n\r\n<li>Altura exterior: 14 pies y 11 pulgadas;<\/li>\r\n\r\n\r\n\r\n<li>Longitud total: 42 pies 7 pulgadas;<\/li>\r\n\r\n\r\n\r\n<li>Envergadura del ala: 39 pies 9 pulgadas;<\/li>\r\n\r\n\r\n\r\n<li>Anchura de la cabina: 1,5 m;<\/li>\r\n\r\n\r\n\r\n<li>Altura de la cabina: 4 pies y 11 pulgadas;<\/li>\r\n\r\n\r\n\r\n<li>Longitud de la cabina: 17 pies y 10 pulgadas;<\/li>\r\n\r\n\r\n\r\n<li>Espacio exterior para el equipaje: 60 pies c\u00fabicos;<\/li>\r\n\r\n\r\n\r\n<li>Espacio interior para el equipaje: 10 pies c\u00fabicos;<\/li>\r\n\r\n\r\n\r\n<li>Alcance m\u00e1ximo de vuelo: 1437 nm;<\/li>\r\n\r\n\r\n\r\n<li>Velocidad m\u00e1xima de crucero: 422 kts;<\/li>\r\n\r\n\r\n\r\n<li>La tripulaci\u00f3n: 1.<\/li>\r\n<\/ul>\r\n\r\n\r\n\r\n<h4 class=\"wp-block-heading\"><span class=\"ez-toc-section\" id=\"Hondajet_2600_Concept\"><\/span>Concepto Hondajet 2600<span class=\"ez-toc-section-end\"><\/span><\/h4>\r\n\r\n\r\n\r\n<p>La empresa Honda Aircraft Company ide\u00f3 el <a href=\"https:\/\/www.hondajet.com\/en\/Products\/HondaJet-2600-Concept\" target=\"_blank\" rel=\"noopener\">Concepto HondaJet 2600<\/a> para hacer frente a los retos que tiene por delante la industria de la aviaci\u00f3n. El HondaJet 2600 puede realizar viajes transcontinentales sin escalas a trav\u00e9s de Estados Unidos, gracias al desarrollo de una innovadora tecnolog\u00eda de aviaci\u00f3n. Adem\u00e1s de ofrecer un alojamiento confortable y un generoso espacio de almacenamiento para el equipo de viaje, la cabina tambi\u00e9n alcanza un nivel inigualable de ahorro de combustible.<\/p>\r\n\r\n\r\n\r\n<p>El interior de la cabina es modular y altamente adaptable, construido para acomodar las necesidades de varios clientes.&nbsp;<\/p>\r\n\r\n\r\n\r\n<p>Honda sigue innovando con la HondaJet 2600, mostrada por primera vez en la edici\u00f3n de 2021 <a href=\"https:\/\/ebace.aero\/2022\/\" target=\"_blank\" rel=\"noopener\">Convenci\u00f3n y Exposici\u00f3n de Aviaci\u00f3n de Negocios<\/a> organizado por el <a href=\"https:\/\/nbaa.org\/\" target=\"_blank\" rel=\"noopener\">Asociaci\u00f3n Nacional de Aviaci\u00f3n de Negocios<\/a>. Las mejoras en el dise\u00f1o ayudaron a simplificar los sistemas, lo que hizo que el avi\u00f3n pesara menos, tuviera mayor fiabilidad y fuera m\u00e1s f\u00e1cil de mantener durante toda su vida \u00fatil.<\/p>\r\n\r\n\r\n\r\n<p>Especificaciones:<\/p>\r\n\r\n\r\n\r\n<ul class=\"wp-block-list\">\r\n<li>Pasajeros: de 9 a 10;<\/li>\r\n\r\n\r\n\r\n<li>Longitud total de 57 pies y 8 pulgadas;<\/li>\r\n\r\n\r\n\r\n<li>Envergadura de 56 pies 7 pulgadas;<\/li>\r\n\r\n\r\n\r\n<li>Altura exterior de 15 pies y 9 pulgadas;<\/li>\r\n\r\n\r\n\r\n<li>Longitud de la cabina 25 pies 4 pulgadas;<\/li>\r\n\r\n\r\n\r\n<li>Ancho de la cabina 1,5 m;<\/li>\r\n\r\n\r\n\r\n<li>Altura de la cabina 5 pies 2 pulgadas;<\/li>\r\n\r\n\r\n\r\n<li>Velocidad m\u00e1xima de crucero: 450 kts;<\/li>\r\n\r\n\r\n\r\n<li>Alcance m\u00e1ximo de vuelo: 2625 nm;<\/li>\r\n\r\n\r\n\r\n<li>Espacio para el equipaje: 120 pies c\u00fabicos;<\/li>\r\n\r\n\r\n\r\n<li>La tripulaci\u00f3n: 1.<\/li>\r\n<\/ul>\r\n\r\n\r\n\r\n<h3 class=\"wp-block-heading\"><span class=\"ez-toc-section\" id=\"Most_Famous_Aircraft_by_the_Company\"><\/span>Aviones m\u00e1s famosos de la compa\u00f1\u00eda<span class=\"ez-toc-section-end\"><\/span><\/h3>\r\n\r\n\r\n\r\n<p>El HondaJet Elite S es el avi\u00f3n de negocios ligero m\u00e1s sofisticado del mundo gracias a sus innovaciones de vanguardia, que le permiten superar a todos los dem\u00e1s aviones de su categor\u00eda. Asciende y mantiene la velocidad m\u00e1s r\u00e1pidamente, vuela m\u00e1s alto, tiene m\u00e1s espacio, produce menos ruido y consume menos combustible en general.<\/p>\r\n\r\n\r\n\r\n<h2 class=\"wp-block-heading\"><span class=\"ez-toc-section\" id=\"Safety\"><\/span>Seguridad&nbsp;<span class=\"ez-toc-section-end\"><\/span><\/h2>\r\n\r\n\r\n\r\n<p>En junio de 2022, Honda Aircraft Company y <a href=\"https:\/\/www.flightsafety.com\/\" target=\"_blank\" rel=\"noopener\">FlightSafety Internacional<\/a> han anunciado la renovaci\u00f3n por 25 a\u00f1os de su actual acuerdo de 15 a\u00f1os. Esta pr\u00f3rroga garantizar\u00e1 que las dos empresas reanuden sus esfuerzos de colaboraci\u00f3n y creatividad hasta 2047. El acuerdo ampl\u00eda un esfuerzo conjunto que combina ambas empresas para ofrecer formaci\u00f3n a los operadores y propietarios de HondaJet con el mayor nivel de seguridad posible, estableciendo al mismo tiempo un compromiso s\u00f3lido y a largo plazo.<\/p>\r\n\r\n\r\n\r\n<h2 class=\"wp-block-heading\"><span class=\"ez-toc-section\" id=\"Sustainability\"><\/span>Sostenibilidad&nbsp;<span class=\"ez-toc-section-end\"><\/span><\/h2>\r\n\r\n\r\n\r\n<p>La prevenci\u00f3n de la contaminaci\u00f3n y la equidad colectiva son dos \u00e1reas en las que Honda Aircraft Company establece un nuevo punto de referencia en la industria de la aviaci\u00f3n de negocios. Utilizan tecnolog\u00edas creadas por su empresa matriz para mejorar las caracter\u00edsticas del avi\u00f3n y, por tanto, aumentar la eficiencia del combustible. Cada avi\u00f3n de Honda produce menos emisiones de di\u00f3xido de carbono sin comprometer su funcionalidad. Honda s\u00f3lo habr\u00eda logrado estos avances con su equipo global de colaboradores de m\u00e1s de veinte naciones juntas.<\/p>\r\n\r\n\r\n\r\n<p>Honda no s\u00f3lo fabrica aviones de bajo consumo. Tanto el <a href=\"https:\/\/global.honda\/sustainability\/environment\/blue-skies-for-our-children.html\" target=\"_blank\" rel=\"noopener\">Cielos azules para nuestros hijos<\/a> proyecto y su <a href=\"https:\/\/hondanews.com\/en-US\/releases\/honda-leads-all-automakers-with-eleven-leed-certified-green-buildings-in-north-america\" target=\"_blank\" rel=\"noopener\">Sede corporativa con certificaci\u00f3n LEED Gold<\/a> son ejemplos de c\u00f3mo trabajan activamente para reducir el impacto medioambiental de la empresa.<\/p>\r\n\r\n\r\n\r\n<h2 class=\"wp-block-heading\"><span class=\"ez-toc-section\" id=\"Innovations\"><\/span>Innovaciones<span class=\"ez-toc-section-end\"><\/span><\/h2>\r\n\r\n\r\n\r\n<figure class=\"wp-block-image size-full is-style-default\"><img loading=\"lazy\" decoding=\"async\" width=\"1000\" height=\"667\" src=\"https:\/\/comparemyjet.com\/wp-content\/uploads\/2022\/11\/pilot.and_.honda_.jet_.jpg\" alt=\"\" class=\"wp-image-3701\" srcset=\"https:\/\/comparemyjet.com\/wp-content\/uploads\/2022\/11\/pilot.and_.honda_.jet_-18x12.jpg 18w, https:\/\/comparemyjet.com\/wp-content\/uploads\/2022\/11\/pilot.and_.honda_.jet_-300x200.jpg 300w, https:\/\/comparemyjet.com\/wp-content\/uploads\/2022\/11\/pilot.and_.honda_.jet_-768x512.jpg 768w, https:\/\/comparemyjet.com\/wp-content\/uploads\/2022\/11\/pilot.and_.honda_.jet_.jpg 1000w\" sizes=\"auto, (max-width: 1000px) 100vw, 1000px\" \/><\/figure>\r\n\r\n\r\n\r\n<p>El 20 de octubre de 2022, la compa\u00f1\u00eda present\u00f3 el \"HondaJet Elite II\". Se trata de una aeronave recientemente mejorada que cuenta con una serie de mejoras esenciales tanto en comodidad como en rendimiento. Adem\u00e1s, la corporaci\u00f3n anunci\u00f3 el lanzamiento de una nueva tecnolog\u00eda de automatizaci\u00f3n.<\/p>\r\n\r\n\r\n\r\n<p>El HondaJet Elite II pretende ser el m\u00e1s r\u00e1pido y el que m\u00e1s lejos vuela en su categor\u00eda de reactores ligeros, alcanzando un nivel de resistencia totalmente nuevo. Este logro ha sido posible gracias a la b\u00fasqueda de la innovaci\u00f3n por parte de Honda. Gracias a la mayor autonom\u00eda de vuelo del Elite II, de 1.547 millas n\u00e1uticas, el HondaJet puede ahora cubrir un mayor n\u00famero de lugares. Las mejoras de rendimiento se rematan con la instalaci\u00f3n de estabilizadores en tierra, que optimizan el rendimiento de la zona de aterrizaje y despegue.<\/p>\r\n\r\n\r\n\r\n<p>El HondaJet est\u00e1 equipado con una serie de avances tecnol\u00f3gicos que le permiten alcanzar una velocidad de crucero significativamente mayor, m\u00e1s espacio de cabina y de equipaje, y una eficiencia de combustible significativamente mejor que la de los aviones convencionales de su categor\u00eda.&nbsp;<\/p>\r\n\r\n\r\n\r\n<p>Las tecnolog\u00edas clave de HondaJet incluyen:<\/p>\r\n\r\n\r\n\r\n<ul class=\"wp-block-list\">\r\n<li>posici\u00f3n de montaje del motor sobre el ala,&nbsp;<\/li>\r\n\r\n\r\n\r\n<li>un ala de flujo laminar natural (NLF) y el morro del fuselaje,&nbsp;<\/li>\r\n\r\n\r\n\r\n<li>y una construcci\u00f3n del fuselaje totalmente de material compuesto.&nbsp;<\/li>\r\n<\/ul>\r\n\r\n\r\n\r\n<p>Estos avances son la culminaci\u00f3n de 20 a\u00f1os de investigaci\u00f3n en el campo de la aviaci\u00f3n.<\/p>\r\n\r\n\r\n\r\n<p>Junto con la declaraci\u00f3n de que se embarcar\u00e1 en un camino hacia la automatizaci\u00f3n, Honda Aircraft Company tambi\u00e9n planea lanzar el Autothrottle y el Emergency Autoland antes de que se acerque el a\u00f1o 2023. Esta direcci\u00f3n resume el esfuerzo continuo por mejorar el HondaJet mediante la automatizaci\u00f3n, la mejora y los avances relacionados con la seguridad.&nbsp;<\/p>\r\n\r\n\r\n\r\n<h2 class=\"wp-block-heading\"><span class=\"ez-toc-section\" id=\"Conclusion\"><\/span>Conclusi\u00f3n<span class=\"ez-toc-section-end\"><\/span><\/h2>\r\n\r\n\r\n\r\n<p>La compa\u00f1\u00eda Honda crea aviones con la tecnolog\u00eda aeron\u00e1utica m\u00e1s avanzada con el objetivo de revolucionar los viajes. Cada HondaJet utiliza tecnolog\u00eda moderna para cumplir con los diversos requisitos de los propietarios y las empresas, la evacuaci\u00f3n m\u00e9dica y otras operaciones cr\u00edticas. Honda est\u00e1 haciendo que las ventajas de los vuelos privados sean m\u00e1s accesibles para un p\u00fablico m\u00e1s amplio, desarrollando aviones r\u00e1pidos, seguros y econ\u00f3micos.<\/p>","protected":false},"excerpt":{"rendered":"<p>Honda Aircraft Company es un fabricante de aviones que utiliza la \u00faltima tecnolog\u00eda e innovaci\u00f3n en aviaci\u00f3n para producir sus conocidos aviones HondaJet. Lo que comenz\u00f3 como un proyecto de investigaci\u00f3n en 1997 es ahora un productor de aviones bien establecido y una filial de propiedad total de Honda Motor.  La sede de la empresa se encuentra en el Aeropuerto Internacional Piedmont Triad de Greensboro, Norte ...<\/p>","protected":false},"author":2,"featured_media":3698,"parent":0,"menu_order":0,"comment_status":"closed","ping_status":"closed","template":"","meta":{"_acf_changed":false,"_genesis_hide_title":false,"_genesis_hide_breadcrumbs":false,"_genesis_hide_singular_image":false,"_genesis_hide_footer_widgets":false,"_genesis_custom_body_class":"","_genesis_custom_post_class":"","_genesis_layout":"","footnotes":""},"class_list":{"1":"page","2":"type-page","6":"entry"},"acf":[],"_links":{"self":[{"href":"https:\/\/comparemyjet.com\/es\/wp-json\/wp\/v2\/pages\/3697","targetHints":{"allow":["GET"]}}],"collection":[{"href":"https:\/\/comparemyjet.com\/es\/wp-json\/wp\/v2\/pages"}],"about":[{"href":"https:\/\/comparemyjet.com\/es\/wp-json\/wp\/v2\/types\/page"}],"author":[{"embeddable":true,"href":"https:\/\/comparemyjet.com\/es\/wp-json\/wp\/v2\/users\/2"}],"replies":[{"embeddable":true,"href":"https:\/\/comparemyjet.com\/es\/wp-json\/wp\/v2\/comments?post=3697"}],"version-history":[{"count":3,"href":"https:\/\/comparemyjet.com\/es\/wp-json\/wp\/v2\/pages\/3697\/revisions"}],"predecessor-version":[{"id":3772,"href":"https:\/\/comparemyjet.com\/es\/wp-json\/wp\/v2\/pages\/3697\/revisions\/3772"}],"wp:featuredmedia":[{"embeddable":true,"href":"https:\/\/comparemyjet.com\/es\/wp-json\/wp\/v2\/media\/3698"}],"wp:attachment":[{"href":"https:\/\/comparemyjet.com\/es\/wp-json\/wp\/v2\/media?parent=3697"}],"curies":[{"name":"wp","href":"https:\/\/api.w.org\/{rel}","templated":true}]}}