{"id":2682,"date":"2022-03-17T15:52:07","date_gmt":"2022-03-17T15:52:07","guid":{"rendered":"https:\/\/comparemyjet.com\/?page_id=2682"},"modified":"2025-09-04T09:58:11","modified_gmt":"2025-09-04T09:58:11","slug":"sobre","status":"publish","type":"page","link":"https:\/\/comparemyjet.com\/es_mx\/sobre\/","title":{"rendered":"Acerca de"},"content":{"rendered":"<p>Compare My Jet fue creado por el empresario en serie Ian Wright como una forma de encontrar informaci\u00f3n justa e imparcial sobre <a href=\"https:\/\/comparemyjet.com\/es_mx\/como-alquilar-o-alquilar-un-jet-privado\/\" data-internallinksmanager029f6b8e52c=\"15\" title=\"\u00bfC\u00f3mo se alquila o se fleta un avi\u00f3n privado?\">alquiler de aviones privados<\/a> y opciones de alquiler. <\/p>\n<p>Nos encanta el mundo de los viajes de lujo de alta gama. Por eso hemos querido crear el mejor recurso en Internet para mostrar sus opciones. <\/p>\n<p>Nos esforzamos por publicar gu\u00edas exhaustivas y bien documentadas sobre diversos temas relacionados con la aviaci\u00f3n privada. Todo, desde <a href=\"https:\/\/comparemyjet.com\/es_mx\/como-alquilar-o-alquilar-un-jet-privado\/\">\u00bfC\u00f3mo se alquila o se fleta un avi\u00f3n privado?<\/a> a <a href=\"https:\/\/comparemyjet.com\/es_mx\/cuanto-cuestan-los-vuelos-medicos-de-las-ambulancias-aereas\/\">Costes de los vuelos m\u00e9dicos<\/a> a la <a href=\"https:\/\/comparemyjet.com\/es_mx\/cuales-son-los-mejores-sitios-web-para-encontrar-aviones-privados-en-venta\/\">Los mejores sitios web para encontrar aviones privados en venta<\/a>.<\/p>\n<p>Los viajes en jets privados no son un lujo barato. Y por eso tambi\u00e9n tenemos que ganar dinero. Actualmente lo hacemos a trav\u00e9s de acuerdos de afiliaci\u00f3n. B\u00e1sicamente, \u00e9stos funcionan pag\u00e1ndonos una comisi\u00f3n si usted alquila un jet privado a trav\u00e9s de uno de nuestros socios. No hay ning\u00fan coste para usted, pero ayuda a mantener este sitio web gratuito. <\/p>\n<p>Si quieres que cubramos algo m\u00e1s, o crees que nos hemos equivocado, no dudes en ponerte en contacto con nosotros aqu\u00ed. <\/p>","protected":false},"excerpt":{"rendered":"<p>Compare My Jet fue creado por el empresario en serie Ian Wright como una forma de encontrar informaci\u00f3n justa e imparcial sobre las opciones de alquiler y ch\u00e1rter de aviones privados. Nos encanta el mundo de los viajes de lujo de alta gama. Por eso hemos querido crear el mejor recurso en Internet para mostrar sus opciones. Hacemos todo lo posible para publicar, bien investigado ...<\/p>","protected":false},"author":1,"featured_media":0,"parent":0,"menu_order":0,"comment_status":"closed","ping_status":"closed","template":"","meta":{"_acf_changed":false,"_genesis_hide_title":false,"_genesis_hide_breadcrumbs":false,"_genesis_hide_singular_image":false,"_genesis_hide_footer_widgets":false,"_genesis_custom_body_class":"","_genesis_custom_post_class":"","_genesis_layout":"","footnotes":""},"class_list":{"1":"page","2":"type-page","5":"entry"},"acf":[],"_links":{"self":[{"href":"https:\/\/comparemyjet.com\/es_mx\/wp-json\/wp\/v2\/pages\/2682","targetHints":{"allow":["GET"]}}],"collection":[{"href":"https:\/\/comparemyjet.com\/es_mx\/wp-json\/wp\/v2\/pages"}],"about":[{"href":"https:\/\/comparemyjet.com\/es_mx\/wp-json\/wp\/v2\/types\/page"}],"author":[{"embeddable":true,"href":"https:\/\/comparemyjet.com\/es_mx\/wp-json\/wp\/v2\/users\/1"}],"replies":[{"embeddable":true,"href":"https:\/\/comparemyjet.com\/es_mx\/wp-json\/wp\/v2\/comments?post=2682"}],"version-history":[{"count":3,"href":"https:\/\/comparemyjet.com\/es_mx\/wp-json\/wp\/v2\/pages\/2682\/revisions"}],"predecessor-version":[{"id":2685,"href":"https:\/\/comparemyjet.com\/es_mx\/wp-json\/wp\/v2\/pages\/2682\/revisions\/2685"}],"wp:attachment":[{"href":"https:\/\/comparemyjet.com\/es_mx\/wp-json\/wp\/v2\/media?parent=2682"}],"curies":[{"name":"wp","href":"https:\/\/api.w.org\/{rel}","templated":true}]}}