{"id":2825,"date":"2022-04-06T14:20:11","date_gmt":"2022-04-06T14:20:11","guid":{"rendered":"https:\/\/comparemyjet.com\/?page_id=2825"},"modified":"2025-09-04T09:59:35","modified_gmt":"2025-09-04T09:59:35","slug":"politica-de-privacidad","status":"publish","type":"page","link":"https:\/\/comparemyjet.com\/es_mx\/politica-de-privacidad\/","title":{"rendered":"Pol\u00edtica de privacidad"},"content":{"rendered":"<p>Esta pol\u00edtica de privacidad es para este sitio web [<a href=\"https:\/\/comparemyjet.com\/es_mx\/\">CompareMyJet.com\/<\/a>]. (Propiedad de Brilliant British Ltd, n\u00famero de empresa 10490224 (registrada en Inglaterra y Gales), referencia de registro ICO: ZA286128, Direcci\u00f3n de la oficina registrada: 3rd Floor Great Titchfield House, 14-18 Great Titchfield Street, <a href=\"https:\/\/comparemyjet.com\/es_mx\/visitas-privadas\/visitas-privadas-a-londres\/\" data-internallinksmanager029f6b8e52c=\"396\" title=\"11 Mejores Tours Privados de Londres Desde $104.69\">Londres<\/a>, Reino Unido, W1W 8BD.) Establece c\u00f3mo CompareMyJet.com utiliza y protege cualquier informaci\u00f3n que usted proporcione a CompareMyJet.com cuando utilice este sitio web.<\/p>\n<p>CompareMyJet.com se compromete a garantizar la protecci\u00f3n de su privacidad. Si le pedimos que proporcione cierta informaci\u00f3n por la que pueda ser identificado al utilizar este sitio web, puede estar seguro de que s\u00f3lo se utilizar\u00e1 de acuerdo con esta declaraci\u00f3n de privacidad.<\/p>\n<p>CompareMyJet.com puede cambiar esta pol\u00edtica de vez en cuando actualizando esta p\u00e1gina. Debe consultar esta p\u00e1gina de vez en cuando para asegurarse de que est\u00e1 conforme con los cambios. Esta pol\u00edtica es efectiva desde <em>09\/03\/2022<\/em>.<\/p>\n<p><strong>Tenga en cuenta:<\/strong> A efectos del Reglamento General de Protecci\u00f3n de Datos (RGPD), CompareMyJet.com act\u00faa como controlador de datos y procesador de datos para todas las cotizaciones.<\/p>\n<p><strong>Seguridad<\/strong><\/p>\n<p>Nos comprometemos a garantizar la seguridad de su informaci\u00f3n. Para evitar el acceso o la divulgaci\u00f3n no autorizados, hemos establecido procedimientos f\u00edsicos, electr\u00f3nicos y de gesti\u00f3n adecuados para salvaguardar y asegurar la informaci\u00f3n que recopilamos en l\u00ednea. Todos los datos del sitio web se transmiten mediante tecnolog\u00eda SSL segura.<\/p>\n<p>Los usuarios que se pongan en contacto y\/o env\u00eden informaci\u00f3n a este sitio web y\/o a sus propietarios lo hacen a su propia discreci\u00f3n y proporcionan cualquier dato personal solicitado bajo su propia responsabilidad. Su informaci\u00f3n personal se mantiene privada y se almacena de forma segura hasta el momento en que ya no es necesaria o no tiene uso, como se detalla en el Reglamento General de Protecci\u00f3n de Datos 2018. Se ha hecho todo lo posible para garantizar un proceso de env\u00edo de formularios de cotizaci\u00f3n seguro y protegido, pero aconsejamos a los usuarios que utilicen dichos procesos de formulario de cotizaci\u00f3n que lo hagan bajo su propia responsabilidad.<\/p>\n<p><strong>C\u00f3mo utilizamos las cookies<\/strong><\/p>\n<p>Una cookie es un peque\u00f1o archivo que pide permiso para ser colocado en el disco duro de su ordenador. Una vez que usted acepta, el archivo se a\u00f1ade y la cookie ayuda a analizar el tr\u00e1fico web o permite saber cu\u00e1ndo se visita un sitio concreto. Las cookies permiten a las aplicaciones web responder a usted como individuo. La aplicaci\u00f3n web puede adaptar sus operaciones a sus necesidades, gustos y disgustos al recopilar y recordar informaci\u00f3n sobre sus preferencias.<\/p>\n<p>Utilizamos cookies de registro de tr\u00e1fico para identificar qu\u00e9 p\u00e1ginas se est\u00e1n utilizando. Esto nos ayuda a analizar los datos sobre el tr\u00e1fico de la p\u00e1gina web y a mejorar nuestro sitio web para adaptarlo a las necesidades de los clientes. S\u00f3lo utilizamos esta informaci\u00f3n con fines de an\u00e1lisis estad\u00edstico y luego los datos se eliminan del sistema. No la utilizamos para hacer un seguimiento de los usuarios individuales, sino s\u00f3lo para el uso agregado del sitio web.<\/p>\n<p>En general, las cookies nos ayudan a ofrecerle un mejor sitio web al permitirnos controlar qu\u00e9 p\u00e1ginas le resultan \u00fatiles y cu\u00e1les no. Una cookie no nos da acceso a su ordenador ni a ninguna informaci\u00f3n sobre usted, salvo los datos que usted decida compartir con nosotros.<\/p>\n<p>Puede optar por aceptar o rechazar las cookies. La mayor\u00eda de los navegadores aceptan autom\u00e1ticamente las cookies, pero normalmente puede modificar la configuraci\u00f3n de su navegador para rechazarlas si lo prefiere. Esto puede impedirle aprovechar al m\u00e1ximo el sitio web.<\/p>\n<p>Se aconseja a los usuarios que si desean negar el uso y almacenamiento de cookies de este sitio web en el disco duro de su ordenador, deben tomar las medidas necesarias dentro de la configuraci\u00f3n de seguridad de su navegador para bloquear todas las cookies de este sitio web y de sus proveedores externos.<\/p>\n<p>Este sitio web utiliza un software de seguimiento para supervisar a sus visitantes y entender mejor c\u00f3mo lo utilizan. Este software es proporcionado por Google Analytics, que utiliza cookies para rastrear el uso de los visitantes. El software guardar\u00e1 una cookie en el disco duro de su ordenador con el fin de rastrear y supervisar su participaci\u00f3n y uso del sitio web, pero no almacenar\u00e1, guardar\u00e1 o recoger\u00e1 informaci\u00f3n personal. Puede leer la pol\u00edtica de privacidad de Google aqu\u00ed para m\u00e1s informaci\u00f3n [ http:\/\/www.google.com\/privacy.html ].<\/p>\n<p><strong>Enlaces a otros sitios web<\/strong><\/p>\n<p>Nuestro sitio web puede contener enlaces a otros sitios web de inter\u00e9s. Sin embargo, una vez que haya utilizado estos enlaces para salir de nuestro sitio, debe tener en cuenta que no tenemos ning\u00fan control sobre ese otro sitio web. <\/p>\n<p>Por lo tanto, no podemos responsabilizarnos de la protecci\u00f3n y la privacidad de la informaci\u00f3n que usted proporcione al visitar dichos sitios y \u00e9stos no se rigen por esta declaraci\u00f3n de privacidad. Debe tener cuidado y consultar la declaraci\u00f3n de privacidad aplicable al sitio web en cuesti\u00f3n.<\/p>\n<p><strong>Enlaces de afiliaci\u00f3n<\/strong><\/p>\n<p>Este sitio web tambi\u00e9n hace uso de enlaces de afiliados. Se trata de enlaces a otros sitios web que pueden rastrear su comportamiento una vez que est\u00e1 en ese sitio web. Pueden dar lugar a que recibamos una comisi\u00f3n si usted completa una determinada acci\u00f3n y\/o realiza una compra. Estos enlaces financian nuestra investigaci\u00f3n y nuestro sitio web y son los que nos permiten ofrecer todo nuestro contenido de forma gratuita. <\/p>\n<p>Si le preocupa esto, compruebe la pol\u00edtica de privacidad de cualquier otro sitio web que visite desde un enlace de este.   <\/p>\n<p><strong>Medios de comunicaci\u00f3n social<\/strong><\/p>\n<p>Este sitio web puede utilizar botones para compartir en redes sociales que ayudan a compartir el contenido de las p\u00e1ginas web directamente en la plataforma de redes sociales en cuesti\u00f3n. Se aconseja a los usuarios que, antes de utilizar dichos botones para compartir en redes sociales, lo hagan a su propia discreci\u00f3n y tengan en cuenta que la plataforma de redes sociales puede rastrear y guardar su solicitud de compartir una p\u00e1gina web, respectivamente, a trav\u00e9s de su cuenta de la plataforma de redes sociales.<\/p>\n<p>Se recomienda a los usuarios que tengan precauci\u00f3n y buen juicio antes de hacer clic en cualquier url acortada publicada en las plataformas de medios sociales por este sitio web y sus propietarios. A pesar de los esfuerzos por garantizar que solo se publiquen urls aut\u00e9nticas, muchas plataformas de medios sociales son propensas al spam y a la pirater\u00eda inform\u00e1tica, por lo que este sitio web y sus propietarios no se hacen responsables de los da\u00f1os o implicaciones causados por visitar cualquier enlace acortado.<\/p>\n<p><strong>Control de su informaci\u00f3n personal<\/strong><\/p>\n<p>Si cree que cualquier informaci\u00f3n que tenemos sobre usted es incorrecta o incompleta, por favor <a href=\"https:\/\/CompareMyJet.com\/contact-us\/\" data-lasso-id=\"8809\" target=\"_blank\" rel=\"noopener\">contacto con nosotros<\/a> lo antes posible en la direcci\u00f3n arriba indicada. Corregiremos r\u00e1pidamente cualquier informaci\u00f3n que resulte incorrecta.<\/p>\n<p><em>v.1.0 - 9 marzo, 2022 Editado y personalizado por: CompareMyJet.com<\/em><\/p>","protected":false},"excerpt":{"rendered":"<p>Esta pol\u00edtica de privacidad es para este sitio web [CompareMyJet.com\/]. (Propiedad de Brilliant British Ltd, N\u00famero de empresa 10490224 (Registrada en Inglaterra y Gales), Referencia de registro ICO: ZA286128, Direcci\u00f3n de la oficina registrada: 3rd Floor Great Titchfield House, 14-18 Great Titchfield Street, Londres, Reino Unido, W1W 8BD). Establece c\u00f3mo CompareMyJet.com utiliza y protege cualquier informaci\u00f3n que usted ...<\/p>","protected":false},"author":1,"featured_media":0,"parent":0,"menu_order":0,"comment_status":"closed","ping_status":"closed","template":"","meta":{"_acf_changed":false,"_genesis_hide_title":false,"_genesis_hide_breadcrumbs":false,"_genesis_hide_singular_image":false,"_genesis_hide_footer_widgets":false,"_genesis_custom_body_class":"","_genesis_custom_post_class":"","_genesis_layout":"","footnotes":""},"class_list":{"1":"page","2":"type-page","5":"entry"},"acf":[],"_links":{"self":[{"href":"https:\/\/comparemyjet.com\/es_mx\/wp-json\/wp\/v2\/pages\/2825","targetHints":{"allow":["GET"]}}],"collection":[{"href":"https:\/\/comparemyjet.com\/es_mx\/wp-json\/wp\/v2\/pages"}],"about":[{"href":"https:\/\/comparemyjet.com\/es_mx\/wp-json\/wp\/v2\/types\/page"}],"author":[{"embeddable":true,"href":"https:\/\/comparemyjet.com\/es_mx\/wp-json\/wp\/v2\/users\/1"}],"replies":[{"embeddable":true,"href":"https:\/\/comparemyjet.com\/es_mx\/wp-json\/wp\/v2\/comments?post=2825"}],"version-history":[{"count":2,"href":"https:\/\/comparemyjet.com\/es_mx\/wp-json\/wp\/v2\/pages\/2825\/revisions"}],"predecessor-version":[{"id":2827,"href":"https:\/\/comparemyjet.com\/es_mx\/wp-json\/wp\/v2\/pages\/2825\/revisions\/2827"}],"wp:attachment":[{"href":"https:\/\/comparemyjet.com\/es_mx\/wp-json\/wp\/v2\/media?parent=2825"}],"curies":[{"name":"wp","href":"https:\/\/api.w.org\/{rel}","templated":true}]}}