{"id":3108,"date":"2022-08-13T21:19:31","date_gmt":"2022-08-13T21:19:31","guid":{"rendered":"https:\/\/comparemyjet.com\/?page_id=3108"},"modified":"2025-09-04T09:58:17","modified_gmt":"2025-09-04T09:58:17","slug":"dumont-aviation-group","status":"publish","type":"page","link":"https:\/\/comparemyjet.com\/es_mx\/dumont-aviation-group\/","title":{"rendered":"Precios de los vuelos de Dumont Aviation Group"},"content":{"rendered":"<p>Dumont Aviation Group es un l\u00edder establecido en aviones ejecutivos y corporativos. Sus profesionales de la aviaci\u00f3n tienen experiencia en la compra de aeronaves, el arrendamiento de aviones, la gesti\u00f3n de jets, el mantenimiento de la aviaci\u00f3n y la venta de equipos para aviones. Exploremos sus servicios y veamos en qu\u00e9 consiste la aviaci\u00f3n de Dumont.<\/p>\r\n\r\n\r\n\r\n<div id=\"ez-toc-container\" class=\"ez-toc-v2_0_76 counter-hierarchy ez-toc-counter ez-toc-grey ez-toc-container-direction\">\n<p class=\"ez-toc-title\" style=\"cursor:inherit\">Temas<\/p>\n<label for=\"ez-toc-cssicon-toggle-item-69d2bf8a34bfa\" class=\"ez-toc-cssicon-toggle-label\"><span class=\"\"><span class=\"eztoc-hide\" style=\"display:none;\">Toggle<\/span><span class=\"ez-toc-icon-toggle-span\"><svg style=\"fill: #999;color:#999\" xmlns=\"http:\/\/www.w3.org\/2000\/svg\" class=\"list-377408\" width=\"20px\" height=\"20px\" viewbox=\"0 0 24 24\" fill=\"none\"><path d=\"M6 6H4v2h2V6zm14 0H8v2h12V6zM4 11h2v2H4v-2zm16 0H8v2h12v-2zM4 16h2v2H4v-2zm16 0H8v2h12v-2z\" fill=\"currentColor\"><\/path><\/svg><svg style=\"fill: #999;color:#999\" class=\"arrow-unsorted-368013\" xmlns=\"http:\/\/www.w3.org\/2000\/svg\" width=\"10px\" height=\"10px\" viewbox=\"0 0 24 24\" version=\"1.2\" baseprofile=\"tiny\"><path d=\"M18.2 9.3l-6.2-6.3-6.2 6.3c-.2.2-.3.4-.3.7s.1.5.3.7c.2.2.4.3.7.3h11c.3 0 .5-.1.7-.3.2-.2.3-.5.3-.7s-.1-.5-.3-.7zM5.8 14.7l6.2 6.3 6.2-6.3c.2-.2.3-.5.3-.7s-.1-.5-.3-.7c-.2-.2-.4-.3-.7-.3h-11c-.3 0-.5.1-.7.3-.2.2-.3.5-.3.7s.1.5.3.7z\"\/><\/svg><\/span><\/span><\/label><input type=\"checkbox\"  id=\"ez-toc-cssicon-toggle-item-69d2bf8a34bfa\" checked aria-label=\"Toggle\" \/><nav><ul class='ez-toc-list ez-toc-list-level-1' ><li class='ez-toc-page-1 ez-toc-heading-level-2'><a class=\"ez-toc-link ez-toc-heading-1\" href=\"https:\/\/comparemyjet.com\/es_mx\/dumont-aviation-group\/#Company_History\" >Historia de la empresa<\/a><\/li><li class='ez-toc-page-1 ez-toc-heading-level-2'><a class=\"ez-toc-link ez-toc-heading-2\" href=\"https:\/\/comparemyjet.com\/es_mx\/dumont-aviation-group\/#Dumont_Jet_Charter\" >Alquiler de aviones en Dumont<\/a><ul class='ez-toc-list-level-3' ><li class='ez-toc-heading-level-3'><a class=\"ez-toc-link ez-toc-heading-3\" href=\"https:\/\/comparemyjet.com\/es_mx\/dumont-aviation-group\/#The_Fractional_Ownership_Experience\" >La experiencia de la propiedad fraccionaria<\/a><\/li><li class='ez-toc-page-1 ez-toc-heading-level-3'><a class=\"ez-toc-link ez-toc-heading-4\" href=\"https:\/\/comparemyjet.com\/es_mx\/dumont-aviation-group\/#Jet_Sales\" >Venta de aviones<\/a><\/li><\/ul><\/li><li class='ez-toc-page-1 ez-toc-heading-level-2'><a class=\"ez-toc-link ez-toc-heading-5\" href=\"https:\/\/comparemyjet.com\/es_mx\/dumont-aviation-group\/#Maintenance\" >Mantenimiento&nbsp;<\/a><\/li><li class='ez-toc-page-1 ez-toc-heading-level-2'><a class=\"ez-toc-link ez-toc-heading-6\" href=\"https:\/\/comparemyjet.com\/es_mx\/dumont-aviation-group\/#Dumont_PARTS\" >Dumont PARTES<\/a><\/li><li class='ez-toc-page-1 ez-toc-heading-level-2'><a class=\"ez-toc-link ez-toc-heading-7\" href=\"https:\/\/comparemyjet.com\/es_mx\/dumont-aviation-group\/#Membership_Programs\" >Programas de afiliaci\u00f3n<\/a><ul class='ez-toc-list-level-3' ><li class='ez-toc-heading-level-3'><a class=\"ez-toc-link ez-toc-heading-8\" href=\"https:\/\/comparemyjet.com\/es_mx\/dumont-aviation-group\/#Santos_Jet_Card_Program\" >Programa de tarjetas Santos Jet<\/a><ul class='ez-toc-list-level-4' ><li class='ez-toc-heading-level-4'><a class=\"ez-toc-link ez-toc-heading-9\" href=\"https:\/\/comparemyjet.com\/es_mx\/dumont-aviation-group\/#1_Light_Jet_Category\" >1. Categor\u00eda de chorro ligero<\/a><\/li><li class='ez-toc-page-1 ez-toc-heading-level-4'><a class=\"ez-toc-link ez-toc-heading-10\" href=\"https:\/\/comparemyjet.com\/es_mx\/dumont-aviation-group\/#2_Mid_Jet_Category\" >2. Categor\u00eda de chorro medio<\/a><\/li><li class='ez-toc-page-1 ez-toc-heading-level-4'><a class=\"ez-toc-link ez-toc-heading-11\" href=\"https:\/\/comparemyjet.com\/es_mx\/dumont-aviation-group\/#3_Super-mid_Jet_Category\" >3. Categor\u00eda de chorro supermedio<\/a><\/li><li class='ez-toc-page-1 ez-toc-heading-level-4'><a class=\"ez-toc-link ez-toc-heading-12\" href=\"https:\/\/comparemyjet.com\/es_mx\/dumont-aviation-group\/#4_Heavy_Jet_Category\" >4. Categor\u00eda de chorro pesado<\/a><\/li><\/ul><\/li><\/ul><\/li><li class='ez-toc-page-1 ez-toc-heading-level-2'><a class=\"ez-toc-link ez-toc-heading-13\" href=\"https:\/\/comparemyjet.com\/es_mx\/dumont-aviation-group\/#The_Fleet\" >La flota&nbsp;<\/a><ul class='ez-toc-list-level-3' ><li class='ez-toc-heading-level-3'><a class=\"ez-toc-link ez-toc-heading-14\" href=\"https:\/\/comparemyjet.com\/es_mx\/dumont-aviation-group\/#1_Super-Midsize_Private_Jets\" >1. Aviones privados de tama\u00f1o medio&nbsp;<\/a><ul class='ez-toc-list-level-4' ><li class='ez-toc-heading-level-4'><a class=\"ez-toc-link ez-toc-heading-15\" href=\"https:\/\/comparemyjet.com\/es_mx\/dumont-aviation-group\/#Our_Recommendation_Falcon_50\" >Nuestra recomendaci\u00f3n: Falcon 50<\/a><\/li><\/ul><\/li><li class='ez-toc-page-1 ez-toc-heading-level-3'><a class=\"ez-toc-link ez-toc-heading-16\" href=\"https:\/\/comparemyjet.com\/es_mx\/dumont-aviation-group\/#2_Heavy_Private_Jets\" >2. Jets privados pesados<\/a><ul class='ez-toc-list-level-4' ><li class='ez-toc-heading-level-4'><a class=\"ez-toc-link ez-toc-heading-17\" href=\"https:\/\/comparemyjet.com\/es_mx\/dumont-aviation-group\/#Our_Recommendation_The_Gulfstream_V\" >Nuestra recomendaci\u00f3n: El Gulfstream V&nbsp;<\/a><\/li><\/ul><\/li><\/ul><\/li><li class='ez-toc-page-1 ez-toc-heading-level-2'><a class=\"ez-toc-link ez-toc-heading-18\" href=\"https:\/\/comparemyjet.com\/es_mx\/dumont-aviation-group\/#Company_Safety_Policy_and_Standards\" >Pol\u00edtica y normas de seguridad de la empresa<\/a><\/li><li class='ez-toc-page-1 ez-toc-heading-level-2'><a class=\"ez-toc-link ez-toc-heading-19\" href=\"https:\/\/comparemyjet.com\/es_mx\/dumont-aviation-group\/#Conclusion\" >Conclusi\u00f3n<\/a><\/li><\/ul><\/nav><\/div>\n<h2 class=\"wp-block-heading\"><span class=\"ez-toc-section\" id=\"Company_History\"><\/span>Historia de la empresa<span class=\"ez-toc-section-end\"><\/span><\/h2>\r\n\r\n\r\n\r\n<p>El Grupo Dumont es una empresa privada de aviaci\u00f3n creada en 2013. El nombre y el logotipo de la empresa se inspiran en Alberto Santos-Dumont, un pionero de la aviaci\u00f3n brasile\u00f1a (1873-1932) que pilot\u00f3 la primera m\u00e1quina m\u00e1s pesada que el aire en Europa en octubre de 1906.<\/p>\r\n\r\n\r\n\r\n<p>Dan Piraino, director general de la empresa, est\u00e1 a cargo de tres subdivisiones de la empresa que incluyen:<\/p>\r\n\r\n\r\n\r\n<ul class=\"wp-block-list\"><li>Dumont JETS (centrado en el ch\u00e1rter, la venta de aviones y <a href=\"https:\/\/comparemyjet.com\/es_mx\/cuales-son-algunas-empresas-de-gestion-de-aviones\/\" data-internallinksmanager029f6b8e52c=\"21\" title=\"Servicios y empresas de gesti\u00f3n de aeronaves\">gesti\u00f3n de aeronaves<\/a>)<\/li><li>Dumont PARTS (centrado en el mantenimiento y la venta de un gran inventario de piezas de aviones)<\/li><li>Dumont MRO (centrada en el mantenimiento de aeronaves, incluida la pintura y la renovaci\u00f3n de interiores)<\/li><\/ul>\r\n\r\n\r\n\r\n<p>Como puede ver, cada secci\u00f3n est\u00e1 dedicada a satisfacer las necesidades \u00fanicas de sus clientes. Vamos a explorarlas con m\u00e1s detalle.<\/p>\r\n\r\n\r\n\r\n<h2 class=\"wp-block-heading\"><span class=\"ez-toc-section\" id=\"Dumont_Jet_Charter\"><\/span>Alquiler de aviones en Dumont<span class=\"ez-toc-section-end\"><\/span><\/h2>\r\n\r\n\r\n\r\n<figure class=\"wp-block-image size-full is-style-default\"><img loading=\"lazy\" decoding=\"async\" width=\"1000\" height=\"750\" src=\"https:\/\/comparemyjet.com\/wp-content\/uploads\/2022\/07\/privatejetmoderninterior.jpg\" alt=\"DumontAviationGroup\" class=\"wp-image-3110\" srcset=\"https:\/\/comparemyjet.com\/wp-content\/uploads\/2022\/07\/privatejetmoderninterior-16x12.jpg 16w, https:\/\/comparemyjet.com\/wp-content\/uploads\/2022\/07\/privatejetmoderninterior-300x225.jpg 300w, https:\/\/comparemyjet.com\/wp-content\/uploads\/2022\/07\/privatejetmoderninterior-400x300.jpg 400w, https:\/\/comparemyjet.com\/wp-content\/uploads\/2022\/07\/privatejetmoderninterior-768x576.jpg 768w, https:\/\/comparemyjet.com\/wp-content\/uploads\/2022\/07\/privatejetmoderninterior-800x600.jpg 800w, https:\/\/comparemyjet.com\/wp-content\/uploads\/2022\/07\/privatejetmoderninterior.jpg 1000w\" sizes=\"auto, (max-width: 1000px) 100vw, 1000px\" \/><\/figure>\r\n\r\n\r\n\r\n<p>Dumont JETS est\u00e1 gestionado por un equipo de expertos que identifican la aeronave ideal para satisfacer sus necesidades de viaje, al tiempo que le ofrecen total flexibilidad sobre su viaje. Proporcionan un servicio completo, centr\u00e1ndose en su seguridad y comodidad.&nbsp;<\/p>\r\n\r\n\r\n\r\n<h3 class=\"wp-block-heading\"><span class=\"ez-toc-section\" id=\"The_Fractional_Ownership_Experience\"><\/span>La experiencia de la propiedad fraccionaria<span class=\"ez-toc-section-end\"><\/span><\/h3>\r\n\r\n\r\n\r\n<p>La empresa ofrece a sus clientes una experiencia de propiedad completa por una fracci\u00f3n de los precios del mercado. Ofrecen servicios de gesti\u00f3n, como la gesti\u00f3n completa, la gesti\u00f3n de vuelos ch\u00e1rter y el apoyo de la Parte 91. Con su amplia experiencia en aviaci\u00f3n, su avi\u00f3n estar\u00e1 en buenas manos.&nbsp;<\/p>\r\n\r\n\r\n\r\n<h3 class=\"wp-block-heading\"><span class=\"ez-toc-section\" id=\"Jet_Sales\"><\/span>Venta de aviones<span class=\"ez-toc-section-end\"><\/span><\/h3>\r\n\r\n\r\n\r\n<p>Dumont JETS cuenta con un competente personal de ventas de aeronaves y con una consolidada trayectoria como comprador y vendedor cualificado de jets. Su personal le guiar\u00e1 durante todo el proceso de venta. La mayor\u00eda de los consumidores est\u00e1n tan encantados con el servicio que vuelven a buscar m\u00e1s ofertas.<\/p>\r\n\r\n\r\n\r\n<h2 class=\"wp-block-heading\"><span class=\"ez-toc-section\" id=\"Maintenance\"><\/span>Mantenimiento&nbsp;<span class=\"ez-toc-section-end\"><\/span><\/h2>\r\n\r\n\r\n\r\n<p>Dumont MRO (Aviation Maintenance, Repair, and Overhaul) es una Estaci\u00f3n de Reparaci\u00f3n FAA Parte 145 con centros en Delaware, Illinois y Texas. Estas estaciones proporcionan mantenimiento r\u00e1pido, artesan\u00eda y servicio personalizado para su aeronave. Realizan el mantenimiento de reactores de fabricantes como <a href=\"https:\/\/comparemyjet.com\/es_mx\/bombardero\/\" data-internallinksmanager029f6b8e52c=\"159\" title=\"Gu\u00eda definitiva de aviones y jets privados Bombardier\">Bombardier<\/a>, <a href=\"https:\/\/comparemyjet.com\/es_mx\/cessna\/\" data-internallinksmanager029f6b8e52c=\"145\" title=\"Gu\u00eda definitiva de aviones privados Cessna\">Cessna<\/a>Challenger, <a href=\"https:\/\/comparemyjet.com\/es_mx\/dassault\/\" data-internallinksmanager029f6b8e52c=\"174\" title=\"Gu\u00eda definitiva de aviones y jets privados Dassault\">Dassault<\/a> Falcon, Dornier.<a href=\"https:\/\/comparemyjet.com\/es_mx\/embraer\/\" data-internallinksmanager029f6b8e52c=\"151\" title=\"Gu\u00eda definitiva de aviones privados Embraer\">Embraer<\/a>, <a href=\"https:\/\/comparemyjet.com\/es_mx\/gulfstream\/\" data-internallinksmanager029f6b8e52c=\"175\" title=\"Gu\u00eda definitiva de aviones y jets privados Gulfstream\">Gulfstream<\/a>Hawker\/Beechcraft, <a href=\"https:\/\/comparemyjet.com\/es_mx\/learjet\/\" data-internallinksmanager029f6b8e52c=\"149\" title=\"Gu\u00eda definitiva de aviones privados Learjet\">Learjet<\/a>y otros.<\/p>\r\n\r\n\r\n\r\n<h2 class=\"wp-block-heading\"><span class=\"ez-toc-section\" id=\"Dumont_PARTS\"><\/span>Dumont PARTES<span class=\"ez-toc-section-end\"><\/span><\/h2>\r\n\r\n\r\n\r\n<p>Dumont PARTS dispone de un amplio surtido de piezas nuevas y usadas para una gran variedad de aviones de primera l\u00ednea. Debido a su gran inventario, env\u00edan el mismo d\u00eda de la realizaci\u00f3n del pedido.<\/p>\r\n\r\n\r\n\r\n<h2 class=\"wp-block-heading\"><span class=\"ez-toc-section\" id=\"Membership_Programs\"><\/span>Programas de afiliaci\u00f3n<span class=\"ez-toc-section-end\"><\/span><\/h2>\r\n\r\n\r\n\r\n<figure class=\"wp-block-image size-full is-style-default\"><img loading=\"lazy\" decoding=\"async\" width=\"1000\" height=\"667\" src=\"https:\/\/comparemyjet.com\/wp-content\/uploads\/2022\/07\/workingonalaptotonaprivatejetviewfromwindow.jpg\" alt=\"\" class=\"wp-image-3111\" srcset=\"https:\/\/comparemyjet.com\/wp-content\/uploads\/2022\/07\/workingonalaptotonaprivatejetviewfromwindow-18x12.jpg 18w, https:\/\/comparemyjet.com\/wp-content\/uploads\/2022\/07\/workingonalaptotonaprivatejetviewfromwindow-300x200.jpg 300w, https:\/\/comparemyjet.com\/wp-content\/uploads\/2022\/07\/workingonalaptotonaprivatejetviewfromwindow-768x512.jpg 768w, https:\/\/comparemyjet.com\/wp-content\/uploads\/2022\/07\/workingonalaptotonaprivatejetviewfromwindow.jpg 1000w\" sizes=\"auto, (max-width: 1000px) 100vw, 1000px\" \/><\/figure>\r\n\r\n\r\n\r\n<p>Dumont JETS posee y opera una flota propia. Disponen de un programa de tarjeta de jet sin cuotas de afiliaci\u00f3n ni de iniciaci\u00f3n, sin embargo, es necesario realizar un dep\u00f3sito, cuyo precio var\u00eda, dependiendo del jet.&nbsp;<\/p>\r\n\r\n\r\n\r\n<p>Existe una garant\u00eda de disponibilidad, con una tarifa horaria establecida. Los titulares de la tarjeta pueden utilizar varios aviones al mismo tiempo, excepto en los d\u00edas de gran afluencia, en los que la oferta es limitada.<\/p>\r\n\r\n\r\n\r\n<h3 class=\"wp-block-heading\"><span class=\"ez-toc-section\" id=\"Santos_Jet_Card_Program\"><\/span>Programa de tarjetas Santos Jet<span class=\"ez-toc-section-end\"><\/span><\/h3>\r\n\r\n\r\n\r\n<p>La empresa ofrece el <strong>Tarjeta Santos Jet,<\/strong> una tarjeta de prepago que permite utilizar la flota del Grupo Dumont, as\u00ed como los aviones de terceros.&nbsp;<\/p>\r\n\r\n\r\n\r\n<p>Los niveles de afiliaci\u00f3n est\u00e1n determinados por el tama\u00f1o de la aeronave que elija para sus necesidades de viaje. Como usuario de la tarjeta Santos Jet, tendr\u00e1 la opci\u00f3n de subir o bajar de categor\u00eda sus vuelos seg\u00fan sus planes de viaje exclusivos.<\/p>\r\n\r\n\r\n\r\n<p>Las tarjetas Santos Jet se presentan en cuatro categor\u00edas y rangos de precios diferentes, como se indica a continuaci\u00f3n:&nbsp;<\/p>\r\n\r\n\r\n\r\n<h4 class=\"wp-block-heading\"><span class=\"ez-toc-section\" id=\"1_Light_Jet_Category\"><\/span>1. Categor\u00eda de chorro ligero<span class=\"ez-toc-section-end\"><\/span><\/h4>\r\n\r\n\r\n\r\n<p>Puede fletar un avi\u00f3n ligero para un m\u00e1ximo de seis pasajeros (seg\u00fan el modelo de avi\u00f3n y la capacidad de los asientos). El sitio web <strong>25 horas<\/strong> La opci\u00f3n de la tarjeta de chorro cuesta algo menos de $175.000, lo que significa que se paga casi $7.000 por hora. Si adquiere la <strong>50 horas<\/strong> tarjeta de chorro, se paga un poco m\u00e1s de $330.000, con lo que la tarifa por hora baja a $6.800.&nbsp;<\/p>\r\n\r\n\r\n\r\n<h4 class=\"wp-block-heading\"><span class=\"ez-toc-section\" id=\"2_Mid_Jet_Category\"><\/span>2. Categor\u00eda de chorro medio<span class=\"ez-toc-section-end\"><\/span><\/h4>\r\n\r\n\r\n\r\n<p>Puede fletar un avi\u00f3n de tama\u00f1o medio para hasta siete pasajeros (seg\u00fan el modelo de avi\u00f3n y la capacidad de los asientos). El sitio web <strong>25 horas<\/strong> La opci\u00f3n de la tarjeta jet cuesta algo m\u00e1s de $206.000, lo que significa que pagar\u00e1 $8.250 por hora. Si adquiere la <strong>50 horas <\/strong>tarjeta de chorro, pagar\u00e1 exactamente $400.000, con lo que la tarifa horaria bajar\u00e1 a $8.000.&nbsp;<\/p>\r\n\r\n\r\n\r\n<h4 class=\"wp-block-heading\"><span class=\"ez-toc-section\" id=\"3_Super-mid_Jet_Category\"><\/span>3. Categor\u00eda de chorro supermedio<span class=\"ez-toc-section-end\"><\/span><\/h4>\r\n\r\n\r\n\r\n<p>Puede fletar un avi\u00f3n supermediano para un m\u00e1ximo de ocho pasajeros (seg\u00fan el modelo de avi\u00f3n y la capacidad de los asientos). La p\u00e1gina web <strong>25 horas<\/strong> La opci\u00f3n de la tarjeta jet cuesta algo m\u00e1s de $230.000, lo que significa que pagas casi $9.250 por hora. Si adquiere la <strong>50 horas<\/strong> opci\u00f3n de tarjeta de chorro, se paga exactamente $450.000, con lo que la tarifa por hora se reduce a $9.000.&nbsp;<\/p>\r\n\r\n\r\n\r\n<h4 class=\"wp-block-heading\"><span class=\"ez-toc-section\" id=\"4_Heavy_Jet_Category\"><\/span>4. Categor\u00eda de chorro pesado<span class=\"ez-toc-section-end\"><\/span><\/h4>\r\n\r\n\r\n\r\n<p>Y, por \u00faltimo, puede fletar un avi\u00f3n pesado para once o m\u00e1s pasajeros (seg\u00fan el modelo de avi\u00f3n y la capacidad de los asientos). La p\u00e1gina web <strong>25 horas<\/strong> La opci\u00f3n de la tarjeta jet cuesta $300.000, lo que significa que pagas $12.000 por hora. Si adquiere la <strong>50 horas<\/strong> tarjeta de chorro, se paga un poco m\u00e1s de $587.000, con lo que la tarifa por hora se reduce a casi $11.800.&nbsp;<\/p>\r\n\r\n\r\n\r\n<p>Los precios indicados no incluyen el impuesto federal sobre el consumo ni la tasa de combustible. Puede ponerse en contacto con DAG en la siguiente direcci\u00f3n <a href=\"https:\/\/www.dumontaviation.com\/jet-card.html\" target=\"_blank\" rel=\"noopener\">enlace<\/a> para obtener m\u00e1s detalles sobre la tasa de combustible o para solicitar una tarjeta Santos Jet.<\/p>\r\n\r\n\r\n\r\n<h2 class=\"wp-block-heading\"><span class=\"ez-toc-section\" id=\"The_Fleet\"><\/span>La flota&nbsp;<span class=\"ez-toc-section-end\"><\/span><\/h2>\r\n\r\n\r\n\r\n<figure class=\"wp-block-image size-full is-style-default\"><img loading=\"lazy\" decoding=\"async\" width=\"1000\" height=\"500\" src=\"https:\/\/comparemyjet.com\/wp-content\/uploads\/2022\/07\/privatejetflyingwithspeed.jpg\" alt=\"\" class=\"wp-image-3112\" srcset=\"https:\/\/comparemyjet.com\/wp-content\/uploads\/2022\/07\/privatejetflyingwithspeed-18x9.jpg 18w, https:\/\/comparemyjet.com\/wp-content\/uploads\/2022\/07\/privatejetflyingwithspeed-300x150.jpg 300w, https:\/\/comparemyjet.com\/wp-content\/uploads\/2022\/07\/privatejetflyingwithspeed-768x384.jpg 768w, https:\/\/comparemyjet.com\/wp-content\/uploads\/2022\/07\/privatejetflyingwithspeed.jpg 1000w\" sizes=\"auto, (max-width: 1000px) 100vw, 1000px\" \/><\/figure>\r\n\r\n\r\n\r\n<p>Todos los vuelos de terceros son realizados por compa\u00f1\u00edas a\u00e9reas directas FAR Part 135 que han sido aprobadas para servir a los clientes de Dumont JETS y cumplen con todos los requisitos de seguridad de la FAA. Sus expertos identificar\u00e1n el avi\u00f3n ideal para satisfacer sus necesidades de viaje.&nbsp;<\/p>\r\n\r\n\r\n\r\n<p>Exploremos su flota de aviones y veamos qu\u00e9 ofrecen.<\/p>\r\n\r\n\r\n\r\n<h3 class=\"wp-block-heading\"><span class=\"ez-toc-section\" id=\"1_Super-Midsize_Private_Jets\"><\/span>1. Aviones privados de tama\u00f1o medio&nbsp;<span class=\"ez-toc-section-end\"><\/span><\/h3>\r\n\r\n\r\n\r\n<p>El jet s\u00faper mediano combina la eficacia y el alcance de un jet mediano con la comodidad de un jet pesado. Los jets supermedianos cuentan con cocinas totalmente equipadas, ba\u00f1os y mesas de trabajo plegables.<\/p>\r\n\r\n\r\n\r\n<h4 class=\"wp-block-heading\"><span class=\"ez-toc-section\" id=\"Our_Recommendation_Falcon_50\"><\/span>Nuestra recomendaci\u00f3n: Falcon 50<span class=\"ez-toc-section-end\"><\/span><\/h4>\r\n\r\n\r\n\r\n<p>Dassault Aviation fabrica el Falcon 50, un miembro de la clase de aviones supermedios.   El primer Falcon 50 se entreg\u00f3 en 1980 y su fabricaci\u00f3n finaliz\u00f3 en 1996 con la introducci\u00f3n del Falcon 50EX.<\/p>\r\n\r\n\r\n\r\n<p>Especificaciones y comodidades:<\/p>\r\n\r\n\r\n\r\n<ul class=\"wp-block-list\"><li>Pasajeros: 8;<\/li><li>Altura de la cabina: 1,5 m;<\/li><li>Anchura de la cabina: 6 pies 1 pulgadas;<\/li><li>Longitud de la cabina: 22 pies 11 pulgadas;<\/li><li>Espacio interior para el equipaje: 25 pies c\u00fabicos;<\/li><li>Velocidad m\u00e1xima de vuelo: 480 kts;<\/li><li>Alcance m\u00e1ximo de vuelo: 3200 nm;<\/li><li>Un lavabo;<\/li><li>Una galera;<\/li><li>Reformado en 2016;<\/li><li>Wi-Fi disponible.<\/li><\/ul>\r\n\r\n\r\n\r\n<p>Dumont Aviation Group ofrece un <em>Falcon 50<\/em> como parte de su flota de aviones supermedios.<\/p>\r\n\r\n\r\n\r\n<h3 class=\"wp-block-heading\"><span class=\"ez-toc-section\" id=\"2_Heavy_Private_Jets\"><\/span>2. Jets privados pesados<span class=\"ez-toc-section-end\"><\/span><\/h3>\r\n\r\n\r\n\r\n<p>Con una autonom\u00eda de casi 4.000 millas sin repostar, los jets pesados ofrecen el m\u00e1s alto nivel de servicio. Pueden transportar c\u00f3modamente hasta quince pasajeros y est\u00e1n equipados con comodidades de alta gama y sistemas de entretenimiento. Vienen con una tripulaci\u00f3n de vuelo dedicada y son los m\u00e1s resistentes a las turbulencias debido a su tama\u00f1o.<\/p>\r\n\r\n\r\n\r\n<h4 class=\"wp-block-heading\"><span class=\"ez-toc-section\" id=\"Our_Recommendation_The_Gulfstream_V\"><\/span>Nuestra recomendaci\u00f3n: El Gulfstream V&nbsp;<span class=\"ez-toc-section-end\"><\/span><\/h4>\r\n\r\n\r\n\r\n<p>Con una autonom\u00eda de casi 6.000 millas, el GV era el avi\u00f3n de negocios de mayor alcance disponible en el momento de su lanzamiento en 1997. Sigue siendo una opci\u00f3n popular incluso hoy en d\u00eda.<\/p>\r\n\r\n\r\n\r\n<p>La disposici\u00f3n de los asientos m\u00e1s com\u00fan tiene capacidad para 14 pasajeros. Entre las comodidades de la cabina se encuentran una cocina completa, un aseo, enchufes, escritorios desplegables, televisi\u00f3n por sat\u00e9lite y sistemas de entretenimiento.&nbsp;<\/p>\r\n\r\n\r\n\r\n<p>Especificaciones:<\/p>\r\n\r\n\r\n\r\n<ul class=\"wp-block-list\"><li>Pasajeros: 14;<\/li><li>Altura de la cabina: 6 pies;<\/li><li>Ancho de la cabina: 7 pies 3 pulgadas;<\/li><li>Longitud de la cabina: 50 pies 10 pulgadas;<\/li><li>Espacio interior para el equipaje: 226 pies c\u00fabicos;<\/li><li>Velocidad m\u00e1xima: 508 kts;<\/li><li>Alcance m\u00e1ximo: 6675 nm;<\/li><li>Un lavabo;<\/li><li>Una galera completa;<\/li><li>Wi-Fi disponible;&nbsp;<\/li><li>Horno y microondas;<\/li><li>Tomas de corriente de carga.<\/li><\/ul>\r\n\r\n\r\n\r\n<p>El Grupo de Aviaci\u00f3n Dumont ofrece unos cuantos <em>Gulfstream <\/em>de su flota de aviones pesados, as\u00ed como dos <em>Falcon 2000.<\/em> Puede verlos en su <a href=\"https:\/\/www.dumontaviation.com\/charter.html\" target=\"_blank\" rel=\"noopener\">sitio web<\/a>.<\/p>\r\n\r\n\r\n\r\n<h2 class=\"wp-block-heading\"><span class=\"ez-toc-section\" id=\"Company_Safety_Policy_and_Standards\"><\/span>Pol\u00edtica y normas de seguridad de la empresa<span class=\"ez-toc-section-end\"><\/span><\/h2>\r\n\r\n\r\n\r\n<figure class=\"wp-block-image size-full is-style-default\"><img loading=\"lazy\" decoding=\"async\" width=\"1000\" height=\"665\" src=\"https:\/\/comparemyjet.com\/wp-content\/uploads\/2022\/07\/privatejetinterior.jpg\" alt=\"\" class=\"wp-image-3113\" srcset=\"https:\/\/comparemyjet.com\/wp-content\/uploads\/2022\/07\/privatejetinterior-18x12.jpg 18w, https:\/\/comparemyjet.com\/wp-content\/uploads\/2022\/07\/privatejetinterior-300x200.jpg 300w, https:\/\/comparemyjet.com\/wp-content\/uploads\/2022\/07\/privatejetinterior-768x511.jpg 768w, https:\/\/comparemyjet.com\/wp-content\/uploads\/2022\/07\/privatejetinterior.jpg 1000w\" sizes=\"auto, (max-width: 1000px) 100vw, 1000px\" \/><\/figure>\r\n\r\n\r\n\r\n<p>Dumont Aviation Group es una empresa de aviaci\u00f3n certificada y bien establecida, con las siguientes acreditaciones:<\/p>\r\n\r\n\r\n\r\n<ul class=\"wp-block-list\"><li>Certificado de transportista a\u00e9reo de Dumont;<\/li><li>Certificado de Operador de Vuelo;<\/li><li>Certificado IS-BAO;<\/li><li>Certificado ARGUS Platinum.<\/li><\/ul>\r\n\r\n\r\n\r\n<h2 class=\"wp-block-heading\"><span class=\"ez-toc-section\" id=\"Conclusion\"><\/span>Conclusi\u00f3n<span class=\"ez-toc-section-end\"><\/span><\/h2>\r\n\r\n\r\n\r\n<p>Dumont Aviation Group gestiona todos los aspectos de su viaje para ayudarle a llegar a su destino de forma segura, garantizando un vuelo agradable durante el trayecto.&nbsp;<\/p>\r\n\r\n\r\n\r\n<p>Se trata de una empresa consolidada en el sector de la aviaci\u00f3n que se especializa en el alquiler, la venta y el mantenimiento de aeronaves, as\u00ed como en la gesti\u00f3n y la venta de piezas.<\/p>\r\n\r\n\r\n\r\n<p><\/p>","protected":false},"excerpt":{"rendered":"<p>Dumont Aviation Group es un l\u00edder establecido en aviones ejecutivos y corporativos. Sus profesionales de la aviaci\u00f3n tienen experiencia en la compra de aeronaves, el arrendamiento de aviones, la gesti\u00f3n de jets, el mantenimiento de la aviaci\u00f3n y la venta de equipos para aviones. Exploremos sus servicios y veamos en qu\u00e9 consiste la aviaci\u00f3n de Dumont. Historia de la empresa El Grupo Dumont es una empresa de aviaci\u00f3n de propiedad privada que ...<\/p>","protected":false},"author":2,"featured_media":3109,"parent":0,"menu_order":0,"comment_status":"closed","ping_status":"closed","template":"","meta":{"_acf_changed":false,"_genesis_hide_title":false,"_genesis_hide_breadcrumbs":false,"_genesis_hide_singular_image":false,"_genesis_hide_footer_widgets":false,"_genesis_custom_body_class":"","_genesis_custom_post_class":"","_genesis_layout":"","footnotes":""},"class_list":{"1":"page","2":"type-page","6":"entry"},"acf":[],"_links":{"self":[{"href":"https:\/\/comparemyjet.com\/es_mx\/wp-json\/wp\/v2\/pages\/3108","targetHints":{"allow":["GET"]}}],"collection":[{"href":"https:\/\/comparemyjet.com\/es_mx\/wp-json\/wp\/v2\/pages"}],"about":[{"href":"https:\/\/comparemyjet.com\/es_mx\/wp-json\/wp\/v2\/types\/page"}],"author":[{"embeddable":true,"href":"https:\/\/comparemyjet.com\/es_mx\/wp-json\/wp\/v2\/users\/2"}],"replies":[{"embeddable":true,"href":"https:\/\/comparemyjet.com\/es_mx\/wp-json\/wp\/v2\/comments?post=3108"}],"version-history":[{"count":2,"href":"https:\/\/comparemyjet.com\/es_mx\/wp-json\/wp\/v2\/pages\/3108\/revisions"}],"predecessor-version":[{"id":3457,"href":"https:\/\/comparemyjet.com\/es_mx\/wp-json\/wp\/v2\/pages\/3108\/revisions\/3457"}],"wp:featuredmedia":[{"embeddable":true,"href":"https:\/\/comparemyjet.com\/es_mx\/wp-json\/wp\/v2\/media\/3109"}],"wp:attachment":[{"href":"https:\/\/comparemyjet.com\/es_mx\/wp-json\/wp\/v2\/media?parent=3108"}],"curies":[{"name":"wp","href":"https:\/\/api.w.org\/{rel}","templated":true}]}}