{"id":3172,"date":"2022-08-10T21:51:12","date_gmt":"2022-08-10T21:51:12","guid":{"rendered":"https:\/\/comparemyjet.com\/?page_id=3172"},"modified":"2025-09-04T09:58:21","modified_gmt":"2025-09-04T09:58:21","slug":"rayuela-aire","status":"publish","type":"page","link":"https:\/\/comparemyjet.com\/es_mx\/rayuela-aire\/","title":{"rendered":"Precios de los vuelos de Hopscotch Air"},"content":{"rendered":"<p>Hopscotch Air es un sistema de vanguardia <a href=\"https:\/\/comparemyjet.com\/es_mx\/cuanto-cuesta-el-taxi-aereo\/\" data-internallinksmanager029f6b8e52c=\"23\" title=\"\u00bfCu\u00e1nto cuesta un taxi a\u00e9reo?\">taxi a\u00e9reo<\/a> que lleva a los pasajeros por el noreste, el Atl\u00e1ntico medio y Canad\u00e1 en aviones Cirrus peque\u00f1os pero tecnol\u00f3gicamente sofisticados. La empresa fue certificada en 2009 y ahora vuela unos 1.400 viajes al a\u00f1o, a una fracci\u00f3n del coste de los vuelos ch\u00e1rter regulares, principalmente debido a la econom\u00eda m\u00e1s barata de la aeronave.<\/p>\r\n\r\n\r\n\r\n<p>Hopscotch Air es pionera en servicios de taxi a\u00e9reo en aviones peque\u00f1os en el noreste y tiene previsto ofrecer nuevos servicios de aerol\u00edneas regionales a lugares populares del noreste para finales de 2022.&nbsp;<\/p>\r\n\r\n\r\n\r\n<div id=\"ez-toc-container\" class=\"ez-toc-v2_0_76 counter-hierarchy ez-toc-counter ez-toc-grey ez-toc-container-direction\">\n<p class=\"ez-toc-title\" style=\"cursor:inherit\">Temas<\/p>\n<label for=\"ez-toc-cssicon-toggle-item-69f168f83b71b\" class=\"ez-toc-cssicon-toggle-label\"><span class=\"\"><span class=\"eztoc-hide\" style=\"display:none;\">Toggle<\/span><span class=\"ez-toc-icon-toggle-span\"><svg style=\"fill: #999;color:#999\" xmlns=\"http:\/\/www.w3.org\/2000\/svg\" class=\"list-377408\" width=\"20px\" height=\"20px\" viewbox=\"0 0 24 24\" fill=\"none\"><path d=\"M6 6H4v2h2V6zm14 0H8v2h12V6zM4 11h2v2H4v-2zm16 0H8v2h12v-2zM4 16h2v2H4v-2zm16 0H8v2h12v-2z\" fill=\"currentColor\"><\/path><\/svg><svg style=\"fill: #999;color:#999\" class=\"arrow-unsorted-368013\" xmlns=\"http:\/\/www.w3.org\/2000\/svg\" width=\"10px\" height=\"10px\" viewbox=\"0 0 24 24\" version=\"1.2\" baseprofile=\"tiny\"><path d=\"M18.2 9.3l-6.2-6.3-6.2 6.3c-.2.2-.3.4-.3.7s.1.5.3.7c.2.2.4.3.7.3h11c.3 0 .5-.1.7-.3.2-.2.3-.5.3-.7s-.1-.5-.3-.7zM5.8 14.7l6.2 6.3 6.2-6.3c.2-.2.3-.5.3-.7s-.1-.5-.3-.7c-.2-.2-.4-.3-.7-.3h-11c-.3 0-.5.1-.7.3-.2.2-.3.5-.3.7s.1.5.3.7z\"\/><\/svg><\/span><\/span><\/label><input type=\"checkbox\"  id=\"ez-toc-cssicon-toggle-item-69f168f83b71b\" checked aria-label=\"Toggle\" \/><nav><ul class='ez-toc-list ez-toc-list-level-1' ><li class='ez-toc-page-1 ez-toc-heading-level-2'><a class=\"ez-toc-link ez-toc-heading-1\" href=\"https:\/\/comparemyjet.com\/es_mx\/rayuela-aire\/#About_the_Company\" >Acerca de la empresa<\/a><\/li><li class='ez-toc-page-1 ez-toc-heading-level-2'><a class=\"ez-toc-link ez-toc-heading-2\" href=\"https:\/\/comparemyjet.com\/es_mx\/rayuela-aire\/#Membership_Programs\" >Programas de afiliaci\u00f3n<\/a><ul class='ez-toc-list-level-3' ><li class='ez-toc-heading-level-3'><a class=\"ez-toc-link ez-toc-heading-3\" href=\"https:\/\/comparemyjet.com\/es_mx\/rayuela-aire\/#ClubScotch\" >ClubScotch<\/a><\/li><\/ul><\/li><li class='ez-toc-page-1 ez-toc-heading-level-2'><a class=\"ez-toc-link ez-toc-heading-4\" href=\"https:\/\/comparemyjet.com\/es_mx\/rayuela-aire\/#Destinations_and_Pricing\" >Destinos y precios<\/a><\/li><li class='ez-toc-page-1 ez-toc-heading-level-2'><a class=\"ez-toc-link ez-toc-heading-5\" href=\"https:\/\/comparemyjet.com\/es_mx\/rayuela-aire\/#The_Fleet\" >La flota&nbsp;<\/a><ul class='ez-toc-list-level-3' ><li class='ez-toc-heading-level-3'><a class=\"ez-toc-link ez-toc-heading-6\" href=\"https:\/\/comparemyjet.com\/es_mx\/rayuela-aire\/#1_Very_Light_Jets\" >1. Chorros muy ligeros<\/a><ul class='ez-toc-list-level-4' ><li class='ez-toc-heading-level-4'><a class=\"ez-toc-link ez-toc-heading-7\" href=\"https:\/\/comparemyjet.com\/es_mx\/rayuela-aire\/#Our_Recommendation_The_Cirrus_SR20\" >Nuestra recomendaci\u00f3n: El Cirrus SR20&nbsp;<\/a><\/li><li class='ez-toc-page-1 ez-toc-heading-level-4'><a class=\"ez-toc-link ez-toc-heading-8\" href=\"https:\/\/comparemyjet.com\/es_mx\/rayuela-aire\/#Our_Recommendation_The_Cirrus_SR22\" >Nuestra recomendaci\u00f3n: El Cirrus SR22<\/a><\/li><\/ul><\/li><\/ul><\/li><li class='ez-toc-page-1 ez-toc-heading-level-2'><a class=\"ez-toc-link ez-toc-heading-9\" href=\"https:\/\/comparemyjet.com\/es_mx\/rayuela-aire\/#Company_Safety_Policy_and_Standards\" >Pol\u00edtica y normas de seguridad de la empresa&nbsp;<\/a><\/li><li class='ez-toc-page-1 ez-toc-heading-level-2'><a class=\"ez-toc-link ez-toc-heading-10\" href=\"https:\/\/comparemyjet.com\/es_mx\/rayuela-aire\/#Partnerships\" >Asociaciones<\/a><\/li><li class='ez-toc-page-1 ez-toc-heading-level-2'><a class=\"ez-toc-link ez-toc-heading-11\" href=\"https:\/\/comparemyjet.com\/es_mx\/rayuela-aire\/#Conclusion\" >Conclusi\u00f3n<\/a><\/li><\/ul><\/nav><\/div>\n<h2 class=\"wp-block-heading\"><span class=\"ez-toc-section\" id=\"About_the_Company\"><\/span>Acerca de la empresa<span class=\"ez-toc-section-end\"><\/span><\/h2>\r\n\r\n\r\n\r\n<p>Hopscotch Air es un <a href=\"https:\/\/www.faa.gov\/\" target=\"_blank\" rel=\"noopener\">FAA<\/a>-servicio de transporte a\u00e9reo certificado con sede en <a href=\"https:\/\/comparemyjet.com\/es_mx\/visitas-privadas\/new-york-city-private-tours\/\" data-internallinksmanager029f6b8e52c=\"427\" title=\"Las 11 mejores visitas privadas a Nueva York desde $48.00\">Nueva York<\/a>con centros de operaciones situados en los aeropuertos de Republic Farmingdale, Westchester County y Teterboro.&nbsp;<\/p>\r\n\r\n\r\n\r\n<p>La compa\u00f1\u00eda cuenta con su propia flota de aviones y ofrece un programa de afiliaci\u00f3n, con cuotas de entrada y de afiliaci\u00f3n que comienzan en $3.900. El programa de entrada es The Jet Card, un servicio de pago por uso con precios fijos y planos por ruta.&nbsp;<\/p>\r\n\r\n\r\n\r\n<p>Exploremos estos programas de afiliaci\u00f3n con m\u00e1s detalle.<\/p>\r\n\r\n\r\n\r\n<h2 class=\"wp-block-heading\"><span class=\"ez-toc-section\" id=\"Membership_Programs\"><\/span>Programas de afiliaci\u00f3n<span class=\"ez-toc-section-end\"><\/span><\/h2>\r\n\r\n\r\n\r\n<figure class=\"wp-block-image size-full is-style-default\"><img loading=\"lazy\" decoding=\"async\" width=\"1000\" height=\"667\" src=\"https:\/\/comparemyjet.com\/wp-content\/uploads\/2022\/07\/cirrus.sr_.22.jpg\" alt=\"\" class=\"wp-image-3174\" srcset=\"https:\/\/comparemyjet.com\/wp-content\/uploads\/2022\/07\/cirrus.sr_.22-18x12.jpg 18w, https:\/\/comparemyjet.com\/wp-content\/uploads\/2022\/07\/cirrus.sr_.22-300x200.jpg 300w, https:\/\/comparemyjet.com\/wp-content\/uploads\/2022\/07\/cirrus.sr_.22-768x512.jpg 768w, https:\/\/comparemyjet.com\/wp-content\/uploads\/2022\/07\/cirrus.sr_.22.jpg 1000w\" sizes=\"auto, (max-width: 1000px) 100vw, 1000px\" \/><\/figure>\r\n\r\n\r\n\r\n<p>La empresa inici\u00f3 su programa de afiliaci\u00f3n en 2019. Los miembros pagan $325 al mes y disfrutan de descuentos exclusivos y otras ventajas.&nbsp;<\/p>\r\n\r\n\r\n\r\n<p>Puede hacerse socio poni\u00e9ndose en contacto con ellos en su <a href=\"https:\/\/flyhopscotch.com\/join-clubscotch\/\" target=\"_blank\" rel=\"noopener\">sitio web<\/a>.<\/p>\r\n\r\n\r\n\r\n<h3 class=\"wp-block-heading\"><span class=\"ez-toc-section\" id=\"ClubScotch\"><\/span>ClubScotch<span class=\"ez-toc-section-end\"><\/span><\/h3>\r\n\r\n\r\n\r\n<p>En todo el noreste, el Atl\u00e1ntico medio y Canad\u00e1, Hopscotch le llevar\u00e1 a cientos de aeropuertos, desde los m\u00e1s peque\u00f1os hasta los m\u00e1s grandes. Sus aviones pueden transportarle a aeropuertos m\u00e1s peque\u00f1os y menos concurridos, m\u00e1s cercanos a su destino final. Todos los vuelos salen seg\u00fan su horario.<\/p>\r\n\r\n\r\n\r\n<p>Para hacerse socio del ClubScoth, se requiere un compromiso de un a\u00f1o. Puedes elegir entre pagar $325 al mes o $3.250 al a\u00f1o.<\/p>\r\n\r\n\r\n\r\n<p>Los socios tienen prioridad para concertar citas, as\u00ed como acceso r\u00e1pido a su equipo de Experiencia del Cliente. Como miembro del ClubScotch, puede obtener citas de \u00faltima hora y tiempo de espera gratuito hasta 15 horas. Puede utilizar esas 15 horas de demora gratuita durante todo el a\u00f1o. Eso supone un descuento de m\u00e1s de $1,000 al a\u00f1o.<\/p>\r\n\r\n\r\n\r\n<p>\u00bfQuiz\u00e1 quiera pasar la noche en su destino? Una vez al a\u00f1o se ofrece una pernoctaci\u00f3n gratuita (<a href=\"https:\/\/comparemyjet.com\/es_mx\/hotels\/\" data-internallinksmanager029f6b8e52c=\"470\" title=\"Los 100 mejores hoteles cerca de aeropuertos de todo el mundo\">hotel<\/a> y comida no incluidos). Su avi\u00f3n le esperar\u00e1 al d\u00eda siguiente para completar su viaje de ida y vuelta.&nbsp;<\/p>\r\n\r\n\r\n\r\n<p>La pol\u00edtica de cancelaci\u00f3n de la empresa le permite cambiar su fecha\/ruta, y es bastante flexible para los socios. No se le cobrar\u00e1 por las modificaciones que haga durante su viaje. Los no socios tienen 48 horas para cancelar los vuelos y obtener un reembolso, mientras que los socios tienen 24 horas.<\/p>\r\n\r\n\r\n\r\n<p>Las mayores ventajas que obtienen los miembros de ClubScotch es que, en general, suelen pagar alrededor de 25% menos que los no miembros en el precio de venta al p\u00fablico, y obtienen acceso al sitio de ClubScotch para consultar su historial de vuelos y el saldo de la cuenta en l\u00ednea.<\/p>\r\n\r\n\r\n\r\n<h2 class=\"wp-block-heading\"><span class=\"ez-toc-section\" id=\"Destinations_and_Pricing\"><\/span>Destinos y precios<span class=\"ez-toc-section-end\"><\/span><\/h2>\r\n\r\n\r\n\r\n<p>Los SR22 suelen recoger a los pasajeros en aeropuertos de Nueva York, y los destinos m\u00e1s lejanos son al oeste de <a href=\"https:\/\/comparemyjet.com\/es_mx\/vuelos-charter-privados-a-chicago\/\" data-internallinksmanager029f6b8e52c=\"170\" title=\"Vuelos Privados a Chicago\">Chicago<\/a> o al sur hasta Carolina del Sur.&nbsp;<\/p>\r\n\r\n\r\n\r\n<p>La siguiente tabla incluye los precios para un viaje de ida en el mismo d\u00eda con salida desde White Plains, Farmingdale y Teterboro.&nbsp;<\/p>\r\n\r\n\r\n\r\n<figure class=\"wp-block-table\"><table><tbody><tr><td>Destinos<\/td><td>Precios de ida<\/td><\/tr><tr><td><a href=\"https:\/\/comparemyjet.com\/es_mx\/visitas-privadas\/philadelphia-private-tours\/\" data-internallinksmanager029f6b8e52c=\"430\" title=\"11 Mejores Filadelfia Tours Privados Desde $245.00\">Filadelfia<\/a>&nbsp;<\/td><td>$1,956<\/td><\/tr><tr><td>Atlantic City&nbsp;<\/td><td>$2,019<\/td><\/tr><tr><td>Newport&nbsp;<\/td><td>$2,144<\/td><\/tr><tr><td><a href=\"https:\/\/comparemyjet.com\/es_mx\/alquiler-de-aviones-privados-a-boston\/\" data-internallinksmanager029f6b8e52c=\"177\" title=\"Vuelos Privados a Boston\">Boston<\/a> - Bedford&nbsp;<\/td><td>$2,426<\/td><\/tr><tr><td>Martha's Vineyard&nbsp;<\/td><td>$2,489<\/td><\/tr><tr><td>Nantucket&nbsp;<\/td><td>$2,802<\/td><\/tr><tr><td>Provincetown&nbsp;<\/td><td>$2,834<\/td><\/tr><tr><td>Boston - Logan&nbsp;<\/td><td>$2,888<\/td><\/tr><tr><td>Burlington&nbsp;<\/td><td>$3,335<\/td><\/tr><\/tbody><\/table><\/figure>\r\n\r\n\r\n\r\n<p>Hopscotch presta servicio en el noreste de Estados Unidos, la regi\u00f3n del Atl\u00e1ntico medio y partes de Ontario y Quebec. Las escapadas m\u00e1s populares en primavera y verano son:<\/p>\r\n\r\n\r\n\r\n<ul class=\"wp-block-list\"><li>Cape Cod,&nbsp;<\/li><li>Provincetown, Provincetown,&nbsp;<\/li><li>Martha's Vineyard,&nbsp;<\/li><li>East Hampton,&nbsp;<\/li><li>Burlington,&nbsp;<\/li><li><a href=\"https:\/\/comparemyjet.com\/es_mx\/visitas-privadas\/portland-private-tours\/\" data-internallinksmanager029f6b8e52c=\"432\" title=\"11 Mejores Excursiones Privadas Por Portland Desde $48.00\">Portland<\/a>,&nbsp;<\/li><li>La Isla de los Bloques,&nbsp;<\/li><li>Great Barrington,&nbsp;<\/li><li>y Stowe.&nbsp;<\/li><\/ul>\r\n\r\n\r\n\r\n<p>Sin embargo, tambi\u00e9n vuelan a lugares remotos del norte del estado de Nueva York, Massachusetts, Pensilvania y Nueva <a href=\"https:\/\/comparemyjet.com\/es_mx\/alquiler-de-aviones-privados-a-jersey\/\" data-internallinksmanager029f6b8e52c=\"176\" title=\"Vuelos Privados a Jersey\">Jersey<\/a>. Los destinos de Nueva Inglaterra se encuentran entre las rutas m\u00e1s populares de Hopscotch Air.<\/p>\r\n\r\n\r\n\r\n<p>No se garantiza la disponibilidad de los aviones y las tarifas se fijan en funci\u00f3n de la ruta.<\/p>\r\n\r\n\r\n\r\n<h2 class=\"wp-block-heading\"><span class=\"ez-toc-section\" id=\"The_Fleet\"><\/span>La flota&nbsp;<span class=\"ez-toc-section-end\"><\/span><\/h2>\r\n\r\n\r\n\r\n<figure class=\"wp-block-image size-full is-style-default\"><img loading=\"lazy\" decoding=\"async\" width=\"1000\" height=\"606\" src=\"https:\/\/comparemyjet.com\/wp-content\/uploads\/2022\/07\/cirrus.fleet_.jpg\" alt=\"\" class=\"wp-image-3173\" srcset=\"https:\/\/comparemyjet.com\/wp-content\/uploads\/2022\/07\/cirrus.fleet_-18x12.jpg 18w, https:\/\/comparemyjet.com\/wp-content\/uploads\/2022\/07\/cirrus.fleet_-300x182.jpg 300w, https:\/\/comparemyjet.com\/wp-content\/uploads\/2022\/07\/cirrus.fleet_-768x465.jpg 768w, https:\/\/comparemyjet.com\/wp-content\/uploads\/2022\/07\/cirrus.fleet_.jpg 1000w\" sizes=\"auto, (max-width: 1000px) 100vw, 1000px\" \/><\/figure>\r\n\r\n\r\n\r\n<p>Hopscotch Air es una empresa de taxis a\u00e9reos que opera una flota de aviones Cirrus SR-20\/22. Estos aviones pueden volar hasta 800 millas sin parar para repostar.&nbsp;<\/p>\r\n\r\n\r\n\r\n<p>Aunque los vuelos con un avi\u00f3n de pist\u00f3n monomotor son m\u00e1s largos que los de un avi\u00f3n de pasajeros, pueden aterrizar en aeropuertos m\u00e1s peque\u00f1os con pistas m\u00e1s cortas y son perfectos para un grupo de tres personas. Los aviones Cirrus pueden acceder a miles de aeropuertos p\u00fablicos en la regi\u00f3n del noreste.<\/p>\r\n\r\n\r\n\r\n<h3 class=\"wp-block-heading\"><span class=\"ez-toc-section\" id=\"1_Very_Light_Jets\"><\/span>1. Chorros muy ligeros<span class=\"ez-toc-section-end\"><\/span><\/h3>\r\n\r\n\r\n\r\n<p>El jet muy ligero es la forma m\u00e1s peque\u00f1a y econ\u00f3mica de un jet privado. Son ideales para viajes m\u00e1s cortos en distancias peque\u00f1as, con una autonom\u00eda de aproximadamente 2.000 millas y una velocidad por hora de m\u00e1s de 600 mph. Estos aviones son ideales para viajes regionales y suelen tener capacidad para entre 3 y 6 personas.<\/p>\r\n\r\n\r\n\r\n<h4 class=\"wp-block-heading\"><span class=\"ez-toc-section\" id=\"Our_Recommendation_The_Cirrus_SR20\"><\/span>Nuestra recomendaci\u00f3n: El Cirrus SR20&nbsp;<span class=\"ez-toc-section-end\"><\/span><\/h4>\r\n\r\n\r\n\r\n<p>Cirrus Aircraft, de Duluth (Minnesota), fabrica el Cirrus SR20, un monoplano de cuatro plazas fabricado en materiales compuestos y propulsado por un motor de pist\u00f3n.<\/p>\r\n\r\n\r\n\r\n<p>El SR20 fue el primer avi\u00f3n de aviaci\u00f3n general equipado con un paraca\u00eddas para aterrizar con seguridad en caso de emergencia. Tambi\u00e9n es el primer avi\u00f3n ligero construido \u00edntegramente con materiales compuestos.<\/p>\r\n\r\n\r\n\r\n<p>Especificaciones y rendimiento del Cirrus SR20:<\/p>\r\n\r\n\r\n\r\n<ul class=\"wp-block-list\"><li>Pasajeros: 3;<\/li><li>Altura exterior: 8 pies y 11 pulgadas;<\/li><li>Longitud exterior: 26 pies;<\/li><li>Anchura de la cabina: 4 pies y 1 pulgada;<\/li><li>Altura de la cabina: 4 pies y 2 pulgadas;<\/li><li>Longitud de la cabina: 10 pies 10 pulgadas;<\/li><li>Velocidad de ascenso: 920 fpm;<\/li><li>Crucero normal: 155 kts;<\/li><li>Velocidad m\u00e1xima: 155 kts;<\/li><li>Alcance m\u00e1ximo: 785 nm;<\/li><li>Capacidad de combustible: 336 lbs;<\/li><li>Carga \u00fatil m\u00e1xima: 720 lb;<\/li><li>La tripulaci\u00f3n: 1.<\/li><\/ul>\r\n\r\n\r\n\r\n<h4 class=\"wp-block-heading\"><span class=\"ez-toc-section\" id=\"Our_Recommendation_The_Cirrus_SR22\"><\/span>Nuestra recomendaci\u00f3n: El Cirrus SR22<span class=\"ez-toc-section-end\"><\/span><\/h4>\r\n\r\n\r\n\r\n<p>El Cirrus SR22 ha sido meticulosamente dise\u00f1ado para proporcionarle la mejor experiencia de vuelo. Ofrece una sofisticada innovaci\u00f3n t\u00e9cnica, un rendimiento estimulante y un estilo inigualable. El espacioso interior del SR22, que ofrece mucho espacio para las piernas de los pasajeros, es una de sus caracter\u00edsticas m\u00e1s fuertes.<\/p>\r\n\r\n\r\n\r\n<p>Especificaciones y rendimiento del Cirrus SR22:<\/p>\r\n\r\n\r\n\r\n<ul class=\"wp-block-list\"><li>Pasajeros: 4;<\/li><li>Altura exterior: 8 pies y 11 pulgadas;<\/li><li>Envergadura del ala: 38 pies 4 pulgadas;<\/li><li>Longitud exterior: 26 pies;<\/li><li>Volumen de la cabina: 137 pies c\u00fabicos;<\/li><li>Anchura de la cabina: 4 pies y 1 pulgada;<\/li><li>Altura de la cabina: 4 pies y 2 pulgadas;<\/li><li>Longitud de la cabina: 8 pies;<\/li><li>Equipaje interno: 32 pies c\u00fabicos;<\/li><li>Capacidad de combustible: 486 lbs;<\/li><li>Carga \u00fatil m\u00e1xima: 950 lb;<\/li><li>Velocidad m\u00e1xima: 186 kts;<\/li><li>Rango de vuelo: 659 nm - 1100 nm;<\/li><li>Distancia de aterrizaje: 4005 pies;<\/li><li>Velocidad de ascenso: 1400 fpm;<\/li><li>La tripulaci\u00f3n: 1.<\/li><\/ul>\r\n\r\n\r\n\r\n<h2 class=\"wp-block-heading\"><span class=\"ez-toc-section\" id=\"Company_Safety_Policy_and_Standards\"><\/span>Pol\u00edtica y normas de seguridad de la empresa&nbsp;<span class=\"ez-toc-section-end\"><\/span><\/h2>\r\n\r\n\r\n\r\n<figure class=\"wp-block-image size-full is-style-default\"><img loading=\"lazy\" decoding=\"async\" width=\"1000\" height=\"662\" src=\"https:\/\/comparemyjet.com\/wp-content\/uploads\/2022\/07\/pilot.greeting.young_.couple-1.jpg\" alt=\"Rayuela Aire\" class=\"wp-image-3176\" srcset=\"https:\/\/comparemyjet.com\/wp-content\/uploads\/2022\/07\/pilot.greeting.young_.couple-1-18x12.jpg 18w, https:\/\/comparemyjet.com\/wp-content\/uploads\/2022\/07\/pilot.greeting.young_.couple-1-300x199.jpg 300w, https:\/\/comparemyjet.com\/wp-content\/uploads\/2022\/07\/pilot.greeting.young_.couple-1-768x508.jpg 768w, https:\/\/comparemyjet.com\/wp-content\/uploads\/2022\/07\/pilot.greeting.young_.couple-1.jpg 1000w\" sizes=\"auto, (max-width: 1000px) 100vw, 1000px\" \/><\/figure>\r\n\r\n\r\n\r\n<p>La sofisticada cubierta de combate y el piloto autom\u00e1tico del SR 22\/20 permiten el vuelo con un solo piloto, pero los aviones vienen con un paraca\u00eddas de emergencia completo que, seg\u00fan la compa\u00f1\u00eda, es un punto de venta clave para los consumidores.<\/p>\r\n\r\n\r\n\r\n<p>SR 20\/22 tambi\u00e9n son <a href=\"https:\/\/www.faa.gov\/about\/office_org\/headquarters_offices\/ato\/service_units\/techops\/navservices\/gnss\/waas\" target=\"_blank\" rel=\"noopener\">WAAS (Sistema de Aumento de \u00c1rea Amplia)<\/a>) capaces y certificados para volar en situaciones de hielo dif\u00edciles. Adem\u00e1s, los jets vienen con WAAS, un sistema combinado de tierra y GPS que permite a los aviones realizar aterrizajes precisos en aeropuertos donde un <a href=\"https:\/\/skybrary.aero\/articles\/instrument-landing-system-ils\" target=\"_blank\" rel=\"noopener\">ILS<\/a> no est\u00e1 presente ni operativo.<\/p>\r\n\r\n\r\n\r\n<p>Nassau Flyers, un taller de reparaciones cercano autorizado por la f\u00e1brica de Cirrus, realiza todas las modificaciones y otro tipo de mantenimiento estructural y del motor en tierra.<\/p>\r\n\r\n\r\n\r\n<h2 class=\"wp-block-heading\"><span class=\"ez-toc-section\" id=\"Partnerships\"><\/span>Asociaciones<span class=\"ez-toc-section-end\"><\/span><\/h2>\r\n\r\n\r\n\r\n<p>Hopscotch y Linear Air se asociaron para operar el \u00fanico servicio regular sin paradas que conecta White Plains con el \u00e1rea metropolitana de Boston.<\/p>\r\n\r\n\r\n\r\n<p>Al igual que Hopscotch, Linear Air tambi\u00e9n opera los Eclipse VLJ (aviones muy ligeros). Juntas, las dos empresas ofrecen a los consumidores una variedad de opciones de velocidad y alcance para los taxis a\u00e9reos a la carta.<\/p>\r\n\r\n\r\n\r\n<h2 class=\"wp-block-heading\"><span class=\"ez-toc-section\" id=\"Conclusion\"><\/span>Conclusi\u00f3n<span class=\"ez-toc-section-end\"><\/span><\/h2>\r\n\r\n\r\n\r\n<p>Bajo la marca ClubScotch, Hopscotch Air ofrece un programa de afiliaci\u00f3n de Cirrus SR22 y SR20 de pist\u00f3n monomotor en todo el noreste y el Atl\u00e1ntico medio con precios de ruta fija. Cada avi\u00f3n puede acomodar hasta cuatro viajeros.<\/p>\r\n\r\n\r\n\r\n<p>Debido al aumento del n\u00famero de clientes, la empresa tiene previsto poner en marcha una nueva flota de aviones turboh\u00e9lice de ocho plazas para aumentar su capacidad, mientras que ya ha firmado con Transcend Air Corporation la compra del premiado avi\u00f3n de despegue y aterrizaje vertical Vy 400. Esos aviones se utilizar\u00e1n para ampliar las rutas no aeroportuarias.&nbsp;<\/p>\r\n\r\n\r\n\r\n<p>A diferencia del t\u00edpico ch\u00e1rter, Hopscotch no cobra por horas ni a\u00f1ade tasas por combustible. En el momento de la reserva, proporcionan un precio \u00fanico y fijo.&nbsp;<\/p>","protected":false},"excerpt":{"rendered":"<p>Hopscotch Air es una empresa de taxis a\u00e9reos de vanguardia que lleva a los pasajeros por el noreste, el Atl\u00e1ntico medio y Canad\u00e1 en peque\u00f1os pero tecnol\u00f3gicamente sofisticados aviones Cirrus. La empresa fue certificada en 2009 y ahora vuela unos 1.400 viajes al a\u00f1o, a una fracci\u00f3n del coste de los vuelos ch\u00e1rter regulares, principalmente debido a la econom\u00eda m\u00e1s barata ...<\/p>","protected":false},"author":2,"featured_media":3175,"parent":0,"menu_order":0,"comment_status":"closed","ping_status":"closed","template":"","meta":{"_acf_changed":false,"_genesis_hide_title":false,"_genesis_hide_breadcrumbs":false,"_genesis_hide_singular_image":false,"_genesis_hide_footer_widgets":false,"_genesis_custom_body_class":"","_genesis_custom_post_class":"","_genesis_layout":"","footnotes":""},"class_list":{"1":"page","2":"type-page","6":"entry"},"acf":[],"_links":{"self":[{"href":"https:\/\/comparemyjet.com\/es_mx\/wp-json\/wp\/v2\/pages\/3172","targetHints":{"allow":["GET"]}}],"collection":[{"href":"https:\/\/comparemyjet.com\/es_mx\/wp-json\/wp\/v2\/pages"}],"about":[{"href":"https:\/\/comparemyjet.com\/es_mx\/wp-json\/wp\/v2\/types\/page"}],"author":[{"embeddable":true,"href":"https:\/\/comparemyjet.com\/es_mx\/wp-json\/wp\/v2\/users\/2"}],"replies":[{"embeddable":true,"href":"https:\/\/comparemyjet.com\/es_mx\/wp-json\/wp\/v2\/comments?post=3172"}],"version-history":[{"count":2,"href":"https:\/\/comparemyjet.com\/es_mx\/wp-json\/wp\/v2\/pages\/3172\/revisions"}],"predecessor-version":[{"id":3451,"href":"https:\/\/comparemyjet.com\/es_mx\/wp-json\/wp\/v2\/pages\/3172\/revisions\/3451"}],"wp:featuredmedia":[{"embeddable":true,"href":"https:\/\/comparemyjet.com\/es_mx\/wp-json\/wp\/v2\/media\/3175"}],"wp:attachment":[{"href":"https:\/\/comparemyjet.com\/es_mx\/wp-json\/wp\/v2\/media?parent=3172"}],"curies":[{"name":"wp","href":"https:\/\/api.w.org\/{rel}","templated":true}]}}