{"id":3248,"date":"2022-09-20T00:02:25","date_gmt":"2022-09-20T00:02:25","guid":{"rendered":"https:\/\/comparemyjet.com\/?page_id=3248"},"modified":"2025-09-04T10:00:03","modified_gmt":"2025-09-04T10:00:03","slug":"qatar-ejecutivo","status":"publish","type":"page","link":"https:\/\/comparemyjet.com\/es_mx\/qatar-ejecutivo\/","title":{"rendered":"Precios de los vuelos ejecutivos de Qatar"},"content":{"rendered":"<p><a href=\"https:\/\/comparemyjet.com\/es_mx\/visitas-privadas\/doha-private-tours\/\" data-internallinksmanager029f6b8e52c=\"346\" title=\"11 Mejores Tours Privados en Doha Desde $77.00\">Doha<\/a>-Qatar Executive, conocida por su flota de largo alcance y los lujosos servicios que ofrece a bordo de sus aviones, opera en el Reino Unido. <a href=\"https:\/\/comparemyjet.com\/es_mx\/como-alquilar-o-alquilar-un-jet-privado\/\" data-internallinksmanager029f6b8e52c=\"15\" title=\"\u00bfC\u00f3mo se alquila o se fleta un avi\u00f3n privado?\">alquiler de aviones privados<\/a> servicios en todo el mundo. Los lugares m\u00e1s populares para las llegadas y salidas de vuelos ch\u00e1rter incluyen:<\/p>\r\n\r\n\r\n\r\n<ul class=\"wp-block-list\"><li>De Qatar a Estados Unidos y Europa;<\/li><li>De Rusia a Asia oriental y sudoriental;<\/li><li>Desde Europa hasta las costas este y oeste de Estados Unidos.<\/li><\/ul>\r\n\r\n\r\n\r\n<p>Veamos con m\u00e1s detalle lo que ofrece Qatar Executive.<\/p>\r\n\r\n\r\n\r\n<div id=\"ez-toc-container\" class=\"ez-toc-v2_0_76 counter-hierarchy ez-toc-counter ez-toc-grey ez-toc-container-direction\">\n<p class=\"ez-toc-title\" style=\"cursor:inherit\">Temas<\/p>\n<label for=\"ez-toc-cssicon-toggle-item-69e2a3513eb47\" class=\"ez-toc-cssicon-toggle-label\"><span class=\"\"><span class=\"eztoc-hide\" style=\"display:none;\">Toggle<\/span><span class=\"ez-toc-icon-toggle-span\"><svg style=\"fill: #999;color:#999\" xmlns=\"http:\/\/www.w3.org\/2000\/svg\" class=\"list-377408\" width=\"20px\" height=\"20px\" viewbox=\"0 0 24 24\" fill=\"none\"><path d=\"M6 6H4v2h2V6zm14 0H8v2h12V6zM4 11h2v2H4v-2zm16 0H8v2h12v-2zM4 16h2v2H4v-2zm16 0H8v2h12v-2z\" fill=\"currentColor\"><\/path><\/svg><svg style=\"fill: #999;color:#999\" class=\"arrow-unsorted-368013\" xmlns=\"http:\/\/www.w3.org\/2000\/svg\" width=\"10px\" height=\"10px\" viewbox=\"0 0 24 24\" version=\"1.2\" baseprofile=\"tiny\"><path d=\"M18.2 9.3l-6.2-6.3-6.2 6.3c-.2.2-.3.4-.3.7s.1.5.3.7c.2.2.4.3.7.3h11c.3 0 .5-.1.7-.3.2-.2.3-.5.3-.7s-.1-.5-.3-.7zM5.8 14.7l6.2 6.3 6.2-6.3c.2-.2.3-.5.3-.7s-.1-.5-.3-.7c-.2-.2-.4-.3-.7-.3h-11c-.3 0-.5.1-.7.3-.2.2-.3.5-.3.7s.1.5.3.7z\"\/><\/svg><\/span><\/span><\/label><input type=\"checkbox\"  id=\"ez-toc-cssicon-toggle-item-69e2a3513eb47\" checked aria-label=\"Toggle\" \/><nav><ul class='ez-toc-list ez-toc-list-level-1' ><li class='ez-toc-page-1 ez-toc-heading-level-2'><a class=\"ez-toc-link ez-toc-heading-1\" href=\"https:\/\/comparemyjet.com\/es_mx\/qatar-ejecutivo\/#About_the_Company\" >Acerca de la empresa<\/a><\/li><li class='ez-toc-page-1 ez-toc-heading-level-2'><a class=\"ez-toc-link ez-toc-heading-2\" href=\"https:\/\/comparemyjet.com\/es_mx\/qatar-ejecutivo\/#Membership_Programs\" >Programas de afiliaci\u00f3n<\/a><\/li><li class='ez-toc-page-1 ez-toc-heading-level-2'><a class=\"ez-toc-link ez-toc-heading-3\" href=\"https:\/\/comparemyjet.com\/es_mx\/qatar-ejecutivo\/#Pricing\" >Precios<\/a><\/li><li class='ez-toc-page-1 ez-toc-heading-level-2'><a class=\"ez-toc-link ez-toc-heading-4\" href=\"https:\/\/comparemyjet.com\/es_mx\/qatar-ejecutivo\/#Additional_Services\" >Servicios adicionales<\/a><ul class='ez-toc-list-level-3' ><li class='ez-toc-heading-level-3'><a class=\"ez-toc-link ez-toc-heading-5\" href=\"https:\/\/comparemyjet.com\/es_mx\/qatar-ejecutivo\/#Aircraft_Management\" >Gesti\u00f3n de aeronaves<\/a><\/li><li class='ez-toc-page-1 ez-toc-heading-level-3'><a class=\"ez-toc-link ez-toc-heading-6\" href=\"https:\/\/comparemyjet.com\/es_mx\/qatar-ejecutivo\/#Aircraft_Servicing_and_Maintenance\" >Servicio y mantenimiento de aeronaves&nbsp;<\/a><\/li><\/ul><\/li><li class='ez-toc-page-1 ez-toc-heading-level-2'><a class=\"ez-toc-link ez-toc-heading-7\" href=\"https:\/\/comparemyjet.com\/es_mx\/qatar-ejecutivo\/#The_Fleet\" >La flota&nbsp;<\/a><ul class='ez-toc-list-level-3' ><li class='ez-toc-heading-level-3'><a class=\"ez-toc-link ez-toc-heading-8\" href=\"https:\/\/comparemyjet.com\/es_mx\/qatar-ejecutivo\/#1_The_Gulfstream_G650ER\" >1. El Gulfstream G650ER&nbsp;<\/a><\/li><li class='ez-toc-page-1 ez-toc-heading-level-3'><a class=\"ez-toc-link ez-toc-heading-9\" href=\"https:\/\/comparemyjet.com\/es_mx\/qatar-ejecutivo\/#2_Bombardier_Global_Express_XRS\" >2. Bombardier Global Express XRS<\/a><\/li><li class='ez-toc-page-1 ez-toc-heading-level-3'><a class=\"ez-toc-link ez-toc-heading-10\" href=\"https:\/\/comparemyjet.com\/es_mx\/qatar-ejecutivo\/#3_The_Gulfstream_G5000\" >3. El Gulfstream G5000<\/a><\/li><\/ul><\/li><li class='ez-toc-page-1 ez-toc-heading-level-2'><a class=\"ez-toc-link ez-toc-heading-11\" href=\"https:\/\/comparemyjet.com\/es_mx\/qatar-ejecutivo\/#Company_Safety_Policy_and_Standards\" >Pol\u00edtica y normas de seguridad de la empresa<\/a><\/li><li class='ez-toc-page-1 ez-toc-heading-level-2'><a class=\"ez-toc-link ez-toc-heading-12\" href=\"https:\/\/comparemyjet.com\/es_mx\/qatar-ejecutivo\/#Pilots\" >Pilotos<\/a><\/li><li class='ez-toc-page-1 ez-toc-heading-level-2'><a class=\"ez-toc-link ez-toc-heading-13\" href=\"https:\/\/comparemyjet.com\/es_mx\/qatar-ejecutivo\/#Qatar_Executive_FBO\" >Qatar Executive FBO<\/a><\/li><li class='ez-toc-page-1 ez-toc-heading-level-2'><a class=\"ez-toc-link ez-toc-heading-14\" href=\"https:\/\/comparemyjet.com\/es_mx\/qatar-ejecutivo\/#Conclusion\" >Conclusi\u00f3n<\/a><\/li><\/ul><\/nav><\/div>\n<h2 class=\"wp-block-heading\"><span class=\"ez-toc-section\" id=\"About_the_Company\"><\/span>Acerca de la empresa<span class=\"ez-toc-section-end\"><\/span><\/h2>\r\n\r\n\r\n\r\n<p>Fundada por la familia real qatar\u00ed, Qatar Airways entr\u00f3 en la industria de la aviaci\u00f3n en 1994. A diferencia de otras aerol\u00edneas, Qatar Airways tiene su propia flota de aviones privados, adem\u00e1s de su flota comercial. La filial de la aerol\u00ednea, Qatar Executive, se cre\u00f3 en 2009 y vuela principalmente <a href=\"https:\/\/comparemyjet.com\/es_mx\/gulfstream\/\" data-internallinksmanager029f6b8e52c=\"175\" title=\"Gu\u00eda definitiva de aviones y jets privados Gulfstream\">Gulfstream<\/a> avi\u00f3n de lujo.&nbsp;<\/p>\r\n\r\n\r\n\r\n<p>La flota de jets de negocios de propiedad exclusiva de Qatar Executive ofrece impresionantes servicios de ch\u00e1rter internacional desde su sede en el Aeropuerto Internacional de Doha. Los clientes tienen acceso al Block Hour Agreement, un programa basado en contratos que permite a los pasajeros reservar vuelos a precios por hora.<\/p>\r\n\r\n\r\n\r\n<p>El apoyo sostenido de la aerol\u00ednea a Oriente Medio y a la comunidad internacional de viajes de negocios, as\u00ed como su s\u00f3lido plan de expansi\u00f3n mundial, se reflejan en Qatar Executive.<\/p>\r\n\r\n\r\n\r\n<p>Adem\u00e1s, Qatar Executive trabaja con personal altamente cualificado procedente de m\u00e1s de 52 naciones y culturas diferentes para prestar servicios de asistencia en tierra a aerol\u00edneas extranjeras, altos cargos gubernamentales, aviones privados y compa\u00f1\u00edas de carga a\u00e9rea.&nbsp;<\/p>\r\n\r\n\r\n\r\n<p>Exploremos sus programas de afiliaci\u00f3n y continuemos con los dem\u00e1s servicios.<\/p>\r\n\r\n\r\n\r\n<h2 class=\"wp-block-heading\"><span class=\"ez-toc-section\" id=\"Membership_Programs\"><\/span>Programas de afiliaci\u00f3n<span class=\"ez-toc-section-end\"><\/span><\/h2>\r\n\r\n\r\n\r\n<p>Los clientes pueden precomprar tiempo de vuelo en aviones privados de \u00faltima generaci\u00f3n de gran tama\u00f1o y ultra largo alcance con tarifas horarias fijas a trav\u00e9s del programa \u00fanico y exclusivo de Qatar Executive <a href=\"https:\/\/www.qatarexec.com.qa\/en\/Services\/Agreement\" target=\"_blank\" rel=\"noopener\">Acuerdo de horas en bloque<\/a>.<\/p>\r\n\r\n\r\n\r\n<p>El Acuerdo de Bloqueo ofrece una experiencia de vuelo excepcional adaptada espec\u00edficamente a los gustos y expectativas de cada pasajero.<\/p>\r\n\r\n\r\n\r\n<p>Para unirse a este programa, los clientes deben adquirir un m\u00ednimo de 50 horas de vuelo sin ning\u00fan coste adicional de afiliaci\u00f3n. Tanto las horas de vuelo como el tiempo de taxi est\u00e1n incluidos en el precio fijo por hora. Adem\u00e1s, los clientes se benefician de tener asegurada la disponibilidad de las reservas realizadas desde 72 horas antes del vuelo.<\/p>\r\n\r\n\r\n\r\n<h2 class=\"wp-block-heading\"><span class=\"ez-toc-section\" id=\"Pricing\"><\/span>Precios<span class=\"ez-toc-section-end\"><\/span><\/h2>\r\n\r\n\r\n\r\n<p>Debido al hecho de que los clientes reciben el precio despu\u00e9s de la presentaci\u00f3n, Qatar Airways no revela ning\u00fan rango de precios espec\u00edfico o alternativas para Qatar Executive.<\/p>\r\n\r\n\r\n\r\n<p>Puede hacerse una idea general de lo que le espera en la p\u00e1gina del Ejecutivo de Qatar <a href=\"https:\/\/www.qatarexec.com.qa\/CommonMediaFiles\/PDF\/QEFBOflyer.pdf\" target=\"_blank\" rel=\"noopener\">lista en pdf de todos los precios y servicios<\/a>.<\/p>\r\n\r\n\r\n\r\n<h2 class=\"wp-block-heading\"><span class=\"ez-toc-section\" id=\"Additional_Services\"><\/span>Servicios adicionales<span class=\"ez-toc-section-end\"><\/span><\/h2>\r\n\r\n\r\n\r\n<p>Qatar Executive ofrece algunos servicios adicionales adem\u00e1s del arrendamiento de aviones.<\/p>\r\n\r\n\r\n\r\n<h3 class=\"wp-block-heading\"><span class=\"ez-toc-section\" id=\"Aircraft_Management\"><\/span>Gesti\u00f3n de aeronaves<span class=\"ez-toc-section-end\"><\/span><\/h3>\r\n\r\n\r\n\r\n<p>En este papel, Qatar Executive act\u00faa como asesor, proporcionando orientaci\u00f3n cuando es necesario y ofreciendo consejos sobre la forma m\u00e1s econ\u00f3mica de satisfacer las demandas de los clientes. Los clientes pueden elegir una soluci\u00f3n de gesti\u00f3n privada, de uso exclusivo, o una soluci\u00f3n de gesti\u00f3n comercial, en la que el avi\u00f3n se alquila a otros clientes a cambio de un considerable ahorro de costes en el precio total.<\/p>\r\n\r\n\r\n\r\n<h3 class=\"wp-block-heading\"><span class=\"ez-toc-section\" id=\"Aircraft_Servicing_and_Maintenance\"><\/span>Servicio y mantenimiento de aeronaves&nbsp;<span class=\"ez-toc-section-end\"><\/span><\/h3>\r\n\r\n\r\n\r\n<p>Qatar Executive ofrece servicios de asistencia en tierra y operaciones de base fija a compa\u00f1\u00edas a\u00e9reas internacionales, funcionarios gubernamentales, aviones privados y transporte de carga a\u00e9rea. Gracias a la plantilla de expertos t\u00e9cnicos de Qatar Executive, formados en la f\u00e1brica, todas las tareas de mantenimiento de las aeronaves se llevan a cabo con los m\u00e1s altos est\u00e1ndares. El Challenger 604\/605, el Global XRS, el 5000 y el Gulfstream G650\/G500 son algunos de los aviones en los que Qatar Executives puede realizar el mantenimiento en base y en l\u00ednea.&nbsp;<\/p>\r\n\r\n\r\n\r\n<h2 class=\"wp-block-heading\"><span class=\"ez-toc-section\" id=\"The_Fleet\"><\/span>La flota&nbsp;<span class=\"ez-toc-section-end\"><\/span><\/h2>\r\n\r\n\r\n\r\n<figure class=\"wp-block-image size-full is-style-default\"><img loading=\"lazy\" decoding=\"async\" width=\"1000\" height=\"665\" src=\"https:\/\/comparemyjet.com\/wp-content\/uploads\/2022\/09\/Qatar-Executive.jpg\" alt=\"Ejecutivo de Qatar\" class=\"wp-image-3249\" srcset=\"https:\/\/comparemyjet.com\/wp-content\/uploads\/2022\/09\/Qatar-Executive-18x12.jpg 18w, https:\/\/comparemyjet.com\/wp-content\/uploads\/2022\/09\/Qatar-Executive-300x200.jpg 300w, https:\/\/comparemyjet.com\/wp-content\/uploads\/2022\/09\/Qatar-Executive-768x511.jpg 768w, https:\/\/comparemyjet.com\/wp-content\/uploads\/2022\/09\/Qatar-Executive.jpg 1000w\" sizes=\"auto, (max-width: 1000px) 100vw, 1000px\" \/><\/figure>\r\n\r\n\r\n\r\n<p>Al alquilar un jet privado con Qatar Executive, tendr\u00e1 acceso directo a su flota y a los m\u00e1s modernos Gulfstream y <a href=\"https:\/\/comparemyjet.com\/es_mx\/bombardero\/\" data-internallinksmanager029f6b8e52c=\"159\" title=\"Gu\u00eda definitiva de aviones y jets privados Bombardier\">Bombardier<\/a> aviones gestionados seg\u00fan las normas de seguridad m\u00e1s recientes. Estos jets son s\u00f3lo para alquiler privado y no se utilizan para vuelos comerciales regulares de Qatar Airways.&nbsp;<\/p>\r\n\r\n\r\n\r\n<p>El Gulfstream G650ER, el Bombardier Global Express XRS y el Gulfstream G500 son los aviones actuales de la aerol\u00ednea, que cuenta con aproximadamente 20.&nbsp;<\/p>\r\n\r\n\r\n\r\n<p>Lo que todos estos aviones tienen en com\u00fan son caracter\u00edsticas como interiores opulentos con amplias configuraciones de asientos, espacio para comer y otros espacios y muebles funcionales, al igual que los aviones privados de otras compa\u00f1\u00edas. Su interior est\u00e1 dise\u00f1ado pensando en un peque\u00f1o y selecto grupo de pasajeros que viajan juntos, por lo que es muy funcional y est\u00e9ticamente agradable.<\/p>\r\n\r\n\r\n\r\n<p>Echemos un vistazo al interior de los tres principales modelos de aviones de la flota de Qatar Executive y veamos sus prestaciones, tama\u00f1o y comodidades.&nbsp;<\/p>\r\n\r\n\r\n\r\n<h3 class=\"wp-block-heading\"><span class=\"ez-toc-section\" id=\"1_The_Gulfstream_G650ER\"><\/span>1. El Gulfstream G650ER&nbsp;<span class=\"ez-toc-section-end\"><\/span><\/h3>\r\n\r\n\r\n\r\n<p>El Gulfstream G650ER forma parte de los jets de negocios de ultra largo alcance y es uno de los m\u00e1s r\u00e1pidos del mercado gracias a su excelente motor.&nbsp;<\/p>\r\n\r\n\r\n\r\n<p><a href=\"https:\/\/www.onemoreorbit.com\/\" target=\"_blank\" rel=\"noopener\">Una \u00f3rbita m\u00e1s<\/a> es un exitoso intento internacional de batir el r\u00e9cord Guinness de la vuelta al planeta m\u00e1s r\u00e1pida por ambos polos. Para la misi\u00f3n, utilizaron un avi\u00f3n propiedad de Qatar Executive para batir el r\u00e9cord anterior de la vuelta al mundo m\u00e1s r\u00e1pida de polo a polo. En 2019, superaron el r\u00e9cord anterior de 52 horas y 32 minutos, estableciendo un nuevo r\u00e9cord de 46 horas y 40 minutos volando en un G50ER.&nbsp;<\/p>\r\n\r\n\r\n\r\n<p>El elitista Gulfstream G650ER tiene una longitud de cabina de algo m\u00e1s de 45 pies y puede acomodar a 13 pasajeros que vuelan directamente entre Asia y \u00c1frica o entre Oriente Medio y Norteam\u00e9rica. Es el mejor avi\u00f3n para las personas que necesitan atravesar medio mundo, ya que puede viajar m\u00e1s lejos y m\u00e1s r\u00e1pido que casi cualquier avi\u00f3n de su tama\u00f1o.<\/p>\r\n\r\n\r\n\r\n<p>Las capacidades operativas del avi\u00f3n, la tecnolog\u00eda interior, el consumo de combustible y la seguridad de los pasajeros lo convierten en un avi\u00f3n muy solicitado. Con un alcance de 7.500 millas, el Gulfstream G650ER de Qatar Executive tiene la capacidad de volar m\u00e1s r\u00e1pido y m\u00e1s lejos que cualquier otro avi\u00f3n de su clase.<\/p>\r\n\r\n\r\n\r\n<p>Especificaciones y comodidades:<\/p>\r\n\r\n\r\n\r\n<ul class=\"wp-block-list\"><li>Pasajeros: 13;<\/li><li>Altura de la cabina: 1,80 m;<\/li><li>Anchura de la cabina: 8 pies y 6 pulgadas;<\/li><li>Longitud de la cabina: 46 pies 10 pulgadas;<\/li><li>Altitud m\u00e1xima: 51.000 pies;<\/li><li>Velocidad m\u00e1xima: 1.132 km\/h;<\/li><li>Rango de vuelo: 7.500 mn;<\/li><li>Tripulaci\u00f3n: 2 pilotos, 1 auxiliar de vuelo;<\/li><li>Se permiten 20 bolsas;<\/li><li>WiFi;<\/li><li>La habitaci\u00f3n para dormir;<\/li><li>Se permite fumar.&nbsp;<\/li><\/ul>\r\n\r\n\r\n\r\n<h3 class=\"wp-block-heading\"><span class=\"ez-toc-section\" id=\"2_Bombardier_Global_Express_XRS\"><\/span>2. Bombardier Global Express XRS<span class=\"ez-toc-section-end\"><\/span><\/h3>\r\n\r\n\r\n\r\n<p>El Bombardier Global Express XRS es el avi\u00f3n de negocios ideal que cuenta con todas las mejores prestaciones necesarias para un vuelo internacional, como una configuraci\u00f3n de cabina de vuelo de vanguardia y una cabina silenciosa.<\/p>\r\n\r\n\r\n\r\n<p>Especificaciones y comodidades:<\/p>\r\n\r\n\r\n\r\n<ul class=\"wp-block-list\"><li>Pasajeros: 13;<\/li><li>Altura de la cabina: 6 pies 25 pulgadas;<\/li><li>Anchura de la cabina: 8 pies y 17 pulgadas;<\/li><li>Longitud de la cabina: 48 pies 35 pulgadas;<\/li><li>Rango de vuelo: 6.150nm;<\/li><li>Altitud m\u00e1xima: 49.000 pies;<\/li><li>Velocidad m\u00e1xima: 950 km\/h;<\/li><li>Tripulaci\u00f3n: 2 pilotos, una tripulaci\u00f3n de cabina;<\/li><li>Se permiten 15 bolsas;<\/li><li>WiFi;<\/li><li>La habitaci\u00f3n para dormir;<\/li><li>Se permite fumar.<\/li><\/ul>\r\n\r\n\r\n\r\n<h3 class=\"wp-block-heading\"><span class=\"ez-toc-section\" id=\"3_The_Gulfstream_G5000\"><\/span>3. El Gulfstream G5000<span class=\"ez-toc-section-end\"><\/span><\/h3>\r\n\r\n\r\n\r\n<p>El G5000 es uno de los aviones m\u00e1s r\u00e1pidos y tecnol\u00f3gicamente sofisticados de la flota de Qatar Executive. Este avi\u00f3n de \u00faltima generaci\u00f3n establece un nuevo est\u00e1ndar para el sector al proporcionar una de las cabinas m\u00e1s silenciosas y ofrecer la presi\u00f3n de altitud de cabina adecuada para aumentar la satisfacci\u00f3n de los pasajeros.<\/p>\r\n\r\n\r\n\r\n<p>Especificaciones:<\/p>\r\n\r\n\r\n\r\n<ul class=\"wp-block-list\"><li>Pasajeros: 13;<\/li><li>Longitud de la cabina: 42 pies 50 pulgadas;<\/li><li>Altura de la cabina: 6 pies 25 pulgadas;<\/li><li>Anchura de la cabina: 8 pies y 17 pulgadas;<\/li><li>Velocidad m\u00e1xima: 950 km\/h;<\/li><li>Rango de vuelo: 5.000nm;<\/li><li>Altitud m\u00e1xima: 49.000 pies'<\/li><li>Tripulaci\u00f3n: 2 pilotos, una tripulaci\u00f3n de cabina;<\/li><li>Se permiten 15 bolsas;<\/li><li>WiFi;<\/li><li>La habitaci\u00f3n para dormir;&nbsp;<\/li><li>Se permite fumar.<\/li><\/ul>\r\n\r\n\r\n\r\n<h2 class=\"wp-block-heading\"><span class=\"ez-toc-section\" id=\"Company_Safety_Policy_and_Standards\"><\/span>Pol\u00edtica y normas de seguridad de la empresa<span class=\"ez-toc-section-end\"><\/span><\/h2>\r\n\r\n\r\n\r\n<p>El Ejecutivo de Qatar ha recibido muchas <a href=\"https:\/\/www.qatarexec.com.qa\/en\/About\/Awards\" target=\"_blank\" rel=\"noopener\">premios<\/a>El equipo de seguridad de la aeronave y la tripulaci\u00f3n cumplen con estrictas normas de seguridad y ofrecen servicios personalizados de alta calidad.<\/p>\r\n\r\n\r\n\r\n<p>Cada una de sus aeronaves se mantiene a niveles que van m\u00e1s all\u00e1 de las exigencias del fabricante, gracias a su departamento de mantenimiento interno, aprobado por la Parte 145.<\/p>\r\n\r\n\r\n\r\n<p>Adem\u00e1s, el Ejecutivo de Qatar es miembro de <a href=\"https:\/\/nbaa.org\/\" target=\"_blank\" rel=\"noopener\">la Asociaci\u00f3n Nacional de Aviaci\u00f3n de Negocios<\/a> y <a href=\"https:\/\/www.theaircharterassociation.aero\/\" target=\"_blank\" rel=\"noopener\">Asociaci\u00f3n de vuelos ch\u00e1rter<\/a>y es <a href=\"https:\/\/www.wyvernltd.com\/\" target=\"_blank\" rel=\"noopener\">Wyvern<\/a> &amp; <a href=\"https:\/\/ibac.org\/is-bao\" target=\"_blank\" rel=\"noopener\">Certificado ISBAO<\/a>.<\/p>\r\n\r\n\r\n\r\n<h2 class=\"wp-block-heading\"><span class=\"ez-toc-section\" id=\"Pilots\"><\/span>Pilotos<span class=\"ez-toc-section-end\"><\/span><\/h2>\r\n\r\n\r\n\r\n<p>La tripulaci\u00f3n de Qatar Executive recibe la misma formaci\u00f3n que la de Qatar Airways. Cada uno de sus pilotos tiene una amplia experiencia volando en aviones de negocios por todo el mundo, y los asistentes de vuelo reciben formaci\u00f3n continua para garantizar el mejor servicio y fiabilidad a bordo.&nbsp;<\/p>\r\n\r\n\r\n\r\n<h2 class=\"wp-block-heading\"><span class=\"ez-toc-section\" id=\"Qatar_Executive_FBO\"><\/span>Qatar Executive FBO<span class=\"ez-toc-section-end\"><\/span><\/h2>\r\n\r\n\r\n\r\n<p>En 2011, Qatar Executive lanz\u00f3 su primer <a href=\"https:\/\/comparemyjet.com\/es_mx\/que-es-un-jet-privado-operador-de-base-fija-fbo\/\" data-internallinksmanager029f6b8e52c=\"19\" title=\"\u00bfQu\u00e9 es un operador de base fija (FBO) de aviones privados?\">FBO<\/a> (operador de base fija) y servicio de mantenimiento para los aviones privados que llegan a Doha.&nbsp;<\/p>\r\n\r\n\r\n\r\n<p>Hay un equipo servicial que satisface las necesidades de cada cliente con la mayor atenci\u00f3n y el sal\u00f3n FBO ofrece una variedad de comodidades, como WiFi, bebidas, peri\u00f3dicos y un ambiente relajante para desconectar.<\/p>\r\n\r\n\r\n\r\n<p>El personal del FBO puede organizar servicios como repostaje, previsiones meteorol\u00f3gicas, comida, <a href=\"https:\/\/comparemyjet.com\/es_mx\/hotels\/\" data-internallinksmanager029f6b8e52c=\"470\" title=\"Los 100 mejores hoteles cerca de aeropuertos de todo el mundo\">hotel<\/a> alojamiento y transporte.<\/p>\r\n\r\n\r\n\r\n<p>Puede ver los servicios y precios del FBO en <a href=\"https:\/\/www.qatarexec.com.qa\/en\/Services\/VIPServiceDoha\" target=\"_blank\" rel=\"noopener\">enlace<\/a>.<\/p>\r\n\r\n\r\n\r\n<h2 class=\"wp-block-heading\"><span class=\"ez-toc-section\" id=\"Conclusion\"><\/span>Conclusi\u00f3n<span class=\"ez-toc-section-end\"><\/span><\/h2>\r\n\r\n\r\n\r\n<figure class=\"wp-block-image size-full is-style-default\"><img loading=\"lazy\" decoding=\"async\" width=\"1000\" height=\"667\" src=\"https:\/\/comparemyjet.com\/wp-content\/uploads\/2022\/09\/Qatar.Executive.jpg\" alt=\"\" class=\"wp-image-3250\" srcset=\"https:\/\/comparemyjet.com\/wp-content\/uploads\/2022\/09\/Qatar.Executive-18x12.jpg 18w, https:\/\/comparemyjet.com\/wp-content\/uploads\/2022\/09\/Qatar.Executive-300x200.jpg 300w, https:\/\/comparemyjet.com\/wp-content\/uploads\/2022\/09\/Qatar.Executive-768x512.jpg 768w, https:\/\/comparemyjet.com\/wp-content\/uploads\/2022\/09\/Qatar.Executive.jpg 1000w\" sizes=\"auto, (max-width: 1000px) 100vw, 1000px\" \/><\/figure>\r\n\r\n\r\n\r\n<p>Desde su fundaci\u00f3n en 2009, Qatar Executive ha crecido r\u00e1pidamente y ha tomado la delantera en la prestaci\u00f3n de servicios de ch\u00e1rter a\u00e9reo a particulares, organizaciones y gobiernos. Ofrecen vuelos ch\u00e1rter a pr\u00e1cticamente cualquier lugar del mundo con su flota de seis aviones Bombardier Challenger 605 y Global totalmente nuevos e inmaculadamente equipados, y ofrecen un servicio de alta gama a sus clientes. Al ofrecer tanto aviones comerciales como privados, no es de extra\u00f1ar que Qatar Executive sea una de las principales aerol\u00edneas del mundo.&nbsp;<\/p>","protected":false},"excerpt":{"rendered":"<p>Qatar Executive, con sede en Doha, es conocida por su flota de largo alcance y por las lujosas comodidades que ofrece a bordo de cada vuelo, y opera servicios de ch\u00e1rter de aviones privados en todo el mundo. Los lugares m\u00e1s populares para las llegadas y salidas de los vuelos ch\u00e1rter incluyen: De Qatar a EE.UU. y Europa; De Rusia al este y sureste de Asia; De Europa al este y oeste ...<\/p>","protected":false},"author":2,"featured_media":3251,"parent":0,"menu_order":0,"comment_status":"closed","ping_status":"closed","template":"","meta":{"_acf_changed":false,"_genesis_hide_title":false,"_genesis_hide_breadcrumbs":false,"_genesis_hide_singular_image":false,"_genesis_hide_footer_widgets":false,"_genesis_custom_body_class":"","_genesis_custom_post_class":"","_genesis_layout":"","footnotes":""},"class_list":{"1":"page","2":"type-page","6":"entry"},"acf":[],"_links":{"self":[{"href":"https:\/\/comparemyjet.com\/es_mx\/wp-json\/wp\/v2\/pages\/3248","targetHints":{"allow":["GET"]}}],"collection":[{"href":"https:\/\/comparemyjet.com\/es_mx\/wp-json\/wp\/v2\/pages"}],"about":[{"href":"https:\/\/comparemyjet.com\/es_mx\/wp-json\/wp\/v2\/types\/page"}],"author":[{"embeddable":true,"href":"https:\/\/comparemyjet.com\/es_mx\/wp-json\/wp\/v2\/users\/2"}],"replies":[{"embeddable":true,"href":"https:\/\/comparemyjet.com\/es_mx\/wp-json\/wp\/v2\/comments?post=3248"}],"version-history":[{"count":2,"href":"https:\/\/comparemyjet.com\/es_mx\/wp-json\/wp\/v2\/pages\/3248\/revisions"}],"predecessor-version":[{"id":3462,"href":"https:\/\/comparemyjet.com\/es_mx\/wp-json\/wp\/v2\/pages\/3248\/revisions\/3462"}],"wp:featuredmedia":[{"embeddable":true,"href":"https:\/\/comparemyjet.com\/es_mx\/wp-json\/wp\/v2\/media\/3251"}],"wp:attachment":[{"href":"https:\/\/comparemyjet.com\/es_mx\/wp-json\/wp\/v2\/media?parent=3248"}],"curies":[{"name":"wp","href":"https:\/\/api.w.org\/{rel}","templated":true}]}}