{"id":3559,"date":"2022-10-15T01:08:04","date_gmt":"2022-10-15T01:08:04","guid":{"rendered":"https:\/\/comparemyjet.com\/?page_id=3559"},"modified":"2025-09-04T10:03:18","modified_gmt":"2025-09-04T10:03:18","slug":"verijet","status":"publish","type":"page","link":"https:\/\/comparemyjet.com\/es_mx\/verijet\/","title":{"rendered":"Precios de los vuelos de VeriJet"},"content":{"rendered":"<p>Verijet es una compa\u00f1\u00eda a\u00e9rea innovadora que se distingue de otras <a href=\"https:\/\/comparemyjet.com\/es_mx\/como-alquilar-o-alquilar-un-jet-privado\/\" data-internallinksmanager029f6b8e52c=\"15\" title=\"\u00bfC\u00f3mo se alquila o se fleta un avi\u00f3n privado?\">alquiler de aviones privados<\/a> por una serie de criterios, la mayor\u00eda de los cuales se remontan a la flota de Cirrus SF-50 Vision Jets de la empresa. La empresa se fund\u00f3 en 2020 y sus oficinas principales se encuentran en Vero Beach, Florida.<\/p>\r\n\r\n\r\n\r\n<p>Para que los vuelos sean m\u00e1s asequibles, Verijet ha desarrollado un motor de optimizaci\u00f3n de vuelos y ha lanzado su propia flota de jets G2+ Vision, m\u00e1s potentes y mejor equipados para afrontar pistas dif\u00edciles y distancias m\u00e1s largas. Estos jets tienen calificaciones excepcionales en materia de seguridad y realizan vuelos 100% neutros en carbono.&nbsp;<\/p>\r\n\r\n\r\n\r\n<p>Tras un fruct\u00edfero comienzo en la regi\u00f3n del sureste de Estados Unidos, Verijet pretende poner a disposici\u00f3n de sus clientes vuelos privados r\u00e1pidos y de bajo coste en todo el pa\u00eds.<\/p>\r\n\r\n\r\n\r\n<div id=\"ez-toc-container\" class=\"ez-toc-v2_0_76 counter-hierarchy ez-toc-counter ez-toc-grey ez-toc-container-direction\">\n<p class=\"ez-toc-title\" style=\"cursor:inherit\">Temas<\/p>\n<label for=\"ez-toc-cssicon-toggle-item-69f475e81f97c\" class=\"ez-toc-cssicon-toggle-label\"><span class=\"\"><span class=\"eztoc-hide\" style=\"display:none;\">Toggle<\/span><span class=\"ez-toc-icon-toggle-span\"><svg style=\"fill: #999;color:#999\" xmlns=\"http:\/\/www.w3.org\/2000\/svg\" class=\"list-377408\" width=\"20px\" height=\"20px\" viewbox=\"0 0 24 24\" fill=\"none\"><path d=\"M6 6H4v2h2V6zm14 0H8v2h12V6zM4 11h2v2H4v-2zm16 0H8v2h12v-2zM4 16h2v2H4v-2zm16 0H8v2h12v-2z\" fill=\"currentColor\"><\/path><\/svg><svg style=\"fill: #999;color:#999\" class=\"arrow-unsorted-368013\" xmlns=\"http:\/\/www.w3.org\/2000\/svg\" width=\"10px\" height=\"10px\" viewbox=\"0 0 24 24\" version=\"1.2\" baseprofile=\"tiny\"><path d=\"M18.2 9.3l-6.2-6.3-6.2 6.3c-.2.2-.3.4-.3.7s.1.5.3.7c.2.2.4.3.7.3h11c.3 0 .5-.1.7-.3.2-.2.3-.5.3-.7s-.1-.5-.3-.7zM5.8 14.7l6.2 6.3 6.2-6.3c.2-.2.3-.5.3-.7s-.1-.5-.3-.7c-.2-.2-.4-.3-.7-.3h-11c-.3 0-.5.1-.7.3-.2.2-.3.5-.3.7s.1.5.3.7z\"\/><\/svg><\/span><\/span><\/label><input type=\"checkbox\"  id=\"ez-toc-cssicon-toggle-item-69f475e81f97c\" checked aria-label=\"Toggle\" \/><nav><ul class='ez-toc-list ez-toc-list-level-1' ><li class='ez-toc-page-1 ez-toc-heading-level-2'><a class=\"ez-toc-link ez-toc-heading-1\" href=\"https:\/\/comparemyjet.com\/es_mx\/verijet\/#About_the_Company\" >Acerca de la empresa<\/a><ul class='ez-toc-list-level-3' ><li class='ez-toc-heading-level-3'><a class=\"ez-toc-link ez-toc-heading-2\" href=\"https:\/\/comparemyjet.com\/es_mx\/verijet\/#The_G2_Vision_Jets_Fleet\" >La flota de G2+ Vision Jets<\/a><\/li><\/ul><\/li><li class='ez-toc-page-1 ez-toc-heading-level-2'><a class=\"ez-toc-link ez-toc-heading-3\" href=\"https:\/\/comparemyjet.com\/es_mx\/verijet\/#Pricing\" >Precios<\/a><\/li><li class='ez-toc-page-1 ez-toc-heading-level-2'><a class=\"ez-toc-link ez-toc-heading-4\" href=\"https:\/\/comparemyjet.com\/es_mx\/verijet\/#Company_Jet_Card_Programs\" >Programas de tarjetas Jet para empresas<\/a><ul class='ez-toc-list-level-3' ><li class='ez-toc-heading-level-3'><a class=\"ez-toc-link ez-toc-heading-5\" href=\"https:\/\/comparemyjet.com\/es_mx\/verijet\/#25_Hour_JetCard\" >JetCard de 25 horas<\/a><\/li><li class='ez-toc-page-1 ez-toc-heading-level-3'><a class=\"ez-toc-link ez-toc-heading-6\" href=\"https:\/\/comparemyjet.com\/es_mx\/verijet\/#50_Hour_JetCard\" >JetCard de 50 horas<\/a><\/li><li class='ez-toc-page-1 ez-toc-heading-level-3'><a class=\"ez-toc-link ez-toc-heading-7\" href=\"https:\/\/comparemyjet.com\/es_mx\/verijet\/#100_Hour_JetCard\" >Tarjeta JetCard de 100 horas<\/a><\/li><\/ul><\/li><li class='ez-toc-page-1 ez-toc-heading-level-2'><a class=\"ez-toc-link ez-toc-heading-8\" href=\"https:\/\/comparemyjet.com\/es_mx\/verijet\/#The_Fleet\" >La flota&nbsp;<\/a><ul class='ez-toc-list-level-4' ><li class='ez-toc-heading-level-4'><ul class='ez-toc-list-level-4' ><li class='ez-toc-heading-level-4'><a class=\"ez-toc-link ez-toc-heading-9\" href=\"https:\/\/comparemyjet.com\/es_mx\/verijet\/#Characteristics_of_The_Cirrus_SF-50_Vision_Jet\" >Caracter\u00edsticas del Cirrus SF-50 Vision Jet<\/a><\/li><\/ul><\/li><\/ul><\/li><li class='ez-toc-page-1 ez-toc-heading-level-2'><a class=\"ez-toc-link ez-toc-heading-10\" href=\"https:\/\/comparemyjet.com\/es_mx\/verijet\/#Company_Safety_Policy_and_Standards\" >Pol\u00edtica y normas de seguridad de la empresa<\/a><\/li><li class='ez-toc-page-1 ez-toc-heading-level-2'><a class=\"ez-toc-link ez-toc-heading-11\" href=\"https:\/\/comparemyjet.com\/es_mx\/verijet\/#Pilots\" >Pilotos<\/a><\/li><li class='ez-toc-page-1 ez-toc-heading-level-2'><a class=\"ez-toc-link ez-toc-heading-12\" href=\"https:\/\/comparemyjet.com\/es_mx\/verijet\/#Partnerships\" >Asociaciones<\/a><\/li><li class='ez-toc-page-1 ez-toc-heading-level-2'><a class=\"ez-toc-link ez-toc-heading-13\" href=\"https:\/\/comparemyjet.com\/es_mx\/verijet\/#Conclusion\" >Conclusi\u00f3n<\/a><\/li><\/ul><\/nav><\/div>\n<h2 class=\"wp-block-heading\"><span class=\"ez-toc-section\" id=\"About_the_Company\"><\/span>Acerca de la empresa<span class=\"ez-toc-section-end\"><\/span><\/h2>\r\n\r\n\r\n\r\n<p>Richard Kane, presidente y consejero delegado de Verijet, ha trabajado en los sectores de las telecomunicaciones y la aviaci\u00f3n, lo que le inspir\u00f3 para crear la empresa. Dado que es un piloto de talento con r\u00e9cords mundiales de velocidad y tiene experiencia en el enrutamiento de millones de llamadas por hora en tiempo real, Verijet se ha convertido r\u00e1pidamente en la empresa de ch\u00e1rter de aviones privados.<\/p>\r\n\r\n\r\n\r\n<p>Verijet ha creado un sistema de optimizaci\u00f3n que puede sustituir a un equipo de planificadores con s\u00f3lo pulsar un bot\u00f3n. Como resultado directo, se eliminan otras tasas, lo que se traduce en una reducci\u00f3n de las tarifas a\u00e9reas. Kane prob\u00f3 su proceso de optimizaci\u00f3n en un cl\u00faster de m\u00e1quinas virtuales que compart\u00edan el mismo conjunto de memoria y espacio en el disco duro. Tras investigar varias opciones, se decant\u00f3 por <a href=\"https:\/\/www.ibm.com\/cloud\/bare-metal-servers\" target=\"_blank\" rel=\"noopener\">Servidores IBM Cloud Bare Metal<\/a> debido a su estabilidad y potencia de c\u00e1lculo en comparaci\u00f3n con la del motor de optimizaci\u00f3n, as\u00ed como a su acceso a la plataforma en la nube de IBM y al apoyo de ingenieros y asesores t\u00e9cnicos.<\/p>\r\n\r\n\r\n\r\n<h3 class=\"wp-block-heading\"><span class=\"ez-toc-section\" id=\"The_G2_Vision_Jets_Fleet\"><\/span>La flota de G2+ Vision Jets<span class=\"ez-toc-section-end\"><\/span><\/h3>\r\n\r\n\r\n\r\n<figure class=\"wp-block-image size-full is-style-default\"><img loading=\"lazy\" decoding=\"async\" width=\"1000\" height=\"563\" src=\"https:\/\/comparemyjet.com\/wp-content\/uploads\/2022\/10\/G2-Vision-Jet-1.jpg\" alt=\"VeriJet\" class=\"wp-image-3562\" srcset=\"https:\/\/comparemyjet.com\/wp-content\/uploads\/2022\/10\/G2-Vision-Jet-1-18x10.jpg 18w, https:\/\/comparemyjet.com\/wp-content\/uploads\/2022\/10\/G2-Vision-Jet-1-300x169.jpg 300w, https:\/\/comparemyjet.com\/wp-content\/uploads\/2022\/10\/G2-Vision-Jet-1-768x432.jpg 768w, https:\/\/comparemyjet.com\/wp-content\/uploads\/2022\/10\/G2-Vision-Jet-1.jpg 1000w\" sizes=\"auto, (max-width: 1000px) 100vw, 1000px\" \/><\/figure>\r\n\r\n\r\n\r\n<p>Con el apoyo de este nuevo software, Kane pudo crear su propia flota de peque\u00f1os jets ecol\u00f3gicamente sostenibles. Estos jets silenciosos y de un solo piloto, con la marca Vision Jets, le ayudaron a construir el motor de optimizaci\u00f3n y a trabajar en el siguiente paso de su plan.<\/p>\r\n\r\n\r\n\r\n<p>Estos jets privados est\u00e1n equipados con medidas de seguridad vanguardistas, como el sistema de paraca\u00eddas para aviones Cirrus (CAPS) y el bot\u00f3n \"Safe Return\", que permiten realizar un aterrizaje de emergencia con el piloto autom\u00e1tico. La p\u00e1gina web <a href=\"https:\/\/www.faa.gov\/\" target=\"_blank\" rel=\"noopener\">Administraci\u00f3n Federal de Aviaci\u00f3n<\/a> tuvo que pasar por unos cuantos aros adicionales, ya que estas capacidades son tan vanguardistas, antes de poder dar su bendici\u00f3n a Vision Jets, lo que finalmente hicieron.<\/p>\r\n\r\n\r\n\r\n<p>La demanda de potencia de c\u00e1lculo de Kane est\u00e1 creciendo al mismo tiempo que su base de clientes y su flota de Vision Jets. Para lograr este objetivo, actualmente est\u00e1 entablando conversaciones con el equipo de Computaci\u00f3n Cu\u00e1ntica de IBM para continuar su trabajo de optimizaci\u00f3n.<\/p>\r\n\r\n\r\n\r\n<p>El coste fijo actual por trayecto del servicio de VeriJets ha estado disponible en <a href=\"https:\/\/comparemyjet.com\/es_mx\/visitas-privadas\/orlando-private-tours\/\" data-internallinksmanager029f6b8e52c=\"429\" title=\"11 Mejores Tours Privados en Orlando Desde $5.99\">Orlando<\/a>Florida, y el aeropuerto de Santa Mar\u00eda, en California, a partir de 2021. El noreste de Estados Unidos, Canad\u00e1 y Europa figuran en la lista de posibles lugares de expansi\u00f3n.<\/p>\r\n\r\n\r\n\r\n<h2 class=\"wp-block-heading\"><span class=\"ez-toc-section\" id=\"Pricing\"><\/span>Precios<span class=\"ez-toc-section-end\"><\/span><\/h2>\r\n\r\n\r\n\r\n<p>La estructura actual de precios es sencilla. Los clientes pagan un m\u00ednimo de sesenta minutos de vuelo, adem\u00e1s de un impuesto federal de 7,5%, lo que supone un total de $3.000 por hora.&nbsp;<\/p>\r\n\r\n\r\n\r\n<h2 class=\"wp-block-heading\"><span class=\"ez-toc-section\" id=\"Company_Jet_Card_Programs\"><\/span>Programas de tarjetas Jet para empresas<span class=\"ez-toc-section-end\"><\/span><\/h2>\r\n\r\n\r\n\r\n<figure class=\"wp-block-image size-full is-style-default\"><img loading=\"lazy\" decoding=\"async\" width=\"1000\" height=\"442\" src=\"https:\/\/comparemyjet.com\/wp-content\/uploads\/2022\/09\/little.plane_.in_.the_.hand_.of_.a.businessman.jpg\" alt=\"\" class=\"wp-image-3335\" srcset=\"https:\/\/comparemyjet.com\/wp-content\/uploads\/2022\/09\/little.plane_.in_.the_.hand_.of_.a.businessman-18x8.jpg 18w, https:\/\/comparemyjet.com\/wp-content\/uploads\/2022\/09\/little.plane_.in_.the_.hand_.of_.a.businessman-300x133.jpg 300w, https:\/\/comparemyjet.com\/wp-content\/uploads\/2022\/09\/little.plane_.in_.the_.hand_.of_.a.businessman-768x339.jpg 768w, https:\/\/comparemyjet.com\/wp-content\/uploads\/2022\/09\/little.plane_.in_.the_.hand_.of_.a.businessman.jpg 1000w\" sizes=\"auto, (max-width: 1000px) 100vw, 1000px\" \/><\/figure>\r\n\r\n\r\n\r\n<p>Cuando los clientes adquieren una Verijet JetCard, tienen prioridad de reserva y la opci\u00f3n de comprar bloques de tiempo de vuelo de 25, 50 o 100 horas de duraci\u00f3n. Exploremos estas opciones.<\/p>\r\n\r\n\r\n\r\n<h3 class=\"wp-block-heading\"><span class=\"ez-toc-section\" id=\"25_Hour_JetCard\"><\/span>JetCard de 25 horas<span class=\"ez-toc-section-end\"><\/span><\/h3>\r\n\r\n\r\n\r\n<p>La compra de la tarjeta Jet Card de 25 horas cuesta $81,250, y el precio por hora de cada vuelo es de $3,250 fijos. No hay cuota de socio, por lo que el precio de compra es en realidad un dep\u00f3sito del que se deduce el precio por hora con cada vuelo.&nbsp;<\/p>\r\n\r\n\r\n\r\n<ul class=\"wp-block-list\"><li>Pueden aplicarse recargos.&nbsp;<\/li><li>No hay un m\u00ednimo diario.&nbsp;<\/li><li>La tarjeta es v\u00e1lida durante un a\u00f1o. Las mascotas son bienvenidas a bordo.&nbsp;<\/li><li>Se requiere un m\u00ednimo de una hora de vuelo.&nbsp;<\/li><li>El plazo de cancelaci\u00f3n es de 72 horas antes del vuelo, y no hay d\u00edas punta.<\/li><\/ul>\r\n\r\n\r\n\r\n<h3 class=\"wp-block-heading\"><span class=\"ez-toc-section\" id=\"50_Hour_JetCard\"><\/span>JetCard de 50 horas<span class=\"ez-toc-section-end\"><\/span><\/h3>\r\n\r\n\r\n\r\n<p>La compra de la tarjeta Jet Card de 50 horas cuesta $152.500, y el precio por hora de cada vuelo es de $3.050 fijos.&nbsp;<\/p>\r\n\r\n\r\n\r\n<ul class=\"wp-block-list\"><li>No hay cuotas de afiliaci\u00f3n.&nbsp;<\/li><li>Pueden aplicarse recargos.&nbsp;<\/li><li>No hay un m\u00ednimo diario.&nbsp;<\/li><li>La tarjeta es v\u00e1lida durante 15 meses.<\/li><li>Las mascotas son bienvenidas a bordo.&nbsp;<\/li><li>Se requiere un m\u00ednimo de una hora de vuelo.&nbsp;<\/li><li>El plazo de cancelaci\u00f3n es de 48 horas antes del vuelo y no hay d\u00edas punta.<\/li><\/ul>\r\n\r\n\r\n\r\n<h3 class=\"wp-block-heading\"><span class=\"ez-toc-section\" id=\"100_Hour_JetCard\"><\/span>Tarjeta JetCard de 100 horas<span class=\"ez-toc-section-end\"><\/span><\/h3>\r\n\r\n\r\n\r\n<p>La compra de la tarjeta Jet de 50 horas cuesta $275.000, y el precio por hora de cada vuelo es de $2.750 fijos.&nbsp;<\/p>\r\n\r\n\r\n\r\n<ul class=\"wp-block-list\"><li>No hay cuota de afiliaci\u00f3n.&nbsp;<\/li><li>Pueden aplicarse recargos.&nbsp;<\/li><li>Hay un m\u00ednimo diario.&nbsp;<\/li><li>La tarjeta es v\u00e1lida durante 18 meses.&nbsp;<\/li><li>Las mascotas son bienvenidas a bordo.&nbsp;<\/li><li>Se requiere un m\u00ednimo de una hora de vuelo.&nbsp;<\/li><li>El plazo de cancelaci\u00f3n es de 120 horas antes del vuelo y sin d\u00edas punta.<\/li><\/ul>\r\n\r\n\r\n\r\n<p>Puede ver la comparaci\u00f3n de las tarjetas jet una al lado de la otra y hacer una reserva en lo siguiente <a href=\"https:\/\/www.verijet.com\/Verijet-JetCard\" target=\"_blank\" rel=\"noopener\">enlace<\/a>.<\/p>\r\n\r\n\r\n\r\n<h2 class=\"wp-block-heading\"><span class=\"ez-toc-section\" id=\"The_Fleet\"><\/span>La flota&nbsp;<span class=\"ez-toc-section-end\"><\/span><\/h2>\r\n\r\n\r\n\r\n<figure class=\"wp-block-image is-style-default\"><img decoding=\"async\" src=\"https:\/\/comparemyjet.com\/wp-content\/uploads\/ccVHG_SOHNe_ne2YdOrnGlWyXNclOSUinAFhoJmSXeT1HEmx4_1GOoLo9bqXbbqWticFT5_gfpez-U2nynnVY1wK9aDdTTij7wffVow9ytmtX1sM-S9ozw2of6wQiRhT6xGbMrqx6IOtteUpDLtWJRQd3QDb9JnlE6RZlXwhUIBVNHG1dIz8FBQHUA.jpg\" alt=\"\"\/><\/figure>\r\n\r\n\r\n\r\n<p>El Cirrus SF-50 Vision Jet est\u00e1 propulsado por un \u00fanico motor de misiles de crucero. Esto hace posible que los jets vuelen bajo y lento, mientras dejan atr\u00e1s s\u00f3lo una novena parte de las emisiones de carbono que hace el t\u00edpico avi\u00f3n privado. Como los Vision Jets pueden quemar cuatro tipos diferentes de biocombustible, son capaces de realizar vuelos completamente libres de emisiones de carbono.<\/p>\r\n\r\n\r\n\r\n<p>Sin embargo, los beneficios medioambientales de estos elementos no son la \u00fanica raz\u00f3n por la que son deseables. Tambi\u00e9n hacen posible que Verijet opere en multitud de aeropuertos, lo que agiliza el proceso de transporte de los clientes a sus destinos finales.<\/p>\r\n\r\n\r\n\r\n<h4 class=\"wp-block-heading\"><span class=\"ez-toc-section\" id=\"Characteristics_of_The_Cirrus_SF-50_Vision_Jet\"><\/span>Caracter\u00edsticas del Cirrus SF-50 Vision Jet<span class=\"ez-toc-section-end\"><\/span><\/h4>\r\n\r\n\r\n\r\n<p>El Vision Jet de Cirrus Aircraft es el producto de un incesante esfuerzo de investigaci\u00f3n y desarrollo. Su rendimiento es excepcional, y es f\u00e1cil de volar y mantener. El Vision Jet ha recibido una gran cantidad de elogios y reconocimientos, incluyendo el Trofeo Robert J. Collier.&nbsp;<\/p>\r\n\r\n\r\n\r\n<p>La estructura de fibra de carbono ofrece una sensaci\u00f3n de espacio dentro de la aeronave, con un espacio para la cabeza y los hombros sorprendentemente amplio, as\u00ed como con amplias ventanas. La cabina fue dise\u00f1ada para ser la m\u00e1s grande de su categor\u00eda.<\/p>\r\n\r\n\r\n\r\n<p>La pantalla de entretenimiento puede conectarse a la mayor\u00eda de los dispositivos, y la consola central puede convertirse en un moderno lugar de trabajo para que los pasajeros lo utilicen.<\/p>\r\n\r\n\r\n\r\n<p>El WiFi lo proporciona Gogo InFlight Wi-Fi, y la ventaja a\u00f1adida de los puertos USB-C permite que los gadgets electr\u00f3nicos de los pasajeros sigan carg\u00e1ndose mientras est\u00e1n en el aire.<\/p>\r\n\r\n\r\n\r\n<p>Adem\u00e1s, los jets se fabrican en una amplia paleta de colores para adaptarse a cualquier deseo est\u00e9tico, con un estilo interior de cuero de lujo y accesorios de tapicer\u00eda. Los pasajeros disponen de una versatilidad extra con un total de 28 asientos diferentes gracias a que cada asiento de la cabina es completamente modular y puede retirarse sin esfuerzo si es necesario.<\/p>\r\n\r\n\r\n\r\n<p>Especificaciones:<\/p>\r\n\r\n\r\n\r\n<ul class=\"wp-block-list\"><li>Pasajeros: 7;<\/li><li>Longitud total: 30 pies 7 pulgadas;&nbsp;<\/li><li>Envergadura: 38 pies 7 pulgadas;&nbsp;<\/li><li>Altura total: 3 metros y medio;<\/li><li>Altura de la cabina: 4 pies y 1 pulgada;<\/li><li>Anchura de la cabina: 1,5 m;&nbsp;<\/li><li>Velocidad de ascenso: 1.609 ft\/min;<\/li><li>Velocidad m\u00e1xima de crucero: 311 ktas;<\/li><li>Alcance m\u00e1ximo de vuelo: 1.275 nm;<\/li><li>Ventanas panor\u00e1micas;<\/li><li>Cabina presurizada;<\/li><li>Climatizaci\u00f3n trasera;<\/li><li>Iluminaci\u00f3n de acento<\/li><\/ul>\r\n\r\n\r\n\r\n<h2 class=\"wp-block-heading\"><span class=\"ez-toc-section\" id=\"Company_Safety_Policy_and_Standards\"><\/span>Pol\u00edtica y normas de seguridad de la empresa<span class=\"ez-toc-section-end\"><\/span><\/h2>\r\n\r\n\r\n\r\n<p>Durante la epidemia de COVID-19, se llev\u00f3 a cabo un saneamiento completo del avi\u00f3n antes y despu\u00e9s del despegue. Sus pasajeros afirmaron sentirse excepcionalmente seguros todo el tiempo, y su huella de carbono fue la novena parte de la de un avi\u00f3n de tama\u00f1o medio.<\/p>\r\n\r\n\r\n\r\n<p>El avi\u00f3n que ofrece VeriJet cuenta con un sistema de paraca\u00eddas Cirrus Airframe y un aterrizaje autom\u00e1tico de emergencia Safe ReturnTM. El aterrizaje autom\u00e1tico de emergencia Safe Return proporciona una nueva opci\u00f3n para salvaguardar a los pasajeros permitiendo a los pilotos aterrizar el jet en una circunstancia de emergencia con s\u00f3lo pulsar un bot\u00f3n. Esto hace que el aterrizaje autom\u00e1tico sea una excelente adici\u00f3n al Vision Jet.<\/p>\r\n\r\n\r\n\r\n<h2 class=\"wp-block-heading\"><span class=\"ez-toc-section\" id=\"Pilots\"><\/span>Pilotos<span class=\"ez-toc-section-end\"><\/span><\/h2>\r\n\r\n\r\n\r\n<figure class=\"wp-block-image size-full is-style-default\"><img loading=\"lazy\" decoding=\"async\" width=\"1000\" height=\"667\" src=\"https:\/\/comparemyjet.com\/wp-content\/uploads\/2022\/09\/pilot.boarding.on_.a.private.jet_.jpg\" alt=\"\" class=\"wp-image-3231\" srcset=\"https:\/\/comparemyjet.com\/wp-content\/uploads\/2022\/09\/pilot.boarding.on_.a.private.jet_-18x12.jpg 18w, https:\/\/comparemyjet.com\/wp-content\/uploads\/2022\/09\/pilot.boarding.on_.a.private.jet_-300x200.jpg 300w, https:\/\/comparemyjet.com\/wp-content\/uploads\/2022\/09\/pilot.boarding.on_.a.private.jet_-768x512.jpg 768w, https:\/\/comparemyjet.com\/wp-content\/uploads\/2022\/09\/pilot.boarding.on_.a.private.jet_.jpg 1000w\" sizes=\"auto, (max-width: 1000px) 100vw, 1000px\" \/><\/figure>\r\n\r\n\r\n\r\n<p>Todos y cada uno de los Vision Jet vienen de serie con una experiencia de formaci\u00f3n de pilotos de primer nivel en el Vision Center Campus.<\/p>\r\n\r\n\r\n\r\n<h2 class=\"wp-block-heading\"><span class=\"ez-toc-section\" id=\"Partnerships\"><\/span>Asociaciones<span class=\"ez-toc-section-end\"><\/span><\/h2>\r\n\r\n\r\n\r\n<p>Coflyt es un software de aviaci\u00f3n inteligente que ofrece a los propietarios de aeronaves, empresas y organizaciones de aviaci\u00f3n la tranquilidad que necesitan para operar sus aviones.&nbsp;<\/p>\r\n\r\n\r\n\r\n<p>Coflyt fue desarrollado por pilotos para hacer m\u00e1s eficiente la propiedad de las aeronaves. Centraliza los registros de vuelo, mantiene los mapas de vuelo, analiza el rendimiento, muestra la disponibilidad de las aeronaves, proporciona actualizaciones de estado a los proveedores de aeronaves y piezas, y simplifica los pagos, entre otras cosas. La flota de VeriJet Cirrus se gestiona con <a href=\"https:\/\/coflyt.com\/verijet\/\" target=\"_blank\" rel=\"noopener\">Coflyt<\/a>y emplea tecnolog\u00eda inform\u00e1tica y de inteligencia artificial patentada l\u00edder en el sector.<\/p>\r\n\r\n\r\n\r\n<h2 class=\"wp-block-heading\"><span class=\"ez-toc-section\" id=\"Conclusion\"><\/span>Conclusi\u00f3n<span class=\"ez-toc-section-end\"><\/span><\/h2>\r\n\r\n\r\n\r\n<p>Seg\u00fan Richard Kane, cuando un cliente utiliza Verijet para buscar un viaje privado, son capaces de proporcionarle un presupuesto al instante y responder a su consulta inmediatamente. La inteligencia artificial ya ha verificado que todo es seguro, leg\u00edtimo y entregable, y el precio se ha fijado en piedra. Gracias a esta posibilidad, los vuelos privados est\u00e1n ahora al alcance de todos de una forma que no era posible en el pasado.<\/p>","protected":false},"excerpt":{"rendered":"<p>Verijet es una compa\u00f1\u00eda a\u00e9rea innovadora que se distingue de otros proveedores de vuelos ch\u00e1rter en jets privados por una serie de criterios, la mayor\u00eda de los cuales se remontan a la flota de jets Cirrus SF-50 Vision de la compa\u00f1\u00eda. La empresa se fund\u00f3 en 2020 y sus oficinas principales se encuentran en Vero Beach, Florida. Realizan vuelos ...<\/p>","protected":false},"author":1,"featured_media":3564,"parent":0,"menu_order":0,"comment_status":"closed","ping_status":"closed","template":"","meta":{"_acf_changed":false,"_genesis_hide_title":false,"_genesis_hide_breadcrumbs":false,"_genesis_hide_singular_image":false,"_genesis_hide_footer_widgets":false,"_genesis_custom_body_class":"","_genesis_custom_post_class":"","_genesis_layout":"","footnotes":""},"class_list":{"1":"page","2":"type-page","6":"entry"},"acf":[],"_links":{"self":[{"href":"https:\/\/comparemyjet.com\/es_mx\/wp-json\/wp\/v2\/pages\/3559","targetHints":{"allow":["GET"]}}],"collection":[{"href":"https:\/\/comparemyjet.com\/es_mx\/wp-json\/wp\/v2\/pages"}],"about":[{"href":"https:\/\/comparemyjet.com\/es_mx\/wp-json\/wp\/v2\/types\/page"}],"author":[{"embeddable":true,"href":"https:\/\/comparemyjet.com\/es_mx\/wp-json\/wp\/v2\/users\/1"}],"replies":[{"embeddable":true,"href":"https:\/\/comparemyjet.com\/es_mx\/wp-json\/wp\/v2\/comments?post=3559"}],"version-history":[{"count":3,"href":"https:\/\/comparemyjet.com\/es_mx\/wp-json\/wp\/v2\/pages\/3559\/revisions"}],"predecessor-version":[{"id":9415,"href":"https:\/\/comparemyjet.com\/es_mx\/wp-json\/wp\/v2\/pages\/3559\/revisions\/9415"}],"wp:featuredmedia":[{"embeddable":true,"href":"https:\/\/comparemyjet.com\/es_mx\/wp-json\/wp\/v2\/media\/3564"}],"wp:attachment":[{"href":"https:\/\/comparemyjet.com\/es_mx\/wp-json\/wp\/v2\/media?parent=3559"}],"curies":[{"name":"wp","href":"https:\/\/api.w.org\/{rel}","templated":true}]}}