{"id":3599,"date":"2022-10-22T21:32:51","date_gmt":"2022-10-22T21:32:51","guid":{"rendered":"https:\/\/comparemyjet.com\/?page_id=3599"},"modified":"2025-09-04T09:58:16","modified_gmt":"2025-09-04T09:58:16","slug":"costco-private-jet","status":"publish","type":"page","link":"https:\/\/comparemyjet.com\/es_mx\/costco-private-jet\/","title":{"rendered":"Precios de los vuelos en jet privado de Costco"},"content":{"rendered":"<p>La multinacional estadounidense <a href=\"https:\/\/www.costco.com\/\" target=\"_blank\" rel=\"noopener\">Costco Wholesale Corporation<\/a> dirige un club de venta exclusiva para sus miembros. Pero en Costco hay algo m\u00e1s que toallas de papel baratas, aceite de linaza y mozzarella.&nbsp;<\/p>\r\n\r\n\r\n\r\n<p>En 2020, el mayorista comenz\u00f3 a ofrecer ofertas de membres\u00eda anual para programas de aviones privados como parte de su asociaci\u00f3n con <a href=\"https:\/\/comparemyjet.com\/es_mx\/ruedas-arriba\/\" data-internallinksmanager029f6b8e52c=\"73\" title=\"Precios de afiliaci\u00f3n a Wheels Up\">Ruedas arriba<\/a>.&nbsp;<\/p>\r\n\r\n\r\n\r\n<p>En este art\u00edculo, analizaremos c\u00f3mo funciona esta asociaci\u00f3n y c\u00f3mo puede comprar un vuelo en jet privado de Costco. S\u00f3lo tenemos que mencionar que no hay ninguna informaci\u00f3n nueva al respecto, por lo que la asociaci\u00f3n parece haber terminado o estar en suspenso. Dicho esto, nunca se sabe cu\u00e1ndo un producto popular volver\u00e1 a las estanter\u00edas, as\u00ed que vamos a explorarlo con m\u00e1s detalle.<\/p>\r\n\r\n\r\n\r\n<div id=\"ez-toc-container\" class=\"ez-toc-v2_0_76 counter-hierarchy ez-toc-counter ez-toc-grey ez-toc-container-direction\">\n<p class=\"ez-toc-title\" style=\"cursor:inherit\">Temas<\/p>\n<label for=\"ez-toc-cssicon-toggle-item-69dbbe163342f\" class=\"ez-toc-cssicon-toggle-label\"><span class=\"\"><span class=\"eztoc-hide\" style=\"display:none;\">Toggle<\/span><span class=\"ez-toc-icon-toggle-span\"><svg style=\"fill: #999;color:#999\" xmlns=\"http:\/\/www.w3.org\/2000\/svg\" class=\"list-377408\" width=\"20px\" height=\"20px\" viewbox=\"0 0 24 24\" fill=\"none\"><path d=\"M6 6H4v2h2V6zm14 0H8v2h12V6zM4 11h2v2H4v-2zm16 0H8v2h12v-2zM4 16h2v2H4v-2zm16 0H8v2h12v-2z\" fill=\"currentColor\"><\/path><\/svg><svg style=\"fill: #999;color:#999\" class=\"arrow-unsorted-368013\" xmlns=\"http:\/\/www.w3.org\/2000\/svg\" width=\"10px\" height=\"10px\" viewbox=\"0 0 24 24\" version=\"1.2\" baseprofile=\"tiny\"><path d=\"M18.2 9.3l-6.2-6.3-6.2 6.3c-.2.2-.3.4-.3.7s.1.5.3.7c.2.2.4.3.7.3h11c.3 0 .5-.1.7-.3.2-.2.3-.5.3-.7s-.1-.5-.3-.7zM5.8 14.7l6.2 6.3 6.2-6.3c.2-.2.3-.5.3-.7s-.1-.5-.3-.7c-.2-.2-.4-.3-.7-.3h-11c-.3 0-.5.1-.7.3-.2.2-.3.5-.3.7s.1.5.3.7z\"\/><\/svg><\/span><\/span><\/label><input type=\"checkbox\"  id=\"ez-toc-cssicon-toggle-item-69dbbe163342f\" checked aria-label=\"Toggle\" \/><nav><ul class='ez-toc-list ez-toc-list-level-1' ><li class='ez-toc-page-1 ez-toc-heading-level-2'><a class=\"ez-toc-link ez-toc-heading-1\" href=\"https:\/\/comparemyjet.com\/es_mx\/costco-private-jet\/#About_the_Company\" >Acerca de la empresa<\/a><\/li><li class='ez-toc-page-1 ez-toc-heading-level-2'><a class=\"ez-toc-link ez-toc-heading-2\" href=\"https:\/\/comparemyjet.com\/es_mx\/costco-private-jet\/#Membership_Programs\" >Programas de afiliaci\u00f3n<\/a><\/li><li class='ez-toc-page-1 ez-toc-heading-level-2'><a class=\"ez-toc-link ez-toc-heading-3\" href=\"https:\/\/comparemyjet.com\/es_mx\/costco-private-jet\/#Pricing\" >Precios<\/a><\/li><li class='ez-toc-page-1 ez-toc-heading-level-2'><a class=\"ez-toc-link ez-toc-heading-4\" href=\"https:\/\/comparemyjet.com\/es_mx\/costco-private-jet\/#The_Fleet\" >La flota&nbsp;<\/a><\/li><li class='ez-toc-page-1 ez-toc-heading-level-2'><a class=\"ez-toc-link ez-toc-heading-5\" href=\"https:\/\/comparemyjet.com\/es_mx\/costco-private-jet\/#Company_Safety_Policy_and_Standards\" >Pol\u00edtica y normas de seguridad de la empresa<\/a><\/li><li class='ez-toc-page-1 ez-toc-heading-level-2'><a class=\"ez-toc-link ez-toc-heading-6\" href=\"https:\/\/comparemyjet.com\/es_mx\/costco-private-jet\/#Conclusion\" >Conclusi\u00f3n<\/a><\/li><\/ul><\/nav><\/div>\n<h2 class=\"wp-block-heading\"><span class=\"ez-toc-section\" id=\"About_the_Company\"><\/span>Acerca de la empresa<span class=\"ez-toc-section-end\"><\/span><\/h2>\r\n\r\n\r\n\r\n<figure class=\"wp-block-image size-full is-style-default\"><img loading=\"lazy\" decoding=\"async\" width=\"1000\" height=\"667\" src=\"https:\/\/comparemyjet.com\/wp-content\/uploads\/2022\/10\/costco.wholesale.jpg\" alt=\"\" class=\"wp-image-3600\" srcset=\"https:\/\/comparemyjet.com\/wp-content\/uploads\/2022\/10\/costco.wholesale-18x12.jpg 18w, https:\/\/comparemyjet.com\/wp-content\/uploads\/2022\/10\/costco.wholesale-300x200.jpg 300w, https:\/\/comparemyjet.com\/wp-content\/uploads\/2022\/10\/costco.wholesale-768x512.jpg 768w, https:\/\/comparemyjet.com\/wp-content\/uploads\/2022\/10\/costco.wholesale.jpg 1000w\" sizes=\"auto, (max-width: 1000px) 100vw, 1000px\" \/><\/figure>\r\n\r\n\r\n\r\n<p>Si nunca has entrado en un Costco, d\u00e9jame que te ponga al corriente: es un gigante de la venta al por menor en el que los clientes pueden hacerse socios anuales a cambio de una cuota para acceder a enormes descuentos en todo tipo de productos.&nbsp;<\/p>\r\n\r\n\r\n\r\n<p>Costco es famoso por sus enormes almacenes donde se puede encontrar casi cualquier cosa que se necesite. La tienda original, que debut\u00f3 en 1976 con el nombre de Price Club, era un hangar de aviaci\u00f3n reutilizado en <a href=\"https:\/\/comparemyjet.com\/es_mx\/visitas-privadas\/san-diego-private-tours\/\" data-internallinksmanager029f6b8e52c=\"435\" title=\"11 Mejores Tours Privados en San Diego Desde $64.50\">San Diego<\/a>. Hoy, esta multinacional de la distribuci\u00f3n tiene un valor de mercado de miles de millones y est\u00e1 presente en ocho pa\u00edses. Pero, \u00bfc\u00f3mo ofrece vuelos ch\u00e1rter privados?<\/p>\r\n\r\n\r\n\r\n<p>Ah\u00ed es donde <a href=\"https:\/\/comparemyjet.com\/es_mx\/ruedas-arriba\/\">Ruedas arriba<\/a>un conocido proveedor de servicios de jets privados, entra en escena. Wheels Up es un proveedor de vuelos ch\u00e1rter basado en la afiliaci\u00f3n y creado en 2013. En 2014, la organizaci\u00f3n ten\u00eda m\u00e1s de mil clientes de pago y una flota de <a href=\"https:\/\/comparemyjet.com\/es_mx\/cessna\/\" data-internallinksmanager029f6b8e52c=\"145\" title=\"Gu\u00eda definitiva de aviones privados Cessna\">Cessna<\/a> Jets Citation y turboh\u00e9lices King Air 105i. Ahora ofrecen jets privados ligeros y pesados en una flota de aproximadamente 1.500 aviones.<\/p>\r\n\r\n\r\n\r\n<p>Wheels Up se asoci\u00f3 con Costco en 2020 para dar a los miembros de Costco acceso a membres\u00edas de aviones privados.<\/p>\r\n\r\n\r\n\r\n<h2 class=\"wp-block-heading\"><span class=\"ez-toc-section\" id=\"Membership_Programs\"><\/span>Programas de afiliaci\u00f3n<span class=\"ez-toc-section-end\"><\/span><\/h2>\r\n\r\n\r\n\r\n<p>Muchas personas empezaron a evitar los vuelos comerciales a ra\u00edz del brote de Covid-19, por lo que las afiliaciones a jets privados, un lujo a menudo reservado a los ricos, se hicieron m\u00e1s populares entre los viajeros.&nbsp;<\/p>\r\n\r\n\r\n\r\n<p>Los aviones privados de Costco son un ejemplo de esta tendencia. Veamos si es una buena idea utilizar el gigante mayorista para reservar un jet privado.&nbsp;<\/p>\r\n\r\n\r\n\r\n<p>Las ventajas de la afiliaci\u00f3n a Costco en materia de jets privados incluyen una tarifa horaria fija, disponibilidad garantizada y descuentos.<\/p>\r\n\r\n\r\n\r\n<p>Sin embargo, no merece la pena si s\u00f3lo piensa utilizarlo para uno o dos viajes en avi\u00f3n privado al a\u00f1o. Solo los viajeros frecuentes obtendr\u00e1n un retorno de la inversi\u00f3n de esta membres\u00eda.&nbsp;<\/p>\r\n\r\n\r\n\r\n<p>El programa de afiliaci\u00f3n a los aviones incluye una suscripci\u00f3n gratuita de un a\u00f1o al servicio de aviones privados Wheels Up. Adem\u00e1s de recibir la disponibilidad asegurada de aeronaves en todo el pa\u00eds durante un m\u00e1ximo de 365 d\u00edas, los miembros tambi\u00e9n recibir\u00e1n una suscripci\u00f3n de un a\u00f1o a Inspirato, una empresa especializada en proporcionar alojamiento de lujo para las vacaciones.&nbsp;<\/p>\r\n\r\n\r\n\r\n<p>Para reservar un vuelo, los afiliados deben avisar con al menos 24 horas de antelaci\u00f3n.<\/p>\r\n\r\n\r\n\r\n<h2 class=\"wp-block-heading\"><span class=\"ez-toc-section\" id=\"Pricing\"><\/span>Precios<span class=\"ez-toc-section-end\"><\/span><\/h2>\r\n\r\n\r\n\r\n<p>La cuota anual del programa cuesta unos $17.500. El paquete de afiliaci\u00f3n incluye acceso a eventos privados, $3.500 de cr\u00e9dito para compras en Costco, $4.000 de cr\u00e9dito para billetes de avi\u00f3n y otras ventajas.<\/p>\r\n\r\n\r\n\r\n<p>La cuota no cubre el coste de los vuelos reales y s\u00f3lo da acceso a Wheels Up para reservar vuelos. Los socios pueden organizar un vuelo ch\u00e1rter a trav\u00e9s de Wheels Up en cualquiera de las 300 aeronaves de la compa\u00f1\u00eda o en sus 1.250 aeronaves asociadas, y pagar el vuelo una vez programado.<\/p>\r\n\r\n\r\n\r\n<h2 class=\"wp-block-heading\"><span class=\"ez-toc-section\" id=\"The_Fleet\"><\/span>La flota&nbsp;<span class=\"ez-toc-section-end\"><\/span><\/h2>\r\n\r\n\r\n\r\n<figure class=\"wp-block-image size-full is-style-default\"><img loading=\"lazy\" decoding=\"async\" width=\"1000\" height=\"750\" src=\"https:\/\/comparemyjet.com\/wp-content\/uploads\/2022\/10\/costco.wheelsup.jpg\" alt=\"Jet privado de Costco\" class=\"wp-image-3601\" srcset=\"https:\/\/comparemyjet.com\/wp-content\/uploads\/2022\/10\/costco.wheelsup-16x12.jpg 16w, https:\/\/comparemyjet.com\/wp-content\/uploads\/2022\/10\/costco.wheelsup-300x225.jpg 300w, https:\/\/comparemyjet.com\/wp-content\/uploads\/2022\/10\/costco.wheelsup-400x300.jpg 400w, https:\/\/comparemyjet.com\/wp-content\/uploads\/2022\/10\/costco.wheelsup-768x576.jpg 768w, https:\/\/comparemyjet.com\/wp-content\/uploads\/2022\/10\/costco.wheelsup-800x600.jpg 800w, https:\/\/comparemyjet.com\/wp-content\/uploads\/2022\/10\/costco.wheelsup.jpg 1000w\" sizes=\"auto, (max-width: 1000px) 100vw, 1000px\" \/><\/figure>\r\n\r\n\r\n\r\n<p>Wheels Up tiene su propia flota de aviones y tambi\u00e9n alquila aviones privados de empresas de renombre. A grandes rasgos, Wheels Up gestiona, en propiedad o en alquiler, unos 1.500 aviones.<\/p>\r\n\r\n\r\n\r\n<p>La corporaci\u00f3n mantiene una pol\u00edtica de disponibilidad garantizada, con ciertas exenciones limitadas en funci\u00f3n del programa concreto.<\/p>\r\n\r\n\r\n\r\n<p>Turbopropulsores, aviones ligeros, medios, supermedios y grandes forman parte de la flota propia o gestionada de Wheels Up. Puede leer m\u00e1s detalles en nuestro <a href=\"https:\/\/comparemyjet.com\/es_mx\/ruedas-arriba\/\">Revisi\u00f3n de Wheels Up<\/a>.<\/p>\r\n\r\n\r\n\r\n<h2 class=\"wp-block-heading\"><span class=\"ez-toc-section\" id=\"Company_Safety_Policy_and_Standards\"><\/span>Pol\u00edtica y normas de seguridad de la empresa<span class=\"ez-toc-section-end\"><\/span><\/h2>\r\n\r\n\r\n\r\n<p>Wheels Up es una de las pocas compa\u00f1\u00edas de jets privados del sector que lleva a cabo evaluaciones y auditor\u00edas in situ de cada operador y aeronave asociada como parte del proceso de selecci\u00f3n y garant\u00eda de calidad. Wheels Up s\u00f3lo certifica a 90 de los 2.000 operadores de EE.UU. para proporcionar transporte a\u00e9reo a sus socios y clientes.&nbsp;<\/p>\r\n\r\n\r\n\r\n<p>Debido a sus altos est\u00e1ndares, s\u00f3lo contratan a los empleados m\u00e1s cualificados, garantizando tanto la calidad como la seguridad. Los pilotos empleados por Wheels Up se encuentran entre los mejores del sector, y reciben una formaci\u00f3n intensiva para mantener ese estatus.<\/p>\r\n\r\n\r\n\r\n<p>Todos los aviones asociados a Wheels Up son pilotados por empresas punteras del sector de la aviaci\u00f3n, entre ellas <a href=\"https:\/\/comparemyjet.com\/es_mx\/delta-private-jets\/\" data-internallinksmanager029f6b8e52c=\"184\" title=\"Precios de afiliaci\u00f3n a Delta Private Jets\">Jets privados Delta<\/a>Gama Aviation, Mountain Aviation, TMC Jets y sus filiales.<\/p>\r\n\r\n\r\n\r\n<p>Adem\u00e1s, Wheels Up reivindica una \"seguridad sin restricciones\" para sus pasajeros, ya que realiza controles de temperatura dos veces al d\u00eda a los miembros de la tripulaci\u00f3n, limpia y desinfecta regularmente entre los vuelos y ventila los interiores de los aviones.<\/p>\r\n\r\n\r\n\r\n<h2 class=\"wp-block-heading\"><span class=\"ez-toc-section\" id=\"Conclusion\"><\/span>Conclusi\u00f3n<span class=\"ez-toc-section-end\"><\/span><\/h2>\r\n\r\n\r\n\r\n<figure class=\"wp-block-image size-full is-style-default\"><img loading=\"lazy\" decoding=\"async\" width=\"1000\" height=\"668\" src=\"https:\/\/comparemyjet.com\/wp-content\/uploads\/2022\/10\/membership.jpg\" alt=\"\" class=\"wp-image-3602\" srcset=\"https:\/\/comparemyjet.com\/wp-content\/uploads\/2022\/10\/membership-18x12.jpg 18w, https:\/\/comparemyjet.com\/wp-content\/uploads\/2022\/10\/membership-300x200.jpg 300w, https:\/\/comparemyjet.com\/wp-content\/uploads\/2022\/10\/membership-768x513.jpg 768w, https:\/\/comparemyjet.com\/wp-content\/uploads\/2022\/10\/membership.jpg 1000w\" sizes=\"auto, (max-width: 1000px) 100vw, 1000px\" \/><\/figure>\r\n\r\n\r\n\r\n<p>Puede unirse al programa de afiliaci\u00f3n de Costco para aprovechar el servicio de reserva de vuelos asegurados de Wheels Up. Su afiliaci\u00f3n le permite reservar vuelos a un coste fijo por hora. Sin embargo, parece que la colaboraci\u00f3n ha terminado. Ninguna de las dos p\u00e1ginas web ofrece informaci\u00f3n \u00fatil.<\/p>\r\n\r\n\r\n\r\n<p>\u00bfTiene sentido inscribirse en una membres\u00eda de avi\u00f3n privado en Costco si vuelve a estar disponible?<\/p>\r\n\r\n\r\n\r\n<p>La respuesta a esta pregunta queda en manos del comprador. Aconsejamos a los pilotos de jets privados que estudien sus opciones y comparen las compa\u00f1\u00edas antes de tomar una decisi\u00f3n definitiva.<\/p>","protected":false},"excerpt":{"rendered":"<p>La multinacional estadounidense Costco Wholesale Corporation dirige un exclusivo club minorista para sus socios. Pero Costco es mucho m\u00e1s que toallas de papel baratas, aceite de linaza y mozzarella.  En 2020, el mayorista empez\u00f3 a ofrecer ofertas anuales de afiliaci\u00f3n para programas de jets privados como parte de su asociaci\u00f3n con Wheels Up.  En este art\u00edculo, exploraremos c\u00f3mo esta ...<\/p>","protected":false},"author":2,"featured_media":0,"parent":0,"menu_order":0,"comment_status":"closed","ping_status":"closed","template":"","meta":{"_acf_changed":false,"_genesis_hide_title":false,"_genesis_hide_breadcrumbs":false,"_genesis_hide_singular_image":false,"_genesis_hide_footer_widgets":false,"_genesis_custom_body_class":"","_genesis_custom_post_class":"","_genesis_layout":"","footnotes":""},"class_list":{"1":"page","2":"type-page","5":"entry"},"acf":[],"_links":{"self":[{"href":"https:\/\/comparemyjet.com\/es_mx\/wp-json\/wp\/v2\/pages\/3599","targetHints":{"allow":["GET"]}}],"collection":[{"href":"https:\/\/comparemyjet.com\/es_mx\/wp-json\/wp\/v2\/pages"}],"about":[{"href":"https:\/\/comparemyjet.com\/es_mx\/wp-json\/wp\/v2\/types\/page"}],"author":[{"embeddable":true,"href":"https:\/\/comparemyjet.com\/es_mx\/wp-json\/wp\/v2\/users\/2"}],"replies":[{"embeddable":true,"href":"https:\/\/comparemyjet.com\/es_mx\/wp-json\/wp\/v2\/comments?post=3599"}],"version-history":[{"count":3,"href":"https:\/\/comparemyjet.com\/es_mx\/wp-json\/wp\/v2\/pages\/3599\/revisions"}],"predecessor-version":[{"id":3619,"href":"https:\/\/comparemyjet.com\/es_mx\/wp-json\/wp\/v2\/pages\/3599\/revisions\/3619"}],"wp:attachment":[{"href":"https:\/\/comparemyjet.com\/es_mx\/wp-json\/wp\/v2\/media?parent=3599"}],"curies":[{"name":"wp","href":"https:\/\/api.w.org\/{rel}","templated":true}]}}