{"id":4399,"date":"2023-02-13T21:10:28","date_gmt":"2023-02-13T21:10:28","guid":{"rendered":"https:\/\/comparemyjet.com\/?page_id=4399"},"modified":"2025-09-04T09:58:16","modified_gmt":"2025-09-04T09:58:16","slug":"delta-private-jets","status":"publish","type":"page","link":"https:\/\/comparemyjet.com\/es_mx\/delta-private-jets\/","title":{"rendered":"Precios de afiliaci\u00f3n a Delta Private Jets"},"content":{"rendered":"<p>Delta Air Lines es la aerol\u00ednea l\u00edder mundial en bienes, servicios, innovaci\u00f3n, fiabilidad y experiencia del cliente en Estados Unidos. La empresa ofrece una experiencia de viaje de primera clase y, al mismo tiempo, proporciona a sus accionistas una rentabilidad l\u00edder en el sector.&nbsp;<\/p>\r\n\r\n\r\n\r\n<p>Delta private jets, el servicio de vuelos ch\u00e1rter de la compa\u00f1\u00eda a\u00e9rea, se ha asociado con la principal marca de aviaci\u00f3n privada <a href=\"https:\/\/comparemyjet.com\/es_mx\/ruedas-arriba\/\" data-internallinksmanager029f6b8e52c=\"73\" title=\"Precios de afiliaci\u00f3n a Wheels Up\">Ruedas arriba<\/a> para seguir ofreciendo a los viajeros a\u00e9reos privados experiencias \u00fanicas y viajes de calidad.&nbsp;&nbsp;<\/p>\r\n\r\n\r\n\r\n<p>Veamos qu\u00e9 ofrece a los pasajeros esta asociaci\u00f3n entre dos grandes empresas de aviaci\u00f3n.<\/p>\r\n\r\n\r\n\r\n<div id=\"ez-toc-container\" class=\"ez-toc-v2_0_76 counter-hierarchy ez-toc-counter ez-toc-grey ez-toc-container-direction\">\n<p class=\"ez-toc-title\" style=\"cursor:inherit\">Temas<\/p>\n<label for=\"ez-toc-cssicon-toggle-item-69fa402699404\" class=\"ez-toc-cssicon-toggle-label\"><span class=\"\"><span class=\"eztoc-hide\" style=\"display:none;\">Toggle<\/span><span class=\"ez-toc-icon-toggle-span\"><svg style=\"fill: #999;color:#999\" xmlns=\"http:\/\/www.w3.org\/2000\/svg\" class=\"list-377408\" width=\"20px\" height=\"20px\" viewbox=\"0 0 24 24\" fill=\"none\"><path d=\"M6 6H4v2h2V6zm14 0H8v2h12V6zM4 11h2v2H4v-2zm16 0H8v2h12v-2zM4 16h2v2H4v-2zm16 0H8v2h12v-2z\" fill=\"currentColor\"><\/path><\/svg><svg style=\"fill: #999;color:#999\" class=\"arrow-unsorted-368013\" xmlns=\"http:\/\/www.w3.org\/2000\/svg\" width=\"10px\" height=\"10px\" viewbox=\"0 0 24 24\" version=\"1.2\" baseprofile=\"tiny\"><path d=\"M18.2 9.3l-6.2-6.3-6.2 6.3c-.2.2-.3.4-.3.7s.1.5.3.7c.2.2.4.3.7.3h11c.3 0 .5-.1.7-.3.2-.2.3-.5.3-.7s-.1-.5-.3-.7zM5.8 14.7l6.2 6.3 6.2-6.3c.2-.2.3-.5.3-.7s-.1-.5-.3-.7c-.2-.2-.4-.3-.7-.3h-11c-.3 0-.5.1-.7.3-.2.2-.3.5-.3.7s.1.5.3.7z\"\/><\/svg><\/span><\/span><\/label><input type=\"checkbox\"  id=\"ez-toc-cssicon-toggle-item-69fa402699404\" checked aria-label=\"Toggle\" \/><nav><ul class='ez-toc-list ez-toc-list-level-1' ><li class='ez-toc-page-1 ez-toc-heading-level-2'><a class=\"ez-toc-link ez-toc-heading-1\" href=\"https:\/\/comparemyjet.com\/es_mx\/delta-private-jets\/#Company_History\" >Historia de la empresa<\/a><\/li><li class='ez-toc-page-1 ez-toc-heading-level-2'><a class=\"ez-toc-link ez-toc-heading-2\" href=\"https:\/\/comparemyjet.com\/es_mx\/delta-private-jets\/#Delta_Private_Jets_Wheels_Up\" >Delta Private Jets + Wheels Up<\/a><\/li><li class='ez-toc-page-1 ez-toc-heading-level-2'><a class=\"ez-toc-link ez-toc-heading-3\" href=\"https:\/\/comparemyjet.com\/es_mx\/delta-private-jets\/#The_Fleet\" >La flota<\/a><ul class='ez-toc-list-level-3' ><li class='ez-toc-heading-level-3'><a class=\"ez-toc-link ez-toc-heading-4\" href=\"https:\/\/comparemyjet.com\/es_mx\/delta-private-jets\/#1_Turboprop\" >1. Turbopropulsor<\/a><ul class='ez-toc-list-level-4' ><li class='ez-toc-heading-level-4'><a class=\"ez-toc-link ez-toc-heading-5\" href=\"https:\/\/comparemyjet.com\/es_mx\/delta-private-jets\/#Our_recommendation_The_King_Air_350\" >Nuestra recomendaci\u00f3n: El King Air 350<\/a><\/li><\/ul><\/li><li class='ez-toc-page-1 ez-toc-heading-level-3'><a class=\"ez-toc-link ez-toc-heading-6\" href=\"https:\/\/comparemyjet.com\/es_mx\/delta-private-jets\/#2_Light_Private_Jets\" >2. Jets privados ligeros<\/a><ul class='ez-toc-list-level-4' ><li class='ez-toc-heading-level-4'><a class=\"ez-toc-link ez-toc-heading-7\" href=\"https:\/\/comparemyjet.com\/es_mx\/delta-private-jets\/#Our_Recommendation_The_Hawker_400XP\" >Nuestra recomendaci\u00f3n: El Hawker 400XP<\/a><\/li><\/ul><\/li><li class='ez-toc-page-1 ez-toc-heading-level-3'><a class=\"ez-toc-link ez-toc-heading-8\" href=\"https:\/\/comparemyjet.com\/es_mx\/delta-private-jets\/#3_Midsize_Private_Jets\" >3. Jets privados de tama\u00f1o medio<\/a><ul class='ez-toc-list-level-4' ><li class='ez-toc-heading-level-4'><a class=\"ez-toc-link ez-toc-heading-9\" href=\"https:\/\/comparemyjet.com\/es_mx\/delta-private-jets\/#Our_Recommendation_The_Citation_ExcelXLS\" >Nuestra recomendaci\u00f3n: El Citation Excel\/XLS<\/a><\/li><\/ul><\/li><li class='ez-toc-page-1 ez-toc-heading-level-3'><a class=\"ez-toc-link ez-toc-heading-10\" href=\"https:\/\/comparemyjet.com\/es_mx\/delta-private-jets\/#4_Super-Midsize_Private_Jets\" >4. Aviones privados de tama\u00f1o medio&nbsp;<\/a><ul class='ez-toc-list-level-4' ><li class='ez-toc-heading-level-4'><a class=\"ez-toc-link ez-toc-heading-11\" href=\"https:\/\/comparemyjet.com\/es_mx\/delta-private-jets\/#Our_Recommendation_The_Citation_X\" >Nuestra recomendaci\u00f3n: El Citation X<\/a><\/li><\/ul><\/li><li class='ez-toc-page-1 ez-toc-heading-level-3'><a class=\"ez-toc-link ez-toc-heading-12\" href=\"https:\/\/comparemyjet.com\/es_mx\/delta-private-jets\/#5_Large_Private_Jets\" >5. Grandes aviones privados<\/a><ul class='ez-toc-list-level-4' ><li class='ez-toc-heading-level-4'><a class=\"ez-toc-link ez-toc-heading-13\" href=\"https:\/\/comparemyjet.com\/es_mx\/delta-private-jets\/#Our_Recommendation_The_Gulfstream_G450\" >Nuestra recomendaci\u00f3n: El Gulfstream G450<\/a><\/li><\/ul><\/li><\/ul><\/li><li class='ez-toc-page-1 ez-toc-heading-level-2'><a class=\"ez-toc-link ez-toc-heading-14\" href=\"https:\/\/comparemyjet.com\/es_mx\/delta-private-jets\/#Conclusion\" >Conclusi\u00f3n<\/a><\/li><\/ul><\/nav><\/div>\n<h2 class=\"wp-block-heading\"><span class=\"ez-toc-section\" id=\"Company_History\"><\/span>Historia de la empresa<span class=\"ez-toc-section-end\"><\/span><\/h2>\r\n\r\n\r\n\r\n<p>Delta Private Jets se fund\u00f3 en 2001. Las operaciones de la empresa cesaron el 31 de enero de 2020, tras fusionarse con Wheels Up.<\/p>\r\n\r\n\r\n\r\n<h2 class=\"wp-block-heading\"><span class=\"ez-toc-section\" id=\"Delta_Private_Jets_Wheels_Up\"><\/span>Delta Private Jets + Wheels Up<span class=\"ez-toc-section-end\"><\/span><\/h2>\r\n\r\n\r\n\r\n<figure class=\"wp-block-image size-full is-style-default\"><img loading=\"lazy\" decoding=\"async\" width=\"1000\" height=\"667\" src=\"https:\/\/comparemyjet.com\/wp-content\/uploads\/Executives-from-Wheels-Up-congregate-outside-the-New-York-Stock-Exchange.jpg\" alt=\"Ejecutivos de Wheels Up se congregan frente a la Bolsa de Nueva York \" class=\"wp-image-4401\" srcset=\"https:\/\/comparemyjet.com\/wp-content\/uploads\/Executives-from-Wheels-Up-congregate-outside-the-New-York-Stock-Exchange-18x12.jpg 18w, https:\/\/comparemyjet.com\/wp-content\/uploads\/Executives-from-Wheels-Up-congregate-outside-the-New-York-Stock-Exchange-300x200.jpg 300w, https:\/\/comparemyjet.com\/wp-content\/uploads\/Executives-from-Wheels-Up-congregate-outside-the-New-York-Stock-Exchange-768x512.jpg 768w, https:\/\/comparemyjet.com\/wp-content\/uploads\/Executives-from-Wheels-Up-congregate-outside-the-New-York-Stock-Exchange.jpg 1000w\" sizes=\"auto, (max-width: 1000px) 100vw, 1000px\" \/><\/figure>\r\n\r\n\r\n\r\n<p>Wheels Up y Delta han completado una transacci\u00f3n innovadora, combinando Delta Private Jets y Wheels Up para ofrecer a los clientes beneficios multiplataforma. Las compa\u00f1\u00edas fusionadas ofrecen a los clientes actuales y futuros de Wheels Up y Delta ventajas multiplataforma \u00fanicas en el sector de las aerol\u00edneas privadas.<\/p>\r\n\r\n\r\n\r\n<p>Esta fusi\u00f3n combina los programas de afiliaci\u00f3n, la plataforma digital \u00fanica y las experiencias internacionales de Wheels Up con la reconocida fiabilidad, seguridad, calidad y alcance de Delta Private Jets. Con cerca de 200 aviones, desde el King Air 350i hasta jets pesados, la combinaci\u00f3n forma una de las mayores flotas de aviones privados en propiedad y operados del mundo. Wheels Up est\u00e1 bien posicionada para satisfacer las necesidades de viaje de sus m\u00e1s de 8.000 socios y clientes, gracias a su creciente flota privada y al acceso a la red mundial de Delta.<\/p>\r\n\r\n\r\n\r\n<p>Los miembros de Wheels Up pueden alcanzar la categor\u00eda Delta Medallion, acumular puntos de fidelidad SkyMiles\u00ae y utilizar sus cuentas del programa Wheels Up Fund para gastar en vuelos privados de Wheels Up y de pasajeros de Delta. Los clientes de Delta Private Jets tambi\u00e9n pueden beneficiarse de las ventajas exclusivas de los miembros de Wheels Up, as\u00ed como de las ventajas y el acceso a las aeronaves de Wheels Up.<\/p>\r\n\r\n\r\n\r\n<p>Adem\u00e1s, como parte de este acuerdo, Gil West, Director de Operaciones de Delta, ha decidido unirse al Consejo de Administraci\u00f3n de Wheels Up. Los equipos de Wheels Up y Delta Private Jets colaboran eficazmente para garantizar que todos los trabajadores y clientes de DPJ tengan una transici\u00f3n fluida. Los empleados de DPJ seguir\u00e1n trabajando desde su sede actual en Cincinnati, Ohio.<\/p>\r\n\r\n\r\n\r\n<h2 class=\"wp-block-heading\"><span class=\"ez-toc-section\" id=\"The_Fleet\"><\/span>La flota<span class=\"ez-toc-section-end\"><\/span><\/h2>\r\n\r\n\r\n\r\n<figure class=\"wp-block-image size-full is-style-default\"><img loading=\"lazy\" decoding=\"async\" width=\"1000\" height=\"442\" src=\"https:\/\/comparemyjet.com\/wp-content\/uploads\/2022\/09\/little.plane_.in_.the_.hand_.of_.a.businessman.jpg\" alt=\"Hombre de negocios sosteniendo un avi\u00f3n\" class=\"wp-image-3335\" srcset=\"https:\/\/comparemyjet.com\/wp-content\/uploads\/2022\/09\/little.plane_.in_.the_.hand_.of_.a.businessman-18x8.jpg 18w, https:\/\/comparemyjet.com\/wp-content\/uploads\/2022\/09\/little.plane_.in_.the_.hand_.of_.a.businessman-300x133.jpg 300w, https:\/\/comparemyjet.com\/wp-content\/uploads\/2022\/09\/little.plane_.in_.the_.hand_.of_.a.businessman-768x339.jpg 768w, https:\/\/comparemyjet.com\/wp-content\/uploads\/2022\/09\/little.plane_.in_.the_.hand_.of_.a.businessman.jpg 1000w\" sizes=\"auto, (max-width: 1000px) 100vw, 1000px\" \/><\/figure>\r\n\r\n\r\n\r\n<p>Como Delta se ha fusionado con Wheels Up, los antiguos usuarios de Delta tienen ahora a\u00fan m\u00e1s ventajas. Si est\u00e1 buscando vuelos ch\u00e1rter privados, Wheels Up ofrece tanto sus propios aviones como jets privados de compa\u00f1\u00edas ch\u00e1rter de renombre. Disponen de m\u00e1s de 1.200 aviones bajo su gesti\u00f3n y de una flota de 350 aviones propios y controlados.<\/p>\r\n\r\n\r\n\r\n<p>Con algunas exclusiones en funci\u00f3n del programa, la firma mantiene una pol\u00edtica de disponibilidad garantizada. Echemos un vistazo a las categor\u00edas de jets.<\/p>\r\n\r\n\r\n\r\n<h3 class=\"wp-block-heading\"><span class=\"ez-toc-section\" id=\"1_Turboprop\"><\/span>1. Turbopropulsor<span class=\"ez-toc-section-end\"><\/span><\/h3>\r\n\r\n\r\n\r\n<p>Los turboh\u00e9lices son una combinaci\u00f3n de motores a reacci\u00f3n y h\u00e9lices que utilizan los motores de pist\u00f3n en aviones m\u00e1s peque\u00f1os. Aunque los turboh\u00e9lices son m\u00e1s ruidosos, son m\u00e1s seguros que los reactores para aterrizar en pistas cortas. Los motores turboh\u00e9lice son m\u00e1s peque\u00f1os y ligeros que los motores a reacci\u00f3n, lo que permite un despegue y aterrizaje m\u00e1s eficaces, sobre todo en pistas cortas.&nbsp;<\/p>\r\n\r\n\r\n\r\n<h4 class=\"wp-block-heading\"><span class=\"ez-toc-section\" id=\"Our_recommendation_The_King_Air_350\"><\/span>Nuestra recomendaci\u00f3n: El King Air 350<span class=\"ez-toc-section-end\"><\/span><\/h4>\r\n\r\n\r\n\r\n<p>El King Air ha resurgido en los \u00faltimos a\u00f1os como n\u00facleo de la flota de Wheels Up. Este turboh\u00e9lice recibi\u00f3 un marketing inteligente y creativo y ha recuperado su fama.<\/p>\r\n\r\n\r\n\r\n<p>Especificaciones:<\/p>\r\n\r\n\r\n\r\n<ul class=\"wp-block-list\">\r\n<li>Pasajeros: 11;<\/li>\r\n\r\n\r\n\r\n<li>Altura: 57 pulg;<\/li>\r\n\r\n\r\n\r\n<li>Longitud: 19 pies 6 pulgadas;<\/li>\r\n\r\n\r\n\r\n<li>Anchura: 54 pulg;<\/li>\r\n\r\n\r\n\r\n<li>Alcance m\u00e1ximo: 1.806 millas n\u00e1uticas;<\/li>\r\n\r\n\r\n\r\n<li>Velocidad m\u00e1xima de crucero: 359 mph;<\/li>\r\n\r\n\r\n\r\n<li>Equipaje (interior): 55 pies c\u00fab;<\/li>\r\n\r\n\r\n\r\n<li>Maletero (exterior): 16 pies c\u00fabicos<\/li>\r\n<\/ul>\r\n\r\n\r\n\r\n<h3 class=\"wp-block-heading\"><span class=\"ez-toc-section\" id=\"2_Light_Private_Jets\"><\/span>2. Jets privados ligeros<span class=\"ez-toc-section-end\"><\/span><\/h3>\r\n\r\n\r\n\r\n<p>Si viaja con ocho o menos personas y no lleva mucho equipaje, un avi\u00f3n privado ligero es una buena opci\u00f3n. \u00bfNecesita un transporte r\u00e1pido y f\u00e1cil hasta su destino? En viajes de menos de cuatro horas, fletar un avi\u00f3n ligero puede ser su mejor opci\u00f3n. Estos jets tienen la capacidad de volar cerca de 1500 kil\u00f3metros sin parar a repostar. Los aviones ligeros pueden acomodar f\u00e1cilmente a seis pasajeros, con una capacidad m\u00e1xima de 9.<\/p>\r\n\r\n\r\n\r\n<h4 class=\"wp-block-heading\"><span class=\"ez-toc-section\" id=\"Our_Recommendation_The_Hawker_400XP\"><\/span>Nuestra recomendaci\u00f3n: El Hawker 400XP<span class=\"ez-toc-section-end\"><\/span><\/h4>\r\n\r\n\r\n\r\n<p>El Hawker 400 es un avi\u00f3n ligero bimotor. Tras ser construido y fabricado por Mitsubishi, fue actualizado por la Beech Aircraft Company. Es un avi\u00f3n peque\u00f1o con ocho asientos en una cabina presurizada pilotada por una tripulaci\u00f3n de dos personas.<\/p>\r\n\r\n\r\n\r\n<p>Las especificaciones del Hawker 400XP son:<\/p>\r\n\r\n\r\n\r\n<ul class=\"wp-block-list\">\r\n<li>Pasajeros: 8;<\/li>\r\n\r\n\r\n\r\n<li>Altura de la cabina: 4 pies 10 pulgadas;<\/li>\r\n\r\n\r\n\r\n<li>Longitud de la cabina: 15 pies 7 pulgadas;<\/li>\r\n\r\n\r\n\r\n<li>Anchura de la cabina: 4 pies 11 pulgadas;<\/li>\r\n\r\n\r\n\r\n<li>Velocidad de crucero: 450 nudos;&nbsp;<\/li>\r\n\r\n\r\n\r\n<li>Alcance de vuelo: 1.180 millas n\u00e1uticas.<\/li>\r\n<\/ul>\r\n\r\n\r\n\r\n<h3 class=\"wp-block-heading\"><span class=\"ez-toc-section\" id=\"3_Midsize_Private_Jets\"><\/span>3. Jets privados de tama\u00f1o medio<span class=\"ez-toc-section-end\"><\/span><\/h3>\r\n\r\n\r\n\r\n<p>Si necesita m\u00e1s asientos, espacio para la cabeza y espacio del que puede ofrecerle un avi\u00f3n peque\u00f1o, los jets privados de tama\u00f1o medio son la mejor opci\u00f3n. Son perfectos para vuelos de unas 4 o 5 horas y un poco m\u00e1s r\u00e1pidos que sus hom\u00f3logos ligeros.<\/p>\r\n\r\n\r\n\r\n<h4 class=\"wp-block-heading\"><span class=\"ez-toc-section\" id=\"Our_Recommendation_The_Citation_ExcelXLS\"><\/span>Nuestra recomendaci\u00f3n: El Citation Excel\/XLS<span class=\"ez-toc-section-end\"><\/span><\/h4>\r\n\r\n\r\n\r\n<p><a href=\"https:\/\/comparemyjet.com\/es_mx\/cessna\/\" data-internallinksmanager029f6b8e52c=\"145\" title=\"Gu\u00eda definitiva de aviones privados Cessna\">Aviones Cessna<\/a> La compa\u00f1\u00eda produjo el Cessna Citation XLS como la primera generaci\u00f3n del Citation Excel, que vol\u00f3 por primera vez en 2003. Es parte de la familia Citation de jets de negocios, que incluye una variedad de modelos.<\/p>\r\n\r\n\r\n\r\n<p>Especificaciones:<\/p>\r\n\r\n\r\n\r\n<ul class=\"wp-block-list\">\r\n<li>Pasajeros: 8;<\/li>\r\n\r\n\r\n\r\n<li>Alcance m\u00e1ximo: 1989 nm;<\/li>\r\n\r\n\r\n\r\n<li>Velocidad m\u00e1xima: 433 kts;<\/li>\r\n\r\n\r\n\r\n<li>Velocidad de ascenso: 3500 fpm;<\/li>\r\n\r\n\r\n\r\n<li>Altura de la cabina: 1,5 m;<\/li>\r\n\r\n\r\n\r\n<li>Longitud de la cabina: 18 pies 7 pulgadas;<\/li>\r\n\r\n\r\n\r\n<li>Anchura de la cabina: 5 pies y 5 pulgadas.&nbsp;<\/li>\r\n<\/ul>\r\n\r\n\r\n\r\n<h3 class=\"wp-block-heading\"><span class=\"ez-toc-section\" id=\"4_Super-Midsize_Private_Jets\"><\/span>4. Aviones privados de tama\u00f1o medio&nbsp;<span class=\"ez-toc-section-end\"><\/span><\/h3>\r\n\r\n\r\n\r\n<p>Los jets supermedianos son m\u00e1s peque\u00f1os y consumen menos combustible que los jets pesados, con una mayor autonom\u00eda a un coste menor. Si necesita un avi\u00f3n privado con gran autonom\u00eda y buena capacidad de pista, puede elegir un reactor de la categor\u00eda supermediana.<\/p>\r\n\r\n\r\n\r\n<h4 class=\"wp-block-heading\"><span class=\"ez-toc-section\" id=\"Our_Recommendation_The_Citation_X\"><\/span>Nuestra recomendaci\u00f3n: El Citation X<span class=\"ez-toc-section-end\"><\/span><\/h4>\r\n\r\n\r\n\r\n<p>El Cessna Citation X es una nueva generaci\u00f3n de aviones de negocios de tama\u00f1o medio con mayor velocidad y un compartimento de equipaje sellado. Este avi\u00f3n es el reactor de negocios m\u00e1s r\u00e1pido actualmente en producci\u00f3n, con varios r\u00e9cords de velocidad en su haber.<\/p>\r\n\r\n\r\n\r\n<p>Especificaciones:<\/p>\r\n\r\n\r\n\r\n<ul class=\"wp-block-list\">\r\n<li>Pasajeros: 8;<\/li>\r\n\r\n\r\n\r\n<li>Velocidad m\u00e1xima: 525 nudos;<\/li>\r\n\r\n\r\n\r\n<li>Alcance m\u00e1ximo: 3125 nm;<\/li>\r\n\r\n\r\n\r\n<li>Altura de la cabina: 1,5 m;<\/li>\r\n\r\n\r\n\r\n<li>Longitud de la cabina: 23 pies 9 pulgadas<\/li>\r\n\r\n\r\n\r\n<li>Anchura de la cabina: 1,5 m;<\/li>\r\n\r\n\r\n\r\n<li>Autonom\u00eda de vuelo: 3.111 millas n\u00e1uticas.<\/li>\r\n<\/ul>\r\n\r\n\r\n\r\n<h3 class=\"wp-block-heading\"><span class=\"ez-toc-section\" id=\"5_Large_Private_Jets\"><\/span>5. Grandes aviones privados<span class=\"ez-toc-section-end\"><\/span><\/h3>\r\n\r\n\r\n\r\n<p>Todo es posible cuando se tiene acceso a estos aviones privados extremadamente adaptables, de \u00faltima generaci\u00f3n y gigantescos. Los jets pesados tienen capacidad para 10-15 pasajeros o m\u00e1s y ofrecen m\u00e1s espacio para las piernas y comodidad.&nbsp;<\/p>\r\n\r\n\r\n\r\n<h4 class=\"wp-block-heading\"><span class=\"ez-toc-section\" id=\"Our_Recommendation_The_Gulfstream_G450\"><\/span>Nuestra recomendaci\u00f3n: El Gulfstream G450<span class=\"ez-toc-section-end\"><\/span><\/h4>\r\n\r\n\r\n\r\n<p>El <a href=\"https:\/\/comparemyjet.com\/es_mx\/gulfstream\/\" data-internallinksmanager029f6b8e52c=\"175\" title=\"Gu\u00eda definitiva de aviones y jets privados Gulfstream\">Gulfstream<\/a> El G450 es el avi\u00f3n de cabina grande m\u00e1s fabuloso de su clase.&nbsp;&nbsp;<\/p>\r\n\r\n\r\n\r\n<p>Especificaciones:<\/p>\r\n\r\n\r\n\r\n<ul class=\"wp-block-list\">\r\n<li>Pasajeros: 8-14;&nbsp;<\/li>\r\n\r\n\r\n\r\n<li>Alcance m\u00e1ximo: 4350 nm;<\/li>\r\n\r\n\r\n\r\n<li>Velocidad m\u00e1xima: 586 nudos;<\/li>\r\n\r\n\r\n\r\n<li>Altura de la cabina: 6 pies 2 pulgadas;<\/li>\r\n\r\n\r\n\r\n<li>Longitud de la cabina: 40 pies 4 pulgadas;<\/li>\r\n\r\n\r\n\r\n<li>Anchura de la cabina: 7 pies y 4 pulgadas;<\/li>\r\n\r\n\r\n\r\n<li>Velocidad de crucero: 533 nudos.<\/li>\r\n<\/ul>\r\n\r\n\r\n\r\n<h2 class=\"wp-block-heading\"><span class=\"ez-toc-section\" id=\"Conclusion\"><\/span>Conclusi\u00f3n<span class=\"ez-toc-section-end\"><\/span><\/h2>\r\n\r\n\r\n\r\n<figure class=\"wp-block-image size-full is-style-default\"><img loading=\"lazy\" decoding=\"async\" width=\"1000\" height=\"391\" src=\"https:\/\/comparemyjet.com\/wp-content\/uploads\/A-Delta-Airlines-jet.jpg\" alt=\"Un avi\u00f3n de Delta Airlines\" class=\"wp-image-4402\" srcset=\"https:\/\/comparemyjet.com\/wp-content\/uploads\/A-Delta-Airlines-jet-18x7.jpg 18w, https:\/\/comparemyjet.com\/wp-content\/uploads\/A-Delta-Airlines-jet-300x117.jpg 300w, https:\/\/comparemyjet.com\/wp-content\/uploads\/A-Delta-Airlines-jet-768x300.jpg 768w, https:\/\/comparemyjet.com\/wp-content\/uploads\/A-Delta-Airlines-jet.jpg 1000w\" sizes=\"auto, (max-width: 1000px) 100vw, 1000px\" \/><\/figure>\r\n\r\n\r\n\r\n<p>Aunque Delta Private Jets funcionaba bien y ten\u00eda muchos clientes satisfechos, con su fusi\u00f3n con Wheels Up mejor\u00f3 a\u00fan m\u00e1s. Consulte nuestro art\u00edculo sobre Wheels Up en la siguiente direcci\u00f3n <a href=\"https:\/\/comparemyjet.com\/es_mx\/ruedas-arriba\/\">enlace<\/a> para ayudarle a evaluar y elegir su compa\u00f1\u00eda de jets privados.&nbsp;<\/p>","protected":false},"excerpt":{"rendered":"<p>Delta Air Lines es la aerol\u00ednea l\u00edder mundial en bienes, servicios, innovaci\u00f3n, fiabilidad y experiencia del cliente en Estados Unidos. La compa\u00f1\u00eda ofrece una experiencia de viaje de primera clase, a la vez que proporciona a sus accionistas una rentabilidad l\u00edder en el sector.  Delta Private Jets, el servicio de vuelos ch\u00e1rter de la compa\u00f1\u00eda a\u00e9rea, se ha asociado con la marca de aviaci\u00f3n privada Wheels Up para ...<\/p>","protected":false},"author":1,"featured_media":4400,"parent":0,"menu_order":0,"comment_status":"closed","ping_status":"closed","template":"","meta":{"_acf_changed":false,"_genesis_hide_title":false,"_genesis_hide_breadcrumbs":false,"_genesis_hide_singular_image":false,"_genesis_hide_footer_widgets":false,"_genesis_custom_body_class":"","_genesis_custom_post_class":"","_genesis_layout":"","footnotes":""},"class_list":{"1":"page","2":"type-page","6":"entry"},"acf":[],"_links":{"self":[{"href":"https:\/\/comparemyjet.com\/es_mx\/wp-json\/wp\/v2\/pages\/4399","targetHints":{"allow":["GET"]}}],"collection":[{"href":"https:\/\/comparemyjet.com\/es_mx\/wp-json\/wp\/v2\/pages"}],"about":[{"href":"https:\/\/comparemyjet.com\/es_mx\/wp-json\/wp\/v2\/types\/page"}],"author":[{"embeddable":true,"href":"https:\/\/comparemyjet.com\/es_mx\/wp-json\/wp\/v2\/users\/1"}],"replies":[{"embeddable":true,"href":"https:\/\/comparemyjet.com\/es_mx\/wp-json\/wp\/v2\/comments?post=4399"}],"version-history":[{"count":2,"href":"https:\/\/comparemyjet.com\/es_mx\/wp-json\/wp\/v2\/pages\/4399\/revisions"}],"predecessor-version":[{"id":4434,"href":"https:\/\/comparemyjet.com\/es_mx\/wp-json\/wp\/v2\/pages\/4399\/revisions\/4434"}],"wp:featuredmedia":[{"embeddable":true,"href":"https:\/\/comparemyjet.com\/es_mx\/wp-json\/wp\/v2\/media\/4400"}],"wp:attachment":[{"href":"https:\/\/comparemyjet.com\/es_mx\/wp-json\/wp\/v2\/media?parent=4399"}],"curies":[{"name":"wp","href":"https:\/\/api.w.org\/{rel}","templated":true}]}}