{"id":2034,"date":"2021-08-25T22:04:02","date_gmt":"2021-08-25T22:04:02","guid":{"rendered":"https:\/\/comparemyjet.com\/?page_id=2034"},"modified":"2025-09-04T09:58:23","modified_gmt":"2025-09-04T09:58:23","slug":"kuinka-ostaa-yksityinen-suihkukone","status":"publish","type":"page","link":"https:\/\/comparemyjet.com\/fi\/kuinka-ostaa-yksityinen-suihkukone\/","title":{"rendered":"Miten ostaa yksityinen suihkukone"},"content":{"rendered":"<p>Olet siis lent\u00e4nyt yksityisesti jo jonkin aikaa. Yksityislentokoneiden vuokraaminen itsellesi ja matkaseurueellesi ja viime hetken paikkojen varaaminen 30 hengen yhteisk\u00e4ytt\u00f6isill\u00e4 lennoilla ovat kaikki hyvi\u00e4 vaihtoehtoja, mutta kun laskelmoit, p\u00e4\u00e4dyt miettim\u00e4\u00e4n - miksi en omistaisi omaa lentokonettani?<\/p>\r\n\r\n\r\n\r\n<p>Asiantuntijoiden mukaan, kun alat viett\u00e4\u00e4 yli 200 tuntia ilmassa vuodessa, on hyv\u00e4 aika harkita oman suihkukoneen hankkimista.<\/p>\r\n\r\n\r\n\r\n<p>Ja vaikka se on valtava kertaluonteinen investointi, on itse asiassa melko realistista, ett\u00e4 se maksaa itsens\u00e4 lopulta takaisin.<\/p>\r\n\r\n\r\n\r\n<p>Jos et ole vieras kuluttaa kymmeni\u00e4 tuhansia dollareita yhden lennon, sitten ostaa useita miljoonia dollareita suihkukone vain oman lentomukavuuden pit\u00e4isi olla listalla mahdollisuuksista.<\/p>\r\n\r\n\r\n\r\n<p>Koska <a href=\"https:\/\/www.barrons.com\/articles\/SB123992033953526967\" target=\"_blank\" rel=\"noreferrer noopener nofollow\">Vuoden 2008 taantuma<\/a>ja vuoden 2009 hintojen laskun ansiosta ei ole ollut parempaa hetke\u00e4 ostaa yksityinen lentokone. Pandemia on tehnyt yksityislentokoneista houkuttelevampia ja helpommin saatavilla olevia kuin koskaan, sek\u00e4 vuokraamalla niit\u00e4 lentoja varten silloin t\u00e4ll\u00f6in ett\u00e4 ostamalla kokonaisen yksityislentokoneen.<\/p>\r\n\r\n\r\n\r\n<p>Lentokoneiden myyntiyritysten, kuten <a href=\"https:\/\/www.jetcraft.com\/\" target=\"_blank\" rel=\"noreferrer noopener nofollow\">Jetcraft<\/a>yksityisten suihkukoneiden ostamisesta kiinnostuneet uudet ja nuoret miljon\u00e4\u00e4rit turvautuvat yh\u00e4 useammin \"k\u00e4ytettyihin\" eli entisiin lentokoneisiin. Ne ovat nopeammin ostettavissa ja toimitettavissa, ja ne ovat melko usein erinomaisessa kunnossa.<\/p>\r\n\r\n\r\n\r\n<p>Vanhempi ja kokeneempi jet-set-miehist\u00f6 n\u00e4ytt\u00e4\u00e4 kuitenkin pit\u00e4v\u00e4n enemm\u00e4n uusista, tuoreista lentotavaroista.<\/p>\r\n\r\n\r\n\r\n<p>Miss\u00e4 joukkueessa sin\u00e4 olet?<\/p>\r\n\r\n\r\n\r\n<div class=\"wp-block-image\"><figure class=\"aligncenter size-full\"><img loading=\"lazy\" decoding=\"async\" width=\"910\" height=\"607\" src=\"https:\/\/comparemyjet.com\/wp-content\/uploads\/2021\/08\/How-To-Buy-a-Private-Jet-2.jpg\" alt=\"mies nousee ulos yksityiskoneesta\" class=\"wp-image-2036\" srcset=\"https:\/\/comparemyjet.com\/wp-content\/uploads\/2021\/08\/How-To-Buy-a-Private-Jet-2-300x200.jpg 300w, https:\/\/comparemyjet.com\/wp-content\/uploads\/2021\/08\/How-To-Buy-a-Private-Jet-2-768x512.jpg 768w, https:\/\/comparemyjet.com\/wp-content\/uploads\/2021\/08\/How-To-Buy-a-Private-Jet-2.jpg 910w\" sizes=\"auto, (max-width: 910px) 100vw, 910px\" \/><\/figure><\/div>\r\n\r\n\r\n\r\n<h2 class=\"wp-block-heading\">Annan sinulle ennakkovaroituksen...<\/h2>\r\n\r\n\r\n\r\n<p>Riippumatta siit\u00e4, kuinka kokenut liikemies olet, <strong>\u00e4l\u00e4 mene t\u00e4h\u00e4n yksin<\/strong>. On hyv\u00e4 syy, miksi on olemassa erityisi\u00e4 yrityksi\u00e4, jotka ovat sitoutuneet helpottamaan ostoprosessia ja yksityisen suihkukoneen hallussapidon s\u00e4\u00e4ntely\u00e4. Ellet ole itse aiheen asiantuntija, suosittelemme, ett\u00e4 annat asiantuntijoiden varmistaa, ett\u00e4 kaikki on kunnossa puolestasi. On vain niin monia asioita, jotka voivat menn\u00e4 pieleen.<\/p>\r\n\r\n\r\n\r\n<p>N\u00e4m\u00e4 yritykset voivat my\u00f6s antaa hyvi\u00e4 neuvoja siit\u00e4, mink\u00e4lainen lentokone sopisi parhaiten lentotarpeisiisi ja ostovoimaasi.&nbsp;<\/p>\r\n\r\n\r\n\r\n<p>Lis\u00e4ksi, pit\u00e4\u00e4 mieless\u00e4, ett\u00e4 sinun ei tarvitse omistaa suihkukoneen kokonaan. On muitakin vaihtoehtoja, jotka tulevat melko l\u00e4helle, kuten esim. <a href=\"https:\/\/www.investopedia.com\/terms\/f\/fractionalownership.asp\" target=\"_blank\" rel=\"noreferrer noopener nofollow\">murto-omistusoikeus<\/a>, tai <a href=\"https:\/\/www.sherpareport.com\/aircraft\/aircraft-overview\/charter-cards.html\" target=\"_blank\" rel=\"noreferrer noopener nofollow\">jet clubin j\u00e4senkortit<\/a> jotka antavat sinulle valtavasti vaihtoehtoja lent\u00e4misen suhteen.<\/p>\r\n\r\n\r\n\r\n<p>Jet-kerhon j\u00e4senkortteja myyv\u00e4t useat yritykset, joista jokainen tarjoaa erilaisia ehtoja. <a href=\"https:\/\/www.vistajet.com\/en-gb\/stories\/private-jet-card\/\" target=\"_blank\" rel=\"noreferrer noopener nofollow\">Vista Jet,<\/a> <a href=\"https:\/\/www.jetlinx.com\/jet-card\/\" target=\"_blank\" rel=\"noreferrer noopener nofollow\">Jet Linx<\/a>, <a href=\"https:\/\/jettly.com\/become_a_member\" target=\"_blank\" rel=\"noreferrer noopener nofollow\">Jettly<\/a>, <a href=\"https:\/\/www.wholesalejetclub.com\/\" target=\"_blank\" rel=\"noreferrer noopener nofollow\">Koko myynti Jet Club<\/a>, <a href=\"https:\/\/www.airpartner.com\/en\/private-jets\/jetcard\/\" target=\"_blank\" rel=\"noreferrer noopener nofollow\">AirPArtner<\/a> ovat vain pari suosittua nime\u00e4.<\/p>\r\n\r\n\r\n\r\n<p>Lis\u00e4ksi, ellet ole ammattilent\u00e4j\u00e4, pit\u00e4\u00e4 mieless\u00e4, ett\u00e4 ostaa suihkukoneen on vain ensimm\u00e4inen of <strong>monet kustannukset, jotka odottavat<\/strong>. Mutta mit\u00e4 hittoa - mit\u00e4 on $50,000 - $60,000 lent\u00e4j\u00e4n palkka vuodessa sen j\u00e4lkeen, kun koneesta on maksettu useita miljoonia dollareita? Lent\u00e4j\u00e4n lis\u00e4ksi tarvitaan my\u00f6s muu matkustamohenkil\u00f6kunta, huolto- ja k\u00e4ytt\u00f6maksut, hallikulut, verot, lentokentt\u00e4maksut, polttoaine jne.<\/p>\r\n\r\n\r\n\r\n<div class=\"wp-block-image\"><figure class=\"aligncenter size-large\"><img loading=\"lazy\" decoding=\"async\" width=\"1024\" height=\"683\" src=\"https:\/\/comparemyjet.com\/wp-content\/uploads\/2021\/08\/How-To-Buy-a-Private-Jet-3-1-1024x683.jpg\" alt=\"k\u00e4denpuristus\" class=\"wp-image-2043\" srcset=\"https:\/\/comparemyjet.com\/wp-content\/uploads\/2021\/08\/How-To-Buy-a-Private-Jet-3-1-300x200.jpg 300w, https:\/\/comparemyjet.com\/wp-content\/uploads\/2021\/08\/How-To-Buy-a-Private-Jet-3-1-768x512.jpg 768w, https:\/\/comparemyjet.com\/wp-content\/uploads\/2021\/08\/How-To-Buy-a-Private-Jet-3-1-1024x683.jpg 1024w, https:\/\/comparemyjet.com\/wp-content\/uploads\/2021\/08\/How-To-Buy-a-Private-Jet-3-1-1536x1024.jpg 1536w, https:\/\/comparemyjet.com\/wp-content\/uploads\/2021\/08\/How-To-Buy-a-Private-Jet-3-1.jpg 1920w\" sizes=\"auto, (max-width: 1024px) 100vw, 1024px\" \/><\/figure><\/div>\r\n\r\n\r\n\r\n<h2 class=\"wp-block-heading\">Yksityisen suihkukoneen ostaminen: Jet Jet Jet -lentokoneen ostaminen: Vaiheittainen opas<\/h2>\r\n\r\n\r\n\r\n<p>T\u00e4ss\u00e4 on vaiheittainen opas yksityisen suihkukoneen ostamisesta. Varmista, ett\u00e4 k\u00e4yt l\u00e4pi kaikki vaiheet, sill\u00e4 riippumatta siit\u00e4, kuinka paljon rahaa sinulla on, miljoonien tuhlaaminen johonkin, joka ei ole edes puolen rahan arvoinen, on tuskallinen aloittelijan virhe.<\/p>\r\n\r\n\r\n\r\n<ol class=\"wp-block-list\"><li>Luotettava neuvonantaja ja kolmannen osapuolen tuki ovat v\u00e4ltt\u00e4m\u00e4tt\u00f6mi\u00e4.<\/li><\/ol>\r\n\r\n\r\n\r\n<p>Kuten jo totesimme, yksityisen suihkukoneen ostaminen ei ole v\u00e4h\u00e4inen investointi. Jos se menee pieleen, voit menett\u00e4\u00e4 paljon rahaa. Tietenkin on olemassa vaihteluv\u00e4li, kuinka paljon se maksaa sinulle. K\u00e4ytetyn $2 miljoonan euron suihkukoneen ostamista voidaan pit\u00e4\u00e4 kalliina virheen\u00e4, mutta mit\u00e4 tapahtuu, jos ostat v\u00e4\u00e4r\u00e4n $15 miljoonan - $100 miljoonan euron koneen?<\/p>\r\n\r\n\r\n\r\n<p>Siksi yhteisty\u00f6 luotettavien v\u00e4litt\u00e4jien tai neuvonantajien kanssa on pakollista (ellet ole itse lentokoneasiantuntija).<\/p>\r\n\r\n\r\n\r\n<p>Yritykset, kuten <a href=\"https:\/\/www.jetcraft.com\/\" target=\"_blank\" rel=\"noreferrer noopener nofollow\">Jetcraft<\/a>, <a href=\"https:\/\/www.jamesedition.com\/jets\" target=\"_blank\" rel=\"noreferrer noopener nofollow\">Jamesedition<\/a>, <a href=\"https:\/\/www.avbuyer.com\/aircraft\/private-jets\" target=\"_blank\" rel=\"noreferrer noopener nofollow\">Avbuyer<\/a>, <a href=\"https:\/\/www.globalair.com\/aircraft-for-sale\/Private-Jet\" target=\"_blank\" rel=\"noreferrer noopener nofollow\">Globalair<\/a>, <a href=\"https:\/\/www.worth.com\/how-to-buy-a-private-jet\/\" target=\"_blank\" rel=\"noreferrer noopener nofollow\">Kannattaa<\/a>, <a href=\"https:\/\/www.jetlinx.com\/acquisitions-sales\/\" target=\"_blank\" rel=\"noreferrer noopener nofollow\">Jetlinx<\/a>, tai <a href=\"https:\/\/www.privatefly.com\/privatejet-services\/private-jet-buy-or-hire.html\" target=\"_blank\" rel=\"noreferrer noopener nofollow\">Privatefly<\/a> ovat joitakin alkuun markkinapaikat ostamiseen yksityinen suihkukone. Ne ty\u00f6llist\u00e4v\u00e4t my\u00f6s v\u00e4litt\u00e4j\u00e4t, joiden etujen mukaista on, ett\u00e4 p\u00e4\u00e4dyt tyytyv\u00e4iseksi asiakkaaksi.<\/p>\r\n\r\n\r\n\r\n<div class=\"wp-block-image\"><figure class=\"aligncenter size-large\"><img loading=\"lazy\" decoding=\"async\" width=\"1024\" height=\"429\" src=\"https:\/\/comparemyjet.com\/wp-content\/uploads\/2021\/08\/How-To-Buy-a-Private-Jet-5-1024x429.jpg\" alt=\"yrityksen kotisivut\" class=\"wp-image-2039\" srcset=\"https:\/\/comparemyjet.com\/wp-content\/uploads\/2021\/08\/How-To-Buy-a-Private-Jet-5-300x126.jpg 300w, https:\/\/comparemyjet.com\/wp-content\/uploads\/2021\/08\/How-To-Buy-a-Private-Jet-5-768x322.jpg 768w, https:\/\/comparemyjet.com\/wp-content\/uploads\/2021\/08\/How-To-Buy-a-Private-Jet-5-1024x429.jpg 1024w, https:\/\/comparemyjet.com\/wp-content\/uploads\/2021\/08\/How-To-Buy-a-Private-Jet-5-1536x643.jpg 1536w, https:\/\/comparemyjet.com\/wp-content\/uploads\/2021\/08\/How-To-Buy-a-Private-Jet-5.jpg 1891w\" sizes=\"auto, (max-width: 1024px) 100vw, 1024px\" \/><\/figure><\/div>\r\n\r\n\r\n\r\n<p>Kolmannen osapuolen tuki ei kuitenkaan lopu t\u00e4h\u00e4n. Tarvitset my\u00f6s ilmailuun erikoistuneen lakimiehen, tarkastuslaitoksen, matkustamohenkil\u00f6kunnan rekrytointitoimiston, talous- ja veroneuvojan sek\u00e4 kirjanpit\u00e4j\u00e4n.<\/p>\r\n\r\n\r\n\r\n<ol class=\"wp-block-list\" start=\"2\"><li>Selvit\u00e4 yksityiskohdat<\/li><\/ol>\r\n\r\n\r\n\r\n<p>Minne haluat matkustaa lentokoneellasi? Kuinka usein aiot lent\u00e4\u00e4? Kuinka monta henkil\u00f6\u00e4 matkustaa kanssasi? Mik\u00e4 on budjettisi?<\/p>\r\n\r\n\r\n\r\n<p>Kaikki n\u00e4m\u00e4 yksityiskohdat m\u00e4\u00e4r\u00e4\u00e4v\u00e4t, mink\u00e4 tyyppisen lentokoneen ostat: keskikokoisen, potkuriturbiinikoneen, pienikokoisen, k\u00e4ytetyn tai t\u00e4ysin uuden.<\/p>\r\n\r\n\r\n\r\n<p>Uudet suihkukoneet ovat yleens\u00e4 kalliimpia, mutta niill\u00e4 on viiden vuoden takuu, kun taas k\u00e4ytetyill\u00e4 suihkukoneilla t\u00e4m\u00e4 takuu ei ole osa sopimusta.<\/p>\r\n\r\n\r\n\r\n<p>On my\u00f6s t\u00e4rke\u00e4\u00e4, ett\u00e4 tunnet asiayhteyden. Jos lenn\u00e4t paikallisesti, maassasi tai alueellasi voi olla erityisi\u00e4 s\u00e4\u00e4nt\u00f6j\u00e4 ja vaatimuksia kaupallisten lentojen osalta.<\/p>\r\n\r\n\r\n\r\n<p>Varmista, ett\u00e4 t\u00e4yt\u00e4t n\u00e4m\u00e4 vaatimukset varusteiden, turvallisuuden, henkil\u00f6kunnan, verojen, maksujen jne. osalta.<\/p>\r\n\r\n\r\n\r\n<div class=\"wp-block-image\"><figure class=\"aligncenter size-large\"><img loading=\"lazy\" decoding=\"async\" width=\"1024\" height=\"437\" src=\"https:\/\/comparemyjet.com\/wp-content\/uploads\/2021\/08\/How-To-Buy-a-Private-Jet-1-1024x437.jpg\" alt=\"Kuinka ostaa yksityislentokone-1\" class=\"wp-image-2035\" srcset=\"https:\/\/comparemyjet.com\/wp-content\/uploads\/2021\/08\/How-To-Buy-a-Private-Jet-1-300x128.jpg 300w, https:\/\/comparemyjet.com\/wp-content\/uploads\/2021\/08\/How-To-Buy-a-Private-Jet-1-768x328.jpg 768w, https:\/\/comparemyjet.com\/wp-content\/uploads\/2021\/08\/How-To-Buy-a-Private-Jet-1-1024x437.jpg 1024w, https:\/\/comparemyjet.com\/wp-content\/uploads\/2021\/08\/How-To-Buy-a-Private-Jet-1-1536x656.jpg 1536w, https:\/\/comparemyjet.com\/wp-content\/uploads\/2021\/08\/How-To-Buy-a-Private-Jet-1.jpg 1751w\" sizes=\"auto, (max-width: 1024px) 100vw, 1024px\" \/><\/figure><\/div>\r\n\r\n\r\n\r\n<ol class=\"wp-block-list\" start=\"3\"><li>Demo Ride<\/li><\/ol>\r\n\r\n\r\n\r\n<p>Vaikka on t\u00e4ysin normaalia arvostaa lentokoneen ulkon\u00e4k\u00f6\u00e4, sen mukavuus, taloudellisuus ja toimivuus ovat itse asiassa paljon t\u00e4rke\u00e4mpi\u00e4.<\/p>\r\n\r\n\r\n\r\n<p>Siksi kehotamme sinua ottamaan mahdollisen lentokoneesi mukaan esittelyajelulle. Jos et ole ennen lent\u00e4nyt kyseisell\u00e4 lentokonemallilla, voit ehk\u00e4 l\u00f6yt\u00e4\u00e4 tilauslentoyhti\u00f6n, jonka lentokoneessa on kyseinen konetyyppi, ja testata sen mukavuutta, suorituskyky\u00e4, melua ja toimivuutta.<\/p>\r\n\r\n\r\n\r\n<p>On my\u00f6s mahdollista, ett\u00e4 myyj\u00e4 antaa sinulle mahdollisuuden tehd\u00e4 esittelylennon, mutta sinun on t\u00e4ll\u00f6in sovittava jonkinlaisesta sitoumuksesta, kuten talletuksen j\u00e4tt\u00e4misest\u00e4 ennen lentoa.<\/p>\r\n\r\n\r\n\r\n<ol class=\"wp-block-list\" start=\"4\"><li>Ostaminen ja hallinto<\/li><\/ol>\r\n\r\n\r\n\r\n<p>Muistatko kaiken kolmannen osapuolen avun vaiheesta 1?<\/p>\r\n\r\n\r\n\r\n<p>Kun olet tehnyt koeajon, ja kun olet varma siit\u00e4, mik\u00e4 kone haluat ostaa, t\u00e4ss\u00e4 on luettelo vaiheista, ett\u00e4 sin\u00e4, tai pikemminkin, kolmannen osapuolen virastojen t\u00e4ytyy ryhty\u00e4 loppuun osto ja tehd\u00e4 sinusta yksityinen suihkukoneen omistaja.<\/p>\r\n\r\n\r\n\r\n<ul class=\"wp-block-list\"><li>Ostoa edelt\u00e4v\u00e4 tarkastus<\/li><\/ul>\r\n\r\n\r\n\r\n<p>Yritykset, kuten <a href=\"https:\/\/jetadvisors.com\/\" target=\"_blank\" rel=\"noreferrer noopener nofollow\">Jetadvisors<\/a>, <a href=\"https:\/\/www.vanguardairservices.com\/\" target=\"_blank\" rel=\"noreferrer noopener nofollow\">VanguardAirServices<\/a>, <a href=\"https:\/\/www.globalaviationtechnicalservices.com\/\" target=\"_blank\" rel=\"noreferrer noopener nofollow\">Maailmanlaajuiset ilmailun tekniset palvelut<\/a>, tai <a href=\"https:\/\/cla.aero\/\" target=\"_blank\" rel=\"noreferrer noopener nofollow\">Cla.aero<\/a> ovat vain joitakin asiantuntijoita, jotka voivat auttaa sinua m\u00e4\u00e4ritt\u00e4m\u00e4\u00e4n, onko olemassa vaurioita, puutteita tai vahinkohistoriaa, jotka alentaisivat kiinnostavan lentokoneesi arvoa.<\/p>\r\n\r\n\r\n\r\n<ul class=\"wp-block-list\"><li>Talous- ja myyntiasiakirjojen tarkastelu<\/li><\/ul>\r\n\r\n\r\n\r\n<p>Koska kyse on miljoonista, on varsin t\u00e4rke\u00e4\u00e4, ett\u00e4 kaikki asiakirjat on j\u00e4rjestetty asianmukaisesti ja ett\u00e4 kaikki on laillisissa puitteissa.<\/p>\r\n\r\n\r\n\r\n<p>Jos sinulla ei ole jo henkil\u00f6kohtaista neuvonantajaa, joka on asian asiantuntija, voit palkata erillisen toimiston hoitamaan t\u00e4m\u00e4n vaiheen puolestasi. Koska ilmailuala on niin erityinen markkinarako, on olemassa yrityksi\u00e4, jotka ovat erikoistuneet pelk\u00e4st\u00e4\u00e4n lentokoneiden myyntiin liittyviin taloudellisiin tai oikeudellisiin n\u00e4k\u00f6kohtiin.<\/p>\r\n\r\n\r\n\r\n<p>Jotkut niist\u00e4 ovat <a href=\"https:\/\/www.globaljetcapital.com\/financial-services\" target=\"_blank\" rel=\"noreferrer noopener nofollow\">GlobalJetCapital<\/a>, <a href=\"https:\/\/finance.aopa.org\/aviation-finance\/first-time-buyers\" target=\"_blank\" rel=\"noreferrer noopener nofollow\">AOPA Finance<\/a>ja <a href=\"https:\/\/theprivatejetcompany.com\/\" target=\"_blank\" rel=\"noreferrer noopener nofollow\">ThePrivateJetCompany<\/a>. Ne voivat auttaa sinua k\u00e4sittelem\u00e4\u00e4n ainutlaatuista taloudellista tilannetta, tarjota sinulle myynti- tai takaisinvuokrausohjelmia, neuvoa sinua, miten voit neuvotella hinnasta riippuen taloudellisesta voimastasi ja tarkastustuloksista, ja lopuksi sulkea ostosopimuksen.<\/p>\r\n\r\n\r\n\r\n<ul class=\"wp-block-list\"><li>Ilma-aluksen rekister\u00f6inti ja omistus<\/li><\/ul>\r\n\r\n\r\n\r\n<p>Jokaisella maalla on omat lentokoneiden rekister\u00f6inti\u00e4 koskevat s\u00e4\u00e4nt\u00f6ns\u00e4. Yhden maan sis\u00e4ll\u00e4 n\u00e4m\u00e4 s\u00e4\u00e4nn\u00f6t voivat lis\u00e4ksi vaihdella sen mukaan, oletko yksitt\u00e4inen omistaja, osakeyhti\u00f6 vai s\u00e4\u00e4ti\u00f6, joka rekister\u00f6i suihkukoneen. Lis\u00e4ksi on olemassa tekij\u00f6it\u00e4, kuten se, onko kyseess\u00e4 kevyt urheilukone vai harrastajien rakentama kone jne.<\/p>\r\n\r\n\r\n\r\n<p>On my\u00f6s s\u00e4\u00e4nt\u00f6j\u00e4 siit\u00e4, kuka voi ja kuka ei voi rekister\u00f6id\u00e4 ilma-alusta tietyss\u00e4 maassa.<\/p>\r\n\r\n\r\n\r\n<p>Onneksesi kaikki t\u00e4m\u00e4 tieto on <a href=\"https:\/\/www.faa.gov\/licenses_certificates\/aircraft_certification\/aircraft_registry\/register_aircraft\/\" target=\"_blank\" rel=\"noreferrer noopener nofollow\">helposti saatavilla viranomaisten verkkosivustoilla<\/a>, ja ne tarjoavat perusteellisia ja yksityiskohtaisia selityksi\u00e4 siit\u00e4, mit\u00e4 velvollisuuksia suhteessa valtioon ovat, kun se tulee omistaa ja rekister\u00f6inti yksityinen suihkukone.<\/p>\r\n\r\n\r\n\r\n<p>Lis\u00e4ksi omistusoikeuden rekister\u00f6inti voi my\u00f6s olla hieman sotkuista, jos p\u00e4\u00e4t\u00e4t valita osaomistuksen. Toisaalta, jos ostat koko lentokoneen, k\u00e4yt\u00e4nn\u00f6ss\u00e4 johdat (toista) yrityst\u00e4: palkkaat ty\u00f6ntekij\u00f6it\u00e4, suunnittelet huoltoa, maksat veroja ja maksuja sek\u00e4 hoidat oikeudellisia velvollisuuksia.<\/p>\r\n\r\n\r\n\r\n<p>Siksi tarvitset kolmannen osapuolen neuvonantajaa my\u00f6s t\u00e4ss\u00e4 vaiheessa.<\/p>\r\n\r\n\r\n\r\n<ul class=\"wp-block-list\"><li>Lentokelpoisuustodistukset vientiin<\/li><\/ul>\r\n\r\n\r\n\r\n<p>Jos olet ostamassa lentokonetta Yhdysvaltoihin, on paljon t\u00e4rke\u00e4mp\u00e4\u00e4 ottaa huomioon, miss\u00e4 koneen kotipaikka on, miss\u00e4 sit\u00e4 k\u00e4ytet\u00e4\u00e4n ja miss\u00e4 sit\u00e4 huolletaan kuin miss\u00e4 se on virallisesti rekister\u00f6ity. Vaikka alkuper\u00e4maa tunnettaisiinkin ep\u00e4ilytt\u00e4v\u00e4n\u00e4 paikkana, jos lentokonetta on k\u00e4ytetty laillisesta paikasta k\u00e4sin, kaikki asiakirjat on laadittu englanniksi ja ne t\u00e4ytt\u00e4v\u00e4t kaikki vaaditut kriteerit, hallinnolliset ongelmat ratkeavat hetkess\u00e4.<\/p>\r\n\r\n\r\n\r\n<p>Ulkomaista lentokonetta ostettaessa on kuitenkin noudatettava melko suurta huolellisuutta. Kullakin maalla on omat m\u00e4\u00e4r\u00e4yksens\u00e4, jotka sek\u00e4 sinun ett\u00e4 myyj\u00e4n on t\u00e4ytett\u00e4v\u00e4.<\/p>\r\n\r\n\r\n\r\n<p>My\u00f6s lentokoneen aiemmat matkareitit olisi selvitett\u00e4v\u00e4, jotta voit tunnistaa mahdolliset selvitt\u00e4m\u00e4tt\u00f6m\u00e4t panttioikeudet, sill\u00e4 haluat v\u00e4ltt\u00e4\u00e4 t\u00e4m\u00e4ntyyppisen yll\u00e4tyksen seuraavalla matkallasi samoihin maihin (jos sellaisia on).<\/p>\r\n\r\n\r\n\r\n<p>T\u00e4rkein asiakirja, joka sinun on t\u00e4ss\u00e4 vaiheessa hankittava, on luultavasti <strong>lentokelpoisuustodistus<\/strong>. Sen my\u00f6nt\u00e4\u00e4 DAR (Designated Airworthiness Representative), joka on valtion valtuuttama huoltoteknikko. T\u00e4ss\u00e4 prosessissa on tietysti monia vaiheita, joita sinun ei pit\u00e4isi k\u00e4yd\u00e4 l\u00e4pi yksin. Yritykset, kuten <a href=\"https:\/\/www.bjtonline.com\/\" target=\"_blank\" rel=\"noreferrer noopener nofollow\">BTJOnline<\/a>, tai <a href=\"https:\/\/www.duncanaviation.aero\/\" target=\"_blank\" rel=\"noreferrer noopener nofollow\">DuncanAviationAero<\/a> voi opastaa sinua koko koettelemuksen l\u00e4pi ja tarjota kaikki tarvittavat palvelut.<\/p>\r\n\r\n\r\n\r\n<ul class=\"wp-block-list\"><li>Vakuutukset<\/li><\/ul>\r\n\r\n\r\n\r\n<p>Yksityisen suihkukoneen vakuutus on aika iso juttu. Maksamme vakuutuksen paljon pienemmist\u00e4 investoinneista, kuten auton ostamisesta, joten on sanomattakin selv\u00e4\u00e4, ett\u00e4 sinun on saatava sellainen, kun ostat yksityisen suihkukoneen.<\/p>\r\n\r\n\r\n\r\n<p>T\u00e4llaista palvelua tarjoavat useat virastot, kuten esimerkiksi <a href=\"https:\/\/bwifly.com\/aviation-insurance\/\" target=\"_blank\" rel=\"noreferrer noopener nofollow\">BWI Fly<\/a>, <a href=\"https:\/\/www.usaa.com\/inet\/wc\/insurance_aviation\" target=\"_blank\" rel=\"noreferrer noopener nofollow\">USAA<\/a>, <a href=\"https:\/\/www.wingsinsurance.com\/\" target=\"_blank\" rel=\"noreferrer noopener nofollow\">Siivet<\/a>, <a href=\"https:\/\/www.ap-aerospace.com\/aircraft-renters-insurance\" target=\"_blank\" rel=\"noreferrer noopener nofollow\">AssuredPartners Ilmailu ja avaruus<\/a>, <a href=\"https:\/\/www.eaa.org\/eaa\/eaa-membership\/eaa-member-benefits\/insurance\/EAA-warbird-aircraft-insurance-plan\" target=\"_blank\" rel=\"noreferrer noopener nofollow\">EAA<\/a>, <a href=\"https:\/\/www.avemco.com\/\" target=\"_blank\" rel=\"noreferrer noopener nofollow\">Avemco<\/a>, <a href=\"https:\/\/www.saxoninsurancebrokers.com\/\" target=\"_blank\" rel=\"noreferrer noopener nofollow\">Saxon vakuutusmeklarit<\/a>, <a href=\"https:\/\/www.traversaviation.com\/\" target=\"_blank\" rel=\"noreferrer noopener nofollow\">TraverseAviation<\/a>, <a href=\"https:\/\/www.ajg.com\/\" target=\"_blank\" rel=\"noreferrer noopener nofollow\">AJG<\/a>jne.<\/p>\r\n\r\n\r\n\r\n<ul class=\"wp-block-list\"><li>Sulkeminen ja allekirjoittaminen<\/li><\/ul>\r\n\r\n\r\n\r\n<div class=\"wp-block-image\"><figure class=\"aligncenter size-large is-resized\"><img loading=\"lazy\" decoding=\"async\" src=\"https:\/\/comparemyjet.com\/wp-content\/uploads\/2021\/08\/How-To-Buy-a-Private-Jet-4-1024x683.jpg\" alt=\"asiakirjojen allekirjoittaminen\" class=\"wp-image-2038\" width=\"1000\" height=\"666\" srcset=\"https:\/\/comparemyjet.com\/wp-content\/uploads\/2021\/08\/How-To-Buy-a-Private-Jet-4-300x200.jpg 300w, https:\/\/comparemyjet.com\/wp-content\/uploads\/2021\/08\/How-To-Buy-a-Private-Jet-4-768x512.jpg 768w, https:\/\/comparemyjet.com\/wp-content\/uploads\/2021\/08\/How-To-Buy-a-Private-Jet-4-1024x683.jpg 1024w, https:\/\/comparemyjet.com\/wp-content\/uploads\/2021\/08\/How-To-Buy-a-Private-Jet-4.jpg 1200w\" sizes=\"auto, (max-width: 1000px) 100vw, 1000px\" \/><\/figure><\/div>\r\n\r\n\r\n\r\n<p>Sanomattakin on selv\u00e4\u00e4, ett\u00e4 kaupan tekeminen ja kauppasopimuksen allekirjoittaminen on prosessin viimeinen vaihe. Kun olet saavuttanut t\u00e4m\u00e4n vaiheen, stressaava hallinto on ohi, ja olet valmis tulla yksityinen suihkukone omistaja!<\/p>\r\n\r\n\r\n\r\n<h2 class=\"wp-block-heading\">Yhteenveto<\/h2>\r\n\r\n\r\n\r\n<p>Yksityisen lentokoneen ostaminen tai jopa murto-osuuden omistaminen on merkitt\u00e4v\u00e4 askel kenenk\u00e4\u00e4n el\u00e4m\u00e4ss\u00e4. Kun olet kuitenkin viett\u00e4nyt jonkin aikaa ilmassa yksityislennoilla, et voi en\u00e4\u00e4 koskaan palata kaupallisiin lentoihin. Ja kun olet lent\u00e4nyt 200 tuntia vuodessa, on selv\u00e4\u00e4, ett\u00e4 oman lentokoneen omistaminen kannattaa.<\/p>\r\n\r\n\r\n\r\n<p>Lentokoneen omistaminen on kuin yrityksen johtamista. Jos olet valmis ostamaan lentokoneen, oletamme, ett\u00e4 sinulla on jo kokemusta johtamisesta - tai sinulla on tarvittavat varat, jotta voit siirt\u00e4\u00e4 ty\u00f6n jollekin luotettavalle henkil\u00f6lle.<\/p>\r\n\r\n\r\n\r\n<p>Vaikka olisit kuinka kokenut tahansa, sinun on kuitenkin, ellet ole lentokoneasiantuntija, syyt\u00e4 <strong>hakea tukea<\/strong> lentokoneen hankinnan kaikilla tasoilla ja kaikissa vaiheissa: t\u00e4ydellisen lentokoneen valinnasta monimutkaisten hallintoprosessien loppuun.<\/p>\r\n\r\n\r\n\r\n<p>Keskustele lis\u00e4ksi ohjaajasi kanssa siit\u00e4, mit\u00e4 haluat tehd\u00e4 lentokoneellasi. Mitk\u00e4 ovat yleisimm\u00e4t kohteesi? Kuinka monta matkustajaa aiot ottaa mukaasi? Sinun on m\u00e4\u00e4ritett\u00e4v\u00e4 <strong>mink\u00e4 tyyppinen lentokone<\/strong> vastaa parhaiten tarpeitasi.<\/p>\r\n\r\n\r\n\r\n<p>Kun olet varma lentokoneesi teknisist\u00e4 tiedoista, on aika ottaa se koeajolle. <strong>esittelyajo<\/strong>. Voit joko vuokrata lennon kyseisell\u00e4 lentokonetyypill\u00e4 tai pyyt\u00e4\u00e4 myyj\u00e4\u00e4 antamaan sinulle kyydin tietty\u00e4 takuumaksua vastaan.<\/p>\r\n\r\n\r\n\r\n<p>Lopuksi, jos olet yksiselitteisen varma lentokonetyypist\u00e4, on aika ratkaista hallinto. T\u00e4m\u00e4 on monimutkainen prosessi, joka vaatii:<\/p>\r\n\r\n\r\n\r\n<ul class=\"wp-block-list\"><li>V\u00e4litt\u00e4j\u00e4;<\/li><li>Asianajaja;<\/li><li>Kirjanpit\u00e4j\u00e4\/rahoitusasiantuntija;<\/li><li>Tarkastuslaitos;<\/li><li>Apua vientitodistuksen hankkimisessa.<\/li><\/ul>\r\n\r\n\r\n\r\n<p>Sen j\u00e4lkeen j\u00e4ljell\u00e4 on en\u00e4\u00e4 kaupan tekeminen ja sopimuksen allekirjoittaminen.<\/p>\r\n\r\n\r\n\r\n<p>Mit\u00e4 seuraavaksi? Lentomatka uudella lelullasi!<\/p>","protected":false},"excerpt":{"rendered":"<p>Olet siis lent\u00e4nyt yksityisesti jo jonkin aikaa. Yksityislentokoneiden vuokraaminen itsellesi ja matkaseurueellesi ja viime hetken paikkojen varaaminen 30 hengen yhteisk\u00e4ytt\u00f6isill\u00e4 lennoilla ovat kaikki hyvi\u00e4 vaihtoehtoja, mutta kun laskelmoit, p\u00e4\u00e4dyt miettim\u00e4\u00e4n - miksi en omistaisi omaa lentokonettani? Asiantuntijoiden mukaan, kun ...<\/p>","protected":false},"author":1,"featured_media":2035,"parent":0,"menu_order":0,"comment_status":"closed","ping_status":"closed","template":"","meta":{"_acf_changed":false,"_genesis_hide_title":false,"_genesis_hide_breadcrumbs":false,"_genesis_hide_singular_image":false,"_genesis_hide_footer_widgets":false,"_genesis_custom_body_class":"","_genesis_custom_post_class":"","_genesis_layout":"","footnotes":""},"class_list":{"1":"page","2":"type-page","6":"entry"},"acf":[],"_links":{"self":[{"href":"https:\/\/comparemyjet.com\/fi\/wp-json\/wp\/v2\/pages\/2034","targetHints":{"allow":["GET"]}}],"collection":[{"href":"https:\/\/comparemyjet.com\/fi\/wp-json\/wp\/v2\/pages"}],"about":[{"href":"https:\/\/comparemyjet.com\/fi\/wp-json\/wp\/v2\/types\/page"}],"author":[{"embeddable":true,"href":"https:\/\/comparemyjet.com\/fi\/wp-json\/wp\/v2\/users\/1"}],"replies":[{"embeddable":true,"href":"https:\/\/comparemyjet.com\/fi\/wp-json\/wp\/v2\/comments?post=2034"}],"version-history":[{"count":2,"href":"https:\/\/comparemyjet.com\/fi\/wp-json\/wp\/v2\/pages\/2034\/revisions"}],"predecessor-version":[{"id":2044,"href":"https:\/\/comparemyjet.com\/fi\/wp-json\/wp\/v2\/pages\/2034\/revisions\/2044"}],"wp:featuredmedia":[{"embeddable":true,"href":"https:\/\/comparemyjet.com\/fi\/wp-json\/wp\/v2\/media\/2035"}],"wp:attachment":[{"href":"https:\/\/comparemyjet.com\/fi\/wp-json\/wp\/v2\/media?parent=2034"}],"curies":[{"name":"wp","href":"https:\/\/api.w.org\/{rel}","templated":true}]}}