{"id":2825,"date":"2022-04-06T14:20:11","date_gmt":"2022-04-06T14:20:11","guid":{"rendered":"https:\/\/comparemyjet.com\/?page_id=2825"},"modified":"2025-09-04T09:59:35","modified_gmt":"2025-09-04T09:59:35","slug":"tietosuojapolitiikka","status":"publish","type":"page","link":"https:\/\/comparemyjet.com\/fi\/tietosuojapolitiikka\/","title":{"rendered":"Tietosuojak\u00e4yt\u00e4nt\u00f6"},"content":{"rendered":"<p>T\u00e4m\u00e4 tietosuojak\u00e4yt\u00e4nt\u00f6 koskee t\u00e4t\u00e4 verkkosivustoa [<a href=\"https:\/\/comparemyjet.com\/fi\/\">CompareMyJet.com\/<\/a>]. (Omistaa Brilliant British Ltd, yritysnumero 10490224 (Rekister\u00f6ity Englannissa ja Walesissa), ICO:n rekister\u00f6intiviite: ZA286128, Rekister\u00f6idyn toimipaikan osoite: 3. kerros Great Titchfield House, 14-18 Great Titchfield Street, <a href=\"https:\/\/comparemyjet.com\/fi\/yksityiset-matkat\/lontoon-yksityiset-matkat\/\" data-internallinksmanager029f6b8e52c=\"396\" title=\"11 Parasta Lontoon yksityiset matkat alkaen $104.69\">Lontoo<\/a>, Yhdistynyt kuningaskunta, W1W 8BD.) Siin\u00e4 m\u00e4\u00e4ritell\u00e4\u00e4n, miten CompareMyJet.com k\u00e4ytt\u00e4\u00e4 ja suojaa kaikkia tietoja, joita annat CompareMyJet.comille k\u00e4ytt\u00e4ess\u00e4si t\u00e4t\u00e4 verkkosivustoa.<\/p>\n<p>CompareMyJet.com on sitoutunut varmistamaan, ett\u00e4 yksityisyytesi on suojattu. Jos pyyd\u00e4mme sinua antamaan tiettyj\u00e4 tietoja, joiden perusteella sinut voidaan tunnistaa t\u00e4t\u00e4 verkkosivustoa k\u00e4ytt\u00e4ess\u00e4si, voit olla varma, ett\u00e4 niit\u00e4 k\u00e4ytet\u00e4\u00e4n ainoastaan t\u00e4m\u00e4n tietosuojaselosteen mukaisesti.<\/p>\n<p>CompareMyJet.com voi muuttaa t\u00e4t\u00e4 k\u00e4yt\u00e4nt\u00f6\u00e4 ajoittain p\u00e4ivitt\u00e4m\u00e4ll\u00e4 t\u00e4t\u00e4 sivua. Sinun tulisi tarkistaa t\u00e4m\u00e4 sivu aika ajoin varmistaaksesi, ett\u00e4 olet tyytyv\u00e4inen kaikkiin muutoksiin. T\u00e4m\u00e4 k\u00e4yt\u00e4nt\u00f6 on voimassa <em>09\/03\/2022<\/em>.<\/p>\n<p><strong>Huom:<\/strong> Yleisen tietosuoja-asetuksen (GDPR) mukaisesti CompareMyJet.com toimii sek\u00e4 rekisterinpit\u00e4j\u00e4n\u00e4 ett\u00e4 tietojen k\u00e4sittelij\u00e4n\u00e4 kaikkien tarjousten osalta.<\/p>\n<p><strong>Turvallisuus<\/strong><\/p>\n<p>Olemme sitoutuneet varmistamaan, ett\u00e4 tietosi ovat turvassa. Luvattoman p\u00e4\u00e4syn tai luovuttamisen est\u00e4miseksi olemme ottaneet k\u00e4ytt\u00f6\u00f6n asianmukaiset fyysiset, s\u00e4hk\u00f6iset ja hallinnolliset menettelyt verkossa ker\u00e4\u00e4miemme tietojen suojaamiseksi ja turvaamiseksi. Kaikki verkkosivuston tiedot siirret\u00e4\u00e4n suojatun SSL-tekniikan avulla.<\/p>\n<p>K\u00e4ytt\u00e4j\u00e4t, jotka ottavat yhteytt\u00e4 ja\/tai toimittavat tietoja t\u00e4lle verkkosivustolle ja\/tai sen omistajille, tekev\u00e4t sen oman harkintansa mukaan ja antavat kaikki pyydetyt henkil\u00f6tiedot omalla vastuullaan. Henkil\u00f6kohtaiset tietosi s\u00e4ilytet\u00e4\u00e4n yksityisin\u00e4 ja turvallisesti, kunnes niit\u00e4 ei en\u00e4\u00e4 tarvita tai niille ei ole k\u00e4ytt\u00f6\u00e4, kuten vuoden 2018 yleisess\u00e4 tietosuoja-asetuksessa on m\u00e4\u00e4ritelty. On pyritty kaikin keinoin varmistamaan turvallinen ja suojattu lomakkeen ja tarjouksen l\u00e4hett\u00e4misprosessi, mutta kehotetaan lomakkeen ja tarjouksen prosessia k\u00e4ytt\u00e4vi\u00e4 k\u00e4ytt\u00e4ji\u00e4 tekem\u00e4\u00e4n se omalla vastuullaan.<\/p>\n<p><strong>Miten k\u00e4yt\u00e4mme ev\u00e4steit\u00e4<\/strong><\/p>\n<p>Ev\u00e4ste on pieni tiedosto, joka pyyt\u00e4\u00e4 lupaa tallentua tietokoneesi kiintolevylle. Kun olet antanut suostumuksesi, tiedosto lis\u00e4t\u00e4\u00e4n, ja ev\u00e4ste auttaa analysoimaan verkkoliikennett\u00e4 tai kertoo, milloin vierailet tietyll\u00e4 sivustolla. Ev\u00e4steiden avulla verkkosovellukset pystyv\u00e4t vastaamaan sinulle yksil\u00f6n\u00e4. Verkkosovellus voi r\u00e4\u00e4t\u00e4l\u00f6id\u00e4 toimintansa tarpeidesi, mieltymystesi ja vastenmielisyyksidesi mukaan ker\u00e4\u00e4m\u00e4ll\u00e4 ja muistamalla tietoja mieltymyksist\u00e4si.<\/p>\n<p>K\u00e4yt\u00e4mme liikenneloki ev\u00e4steit\u00e4 tunnistamaan, mit\u00e4 sivuja k\u00e4ytet\u00e4\u00e4n. T\u00e4m\u00e4 auttaa meit\u00e4 analysoimaan tietoja verkkosivujen liikenteest\u00e4 ja parantamaan verkkosivustoamme, jotta voimme r\u00e4\u00e4t\u00e4l\u00f6id\u00e4 sen asiakkaiden tarpeisiin. K\u00e4yt\u00e4mme n\u00e4it\u00e4 tietoja vain tilastollisiin analyysitarkoituksiin, mink\u00e4 j\u00e4lkeen tiedot poistetaan j\u00e4rjestelm\u00e4st\u00e4. Emme k\u00e4yt\u00e4 niit\u00e4 yksitt\u00e4isten k\u00e4ytt\u00e4jien seuraamiseen, vaan ainoastaan verkkosivujen k\u00e4yt\u00f6n yhteenlaskettuun seurantaan.<\/p>\n<p>Kaiken kaikkiaan ev\u00e4steet auttavat meit\u00e4 tarjoamaan sinulle paremman verkkosivuston, sill\u00e4 niiden avulla voimme seurata, mitk\u00e4 sivut ovat mielest\u00e4si hy\u00f6dyllisi\u00e4 ja mitk\u00e4 eiv\u00e4t. Ev\u00e4steet eiv\u00e4t anna meille p\u00e4\u00e4sy\u00e4 tietokoneeseesi tai mit\u00e4\u00e4n muita tietoja sinusta kuin ne, jotka olet p\u00e4\u00e4tt\u00e4nyt jakaa kanssamme.<\/p>\n<p>Voit valita ev\u00e4steiden hyv\u00e4ksymisen tai hylk\u00e4\u00e4misen. Useimmat verkkoselaimet hyv\u00e4ksyv\u00e4t ev\u00e4steet automaattisesti, mutta voit yleens\u00e4 muuttaa selaimen asetuksia ev\u00e4steiden hylk\u00e4\u00e4miseksi, jos haluat. T\u00e4m\u00e4 saattaa est\u00e4\u00e4 sinua hy\u00f6dynt\u00e4m\u00e4st\u00e4 verkkosivustoa t\u00e4ysim\u00e4\u00e4r\u00e4isesti.<\/p>\n<p>K\u00e4ytt\u00e4ji\u00e4 neuvotaan, ett\u00e4 jos he haluavat kielt\u00e4\u00e4 t\u00e4m\u00e4n verkkosivuston ev\u00e4steiden k\u00e4yt\u00f6n ja tallentamisen tietokoneen kiintolevylle, heid\u00e4n on ryhdytt\u00e4v\u00e4 tarvittaviin toimenpiteisiin selaimensa suojausasetuksissa est\u00e4\u00e4kseen kaikki t\u00e4m\u00e4n verkkosivuston ja sen ulkoisten palveluntarjoajien ev\u00e4steet.<\/p>\n<p>T\u00e4m\u00e4 verkkosivusto k\u00e4ytt\u00e4\u00e4 seurantaohjelmistoa k\u00e4vij\u00f6iden seuraamiseen, jotta voimme ymm\u00e4rt\u00e4\u00e4 paremmin, miten he k\u00e4ytt\u00e4v\u00e4t sivustoa. T\u00e4m\u00e4n ohjelmiston tarjoaa Google Analytics, joka k\u00e4ytt\u00e4\u00e4 ev\u00e4steit\u00e4 k\u00e4vij\u00f6iden k\u00e4yt\u00f6n seuraamiseen. Ohjelmisto tallentaa ev\u00e4steen tietokoneesi kiintolevylle seuratakseen ja seuratakseen sitoutumistasi ja verkkosivuston k\u00e4ytt\u00f6\u00e4, mutta ei tallenna, tallenna tai ker\u00e4\u00e4 henkil\u00f6kohtaisia tietoja. Voit lukea lis\u00e4tietoja Googlen tietosuojak\u00e4yt\u00e4nn\u00f6st\u00e4 t\u00e4\u00e4lt\u00e4 [ http:\/\/www.google.com\/privacy.html ].<\/p>\n<p><strong>Linkit muille verkkosivustoille<\/strong><\/p>\n<p>Verkkosivustomme voi sis\u00e4lt\u00e4\u00e4 linkkej\u00e4 muille kiinnostaville verkkosivustoille. Kun olet kuitenkin poistunut sivustoltamme n\u00e4iden linkkien kautta, sinun on huomattava, ett\u00e4 meill\u00e4 ei ole mit\u00e4\u00e4n m\u00e4\u00e4r\u00e4ysvaltaa kyseiseen toiseen verkkosivustoon. <\/p>\n<p>Siksi emme voi olla vastuussa sellaisten tietojen suojaamisesta ja yksityisyydest\u00e4, joita annat vieraillessasi t\u00e4llaisilla sivustoilla, eik\u00e4 t\u00e4m\u00e4 tietosuojalausunto koske kyseisi\u00e4 sivustoja. Sinun tulisi olla varovainen ja tutustua kyseiseen verkkosivustoon sovellettavaan tietosuojaselosteeseen.<\/p>\n<p><strong>Affiliate-linkit<\/strong><\/p>\n<p>T\u00e4m\u00e4 sivusto k\u00e4ytt\u00e4\u00e4 my\u00f6s affiliate-linkkej\u00e4. N\u00e4m\u00e4 ovat linkkej\u00e4 muille verkkosivustoille, jotka saattavat seurata k\u00e4ytt\u00e4ytymist\u00e4si, kun olet kyseisell\u00e4 verkkosivustolla. Ne voivat johtaa siihen, ett\u00e4 saamme palkkion, jos suoritat tietyn toiminnon ja\/tai teet ostoksen. N\u00e4m\u00e4 linkit maksavat tutkimuksemme ja verkkosivustomme ja mahdollistavat sen, ett\u00e4 voimme tarjota kaiken sis\u00e4lt\u00f6mme ilmaiseksi. <\/p>\n<p>Jos olet huolissasi t\u00e4st\u00e4, tarkista kaikkien muiden verkkosivustojen tietosuojak\u00e4yt\u00e4nn\u00f6t, joilla vierailet t\u00e4m\u00e4n verkkosivuston linkin kautta.   <\/p>\n<p><strong>Sosiaalinen media<\/strong><\/p>\n<p>T\u00e4ll\u00e4 verkkosivustolla saatetaan k\u00e4ytt\u00e4\u00e4 sosiaalisen jakamisen painikkeita, joiden avulla verkkosis\u00e4lt\u00f6\u00e4 voidaan jakaa suoraan verkkosivuilta kyseiselle sosiaalisen median alustalle. K\u00e4ytt\u00e4ji\u00e4 kehotetaan ennen t\u00e4llaisten sosiaalisen jakamisen painikkeiden k\u00e4ytt\u00f6\u00e4 tekem\u00e4\u00e4n se oman harkintansa mukaan ja ottamaan huomioon, ett\u00e4 sosiaalisen median alusta voi seurata ja tallentaa pyynt\u00f6si jakaa verkkosivuja sosiaalisen median alustatilisi kautta.<\/p>\n<p>K\u00e4ytt\u00e4ji\u00e4 kehotetaan noudattamaan varovaisuutta ja harkintaa ennen kuin he napsauttavat t\u00e4m\u00e4n verkkosivuston ja sen omistajien sosiaalisessa mediassa julkaisemia lyhennettyj\u00e4 URL-osoitteita. Huolimatta parhaista pyrkimyksist\u00e4 varmistaa, ett\u00e4 julkaistaan vain aitoja urleja, monet sosiaalisen median alustat ovat alttiita roskapostille ja hakkeroinnille, ja siksi t\u00e4t\u00e4 verkkosivustoa ja sen omistajia ei voida pit\u00e4\u00e4 vastuullisina mist\u00e4\u00e4n vahingoista tai seurauksista, jotka johtuvat lyhennettyjen linkkien k\u00e4ytt\u00e4misest\u00e4.<\/p>\n<p><strong>Henkil\u00f6kohtaisten tietojesi hallinta<\/strong><\/p>\n<p>Jos uskot, ett\u00e4 hallussamme olevat tietosi ovat virheellisi\u00e4 tai ep\u00e4t\u00e4ydellisi\u00e4, ota yhteytt\u00e4 seuraaviin tahoihin <a href=\"https:\/\/CompareMyJet.com\/contact-us\/\" data-lasso-id=\"8809\" target=\"_blank\" rel=\"noopener\">Ota yhteytt\u00e4<\/a> mahdollisimman pian edell\u00e4 mainittuun osoitteeseen. Korjaamme viipym\u00e4tt\u00e4 kaikki virheelliseksi havaitut tiedot.<\/p>\n<p><em>v.1.0 - 9 maaliskuu, 2022 Muokannut ja mukauttanut: CompareMyJet.com<\/em><\/p>","protected":false},"excerpt":{"rendered":"<p>T\u00e4m\u00e4 tietosuojak\u00e4yt\u00e4nt\u00f6 koskee t\u00e4t\u00e4 verkkosivustoa [CompareMyJet.com\/]. (Omistaa Brilliant British Ltd, yritysnumero 10490224 (rekister\u00f6ity Englannissa ja Walesissa), ICO:n rekister\u00f6intiviite: ZA286128, Rekister\u00f6ity osoite: 3rd Floor Great Titchfield House, 14-18 Great Titchfield Street, Lontoo, Yhdistynyt kuningaskunta, W1W 8BD.). Siin\u00e4 kerrotaan, miten CompareMyJet.com k\u00e4ytt\u00e4\u00e4 ja suojaa antamiasi tietoja ....<\/p>","protected":false},"author":1,"featured_media":0,"parent":0,"menu_order":0,"comment_status":"closed","ping_status":"closed","template":"","meta":{"_acf_changed":false,"_genesis_hide_title":false,"_genesis_hide_breadcrumbs":false,"_genesis_hide_singular_image":false,"_genesis_hide_footer_widgets":false,"_genesis_custom_body_class":"","_genesis_custom_post_class":"","_genesis_layout":"","footnotes":""},"class_list":{"1":"page","2":"type-page","5":"entry"},"acf":[],"_links":{"self":[{"href":"https:\/\/comparemyjet.com\/fi\/wp-json\/wp\/v2\/pages\/2825","targetHints":{"allow":["GET"]}}],"collection":[{"href":"https:\/\/comparemyjet.com\/fi\/wp-json\/wp\/v2\/pages"}],"about":[{"href":"https:\/\/comparemyjet.com\/fi\/wp-json\/wp\/v2\/types\/page"}],"author":[{"embeddable":true,"href":"https:\/\/comparemyjet.com\/fi\/wp-json\/wp\/v2\/users\/1"}],"replies":[{"embeddable":true,"href":"https:\/\/comparemyjet.com\/fi\/wp-json\/wp\/v2\/comments?post=2825"}],"version-history":[{"count":2,"href":"https:\/\/comparemyjet.com\/fi\/wp-json\/wp\/v2\/pages\/2825\/revisions"}],"predecessor-version":[{"id":2827,"href":"https:\/\/comparemyjet.com\/fi\/wp-json\/wp\/v2\/pages\/2825\/revisions\/2827"}],"wp:attachment":[{"href":"https:\/\/comparemyjet.com\/fi\/wp-json\/wp\/v2\/media?parent=2825"}],"curies":[{"name":"wp","href":"https:\/\/api.w.org\/{rel}","templated":true}]}}