{"id":2829,"date":"2022-04-06T14:23:50","date_gmt":"2022-04-06T14:23:50","guid":{"rendered":"https:\/\/comparemyjet.com\/?page_id=2829"},"modified":"2025-09-04T10:00:53","modified_gmt":"2025-09-04T10:00:53","slug":"kayttoehdot","status":"publish","type":"page","link":"https:\/\/comparemyjet.com\/fi\/kayttoehdot\/","title":{"rendered":"K\u00e4ytt\u00f6ehdot"},"content":{"rendered":"<p><strong>LUE N\u00c4M\u00c4 HUOLELLISESTI ENNEN T\u00c4M\u00c4N VERKKOSIVUSTON K\u00c4YTT\u00d6\u00c4.<\/strong><\/p>\n<p>Tervetuloa CompareMyJet.com-sivustolle. Jos jatkat t\u00e4m\u00e4n verkkosivuston selaamista ja k\u00e4ytt\u00f6\u00e4, sitoudut noudattamaan ja noudattamaan seuraavia k\u00e4ytt\u00f6ehtoja, jotka yhdess\u00e4 meid\u00e4n ja <a href=\"https:\/\/CompareMyJet.com\/privacy-policy\/\" target=\"_blank\" rel=\"noopener\">tietosuojak\u00e4yt\u00e4nt\u00f6<\/a> hallita CompareMyJet.comin suhdetta sinuun t\u00e4m\u00e4n verkkosivuston osalta. Jos olet eri mielt\u00e4 jostain n\u00e4iden ehtojen osasta, \u00e4l\u00e4 k\u00e4yt\u00e4 verkkosivustoamme.<\/p>\n<p>N\u00e4iss\u00e4 k\u00e4ytt\u00f6ehdoissa sek\u00e4 muissa j\u00e4ljemp\u00e4n\u00e4 mainituissa asiakirjoissa m\u00e4\u00e4ritell\u00e4\u00e4n ehdot, joiden mukaisesti voit k\u00e4ytt\u00e4\u00e4 sivustoa https:\/\/CompareMyJet.com\/ (\"sivustomme\"). <\/p>\n<p>Muut t\u00e4rke\u00e4t asiakirjat <\/p>\n<p>K\u00e4ytt\u00f6ehdot viittaavat <a href=\"https:\/\/CompareMyJet.com\/privacy-policy\/\" data-lasso-id=\"8845\" target=\"_blank\" rel=\"noopener\">Tietosuojak\u00e4yt\u00e4nt\u00f6<\/a> joissa m\u00e4\u00e4ritell\u00e4\u00e4n ehdot, joiden mukaisesti k\u00e4sittelemme meille antamiasi tai sinulta ker\u00e4\u00e4mi\u00e4mme henkil\u00f6tietoja. K\u00e4ytt\u00e4m\u00e4ll\u00e4 sivustoamme annat suostumuksesi t\u00e4llaiseen k\u00e4sittelyyn.<\/p>\n<p>T\u00e4m\u00e4n verkkosivuston k\u00e4ytt\u00f6\u00e4 koskevat seuraavat k\u00e4ytt\u00f6ehdot:<\/p>\n<ul>\n<li> T\u00e4m\u00e4n verkkosivuston sivujen sis\u00e4lt\u00f6 on tarkoitettu vain yleiseen k\u00e4ytt\u00f6\u00f6n. Sit\u00e4 voidaan muuttaa ilman ennakkoilmoitusta.<\/li>\n<li> T\u00e4m\u00e4 verkkosivusto k\u00e4ytt\u00e4\u00e4 ev\u00e4steit\u00e4 selausasetusten seuraamiseen. Jos sallit ev\u00e4steiden k\u00e4yt\u00f6n, saatamme tallentaa henkil\u00f6tietoja kolmansien osapuolten k\u00e4ytt\u00f6\u00f6n.<\/li>\n<li> Me tai kolmannet osapuolet emme anna mit\u00e4\u00e4n takuuta tai takuuta t\u00e4ll\u00e4 verkkosivustolla olevien tai tarjottujen tietojen ja materiaalien tarkkuudesta, ajantasaisuudesta, suorituskyvyst\u00e4, t\u00e4ydellisyydest\u00e4 tai soveltuvuudesta mihink\u00e4\u00e4n tiettyyn tarkoitukseen. Tunnustat, ett\u00e4 t\u00e4llaiset tiedot ja materiaalit saattavat sis\u00e4lt\u00e4\u00e4 ep\u00e4tarkkuuksia tai virheit\u00e4, ja suljemme nimenomaisesti pois vastuun t\u00e4llaisista ep\u00e4tarkkuuksista tai virheist\u00e4 lain sallimissa rajoissa.<\/li>\n<li> T\u00e4m\u00e4n verkkosivuston tietojen tai materiaalin k\u00e4ytt\u00f6 tapahtuu t\u00e4ysin omalla vastuullasi, josta emme ole vastuussa. On omalla vastuullasi varmistaa, ett\u00e4 kaikki t\u00e4m\u00e4n verkkosivuston kautta saatavilla olevat tuotteet, palvelut tai tiedot t\u00e4ytt\u00e4v\u00e4t erityisvaatimuksesi.<\/li>\n<li> T\u00e4m\u00e4 verkkosivusto sis\u00e4lt\u00e4\u00e4 materiaalia, joka on meid\u00e4n omistuksessamme tai lisensoitu meille. T\u00e4m\u00e4 materiaali sis\u00e4lt\u00e4\u00e4 muun muassa suunnittelun, ulkoasun, ulkoasun, ulkoasun ja grafiikan. J\u00e4ljent\u00e4minen on kielletty muutoin kuin n\u00e4iden k\u00e4ytt\u00f6ehtojen osana olevan tekij\u00e4noikeusilmoituksen mukaisesti.<\/li>\n<li> T\u00e4m\u00e4n verkkosivuston luvaton k\u00e4ytt\u00f6 voi johtaa vahingonkorvausvaatimuksiin ja\/tai olla rikos.<\/li>\n<li> T\u00e4m\u00e4 verkkosivusto voi ajoittain sis\u00e4lt\u00e4\u00e4 my\u00f6s linkkej\u00e4 muille verkkosivustoille. N\u00e4m\u00e4 linkit on tarkoitettu sinulle lis\u00e4tietojen saamiseksi. Ne eiv\u00e4t tarkoita, ett\u00e4 me kannatamme kyseist\u00e4 verkkosivustoa tai kyseisi\u00e4 verkkosivustoja. Emme ole vastuussa linkitettyjen verkkosivustojen sis\u00e4ll\u00f6st\u00e4.<\/li>\n<li> T\u00e4m\u00e4n verkkosivuston k\u00e4ytt\u00f6si ja kaikki verkkosivuston k\u00e4yt\u00f6st\u00e4 johtuvat riidat ovat Englannin, Pohjois-Irlannin, Skotlannin ja Walesin lakien alaisia.<\/li>\n<\/ul>","protected":false},"excerpt":{"rendered":"<p>LUE N\u00c4M\u00c4 HUOLELLISESTI ENNEN T\u00c4M\u00c4N VERKKOSIVUSTON K\u00c4YTT\u00d6\u00c4. Tervetuloa CompareMyJet.com-sivustolle. Jos jatkat t\u00e4m\u00e4n verkkosivuston selaamista ja k\u00e4ytt\u00e4mist\u00e4, sitoudut noudattamaan ja noudattamaan seuraavia k\u00e4ytt\u00f6ehtoja, jotka yhdess\u00e4 tietosuojak\u00e4yt\u00e4nt\u00f6mme kanssa s\u00e4\u00e4telev\u00e4t CompareMyJet.comin suhdetta sinuun t\u00e4m\u00e4n verkkosivuston osalta. Jos ...<\/p>","protected":false},"author":1,"featured_media":0,"parent":0,"menu_order":0,"comment_status":"closed","ping_status":"closed","template":"","meta":{"_acf_changed":false,"_genesis_hide_title":false,"_genesis_hide_breadcrumbs":false,"_genesis_hide_singular_image":false,"_genesis_hide_footer_widgets":false,"_genesis_custom_body_class":"","_genesis_custom_post_class":"","_genesis_layout":"","footnotes":""},"class_list":{"1":"page","2":"type-page","5":"entry"},"acf":[],"_links":{"self":[{"href":"https:\/\/comparemyjet.com\/fi\/wp-json\/wp\/v2\/pages\/2829","targetHints":{"allow":["GET"]}}],"collection":[{"href":"https:\/\/comparemyjet.com\/fi\/wp-json\/wp\/v2\/pages"}],"about":[{"href":"https:\/\/comparemyjet.com\/fi\/wp-json\/wp\/v2\/types\/page"}],"author":[{"embeddable":true,"href":"https:\/\/comparemyjet.com\/fi\/wp-json\/wp\/v2\/users\/1"}],"replies":[{"embeddable":true,"href":"https:\/\/comparemyjet.com\/fi\/wp-json\/wp\/v2\/comments?post=2829"}],"version-history":[{"count":2,"href":"https:\/\/comparemyjet.com\/fi\/wp-json\/wp\/v2\/pages\/2829\/revisions"}],"predecessor-version":[{"id":2831,"href":"https:\/\/comparemyjet.com\/fi\/wp-json\/wp\/v2\/pages\/2829\/revisions\/2831"}],"wp:attachment":[{"href":"https:\/\/comparemyjet.com\/fi\/wp-json\/wp\/v2\/media?parent=2829"}],"curies":[{"name":"wp","href":"https:\/\/api.w.org\/{rel}","templated":true}]}}