{"id":3061,"date":"2022-07-11T23:51:35","date_gmt":"2022-07-11T23:51:35","guid":{"rendered":"https:\/\/comparemyjet.com\/?page_id=3061"},"modified":"2025-09-04T09:58:14","modified_gmt":"2025-09-04T09:58:14","slug":"amalfi-jets","status":"publish","type":"page","link":"https:\/\/comparemyjet.com\/fi\/amalfi-jets\/","title":{"rendered":"Amalfi Jets lentojen hinnat"},"content":{"rendered":"<p>Mik\u00e4\u00e4n ei voita matkustamista maailman halki yksityislentokoneella lent\u00e4en. Jotta yksityisen lent\u00e4misen kokemus olisi miellytt\u00e4v\u00e4mpi, Amalfi Jets l\u00e4hett\u00e4\u00e4 yhden edustajistaan lentokent\u00e4lle tervehtim\u00e4\u00e4n jokaista asiakasta ennen l\u00e4ht\u00f6\u00e4 ja varmistamaan, ett\u00e4 kaikki yksityiskohdat on hoidettu miellytt\u00e4v\u00e4n lennon takaamiseksi.&nbsp;<\/p>\r\n\r\n\r\n\r\n<p>Yhti\u00f6 tarjoaa palveluja, kuten tilauslentojen tilauslento- ja suihkukorttij\u00e4senyysohjelmia. Ne lupaavat my\u00f6s taattu saatavuus vain 18 tunnin varoitusajalla, ja voit hy\u00f6dynt\u00e4\u00e4 ilmaisia lentokoneen p\u00e4ivityksi\u00e4 ja monia muita etuja. Tutustutaanpa tarkemmin Amalfin suihkukoneilla lent\u00e4misen etuihin.<\/p>\r\n\r\n\r\n\r\n<div id=\"ez-toc-container\" class=\"ez-toc-v2_0_76 counter-hierarchy ez-toc-counter ez-toc-grey ez-toc-container-direction\">\n<p class=\"ez-toc-title\" style=\"cursor:inherit\">Aiheet<\/p>\n<label for=\"ez-toc-cssicon-toggle-item-69f038ea66166\" class=\"ez-toc-cssicon-toggle-label\"><span class=\"\"><span class=\"eztoc-hide\" style=\"display:none;\">Toggle<\/span><span class=\"ez-toc-icon-toggle-span\"><svg style=\"fill: #999;color:#999\" xmlns=\"http:\/\/www.w3.org\/2000\/svg\" class=\"list-377408\" width=\"20px\" height=\"20px\" viewbox=\"0 0 24 24\" fill=\"none\"><path d=\"M6 6H4v2h2V6zm14 0H8v2h12V6zM4 11h2v2H4v-2zm16 0H8v2h12v-2zM4 16h2v2H4v-2zm16 0H8v2h12v-2z\" fill=\"currentColor\"><\/path><\/svg><svg style=\"fill: #999;color:#999\" class=\"arrow-unsorted-368013\" xmlns=\"http:\/\/www.w3.org\/2000\/svg\" width=\"10px\" height=\"10px\" viewbox=\"0 0 24 24\" version=\"1.2\" baseprofile=\"tiny\"><path d=\"M18.2 9.3l-6.2-6.3-6.2 6.3c-.2.2-.3.4-.3.7s.1.5.3.7c.2.2.4.3.7.3h11c.3 0 .5-.1.7-.3.2-.2.3-.5.3-.7s-.1-.5-.3-.7zM5.8 14.7l6.2 6.3 6.2-6.3c.2-.2.3-.5.3-.7s-.1-.5-.3-.7c-.2-.2-.4-.3-.7-.3h-11c-.3 0-.5.1-.7.3-.2.2-.3.5-.3.7s.1.5.3.7z\"\/><\/svg><\/span><\/span><\/label><input type=\"checkbox\"  id=\"ez-toc-cssicon-toggle-item-69f038ea66166\" checked aria-label=\"Toggle\" \/><nav><ul class='ez-toc-list ez-toc-list-level-1' ><li class='ez-toc-page-1 ez-toc-heading-level-2'><a class=\"ez-toc-link ez-toc-heading-1\" href=\"https:\/\/comparemyjet.com\/fi\/amalfi-jets\/#Company_History\" >Yrityksen historia<\/a><ul class='ez-toc-list-level-3' ><li class='ez-toc-heading-level-3'><a class=\"ez-toc-link ez-toc-heading-2\" href=\"https:\/\/comparemyjet.com\/fi\/amalfi-jets\/#Why_Choose_Amalfi_Jets\" >Miksi valita Amalfi Jets?<\/a><\/li><\/ul><\/li><li class='ez-toc-page-1 ez-toc-heading-level-2'><a class=\"ez-toc-link ez-toc-heading-3\" href=\"https:\/\/comparemyjet.com\/fi\/amalfi-jets\/#Ways_to_Fly\" >Tapoja lent\u00e4\u00e4<\/a><\/li><li class='ez-toc-page-1 ez-toc-heading-level-2'><a class=\"ez-toc-link ez-toc-heading-4\" href=\"https:\/\/comparemyjet.com\/fi\/amalfi-jets\/#The_Company_Card_Program\" >Yrityskorttiohjelma<\/a><\/li><li class='ez-toc-page-1 ez-toc-heading-level-2'><a class=\"ez-toc-link ez-toc-heading-5\" href=\"https:\/\/comparemyjet.com\/fi\/amalfi-jets\/#Pricing\" >Hinnoittelu<\/a><\/li><li class='ez-toc-page-1 ez-toc-heading-level-2'><a class=\"ez-toc-link ez-toc-heading-6\" href=\"https:\/\/comparemyjet.com\/fi\/amalfi-jets\/#The_Fleet\" >Laivasto&nbsp;<\/a><ul class='ez-toc-list-level-3' ><li class='ez-toc-heading-level-3'><a class=\"ez-toc-link ez-toc-heading-7\" href=\"https:\/\/comparemyjet.com\/fi\/amalfi-jets\/#1_Light_Private_Jets\" >1. Kevyet yksityiset suihkukoneet<\/a><\/li><li class='ez-toc-page-1 ez-toc-heading-level-3'><a class=\"ez-toc-link ez-toc-heading-8\" href=\"https:\/\/comparemyjet.com\/fi\/amalfi-jets\/#2_Midsize_and_Super-Midsize_Private_Jets\" >2. Keskikokoiset ja superkeskikokoiset yksityislentokoneet&nbsp;<\/a><\/li><li class='ez-toc-page-1 ez-toc-heading-level-3'><a class=\"ez-toc-link ez-toc-heading-9\" href=\"https:\/\/comparemyjet.com\/fi\/amalfi-jets\/#3_Large_Private_Jets\" >3. Suuret yksityiset suihkukoneet<\/a><\/li><li class='ez-toc-page-1 ez-toc-heading-level-3'><a class=\"ez-toc-link ez-toc-heading-10\" href=\"https:\/\/comparemyjet.com\/fi\/amalfi-jets\/#4_Ultra-Long-Range_Private_Jets\" >4. Eritt\u00e4in pitk\u00e4n kantaman yksityiset suihkukoneet<\/a><\/li><\/ul><\/li><li class='ez-toc-page-1 ez-toc-heading-level-2'><a class=\"ez-toc-link ez-toc-heading-11\" href=\"https:\/\/comparemyjet.com\/fi\/amalfi-jets\/#Company_Safety_Policy_and_Standards\" >Yrityksen turvallisuuspolitiikka ja -standardit<\/a><\/li><li class='ez-toc-page-1 ez-toc-heading-level-2'><a class=\"ez-toc-link ez-toc-heading-12\" href=\"https:\/\/comparemyjet.com\/fi\/amalfi-jets\/#Partnerships\" >Kumppanuudet<\/a><\/li><li class='ez-toc-page-1 ez-toc-heading-level-2'><a class=\"ez-toc-link ez-toc-heading-13\" href=\"https:\/\/comparemyjet.com\/fi\/amalfi-jets\/#Conclusion\" >P\u00e4\u00e4telm\u00e4<\/a><\/li><\/ul><\/nav><\/div>\n<h2 class=\"wp-block-heading\"><span class=\"ez-toc-section\" id=\"Company_History\"><\/span>Yrityksen historia<span class=\"ez-toc-section-end\"><\/span><\/h2>\r\n\r\n\r\n\r\n<p>Amalfi Jets on <a href=\"https:\/\/comparemyjet.com\/fi\/how-do-you-rent-or-charter-a-private-jet\/\" data-internallinksmanager029f6b8e52c=\"15\" title=\"Miten vuokrata tai vuokrata yksityinen suihkukone?\">yksityinen suihkukone charter<\/a> Kolin Jonesin vuonna 2020 perustama toimisto. Toimipaikka on <a href=\"https:\/\/comparemyjet.com\/fi\/yksityiset-matkat\/los-angeles-private-tours\/\" data-internallinksmanager029f6b8e52c=\"421\" title=\"11 Parasta Los Angelesin yksityisretki\u00e4 Alkaen $55.00\">Los Angeles<\/a>, Amalfi tarjoaa matkustajille sek\u00e4 tilausvuokrausta ett\u00e4 j\u00e4senyysvaihtoehtoa kanta-asiakkaille. Yksityishenkil\u00f6t, yritykset ja perheet ovat kaikki hy\u00f6tyneet yhti\u00f6n erikoistuneista lentopalveluista, kuten henkil\u00f6kohtaisesta ateriapalvelusta ja t\u00e4ydent\u00e4v\u00e4st\u00e4 mustan auton palvelusta.&nbsp;<\/p>\r\n\r\n\r\n\r\n<p>Amalfi Jets, LLC on yksi Kolinin johdolla nopeimmin kasvavista ilmailualan yrityksist\u00e4. Lent\u00e4jiens\u00e4 ja henkil\u00f6kuntansa ripeydest\u00e4 asiakaskuntansa turvallisuuden varmistamiseen Amalfi Jets ryhtyy kaikkiin varotoimiin varmistaakseen, ett\u00e4 matkasi sujuu sujuvasti, joten sinulla ei ole mit\u00e4\u00e4n muuta huolenaihetta kuin se, ett\u00e4 sinulla on hauskaa yksityislentokoneessa.<\/p>\r\n\r\n\r\n\r\n<p>Amalfi Jetsill\u00e4 on laaja verkosto, johon kuuluu noin 2 000 lentokonetta eri puolilla maailmaa. Kaikki lennot suorittaa <a href=\"https:\/\/www.faa.gov\/\" target=\"_blank\" rel=\"noopener\">FAA<\/a>osan 135 mukaisesti sertifioidut ilma-alusten k\u00e4ytt\u00e4j\u00e4t tai vastaavat henkil\u00f6t muissa maissa.&nbsp;<\/p>\r\n\r\n\r\n\r\n<h3 class=\"wp-block-heading\"><span class=\"ez-toc-section\" id=\"Why_Choose_Amalfi_Jets\"><\/span>Miksi valita Amalfi Jets?<span class=\"ez-toc-section-end\"><\/span><\/h3>\r\n\r\n\r\n\r\n<p>Amalfi Jets pyrkii tarjoamaan korkealaatuista asiakaspalvelua. Yksi asia, joka erottaa heid\u00e4t muista yksityisist\u00e4 tilauslentoyhti\u00f6ist\u00e4, on Amalfin edustajien maailmanlaajuinen tiimi, joka lent\u00e4\u00e4 tervehtim\u00e4\u00e4n matkustajia jokaisessa l\u00e4ht\u00f6paikassa.&nbsp;<\/p>\r\n\r\n\r\n\r\n<p>Yritys tarjoaa my\u00f6s ilmaisen noutopalvelun kotoa tai matkan l\u00e4ht\u00f6paikasta ja tarjoaa kaikille matkustajille mustan auton maasturipalvelun. Saat taksipalvelun l\u00e4ht\u00f6paikastasi saapumislentokent\u00e4lle mill\u00e4 tahansa matkalla, jonka suunnittelet ja toteutat Amalfi Jetsin kanssa. He ovat seuralaisesi koko matkasi ajan.<\/p>\r\n\r\n\r\n\r\n<p>Mit\u00e4 tulee laivalla tarjottaviin ateriapalveluihin, Amalfi Jets tekee mielell\u00e4\u00e4n yhteisty\u00f6t\u00e4 joidenkin maailman tunnetuimpien kokkien kanssa. Ennen jokaista matkaa asiakaspalveluhenkil\u00f6kunta j\u00e4rjest\u00e4\u00e4 sinulle valikoituja ruokalistoja, joista voit valita mieltymystesi ja ruokavaliosi mukaan.<\/p>\r\n\r\n\r\n\r\n<p>Lis\u00e4ksi heid\u00e4n ilmailukonsulttinsa auttavat sinua valitsemaan oikean ja edullisimman lentokoneen juuri sinun matkaasi varten yli 2000 lentokoneen joukosta. Jokaista matkaa valvovat ilmailuasiantuntijat laadukkaan palvelun ja asiakastyytyv\u00e4isyyden varmistamiseksi.<\/p>\r\n\r\n\r\n\r\n<h2 class=\"wp-block-heading\"><span class=\"ez-toc-section\" id=\"Ways_to_Fly\"><\/span>Tapoja lent\u00e4\u00e4<span class=\"ez-toc-section-end\"><\/span><\/h2>\r\n\r\n\r\n\r\n<p>Amalfi Jetsill\u00e4 voi lent\u00e4\u00e4 kahdella tavalla:<\/p>\r\n\r\n\r\n\r\n<ol class=\"wp-block-list\"><li>Pyyd\u00e4 k\u00e4ytett\u00e4viss\u00e4 olevia lentokonevaihtoehtoja matkakohtaisesti lentokoneen kautta <a href=\"https:\/\/amalfijets.com\/on-demand-charter\/\" target=\"_blank\" rel=\"noopener\">on-demand<\/a> charter-aspekti.&nbsp;<\/li><li>Ryhdy <a href=\"https:\/\/amalfijets.com\/the-amalfi-one-jet-card-program\/\" target=\"_blank\" rel=\"noopener\">Yksi Jet-kortti<\/a> j\u00e4sen, jos olet kanta-asiakas, joka haluaa omistaa lentokoneen maksamatta sen mukana tulevia maksuja.<\/li><\/ol>\r\n\r\n\r\n\r\n<p>Tutustutaan j\u00e4senohjelmaan tarkemmin.<\/p>\r\n\r\n\r\n\r\n<h2 class=\"wp-block-heading\"><span class=\"ez-toc-section\" id=\"The_Company_Card_Program\"><\/span>Yrityskorttiohjelma<span class=\"ez-toc-section-end\"><\/span><\/h2>\r\n\r\n\r\n\r\n<p>Amalfi One Jet Card -ohjelman tavoitteena on tarjota sinulle palveluverkosto, jossa voit nauttia alan parhaasta mahdollisesta - maailmanlaajuisesta matkustamisesta.<\/p>\r\n\r\n\r\n\r\n<p>Amalfi One Jet Card on alan ainoa suihkukortti, jota voi k\u00e4ytt\u00e4\u00e4 yli 30 eri maassa. Kortinhaltijana voit lent\u00e4\u00e4 ja maksaa tuntipalkkaa, kunhan matkustat yhti\u00f6n ensisijaisen palvelualueen maiden sis\u00e4ll\u00e4 tai niiden v\u00e4lill\u00e4. Riippumatta siit\u00e4, minne matkasi vie, voit luottaa siihen, ett\u00e4 lentokoneiden laivasto on valmiina kuljettamaan sinut m\u00e4\u00e4r\u00e4np\u00e4\u00e4h\u00e4si.<\/p>\r\n\r\n\r\n\r\n<p>Kortinhaltijan etuna on my\u00f6s se, ett\u00e4 voit vuokrata suihkukoneen vain 18 tunnin varoitusajalla Yhdysvalloissa tai 72 tunnin varoitusajalla muualla Amalfiksen ensisijaisella palvelualueella.<\/p>\r\n\r\n\r\n\r\n<p>Viimeisen\u00e4 mutta ei v\u00e4h\u00e4isimp\u00e4n\u00e4, kortinhaltijana saat ilmaisen mustan auton palvelun, henkil\u00f6kohtaisen ateriapalvelun jokaisella lennolla sek\u00e4 haluamasi alkoholin ja juomat. Amalfi Jetsin edustaja ottaa sinut vastaan jokaisella l\u00e4htev\u00e4ll\u00e4 lentoasemalla varmistaakseen, ett\u00e4 saat parasta mahdollista palvelua.<\/p>\r\n\r\n\r\n\r\n<h2 class=\"wp-block-heading\"><span class=\"ez-toc-section\" id=\"Pricing\"><\/span>Hinnoittelu<span class=\"ez-toc-section-end\"><\/span><\/h2>\r\n\r\n\r\n\r\n<p>One-ohjelmaan vaaditaan v\u00e4hint\u00e4\u00e4n $50,000 USD:n alkutalletus, jolloin koko $50,000 siirtyy v\u00e4litt\u00f6m\u00e4sti lentotilillesi matkustustarkoituksiin, eik\u00e4 j\u00e4senmaksuja, vuosimaksuja, j\u00e4senmaksuja tai aloituskustannuksia ole.<\/p>\r\n\r\n\r\n\r\n<p>One Jet -korttiohjelman j\u00e4senen\u00e4 maksat seuraavat tuntihinnat:<\/p>\r\n\r\n\r\n\r\n<ul class=\"wp-block-list\"><li>$5 800 kevyille suihkuille;&nbsp;<\/li><li>$7 800 keskikokoisille suihkukoneille;&nbsp;<\/li><li>$9,800 superkeskikokoisille suihkukoneille;&nbsp;<\/li><li>$10 800 suurille matkustamosuihkukoneille;&nbsp;<\/li><li>$13 500 ultrapitk\u00e4n kantaman suihkukoneille.<\/li><\/ul>\r\n\r\n\r\n\r\n<h2 class=\"wp-block-heading\"><span class=\"ez-toc-section\" id=\"The_Fleet\"><\/span>Laivasto&nbsp;<span class=\"ez-toc-section-end\"><\/span><\/h2>\r\n\r\n\r\n\r\n<figure class=\"wp-block-image size-full is-style-default\"><img loading=\"lazy\" decoding=\"async\" width=\"1000\" height=\"667\" src=\"https:\/\/comparemyjet.com\/wp-content\/uploads\/2022\/07\/amalfi.jets_.white_.private.jet_.on_.the_.runway.jpg\" alt=\"amalfi.jets.white.private.plane.on.runway.on.the.runway\" class=\"wp-image-3067\" srcset=\"https:\/\/comparemyjet.com\/wp-content\/uploads\/2022\/07\/amalfi.jets_.white_.private.jet_.on_.the_.runway-18x12.jpg 18w, https:\/\/comparemyjet.com\/wp-content\/uploads\/2022\/07\/amalfi.jets_.white_.private.jet_.on_.the_.runway-300x200.jpg 300w, https:\/\/comparemyjet.com\/wp-content\/uploads\/2022\/07\/amalfi.jets_.white_.private.jet_.on_.the_.runway-768x512.jpg 768w, https:\/\/comparemyjet.com\/wp-content\/uploads\/2022\/07\/amalfi.jets_.white_.private.jet_.on_.the_.runway.jpg 1000w\" sizes=\"auto, (max-width: 1000px) 100vw, 1000px\" \/><\/figure>\r\n\r\n\r\n\r\n<p>Tutustu seuraaviin suihkukoneiden luokkiin ja k\u00e4yt\u00e4 selityksi\u00e4mme valitaksesi ihanteellisen lentokoneen tulevalle matkallesi.<\/p>\r\n\r\n\r\n\r\n<h3 class=\"wp-block-heading\"><span class=\"ez-toc-section\" id=\"1_Light_Private_Jets\"><\/span>1. Kevyet yksityiset suihkukoneet<span class=\"ez-toc-section-end\"><\/span><\/h3>\r\n\r\n\r\n\r\n<p>Jos matkasi on enint\u00e4\u00e4n kolme tuntia pitk\u00e4, ja mukana on pieni 4-6 matkustajan seurue, kevyiden lentokoneiden luokkaan kuuluvat suihkukoneet ovat k\u00e4tev\u00e4 valinta.&nbsp;<\/p>\r\n\r\n\r\n\r\n<p>Kevyet suihkukoneet ovat yleinen valinta, koska niiden k\u00e4ytt\u00f6kustannukset ovat alhaiset ja hy\u00f6tysuhde korkea. Jotkin kevyet suihkukoneet voivat olla suhteellisen pieni\u00e4, kun taas toiset ovat odotettua suurempia, joten kaikki riippuu lentokonemallista. Lentokoneissa ei v\u00e4ltt\u00e4m\u00e4tt\u00e4 ole p\u00f6yti\u00e4 tai vessoja, eik\u00e4 niiss\u00e4 yleens\u00e4 ole tilaa seisomiseen, mink\u00e4 vuoksi lentoem\u00e4nn\u00e4t eiv\u00e4t yleens\u00e4 kulje matkustajien mukana n\u00e4iss\u00e4 suihkukoneissa. Ne tarjoavat kuitenkin turboturbiinikoneisiin verrattuna rauhallisempia lentoja edullisesti, ja ne sopivat erinomaisesti pienille kiitoradoille.&nbsp;<\/p>\r\n\r\n\r\n\r\n<h3 class=\"wp-block-heading\"><span class=\"ez-toc-section\" id=\"2_Midsize_and_Super-Midsize_Private_Jets\"><\/span>2. Keskikokoiset ja superkeskikokoiset yksityislentokoneet&nbsp;<span class=\"ez-toc-section-end\"><\/span><\/h3>\r\n\r\n\r\n\r\n<p>Keskikokoinen luokka, johon mahtuu jopa 9 matkustajaa, on suosittu enint\u00e4\u00e4n 4 tunnin matkoilla ja matkustajille, jotka haluavat lis\u00e4\u00e4 matkatavaroita, tilavan matkustamon ja hienostuneen majoituksen. Toisin kuin kevyiss\u00e4 suihkukoneissa, keskikokoluokan lentokoneissa on suuremmat virvoitusjuomatilat, jolloin koneeseen voidaan tuoda lis\u00e4\u00e4 ruokaa ja v\u00e4lipaloja sek\u00e4 juomia. Superkeskikokoisten lentokoneiden luokka on toinen asiakkaiden vankka suosikki. N\u00e4iss\u00e4 yksityislentokoneissa on seisomahytit, istumapaikat jopa 9 matkustajalle ja mahdollisuus matkustaa maanosien yli.<\/p>\r\n\r\n\r\n\r\n<h3 class=\"wp-block-heading\"><span class=\"ez-toc-section\" id=\"3_Large_Private_Jets\"><\/span>3. Suuret yksityiset suihkukoneet<span class=\"ez-toc-section-end\"><\/span><\/h3>\r\n\r\n\r\n\r\n<p>Suuret yksityiset suihkukoneet soveltuvat tilavien hyttien ansiosta parhaiten mannertenv\u00e4lisille lennoille tai suurille juhlille - matkan pituudesta riippumatta. T\u00e4m\u00e4 yksityinen suihkukone-luokka tarjoaa my\u00f6s erinomaisen kiitoradan suorituskyvyn, nousunopeuden ja -nopeuden, suuremman matkustaja- ja matkatavarakapasiteetin sek\u00e4 pidemm\u00e4n kantaman.&nbsp;<\/p>\r\n\r\n\r\n\r\n<p>Raskaisiin lentokoneisiin mahtuu noin viisitoista matkustajaa, ja niiss\u00e4 on nukkumapaikkoja kuudelle. Makuus\u00e4ngyt, ruokavarastot, kylpyhuoneet ja nykyaikaiset viihdej\u00e4rjestelm\u00e4t l\u00f6ytyv\u00e4t l\u00e4hes jokaisesta raskaasta lentokoneesta, ja lennon aikana on v\u00e4hint\u00e4\u00e4n yksi lentoem\u00e4nt\u00e4.&nbsp;<\/p>\r\n\r\n\r\n\r\n<p>Noin 500 mailin tuntinopeudella lent\u00e4vien raskaiden suihkukoneiden kantama on noin 6 000 mailia. Ne ovat pienempi\u00e4 kuin liikennelentokoneet, ja niiden laskeutumisvaihtoehdot ovat laajemmat.&nbsp;<\/p>\r\n\r\n\r\n\r\n<h3 class=\"wp-block-heading\"><span class=\"ez-toc-section\" id=\"4_Ultra-Long-Range_Private_Jets\"><\/span>4. Eritt\u00e4in pitk\u00e4n kantaman yksityiset suihkukoneet<span class=\"ez-toc-section-end\"><\/span><\/h3>\r\n\r\n\r\n\r\n<p>Jos sinun on oltava toisella puolella maailmaa hyvin lyhyess\u00e4 ajassa, ultrapitk\u00e4n kantaman suihkukoneet ovat sinua varten. T\u00e4h\u00e4n luokkaan kuuluvat suihkukoneet, jotka pystyv\u00e4t lent\u00e4m\u00e4\u00e4n 8 500-12 900 kilometri\u00e4 ilman polttoainepys\u00e4hdyksi\u00e4. N\u00e4m\u00e4 yksityiskoneet ovat tilavia ja miellytt\u00e4vi\u00e4, ja niiss\u00e4 on kolme m\u00e4\u00e4ritelty\u00e4 aluetta ty\u00f6skentely\u00e4, istumista ja lepoa varten. Matkustamon korkeus vaihtelee 1,85 metrist\u00e4 1,95 metriin.&nbsp;<\/p>\r\n\r\n\r\n\r\n<h2 class=\"wp-block-heading\"><span class=\"ez-toc-section\" id=\"Company_Safety_Policy_and_Standards\"><\/span>Yrityksen turvallisuuspolitiikka ja -standardit<span class=\"ez-toc-section-end\"><\/span><\/h2>\r\n\r\n\r\n\r\n<p>Kaikki lennot suoritetaan FAA:n osan 135 mukaisten lentoliikenteen harjoittajien toimesta, joilla on turvallisuussertifikaatti. Kaikki lentokoneet on varustettu huippuluokan laitteilla ja lent\u00e4jill\u00e4, joilla on laaja asiantuntemus. Jokaista Jet Card -lentoa ohjaa kaksi lent\u00e4j\u00e4\u00e4, ja k\u00e4yt\u00f6ss\u00e4 on vain sellaisia lentokoneita ja miehist\u00f6\u00e4, jotka ovat l\u00e4p\u00e4isseet ARG\/US:n, Wyvernin tai IS-BAO:n kattavan kolmannen osapuolen turvallisuustarkastuksen.<\/p>\r\n\r\n\r\n\r\n<h2 class=\"wp-block-heading\"><span class=\"ez-toc-section\" id=\"Partnerships\"><\/span>Kumppanuudet<span class=\"ez-toc-section-end\"><\/span><\/h2>\r\n\r\n\r\n\r\n<figure class=\"wp-block-image size-full is-style-default\"><img loading=\"lazy\" decoding=\"async\" width=\"1000\" height=\"667\" src=\"https:\/\/comparemyjet.com\/wp-content\/uploads\/2022\/07\/white.plane_.flying.over_.buildings.jpg\" alt=\"\" class=\"wp-image-3064\" srcset=\"https:\/\/comparemyjet.com\/wp-content\/uploads\/2022\/07\/white.plane_.flying.over_.buildings-18x12.jpg 18w, https:\/\/comparemyjet.com\/wp-content\/uploads\/2022\/07\/white.plane_.flying.over_.buildings-300x200.jpg 300w, https:\/\/comparemyjet.com\/wp-content\/uploads\/2022\/07\/white.plane_.flying.over_.buildings-768x512.jpg 768w, https:\/\/comparemyjet.com\/wp-content\/uploads\/2022\/07\/white.plane_.flying.over_.buildings.jpg 1000w\" sizes=\"auto, (max-width: 1000px) 100vw, 1000px\" \/><\/figure>\r\n\r\n\r\n\r\n<p>Sen lis\u00e4ksi, ett\u00e4 Amalfi Jet tarjoaa asiakkailleen tilauslentopalveluja ja Jet Card -j\u00e4senyytt\u00e4, sill\u00e4 on my\u00f6s maailmanlaajuinen kumppaniverkosto viidell\u00e4 mantereella. Yrityksen kortinhaltijat p\u00e4\u00e4sev\u00e4t kumppaneidensa ansiosta ainutlaatuisiin kohteisiin ja etuihin, kuten etuoikeuksiin hienoimmissa kohteissa <a href=\"https:\/\/comparemyjet.com\/fi\/hotels\/\" data-internallinksmanager029f6b8e52c=\"470\" title=\"100 parasta hotellia lentokenttien l\u00e4hell\u00e4 ymp\u00e4ri maailmaa\">hotellit<\/a>, gastronomia-klubeja ja muita kulttuuri- ja viihdepaikkoja.&nbsp;<\/p>\r\n\r\n\r\n\r\n<p>Amalfi One Jet -kortti hyv\u00e4ksyt\u00e4\u00e4n 32 maassa, joten voit matkustaa suurimmassa osassa maailmaa.&nbsp;<\/p>\r\n\r\n\r\n\r\n<p>Amalfi Jetsill\u00e4 on kunnia ty\u00f6skennell\u00e4 ja olla joidenkin maailman arvostetuimpien yritysten, kuten The Ritz - Carlton Residences, The Langham - <a href=\"https:\/\/comparemyjet.com\/fi\/yksityiset-matkat\/sydney-private-tours\/\" data-internallinksmanager029f6b8e52c=\"208\" title=\"11 Parasta Sydney Yksityiset matkat Alkaen $31.99\">Sydney<\/a>, Palace Hotel - <a href=\"https:\/\/comparemyjet.com\/fi\/yksityiset-suihkukone-charterit-tokioon\/\" data-internallinksmanager029f6b8e52c=\"121\" title=\"Yksityiset suihkukoneiden tilauslennot Tokioon\">Tokio<\/a>, Castello di Amorosa - <a href=\"https:\/\/comparemyjet.com\/fi\/yksityiset-matkat\/napa-private-tours\/\" data-internallinksmanager029f6b8e52c=\"424\" title=\"11 parasta Napa Private Tours Alkaen $99.00\">Napa<\/a> Valley, Stein Eriksen Lodge ja monet muut.<\/p>\r\n\r\n\r\n\r\n<h2 class=\"wp-block-heading\"><span class=\"ez-toc-section\" id=\"Conclusion\"><\/span>P\u00e4\u00e4telm\u00e4<span class=\"ez-toc-section-end\"><\/span><\/h2>\r\n\r\n\r\n\r\n<p>Sinun ja perheesi turvallisuuden kannalta on t\u00e4rke\u00e4\u00e4 luottaa luotettavaan tilauslentoyhti\u00f6\u00f6n. Jos mietit, minne k\u00e4\u00e4nty\u00e4, kun lentokoneiden tilauslentomaksut ja lentopetrolit kasvavat sekunnissa, k\u00e4\u00e4nny Amalfi Jetsin puoleen. Heid\u00e4n huomionsa yksityiskohtiin ja asiakaspalvelunsa takaavat turvallisen ja tyydytt\u00e4v\u00e4n matkan. One Jet Card -ohjelma tarjoaa sinulle alhaiset tuntihinnat, p\u00e4\u00e4syn haluamaasi suihkukoneeseen vain 18 tunnissa, ilman lis\u00e4maksuja tai p\u00e4iv\u00e4m\u00e4\u00e4ri\u00e4, jotka eiv\u00e4t ole k\u00e4ytett\u00e4viss\u00e4.&nbsp;<\/p>","protected":false},"excerpt":{"rendered":"<p>Mik\u00e4\u00e4n ei voita matkustamista maailman halki yksityislentokoneella lent\u00e4en. Jotta yksityisen lent\u00e4misen kokemus olisi miellytt\u00e4v\u00e4mpi, Amalfi Jets l\u00e4hett\u00e4\u00e4 yhden edustajistaan lentokent\u00e4lle tervehtim\u00e4\u00e4n jokaista asiakasta ennen l\u00e4ht\u00f6\u00e4 ja varmistamaan, ett\u00e4 kaikki yksityiskohdat on hoidettu miellytt\u00e4v\u00e4n lennon takaamiseksi.  Yhti\u00f6 tarjoaa palveluja, kuten ...<\/p>","protected":false},"author":2,"featured_media":3063,"parent":0,"menu_order":0,"comment_status":"closed","ping_status":"closed","template":"","meta":{"_acf_changed":false,"_genesis_hide_title":false,"_genesis_hide_breadcrumbs":false,"_genesis_hide_singular_image":false,"_genesis_hide_footer_widgets":false,"_genesis_custom_body_class":"","_genesis_custom_post_class":"","_genesis_layout":"","footnotes":""},"class_list":{"1":"page","2":"type-page","6":"entry"},"acf":[],"_links":{"self":[{"href":"https:\/\/comparemyjet.com\/fi\/wp-json\/wp\/v2\/pages\/3061","targetHints":{"allow":["GET"]}}],"collection":[{"href":"https:\/\/comparemyjet.com\/fi\/wp-json\/wp\/v2\/pages"}],"about":[{"href":"https:\/\/comparemyjet.com\/fi\/wp-json\/wp\/v2\/types\/page"}],"author":[{"embeddable":true,"href":"https:\/\/comparemyjet.com\/fi\/wp-json\/wp\/v2\/users\/2"}],"replies":[{"embeddable":true,"href":"https:\/\/comparemyjet.com\/fi\/wp-json\/wp\/v2\/comments?post=3061"}],"version-history":[{"count":3,"href":"https:\/\/comparemyjet.com\/fi\/wp-json\/wp\/v2\/pages\/3061\/revisions"}],"predecessor-version":[{"id":3437,"href":"https:\/\/comparemyjet.com\/fi\/wp-json\/wp\/v2\/pages\/3061\/revisions\/3437"}],"wp:featuredmedia":[{"embeddable":true,"href":"https:\/\/comparemyjet.com\/fi\/wp-json\/wp\/v2\/media\/3063"}],"wp:attachment":[{"href":"https:\/\/comparemyjet.com\/fi\/wp-json\/wp\/v2\/media?parent=3061"}],"curies":[{"name":"wp","href":"https:\/\/api.w.org\/{rel}","templated":true}]}}