{"id":3070,"date":"2022-07-11T23:51:45","date_gmt":"2022-07-11T23:51:45","guid":{"rendered":"https:\/\/comparemyjet.com\/?page_id=3070"},"modified":"2025-09-04T09:58:16","modified_gmt":"2025-09-04T09:58:16","slug":"concord-private-jet","status":"publish","type":"page","link":"https:\/\/comparemyjet.com\/fi\/concord-private-jet\/","title":{"rendered":"Concord Private Jet Flight hinnoittelu"},"content":{"rendered":"<p>Concord Private Jet perustettiin periaatteelle tarjota parhaita lentokoneita mahdollisimman edulliseen hintaan. Yritys toimii tilauslentojen v\u00e4litt\u00e4j\u00e4n\u00e4 ja vuokraa yksityisi\u00e4 tilauslentokoneita asiakkailleen.<\/p>\r\n\r\n\r\n\r\n<p>Omistaja Neal Impellizzeri valvoo jokaista Fleet Access -korttia ja varmistaa, ett\u00e4 kaikki aikataulusta tarjoiluihin tai kuljetukseen on t\u00e4ydellist\u00e4 sinulle. Impellizzeri arvostaa aikataulussa pysymisen arvoa, ja h\u00e4n ja h\u00e4nen tiimins\u00e4 ovat tavoitettavissa 24 tuntia vuorokaudessa, 7 p\u00e4iv\u00e4\u00e4 viikossa varmistaakseen, ett\u00e4 jokaista aikataulua noudatetaan tarkasti. Katsotaanpa tarkemmin, mit\u00e4 muuta Concord Private tarjoaa.<\/p>\r\n\r\n\r\n\r\n<div id=\"ez-toc-container\" class=\"ez-toc-v2_0_76 counter-hierarchy ez-toc-counter ez-toc-grey ez-toc-container-direction\">\n<p class=\"ez-toc-title\" style=\"cursor:inherit\">Aiheet<\/p>\n<label for=\"ez-toc-cssicon-toggle-item-69f1971af3146\" class=\"ez-toc-cssicon-toggle-label\"><span class=\"\"><span class=\"eztoc-hide\" style=\"display:none;\">Toggle<\/span><span class=\"ez-toc-icon-toggle-span\"><svg style=\"fill: #999;color:#999\" xmlns=\"http:\/\/www.w3.org\/2000\/svg\" class=\"list-377408\" width=\"20px\" height=\"20px\" viewbox=\"0 0 24 24\" fill=\"none\"><path d=\"M6 6H4v2h2V6zm14 0H8v2h12V6zM4 11h2v2H4v-2zm16 0H8v2h12v-2zM4 16h2v2H4v-2zm16 0H8v2h12v-2z\" fill=\"currentColor\"><\/path><\/svg><svg style=\"fill: #999;color:#999\" class=\"arrow-unsorted-368013\" xmlns=\"http:\/\/www.w3.org\/2000\/svg\" width=\"10px\" height=\"10px\" viewbox=\"0 0 24 24\" version=\"1.2\" baseprofile=\"tiny\"><path d=\"M18.2 9.3l-6.2-6.3-6.2 6.3c-.2.2-.3.4-.3.7s.1.5.3.7c.2.2.4.3.7.3h11c.3 0 .5-.1.7-.3.2-.2.3-.5.3-.7s-.1-.5-.3-.7zM5.8 14.7l6.2 6.3 6.2-6.3c.2-.2.3-.5.3-.7s-.1-.5-.3-.7c-.2-.2-.4-.3-.7-.3h-11c-.3 0-.5.1-.7.3-.2.2-.3.5-.3.7s.1.5.3.7z\"\/><\/svg><\/span><\/span><\/label><input type=\"checkbox\"  id=\"ez-toc-cssicon-toggle-item-69f1971af3146\" checked aria-label=\"Toggle\" \/><nav><ul class='ez-toc-list ez-toc-list-level-1' ><li class='ez-toc-page-1 ez-toc-heading-level-2'><a class=\"ez-toc-link ez-toc-heading-1\" href=\"https:\/\/comparemyjet.com\/fi\/concord-private-jet\/#Company_History\" >Yrityksen historia<\/a><\/li><li class='ez-toc-page-1 ez-toc-heading-level-2'><a class=\"ez-toc-link ez-toc-heading-2\" href=\"https:\/\/comparemyjet.com\/fi\/concord-private-jet\/#Company_Jet_Card_Program\" >Yrityksen Jet Card -ohjelma<\/a><\/li><li class='ez-toc-page-1 ez-toc-heading-level-2'><a class=\"ez-toc-link ez-toc-heading-3\" href=\"https:\/\/comparemyjet.com\/fi\/concord-private-jet\/#The_Fleet\" >Laivasto&nbsp;<\/a><ul class='ez-toc-list-level-3' ><li class='ez-toc-heading-level-3'><a class=\"ez-toc-link ez-toc-heading-4\" href=\"https:\/\/comparemyjet.com\/fi\/concord-private-jet\/#1_Light_Private_Jets\" >1. Kevyet yksityiset suihkukoneet<\/a><ul class='ez-toc-list-level-4' ><li class='ez-toc-heading-level-4'><a class=\"ez-toc-link ez-toc-heading-5\" href=\"https:\/\/comparemyjet.com\/fi\/concord-private-jet\/#Our_Recommendation_Premier_I\" >Suosituksemme: Premier I<\/a><\/li><\/ul><\/li><li class='ez-toc-page-1 ez-toc-heading-level-3'><a class=\"ez-toc-link ez-toc-heading-6\" href=\"https:\/\/comparemyjet.com\/fi\/concord-private-jet\/#2_Midsize_Private_Jets\" >2. Keskikokoiset yksityiset suihkukoneet<\/a><ul class='ez-toc-list-level-4' ><li class='ez-toc-heading-level-4'><a class=\"ez-toc-link ez-toc-heading-7\" href=\"https:\/\/comparemyjet.com\/fi\/concord-private-jet\/#Our_Recommendation_Astra_SPX\" >Suosituksemme: Astra SPX<\/a><\/li><\/ul><\/li><li class='ez-toc-page-1 ez-toc-heading-level-3'><a class=\"ez-toc-link ez-toc-heading-8\" href=\"https:\/\/comparemyjet.com\/fi\/concord-private-jet\/#3_Super-Midsize_Private_Jets\" >3. Superkeskikokoiset yksityiset suihkukoneet&nbsp;<\/a><ul class='ez-toc-list-level-4' ><li class='ez-toc-heading-level-4'><a class=\"ez-toc-link ez-toc-heading-9\" href=\"https:\/\/comparemyjet.com\/fi\/concord-private-jet\/#Our_Recommendation_The_Citation_Sovereign\" >Suosituksemme: Citation Sovereign<\/a><\/li><\/ul><\/li><li class='ez-toc-page-1 ez-toc-heading-level-3'><a class=\"ez-toc-link ez-toc-heading-10\" href=\"https:\/\/comparemyjet.com\/fi\/concord-private-jet\/#4_Large_Private_Jets\" >4. Suuret yksityiset suihkukoneet<\/a><ul class='ez-toc-list-level-4' ><li class='ez-toc-heading-level-4'><a class=\"ez-toc-link ez-toc-heading-11\" href=\"https:\/\/comparemyjet.com\/fi\/concord-private-jet\/#Our_Recommendation_The_Falcon_900EX\" >Suosituksemme: Falcon 900EX<\/a><\/li><\/ul><\/li><\/ul><\/li><li class='ez-toc-page-1 ez-toc-heading-level-2'><a class=\"ez-toc-link ez-toc-heading-12\" href=\"https:\/\/comparemyjet.com\/fi\/concord-private-jet\/#Company_Safety_Policy_and_Standards\" >Yrityksen turvallisuuspolitiikka ja -standardit<\/a><\/li><li class='ez-toc-page-1 ez-toc-heading-level-2'><a class=\"ez-toc-link ez-toc-heading-13\" href=\"https:\/\/comparemyjet.com\/fi\/concord-private-jet\/#Conclusion\" >P\u00e4\u00e4telm\u00e4<\/a><\/li><\/ul><\/nav><\/div>\n<h2 class=\"wp-block-heading\"><span class=\"ez-toc-section\" id=\"Company_History\"><\/span>Yrityksen historia<span class=\"ez-toc-section-end\"><\/span><\/h2>\r\n\r\n\r\n\r\n<p>Concord Private Jet perustettiin vuonna 2008 perheyrityksen\u00e4 Neal Impellizzerin, h\u00e4nen vaimonsa Michelle Impellizzerin ja heid\u00e4n poikansa AJ:n toimesta New Yorkissa, <a href=\"https:\/\/comparemyjet.com\/fi\/yksityiset-matkat\/new-yorkin-yksityiset-matkat\/\" data-internallinksmanager029f6b8e52c=\"427\" title=\"11 parasta New Yorkin yksityist\u00e4 kiertoajelua alkaen $48.00\">New York<\/a>.&nbsp;<\/p>\r\n\r\n\r\n\r\n<p>Concord on pieni perheyritys, jolla ei ole suurempien yritysten vankkaa organisaatiota. Ja syy siihen, miksi he voivat tarjota edullisia ja alhaisia hintoja, on juuri se, ett\u00e4 he eiv\u00e4t k\u00e4yt\u00e4 kymmeni\u00e4 tuhansia dollareita markkinointiin ja myyntiin.<\/p>\r\n\r\n\r\n\r\n<p>Concord Private Jet tarjoaa kolmansien osapuolten tilauslentoja. Aloitus- ja j\u00e4senmaksuja ei perit\u00e4, ja aloitustason ohjelmaan sis\u00e4ltyy 25 tuntia kevyell\u00e4 suihkukoneella tai potkuriturbiinikoneella. Tuntihinta on kiinte\u00e4 ja taattu, ja kortinhaltijat voivat k\u00e4ytt\u00e4\u00e4 useita koneita samanaikaisesti.&nbsp;<\/p>\r\n\r\n\r\n\r\n<p>Impellizzeri loi ainutlaatuisen j\u00e4rjestelm\u00e4n, jonka avulla voit lent\u00e4\u00e4 pisteest\u00e4 A pisteeseen B %0-40% halvemmalla kuin mit\u00e4 muut yksityiset tilauslentoyhti\u00f6t veloittavat. He vuokraavat vain Platinum Argus -sertifioituja lentokoneita, jotka t\u00e4ytt\u00e4v\u00e4t korkeimmat kriteerit. Jotta t\u00e4m\u00e4 olisi oikeassa mittakaavassa, noin 3 500 kaupallisesta lentoyhti\u00f6st\u00e4 koko maassa on vain 31 Platinum Argus -sertifioitua lentoyhti\u00f6t\u00e4.<\/p>\r\n\r\n\r\n\r\n<h2 class=\"wp-block-heading\"><span class=\"ez-toc-section\" id=\"Company_Jet_Card_Program\"><\/span>Yrityksen Jet Card -ohjelma<span class=\"ez-toc-section-end\"><\/span><\/h2>\r\n\r\n\r\n\r\n<figure class=\"wp-block-image size-full is-style-default\"><img loading=\"lazy\" decoding=\"async\" width=\"1000\" height=\"667\" src=\"https:\/\/comparemyjet.com\/wp-content\/uploads\/2022\/07\/private.jet_.pilots.in_.cockpit.jpg\" alt=\"Concord,yksityinen,suihkukone,lent\u00e4j\u00e4t,ohjaamossa,valmiina,lent\u00e4m\u00e4\u00e4n\" class=\"wp-image-3072\" srcset=\"https:\/\/comparemyjet.com\/wp-content\/uploads\/2022\/07\/private.jet_.pilots.in_.cockpit-18x12.jpg 18w, https:\/\/comparemyjet.com\/wp-content\/uploads\/2022\/07\/private.jet_.pilots.in_.cockpit-300x200.jpg 300w, https:\/\/comparemyjet.com\/wp-content\/uploads\/2022\/07\/private.jet_.pilots.in_.cockpit-768x512.jpg 768w, https:\/\/comparemyjet.com\/wp-content\/uploads\/2022\/07\/private.jet_.pilots.in_.cockpit.jpg 1000w\" sizes=\"auto, (max-width: 1000px) 100vw, 1000px\" \/><\/figure>\r\n\r\n\r\n\r\n<p>Concord Private 25-tuntisen suihkukoneen kortin avulla voit valita matkustustarpeisiisi parhaiten sopivan suihkumallin ja -luokan. Concord tarjoaa korkeimman turvallisuustason edullisimmalla tuntipalkalla, joka taataan 24 kuukauden ajan. Kukin kortti voidaan jakaa enint\u00e4\u00e4n nelj\u00e4\u00e4n maksuer\u00e4\u00e4n nelj\u00e4n kuukauden aikana.<\/p>\r\n\r\n\r\n\r\n<p>Jos p\u00e4\u00e4t\u00e4t liitty\u00e4 Concord Private Jet -j\u00e4senyysohjelman kortinhaltijaksi, voit nauttia eduista, kuten siit\u00e4, ett\u00e4 sinulla ei ole y\u00f6pymismaksuja, laskeutumis-, uudelleensijoitus- tai polttoainelis\u00e4maksuja eik\u00e4 hallinnointimaksuja. Voit p\u00e4ivitt\u00e4\u00e4 (tai alentaa) suihkukoneesi luokkaa ilmaiseksi, ja saat taatun saatavuuden 365 p\u00e4iv\u00e4\u00e4 vuodessa.<\/p>\r\n\r\n\r\n\r\n<p>J\u00e4senet saavat my\u00f6s henkil\u00f6kohtaisen matkakonservaattorin, joka on p\u00e4tev\u00e4 vastaamaan tiedusteluihin ja tarjoamaan tietoa ymp\u00e4ri vuorokauden.<\/p>\r\n\r\n\r\n\r\n<p>25 Hour Jet Card -ohjelma on tuntihintainen, ja siihen sis\u00e4ltyv\u00e4t kaikki verot. Esimerkiksi keskikokoisella suihkukoneella lent\u00e4minen maksaa $5,750 tunnilta, kun taas kevyen luokan suihkukoneella lent\u00e4minen maksaa $4,750 tunnilta.<\/p>\r\n\r\n\r\n\r\n<p>Yhti\u00f6 ei peri polttoainemaksua Jet Cardin omistajilta, ja se tarjoaa asiakkailleen valikkovaihtoehtoja jokaisella matkalla. Asiakkaana sinua veloitetaan vain todellisuudessa lennetyist\u00e4 tunneista.<\/p>\r\n\r\n\r\n\r\n<h2 class=\"wp-block-heading\"><span class=\"ez-toc-section\" id=\"The_Fleet\"><\/span>Laivasto&nbsp;<span class=\"ez-toc-section-end\"><\/span><\/h2>\r\n\r\n\r\n\r\n<p>Concord on yksityinen suihkukone kaikille, onko etsit pieni tai iso jet. Koska charter v\u00e4litt\u00e4j\u00e4, heill\u00e4 on p\u00e4\u00e4sy paljon lentoyhti\u00f6iden, mik\u00e4 on hyv\u00e4 uutinen sinulle - olet taatusti saada haluamasi jet malli hyvin pienell\u00e4 varoitusajalla.<\/p>\r\n\r\n\r\n\r\n<p>Tutustutaanpa Concord Private Jet -yhti\u00f6n tarjoamiin suihkukoneiden luokkiin ja malleihin.<\/p>\r\n\r\n\r\n\r\n<h3 class=\"wp-block-heading\"><span class=\"ez-toc-section\" id=\"1_Light_Private_Jets\"><\/span>1. Kevyet yksityiset suihkukoneet<span class=\"ez-toc-section-end\"><\/span><\/h3>\r\n\r\n\r\n\r\n<p>Kevyet suihkut ovat suosittu valinta niiden alhaisen hinnan ja korkean tehokkuuden ansiosta. Ne mahdollistavat p\u00e4\u00e4syn vaikeasti saavutettaviin kohteisiin, joihin vain pienet suihkukoneet voivat laskeutua lyhyempien kiitoratojen vuoksi. Kevyiden lentokoneiden toimintas\u00e4de on alle nelj\u00e4 tuntia, joten ne sopivat erinomaisesti lyhyille kotimaanmatkoille. N\u00e4m\u00e4 koneet ovat melko nopeita ja viev\u00e4t sinut m\u00e4\u00e4r\u00e4np\u00e4\u00e4h\u00e4si hetkess\u00e4.<\/p>\r\n\r\n\r\n\r\n<h4 class=\"wp-block-heading\"><span class=\"ez-toc-section\" id=\"Our_Recommendation_Premier_I\"><\/span>Suosituksemme: Premier I<span class=\"ez-toc-section-end\"><\/span><\/h4>\r\n\r\n\r\n\r\n<p>Beechcraft Premier I kuuluu kevyiden suihkukoneiden luokkaan, ja sen valmistaja on Beechcraft Premier I. <a href=\"https:\/\/comparemyjet.com\/fi\/hawker-beechcraft\/\" data-internallinksmanager029f6b8e52c=\"153\" title=\"Lopullinen opas Hawker Beechcraft Yksityiset suihkukoneet &amp; Lentokoneet\">Hawker Beechcraft<\/a>. Kone luotiin vuonna 1996, kilpailemaan <a href=\"https:\/\/comparemyjet.com\/fi\/cessna\/\" data-internallinksmanager029f6b8e52c=\"145\" title=\"Lopullinen opas Cessna yksityiset suihkukoneet &amp; Aircraft\">Cessna<\/a> Sitaattiperhe.<\/p>\r\n\r\n\r\n\r\n<p>Tekniset tiedot:<\/p>\r\n\r\n\r\n\r\n<ul class=\"wp-block-list\"><li>Matkustamon tilavuus on 285 kuutiometri\u00e4;<\/li><li>Sis\u00e4inen tavaratila 23 kuutiometri\u00e4;<\/li><li>Ulkoinen tavaratila 55 kuutiometri\u00e4;<\/li><li>Suurin matkanopeus on 461 solmua;<\/li><li>Normaali matkanopeus on 426 solmua;<\/li><li>Voidaan k\u00e4ytt\u00e4\u00e4 yhden tai kahden lent\u00e4j\u00e4n voimin;<\/li><li>Mukaan mahtuu kuusi matkustajaa;<\/li><li>Normaali lentoalue 850 nm;<\/li><li>Suurin lentokantama on 1430 nm.<\/li><\/ul>\r\n\r\n\r\n\r\n<p>Concord Private Jet tarjoaa erilaisia kevyit\u00e4 suihkumalleja, kuten <em>Citation Jet \/CJ1\/CJ2\/CJ3, Nextant 400XT, Citation II\/V\/Bravo\/Encore\/Ultra, Beechjet 400\/400A, <a href=\"https:\/\/comparemyjet.com\/fi\/learjet\/\" data-internallinksmanager029f6b8e52c=\"149\" title=\"Lopullinen opas Learjet yksityiset suihkukoneet &amp; Aircraft\">Learjet<\/a> 40, Hawker 400XP, <\/em>ja suositellut <em>Premier<\/em>.<\/p>\r\n\r\n\r\n\r\n<h3 class=\"wp-block-heading\"><span class=\"ez-toc-section\" id=\"2_Midsize_Private_Jets\"><\/span>2. Keskikokoiset yksityiset suihkukoneet<span class=\"ez-toc-section-end\"><\/span><\/h3>\r\n\r\n\r\n\r\n<p>Keskikokoisen suihkukoneen toimintas\u00e4de vaihtelee, mutta ei ylit\u00e4 kuutta tuntia. N\u00e4m\u00e4 lentokoneet ovat tilavampia kuin kevyet lentokoneet ja tarjoavat enemm\u00e4n mukavuutta. Niill\u00e4 voi tehd\u00e4 lyhyit\u00e4 ja pidempi\u00e4 matkoja, joten ne ovat varsin monipuolisia ja aina hyv\u00e4 valinta, kun ep\u00e4ilet, mink\u00e4 luokan suihkukone kannattaa vuokrata. Niiss\u00e4 on yleens\u00e4 suljettu kylpyhuone, keittokomero ja enemm\u00e4n matkatavaratilaa.<\/p>\r\n\r\n\r\n\r\n<h4 class=\"wp-block-heading\"><span class=\"ez-toc-section\" id=\"Our_Recommendation_Astra_SPX\"><\/span>Suosituksemme: Astra SPX<span class=\"ez-toc-section-end\"><\/span><\/h4>\r\n\r\n\r\n\r\n<p>Israel Aircraft Industries kehitti Astra SPX:n 90-luvulla. 2000-luvun alussa, <a href=\"https:\/\/comparemyjet.com\/fi\/gulfstream\/\" data-internallinksmanager029f6b8e52c=\"175\" title=\"Lopullinen opas Gulfstream yksityiset suihkukoneet &amp; Aircraft\">Gulfstream<\/a> osti mallin ja nimesi sen G-100:ksi.&nbsp;<\/p>\r\n\r\n\r\n\r\n<p>Astra SPX tarjoaa majoitusta seitsem\u00e4lle matkustajalle. Matkustamossa on kolmen hengen vuodesohva, jossa voit lev\u00e4t\u00e4 ja lev\u00e4t\u00e4, sek\u00e4 vy\u00f6ll\u00e4 varustettu WC-istuin.&nbsp;<\/p>\r\n\r\n\r\n\r\n<p>Tekniset tiedot ja mukavuudet:<\/p>\r\n\r\n\r\n\r\n<ul class=\"wp-block-list\"><li>Mukaan mahtuu seitsem\u00e4n matkustajaa;<\/li><li>Suurin lentokantama on 2790 nm;<\/li><li>Enimm\u00e4isnopeus on 470 solmua;<\/li><li>T\u00e4ysikokoinen suljettu wc;&nbsp;<\/li><li>Iso etukeitti\u00f6;<\/li><li>GoGo 5G High-Speed Internet;&nbsp;<\/li><li>LCD-valot ja satelliittipuhelin;&nbsp;<\/li><li>Lennon aikana k\u00e4ytett\u00e4v\u00e4 viihdej\u00e4rjestelm\u00e4;<\/li><li>Ohjaamon korkeus on 5' 6\";<\/li><li>Ohjaamon pituus on 17' 1\";<\/li><li>Sis\u00e4inen tavaratila on 9 kuutiometri\u00e4;<\/li><li>Ulkoinen tavaratila on 42 kuutiometri\u00e4;<\/li><li>Voidaan k\u00e4ytt\u00e4\u00e4 kahden lent\u00e4j\u00e4n voimin.<\/li><\/ul>\r\n\r\n\r\n\r\n<p>Concord Private Jet tarjoaa erilaisia suihkukoneiden malleja t\u00e4ss\u00e4 keskikokoisen yksityisen lentokoneen luokan, kuten <em>Falcon 20\/200, Citation III\/VI\/VII, G150, Citation Excel\/XLS, Hawker 800\/800XP\/900, Learjet 45\/55\/60, <\/em>ja suositellut <em>Astra SPX<\/em>.<\/p>\r\n\r\n\r\n\r\n<h3 class=\"wp-block-heading\"><span class=\"ez-toc-section\" id=\"3_Super-Midsize_Private_Jets\"><\/span>3. Superkeskikokoiset yksityiset suihkukoneet&nbsp;<span class=\"ez-toc-section-end\"><\/span><\/h3>\r\n\r\n\r\n\r\n<p>Laajoissa matkustamoissa, joissa voit mukavasti seist\u00e4 ja joissa voit lent\u00e4\u00e4 maanosien v\u00e4lill\u00e4, huomaat, miksi matkustaminen yksityislentokoneella on paras tapa matkustaa. Super-Midsize-suihkukoneiden kest\u00e4vyys on suurempi kuin keskikokoisten suihkukoneiden, ja ne voivat lent\u00e4\u00e4 yli 7 tuntia ilman polttoainepys\u00e4hdyksi\u00e4.&nbsp;<\/p>\r\n\r\n\r\n\r\n<h4 class=\"wp-block-heading\"><span class=\"ez-toc-section\" id=\"Our_Recommendation_The_Citation_Sovereign\"><\/span>Suosituksemme: Citation Sovereign<span class=\"ez-toc-section-end\"><\/span><\/h4>\r\n\r\n\r\n\r\n<p>Cessna Citation Sovereignissa yhdistyv\u00e4t poikkeuksellinen suorituskyky ja ylellisyys. Se tarjoaa loistavan lyhyen kent\u00e4n kest\u00e4vyyden ja laajan lentov\u00e4lin, mik\u00e4 tekee siit\u00e4 monipuolisen vaihtoehdon.&nbsp;<\/p>\r\n\r\n\r\n\r\n<p>Citation Sovereignin tilavassa matkustamossa on t\u00e4ysi juomatila sek\u00e4 kahden hengen klubi-istuimet. Matkusta tyylill\u00e4 yhdess\u00e4 alan ylellisimmist\u00e4 keskikokoisista yksityiskoneista.<\/p>\r\n\r\n\r\n\r\n<p>Tekniset tiedot:<\/p>\r\n\r\n\r\n\r\n<ul class=\"wp-block-list\"><li>Mukaan mahtuu yhdeks\u00e4n matkustajaa;<\/li><li>Voi lent\u00e4\u00e4 7:15 tuntia ilman v\u00e4lilaskua;<\/li><li>Enimm\u00e4islentov\u00e4li 3010 nm;<\/li><li>Ohjaamon korkeus on 5' 8\";<\/li><li>Ohjaamon leveys on 5' 6\";<\/li><li>Ohjaamon pituus on 25' 3\";<\/li><li>Sis\u00e4inen matkatavaratila on 35 kuutiometri\u00e4;<\/li><li>Suurin matkanopeus on 459 kilotavua.<\/li><\/ul>\r\n\r\n\r\n\r\n<p>Concord Private Jet tarjoaa erilaisia super-keskikokoisia yksityiskoneita, kuten <em>Citation X, Gulfstream G200\/G280, Falcon 50\/50EX, Challenger 300, <\/em>ja suositellut <em>Sitaatti Sovereign.<\/em><\/p>\r\n\r\n\r\n\r\n<h3 class=\"wp-block-heading\"><span class=\"ez-toc-section\" id=\"4_Large_Private_Jets\"><\/span>4. Suuret yksityiset suihkukoneet<span class=\"ez-toc-section-end\"><\/span><\/h3>\r\n\r\n\r\n\r\n<p>Jos seuraavaan matkaasi kuuluu maasto- tai mannertenv\u00e4linen matka, t\u00e4m\u00e4n lentokoneluokan suihkukone on oikea valinta. Saat <a href=\"https:\/\/comparemyjet.com\/fi\/fastest-private-jets\/\" data-internallinksmanager029f6b8e52c=\"183\" title=\"11 nopein yksityiset suihkukoneet maailmassa [Kuvien kanssa]\">nopea suihku<\/a> jonka ei useimmissa tapauksissa tarvitse pys\u00e4hty\u00e4 tankkaamaan. Kun raskas jet, saat perimm\u00e4inen yksityinen suihkukone matkustaa kokemus ja toinen taso ylellisyytt\u00e4.<\/p>\r\n\r\n\r\n\r\n<h4 class=\"wp-block-heading\"><span class=\"ez-toc-section\" id=\"Our_Recommendation_The_Falcon_900EX\"><\/span>Suosituksemme: Falcon 900EX<span class=\"ez-toc-section-end\"><\/span><\/h4>\r\n\r\n\r\n\r\n<p>Falcon 900EX -lentokoneen toimintas\u00e4de on 5 000 mailia, sen matkustamo on poikkeuksellisen miellytt\u00e4v\u00e4 ja sen mullistava kolmimoottorinen rakenne on t\u00e4ydellinen valtameren ylitt\u00e4ville lennoille, ja se tarjoaa valtavaa joustavuutta.&nbsp;<\/p>\r\n\r\n\r\n\r\n<p>Tekniset tiedot ja mukavuudet:<\/p>\r\n\r\n\r\n\r\n<ul class=\"wp-block-list\"><li>Kaksi lent\u00e4j\u00e4\u00e4;<\/li><li>Mukaan mahtuu kaksitoista matkustajaa;<\/li><li>Suurin matkanopeus on 870 km\/h (470 kt);<\/li><li>Suurin lentomatka on 5 180 mailia;<\/li><li>Matkustamon korkeus on 6ft 2in;<\/li><li>Ohjaamon sis\u00e4pituus on 33 jalkaa 2 tuumaa;<\/li><li>Matkatavaratilan tilavuus on 127 kuutiometri\u00e4;<\/li><li>Keitti\u00f6;<\/li><li>Satelliittipuhelin, faksi, viihdej\u00e4rjestelm\u00e4;<\/li><li>Kaksi wc:t\u00e4 ja yksi meikkihuone.<\/li><\/ul>\r\n\r\n\r\n\r\n<p>Concord Private Jet tarjoaa erilaisia raskaita yksityislentokoneita, kuten<em> Falcon 2000 -sarja, Challenger 600\/601\/604, Global Express, Gulfstream-sarja, <\/em>ja suositellut <em>Falcon 900EX.<\/em><\/p>\r\n\r\n\r\n\r\n<h2 class=\"wp-block-heading\"><span class=\"ez-toc-section\" id=\"Company_Safety_Policy_and_Standards\"><\/span>Yrityksen turvallisuuspolitiikka ja -standardit<span class=\"ez-toc-section-end\"><\/span><\/h2>\r\n\r\n\r\n\r\n<figure class=\"wp-block-image size-full is-style-default\"><img loading=\"lazy\" decoding=\"async\" width=\"1000\" height=\"707\" src=\"https:\/\/comparemyjet.com\/wp-content\/uploads\/2022\/07\/safejourney.jpg\" alt=\"\" class=\"wp-image-3073\" srcset=\"https:\/\/comparemyjet.com\/wp-content\/uploads\/2022\/07\/safejourney-18x12.jpg 18w, https:\/\/comparemyjet.com\/wp-content\/uploads\/2022\/07\/safejourney-300x212.jpg 300w, https:\/\/comparemyjet.com\/wp-content\/uploads\/2022\/07\/safejourney-768x543.jpg 768w, https:\/\/comparemyjet.com\/wp-content\/uploads\/2022\/07\/safejourney.jpg 1000w\" sizes=\"auto, (max-width: 1000px) 100vw, 1000px\" \/><\/figure>\r\n\r\n\r\n\r\n<p>Concord Private Jet asettaa asiakkaidensa turvallisuuden etusijalle ja k\u00e4ytt\u00e4\u00e4 ainoastaan Platinum <a href=\"https:\/\/www.argus.aero\/\" target=\"_blank\" rel=\"noopener\">Argus<\/a> Turvallisuussertifioidut k\u00e4ytt\u00e4j\u00e4t. Platinum-luokka edellytt\u00e4\u00e4 p\u00e4tevien tarkastajien suorittaman tiukan arvioinnin l\u00e4p\u00e4isemist\u00e4 paikan p\u00e4\u00e4ll\u00e4, joten lent\u00e4minen sertifioitujen operaattoreiden kanssa on paljon turvallisempaa kuin lent\u00e4minen kaupallisella lentokoneella.<\/p>\r\n\r\n\r\n\r\n<p>Jos lentokone ei t\u00e4yt\u00e4 turvallisuuskriteereit\u00e4, yhti\u00f6 antaa sinulle viipym\u00e4tt\u00e4 uuden koneen matkaa varten.<\/p>\r\n\r\n\r\n\r\n<h2 class=\"wp-block-heading\"><span class=\"ez-toc-section\" id=\"Conclusion\"><\/span>P\u00e4\u00e4telm\u00e4<span class=\"ez-toc-section-end\"><\/span><\/h2>\r\n\r\n\r\n\r\n<p>Yksil\u00f6llinen palvelu erottaa Concord Private Jet -yhti\u00f6n sen yrityskilpailijoista. Yritys pyrkii varmistamaan, ett\u00e4 kaikki kysymyksesi, huolenaiheesi ja tarpeesi otetaan huomioon. Omistaja valvoo henkil\u00f6kohtaisesti jokaista matkaa ja varmistaa, ett\u00e4 matka noudattaa aikataulua, tarjoilut ovat kunnossa ja maakuljetus on saatavilla m\u00e4\u00e4r\u00e4np\u00e4\u00e4ss\u00e4. Kun muut yritykset veloittavat maksun t\u00e4m\u00e4ntyyppisist\u00e4 palveluista, Concord on ylpe\u00e4 Jet Card -kortistaan, joka sis\u00e4lt\u00e4\u00e4 kaiken.&nbsp;<\/p>\r\n\r\n\r\n\r\n<p>Voit tulla asiakkaaksi ja kokeilla heid\u00e4n palveluitaan pienell\u00e4 tai olemattomalla sitoutumisella.&nbsp;<\/p>","protected":false},"excerpt":{"rendered":"<p>Concord Private Jet perustettiin periaatteelle tarjota parhaita lentokoneita mahdollisimman edulliseen hintaan. Yritys toimii tilauslentojen v\u00e4litt\u00e4j\u00e4n\u00e4 ja vuokraa yksityisi\u00e4 tilauslentokoneita asiakkailleen. Omistaja Neal Impellizzeri valvoo jokaista Fleet Access -korttia ja huolehtii siit\u00e4, ett\u00e4 kaikki aikataulutuksesta cateringiin tai siirtoon on t\u00e4ydellist\u00e4 ...<\/p>","protected":false},"author":2,"featured_media":3071,"parent":0,"menu_order":0,"comment_status":"closed","ping_status":"closed","template":"","meta":{"_acf_changed":false,"_genesis_hide_title":false,"_genesis_hide_breadcrumbs":false,"_genesis_hide_singular_image":false,"_genesis_hide_footer_widgets":false,"_genesis_custom_body_class":"","_genesis_custom_post_class":"","_genesis_layout":"","footnotes":""},"class_list":{"1":"page","2":"type-page","6":"entry"},"acf":[],"_links":{"self":[{"href":"https:\/\/comparemyjet.com\/fi\/wp-json\/wp\/v2\/pages\/3070","targetHints":{"allow":["GET"]}}],"collection":[{"href":"https:\/\/comparemyjet.com\/fi\/wp-json\/wp\/v2\/pages"}],"about":[{"href":"https:\/\/comparemyjet.com\/fi\/wp-json\/wp\/v2\/types\/page"}],"author":[{"embeddable":true,"href":"https:\/\/comparemyjet.com\/fi\/wp-json\/wp\/v2\/users\/2"}],"replies":[{"embeddable":true,"href":"https:\/\/comparemyjet.com\/fi\/wp-json\/wp\/v2\/comments?post=3070"}],"version-history":[{"count":2,"href":"https:\/\/comparemyjet.com\/fi\/wp-json\/wp\/v2\/pages\/3070\/revisions"}],"predecessor-version":[{"id":3438,"href":"https:\/\/comparemyjet.com\/fi\/wp-json\/wp\/v2\/pages\/3070\/revisions\/3438"}],"wp:featuredmedia":[{"embeddable":true,"href":"https:\/\/comparemyjet.com\/fi\/wp-json\/wp\/v2\/media\/3071"}],"wp:attachment":[{"href":"https:\/\/comparemyjet.com\/fi\/wp-json\/wp\/v2\/media?parent=3070"}],"curies":[{"name":"wp","href":"https:\/\/api.w.org\/{rel}","templated":true}]}}