{"id":3108,"date":"2022-08-13T21:19:31","date_gmt":"2022-08-13T21:19:31","guid":{"rendered":"https:\/\/comparemyjet.com\/?page_id=3108"},"modified":"2025-09-04T09:58:17","modified_gmt":"2025-09-04T09:58:17","slug":"dumont-aviation-group","status":"publish","type":"page","link":"https:\/\/comparemyjet.com\/fi\/dumont-aviation-group\/","title":{"rendered":"Dumont Aviation Groupin lentojen hinnat"},"content":{"rendered":"<p>Dumont Aviation Group on vakiintunut johtava yrityslentokoneiden ja liikesuihkukoneiden valmistaja. Heid\u00e4n ilmailualan ammattilaisilla on kokemusta lentokoneiden ostoista, lentokoneiden leasingist\u00e4, suihkukoneiden hallinnoinnista, ilmailun huollosta ja lentokoneiden laitemyynnist\u00e4. Tutustutaan heid\u00e4n palveluihinsa ja katsotaan, mist\u00e4 Dumont aviationissa on kyse.<\/p>\r\n\r\n\r\n\r\n<div id=\"ez-toc-container\" class=\"ez-toc-v2_0_76 counter-hierarchy ez-toc-counter ez-toc-grey ez-toc-container-direction\">\n<p class=\"ez-toc-title\" style=\"cursor:inherit\">Aiheet<\/p>\n<label for=\"ez-toc-cssicon-toggle-item-69e566b07622c\" class=\"ez-toc-cssicon-toggle-label\"><span class=\"\"><span class=\"eztoc-hide\" style=\"display:none;\">Toggle<\/span><span class=\"ez-toc-icon-toggle-span\"><svg style=\"fill: #999;color:#999\" xmlns=\"http:\/\/www.w3.org\/2000\/svg\" class=\"list-377408\" width=\"20px\" height=\"20px\" viewbox=\"0 0 24 24\" fill=\"none\"><path d=\"M6 6H4v2h2V6zm14 0H8v2h12V6zM4 11h2v2H4v-2zm16 0H8v2h12v-2zM4 16h2v2H4v-2zm16 0H8v2h12v-2z\" fill=\"currentColor\"><\/path><\/svg><svg style=\"fill: #999;color:#999\" class=\"arrow-unsorted-368013\" xmlns=\"http:\/\/www.w3.org\/2000\/svg\" width=\"10px\" height=\"10px\" viewbox=\"0 0 24 24\" version=\"1.2\" baseprofile=\"tiny\"><path d=\"M18.2 9.3l-6.2-6.3-6.2 6.3c-.2.2-.3.4-.3.7s.1.5.3.7c.2.2.4.3.7.3h11c.3 0 .5-.1.7-.3.2-.2.3-.5.3-.7s-.1-.5-.3-.7zM5.8 14.7l6.2 6.3 6.2-6.3c.2-.2.3-.5.3-.7s-.1-.5-.3-.7c-.2-.2-.4-.3-.7-.3h-11c-.3 0-.5.1-.7.3-.2.2-.3.5-.3.7s.1.5.3.7z\"\/><\/svg><\/span><\/span><\/label><input type=\"checkbox\"  id=\"ez-toc-cssicon-toggle-item-69e566b07622c\" checked aria-label=\"Toggle\" \/><nav><ul class='ez-toc-list ez-toc-list-level-1' ><li class='ez-toc-page-1 ez-toc-heading-level-2'><a class=\"ez-toc-link ez-toc-heading-1\" href=\"https:\/\/comparemyjet.com\/fi\/dumont-aviation-group\/#Company_History\" >Yrityksen historia<\/a><\/li><li class='ez-toc-page-1 ez-toc-heading-level-2'><a class=\"ez-toc-link ez-toc-heading-2\" href=\"https:\/\/comparemyjet.com\/fi\/dumont-aviation-group\/#Dumont_Jet_Charter\" >Dumont Jet Charter<\/a><ul class='ez-toc-list-level-3' ><li class='ez-toc-heading-level-3'><a class=\"ez-toc-link ez-toc-heading-3\" href=\"https:\/\/comparemyjet.com\/fi\/dumont-aviation-group\/#The_Fractional_Ownership_Experience\" >Murto-omistajuuskokemus<\/a><\/li><li class='ez-toc-page-1 ez-toc-heading-level-3'><a class=\"ez-toc-link ez-toc-heading-4\" href=\"https:\/\/comparemyjet.com\/fi\/dumont-aviation-group\/#Jet_Sales\" >Jet Sales<\/a><\/li><\/ul><\/li><li class='ez-toc-page-1 ez-toc-heading-level-2'><a class=\"ez-toc-link ez-toc-heading-5\" href=\"https:\/\/comparemyjet.com\/fi\/dumont-aviation-group\/#Maintenance\" >Huolto&nbsp;<\/a><\/li><li class='ez-toc-page-1 ez-toc-heading-level-2'><a class=\"ez-toc-link ez-toc-heading-6\" href=\"https:\/\/comparemyjet.com\/fi\/dumont-aviation-group\/#Dumont_PARTS\" >Dumont PARTS<\/a><\/li><li class='ez-toc-page-1 ez-toc-heading-level-2'><a class=\"ez-toc-link ez-toc-heading-7\" href=\"https:\/\/comparemyjet.com\/fi\/dumont-aviation-group\/#Membership_Programs\" >J\u00e4senyysohjelmat<\/a><ul class='ez-toc-list-level-3' ><li class='ez-toc-heading-level-3'><a class=\"ez-toc-link ez-toc-heading-8\" href=\"https:\/\/comparemyjet.com\/fi\/dumont-aviation-group\/#Santos_Jet_Card_Program\" >Santos Jet Card -ohjelma<\/a><ul class='ez-toc-list-level-4' ><li class='ez-toc-heading-level-4'><a class=\"ez-toc-link ez-toc-heading-9\" href=\"https:\/\/comparemyjet.com\/fi\/dumont-aviation-group\/#1_Light_Jet_Category\" >1. Kevyen suihkukoneen luokka<\/a><\/li><li class='ez-toc-page-1 ez-toc-heading-level-4'><a class=\"ez-toc-link ez-toc-heading-10\" href=\"https:\/\/comparemyjet.com\/fi\/dumont-aviation-group\/#2_Mid_Jet_Category\" >2. Mid Jet -luokka<\/a><\/li><li class='ez-toc-page-1 ez-toc-heading-level-4'><a class=\"ez-toc-link ez-toc-heading-11\" href=\"https:\/\/comparemyjet.com\/fi\/dumont-aviation-group\/#3_Super-mid_Jet_Category\" >3. Super-mid Jet-luokka<\/a><\/li><li class='ez-toc-page-1 ez-toc-heading-level-4'><a class=\"ez-toc-link ez-toc-heading-12\" href=\"https:\/\/comparemyjet.com\/fi\/dumont-aviation-group\/#4_Heavy_Jet_Category\" >4. Raskaan suihkukoneen luokka<\/a><\/li><\/ul><\/li><\/ul><\/li><li class='ez-toc-page-1 ez-toc-heading-level-2'><a class=\"ez-toc-link ez-toc-heading-13\" href=\"https:\/\/comparemyjet.com\/fi\/dumont-aviation-group\/#The_Fleet\" >Laivasto&nbsp;<\/a><ul class='ez-toc-list-level-3' ><li class='ez-toc-heading-level-3'><a class=\"ez-toc-link ez-toc-heading-14\" href=\"https:\/\/comparemyjet.com\/fi\/dumont-aviation-group\/#1_Super-Midsize_Private_Jets\" >1. Superkeskikokoiset yksityiset suihkukoneet&nbsp;<\/a><ul class='ez-toc-list-level-4' ><li class='ez-toc-heading-level-4'><a class=\"ez-toc-link ez-toc-heading-15\" href=\"https:\/\/comparemyjet.com\/fi\/dumont-aviation-group\/#Our_Recommendation_Falcon_50\" >Suosituksemme: Falcon 50<\/a><\/li><\/ul><\/li><li class='ez-toc-page-1 ez-toc-heading-level-3'><a class=\"ez-toc-link ez-toc-heading-16\" href=\"https:\/\/comparemyjet.com\/fi\/dumont-aviation-group\/#2_Heavy_Private_Jets\" >2. Raskaat yksityiset suihkukoneet<\/a><ul class='ez-toc-list-level-4' ><li class='ez-toc-heading-level-4'><a class=\"ez-toc-link ez-toc-heading-17\" href=\"https:\/\/comparemyjet.com\/fi\/dumont-aviation-group\/#Our_Recommendation_The_Gulfstream_V\" >Suosituksemme: Gulfstream V&nbsp;<\/a><\/li><\/ul><\/li><\/ul><\/li><li class='ez-toc-page-1 ez-toc-heading-level-2'><a class=\"ez-toc-link ez-toc-heading-18\" href=\"https:\/\/comparemyjet.com\/fi\/dumont-aviation-group\/#Company_Safety_Policy_and_Standards\" >Yrityksen turvallisuuspolitiikka ja -standardit<\/a><\/li><li class='ez-toc-page-1 ez-toc-heading-level-2'><a class=\"ez-toc-link ez-toc-heading-19\" href=\"https:\/\/comparemyjet.com\/fi\/dumont-aviation-group\/#Conclusion\" >P\u00e4\u00e4telm\u00e4<\/a><\/li><\/ul><\/nav><\/div>\n<h2 class=\"wp-block-heading\"><span class=\"ez-toc-section\" id=\"Company_History\"><\/span>Yrityksen historia<span class=\"ez-toc-section-end\"><\/span><\/h2>\r\n\r\n\r\n\r\n<p>Dumont Group on yksityisomistuksessa oleva ilmailualan yritys, joka perustettiin vuonna 2013. Yrityksen nimen ja logon inspiraationa toimi brasilialainen ilmailun pioneeri Alberto Santos-Dumont (1873-1932), joka ohjasi ensimm\u00e4ist\u00e4 ilmaa raskaampaa konetta Euroopassa lokakuussa 1906.<\/p>\r\n\r\n\r\n\r\n<p>Yhti\u00f6n toimitusjohtaja Dan Piraino vastaa yhti\u00f6n kolmesta alajaostosta, joita ovat:<\/p>\r\n\r\n\r\n\r\n<ul class=\"wp-block-list\"><li>Dumont JETS (keskittynyt tilauslentoihin, lentokoneiden myyntiin, ja <a href=\"https:\/\/comparemyjet.com\/fi\/mitka-ovat-joitakin-lentokoneiden-hallinnointiyrityksia\/\" data-internallinksmanager029f6b8e52c=\"21\" title=\"Lentokoneiden hallintapalvelut ja -yhti\u00f6t\">lentokoneiden hallinta<\/a>)<\/li><li>Dumont PARTS (keskittynyt yll\u00e4pit\u00e4m\u00e4\u00e4n ja myym\u00e4\u00e4n suurta lentokoneiden varaosavarastoa)<\/li><li>Dumont MRO (keskittynyt lentokoneiden huoltoon, mukaan lukien maalaus ja sis\u00e4tilojen kunnostus)<\/li><\/ul>\r\n\r\n\r\n\r\n<p>Kuten huomaat, jokainen osio on omistettu asiakkaiden ainutlaatuisten vaatimusten t\u00e4ytt\u00e4miselle. Tutustutaanpa niihin tarkemmin.<\/p>\r\n\r\n\r\n\r\n<h2 class=\"wp-block-heading\"><span class=\"ez-toc-section\" id=\"Dumont_Jet_Charter\"><\/span>Dumont Jet Charter<span class=\"ez-toc-section-end\"><\/span><\/h2>\r\n\r\n\r\n\r\n<figure class=\"wp-block-image size-full is-style-default\"><img loading=\"lazy\" decoding=\"async\" width=\"1000\" height=\"750\" src=\"https:\/\/comparemyjet.com\/wp-content\/uploads\/2022\/07\/privatejetmoderninterior.jpg\" alt=\"DumontAviationGroup\" class=\"wp-image-3110\" srcset=\"https:\/\/comparemyjet.com\/wp-content\/uploads\/2022\/07\/privatejetmoderninterior-16x12.jpg 16w, https:\/\/comparemyjet.com\/wp-content\/uploads\/2022\/07\/privatejetmoderninterior-300x225.jpg 300w, https:\/\/comparemyjet.com\/wp-content\/uploads\/2022\/07\/privatejetmoderninterior-400x300.jpg 400w, https:\/\/comparemyjet.com\/wp-content\/uploads\/2022\/07\/privatejetmoderninterior-768x576.jpg 768w, https:\/\/comparemyjet.com\/wp-content\/uploads\/2022\/07\/privatejetmoderninterior-800x600.jpg 800w, https:\/\/comparemyjet.com\/wp-content\/uploads\/2022\/07\/privatejetmoderninterior.jpg 1000w\" sizes=\"auto, (max-width: 1000px) 100vw, 1000px\" \/><\/figure>\r\n\r\n\r\n\r\n<p>Dumont JETS -yhti\u00f6t\u00e4 hallinnoi asiantuntijaryhm\u00e4, joka valitsee ihanteellisen lentokoneen vastaamaan matkustustarpeitasi ja antaa sinulle t\u00e4ydellisen joustavuuden matkasi suhteen. He tarjoavat t\u00e4ydellist\u00e4 palvelua, jossa keskityt\u00e4\u00e4n turvallisuuteesi ja mukavuuteesi.&nbsp;<\/p>\r\n\r\n\r\n\r\n<h3 class=\"wp-block-heading\"><span class=\"ez-toc-section\" id=\"The_Fractional_Ownership_Experience\"><\/span>Murto-omistajuuskokemus<span class=\"ez-toc-section-end\"><\/span><\/h3>\r\n\r\n\r\n\r\n<p>Yritys tarjoaa asiakkailleen t\u00e4yden omistajuuden kokemuksen murto-osalla markkinahinnoista. Se tarjoaa hallinnointipalveluja, kuten t\u00e4ytt\u00e4 hallinnointia, tilauslentojen hallinnointia ja Part 91 -tukea. Heid\u00e4n laajan ilmailualan asiantuntemuksensa ansiosta suihkukoneesi on turvallisissa k\u00e4siss\u00e4.&nbsp;<\/p>\r\n\r\n\r\n\r\n<h3 class=\"wp-block-heading\"><span class=\"ez-toc-section\" id=\"Jet_Sales\"><\/span>Jet Sales<span class=\"ez-toc-section-end\"><\/span><\/h3>\r\n\r\n\r\n\r\n<p>Dumont JETSill\u00e4 on p\u00e4tev\u00e4 lentokoneiden myyntihenkil\u00f6st\u00f6 ja vakiintunut kokemus suihkukoneiden p\u00e4tev\u00e4n\u00e4 ostajana ja myyj\u00e4n\u00e4. Heid\u00e4n henkil\u00f6kuntansa opastaa sinua koko myyntiprosessin ajan. Useimmat kuluttajat ovat niin tyytyv\u00e4isi\u00e4 palveluun, ett\u00e4 he palaavat hakemaan lis\u00e4\u00e4 kauppoja.<\/p>\r\n\r\n\r\n\r\n<h2 class=\"wp-block-heading\"><span class=\"ez-toc-section\" id=\"Maintenance\"><\/span>Huolto&nbsp;<span class=\"ez-toc-section-end\"><\/span><\/h2>\r\n\r\n\r\n\r\n<p>Dumont MRO (Aviation Maintenance, Repair and Overhaul) on FAA:n osan 145 mukainen korjausasema, jolla on toimipisteit\u00e4 Delawaressa, Illinoisissa ja Texasissa. N\u00e4m\u00e4 asemat tarjoavat nopeaa huoltoa, ammattitaitoa ja r\u00e4\u00e4t\u00e4l\u00f6ity\u00e4 palvelua lentokoneellesi. Ne huoltavat seuraavien valmistajien suihkukoneita <a href=\"https:\/\/comparemyjet.com\/fi\/bombardier\/\" data-internallinksmanager029f6b8e52c=\"159\" title=\"Ultimate Guide To Bombardier Private Jets &amp; Lentokoneet\">Bombardier<\/a>, <a href=\"https:\/\/comparemyjet.com\/fi\/cessna\/\" data-internallinksmanager029f6b8e52c=\"145\" title=\"Lopullinen opas Cessna yksityiset suihkukoneet &amp; Aircraft\">Cessna<\/a>, Challenger, <a href=\"https:\/\/comparemyjet.com\/fi\/dassault\/\" data-internallinksmanager029f6b8e52c=\"174\" title=\"Lopullinen opas Dassault yksityiset suihkukoneet &amp; Lentokoneet\">Dassault<\/a> Falcon, Dornier.<a href=\"https:\/\/comparemyjet.com\/fi\/embraer\/\" data-internallinksmanager029f6b8e52c=\"151\" title=\"Ultimate Guide To Embraer Yksityiset suihkukoneet &amp; Lentokoneet\">Embraer<\/a>, <a href=\"https:\/\/comparemyjet.com\/fi\/gulfstream\/\" data-internallinksmanager029f6b8e52c=\"175\" title=\"Lopullinen opas Gulfstream yksityiset suihkukoneet &amp; Aircraft\">Gulfstream<\/a>, Hawker\/Beechcraft, <a href=\"https:\/\/comparemyjet.com\/fi\/learjet\/\" data-internallinksmanager029f6b8e52c=\"149\" title=\"Lopullinen opas Learjet yksityiset suihkukoneet &amp; Aircraft\">Learjet<\/a>ja muita.<\/p>\r\n\r\n\r\n\r\n<h2 class=\"wp-block-heading\"><span class=\"ez-toc-section\" id=\"Dumont_PARTS\"><\/span>Dumont PARTS<span class=\"ez-toc-section-end\"><\/span><\/h2>\r\n\r\n\r\n\r\n<p>Dumont PARTS varastoi laajan valikoiman uusia ja k\u00e4ytettyj\u00e4 osia useisiin eri johtaviin lentokoneisiin. Suuren varastonsa ansiosta he toimittavat tuotteet jo samana p\u00e4iv\u00e4n\u00e4 tilauksen tekemisest\u00e4.<\/p>\r\n\r\n\r\n\r\n<h2 class=\"wp-block-heading\"><span class=\"ez-toc-section\" id=\"Membership_Programs\"><\/span>J\u00e4senyysohjelmat<span class=\"ez-toc-section-end\"><\/span><\/h2>\r\n\r\n\r\n\r\n<figure class=\"wp-block-image size-full is-style-default\"><img loading=\"lazy\" decoding=\"async\" width=\"1000\" height=\"667\" src=\"https:\/\/comparemyjet.com\/wp-content\/uploads\/2022\/07\/workingonalaptotonaprivatejetviewfromwindow.jpg\" alt=\"\" class=\"wp-image-3111\" srcset=\"https:\/\/comparemyjet.com\/wp-content\/uploads\/2022\/07\/workingonalaptotonaprivatejetviewfromwindow-18x12.jpg 18w, https:\/\/comparemyjet.com\/wp-content\/uploads\/2022\/07\/workingonalaptotonaprivatejetviewfromwindow-300x200.jpg 300w, https:\/\/comparemyjet.com\/wp-content\/uploads\/2022\/07\/workingonalaptotonaprivatejetviewfromwindow-768x512.jpg 768w, https:\/\/comparemyjet.com\/wp-content\/uploads\/2022\/07\/workingonalaptotonaprivatejetviewfromwindow.jpg 1000w\" sizes=\"auto, (max-width: 1000px) 100vw, 1000px\" \/><\/figure>\r\n\r\n\r\n\r\n<p>Dumont JETS omistaa oman laivastonsa ja k\u00e4ytt\u00e4\u00e4 sit\u00e4. Heill\u00e4 on suihkukorttiohjelma, jossa ei ole j\u00e4senyytt\u00e4 eik\u00e4 aloitusmaksuja, kuitenkin, talletus on asetettava, jonka hinta vaihtelee, riippuen jet.&nbsp;<\/p>\r\n\r\n\r\n\r\n<p>Saatavuus on taattu, ja tuntihinta on vahvistettu. Kortinhaltijat voivat k\u00e4ytt\u00e4\u00e4 useita lentokoneita samanaikaisesti, paitsi kiireisin\u00e4 p\u00e4ivin\u00e4, jolloin tarjonta on rajallista.<\/p>\r\n\r\n\r\n\r\n<h3 class=\"wp-block-heading\"><span class=\"ez-toc-section\" id=\"Santos_Jet_Card_Program\"><\/span>Santos Jet Card -ohjelma<span class=\"ez-toc-section-end\"><\/span><\/h3>\r\n\r\n\r\n\r\n<p>Yritys tarjoaa <strong>Santos Jet Card,<\/strong> prepaid-kortti, jonka avulla voit k\u00e4ytt\u00e4\u00e4 Dumont Groupin lentokalustoa sek\u00e4 kolmansien osapuolien lentokoneita.&nbsp;<\/p>\r\n\r\n\r\n\r\n<p>J\u00e4senyystasot m\u00e4\u00e4r\u00e4ytyv\u00e4t sen mukaan, mink\u00e4 kokoisen lentokoneen valitset matkustustarpeisiisi. Santos Jet Cardin k\u00e4ytt\u00e4j\u00e4n\u00e4 sinulla on mahdollisuus korottaa tai alentaa lentojesi tasoa yksil\u00f6llisten matkasuunnitelmiesi mukaan.<\/p>\r\n\r\n\r\n\r\n<p>Santos Jet -kortteja on nelj\u00e4ss\u00e4 eri luokassa ja hintaluokassa seuraavasti:&nbsp;<\/p>\r\n\r\n\r\n\r\n<h4 class=\"wp-block-heading\"><span class=\"ez-toc-section\" id=\"1_Light_Jet_Category\"><\/span>1. Kevyen suihkukoneen luokka<span class=\"ez-toc-section-end\"><\/span><\/h4>\r\n\r\n\r\n\r\n<p>Voit vuokrata kevyen suihkukoneen enint\u00e4\u00e4n kuudelle matkustajalle (riippuen suihkukoneen mallista ja istuinkapasiteetista). Osoitteessa <strong>25 tuntia<\/strong> suihkukorttivaihtoehto maksaa hieman alle $175,000, eli maksat l\u00e4hes $7,000 tunnilta. Jos ostat <strong>50 tuntia<\/strong> jet-kortilla maksat hieman yli $330,000, jolloin tuntihinta laskee $6,800:aan.&nbsp;<\/p>\r\n\r\n\r\n\r\n<h4 class=\"wp-block-heading\"><span class=\"ez-toc-section\" id=\"2_Mid_Jet_Category\"><\/span>2. Mid Jet -luokka<span class=\"ez-toc-section-end\"><\/span><\/h4>\r\n\r\n\r\n\r\n<p>Voit vuokrata keskikokoisen suihkukoneen jopa seitsem\u00e4lle matkustajalle (riippuen suihkukoneen mallista ja istuinkapasiteetista). Osoitteessa <strong>25 tuntia<\/strong> suihkukorttivaihtoehto maksaa hieman yli $206,000, eli maksat $8,250 per tunti. Jos ostat <strong>50 tuntia <\/strong>suihkukortilla maksat tasan $400,000, jolloin tuntihinta laskee $8,000:een.&nbsp;<\/p>\r\n\r\n\r\n\r\n<h4 class=\"wp-block-heading\"><span class=\"ez-toc-section\" id=\"3_Super-mid_Jet_Category\"><\/span>3. Super-mid Jet-luokka<span class=\"ez-toc-section-end\"><\/span><\/h4>\r\n\r\n\r\n\r\n<p>Voit vuokrata super-midsize-suihkukoneen jopa kahdeksalle matkustajalle (riippuen suihkumallista ja istuinkapasiteetista). Osoitteessa <strong>25 tuntia<\/strong> suihkukorttivaihtoehto maksaa hieman yli $230,000, eli maksat l\u00e4hes $9,250 tunnilta. Jos ostat <strong>50 tuntia<\/strong> jet-korttivaihtoehto, maksat tasan $450,000, jolloin tuntihinta laskee $9,000:een.&nbsp;<\/p>\r\n\r\n\r\n\r\n<h4 class=\"wp-block-heading\"><span class=\"ez-toc-section\" id=\"4_Heavy_Jet_Category\"><\/span>4. Raskaan suihkukoneen luokka<span class=\"ez-toc-section-end\"><\/span><\/h4>\r\n\r\n\r\n\r\n<p>Ja lopuksi, voit vuokrata raskaan suihkukoneen yhdelletoista tai useammalle matkustajalle (riippuen suihkukoneen mallista ja istuinkapasiteetista). Osoitteessa <strong>25 tuntia<\/strong> jet-korttivaihtoehto maksaa $300,000, eli maksat $12,000 tunnilta. Jos ostat <strong>50 tuntia<\/strong> jet-kortilla maksat hieman yli $587,000, jolloin tuntihinta laskee l\u00e4hes $11,800:aan.&nbsp;<\/p>\r\n\r\n\r\n\r\n<p>Edell\u00e4 luetellut hinnat eiv\u00e4t sis\u00e4ll\u00e4 liittovaltion valmisteveroa tai polttoainemaksua. Voit ottaa yhteytt\u00e4 DAG:hen seuraavasti <a href=\"https:\/\/www.dumontaviation.com\/jet-card.html\" target=\"_blank\" rel=\"noopener\">linkki<\/a> saadaksesi lis\u00e4tietoja polttoainemaksusta tai hakeaksesi Santos Jet -korttia.<\/p>\r\n\r\n\r\n\r\n<h2 class=\"wp-block-heading\"><span class=\"ez-toc-section\" id=\"The_Fleet\"><\/span>Laivasto&nbsp;<span class=\"ez-toc-section-end\"><\/span><\/h2>\r\n\r\n\r\n\r\n<figure class=\"wp-block-image size-full is-style-default\"><img loading=\"lazy\" decoding=\"async\" width=\"1000\" height=\"500\" src=\"https:\/\/comparemyjet.com\/wp-content\/uploads\/2022\/07\/privatejetflyingwithspeed.jpg\" alt=\"\" class=\"wp-image-3112\" srcset=\"https:\/\/comparemyjet.com\/wp-content\/uploads\/2022\/07\/privatejetflyingwithspeed-18x9.jpg 18w, https:\/\/comparemyjet.com\/wp-content\/uploads\/2022\/07\/privatejetflyingwithspeed-300x150.jpg 300w, https:\/\/comparemyjet.com\/wp-content\/uploads\/2022\/07\/privatejetflyingwithspeed-768x384.jpg 768w, https:\/\/comparemyjet.com\/wp-content\/uploads\/2022\/07\/privatejetflyingwithspeed.jpg 1000w\" sizes=\"auto, (max-width: 1000px) 100vw, 1000px\" \/><\/figure>\r\n\r\n\r\n\r\n<p>Kaikki kolmannen osapuolen lennot lennet\u00e4\u00e4n FAR Part 135:n mukaisilla suorilla lennoilla, jotka on hyv\u00e4ksytty palvelemaan Dumont JETSin asiakkaita ja jotka t\u00e4ytt\u00e4v\u00e4t kaikki FAA:n turvallisuusvaatimukset. Heid\u00e4n asiantuntijansa l\u00f6yt\u00e4v\u00e4t ihanteellisen lentokoneen vastaamaan matkatarpeitasi.&nbsp;<\/p>\r\n\r\n\r\n\r\n<p>Tutustutaan heid\u00e4n lentokonekantaansa ja katsotaan, mit\u00e4 heill\u00e4 on tarjota.<\/p>\r\n\r\n\r\n\r\n<h3 class=\"wp-block-heading\"><span class=\"ez-toc-section\" id=\"1_Super-Midsize_Private_Jets\"><\/span>1. Superkeskikokoiset yksityiset suihkukoneet&nbsp;<span class=\"ez-toc-section-end\"><\/span><\/h3>\r\n\r\n\r\n\r\n<p>Superkeskikokoinen suihkukone yhdist\u00e4\u00e4 keskikokoisen suihkukoneen tehokkuuden ja kantaman raskaan suihkukoneen mukavuuteen. Super mid-size -jeteiss\u00e4 on t\u00e4ysin varustetut keitti\u00f6t, kylpyhuoneet ja kokoontaitettavat ty\u00f6p\u00f6yd\u00e4t.<\/p>\r\n\r\n\r\n\r\n<h4 class=\"wp-block-heading\"><span class=\"ez-toc-section\" id=\"Our_Recommendation_Falcon_50\"><\/span>Suosituksemme: Falcon 50<span class=\"ez-toc-section-end\"><\/span><\/h4>\r\n\r\n\r\n\r\n<p>Dassault Aviation valmistaa Falcon 50 -konetta, joka kuuluu super-keskikokoisten lentokoneiden luokkaan.   Ensimm\u00e4inen Falcon 50 toimitettiin vuonna 1980, ja sen valmistus p\u00e4\u00e4ttyi vuonna 1996 Falcon 50EX:n k\u00e4ytt\u00f6\u00f6nottoon.<\/p>\r\n\r\n\r\n\r\n<p>Tekniset tiedot ja mukavuudet:<\/p>\r\n\r\n\r\n\r\n<ul class=\"wp-block-list\"><li>Matkustajia: 8;<\/li><li>Ohjaamon korkeus: 5 ft 9 In;<\/li><li>Ohjaamon leveys: 6 ft 1 In;<\/li><li>Ohjaamon pituus: 22 ft 11 In;<\/li><li>Sis\u00e4inen tavaratila: 25 cu ft;<\/li><li>Suurin lentonopeus: 480 kts;<\/li><li>Suurin lentomatka: 3200 nm;<\/li><li>Vessa;<\/li><li>Keitti\u00f6;<\/li><li>Kunnostettu vuonna 2016;<\/li><li>Wi-Fi saatavilla.<\/li><\/ul>\r\n\r\n\r\n\r\n<p>Dumont Aviation Group tarjoaa <em>Falcon 50<\/em> osana niiden super-keskikokoisten lentokoneiden laivastoa.<\/p>\r\n\r\n\r\n\r\n<h3 class=\"wp-block-heading\"><span class=\"ez-toc-section\" id=\"2_Heavy_Private_Jets\"><\/span>2. Raskaat yksityiset suihkukoneet<span class=\"ez-toc-section-end\"><\/span><\/h3>\r\n\r\n\r\n\r\n<p>Raskaiden suihkukoneiden toimintas\u00e4de on l\u00e4hes 4 000 mailia ilman polttoainet\u00e4ydennyst\u00e4, ja ne tarjoavat korkeinta mahdollista palvelutasoa. Ne voivat kuljettaa mukavasti jopa viitt\u00e4toista matkustajaa, ja ne on varustettu huippuluokan mukavuuksilla ja viihdej\u00e4rjestelmill\u00e4. Niill\u00e4 on oma lentohenkil\u00f6kunta, ja ne kest\u00e4v\u00e4t kokonsa vuoksi parhaiten turbulenssia.<\/p>\r\n\r\n\r\n\r\n<h4 class=\"wp-block-heading\"><span class=\"ez-toc-section\" id=\"Our_Recommendation_The_Gulfstream_V\"><\/span>Suosituksemme: Gulfstream V&nbsp;<span class=\"ez-toc-section-end\"><\/span><\/h4>\r\n\r\n\r\n\r\n<p>GV:n toimintas\u00e4de oli l\u00e4hes 6 000 mailia, ja se oli pitk\u00e4n kantaman liikesuihkukone, joka oli saatavilla sen lanseerauksen aikaan vuonna 1997. Se on suosittu valinta viel\u00e4 nyky\u00e4\u00e4nkin.<\/p>\r\n\r\n\r\n\r\n<p>Yleisin istuinj\u00e4rjestys on 14 matkustajalle. T\u00e4ydellinen keittokomero, wc, pistorasiat, kokoontaitettavat ty\u00f6p\u00f6yd\u00e4t, satelliittitelevisio ja viihdej\u00e4rjestelm\u00e4t kuuluvat matkustamon mukavuuksiin.&nbsp;<\/p>\r\n\r\n\r\n\r\n<p>Tekniset tiedot:<\/p>\r\n\r\n\r\n\r\n<ul class=\"wp-block-list\"><li>Matkustajia: 14;<\/li><li>Ohjaamon korkeus: 6 ft;<\/li><li>Ohjaamon leveys: 7 ft 3 In;<\/li><li>Ohjaamon pituus: 50 ft 10 In;<\/li><li>Sis\u00e4inen tavaratila: 226 kuutiometri\u00e4;<\/li><li>Suurin nopeus: 508 kts;<\/li><li>Max: 6675 nm;<\/li><li>Vessa;<\/li><li>T\u00e4ysi keitti\u00f6;<\/li><li>Wi-Fi saatavilla;&nbsp;<\/li><li>Uuni ja mikroaaltouuni;<\/li><li>Latauspistokkeet.<\/li><\/ul>\r\n\r\n\r\n\r\n<p>Dumont Aviation Group tarjoaa muutamia <em>Gulfstream <\/em>suihkukoneita osana niiden raskasta lentokalustoa sek\u00e4 kahta <em>Falcon 2000.<\/em> Voit n\u00e4hd\u00e4 ne heid\u00e4n <a href=\"https:\/\/www.dumontaviation.com\/charter.html\" target=\"_blank\" rel=\"noopener\">verkkosivusto<\/a>.<\/p>\r\n\r\n\r\n\r\n<h2 class=\"wp-block-heading\"><span class=\"ez-toc-section\" id=\"Company_Safety_Policy_and_Standards\"><\/span>Yrityksen turvallisuuspolitiikka ja -standardit<span class=\"ez-toc-section-end\"><\/span><\/h2>\r\n\r\n\r\n\r\n<figure class=\"wp-block-image size-full is-style-default\"><img loading=\"lazy\" decoding=\"async\" width=\"1000\" height=\"665\" src=\"https:\/\/comparemyjet.com\/wp-content\/uploads\/2022\/07\/privatejetinterior.jpg\" alt=\"\" class=\"wp-image-3113\" srcset=\"https:\/\/comparemyjet.com\/wp-content\/uploads\/2022\/07\/privatejetinterior-18x12.jpg 18w, https:\/\/comparemyjet.com\/wp-content\/uploads\/2022\/07\/privatejetinterior-300x200.jpg 300w, https:\/\/comparemyjet.com\/wp-content\/uploads\/2022\/07\/privatejetinterior-768x511.jpg 768w, https:\/\/comparemyjet.com\/wp-content\/uploads\/2022\/07\/privatejetinterior.jpg 1000w\" sizes=\"auto, (max-width: 1000px) 100vw, 1000px\" \/><\/figure>\r\n\r\n\r\n\r\n<p>Dumont Aviation Group on sertifioitu ja vakiintunut ilmailualan yritys, jolla on seuraavat akkreditoinnit:<\/p>\r\n\r\n\r\n\r\n<ul class=\"wp-block-list\"><li>Dumontin lentoliikenteen harjoittajan todistus;<\/li><li>Siipimiehen lupakirja;<\/li><li>IS-BAO-todistus;<\/li><li>ARGUS Platinum Certificate.<\/li><\/ul>\r\n\r\n\r\n\r\n<h2 class=\"wp-block-heading\"><span class=\"ez-toc-section\" id=\"Conclusion\"><\/span>P\u00e4\u00e4telm\u00e4<span class=\"ez-toc-section-end\"><\/span><\/h2>\r\n\r\n\r\n\r\n<p>Dumont Aviation Group huolehtii matkasi kaikista osa-alueista, jotta p\u00e4\u00e4set perille turvallisesti ja saat matkan aikana miellytt\u00e4v\u00e4n lennon.&nbsp;<\/p>\r\n\r\n\r\n\r\n<p>Se on ilmailualan vakiintunut yritys, joka on erikoistunut lentokoneiden vuokraukseen, myyntiin ja huoltoon sek\u00e4 johtamiseen ja varaosamyyntiin.<\/p>\r\n\r\n\r\n\r\n<p><\/p>","protected":false},"excerpt":{"rendered":"<p>Dumont Aviation Group on vakiintunut johtava yrityslentokoneiden ja liikesuihkukoneiden valmistaja. Heid\u00e4n ilmailualan ammattilaisilla on kokemusta lentokoneiden ostoista, lentokoneiden leasingist\u00e4, suihkukoneiden hallinnoinnista, ilmailun huollosta ja lentokoneiden laitemyynnist\u00e4. Tutustutaan heid\u00e4n palveluihinsa ja katsotaan, mist\u00e4 Dumont aviationissa on kyse. Yrityksen historia Dumont Group on yksityisomistuksessa oleva ilmailualan yritys, joka perustettiin ...<\/p>","protected":false},"author":2,"featured_media":3109,"parent":0,"menu_order":0,"comment_status":"closed","ping_status":"closed","template":"","meta":{"_acf_changed":false,"_genesis_hide_title":false,"_genesis_hide_breadcrumbs":false,"_genesis_hide_singular_image":false,"_genesis_hide_footer_widgets":false,"_genesis_custom_body_class":"","_genesis_custom_post_class":"","_genesis_layout":"","footnotes":""},"class_list":{"1":"page","2":"type-page","6":"entry"},"acf":[],"_links":{"self":[{"href":"https:\/\/comparemyjet.com\/fi\/wp-json\/wp\/v2\/pages\/3108","targetHints":{"allow":["GET"]}}],"collection":[{"href":"https:\/\/comparemyjet.com\/fi\/wp-json\/wp\/v2\/pages"}],"about":[{"href":"https:\/\/comparemyjet.com\/fi\/wp-json\/wp\/v2\/types\/page"}],"author":[{"embeddable":true,"href":"https:\/\/comparemyjet.com\/fi\/wp-json\/wp\/v2\/users\/2"}],"replies":[{"embeddable":true,"href":"https:\/\/comparemyjet.com\/fi\/wp-json\/wp\/v2\/comments?post=3108"}],"version-history":[{"count":2,"href":"https:\/\/comparemyjet.com\/fi\/wp-json\/wp\/v2\/pages\/3108\/revisions"}],"predecessor-version":[{"id":3457,"href":"https:\/\/comparemyjet.com\/fi\/wp-json\/wp\/v2\/pages\/3108\/revisions\/3457"}],"wp:featuredmedia":[{"embeddable":true,"href":"https:\/\/comparemyjet.com\/fi\/wp-json\/wp\/v2\/media\/3109"}],"wp:attachment":[{"href":"https:\/\/comparemyjet.com\/fi\/wp-json\/wp\/v2\/media?parent=3108"}],"curies":[{"name":"wp","href":"https:\/\/api.w.org\/{rel}","templated":true}]}}