{"id":3144,"date":"2022-07-23T00:30:19","date_gmt":"2022-07-23T00:30:19","guid":{"rendered":"https:\/\/comparemyjet.com\/?page_id=3144"},"modified":"2025-09-04T09:58:20","modified_gmt":"2025-09-04T09:58:20","slug":"fly-aeolus","status":"publish","type":"page","link":"https:\/\/comparemyjet.com\/fi\/fly-aeolus\/","title":{"rendered":"Fly Aeolus Lentojen hinnat"},"content":{"rendered":"<p>Fly Aeolus on belgialainen <a href=\"https:\/\/comparemyjet.com\/fi\/how-much-does-air-taxi-cost\/\" data-internallinksmanager029f6b8e52c=\"23\" title=\"Kuinka paljon lentotaksi maksaa?\">lentotaksi<\/a> (yksityinen tilauslentopalvelu), joka on toiminut Euroopassa vuodesta 2009. Yrityksen p\u00e4\u00e4konttori sijaitsee Antwerpeniss\u00e4, ja sill\u00e4 on toimistoja seuraavissa paikoissa. <a href=\"https:\/\/comparemyjet.com\/fi\/yksityiset-matkat\/berliinin-yksityiset-matkat\/\" data-internallinksmanager029f6b8e52c=\"254\" title=\"11 parasta Berliinin yksityiset matkat alkaen $68.86\">Berliini<\/a> ja Rotterdam.&nbsp;<\/p>\r\n\r\n\r\n\r\n<p>Voit lent\u00e4\u00e4 yli 1 500 lentoasemalta eri puolilla Eurooppaa yhdell\u00e4 heid\u00e4n Cirrus SR-22 -lentokoneistaan, joita pidet\u00e4\u00e4n yhten\u00e4 ilmailualan turvallisimmista yksimoottorisista suihkukoneista. Katsotaanpa, mit\u00e4 muuta yhti\u00f6ll\u00e4 on tarjota.<\/p>\r\n\r\n\r\n\r\n<div id=\"ez-toc-container\" class=\"ez-toc-v2_0_76 counter-hierarchy ez-toc-counter ez-toc-grey ez-toc-container-direction\">\n<p class=\"ez-toc-title\" style=\"cursor:inherit\">Aiheet<\/p>\n<label for=\"ez-toc-cssicon-toggle-item-69f216409f46e\" class=\"ez-toc-cssicon-toggle-label\"><span class=\"\"><span class=\"eztoc-hide\" style=\"display:none;\">Toggle<\/span><span class=\"ez-toc-icon-toggle-span\"><svg style=\"fill: #999;color:#999\" xmlns=\"http:\/\/www.w3.org\/2000\/svg\" class=\"list-377408\" width=\"20px\" height=\"20px\" viewbox=\"0 0 24 24\" fill=\"none\"><path d=\"M6 6H4v2h2V6zm14 0H8v2h12V6zM4 11h2v2H4v-2zm16 0H8v2h12v-2zM4 16h2v2H4v-2zm16 0H8v2h12v-2z\" fill=\"currentColor\"><\/path><\/svg><svg style=\"fill: #999;color:#999\" class=\"arrow-unsorted-368013\" xmlns=\"http:\/\/www.w3.org\/2000\/svg\" width=\"10px\" height=\"10px\" viewbox=\"0 0 24 24\" version=\"1.2\" baseprofile=\"tiny\"><path d=\"M18.2 9.3l-6.2-6.3-6.2 6.3c-.2.2-.3.4-.3.7s.1.5.3.7c.2.2.4.3.7.3h11c.3 0 .5-.1.7-.3.2-.2.3-.5.3-.7s-.1-.5-.3-.7zM5.8 14.7l6.2 6.3 6.2-6.3c.2-.2.3-.5.3-.7s-.1-.5-.3-.7c-.2-.2-.4-.3-.7-.3h-11c-.3 0-.5.1-.7.3-.2.2-.3.5-.3.7s.1.5.3.7z\"\/><\/svg><\/span><\/span><\/label><input type=\"checkbox\"  id=\"ez-toc-cssicon-toggle-item-69f216409f46e\" checked aria-label=\"Toggle\" \/><nav><ul class='ez-toc-list ez-toc-list-level-1' ><li class='ez-toc-page-1 ez-toc-heading-level-2'><a class=\"ez-toc-link ez-toc-heading-1\" href=\"https:\/\/comparemyjet.com\/fi\/fly-aeolus\/#Company_History\" >Yrityksen historia<\/a><\/li><li class='ez-toc-page-1 ez-toc-heading-level-2'><a class=\"ez-toc-link ez-toc-heading-2\" href=\"https:\/\/comparemyjet.com\/fi\/fly-aeolus\/#Pricing\" >Hinnoittelu<\/a><\/li><li class='ez-toc-page-1 ez-toc-heading-level-2'><a class=\"ez-toc-link ez-toc-heading-3\" href=\"https:\/\/comparemyjet.com\/fi\/fly-aeolus\/#Membership_Programs\" >J\u00e4senyysohjelmat<\/a><ul class='ez-toc-list-level-3' ><li class='ez-toc-heading-level-3'><a class=\"ez-toc-link ez-toc-heading-4\" href=\"https:\/\/comparemyjet.com\/fi\/fly-aeolus\/#Pay_As_You_Fly\" >Pay As You Fly<\/a><\/li><li class='ez-toc-page-1 ez-toc-heading-level-3'><a class=\"ez-toc-link ez-toc-heading-5\" href=\"https:\/\/comparemyjet.com\/fi\/fly-aeolus\/#Personal_Membership\" >Henkil\u00f6kohtainen j\u00e4senyys<\/a><\/li><li class='ez-toc-page-1 ez-toc-heading-level-3'><a class=\"ez-toc-link ez-toc-heading-6\" href=\"https:\/\/comparemyjet.com\/fi\/fly-aeolus\/#Business_Membership\" >Yritysj\u00e4senyys<\/a><\/li><\/ul><\/li><li class='ez-toc-page-1 ez-toc-heading-level-2'><a class=\"ez-toc-link ez-toc-heading-7\" href=\"https:\/\/comparemyjet.com\/fi\/fly-aeolus\/#The_Fleet\" >Laivasto&nbsp;<\/a><ul class='ez-toc-list-level-3' ><li class='ez-toc-heading-level-3'><a class=\"ez-toc-link ez-toc-heading-8\" href=\"https:\/\/comparemyjet.com\/fi\/fly-aeolus\/#1_Light_Private_Jets\" >1. Kevyet yksityiset suihkukoneet<\/a><ul class='ez-toc-list-level-4' ><li class='ez-toc-heading-level-4'><a class=\"ez-toc-link ez-toc-heading-9\" href=\"https:\/\/comparemyjet.com\/fi\/fly-aeolus\/#Our_Recommendation_The_Cirrus_SR22\" >Suosituksemme: Cirrus SR22<\/a><\/li><\/ul><\/li><\/ul><\/li><li class='ez-toc-page-1 ez-toc-heading-level-2'><a class=\"ez-toc-link ez-toc-heading-10\" href=\"https:\/\/comparemyjet.com\/fi\/fly-aeolus\/#Cancellation_Insurance\" >Peruutusvakuutus<\/a><\/li><li class='ez-toc-page-1 ez-toc-heading-level-2'><a class=\"ez-toc-link ez-toc-heading-11\" href=\"https:\/\/comparemyjet.com\/fi\/fly-aeolus\/#De-icing_Insurance\" >J\u00e4\u00e4npoistovakuutus<\/a><\/li><li class='ez-toc-page-1 ez-toc-heading-level-2'><a class=\"ez-toc-link ez-toc-heading-12\" href=\"https:\/\/comparemyjet.com\/fi\/fly-aeolus\/#Fly_Aeolus_Taxi_Service\" >Fly Aeolus Taksipalvelu<\/a><\/li><li class='ez-toc-page-1 ez-toc-heading-level-2'><a class=\"ez-toc-link ez-toc-heading-13\" href=\"https:\/\/comparemyjet.com\/fi\/fly-aeolus\/#Pet_Policy\" >Lemmikkiel\u00e4ink\u00e4yt\u00e4nt\u00f6<\/a><\/li><li class='ez-toc-page-1 ez-toc-heading-level-2'><a class=\"ez-toc-link ez-toc-heading-14\" href=\"https:\/\/comparemyjet.com\/fi\/fly-aeolus\/#Company_Safety_Policy_and_Standards\" >Yrityksen turvallisuuspolitiikka ja -standardit<\/a><\/li><li class='ez-toc-page-1 ez-toc-heading-level-2'><a class=\"ez-toc-link ez-toc-heading-15\" href=\"https:\/\/comparemyjet.com\/fi\/fly-aeolus\/#Company_Staff\" >Yrityksen henkil\u00f6kunta<\/a><\/li><li class='ez-toc-page-1 ez-toc-heading-level-2'><a class=\"ez-toc-link ez-toc-heading-16\" href=\"https:\/\/comparemyjet.com\/fi\/fly-aeolus\/#Conclusion\" >P\u00e4\u00e4telm\u00e4<\/a><\/li><\/ul><\/nav><\/div>\n<h2 class=\"wp-block-heading\"><span class=\"ez-toc-section\" id=\"Company_History\"><\/span>Yrityksen historia<span class=\"ez-toc-section-end\"><\/span><\/h2>\r\n\r\n\r\n\r\n<p>Fly Aeoluksen perustivat vuonna 2009 perustajat ja ilmailun harrastajat Stefaan Ghijs ja Vincent Wigmans. Ghijs on koulutukseltaan ilmailutekniikan maisteri, ja Wigmansilla oli kokemusta yksityislentokoneiden korjausalalta.&nbsp;<\/p>\r\n\r\n\r\n\r\n<p>Yhti\u00f6n ensimm\u00e4inen lento suuntautui Antwerpenist\u00e4, Belgiasta, Vichyyn, Ranskaan, vuonna 2011. Fly Aeolus laajensi pian toiminta-aluettaan koko mantereelle, alkaen Saksan ja Alankomaiden kohteista.&nbsp;<\/p>\r\n\r\n\r\n\r\n<p>Vuonna 2015 Fly Aeolus solmi kumppanuuden belgialaisen SkyCab-lentotaksiyrityksen kanssa, ja vuonna 2019 he perustivat Fly Aeolus Aircraft Sales and Acquisitions -yhti\u00f6n, joka on Fly Aeoluksen uusi sivuliike.<\/p>\r\n\r\n\r\n\r\n<p>Murto-omistusj\u00e4rjestely on yrityksen palvelun perusta. Yksityiset omistajat antavat lentokoneensa vuokrattavaksi ja saavat palkkiota jokaisesta lennetyst\u00e4 tunnista.&nbsp;<\/p>\r\n\r\n\r\n\r\n<h2 class=\"wp-block-heading\"><span class=\"ez-toc-section\" id=\"Pricing\"><\/span>Hinnoittelu<span class=\"ez-toc-section-end\"><\/span><\/h2>\r\n\r\n\r\n\r\n<p>Fly Aeolus veloittaa kiinte\u00e4n hinnan kaikista lennoista. Hinnoittelu m\u00e4\u00e4r\u00e4ytyy matkasuunnitelmasi - matkan olosuhteiden, lentotuntien ja sen perusteella, onko kyseess\u00e4 meno- vai paluulento. Jos haluat kuluttaa v\u00e4hemm\u00e4n, paras tapa on varata edestakainen matka samalle p\u00e4iv\u00e4lle, ja voit aina jakaa lennon ja jakaa kustannukset ottamalla mukaan matkaseuraa.<\/p>\r\n\r\n\r\n\r\n<p>Fly Aeolus toimii yhteisomistuksessa. Yhti\u00f6 perii uusilta asiakkailta 995,00 euron (ilman alv:t\u00e4) suuruisen osallistumismaksun, joka tekee heist\u00e4 Fly Aeolus -laivaston lentokoneen osakkaita. Jos p\u00e4\u00e4t\u00e4t olla k\u00e4ytt\u00e4m\u00e4tt\u00e4 Fly Aeolusin palveluja rekister\u00f6innin j\u00e4lkeen, Fly Aeolus palauttaa maksun, josta v\u00e4hennet\u00e4\u00e4n 150,00 euron hallinnointimaksu. Voit tehd\u00e4 koelennon ennen rekister\u00f6inti\u00e4 kokeillaksesi suihkukonetta ja n\u00e4hd\u00e4ksesi, onko se sit\u00e4, mit\u00e4 etsit.<\/p>\r\n\r\n\r\n\r\n<h2 class=\"wp-block-heading\"><span class=\"ez-toc-section\" id=\"Membership_Programs\"><\/span>J\u00e4senyysohjelmat<span class=\"ez-toc-section-end\"><\/span><\/h2>\r\n\r\n\r\n\r\n<p>Fly Aeolus -j\u00e4senyysohjelmien tarkoituksena on s\u00e4\u00e4st\u00e4\u00e4 matkustajien rahaa ja aikaa mantereen suuntaisilla lennoilla, koska kaikki suihkukoneet ja lent\u00e4j\u00e4t sijaitsevat jo Euroopassa, sill\u00e4 niiden avulla j\u00e4senet voivat s\u00e4\u00e4st\u00e4\u00e4 lennoilla 5-10% verrattuna ei-j\u00e4senille maksettaviin v\u00e4hitt\u00e4ishintoihin. Tutustutaanpa niihin lyhyesti.<\/p>\r\n\r\n\r\n\r\n<h3 class=\"wp-block-heading\"><span class=\"ez-toc-section\" id=\"Pay_As_You_Fly\"><\/span>Pay As You Fly<span class=\"ez-toc-section-end\"><\/span><\/h3>\r\n\r\n\r\n\r\n<p>Cirrus SR-22 -lentokoneella lent\u00e4minen ei edellyt\u00e4 j\u00e4senyytt\u00e4, vaan voit maksaa lennon mukaan. Fly Aeoluksella on verkkolaskuri, joka auttaa sinua suunnittelemaan ja varaamaan seuraavan matkasi, ja p\u00e4\u00e4set siihen seuraavasti <a href=\"https:\/\/flyaeolus.com\/plan-book\/\" target=\"_blank\" rel=\"noopener\">linkki<\/a> yksityiskohtaisempia tietoja.<\/p>\r\n\r\n\r\n\r\n<h3 class=\"wp-block-heading\"><span class=\"ez-toc-section\" id=\"Personal_Membership\"><\/span>Henkil\u00f6kohtainen j\u00e4senyys<span class=\"ez-toc-section-end\"><\/span><\/h3>\r\n\r\n\r\n\r\n<p>Personal Membership -ohjelma on suunniteltu s\u00e4\u00e4nn\u00f6llisesti matkustaville. T\u00e4m\u00e4n ohjelman avulla saat 5%-alennuksen jokaisesta lennosta sek\u00e4 peruutusvakuutuksen, joka sis\u00e4ltyy hintaan.&nbsp;<\/p>\r\n\r\n\r\n\r\n<h3 class=\"wp-block-heading\"><span class=\"ez-toc-section\" id=\"Business_Membership\"><\/span>Yritysj\u00e4senyys<span class=\"ez-toc-section-end\"><\/span><\/h3>\r\n\r\n\r\n\r\n<p>Fly Aeolus tarjoaa Business Membership -ohjelman kanta-asiakkaille. J\u00e4seneksi liittyminen edellytt\u00e4\u00e4 100,00 euron kuukausittaista j\u00e4senmaksua. Saat 10%-alennuksen kaikista lennoistasi sek\u00e4 peruutusvakuutuksen ja taksin varausapua, jotka kaikki sis\u00e4ltyv\u00e4t hintaan.<\/p>\r\n\r\n\r\n\r\n<h2 class=\"wp-block-heading\"><span class=\"ez-toc-section\" id=\"The_Fleet\"><\/span>Laivasto&nbsp;<span class=\"ez-toc-section-end\"><\/span><\/h2>\r\n\r\n\r\n\r\n<figure class=\"wp-block-image size-full is-style-default\"><img loading=\"lazy\" decoding=\"async\" width=\"1000\" height=\"667\" src=\"https:\/\/comparemyjet.com\/wp-content\/uploads\/2022\/07\/The-Cirrus-SR22.jpg\" alt=\"Fly Aeolus\" class=\"wp-image-3145\" srcset=\"https:\/\/comparemyjet.com\/wp-content\/uploads\/2022\/07\/The-Cirrus-SR22-18x12.jpg 18w, https:\/\/comparemyjet.com\/wp-content\/uploads\/2022\/07\/The-Cirrus-SR22-300x200.jpg 300w, https:\/\/comparemyjet.com\/wp-content\/uploads\/2022\/07\/The-Cirrus-SR22-768x512.jpg 768w, https:\/\/comparemyjet.com\/wp-content\/uploads\/2022\/07\/The-Cirrus-SR22.jpg 1000w\" sizes=\"auto, (max-width: 1000px) 100vw, 1000px\" \/><\/figure>\r\n\r\n\r\n\r\n<p>Fly Aeoluksen laivasto koostuu ainoastaan Cirrus SR-22 -lentokoneista. Eik\u00e4 t\u00e4m\u00e4 ole sattumaa - COPA (Cirrus Owners &amp; Pilots Association) ja AOPA (Aircraft Owners &amp; Pilots Association) pit\u00e4v\u00e4t n\u00e4it\u00e4 koneita yhten\u00e4 ilmailualan turvallisimmista yksimoottorisista suihkukoneista Cirrus Airframe Parachute System -j\u00e4rjestelm\u00e4n ansiosta. Fly Aeolus on Euroopan suurin Cirrus-toimittaja, ja sill\u00e4 on k\u00e4yt\u00f6ss\u00e4 15 SR-22-konetta, joista kussakin voi matkustaa jopa kolme matkustajaa.&nbsp;<\/p>\r\n\r\n\r\n\r\n<h3 class=\"wp-block-heading\"><span class=\"ez-toc-section\" id=\"1_Light_Private_Jets\"><\/span>1. Kevyet yksityiset suihkukoneet<span class=\"ez-toc-section-end\"><\/span><\/h3>\r\n\r\n\r\n\r\n<p>Kevyet yksityiset suihkukoneet sopivat erinomaisesti pienille lentokentille ja vaikeasti saavutettaviin paikkoihin matkustamiseen, ja niiden avulla voit vierailla vaikeap\u00e4\u00e4syisill\u00e4 vuorilla ja kauniilla rannoilla.<\/p>\r\n\r\n\r\n\r\n<h4 class=\"wp-block-heading\"><span class=\"ez-toc-section\" id=\"Our_Recommendation_The_Cirrus_SR22\"><\/span>Suosituksemme: Cirrus SR22<span class=\"ez-toc-section-end\"><\/span><\/h4>\r\n\r\n\r\n\r\n<p>Cirrus SR22 on Cirrus Aircraftin vuonna 2001 valmistama komposiittisuihkukone. Se on Cirrus CIRRUS SR-20:n tehokkaampi muunnos, jossa on isompi siipi ja suurempi polttoainekapasiteetti sek\u00e4 kiinte\u00e4 laskuteline.<\/p>\r\n\r\n\r\n\r\n<p>Kyseess\u00e4 on nelipaikkainen lentokone (1 ohjaaja ja kolme matkustajaa), joka on suunniteltu laskeutumaan paikallisille lentoasemille. Cirrus SR22:lla p\u00e4\u00e4see yli 1 500 lentoasemalle ymp\u00e4ri Eurooppaa, ja sen avulla voit laskeutua paikallisille lentoasemille, joilla kaupalliset lennot k\u00e4yv\u00e4t harvoin.&nbsp;<\/p>\r\n\r\n\r\n\r\n<p>Cirrus-koneiden matkatavarakapasiteetti on 10 kiloa matkustajaa kohti, ja ne ovat ainoat lentokoneet, joissa on vakiovarusteena koko koneen h\u00e4t\u00e4varjeluvarjoj\u00e4rjestelm\u00e4.<\/p>\r\n\r\n\r\n\r\n<p>Tekniset tiedot:<\/p>\r\n\r\n\r\n\r\n<ul class=\"wp-block-list\"><li>Matkustajia: 3;<\/li><li>Ohjaamon leveys: 4 ft 1 in;<\/li><li>Matkustamon tilavuus: 137 cu ft;<\/li><li>Ohjaamon korkeus: 4 ft 2 in;<\/li><li>Ohjaamon pituus: 8 jalkaa;<\/li><li>Sis\u00e4inen matkatavara: 32 cu ft;<\/li><li>Maksiminopeus: 186 kts;<\/li><li>Maksimi kantama: 1100 nm;<\/li><li>Miehist\u00f6: 1;<\/li><li>Ei vessaa;<\/li><li>Ei WiFi\u00e4.<\/li><\/ul>\r\n\r\n\r\n\r\n<h2 class=\"wp-block-heading\"><span class=\"ez-toc-section\" id=\"Cancellation_Insurance\"><\/span>Peruutusvakuutus<span class=\"ez-toc-section-end\"><\/span><\/h2>\r\n\r\n\r\n\r\n<p>Fly Aeolus tarjoaa peruutusvakuutuksen, joka maksaa 200 euroa (ilman arvonlis\u00e4veroa) ja jonka avulla voit peruuttaa tai siirt\u00e4\u00e4 lentoasi, jos jokin odottamaton tapahtuma h\u00e4iritsee suunnitelmiasi.&nbsp;<\/p>\r\n\r\n\r\n\r\n<p>Jos et halua maksaa peruutusvakuutuskuluja ja lentosi peruutetaan tai siirret\u00e4\u00e4n vahvistuksen j\u00e4lkeen, sinulta perit\u00e4\u00e4n lis\u00e4maksuja. Jos peruutat lentosi 7 p\u00e4iv\u00e4\u00e4 ja 24 tuntia ennen aikataulun mukaista l\u00e4ht\u00f6aikaa, Fly Aeolus veloittaa 25%:n suuruisen maksun lentokustannusten kokonaism\u00e4\u00e4r\u00e4st\u00e4. Jos peruutus tapahtuu 24-5 tuntia ennen lentoa, yhti\u00f6 perii 50% peruutusmaksun lentokustannusten kokonaism\u00e4\u00e4r\u00e4st\u00e4. Jos peruutat lennon alle 5 tuntia ennen aikataulun mukaista l\u00e4ht\u00f6aikaa tai jos et saavu paikalle, perit\u00e4\u00e4n 100%:n peruutusmaksu lennon kokonaiskustannuksista.<\/p>\r\n\r\n\r\n\r\n<h2 class=\"wp-block-heading\"><span class=\"ez-toc-section\" id=\"De-icing_Insurance\"><\/span>J\u00e4\u00e4npoistovakuutus<span class=\"ez-toc-section-end\"><\/span><\/h2>\r\n\r\n\r\n\r\n<figure class=\"wp-block-image size-full is-style-default\"><img loading=\"lazy\" decoding=\"async\" width=\"1000\" height=\"667\" src=\"https:\/\/comparemyjet.com\/wp-content\/uploads\/2022\/07\/De-icing-Insurance.jpg\" alt=\"\" class=\"wp-image-3146\" srcset=\"https:\/\/comparemyjet.com\/wp-content\/uploads\/2022\/07\/De-icing-Insurance-18x12.jpg 18w, https:\/\/comparemyjet.com\/wp-content\/uploads\/2022\/07\/De-icing-Insurance-300x200.jpg 300w, https:\/\/comparemyjet.com\/wp-content\/uploads\/2022\/07\/De-icing-Insurance-768x512.jpg 768w, https:\/\/comparemyjet.com\/wp-content\/uploads\/2022\/07\/De-icing-Insurance.jpg 1000w\" sizes=\"auto, (max-width: 1000px) 100vw, 1000px\" \/><\/figure>\r\n\r\n\r\n\r\n<p>T\u00e4llainen vakuutus on k\u00e4tev\u00e4 erityisesti kylmempin\u00e4 kuukausina. Fly Aeolus suosittelee ottamaan t\u00e4m\u00e4n palvelun ennen lentoonl\u00e4ht\u00f6\u00e4.&nbsp;<\/p>\r\n\r\n\r\n\r\n<p>Talvella lentotaksi voi j\u00e4\u00e4d\u00e4 j\u00e4\u00e4n tai lumen peittoon, ja j\u00e4\u00e4 ja lumi on puhdistettava ennen lentoonl\u00e4ht\u00f6\u00e4. Siihen liittyvi\u00e4 kustannuksia on vaikea ennustaa, joten yhti\u00f6 tarjoaa muutamia j\u00e4\u00e4tymisen vaaraan perustuvia j\u00e4\u00e4npoistovakuutusvaihtoehtoja mielesi rauhoittamiseksi.<\/p>\r\n\r\n\r\n\r\n<ul class=\"wp-block-list\"><li>J\u00e4\u00e4npoistovakuutus maksaa viisi p\u00e4iv\u00e4\u00e4 ennen l\u00e4ht\u00f6\u00e4 150,00 euroa (ilman arvonlis\u00e4veroa) yhdensuuntaiselta lennolta.<\/li><li>5-72 tuntia ennen l\u00e4ht\u00f6\u00e4 t\u00e4m\u00e4 vakuutus maksaa 250,00 euroa (ilman alv:t\u00e4) yhdensuuntaiselta matkalta.<\/li><li>72-24 tuntia ennen l\u00e4ht\u00f6\u00e4 sinun on maksettava enint\u00e4\u00e4n 350,00 \u20ac (ilman alv) yhdensuuntaisesta j\u00e4\u00e4npoistovakuutuksesta.<\/li><\/ul>\r\n\r\n\r\n\r\n<p>Jos et valitse yht\u00e4 edell\u00e4 mainituista vaihtoehdoista, kaikki tarvittavat j\u00e4\u00e4npoistomaksut laskutetaan matkan j\u00e4lkeen.<\/p>\r\n\r\n\r\n\r\n<h2 class=\"wp-block-heading\"><span class=\"ez-toc-section\" id=\"Fly_Aeolus_Taxi_Service\"><\/span>Fly Aeolus Taksipalvelu<span class=\"ez-toc-section-end\"><\/span><\/h2>\r\n\r\n\r\n\r\n<p>Fly Aeolus voi tehd\u00e4 puolestasi taksivarauksen joltakin usein k\u00e4ytt\u00e4m\u00e4lt\u00e4\u00e4n taksikumppanilta. Kerro heille m\u00e4\u00e4r\u00e4np\u00e4\u00e4si, ja he varmistavat, ett\u00e4 taksi odottaa sinua, kun saavut lentokent\u00e4lle. Jos joku noutaa sinut lentokent\u00e4lt\u00e4, yhti\u00f6 tarjoaa mahdollisuutta l\u00e4hett\u00e4\u00e4 tarkat lentotietosi, jotta yst\u00e4v\u00e4si tai perheesi voi seurata lentotaksia reaaliajassa.<\/p>\r\n\r\n\r\n\r\n<h2 class=\"wp-block-heading\"><span class=\"ez-toc-section\" id=\"Pet_Policy\"><\/span>Lemmikkiel\u00e4ink\u00e4yt\u00e4nt\u00f6<span class=\"ez-toc-section-end\"><\/span><\/h2>\r\n\r\n\r\n\r\n<p>Kun lenn\u00e4t kaupallisella lennolla, voit ottaa lemmikkisi mukaan lentokoneeseen, jos kantokopan pituus on alle 47 cm, leveys alle 30 cm ja korkeus alle 27 cm. Lemmikkiel\u00e4imen on my\u00f6s oltava istuimesi alla sille tarkoitetussa kantorepussa, eik\u00e4 sen paino saa ylitt\u00e4\u00e4 10 kiloa. Turvallisuussyist\u00e4 et voi avata kantokoppaa tai siirt\u00e4\u00e4 sit\u00e4. T\u00e4m\u00e4 n\u00e4ytt\u00e4\u00e4 olevan suurin haittapuoli muihin yksityisiin tilauslentoyhti\u00f6ihin verrattuna, mutta se on silti parempi vaihtoehto kuin lenn\u00e4tt\u00e4\u00e4 lemmikkiel\u00e4imi\u00e4 rahtiosastolla kaupallisella lennolla.<\/p>\r\n\r\n\r\n\r\n<p>Lemmikkisi ottaminen yksityislennolle on t\u00e4ysin eri asia. Fly Aeolus kohtelee kaikkia lemmikkej\u00e4, jotka lent\u00e4v\u00e4t heid\u00e4n mukanaan, kuin vieraita ja varmistaa, ett\u00e4 lemmikkisi nauttii rauhallisesta ja miellytt\u00e4v\u00e4st\u00e4 matkasta.<\/p>\r\n\r\n\r\n\r\n<p>Lemmikkisi ei ole vangittuna matkatavaratilaan, vaan se voi p\u00f6tk\u00f6tt\u00e4\u00e4 vieress\u00e4si peiton p\u00e4\u00e4ll\u00e4, ja voit olla varma, ett\u00e4 lemmikkisi on mukavasti ja turvallisesti.&nbsp;<\/p>\r\n\r\n\r\n\r\n<p>Vaikka voit matkustaa lemmikkisi kanssa, lemmikkiel\u00e4inten matkustaminen edellytt\u00e4\u00e4 jonkin verran etuk\u00e4teissuunnittelua. <a href=\"https:\/\/flyaeolus.com\/blog\/pet-travel-private-jet-air-taxi\/\" target=\"_blank\" rel=\"noopener\">linkki<\/a> lis\u00e4tietoja lemmikkisi kuljettamisesta Aeoluksen kanssa.<\/p>\r\n\r\n\r\n\r\n<h2 class=\"wp-block-heading\"><span class=\"ez-toc-section\" id=\"Company_Safety_Policy_and_Standards\"><\/span>Yrityksen turvallisuuspolitiikka ja -standardit<span class=\"ez-toc-section-end\"><\/span><\/h2>\r\n\r\n\r\n\r\n<p>Kaikki lentokoneet tutkitaan s\u00e4\u00e4nn\u00f6llisesti, ja lent\u00e4j\u00e4t tarkastetaan vuosittain l\u00e4\u00e4k\u00e4rintarkastuksessa. Lis\u00e4ksi kaikki lentokoneet on varustettu CAPS-j\u00e4rjestelm\u00e4ll\u00e4 (Cirrus Airframe Parachute System), joka on yksinomaan Cirrus-koneita varten rakennettu koko lentokoneen kattava ballistinen laskuvarjopalautusj\u00e4rjestelm\u00e4.<\/p>\r\n\r\n\r\n\r\n<h2 class=\"wp-block-heading\"><span class=\"ez-toc-section\" id=\"Company_Staff\"><\/span>Yrityksen henkil\u00f6kunta<span class=\"ez-toc-section-end\"><\/span><\/h2>\r\n\r\n\r\n\r\n<p>Aeoluksen henkil\u00f6kuntaan kuuluu asiantuntijoita useilta eri liikelentotoiminnan aloilta sek\u00e4 p\u00e4tevi\u00e4 Cirrus-lent\u00e4ji\u00e4 ja -opettajia. Kaikilla Fly Aeolus -lent\u00e4jill\u00e4 on liikennelent\u00e4j\u00e4n lupakirja (CPL) tai ilma-aluksen lent\u00e4j\u00e4n lupakirja (ATPL), heill\u00e4 on v\u00e4hint\u00e4\u00e4n 500 tuntia lentoaikaa ja he ovat k\u00e4yneet l\u00e4pi Cirrus SR22 -koulutusohjelman.&nbsp;<\/p>\r\n\r\n\r\n\r\n<h2 class=\"wp-block-heading\"><span class=\"ez-toc-section\" id=\"Conclusion\"><\/span>P\u00e4\u00e4telm\u00e4<span class=\"ez-toc-section-end\"><\/span><\/h2>\r\n\r\n\r\n\r\n<figure class=\"wp-block-image size-full is-style-default\"><img loading=\"lazy\" decoding=\"async\" width=\"1000\" height=\"667\" src=\"https:\/\/comparemyjet.com\/wp-content\/uploads\/2022\/07\/cute.dog_.dressed.as_.a.pilot_.standing.infront.of_.a.jet_.jpg\" alt=\"\" class=\"wp-image-3147\" srcset=\"https:\/\/comparemyjet.com\/wp-content\/uploads\/2022\/07\/cute.dog_.dressed.as_.a.pilot_.standing.infront.of_.a.jet_-18x12.jpg 18w, https:\/\/comparemyjet.com\/wp-content\/uploads\/2022\/07\/cute.dog_.dressed.as_.a.pilot_.standing.infront.of_.a.jet_-300x200.jpg 300w, https:\/\/comparemyjet.com\/wp-content\/uploads\/2022\/07\/cute.dog_.dressed.as_.a.pilot_.standing.infront.of_.a.jet_-768x512.jpg 768w, https:\/\/comparemyjet.com\/wp-content\/uploads\/2022\/07\/cute.dog_.dressed.as_.a.pilot_.standing.infront.of_.a.jet_.jpg 1000w\" sizes=\"auto, (max-width: 1000px) 100vw, 1000px\" \/><\/figure>\r\n\r\n\r\n\r\n<p>Fly Aeolus on ensimm\u00e4inen yritys Euroopassa, joka tarjoaa lentotaksipalveluita yhden m\u00e4nt\u00e4moottorikoneen avulla osittaisen omistusoikeuden avulla. Yritys tarjoaa my\u00f6s kolme erilaista suihkukorttiohjelmaa ja tarjoaa p\u00e4\u00e4syn yli 1 000 pienelle lentoasemalle eri puolilla Eurooppaa Cirrus SR22 -kalustollaan. Jos haluat tutustua n\u00e4ht\u00e4vyyksiin tai matkustat vain parin seuralaisen kanssa, Fly Aeolus on lentotaksipalvelusi.&nbsp;<\/p>","protected":false},"excerpt":{"rendered":"<p>Fly Aeolus on belgialainen lentotaksipalvelu (yksityinen tilauslentopalvelu), joka on toiminut Euroopassa vuodesta 2009. Yrityksen p\u00e4\u00e4konttori sijaitsee Antwerpeniss\u00e4, ja sill\u00e4 on toimistot Berliiniss\u00e4 ja Rotterdamissa.  Voit lent\u00e4\u00e4 yli 1 500 lentoasemalta eri puolilta Euroopan manteretta yhdell\u00e4 heid\u00e4n Cirrus SR-22 -lentokoneistaan, joita pidet\u00e4\u00e4n yhten\u00e4 turvallisimmista yksimoottorisista suihkukoneista ...<\/p>","protected":false},"author":2,"featured_media":3098,"parent":0,"menu_order":0,"comment_status":"closed","ping_status":"closed","template":"","meta":{"_acf_changed":false,"_genesis_hide_title":false,"_genesis_hide_breadcrumbs":false,"_genesis_hide_singular_image":false,"_genesis_hide_footer_widgets":false,"_genesis_custom_body_class":"","_genesis_custom_post_class":"","_genesis_layout":"","footnotes":""},"class_list":{"1":"page","2":"type-page","6":"entry"},"acf":[],"_links":{"self":[{"href":"https:\/\/comparemyjet.com\/fi\/wp-json\/wp\/v2\/pages\/3144","targetHints":{"allow":["GET"]}}],"collection":[{"href":"https:\/\/comparemyjet.com\/fi\/wp-json\/wp\/v2\/pages"}],"about":[{"href":"https:\/\/comparemyjet.com\/fi\/wp-json\/wp\/v2\/types\/page"}],"author":[{"embeddable":true,"href":"https:\/\/comparemyjet.com\/fi\/wp-json\/wp\/v2\/users\/2"}],"replies":[{"embeddable":true,"href":"https:\/\/comparemyjet.com\/fi\/wp-json\/wp\/v2\/comments?post=3144"}],"version-history":[{"count":2,"href":"https:\/\/comparemyjet.com\/fi\/wp-json\/wp\/v2\/pages\/3144\/revisions"}],"predecessor-version":[{"id":3444,"href":"https:\/\/comparemyjet.com\/fi\/wp-json\/wp\/v2\/pages\/3144\/revisions\/3444"}],"wp:featuredmedia":[{"embeddable":true,"href":"https:\/\/comparemyjet.com\/fi\/wp-json\/wp\/v2\/media\/3098"}],"wp:attachment":[{"href":"https:\/\/comparemyjet.com\/fi\/wp-json\/wp\/v2\/media?parent=3144"}],"curies":[{"name":"wp","href":"https:\/\/api.w.org\/{rel}","templated":true}]}}