{"id":3172,"date":"2022-08-10T21:51:12","date_gmt":"2022-08-10T21:51:12","guid":{"rendered":"https:\/\/comparemyjet.com\/?page_id=3172"},"modified":"2025-09-04T09:58:21","modified_gmt":"2025-09-04T09:58:21","slug":"hopscotch-air","status":"publish","type":"page","link":"https:\/\/comparemyjet.com\/fi\/hopscotch-air\/","title":{"rendered":"Hopscotch Airin lentojen hinnoittelu"},"content":{"rendered":"<p>Hopscotch Air on huippuluokan <a href=\"https:\/\/comparemyjet.com\/fi\/how-much-does-air-taxi-cost\/\" data-internallinksmanager029f6b8e52c=\"23\" title=\"Kuinka paljon lentotaksi maksaa?\">lentotaksi<\/a> yritys, joka lenn\u00e4tt\u00e4\u00e4 matkustajia ymp\u00e4ri Koillis-Atlantin, Keski-Atlantin ja Kanadan pienill\u00e4 mutta teknisesti kehittyneill\u00e4 Cirrus-lentokoneilla. Yhti\u00f6 sai sertifioinnin vuonna 2009, ja nyt se lent\u00e4\u00e4 vuosittain noin 1400 matkaa murto-osalla tavallisten tilauslentojen kustannuksista, mik\u00e4 johtuu p\u00e4\u00e4asiassa lentokoneiden edullisemmasta taloudellisuudesta.<\/p>\r\n\r\n\r\n\r\n<p>Hopscotch Air on pienlentokoneiden lentotaksipalvelujen edell\u00e4k\u00e4vij\u00e4 Koillismaalla, ja se aikoo tarjota uusia alueellisia lentopalveluja suosittuihin Koillismaan kohteisiin vuoden 2022 loppuun menness\u00e4.&nbsp;<\/p>\r\n\r\n\r\n\r\n<div id=\"ez-toc-container\" class=\"ez-toc-v2_0_76 counter-hierarchy ez-toc-counter ez-toc-grey ez-toc-container-direction\">\n<p class=\"ez-toc-title\" style=\"cursor:inherit\">Aiheet<\/p>\n<label for=\"ez-toc-cssicon-toggle-item-69f168f1b8572\" class=\"ez-toc-cssicon-toggle-label\"><span class=\"\"><span class=\"eztoc-hide\" style=\"display:none;\">Toggle<\/span><span class=\"ez-toc-icon-toggle-span\"><svg style=\"fill: #999;color:#999\" xmlns=\"http:\/\/www.w3.org\/2000\/svg\" class=\"list-377408\" width=\"20px\" height=\"20px\" viewbox=\"0 0 24 24\" fill=\"none\"><path d=\"M6 6H4v2h2V6zm14 0H8v2h12V6zM4 11h2v2H4v-2zm16 0H8v2h12v-2zM4 16h2v2H4v-2zm16 0H8v2h12v-2z\" fill=\"currentColor\"><\/path><\/svg><svg style=\"fill: #999;color:#999\" class=\"arrow-unsorted-368013\" xmlns=\"http:\/\/www.w3.org\/2000\/svg\" width=\"10px\" height=\"10px\" viewbox=\"0 0 24 24\" version=\"1.2\" baseprofile=\"tiny\"><path d=\"M18.2 9.3l-6.2-6.3-6.2 6.3c-.2.2-.3.4-.3.7s.1.5.3.7c.2.2.4.3.7.3h11c.3 0 .5-.1.7-.3.2-.2.3-.5.3-.7s-.1-.5-.3-.7zM5.8 14.7l6.2 6.3 6.2-6.3c.2-.2.3-.5.3-.7s-.1-.5-.3-.7c-.2-.2-.4-.3-.7-.3h-11c-.3 0-.5.1-.7.3-.2.2-.3.5-.3.7s.1.5.3.7z\"\/><\/svg><\/span><\/span><\/label><input type=\"checkbox\"  id=\"ez-toc-cssicon-toggle-item-69f168f1b8572\" checked aria-label=\"Toggle\" \/><nav><ul class='ez-toc-list ez-toc-list-level-1' ><li class='ez-toc-page-1 ez-toc-heading-level-2'><a class=\"ez-toc-link ez-toc-heading-1\" href=\"https:\/\/comparemyjet.com\/fi\/hopscotch-air\/#About_the_Company\" >Tietoa yrityksest\u00e4<\/a><\/li><li class='ez-toc-page-1 ez-toc-heading-level-2'><a class=\"ez-toc-link ez-toc-heading-2\" href=\"https:\/\/comparemyjet.com\/fi\/hopscotch-air\/#Membership_Programs\" >J\u00e4senyysohjelmat<\/a><ul class='ez-toc-list-level-3' ><li class='ez-toc-heading-level-3'><a class=\"ez-toc-link ez-toc-heading-3\" href=\"https:\/\/comparemyjet.com\/fi\/hopscotch-air\/#ClubScotch\" >ClubScotch<\/a><\/li><\/ul><\/li><li class='ez-toc-page-1 ez-toc-heading-level-2'><a class=\"ez-toc-link ez-toc-heading-4\" href=\"https:\/\/comparemyjet.com\/fi\/hopscotch-air\/#Destinations_and_Pricing\" >Kohteet ja hinnoittelu<\/a><\/li><li class='ez-toc-page-1 ez-toc-heading-level-2'><a class=\"ez-toc-link ez-toc-heading-5\" href=\"https:\/\/comparemyjet.com\/fi\/hopscotch-air\/#The_Fleet\" >Laivasto&nbsp;<\/a><ul class='ez-toc-list-level-3' ><li class='ez-toc-heading-level-3'><a class=\"ez-toc-link ez-toc-heading-6\" href=\"https:\/\/comparemyjet.com\/fi\/hopscotch-air\/#1_Very_Light_Jets\" >1. Eritt\u00e4in kevyet suihkut<\/a><ul class='ez-toc-list-level-4' ><li class='ez-toc-heading-level-4'><a class=\"ez-toc-link ez-toc-heading-7\" href=\"https:\/\/comparemyjet.com\/fi\/hopscotch-air\/#Our_Recommendation_The_Cirrus_SR20\" >Suosituksemme: Cirrus SR20&nbsp;<\/a><\/li><li class='ez-toc-page-1 ez-toc-heading-level-4'><a class=\"ez-toc-link ez-toc-heading-8\" href=\"https:\/\/comparemyjet.com\/fi\/hopscotch-air\/#Our_Recommendation_The_Cirrus_SR22\" >Suosituksemme: Cirrus SR22<\/a><\/li><\/ul><\/li><\/ul><\/li><li class='ez-toc-page-1 ez-toc-heading-level-2'><a class=\"ez-toc-link ez-toc-heading-9\" href=\"https:\/\/comparemyjet.com\/fi\/hopscotch-air\/#Company_Safety_Policy_and_Standards\" >Yrityksen turvallisuuspolitiikka ja -standardit&nbsp;<\/a><\/li><li class='ez-toc-page-1 ez-toc-heading-level-2'><a class=\"ez-toc-link ez-toc-heading-10\" href=\"https:\/\/comparemyjet.com\/fi\/hopscotch-air\/#Partnerships\" >Kumppanuudet<\/a><\/li><li class='ez-toc-page-1 ez-toc-heading-level-2'><a class=\"ez-toc-link ez-toc-heading-11\" href=\"https:\/\/comparemyjet.com\/fi\/hopscotch-air\/#Conclusion\" >P\u00e4\u00e4telm\u00e4<\/a><\/li><\/ul><\/nav><\/div>\n<h2 class=\"wp-block-heading\"><span class=\"ez-toc-section\" id=\"About_the_Company\"><\/span>Tietoa yrityksest\u00e4<span class=\"ez-toc-section-end\"><\/span><\/h2>\r\n\r\n\r\n\r\n<p>Hopscotch Air on <a href=\"https:\/\/www.faa.gov\/\" target=\"_blank\" rel=\"noopener\">FAA<\/a>-sertifioitu lentoliikenteen harjoittaja, jonka kotipaikka on <a href=\"https:\/\/comparemyjet.com\/fi\/yksityiset-matkat\/new-yorkin-yksityiset-matkat\/\" data-internallinksmanager029f6b8e52c=\"427\" title=\"11 parasta New Yorkin yksityist\u00e4 kiertoajelua alkaen $48.00\">New York<\/a>, jonka solmukohdat sijaitsevat Republic Farmingdalen, Westchester Countyn ja Teterboron lentoasemilla.&nbsp;<\/p>\r\n\r\n\r\n\r\n<p>Yhti\u00f6ll\u00e4 on oma lentokalusto ja se tarjoaa j\u00e4senyysohjelman, jonka sis\u00e4\u00e4np\u00e4\u00e4sy- ja j\u00e4senmaksut alkavat $3,900:sta. Alkutason ohjelma on The Jet Card, joka on maksullinen palvelu, jossa on kiinte\u00e4, kiinte\u00e4 reittikohtainen hinnoittelu.&nbsp;<\/p>\r\n\r\n\r\n\r\n<p>Tutustutaan n\u00e4ihin j\u00e4senohjelmiin tarkemmin.<\/p>\r\n\r\n\r\n\r\n<h2 class=\"wp-block-heading\"><span class=\"ez-toc-section\" id=\"Membership_Programs\"><\/span>J\u00e4senyysohjelmat<span class=\"ez-toc-section-end\"><\/span><\/h2>\r\n\r\n\r\n\r\n<figure class=\"wp-block-image size-full is-style-default\"><img loading=\"lazy\" decoding=\"async\" width=\"1000\" height=\"667\" src=\"https:\/\/comparemyjet.com\/wp-content\/uploads\/2022\/07\/cirrus.sr_.22.jpg\" alt=\"\" class=\"wp-image-3174\" srcset=\"https:\/\/comparemyjet.com\/wp-content\/uploads\/2022\/07\/cirrus.sr_.22-18x12.jpg 18w, https:\/\/comparemyjet.com\/wp-content\/uploads\/2022\/07\/cirrus.sr_.22-300x200.jpg 300w, https:\/\/comparemyjet.com\/wp-content\/uploads\/2022\/07\/cirrus.sr_.22-768x512.jpg 768w, https:\/\/comparemyjet.com\/wp-content\/uploads\/2022\/07\/cirrus.sr_.22.jpg 1000w\" sizes=\"auto, (max-width: 1000px) 100vw, 1000px\" \/><\/figure>\r\n\r\n\r\n\r\n<p>Yritys aloitti j\u00e4senohjelmansa vuonna 2019. J\u00e4senet maksavat $325 kuukaudessa ja nauttivat eksklusiivisista alennuksista ja muista eduista.&nbsp;<\/p>\r\n\r\n\r\n\r\n<p>Voit liitty\u00e4 j\u00e4seneksi ottamalla heihin yhteytt\u00e4 osoitteessa <a href=\"https:\/\/flyhopscotch.com\/join-clubscotch\/\" target=\"_blank\" rel=\"noopener\">verkkosivusto<\/a>.<\/p>\r\n\r\n\r\n\r\n<h3 class=\"wp-block-heading\"><span class=\"ez-toc-section\" id=\"ClubScotch\"><\/span>ClubScotch<span class=\"ez-toc-section-end\"><\/span><\/h3>\r\n\r\n\r\n\r\n<p>Hopscotch lenn\u00e4tt\u00e4\u00e4 sinut sadoille lentoasemille koko Koillis-Atlantin, Keski-Atlantin ja Kanadan alueella, pienimmist\u00e4 suurimpiin. Heid\u00e4n koneensa voivat kuljettaa sinut pienemmille, v\u00e4hemm\u00e4n ruuhkaisille lentoasemille, jotka ovat l\u00e4hemp\u00e4n\u00e4 lopullista m\u00e4\u00e4r\u00e4np\u00e4\u00e4t\u00e4si. Kaikki lennot l\u00e4htev\u00e4t aikataulusi mukaan.<\/p>\r\n\r\n\r\n\r\n<p>ClubScothin j\u00e4seneksi liittyminen edellytt\u00e4\u00e4 yhden vuoden sitoutumista. Voit valita, maksatko $325 kuukaudessa vai $3,250 vuodessa.<\/p>\r\n\r\n\r\n\r\n<p>J\u00e4senill\u00e4 on mahdollisuus ensisijaiseen aikataulutukseen ja nopeaan yhteydenpitoon asiakaskokemustiimin kanssa. ClubScotchin j\u00e4senen\u00e4 olet oikeutettu viime hetken ajanvarauksiin ja ilmaiseen odotusaikaan enint\u00e4\u00e4n 15 tunnin ajan. Voit k\u00e4ytt\u00e4\u00e4 n\u00e4m\u00e4 15 tuntia ilmaista etenemisviivett\u00e4 koko vuoden ajan. Se on yli $1 000 vuosittainen alennus.<\/p>\r\n\r\n\r\n\r\n<p>Ehk\u00e4 haluat viett\u00e4\u00e4 y\u00f6n matkakohteessasi? Maksuton y\u00f6pyminen tarjotaan kerran vuodessa (<a href=\"https:\/\/comparemyjet.com\/fi\/hotels\/\" data-internallinksmanager029f6b8e52c=\"470\" title=\"100 parasta hotellia lentokenttien l\u00e4hell\u00e4 ymp\u00e4ri maailmaa\">hotelli<\/a> ja ruoka ei sis\u00e4lly). Kone odottaa sinua seuraavana p\u00e4iv\u00e4n\u00e4, jotta edestakainen matkasi olisi valmis.&nbsp;<\/p>\r\n\r\n\r\n\r\n<p>Yhti\u00f6n peruutusehdot mahdollistavat p\u00e4iv\u00e4m\u00e4\u00e4r\u00e4n\/reitin muuttamisen, ja ne ovat varsin joustavat j\u00e4senille. Sinua ei veloiteta matkan aikana tekemist\u00e4si muutoksista. Muilla kuin j\u00e4senill\u00e4 on 48 tuntia aikaa peruuttaa lennot hyvityst\u00e4 vastaan, kun taas j\u00e4senill\u00e4 on 24 tuntia aikaa.<\/p>\r\n\r\n\r\n\r\n<p>ClubScotchin j\u00e4senten suurimmat edut ovat, ett\u00e4 yleens\u00e4 he maksavat usein noin 25% v\u00e4hemm\u00e4n kuin ei-j\u00e4senet v\u00e4hitt\u00e4ismyyntihintaan ja p\u00e4\u00e4sev\u00e4t ClubScotchin sivustolle, josta he voivat tarkistaa lentohistoriansa ja tilins\u00e4 saldon verkossa.<\/p>\r\n\r\n\r\n\r\n<h2 class=\"wp-block-heading\"><span class=\"ez-toc-section\" id=\"Destinations_and_Pricing\"><\/span>Kohteet ja hinnoittelu<span class=\"ez-toc-section-end\"><\/span><\/h2>\r\n\r\n\r\n\r\n<p>SR22-koneet ottavat yleens\u00e4 matkustajat kyytiin New Yorkin lentoasemilta, ja kauimmaiset kohteet ovat l\u00e4nteen ja pohjoiseen. <a href=\"https:\/\/comparemyjet.com\/fi\/yksityiset-suihkukone-charterit-chicagoon\/\" data-internallinksmanager029f6b8e52c=\"170\" title=\"Yksityiset suihkukoneiden tilauslennot Chicagoon\">Chicago<\/a> tai etel\u00e4\u00e4n Etel\u00e4-Carolinaan.&nbsp;<\/p>\r\n\r\n\r\n\r\n<p>Seuraavassa taulukossa on hinnat saman p\u00e4iv\u00e4n yhdensuuntaiselle matkalle White Plainsista, Farmingdalesta ja Teterborosta.&nbsp;<\/p>\r\n\r\n\r\n\r\n<figure class=\"wp-block-table\"><table><tbody><tr><td>Kohteet<\/td><td>Yhdensuuntaiset hinnat<\/td><\/tr><tr><td><a href=\"https:\/\/comparemyjet.com\/fi\/yksityiset-matkat\/philadelphia-private-tours\/\" data-internallinksmanager029f6b8e52c=\"430\" title=\"11 Parasta Philadelphia Yksityiset matkat Alkaen $245.00\">Philadelphia<\/a>&nbsp;<\/td><td>$1,956<\/td><\/tr><tr><td>Atlantic City&nbsp;<\/td><td>$2,019<\/td><\/tr><tr><td>Newport&nbsp;<\/td><td>$2,144<\/td><\/tr><tr><td><a href=\"https:\/\/comparemyjet.com\/fi\/yksityiset-suihkukone-charterit-bostoniin\/\" data-internallinksmanager029f6b8e52c=\"177\" title=\"Yksityiset suihkukoneiden tilauslennot Bostoniin\">Boston<\/a> - Bedford&nbsp;<\/td><td>$2,426<\/td><\/tr><tr><td>Martha's Vineyard&nbsp;<\/td><td>$2,489<\/td><\/tr><tr><td>Nantucket&nbsp;<\/td><td>$2,802<\/td><\/tr><tr><td>Provincetown&nbsp;<\/td><td>$2,834<\/td><\/tr><tr><td>Boston - Logan&nbsp;<\/td><td>$2,888<\/td><\/tr><tr><td>Burlington&nbsp;<\/td><td>$3,335<\/td><\/tr><\/tbody><\/table><\/figure>\r\n\r\n\r\n\r\n<p>Hopscotch palvelee Yhdysvaltojen koillisosassa, keski-atlanttisella alueella sek\u00e4 Ontarion ja Quebecin osissa. Suosittuja kev\u00e4t- ja kes\u00e4lomamatkoja ovat:<\/p>\r\n\r\n\r\n\r\n<ul class=\"wp-block-list\"><li>Cape Cod,&nbsp;<\/li><li>Provincetown, Provincetown,&nbsp;<\/li><li>Martha's Vineyard,&nbsp;<\/li><li>East Hampton,&nbsp;<\/li><li>Burlington,&nbsp;<\/li><li><a href=\"https:\/\/comparemyjet.com\/fi\/yksityiset-matkat\/portlandin-yksityiset-matkat\/\" data-internallinksmanager029f6b8e52c=\"432\" title=\"11 Parasta Portlandin yksityiset retket Alkaen $48.00\">Portland<\/a>,&nbsp;<\/li><li>Block Island,&nbsp;<\/li><li>Great Barrington,&nbsp;<\/li><li>ja Stowe.&nbsp;<\/li><\/ul>\r\n\r\n\r\n\r\n<p>Ne lent\u00e4v\u00e4t kuitenkin my\u00f6s syrj\u00e4isiin paikkoihin New Yorkin pohjoisosassa, Massachusettsissa, Pennsylvaniassa ja New Yorkissa. <a href=\"https:\/\/comparemyjet.com\/fi\/yksityiset-suihkukoneiden-tilauslennot-jerseyyn\/\" data-internallinksmanager029f6b8e52c=\"176\" title=\"Yksityiset suihkukoneiden tilauslennot Jerseyyn\">Jersey<\/a>. Uuden Englannin kohteet kuuluvat Hopscotch Airin suosituimpiin reitteihin.<\/p>\r\n\r\n\r\n\r\n<p>Lentokoneiden saatavuudesta ei ole takeita, ja hinnat ovat kiinteit\u00e4 reitin mukaan.<\/p>\r\n\r\n\r\n\r\n<h2 class=\"wp-block-heading\"><span class=\"ez-toc-section\" id=\"The_Fleet\"><\/span>Laivasto&nbsp;<span class=\"ez-toc-section-end\"><\/span><\/h2>\r\n\r\n\r\n\r\n<figure class=\"wp-block-image size-full is-style-default\"><img loading=\"lazy\" decoding=\"async\" width=\"1000\" height=\"606\" src=\"https:\/\/comparemyjet.com\/wp-content\/uploads\/2022\/07\/cirrus.fleet_.jpg\" alt=\"\" class=\"wp-image-3173\" srcset=\"https:\/\/comparemyjet.com\/wp-content\/uploads\/2022\/07\/cirrus.fleet_-18x12.jpg 18w, https:\/\/comparemyjet.com\/wp-content\/uploads\/2022\/07\/cirrus.fleet_-300x182.jpg 300w, https:\/\/comparemyjet.com\/wp-content\/uploads\/2022\/07\/cirrus.fleet_-768x465.jpg 768w, https:\/\/comparemyjet.com\/wp-content\/uploads\/2022\/07\/cirrus.fleet_.jpg 1000w\" sizes=\"auto, (max-width: 1000px) 100vw, 1000px\" \/><\/figure>\r\n\r\n\r\n\r\n<p>Hopscotch Air on Cirrus SR-20\/22 -lentokoneita k\u00e4ytt\u00e4v\u00e4 lentotaksiyritys. N\u00e4m\u00e4 koneet voivat lent\u00e4\u00e4 jopa 800 mailia pys\u00e4htym\u00e4tt\u00e4 tankkausta varten.&nbsp;<\/p>\r\n\r\n\r\n\r\n<p>Vaikka lennot yksimoottorisella m\u00e4nt\u00e4koneella kest\u00e4v\u00e4tkin kauemmin kuin suihkukoneella, ne voivat laskeutua pienemmille lentokentille, joilla on lyhyemm\u00e4t kiitoradat, ja ne sopivat t\u00e4ydellisesti kolmen hengen seurueelle. Cirrus-koneilla p\u00e4\u00e4see tuhansille julkisille lentoasemille Koillismaalla.<\/p>\r\n\r\n\r\n\r\n<h3 class=\"wp-block-heading\"><span class=\"ez-toc-section\" id=\"1_Very_Light_Jets\"><\/span>1. Eritt\u00e4in kevyet suihkut<span class=\"ez-toc-section-end\"><\/span><\/h3>\r\n\r\n\r\n\r\n<p>Eritt\u00e4in kevyt suihkukone on yksityisen suihkukoneen pienin ja taloudellisin muoto. Ne sopivat erinomaisesti lyhyisiin matkoihin pienill\u00e4 et\u00e4isyyksill\u00e4, ja niiden kantama on noin 2 000 mailia ja tuntinopeus yli 600 mailia tunnissa. N\u00e4m\u00e4 koneet ovat ihanteellisia alueellisille matkoille, ja niihin mahtuu yleens\u00e4 3-6 henkil\u00f6\u00e4.<\/p>\r\n\r\n\r\n\r\n<h4 class=\"wp-block-heading\"><span class=\"ez-toc-section\" id=\"Our_Recommendation_The_Cirrus_SR20\"><\/span>Suosituksemme: Cirrus SR20&nbsp;<span class=\"ez-toc-section-end\"><\/span><\/h4>\r\n\r\n\r\n\r\n<p>Cirrus Aircraft, Duluth, Minnesota, valmistaa Cirrus SR20:t\u00e4, nelipaikkaista komposiittimonoplaneettaa, jossa on m\u00e4nt\u00e4moottori.<\/p>\r\n\r\n\r\n\r\n<p>SR20 oli ensimm\u00e4inen yleisilmailun lentokone, joka oli varustettu laskuvarjolla, joka laskeutui turvallisesti h\u00e4t\u00e4tilanteissa. Se on my\u00f6s ensimm\u00e4inen kevytlentokone, joka on rakennettu kokonaan komposiittimateriaaleista.<\/p>\r\n\r\n\r\n\r\n<p>Cirrus SR20:n tekniset tiedot ja suorituskyky:<\/p>\r\n\r\n\r\n\r\n<ul class=\"wp-block-list\"><li>Matkustajia: 3;<\/li><li>Ulkokorkeus: 8 ft 11 in;<\/li><li>Ulkopuolinen pituus: 26 ft;<\/li><li>Ohjaamon leveys: 4 ft 1 in;<\/li><li>Ohjaamon korkeus: 4 ft 2 in;<\/li><li>Ohjaamon pituus: 10 ft 10 in;<\/li><li>Nousunopeus: 920 fpm;<\/li><li>Normaali matkalento: 155 kts;<\/li><li>Maksiminopeus: 155 kts;<\/li><li>Maksimi kantama: 785 nm;<\/li><li>Polttoainekapasiteetti: 336 lbs lb;<\/li><li>Maksimi hy\u00f6tykuorma: 720 lb;<\/li><li>Miehist\u00f6: 1.<\/li><\/ul>\r\n\r\n\r\n\r\n<h4 class=\"wp-block-heading\"><span class=\"ez-toc-section\" id=\"Our_Recommendation_The_Cirrus_SR22\"><\/span>Suosituksemme: Cirrus SR22<span class=\"ez-toc-section-end\"><\/span><\/h4>\r\n\r\n\r\n\r\n<p>Cirrus SR22 on suunniteltu huolellisesti tarjoamaan sinulle parhaan lentokokemuksen. Se tarjoaa hienostuneita teknisi\u00e4 innovaatioita, riemastuttavaa suorituskyky\u00e4 ja vertaansa vailla olevaa tunnelmaa. SR22:n tilava sis\u00e4tila, jossa matkustajille on runsaasti jalkatilaa, on yksi sen vahvimmista ominaisuuksista.<\/p>\r\n\r\n\r\n\r\n<p>Cirrus SR22:n tekniset tiedot ja suorituskyky:<\/p>\r\n\r\n\r\n\r\n<ul class=\"wp-block-list\"><li>Matkustajia: 4;<\/li><li>Ulkokorkeus: 8 ft 11 in;<\/li><li>Siipiv\u00e4li: 38 ft 4 in;<\/li><li>Ulkopuolinen pituus: 26 ft;<\/li><li>Matkustamon tilavuus: 137 cu ft;<\/li><li>Ohjaamon leveys: 4 ft 1 in;<\/li><li>Ohjaamon korkeus: 4 ft 2 in;<\/li><li>Ohjaamon pituus: 8 jalkaa;<\/li><li>Sis\u00e4inen matkatavara: 32 cu ft;<\/li><li>Polttoainekapasiteetti: 486 lbs lb;<\/li><li>Maksimi hy\u00f6tykuorma: 950 lb;<\/li><li>Maksiminopeus: 186 kts;<\/li><li>Lentoalue: 659 nm - 1100 nm;<\/li><li>Laskeutumiset\u00e4isyys: 4005 ft;<\/li><li>Nousunopeus: 1400 fpm;<\/li><li>Miehist\u00f6: 1.<\/li><\/ul>\r\n\r\n\r\n\r\n<h2 class=\"wp-block-heading\"><span class=\"ez-toc-section\" id=\"Company_Safety_Policy_and_Standards\"><\/span>Yrityksen turvallisuuspolitiikka ja -standardit&nbsp;<span class=\"ez-toc-section-end\"><\/span><\/h2>\r\n\r\n\r\n\r\n<figure class=\"wp-block-image size-full is-style-default\"><img loading=\"lazy\" decoding=\"async\" width=\"1000\" height=\"662\" src=\"https:\/\/comparemyjet.com\/wp-content\/uploads\/2022\/07\/pilot.greeting.young_.couple-1.jpg\" alt=\"Hopscotch Air\" class=\"wp-image-3176\" srcset=\"https:\/\/comparemyjet.com\/wp-content\/uploads\/2022\/07\/pilot.greeting.young_.couple-1-18x12.jpg 18w, https:\/\/comparemyjet.com\/wp-content\/uploads\/2022\/07\/pilot.greeting.young_.couple-1-300x199.jpg 300w, https:\/\/comparemyjet.com\/wp-content\/uploads\/2022\/07\/pilot.greeting.young_.couple-1-768x508.jpg 768w, https:\/\/comparemyjet.com\/wp-content\/uploads\/2022\/07\/pilot.greeting.young_.couple-1.jpg 1000w\" sizes=\"auto, (max-width: 1000px) 100vw, 1000px\" \/><\/figure>\r\n\r\n\r\n\r\n<p>SR 22\/20:n kehittynyt taistelukansi ja autopilotti mahdollistavat yhden ohjaajan lent\u00e4misen, mutta suihkukoneissa on my\u00f6s koko lentokoneen kattava h\u00e4t\u00e4varjo, joka on yhti\u00f6n mukaan keskeinen myyntivaltti kuluttajille.<\/p>\r\n\r\n\r\n\r\n<p>SR 20\/22 ovat my\u00f6s <a href=\"https:\/\/www.faa.gov\/about\/office_org\/headquarters_offices\/ato\/service_units\/techops\/navservices\/gnss\/waas\" target=\"_blank\" rel=\"noopener\">WAAS (Wide Area Augmentation System)<\/a>), joka kykenee ja on sertifioitu lent\u00e4m\u00e4\u00e4n vaikeissa j\u00e4\u00e4tymistilanteissa. Lis\u00e4ksi suihkukoneissa on WAAS-j\u00e4rjestelm\u00e4, joka on maanp\u00e4\u00e4llinen\/GPS-yhdistelm\u00e4j\u00e4rjestelm\u00e4, jonka avulla lentokoneet voivat laskeutua tarkasti lentoasemille, joilla on k\u00e4yt\u00f6ss\u00e4 <a href=\"https:\/\/skybrary.aero\/articles\/instrument-landing-system-ils\" target=\"_blank\" rel=\"noopener\">ILS<\/a> ei ole l\u00e4sn\u00e4 tai toiminnassa.<\/p>\r\n\r\n\r\n\r\n<p>Nassau Flyers, l\u00e4hell\u00e4 sijaitseva Cirrusin tehtaan valtuuttama korjaamo, tekee kaikki muutokset ja muut rakenteelliset ja moottorihuollot maassa.<\/p>\r\n\r\n\r\n\r\n<h2 class=\"wp-block-heading\"><span class=\"ez-toc-section\" id=\"Partnerships\"><\/span>Kumppanuudet<span class=\"ez-toc-section-end\"><\/span><\/h2>\r\n\r\n\r\n\r\n<p>Hopscotch ja Linear Air yhdistiv\u00e4t voimansa ainoan pys\u00e4htym\u00e4tt\u00f6m\u00e4n reittilennon tarjoamiseksi White Plainsin ja Bostonin metropolialueen v\u00e4lill\u00e4.<\/p>\r\n\r\n\r\n\r\n<p>Hopscotchin tavoin Linear Air k\u00e4ytt\u00e4\u00e4 my\u00f6s Eclipse VLJ -koneita (eritt\u00e4in kevyit\u00e4 suihkukoneita). Yhdess\u00e4 n\u00e4m\u00e4 kaksi yhti\u00f6t\u00e4 tarjoavat kuluttajille erilaisia nopeus- ja kantamavaihtoehtoja tilauslentotakseissa.<\/p>\r\n\r\n\r\n\r\n<h2 class=\"wp-block-heading\"><span class=\"ez-toc-section\" id=\"Conclusion\"><\/span>P\u00e4\u00e4telm\u00e4<span class=\"ez-toc-section-end\"><\/span><\/h2>\r\n\r\n\r\n\r\n<p>ClubScotch-br\u00e4ndin alla Hopscotch Air tarjoaa Cirrus SR22- ja SR20-m\u00e4nt\u00e4moottorilentokoneiden Cirrus SR22- ja SR20-j\u00e4senyysohjelmaa Koillis- ja Keski-Atlantin alueella kiinteill\u00e4 reittihinnoilla. Kuhunkin koneeseen mahtuu enint\u00e4\u00e4n nelj\u00e4 matkustajaa.<\/p>\r\n\r\n\r\n\r\n<p>Asiakkaiden m\u00e4\u00e4r\u00e4n lis\u00e4\u00e4ntymisen vuoksi yhti\u00f6 aikoo k\u00e4ynnist\u00e4\u00e4 uuden kahdeksanpaikkaisten potkuriturbiinikoneiden laivaston kapasiteetin lis\u00e4\u00e4miseksi, ja se on jo tehnyt sopimuksen Transcend Air Corporationin kanssa palkitun Vy 400 -pystysuoraan nousevan ja laskeutuvan lentokoneen hankkimisesta. N\u00e4it\u00e4 koneita k\u00e4ytet\u00e4\u00e4n laajentamaan lentoasemien ulkopuolisia reittej\u00e4.&nbsp;<\/p>\r\n\r\n\r\n\r\n<p>Toisin kuin tyypilliset charter-yhti\u00f6t, Hopscotch ei veloita tuntiperusteisesti eik\u00e4 lis\u00e4\u00e4 polttoainemaksuja. Varaushetkell\u00e4 he tarjoavat yhden, kiinte\u00e4n hinnaston.&nbsp;<\/p>","protected":false},"excerpt":{"rendered":"<p>Hopscotch Air on huippuluokan lentotaksiyritys, joka kuljettaa matkustajia ymp\u00e4ri Koillis-Atlantin, Keski-Atlantin ja Kanadan pieni\u00e4 mutta teknisesti kehittyneit\u00e4 Cirrus-lentokoneita. Yhti\u00f6 sai lentolupakirjan vuonna 2009, ja nyt se lent\u00e4\u00e4 vuosittain noin 1400 matkaa murto-osalla tavallisten tilauslentojen kustannuksista, mik\u00e4 johtuu p\u00e4\u00e4asiassa halvemmista taloudellisista ...<\/p>","protected":false},"author":2,"featured_media":3175,"parent":0,"menu_order":0,"comment_status":"closed","ping_status":"closed","template":"","meta":{"_acf_changed":false,"_genesis_hide_title":false,"_genesis_hide_breadcrumbs":false,"_genesis_hide_singular_image":false,"_genesis_hide_footer_widgets":false,"_genesis_custom_body_class":"","_genesis_custom_post_class":"","_genesis_layout":"","footnotes":""},"class_list":{"1":"page","2":"type-page","6":"entry"},"acf":[],"_links":{"self":[{"href":"https:\/\/comparemyjet.com\/fi\/wp-json\/wp\/v2\/pages\/3172","targetHints":{"allow":["GET"]}}],"collection":[{"href":"https:\/\/comparemyjet.com\/fi\/wp-json\/wp\/v2\/pages"}],"about":[{"href":"https:\/\/comparemyjet.com\/fi\/wp-json\/wp\/v2\/types\/page"}],"author":[{"embeddable":true,"href":"https:\/\/comparemyjet.com\/fi\/wp-json\/wp\/v2\/users\/2"}],"replies":[{"embeddable":true,"href":"https:\/\/comparemyjet.com\/fi\/wp-json\/wp\/v2\/comments?post=3172"}],"version-history":[{"count":2,"href":"https:\/\/comparemyjet.com\/fi\/wp-json\/wp\/v2\/pages\/3172\/revisions"}],"predecessor-version":[{"id":3451,"href":"https:\/\/comparemyjet.com\/fi\/wp-json\/wp\/v2\/pages\/3172\/revisions\/3451"}],"wp:featuredmedia":[{"embeddable":true,"href":"https:\/\/comparemyjet.com\/fi\/wp-json\/wp\/v2\/media\/3175"}],"wp:attachment":[{"href":"https:\/\/comparemyjet.com\/fi\/wp-json\/wp\/v2\/media?parent=3172"}],"curies":[{"name":"wp","href":"https:\/\/api.w.org\/{rel}","templated":true}]}}