{"id":3182,"date":"2022-08-04T21:07:59","date_gmt":"2022-08-04T21:07:59","guid":{"rendered":"https:\/\/comparemyjet.com\/?page_id=3182"},"modified":"2025-09-04T09:58:20","modified_gmt":"2025-09-04T09:58:20","slug":"fxair","status":"publish","type":"page","link":"https:\/\/comparemyjet.com\/fi\/fxair\/","title":{"rendered":"FXAIR-lentojen hinnoittelu"},"content":{"rendered":"<p>FXAIR on suhteellisen uusi yksityinen tilauslentoyhti\u00f6, joka aloitti toimintansa vuonna 2020. Yritys on kasvanut sen j\u00e4lkeen r\u00e4j\u00e4hdysm\u00e4isesti, mik\u00e4 johtuu osittain yksityisen lentomatkustamisen suosion kasvusta COVID-19-pandemian my\u00f6t\u00e4.<\/p>\r\n\r\n\r\n\r\n<p>FXAIR on osa Ken Riccin perustamaa Directional Aviation -yritysperhett\u00e4, johon kuuluvat seuraavat yritykset <a href=\"https:\/\/comparemyjet.com\/fi\/flexjet\/\" data-internallinksmanager029f6b8e52c=\"187\" title=\"Flexjet Fractional Jet Ownership\">Flexjet<\/a>, <a href=\"https:\/\/comparemyjet.com\/fi\/sentient-jet\/\" data-internallinksmanager029f6b8e52c=\"106\" title=\"Sentient Jet -lentojen hinnoittelu\">Sentient Jet<\/a>, <a href=\"https:\/\/comparemyjet.com\/fi\/privatefly\/\" data-internallinksmanager029f6b8e52c=\"115\" title=\"PrivateFlyn lentojen hinnoittelu\">PrivateFly<\/a>, Tivoli ja FXAIR sek\u00e4 Nextant Aerospace (suihkukoneiden valmistaja) ja Sojourn Aviation (suihkukoneiden myyntiyritys). Se tarjoaa charter-j\u00e4senyysohjelman ja yksityisen suihkukoneen tilausleasingin. Tutustutaanpa n\u00e4ihin palveluihin tarkemmin, mutta ensin muutama sana itse yrityksest\u00e4.<\/p>\r\n\r\n\r\n\r\n<div id=\"ez-toc-container\" class=\"ez-toc-v2_0_76 counter-hierarchy ez-toc-counter ez-toc-grey ez-toc-container-direction\">\n<p class=\"ez-toc-title\" style=\"cursor:inherit\">Aiheet<\/p>\n<label for=\"ez-toc-cssicon-toggle-item-69de7e27b7a9c\" class=\"ez-toc-cssicon-toggle-label\"><span class=\"\"><span class=\"eztoc-hide\" style=\"display:none;\">Toggle<\/span><span class=\"ez-toc-icon-toggle-span\"><svg style=\"fill: #999;color:#999\" xmlns=\"http:\/\/www.w3.org\/2000\/svg\" class=\"list-377408\" width=\"20px\" height=\"20px\" viewbox=\"0 0 24 24\" fill=\"none\"><path d=\"M6 6H4v2h2V6zm14 0H8v2h12V6zM4 11h2v2H4v-2zm16 0H8v2h12v-2zM4 16h2v2H4v-2zm16 0H8v2h12v-2z\" fill=\"currentColor\"><\/path><\/svg><svg style=\"fill: #999;color:#999\" class=\"arrow-unsorted-368013\" xmlns=\"http:\/\/www.w3.org\/2000\/svg\" width=\"10px\" height=\"10px\" viewbox=\"0 0 24 24\" version=\"1.2\" baseprofile=\"tiny\"><path d=\"M18.2 9.3l-6.2-6.3-6.2 6.3c-.2.2-.3.4-.3.7s.1.5.3.7c.2.2.4.3.7.3h11c.3 0 .5-.1.7-.3.2-.2.3-.5.3-.7s-.1-.5-.3-.7zM5.8 14.7l6.2 6.3 6.2-6.3c.2-.2.3-.5.3-.7s-.1-.5-.3-.7c-.2-.2-.4-.3-.7-.3h-11c-.3 0-.5.1-.7.3-.2.2-.3.5-.3.7s.1.5.3.7z\"\/><\/svg><\/span><\/span><\/label><input type=\"checkbox\"  id=\"ez-toc-cssicon-toggle-item-69de7e27b7a9c\" checked aria-label=\"Toggle\" \/><nav><ul class='ez-toc-list ez-toc-list-level-1' ><li class='ez-toc-page-1 ez-toc-heading-level-2'><a class=\"ez-toc-link ez-toc-heading-1\" href=\"https:\/\/comparemyjet.com\/fi\/fxair\/#About_the_Company\" >Tietoa yrityksest\u00e4<\/a><\/li><li class='ez-toc-page-1 ez-toc-heading-level-2'><a class=\"ez-toc-link ez-toc-heading-2\" href=\"https:\/\/comparemyjet.com\/fi\/fxair\/#Company_Membership_Program\" >Yrityksen j\u00e4senyysohjelma<\/a><\/li><li class='ez-toc-page-1 ez-toc-heading-level-2'><a class=\"ez-toc-link ez-toc-heading-3\" href=\"https:\/\/comparemyjet.com\/fi\/fxair\/#On-Demand_Charter_Flight\" >Tilauslento Tilauslento<\/a><\/li><li class='ez-toc-page-1 ez-toc-heading-level-2'><a class=\"ez-toc-link ez-toc-heading-4\" href=\"https:\/\/comparemyjet.com\/fi\/fxair\/#The_Fleet\" >Laivasto&nbsp;<\/a><ul class='ez-toc-list-level-3' ><li class='ez-toc-heading-level-3'><a class=\"ez-toc-link ez-toc-heading-5\" href=\"https:\/\/comparemyjet.com\/fi\/fxair\/#1_Light_Private_Jets\" >1. Kevyet yksityiset suihkukoneet<\/a><ul class='ez-toc-list-level-4' ><li class='ez-toc-heading-level-4'><a class=\"ez-toc-link ez-toc-heading-6\" href=\"https:\/\/comparemyjet.com\/fi\/fxair\/#Our_Recommendation_The_Nextant_400XT\" >Suosituksemme: Nextant 400XT<\/a><\/li><\/ul><\/li><li class='ez-toc-page-1 ez-toc-heading-level-3'><a class=\"ez-toc-link ez-toc-heading-7\" href=\"https:\/\/comparemyjet.com\/fi\/fxair\/#2_Midsize_Private_Jets\" >2. Keskikokoiset yksityiset suihkukoneet<\/a><ul class='ez-toc-list-level-4' ><li class='ez-toc-heading-level-4'><a class=\"ez-toc-link ez-toc-heading-8\" href=\"https:\/\/comparemyjet.com\/fi\/fxair\/#Our_Recommendation_The_Citation_Excel\" >Suosituksemme: Citation Excel<\/a><\/li><\/ul><\/li><li class='ez-toc-page-1 ez-toc-heading-level-3'><a class=\"ez-toc-link ez-toc-heading-9\" href=\"https:\/\/comparemyjet.com\/fi\/fxair\/#3_Super-Midsize_Private_Jets\" >3. Superkeskikokoiset yksityiset suihkukoneet&nbsp;<\/a><ul class='ez-toc-list-level-4' ><li class='ez-toc-heading-level-4'><a class=\"ez-toc-link ez-toc-heading-10\" href=\"https:\/\/comparemyjet.com\/fi\/fxair\/#Our_Recommendation_The_Falcon_50\" >Suosituksemme: Falcon 50&nbsp;<\/a><\/li><\/ul><\/li><li class='ez-toc-page-1 ez-toc-heading-level-3'><a class=\"ez-toc-link ez-toc-heading-11\" href=\"https:\/\/comparemyjet.com\/fi\/fxair\/#4_Large_Private_Jets\" >4. Suuret yksityiset suihkukoneet<\/a><ul class='ez-toc-list-level-4' ><li class='ez-toc-heading-level-4'><a class=\"ez-toc-link ez-toc-heading-12\" href=\"https:\/\/comparemyjet.com\/fi\/fxair\/#Our_Recommendation_The_Gulfstream_GIV\" >Suosituksemme: Gulfstream GIV<\/a><\/li><\/ul><\/li><li class='ez-toc-page-1 ez-toc-heading-level-3'><a class=\"ez-toc-link ez-toc-heading-13\" href=\"https:\/\/comparemyjet.com\/fi\/fxair\/#5_Ultra-Long-Range_Private_Jets\" >5. Eritt\u00e4in pitk\u00e4n kantaman yksityiset suihkukoneet<\/a><ul class='ez-toc-list-level-4' ><li class='ez-toc-heading-level-4'><a class=\"ez-toc-link ez-toc-heading-14\" href=\"https:\/\/comparemyjet.com\/fi\/fxair\/#Our_Recommendation_Gulfstream_GV\" >Suosituksemme: Gulfstream GV<\/a><\/li><\/ul><\/li><\/ul><\/li><li class='ez-toc-page-1 ez-toc-heading-level-2'><a class=\"ez-toc-link ez-toc-heading-15\" href=\"https:\/\/comparemyjet.com\/fi\/fxair\/#Company_Safety_Policy_and_Standards\" >Yrityksen turvallisuuspolitiikka ja -standardit<\/a><\/li><li class='ez-toc-page-1 ez-toc-heading-level-2'><a class=\"ez-toc-link ez-toc-heading-16\" href=\"https:\/\/comparemyjet.com\/fi\/fxair\/#Conclusion\" >P\u00e4\u00e4telm\u00e4<\/a><\/li><\/ul><\/nav><\/div>\n<h2 class=\"wp-block-heading\"><span class=\"ez-toc-section\" id=\"About_the_Company\"><\/span>Tietoa yrityksest\u00e4<span class=\"ez-toc-section-end\"><\/span><\/h2>\r\n\r\n\r\n\r\n<p>FXAIR on vastaperustettu yritys, jonka omistaa Directional Aviation ja jonka toimitusjohtajana toimii Andrew Collins ja toimitusjohtajana Gregg Slow. Yhti\u00f6n p\u00e4\u00e4konttori sijaitsee osoitteessa <a href=\"https:\/\/comparemyjet.com\/fi\/yksityiset-matkat\/new-yorkin-yksityiset-matkat\/\" data-internallinksmanager029f6b8e52c=\"427\" title=\"11 parasta New Yorkin yksityist\u00e4 kiertoajelua alkaen $48.00\">New York City<\/a>.&nbsp;<\/p>\r\n\r\n\r\n\r\n<p>FXAIRilla ei ole omaa laivastoa, vaan se k\u00e4ytt\u00e4\u00e4 Flexjetin laivastoa ja muita kolmannen osapuolen operaattoreita. Aviator-ohjelmansa kautta FXAIR antaa asiakkailleen etusijalla p\u00e4\u00e4syn haluamiinsa lentokoneisiin - my\u00f6s sellaisina p\u00e4ivin\u00e4, jolloin kysynt\u00e4 on suurta. FXAIRin j\u00e4rjestelm\u00e4\u00e4n kuuluvat lentokoneet ovat sellaisten yhti\u00f6iden tarjoamia, jotka noudattavat korkeimpia turvallisuusvaatimuksia, jotka usein ylitt\u00e4v\u00e4t seuraavat vaatimukset <a href=\"https:\/\/www.faa.gov\/\" target=\"_blank\" rel=\"noopener\">FAA<\/a> suuntaviivat.<\/p>\r\n\r\n\r\n\r\n<h2 class=\"wp-block-heading\"><span class=\"ez-toc-section\" id=\"Company_Membership_Program\"><\/span>Yrityksen j\u00e4senyysohjelma<span class=\"ez-toc-section-end\"><\/span><\/h2>\r\n\r\n\r\n\r\n<p>FXAIRin perustason j\u00e4senohjelma, Aviator Account, antaa sinulle etuoikeutetun p\u00e4\u00e4syn toisen sukupolven Flexjet-koneisiin. Voit my\u00f6s hy\u00f6dynt\u00e4\u00e4 joitakin erikoiskannustimia ja tarjouksia, jotka on kehitetty yksinomaan vakituisille lent\u00e4jille, kuten etuoikeutettu varaus kiireisin\u00e4 matkap\u00e4ivin\u00e4.&nbsp;<\/p>\r\n\r\n\r\n\r\n<p>T\u00e4m\u00e4n j\u00e4senyysohjelman aktivoiminen edellytt\u00e4\u00e4 v\u00e4hint\u00e4\u00e4n $100,000 sijoitusta. J\u00e4senen\u00e4 saat ilmaiset ateriapalvelut ja ilmaisen paikallisen Wi-Fi:n sek\u00e4 maksuttoman j\u00e4\u00e4npoiston ja ilmaiset p\u00e4ivitykset, kun niit\u00e4 on saatavilla. Jos varaat lennon v\u00e4hint\u00e4\u00e4n viikkoa etuk\u00e4teen, voit lent\u00e4\u00e4 Yhdysvaltojen halki superkeskitason matkustamokoneella $32,000:n kiinte\u00e4ll\u00e4 hinnalla. Tilisi saldolla ei ole vanhentumisp\u00e4iv\u00e4\u00e4, ja voit saada hyvityst\u00e4 j\u00e4senmaksuista.<\/p>\r\n\r\n\r\n\r\n<h2 class=\"wp-block-heading\"><span class=\"ez-toc-section\" id=\"On-Demand_Charter_Flight\"><\/span>Tilauslento Tilauslento<span class=\"ez-toc-section-end\"><\/span><\/h2>\r\n\r\n\r\n\r\n<p>Heid\u00e4n tilauslentopalvelunsa tarjoavat laajan valikoiman yksityisi\u00e4 suihkukoneita, mukaan lukien kevyet, keskikokoiset, superkeskikokoiset, raskaat ja ultrapitk\u00e4n kantaman suihkukoneet. FXAIR tarjoaa sinulle p\u00e4\u00e4syn toisen sukupolven (el\u00e4kkeelle j\u00e4\u00e4neisiin) Flexjetin lentokoneisiin, jotka ovat vuokrattavissa vain FXAIRin kautta, mutta joita Flexjet huoltaa ja operoi.&nbsp;<\/p>\r\n\r\n\r\n\r\n<p>FXAIR tarjoaa my\u00f6s p\u00e4\u00e4syn yli 1200 lentokoneeseen arvostetuilta ja luotettavilta lentoyhti\u00f6ilt\u00e4.&nbsp;<\/p>\r\n\r\n\r\n\r\n<h2 class=\"wp-block-heading\"><span class=\"ez-toc-section\" id=\"The_Fleet\"><\/span>Laivasto&nbsp;<span class=\"ez-toc-section-end\"><\/span><\/h2>\r\n\r\n\r\n\r\n<figure class=\"wp-block-image size-full is-style-default\"><img loading=\"lazy\" decoding=\"async\" width=\"1000\" height=\"664\" src=\"https:\/\/comparemyjet.com\/wp-content\/uploads\/2022\/08\/airplane.in_.clouds.jpg\" alt=\"\" class=\"wp-image-3185\" srcset=\"https:\/\/comparemyjet.com\/wp-content\/uploads\/2022\/08\/airplane.in_.clouds-18x12.jpg 18w, https:\/\/comparemyjet.com\/wp-content\/uploads\/2022\/08\/airplane.in_.clouds-300x199.jpg 300w, https:\/\/comparemyjet.com\/wp-content\/uploads\/2022\/08\/airplane.in_.clouds-768x510.jpg 768w, https:\/\/comparemyjet.com\/wp-content\/uploads\/2022\/08\/airplane.in_.clouds.jpg 1000w\" sizes=\"auto, (max-width: 1000px) 100vw, 1000px\" \/><\/figure>\r\n\r\n\r\n\r\n<p>Heid\u00e4n laivastonsa koostuu el\u00e4kkeelle j\u00e4\u00e4neist\u00e4 Flexjet-suihkukoneista, ja siihen kuuluu Nextant 400XTi, jonka on kunnostanut Nextant Aerospace, toinen Directional-yritys, kaksitoista. <a href=\"https:\/\/comparemyjet.com\/fi\/bombardier\/\" data-internallinksmanager029f6b8e52c=\"159\" title=\"Ultimate Guide To Bombardier Private Jets &amp; Lentokoneet\">Bombardier<\/a> Challenger 300 -lentokoneita ja viisi Global Express -lentokonetta.&nbsp;<\/p>\r\n\r\n\r\n\r\n<h3 class=\"wp-block-heading\"><span class=\"ez-toc-section\" id=\"1_Light_Private_Jets\"><\/span>1. Kevyet yksityiset suihkukoneet<span class=\"ez-toc-section-end\"><\/span><\/h3>\r\n\r\n\r\n\r\n<p>T\u00e4m\u00e4 lentokonetyyppi on ihanteellinen lyhyille kotimaanmatkoille, joilla on enint\u00e4\u00e4n seitsem\u00e4n matkustajaa. Kevyet suihkukoneet ovat nopeita ja tehokkaita, kun matkustat paikallisille lentoasemille. Kaiken lis\u00e4ksi ne voivat laskeutua helposti vaikeap\u00e4\u00e4syisiin paikkoihin, kuten vuorenhuipuille tai pienille kiitoradoille.<\/p>\r\n\r\n\r\n\r\n<h4 class=\"wp-block-heading\"><span class=\"ez-toc-section\" id=\"Our_Recommendation_The_Nextant_400XT\"><\/span>Suosituksemme: Nextant 400XT<span class=\"ez-toc-section-end\"><\/span><\/h4>\r\n\r\n\r\n\r\n<p>Nextant 400XT on yksi nopeimmista suihkukoneista, nopeampi kuin mik\u00e4\u00e4n muu suihkukone luokassaan. Ohjaamon ergonominen muotoilu maksimoi tilan ja suorituskyvyn matkustajien mukavuuden lis\u00e4\u00e4miseksi, ja itse suihkukone on hyvin varustettu ja helppok\u00e4ytt\u00f6inen.<\/p>\r\n\r\n\r\n\r\n<p>Tekniset tiedot:<\/p>\r\n\r\n\r\n\r\n<ul class=\"wp-block-list\"><li>Matkustajia: 6-7;<\/li><li>Ohjaamon korkeus: 4 ft 9 in;<\/li><li>Ohjaamon pituus: 15 ft 6 in;<\/li><li>Ohjaamon leveys: 4 ft 11 in;<\/li><li>Suurin kantama: 2005 nm;<\/li><li>Maksiminopeus: 471 km\/h;<\/li><li>Sis\u00e4inen matkatavara: 31 cu ft;<\/li><li>Ulkoinen matkatavara: 25 kuutiometri\u00e4.<\/li><\/ul>\r\n\r\n\r\n\r\n<p>FXAIR tarjoaa my\u00f6s <em>Citation CJ3, Citation V, Hawker 400XP, <a href=\"https:\/\/comparemyjet.com\/fi\/learjet\/\" data-internallinksmanager029f6b8e52c=\"149\" title=\"Lopullinen opas Learjet yksityiset suihkukoneet &amp; Aircraft\">Learjet<\/a> 45 ja Phenom 300 <\/em>kevyiden suihkukoneiden luokkaan.<\/p>\r\n\r\n\r\n\r\n<h3 class=\"wp-block-heading\"><span class=\"ez-toc-section\" id=\"2_Midsize_Private_Jets\"><\/span>2. Keskikokoiset yksityiset suihkukoneet<span class=\"ez-toc-section-end\"><\/span><\/h3>\r\n\r\n\r\n\r\n<p>Keskikokoiset lentokoneet ovat ihanteellisia pidempiin henkil\u00f6kohtaisiin tai liikematkoihin, koska ne tarjoavat enemm\u00e4n kantamaa ja mukavuutta. N\u00e4m\u00e4 suihkukoneet ovat ihanteellisia matkoille, jotka vaativat enemm\u00e4n kest\u00e4vyytt\u00e4, sill\u00e4 niiss\u00e4 on esimerkiksi runsaasti matkatavaratilaa ja matkustamon korkeus on suurempi.&nbsp;<\/p>\r\n\r\n\r\n\r\n<h4 class=\"wp-block-heading\"><span class=\"ez-toc-section\" id=\"Our_Recommendation_The_Citation_Excel\"><\/span>Suosituksemme: Citation Excel<span class=\"ez-toc-section-end\"><\/span><\/h4>\r\n\r\n\r\n\r\n<p>Citation Excel toimii standardimallina kaikille muille keskikokoisille lentokoneille. Siin\u00e4 on suuri matkustamo ja runsaasti matkatavaratilaa. Mukavuutensa, tehokkuutensa ja kest\u00e4vyytens\u00e4 ansiosta se on suosituin suihkukone keskipitk\u00e4n matkan matkustamiseen. Se on loistava valinta liikematkustajille, koska se toimii kuin taivaalla sijaitseva konferenssitila.<\/p>\r\n\r\n\r\n\r\n<p>Tekniset tiedot:<\/p>\r\n\r\n\r\n\r\n<ul class=\"wp-block-list\"><li>Matkustajia: 8;<\/li><li>Matkatavaroiden tilavuus: 90 kuutiometri\u00e4;<\/li><li>Ohjaamon leveys: 5 ft 5 in;<\/li><li>Ohjaamon korkeus: 5 ft 7 in;<\/li><li>Ohjaamon pituus: 18 ft 6 in;<\/li><li>Lentoalue: jopa 4,5 tuntia;<\/li><li>Risteilynopeus: 487 mph.<\/li><\/ul>\r\n\r\n\r\n\r\n<p>FXAIRin laivastossa on my\u00f6s seuraavat laitteet <em>Hawker 800\/850\/900XP ja Learjet 55\/60. <\/em>osana keskikokoisten suihkukoneiden luokkaa.<\/p>\r\n\r\n\r\n\r\n<h3 class=\"wp-block-heading\"><span class=\"ez-toc-section\" id=\"3_Super-Midsize_Private_Jets\"><\/span>3. Superkeskikokoiset yksityiset suihkukoneet&nbsp;<span class=\"ez-toc-section-end\"><\/span><\/h3>\r\n\r\n\r\n\r\n<p>Super-keskikokoisissa suihkuissa yhdistyv\u00e4t mukavuus ja estetiikka. Jos lenn\u00e4t isomman ryhm\u00e4n kanssa tai matkustat maata pitkin, se on t\u00e4ydellinen koneluokka.<\/p>\r\n\r\n\r\n\r\n<h4 class=\"wp-block-heading\"><span class=\"ez-toc-section\" id=\"Our_Recommendation_The_Falcon_50\"><\/span>Suosituksemme: Falcon 50&nbsp;<span class=\"ez-toc-section-end\"><\/span><\/h4>\r\n\r\n\r\n\r\n<p>Tilavalla matkustamolla, hienostuneella nahkaverhoilulla ja t\u00e4ydellisell\u00e4 mikrokeitti\u00f6ll\u00e4 Falcon 50:ss\u00e4 on paljon suuremman suihkukoneen ulottuvuus ja tyylikkyys, ja se tarjoaa matkustusmukavuutta ja ylellisyytt\u00e4. Falcon50EX on suuri lentokone, joka sopii keskitason matkoille, kun tarvitset enemm\u00e4n matkatavaroita.<\/p>\r\n\r\n\r\n\r\n<p>Tekniset tiedot:<\/p>\r\n\r\n\r\n\r\n<ul class=\"wp-block-list\"><li>Matkustajia: 9;<\/li><li>Matkatavaroiden tilavuus: 115 kuutiometri\u00e4;<\/li><li>Ohjaamon pituus: 23 ft 5 in;<\/li><li>Ohjaamon leveys: 6 ft 1 in;<\/li><li>Ohjaamon korkeus: 5 ft 9 in;<\/li><li>Suurin matkanopeus: 478 mph;<\/li><li>Lentoalue: 5+ tuntia.<\/li><\/ul>\r\n\r\n\r\n\r\n<p>FXAIRin superkeskikokoisten suihkukoneiden laivastosta l\u00f6ytyy my\u00f6s seuraavat tuotteet <em>Challenger 300\/350, Citation Sovereign, Citation X, ja <a href=\"https:\/\/comparemyjet.com\/fi\/gulfstream\/\" data-internallinksmanager029f6b8e52c=\"175\" title=\"Lopullinen opas Gulfstream yksityiset suihkukoneet &amp; Aircraft\">Gulfstream<\/a> G200<\/em>.<\/p>\r\n\r\n\r\n\r\n<h3 class=\"wp-block-heading\"><span class=\"ez-toc-section\" id=\"4_Large_Private_Jets\"><\/span>4. Suuret yksityiset suihkukoneet<span class=\"ez-toc-section-end\"><\/span><\/h3>\r\n\r\n\r\n\r\n<p>Suuret suihkukoneet tarjoavat hienoimman yksityisen suihkukoneen lentokokemuksen mannertenv\u00e4lisille lennoille. Niill\u00e4 voidaan kuljettaa suurempia seurueita, sill\u00e4 niiss\u00e4 on tarpeeksi tilaa ja mukavuutta jopa 15 hengelle.<\/p>\r\n\r\n\r\n\r\n<h4 class=\"wp-block-heading\"><span class=\"ez-toc-section\" id=\"Our_Recommendation_The_Gulfstream_GIV\"><\/span>Suosituksemme: Gulfstream GIV<span class=\"ez-toc-section-end\"><\/span><\/h4>\r\n\r\n\r\n\r\n<p>Gulfstream-suihkukoneiden hienostuneisuus, ylellisyys ja turvallisuus ovat tunnettuja, joten ei ole yll\u00e4tt\u00e4v\u00e4\u00e4, ett\u00e4 GIV on saavuttanut maineensa parhaana kotimaisena ja kansainv\u00e4lisen\u00e4 liikesuihkukoneena. Mukana on yksil\u00f6llisesti lepotuoleja, nelj\u00e4n hengen kokousp\u00f6yt\u00e4 ja mukava sohva. Matkustamossa on mukavat vuoteet jopa kuudelle henkil\u00f6lle.&nbsp;<\/p>\r\n\r\n\r\n\r\n<p>Tekniset tiedot:<\/p>\r\n\r\n\r\n\r\n<ul class=\"wp-block-list\"><li>Matkustajia: 14 paikkaa\/6 vuodepaikkaa;<\/li><li>Lentoalue: 3 880 nm;<\/li><li>Tavaratila: 169 kuutiometri\u00e4;<\/li><li>Ohjaamon leveys: 7 ft 3 in;<\/li><li>Ohjaamon pituus: 45 ft 1 in;<\/li><li>Ohjaamon korkeus: 6 ft 2 in;<\/li><li>Matkanopeus: 548 mph.<\/li><\/ul>\r\n\r\n\r\n\r\n<p>FXAIRin suurten lentokoneiden laivastossa on my\u00f6s seuraavat lentokoneet <em>Challenger 601\/604, Falcon 900EX, Falcon 2000EX ja Gulfstream G450.<\/em>.<\/p>\r\n\r\n\r\n\r\n<h3 class=\"wp-block-heading\"><span class=\"ez-toc-section\" id=\"5_Ultra-Long-Range_Private_Jets\"><\/span>5. Eritt\u00e4in pitk\u00e4n kantaman yksityiset suihkukoneet<span class=\"ez-toc-section-end\"><\/span><\/h3>\r\n\r\n\r\n\r\n<p>Eritt\u00e4in pitk\u00e4n matkan lentokone on paras vaihtoehto, kun haluat matkustaa pitki\u00e4 matkoja ylellisyyden helmassa. Mik\u00e4\u00e4n ei voita \u00e4\u00e4rimm\u00e4isen pitk\u00e4n kantaman lentokonetta maailmanlaajuisilla lennoilla. T\u00e4m\u00e4 on oikea tapa lent\u00e4\u00e4, jos suunnittelet ulkomaanmatkaa, joka vaatii ulottuvuutta, tehoa ja mukavuutta, varsinkin jos kyseess\u00e4 on isompi seurue, sill\u00e4 niihin mahtuu helposti 13 tai useampi matkustaja. N\u00e4iss\u00e4 lentokoneissa on mukavuuksia, kuten t\u00e4ysi keitti\u00f6, televisiot, king-size-vuoteet, k\u00e4ym\u00e4l\u00e4t ja erilliset tilat nukkumiselle, ruokailulle, ty\u00f6skentelylle ja viihdytt\u00e4miselle.<\/p>\r\n\r\n\r\n\r\n<h4 class=\"wp-block-heading\"><span class=\"ez-toc-section\" id=\"Our_Recommendation_Gulfstream_GV\"><\/span>Suosituksemme: Gulfstream GV<span class=\"ez-toc-section-end\"><\/span><\/h4>\r\n\r\n\r\n\r\n<p>Gulfstream GV oli yhti\u00f6n ensimm\u00e4inen eritt\u00e4in pitk\u00e4n kantaman liikesuihkukone, jonka Gulfstream Aerospace valmisti vuonna 1995 ja joka julkaistiin vuonna 1998. Tuotanto p\u00e4\u00e4ttyi vuonna 2002. GV:n huomattavin ominaisuus on sen laaja lentomatka ja parannettu suorituskyky.&nbsp;<\/p>\r\n\r\n\r\n\r\n<p>Tekniset tiedot:<\/p>\r\n\r\n\r\n\r\n<ul class=\"wp-block-list\"><li>Matkustajia: 12-16;<\/li><li>Ohjaamon pituus: 50 ft 1 in;<\/li><li>Ohjaamon leveys: 7 ft 3 in;<\/li><li>Ohjaamon korkeus: 6 ft 1 in;<\/li><li>Matkustamon tilavuus: 1669 kuutiometri\u00e4;<\/li><li>Maksiminopeus: 585 mph;<\/li><li>Lentoalue: 7389 mailia;<\/li><li>Matkatavaroiden tilavuus: 226 kuutiometri\u00e4;<\/li><li>Miehist\u00f6: enint\u00e4\u00e4n 5.<\/li><\/ul>\r\n\r\n\r\n\r\n<p>FXAIRin ultrapitk\u00e4n kantaman suihkukoneiden laivastossa on my\u00f6s seuraavia laitteita<em> Global Express, Falcon 7X, Global 6000 ja Gulfstream G550\/G650.<\/em>.<\/p>\r\n\r\n\r\n\r\n<h2 class=\"wp-block-heading\"><span class=\"ez-toc-section\" id=\"Company_Safety_Policy_and_Standards\"><\/span>Yrityksen turvallisuuspolitiikka ja -standardit<span class=\"ez-toc-section-end\"><\/span><\/h2>\r\n\r\n\r\n\r\n<p>Kaikki FXAIRin liikenn\u00f6itsij\u00e4t - mukaan lukien jokainen lent\u00e4j\u00e4 ja suihkukone - tarkastetaan perusteellisesti, jotta varmistetaan turvallisuutesi ja t\u00e4ydellinen tyytyv\u00e4isyytesi. Heid\u00e4n on t\u00e4ytett\u00e4v\u00e4 yhti\u00f6n vaatimukset, jotta heid\u00e4t voidaan hyv\u00e4ksy\u00e4 FXAIRin palvelukseen.<\/p>\r\n\r\n\r\n\r\n<p>Mit\u00e4 FXAIR-hyv\u00e4ksynt\u00e4 tarkoittaa? Ennen lentoa erikoistunut turvallisuusryhm\u00e4 tarkastaa ja hyv\u00e4ksyy lentotoiminnan harjoittajan, miehist\u00f6n ja lentokoneen perusteellisesti. <a href=\"https:\/\/www.faa.gov\/\" target=\"_blank\" rel=\"noopener\">FAA<\/a> ja <a href=\"https:\/\/www.ntsb.gov\/Pages\/home.aspx\" target=\"_blank\" rel=\"noopener\">NTSB<\/a> ennen jokaista lentoa tarkastetaan raportit, lent\u00e4jien asiakirjat ja todistukset, lentokokemus, l\u00e4\u00e4ketieteellinen kelpoisuustodistus, ilma-aluksen lupatilanne ja ilma-aluksen vakuutus.<\/p>\r\n\r\n\r\n\r\n<p>Jokainen lento tarkistetaan v\u00e4hint\u00e4\u00e4n 24 tuntia ennen lentoonl\u00e4ht\u00f6\u00e4 mahdollisten huolto- tai turvallisuusongelmien varalta. Komentokeskus vastaa koko toiminnan valvonnasta. Jos jokin kriteeri ei t\u00e4yty, lento peruutetaan ja sinulle annetaan toinen, kaikki kriteerit t\u00e4ytt\u00e4v\u00e4 operaattori.<\/p>\r\n\r\n\r\n\r\n<p>Matkustajien turvallisuuden takaamiseksi kaikkien FXAIR-verkkoon kuuluvien ilma-alusten k\u00e4ytt\u00e4jien on lis\u00e4ksi noudatettava tiukkoja COVID-19-ohjeita.<\/p>\r\n\r\n\r\n\r\n<h2 class=\"wp-block-heading\"><span class=\"ez-toc-section\" id=\"Conclusion\"><\/span>P\u00e4\u00e4telm\u00e4<span class=\"ez-toc-section-end\"><\/span><\/h2>\r\n\r\n\r\n\r\n<figure class=\"wp-block-image size-full is-style-default\"><img loading=\"lazy\" decoding=\"async\" width=\"1000\" height=\"667\" src=\"https:\/\/comparemyjet.com\/wp-content\/uploads\/2022\/07\/happy.woman_.listening.to_.music_.on_.a.private.jet_.jpg\" alt=\"FXAIR\" class=\"wp-image-3183\" srcset=\"https:\/\/comparemyjet.com\/wp-content\/uploads\/2022\/07\/happy.woman_.listening.to_.music_.on_.a.private.jet_-18x12.jpg 18w, https:\/\/comparemyjet.com\/wp-content\/uploads\/2022\/07\/happy.woman_.listening.to_.music_.on_.a.private.jet_-300x200.jpg 300w, https:\/\/comparemyjet.com\/wp-content\/uploads\/2022\/07\/happy.woman_.listening.to_.music_.on_.a.private.jet_-768x512.jpg 768w, https:\/\/comparemyjet.com\/wp-content\/uploads\/2022\/07\/happy.woman_.listening.to_.music_.on_.a.private.jet_.jpg 1000w\" sizes=\"auto, (max-width: 1000px) 100vw, 1000px\" \/><\/figure>\r\n\r\n\r\n\r\n<p>Vaikka FXAIR on vastaperustettu, se on l\u00e4ht\u00f6isin pitk\u00e4\u00e4n toimineesta Directional Aviation -perheest\u00e4, joten sit\u00e4 johtavilla henkil\u00f6ill\u00e4 on enemm\u00e4n kuin tarpeeksi kokemusta ilmailualalta. Yhti\u00f6 on erikoistunut tilauslentoihin, ja se tarjoaa toisen sukupolven Flexjet-koneita, jotka ovat FXAIRin hyv\u00e4ksymi\u00e4. Voit valita heid\u00e4n suuresta laivastostaan kevyit\u00e4, keskikokoisia ja superkeskikokoisia, suuria ja ultrapitk\u00e4n kantaman suihkukoneita, mik\u00e4 tekee FXAIRista varteenotettavan valinnan tilauslentoyhti\u00f6ksi.<\/p>","protected":false},"excerpt":{"rendered":"<p>FXAIR on suhteellisen uusi yksityinen tilauslentoyhti\u00f6, joka aloitti toimintansa vuonna 2020. Yritys on kasvanut sen j\u00e4lkeen r\u00e4j\u00e4hdysm\u00e4isesti, mik\u00e4 johtuu osittain yksityisen lentomatkustamisen suosion kasvusta COVID-19-pandemian my\u00f6t\u00e4. FXAIR on osa Ken Riccin perustamaa Directional Aviation -yritysperhett\u00e4, johon kuuluvat Flexjet, Sentient Jet, PrivateFly, ...<\/p>","protected":false},"author":2,"featured_media":3184,"parent":0,"menu_order":0,"comment_status":"closed","ping_status":"closed","template":"","meta":{"_acf_changed":false,"_genesis_hide_title":false,"_genesis_hide_breadcrumbs":false,"_genesis_hide_singular_image":false,"_genesis_hide_footer_widgets":false,"_genesis_custom_body_class":"","_genesis_custom_post_class":"","_genesis_layout":"","footnotes":""},"class_list":{"1":"page","2":"type-page","6":"entry"},"acf":[],"_links":{"self":[{"href":"https:\/\/comparemyjet.com\/fi\/wp-json\/wp\/v2\/pages\/3182","targetHints":{"allow":["GET"]}}],"collection":[{"href":"https:\/\/comparemyjet.com\/fi\/wp-json\/wp\/v2\/pages"}],"about":[{"href":"https:\/\/comparemyjet.com\/fi\/wp-json\/wp\/v2\/types\/page"}],"author":[{"embeddable":true,"href":"https:\/\/comparemyjet.com\/fi\/wp-json\/wp\/v2\/users\/2"}],"replies":[{"embeddable":true,"href":"https:\/\/comparemyjet.com\/fi\/wp-json\/wp\/v2\/comments?post=3182"}],"version-history":[{"count":2,"href":"https:\/\/comparemyjet.com\/fi\/wp-json\/wp\/v2\/pages\/3182\/revisions"}],"predecessor-version":[{"id":3448,"href":"https:\/\/comparemyjet.com\/fi\/wp-json\/wp\/v2\/pages\/3182\/revisions\/3448"}],"wp:featuredmedia":[{"embeddable":true,"href":"https:\/\/comparemyjet.com\/fi\/wp-json\/wp\/v2\/media\/3184"}],"wp:attachment":[{"href":"https:\/\/comparemyjet.com\/fi\/wp-json\/wp\/v2\/media?parent=3182"}],"curies":[{"name":"wp","href":"https:\/\/api.w.org\/{rel}","templated":true}]}}