{"id":3187,"date":"2022-08-04T21:07:44","date_gmt":"2022-08-04T21:07:44","guid":{"rendered":"https:\/\/comparemyjet.com\/?page_id=3187"},"modified":"2025-09-04T09:59:34","modified_gmt":"2025-09-04T09:59:34","slug":"northern-jet-management","status":"publish","type":"page","link":"https:\/\/comparemyjet.com\/fi\/northern-jet-management\/","title":{"rendered":"Northern Jet Management"},"content":{"rendered":"<p>Elite suihkukone matkustaa tarjoaja Northern Jet Management tarjoaa t\u00e4yden <a href=\"https:\/\/comparemyjet.com\/fi\/mitka-ovat-joitakin-lentokoneiden-hallinnointiyrityksia\/\" data-internallinksmanager029f6b8e52c=\"21\" title=\"Lentokoneiden hallintapalvelut ja -yhti\u00f6t\">lentokoneiden hallinta<\/a>, jaetun omistuksen ohjelma, tilauslentoja sek\u00e4 lentokoneiden ostoa ja myynti\u00e4 sek\u00e4 yrityksille ett\u00e4 yksityishenkil\u00f6ille. Se lent\u00e4\u00e4 yli 3 400 kohteeseen Yhdysvalloissa, Karibialla, Meksikossa ja Kanadassa.<\/p>\r\n\r\n\r\n\r\n<p>Tutustutaan tarkemmin niiden tarjontaan, mutta ensin lyhyt katsaus yrityksen syntyyn.<\/p>\r\n\r\n\r\n\r\n<div id=\"ez-toc-container\" class=\"ez-toc-v2_0_76 counter-hierarchy ez-toc-counter ez-toc-grey ez-toc-container-direction\">\n<p class=\"ez-toc-title\" style=\"cursor:inherit\">Aiheet<\/p>\n<label for=\"ez-toc-cssicon-toggle-item-69dbafc1bcd5e\" class=\"ez-toc-cssicon-toggle-label\"><span class=\"\"><span class=\"eztoc-hide\" style=\"display:none;\">Toggle<\/span><span class=\"ez-toc-icon-toggle-span\"><svg style=\"fill: #999;color:#999\" xmlns=\"http:\/\/www.w3.org\/2000\/svg\" class=\"list-377408\" width=\"20px\" height=\"20px\" viewbox=\"0 0 24 24\" fill=\"none\"><path d=\"M6 6H4v2h2V6zm14 0H8v2h12V6zM4 11h2v2H4v-2zm16 0H8v2h12v-2zM4 16h2v2H4v-2zm16 0H8v2h12v-2z\" fill=\"currentColor\"><\/path><\/svg><svg style=\"fill: #999;color:#999\" class=\"arrow-unsorted-368013\" xmlns=\"http:\/\/www.w3.org\/2000\/svg\" width=\"10px\" height=\"10px\" viewbox=\"0 0 24 24\" version=\"1.2\" baseprofile=\"tiny\"><path d=\"M18.2 9.3l-6.2-6.3-6.2 6.3c-.2.2-.3.4-.3.7s.1.5.3.7c.2.2.4.3.7.3h11c.3 0 .5-.1.7-.3.2-.2.3-.5.3-.7s-.1-.5-.3-.7zM5.8 14.7l6.2 6.3 6.2-6.3c.2-.2.3-.5.3-.7s-.1-.5-.3-.7c-.2-.2-.4-.3-.7-.3h-11c-.3 0-.5.1-.7.3-.2.2-.3.5-.3.7s.1.5.3.7z\"\/><\/svg><\/span><\/span><\/label><input type=\"checkbox\"  id=\"ez-toc-cssicon-toggle-item-69dbafc1bcd5e\" checked aria-label=\"Toggle\" \/><nav><ul class='ez-toc-list ez-toc-list-level-1' ><li class='ez-toc-page-1 ez-toc-heading-level-2'><a class=\"ez-toc-link ez-toc-heading-1\" href=\"https:\/\/comparemyjet.com\/fi\/northern-jet-management\/#About_the_Company\" >Tietoa yrityksest\u00e4&nbsp;<\/a><\/li><li class='ez-toc-page-1 ez-toc-heading-level-2'><a class=\"ez-toc-link ez-toc-heading-2\" href=\"https:\/\/comparemyjet.com\/fi\/northern-jet-management\/#Ways_to_Fly\" >Tapoja lent\u00e4\u00e4<\/a><ul class='ez-toc-list-level-3' ><li class='ez-toc-heading-level-3'><a class=\"ez-toc-link ez-toc-heading-3\" href=\"https:\/\/comparemyjet.com\/fi\/northern-jet-management\/#Jet_Management\" >Jet Management<\/a><\/li><li class='ez-toc-page-1 ez-toc-heading-level-3'><a class=\"ez-toc-link ez-toc-heading-4\" href=\"https:\/\/comparemyjet.com\/fi\/northern-jet-management\/#Company_Card_Program\" >Yrityksen korttiohjelma<\/a><\/li><li class='ez-toc-page-1 ez-toc-heading-level-3'><a class=\"ez-toc-link ez-toc-heading-5\" href=\"https:\/\/comparemyjet.com\/fi\/northern-jet-management\/#Fractional_Jet_Ownership_Program\" >Fractional Jet omistusohjelma<\/a><\/li><li class='ez-toc-page-1 ez-toc-heading-level-3'><a class=\"ez-toc-link ez-toc-heading-6\" href=\"https:\/\/comparemyjet.com\/fi\/northern-jet-management\/#Empty_Leg_Flights\" >Tyhj\u00e4n jalan lennot<\/a><\/li><li class='ez-toc-page-1 ez-toc-heading-level-3'><a class=\"ez-toc-link ez-toc-heading-7\" href=\"https:\/\/comparemyjet.com\/fi\/northern-jet-management\/#Acquiring_or_Selling_an_Aircraft\" >Ilma-aluksen hankinta tai myynti<\/a><\/li><\/ul><\/li><li class='ez-toc-page-1 ez-toc-heading-level-2'><a class=\"ez-toc-link ez-toc-heading-8\" href=\"https:\/\/comparemyjet.com\/fi\/northern-jet-management\/#Pricing\" >Hinnoittelu<\/a><\/li><li class='ez-toc-page-1 ez-toc-heading-level-2'><a class=\"ez-toc-link ez-toc-heading-9\" href=\"https:\/\/comparemyjet.com\/fi\/northern-jet-management\/#The_Fleet\" >Laivasto&nbsp;<\/a><ul class='ez-toc-list-level-3' ><li class='ez-toc-heading-level-3'><a class=\"ez-toc-link ez-toc-heading-10\" href=\"https:\/\/comparemyjet.com\/fi\/northern-jet-management\/#1_Midsize_Private_Jets\" >1. Keskikokoiset yksityiset suihkukoneet<\/a><ul class='ez-toc-list-level-4' ><li class='ez-toc-heading-level-4'><a class=\"ez-toc-link ez-toc-heading-11\" href=\"https:\/\/comparemyjet.com\/fi\/northern-jet-management\/#Our_Recommendation_Learjet_40\" >Suosituksemme: Learjet 40<\/a><\/li><\/ul><\/li><li class='ez-toc-page-1 ez-toc-heading-level-3'><a class=\"ez-toc-link ez-toc-heading-12\" href=\"https:\/\/comparemyjet.com\/fi\/northern-jet-management\/#2_Super-Midsize_Private_Jets\" >2. Superkeskikokoiset yksityiset suihkukoneet&nbsp;<\/a><ul class='ez-toc-list-level-4' ><li class='ez-toc-heading-level-4'><a class=\"ez-toc-link ez-toc-heading-13\" href=\"https:\/\/comparemyjet.com\/fi\/northern-jet-management\/#Our_Recommendation_Cessna_Citation_Sovereign\" >Suosituksemme: Cessna Citation Sovereign<\/a><\/li><\/ul><\/li><\/ul><\/li><li class='ez-toc-page-1 ez-toc-heading-level-2'><a class=\"ez-toc-link ez-toc-heading-14\" href=\"https:\/\/comparemyjet.com\/fi\/northern-jet-management\/#Company_Safety_Policy_and_Standards\" >Yrityksen turvallisuuspolitiikka ja -standardit<\/a><\/li><li class='ez-toc-page-1 ez-toc-heading-level-2'><a class=\"ez-toc-link ez-toc-heading-15\" href=\"https:\/\/comparemyjet.com\/fi\/northern-jet-management\/#The_Staff\" >Henkil\u00f6kunta<\/a><\/li><li class='ez-toc-page-1 ez-toc-heading-level-2'><a class=\"ez-toc-link ez-toc-heading-16\" href=\"https:\/\/comparemyjet.com\/fi\/northern-jet-management\/#Conclusion\" >P\u00e4\u00e4telm\u00e4<\/a><\/li><\/ul><\/nav><\/div>\n<h2 class=\"wp-block-heading\"><span class=\"ez-toc-section\" id=\"About_the_Company\"><\/span>Tietoa yrityksest\u00e4&nbsp;<span class=\"ez-toc-section-end\"><\/span><\/h2>\r\n\r\n\r\n\r\n<p>Northern Jet Management on vuonna 1995 perustettu yksityisomistuksessa oleva yritys, jonka toimitusjohtaja on Charles Cox.&nbsp;<\/p>\r\n\r\n\r\n\r\n<p>Heid\u00e4n p\u00e4\u00e4toimistonsa sijaitsee Michiganissa, Grand Rapidsissa, ja heill\u00e4 on t\u00e4ysin toimiva tukikohta Michiganissa. <a href=\"https:\/\/comparemyjet.com\/fi\/yksityiset-matkat\/naples-private-tours\/\" data-internallinksmanager029f6b8e52c=\"299\" title=\"11 Parasta Napolin yksityiset retket Alkaen $90.53\">Napoli<\/a>, Florida.&nbsp;<\/p>\r\n\r\n\r\n\r\n<h2 class=\"wp-block-heading\"><span class=\"ez-toc-section\" id=\"Ways_to_Fly\"><\/span>Tapoja lent\u00e4\u00e4<span class=\"ez-toc-section-end\"><\/span><\/h2>\r\n\r\n\r\n\r\n<p>Northern Jet Management tarjoaa ilmailutarpeidenne t\u00e4ytt\u00e4miseksi erilaisia asiantuntijaratkaisuja - Private Advantage Card -nimisest\u00e4 yksityislentokoneiden korttiohjelmasta aina lentokoneiden kokonaisvaltaiseen hallinnointiin ja ostoihin, leasingiin ja konsultointiin.<\/p>\r\n\r\n\r\n\r\n<h3 class=\"wp-block-heading\"><span class=\"ez-toc-section\" id=\"Jet_Management\"><\/span>Jet Management<span class=\"ez-toc-section-end\"><\/span><\/h3>\r\n\r\n\r\n\r\n<p>Northern Jetsin kanssa <a href=\"https:\/\/northernjet.net\/programs\/aircraft-management\/\" target=\"_blank\" rel=\"noopener\">hallintaratkaisut<\/a>, saat maakuljetukset, erikoispyynn\u00f6t ja aikatauluhenkil\u00f6st\u00f6n, joka on k\u00e4ytett\u00e4viss\u00e4 365 p\u00e4iv\u00e4\u00e4 vuodessa tarpeidesi mukaan. Kirjanpitohenkil\u00f6st\u00f6 seuraa huolellisesti menoja ja laatii kuukausiraportteja toiminnasta, kustannuksista, huollosta ja muista kuluista, jotta olet aina ajan tasalla kaikista lentokoneeseesi liittyvist\u00e4 toimista.<\/p>\r\n\r\n\r\n\r\n<p>Jokaisessa Northern Jet -yhti\u00f6n lentokoneessa on eritt\u00e4in ammattitaitoinen miehist\u00f6, ja jokaisella lent\u00e4j\u00e4ll\u00e4 on lentokoneen tyyppikelpuutus. Lis\u00e4ksi kaikilla ty\u00f6ntekij\u00f6ill\u00e4 on 10 vuoden <a href=\"https:\/\/www.fbi.gov\/about\" target=\"_blank\" rel=\"noopener\">FBI<\/a> taustatarkastukset osana palkkaamisprosessia.<\/p>\r\n\r\n\r\n\r\n<h3 class=\"wp-block-heading\"><span class=\"ez-toc-section\" id=\"Company_Card_Program\"><\/span>Yrityksen korttiohjelma<span class=\"ez-toc-section-end\"><\/span><\/h3>\r\n\r\n\r\n\r\n<p>The <a href=\"https:\/\/northernjet.net\/programs\/jet-card\/\" target=\"_blank\" rel=\"noopener\"><strong>Private Advantage -kortti<\/strong><\/a> Northern Jet Managementin 25 tunnin kortti on suunnattu vapaa-ajan matkustajille, jotka matkustavat yhdensuuntaisilla lennoilla Keskil\u00e4nnen ja Floridan v\u00e4lill\u00e4. Yrityksen hallinnoima <a href=\"https:\/\/comparemyjet.com\/fi\/learjet\/\" data-internallinksmanager029f6b8e52c=\"149\" title=\"Lopullinen opas Learjet yksityiset suihkukoneet &amp; Aircraft\">Learjet<\/a> Ohjelmassa on 40XR-koneita, ja kortinhaltijat voivat valita my\u00f6s Learjet 70:n.&nbsp;<\/p>\r\n\r\n\r\n\r\n<p>Siirtokustannuksia ei aiheudu 180 mailin s\u00e4teell\u00e4 seuraavista paikoista&nbsp;<\/p>\r\n\r\n\r\n\r\n<ul class=\"wp-block-list\"><li>Grand Rapids;<\/li><li>Naples, Florida;<\/li><li><a href=\"https:\/\/comparemyjet.com\/fi\/yksityiset-suihkukone-charterit-chicagoon\/\" data-internallinksmanager029f6b8e52c=\"170\" title=\"Yksityiset suihkukoneiden tilauslennot Chicagoon\">Chicago<\/a>, Illinois;<\/li><li>ja Michigan.&nbsp;<\/li><\/ul>\r\n\r\n\r\n\r\n<p>All-inclusive-tuntihinta ja v\u00e4hint\u00e4\u00e4n 24 tunnin irtisanomisaika ovat er\u00e4it\u00e4 muita kortin tarjoamia etuja, ja keskil\u00e4nnen kortinhaltijoille ei ole tarjolla p\u00e4iv\u00e4m\u00e4\u00e4ri\u00e4, jotka eiv\u00e4t ole k\u00e4ytett\u00e4viss\u00e4, eik\u00e4 muuttokustannuksia.<\/p>\r\n\r\n\r\n\r\n<h3 class=\"wp-block-heading\"><span class=\"ez-toc-section\" id=\"Fractional_Jet_Ownership_Program\"><\/span>Fractional Jet omistusohjelma<span class=\"ez-toc-section-end\"><\/span><\/h3>\r\n\r\n\r\n\r\n<p>The <a href=\"https:\/\/northernjet.net\/programs\/fractional-jet-ownership\/\" target=\"_blank\" rel=\"noopener\"><strong>Yritys Jet<\/strong><\/a> on <a href=\"https:\/\/comparemyjet.com\/fi\/how-does-fractional-jet-ownership-work\/\" data-internallinksmanager029f6b8e52c=\"20\" title=\"Miten Fractional Jet Ownership Work?\">osittainen jet omistus<\/a> ohjelma, joka on luotu erityisesti liikematkustajien tarpeisiin. Liikematkustajat ja yritykset ovat Company Jet -osakeomistuskonseptin ainoa kohderyhm\u00e4.<\/p>\r\n\r\n\r\n\r\n<p>J\u00e4senet saavat maistiaisen siit\u00e4, mit\u00e4 yksityisen lentokoneen omistaminen on, ilman hallintoon ja toimintaan liittyvi\u00e4 huolia, ja lis\u00e4ksi he saavat t\u00e4yden tuen asiantuntijatiimilt\u00e4. Sopimuksen allekirjoittaminen edellytt\u00e4\u00e4 viiden vuoden sitoutumista ja varmistettua p\u00e4\u00e4sy\u00e4 v\u00e4hint\u00e4\u00e4n 12 tunnin varoitusajalla. Concierge-palvelut ovat k\u00e4ytett\u00e4viss\u00e4 ymp\u00e4ri vuorokauden, ja alan asiantuntijoista koostuva tiimi helpottaa ja tarjoaa tukea rahoitukseen, kirjanpitoon ja ilmailulains\u00e4\u00e4d\u00e4nt\u00f6\u00f6n liittyviss\u00e4 asioissa.<\/p>\r\n\r\n\r\n\r\n<h3 class=\"wp-block-heading\"><span class=\"ez-toc-section\" id=\"Empty_Leg_Flights\"><\/span>Tyhj\u00e4n jalan lennot<span class=\"ez-toc-section-end\"><\/span><\/h3>\r\n\r\n\r\n\r\n<p>Yritys viittaa niiden <a href=\"https:\/\/comparemyjet.com\/fi\/miten-kirja-tyhjat-jalka-lennot\/\" data-internallinksmanager029f6b8e52c=\"24\" title=\"Miten varata tyhj\u00e4n jalan lentoja\">Tyhj\u00e4n jalan lennot<\/a> kuten \"<a href=\"https:\/\/northernjet.net\/flight-opportunities\/\" target=\"_blank\" rel=\"noopener\">lentomahdollisuudet<\/a>\". Nimi on varsin osuva, sill\u00e4 n\u00e4m\u00e4 lennot ovat todellinen saalis. Kuka tahansa voi tilata vastaanottaa ja seurata s\u00e4hk\u00f6postitililleen saatavilla olevia tyhj\u00e4n jalan lentoja ja tarttua tilaisuuteen lent\u00e4\u00e4 johonkin kohteeseen murto-osalla hinnasta.&nbsp;<\/p>\r\n\r\n\r\n\r\n<h3 class=\"wp-block-heading\"><span class=\"ez-toc-section\" id=\"Acquiring_or_Selling_an_Aircraft\"><\/span>Ilma-aluksen hankinta tai myynti<span class=\"ez-toc-section-end\"><\/span><\/h3>\r\n\r\n\r\n\r\n<p>Northern Jetiin liittyminen tarkoittaa, ett\u00e4 sinulla on t\u00e4ysi p\u00e4\u00e4sy heid\u00e4n ammattilaisryhm\u00e4\u00e4ns\u00e4, jolla on vuosikymmenten asiantuntemus ja yhteydet, joiden avulla he voivat tunnistaa asiakkaidensa tarpeisiin r\u00e4\u00e4t\u00e4l\u00f6idyt parhaat lentokonevaihtoehdot seuraavissa asioissa <a href=\"https:\/\/northernjet.net\/programs\/aircraft-acquisition-sales-brokerage\/\" target=\"_blank\" rel=\"noopener\">uuden tai k\u00e4ytetyn ilma-aluksen osto tai myynti<\/a>.<\/p>\r\n\r\n\r\n\r\n<h2 class=\"wp-block-heading\"><span class=\"ez-toc-section\" id=\"Pricing\"><\/span>Hinnoittelu<span class=\"ez-toc-section-end\"><\/span><\/h2>\r\n\r\n\r\n\r\n<figure class=\"wp-block-image size-full is-style-default\"><img loading=\"lazy\" decoding=\"async\" width=\"1000\" height=\"667\" src=\"https:\/\/comparemyjet.com\/wp-content\/uploads\/2022\/06\/woman.in_.blue_.dress_.enjoying.view_.from_.private.jet_.jpg\" alt=\"\" class=\"wp-image-2997\" srcset=\"https:\/\/comparemyjet.com\/wp-content\/uploads\/2022\/06\/woman.in_.blue_.dress_.enjoying.view_.from_.private.jet_-18x12.jpg 18w, https:\/\/comparemyjet.com\/wp-content\/uploads\/2022\/06\/woman.in_.blue_.dress_.enjoying.view_.from_.private.jet_-300x200.jpg 300w, https:\/\/comparemyjet.com\/wp-content\/uploads\/2022\/06\/woman.in_.blue_.dress_.enjoying.view_.from_.private.jet_-768x512.jpg 768w, https:\/\/comparemyjet.com\/wp-content\/uploads\/2022\/06\/woman.in_.blue_.dress_.enjoying.view_.from_.private.jet_.jpg 1000w\" sizes=\"auto, (max-width: 1000px) 100vw, 1000px\" \/><\/figure>\r\n\r\n\r\n\r\n<p>Northern Jet Management on tunnettu edullisesta hinnoittelustaan, omistautumisestaan korkeimmille turvallisuusstandardeille ja siit\u00e4, ett\u00e4 se ottaa huomioon asiakkaidensa tarpeet.<\/p>\r\n\r\n\r\n\r\n<p>Northern Jet Managementin Private Advantage Card -kortin haltijaksi p\u00e4\u00e4seminen edellytt\u00e4\u00e4 hieman alle $165 000:n suuruisen aloitusmaksun maksamista.&nbsp;<\/p>\r\n\r\n\r\n\r\n<p>Lent\u00e4j\u00e4t, jotka j\u00e4ljitt\u00e4v\u00e4t ja hy\u00f6dynt\u00e4v\u00e4t yhti\u00f6n verkkosivustolla lueteltuja tyhj\u00e4n jalan lentoja, s\u00e4\u00e4st\u00e4v\u00e4t $1,000 normaalista tuntihinnoittelusta.<\/p>\r\n\r\n\r\n\r\n<h2 class=\"wp-block-heading\"><span class=\"ez-toc-section\" id=\"The_Fleet\"><\/span>Laivasto&nbsp;<span class=\"ez-toc-section-end\"><\/span><\/h2>\r\n\r\n\r\n\r\n<p>Jokaista Northern Jet Managementin 20 ilma-aluksen laivastossa olevaa suihkukonetta k\u00e4sittelev\u00e4t ilmailualan ammattilaiset, joilla on kokemusta. Kaikki mallit ovat uusia ja nykyaikaisia, ja keskikokoiset ja super-keskikokoiset suihkukoneet ovat ensisijainen ja hallitseva lentokoneluokka.&nbsp;<\/p>\r\n\r\n\r\n\r\n<h3 class=\"wp-block-heading\"><span class=\"ez-toc-section\" id=\"1_Midsize_Private_Jets\"><\/span>1. Keskikokoiset yksityiset suihkukoneet<span class=\"ez-toc-section-end\"><\/span><\/h3>\r\n\r\n\r\n\r\n<p>Sek\u00e4 yksityis- ett\u00e4 yritysmatkoilla keskikokoisen lentokoneen vuokraaminen tarjoaa mukavan pitk\u00e4n matkan lennon. Keskikokoiset lentokoneet ovat suosittuja liike- ja vapaa-ajan matkustajien keskuudessa, koska niiss\u00e4 on tilavat matkustamot, riitt\u00e4v\u00e4sti matkatavaratilaa ja ensiluokkaiset mukavuudet.<\/p>\r\n\r\n\r\n\r\n<h4 class=\"wp-block-heading\"><span class=\"ez-toc-section\" id=\"Our_Recommendation_Learjet_40\"><\/span>Suosituksemme: Learjet 40<span class=\"ez-toc-section-end\"><\/span><\/h4>\r\n\r\n\r\n\r\n<p>Learjet 40 on pieni liikelentokone, jonka valmistaja on Learjet 40. <a href=\"https:\/\/comparemyjet.com\/fi\/bombardier\/\" data-internallinksmanager029f6b8e52c=\"159\" title=\"Ultimate Guide To Bombardier Private Jets &amp; Lentokoneet\">Bombardier<\/a> Learjet. Sen voimanl\u00e4hteen\u00e4 on kaksi moottoria, sen sis\u00e4tilat ovat kilpailijoitaan suuremmat, ja sen muotoilu on inspiraation l\u00e4hteen\u00e4 tuleville malleille. Runko on kuitenkin lyhyempi ja polttoaines\u00e4ili\u00f6 pienempi kuin Learjet 45:ss\u00e4.&nbsp;<\/p>\r\n\r\n\r\n\r\n<p>Tekniset tiedot:<\/p>\r\n\r\n\r\n\r\n<ul class=\"wp-block-list\"><li>Matkustajia: 7;<\/li><li>Ulkokorkeus: 14 ft 2 in;<\/li><li>Koko pituus: 55 ft 5 in;<\/li><li>Siipiv\u00e4li: 47 ft 9 in;<\/li><li>Ohjaamon leveys: 5 ft 1 in;<\/li><li>Ohjaamon korkeus: 4 ft 11 in;<\/li><li>Ohjaamon pituus: 17 ft 8 in;<\/li><li>Suurin lentomatka: 1707 nm;<\/li><li>Suurin matkalentonopeus: 465 kts;<\/li><li>Ulkoinen matkatavaratila: 50 kuutiometri\u00e4;<\/li><li>Sis\u00e4inen matkatavaratila: 15 cu ft;<\/li><li>Miehist\u00f6: 2.<\/li><\/ul>\r\n\r\n\r\n\r\n<p>Northern Jet Management tarjoaa tehokkaita ja kohtuuhintaisia lentokoneita niiden keskikokoinen yksityinen suihkukone luettelo, mukaan lukien <em>Bombardier 45 -sarja<\/em>, <em><a href=\"https:\/\/comparemyjet.com\/fi\/gulfstream\/\" data-internallinksmanager029f6b8e52c=\"175\" title=\"Lopullinen opas Gulfstream yksityiset suihkukoneet &amp; Aircraft\">Gulfstream<\/a> G150<\/em>, <em>Learjet 70\/75<\/em>, <em>Learjet 45XR<\/em>ja suosittelemamme malli, <em>Learjet 40<\/em>.<\/p>\r\n\r\n\r\n\r\n<h3 class=\"wp-block-heading\"><span class=\"ez-toc-section\" id=\"2_Super-Midsize_Private_Jets\"><\/span>2. Superkeskikokoiset yksityiset suihkukoneet&nbsp;<span class=\"ez-toc-section-end\"><\/span><\/h3>\r\n\r\n\r\n\r\n<p>Super-midsize-luokan suihkukoneet voivat lent\u00e4\u00e4 jopa 6 tuntia, mik\u00e4 on 2 tuntia enemm\u00e4n kuin edellisess\u00e4 luokassa, joten ne sopivat erinomaisesti maastolentoihin. Lent\u00e4j\u00e4t saavat k\u00e4ytt\u00f6\u00f6ns\u00e4 tilavat matkustamot ja ensiluokkaiset mukavuudet, kuten enemm\u00e4n matkatavaratilaa.<\/p>\r\n\r\n\r\n\r\n<h4 class=\"wp-block-heading\"><span class=\"ez-toc-section\" id=\"Our_Recommendation_Cessna_Citation_Sovereign\"><\/span>Suosituksemme: Cessna Citation Sovereign<span class=\"ez-toc-section-end\"><\/span><\/h4>\r\n\r\n\r\n\r\n<p>Amerikkalaisen valmistajan valmistama Sovereign - <a href=\"https:\/\/comparemyjet.com\/fi\/cessna\/\" data-internallinksmanager029f6b8e52c=\"145\" title=\"Lopullinen opas Cessna yksityiset suihkukoneet &amp; Aircraft\">Cessna<\/a>on mannertenv\u00e4linen lentokone. Citation Sovereignin suunnittelun piirteit\u00e4 ovat pitk\u00e4 runko, uudelleen suunnitellut siivet, lasinen ohjaamo, jossa on nelj\u00e4 LCD-paneelia, ja kaksi moottoria.&nbsp;<\/p>\r\n\r\n\r\n\r\n<p>Tekniset tiedot:&nbsp;<\/p>\r\n\r\n\r\n\r\n<ul class=\"wp-block-list\"><li>Matkustajia: 9;<\/li><li>Ulkokorkeus: 20 ft 4 in;<\/li><li>Koko pituus: 63 jalkaa 6 tuumaa;<\/li><li>Siipiv\u00e4li: 63 ft 4 in;<\/li><li>Ohjaamon leveys: 5 ft 6 in;<\/li><li>Ohjaamon korkeus: 5 ft 8 in;<\/li><li>Ohjaamon pituus: 25 ft 3 in;<\/li><li>Suurin lentomatka: 3010 nm;<\/li><li>Suurin matkanopeus: 459 kts;<\/li><li>Miehist\u00f6: 2;<\/li><li>Sis\u00e4inen matkatavaratila: 35 kuutiometri\u00e4;<\/li><li>Ulkoinen matkatavaratila: 100 kuutiometri\u00e4.<\/li><\/ul>\r\n\r\n\r\n\r\n<p>Northern Jet Management tarjoaa kaksi turvallista ja tehokasta lentokonetta niiden super-keskikokoinen yksityinen suihkukone luettelo, the <em>Challenger 300<\/em> ja suosittelemamme malli <em>Cessna Citation Sovereign<\/em>.<\/p>\r\n\r\n\r\n\r\n<h2 class=\"wp-block-heading\"><span class=\"ez-toc-section\" id=\"Company_Safety_Policy_and_Standards\"><\/span>Yrityksen turvallisuuspolitiikka ja -standardit<span class=\"ez-toc-section-end\"><\/span><\/h2>\r\n\r\n\r\n\r\n<p>Northern Jet Managementin tiimi tekee s\u00e4\u00e4nn\u00f6llisesti sis\u00e4isi\u00e4 auditointeja ja arviointeja prosesseista, k\u00e4yt\u00e4nn\u00f6ist\u00e4, toiminnoista ja palveluista yli 40 toiminta-alueella.<\/p>\r\n\r\n\r\n\r\n<p>Lis\u00e4ksi Northern Jet Management on <a href=\"https:\/\/www.argus.aero\/\" target=\"_blank\" rel=\"noopener\">ARGUS<\/a> Platina ja <a href=\"https:\/\/www.acsf.aero\/\" target=\"_blank\" rel=\"noopener\">ACSF<\/a> akkreditointi ja k\u00e4ytt\u00e4\u00e4 yksinomaan mekaanikkoja, joilla on <a href=\"https:\/\/www.faa.gov\/\" target=\"_blank\" rel=\"noopener\">FAA<\/a> luvat. Lis\u00e4ksi Northern Jet Management on saanut Stage 3 -hyv\u00e4ksynn\u00e4n viranomaisilta. <a href=\"https:\/\/ibac.org\/is-bao\" target=\"_blank\" rel=\"noopener\">Liikelentotoimintaa koskeva kansainv\u00e4linen standardi<\/a> (IS-BAO).<\/p>\r\n\r\n\r\n\r\n<h2 class=\"wp-block-heading\"><span class=\"ez-toc-section\" id=\"The_Staff\"><\/span>Henkil\u00f6kunta<span class=\"ez-toc-section-end\"><\/span><\/h2>\r\n\r\n\r\n\r\n<figure class=\"wp-block-image size-full is-style-default\"><img loading=\"lazy\" decoding=\"async\" width=\"1000\" height=\"667\" src=\"https:\/\/comparemyjet.com\/wp-content\/uploads\/2022\/07\/private.jet_.pilots.in_.cockpit.jpg\" alt=\"\" class=\"wp-image-3072\" srcset=\"https:\/\/comparemyjet.com\/wp-content\/uploads\/2022\/07\/private.jet_.pilots.in_.cockpit-18x12.jpg 18w, https:\/\/comparemyjet.com\/wp-content\/uploads\/2022\/07\/private.jet_.pilots.in_.cockpit-300x200.jpg 300w, https:\/\/comparemyjet.com\/wp-content\/uploads\/2022\/07\/private.jet_.pilots.in_.cockpit-768x512.jpg 768w, https:\/\/comparemyjet.com\/wp-content\/uploads\/2022\/07\/private.jet_.pilots.in_.cockpit.jpg 1000w\" sizes=\"auto, (max-width: 1000px) 100vw, 1000px\" \/><\/figure>\r\n\r\n\r\n\r\n<p>Northern Jet Management kehitt\u00e4\u00e4 ja muuttaa jatkuvasti yrityksen toimintaa varmistaakseen korkeimmat turvallisuusstandardit.<\/p>\r\n\r\n\r\n\r\n<p>Niiden henkil\u00f6st\u00f6lle annetaan jatkuvasti lentokoulutusta <a href=\"https:\/\/www.cae.com\/\" target=\"_blank\" rel=\"noopener\">CAE<\/a> tai <a href=\"https:\/\/www.flightsafety.com\/\" target=\"_blank\" rel=\"noopener\">FlightSafety International<\/a>. Jokainen lentosegmentti alkaa lentohenkil\u00f6kunnan tekem\u00e4ll\u00e4 turvallisuusriskianalyysill\u00e4. Lis\u00e4ksi miehist\u00f6 saa sis\u00e4ist\u00e4 koulutusta <a href=\"https:\/\/www.nata.aero\/education-and-training\/safety-1st\" target=\"_blank\" rel=\"noopener\">Kansallinen lentoliikenteen turvallisuuden ensimm\u00e4inen koulutusohjelma<\/a>.<\/p>\r\n\r\n\r\n\r\n<p>Uusien ja nykyisten lent\u00e4jien auttamiseksi sertifioidut vanhemmat lent\u00e4j\u00e4t toimivat sis\u00e4isin\u00e4 asiantuntijoina, jotka tarjoavat asiantuntemustaan johtoryhm\u00e4lle toimintamenetelmiin liittyviss\u00e4 kysymyksiss\u00e4.<\/p>\r\n\r\n\r\n\r\n<h2 class=\"wp-block-heading\"><span class=\"ez-toc-section\" id=\"Conclusion\"><\/span>P\u00e4\u00e4telm\u00e4<span class=\"ez-toc-section-end\"><\/span><\/h2>\r\n\r\n\r\n\r\n<p>Matkustajat, jotka haluavat vapautta ja mukavuutta, ett\u00e4 yksityinen suihkukone matka takaa ovat enemm\u00e4n kuin tervetulleita lent\u00e4\u00e4 Northern Jet Management. Kautta yrityksen omistautumista tarjota laadukasta palvelua, he s\u00e4\u00e4st\u00e4\u00e4 paljon aikaa tarvitaan varauksen ja suunnittelun. Northern Jet Management on keskil\u00e4nnen johtava yksityislentokoneyritys murto-omistus- ja lentokoneiden hallintaratkaisujen ansiosta.<\/p>","protected":false},"excerpt":{"rendered":"<p>Elite suihkukone matkustaa tarjoaja Northern Jet Management tarjoaa t\u00e4yden lentokoneiden hallinta, jaetun omistuksen ohjelma, on-demand charterit, ja lentokoneen osto ja myynti sek\u00e4 yrityksille ja yksityishenkil\u00f6ille. Se lent\u00e4\u00e4 yli 3 400 kohteeseen Yhdysvalloissa, Karibialla, Meksikossa ja Kanadassa. Tutustutaanpa tarkemmin heid\u00e4n tarjoamiinsa palveluihin, mutta ensin lyhyt katsaus ...<\/p>","protected":false},"author":2,"featured_media":3188,"parent":0,"menu_order":0,"comment_status":"closed","ping_status":"closed","template":"","meta":{"_acf_changed":false,"_genesis_hide_title":false,"_genesis_hide_breadcrumbs":false,"_genesis_hide_singular_image":false,"_genesis_hide_footer_widgets":false,"_genesis_custom_body_class":"","_genesis_custom_post_class":"","_genesis_layout":"","footnotes":""},"class_list":{"1":"page","2":"type-page","6":"entry"},"acf":[],"_links":{"self":[{"href":"https:\/\/comparemyjet.com\/fi\/wp-json\/wp\/v2\/pages\/3187","targetHints":{"allow":["GET"]}}],"collection":[{"href":"https:\/\/comparemyjet.com\/fi\/wp-json\/wp\/v2\/pages"}],"about":[{"href":"https:\/\/comparemyjet.com\/fi\/wp-json\/wp\/v2\/types\/page"}],"author":[{"embeddable":true,"href":"https:\/\/comparemyjet.com\/fi\/wp-json\/wp\/v2\/users\/2"}],"replies":[{"embeddable":true,"href":"https:\/\/comparemyjet.com\/fi\/wp-json\/wp\/v2\/comments?post=3187"}],"version-history":[{"count":1,"href":"https:\/\/comparemyjet.com\/fi\/wp-json\/wp\/v2\/pages\/3187\/revisions"}],"predecessor-version":[{"id":3191,"href":"https:\/\/comparemyjet.com\/fi\/wp-json\/wp\/v2\/pages\/3187\/revisions\/3191"}],"wp:featuredmedia":[{"embeddable":true,"href":"https:\/\/comparemyjet.com\/fi\/wp-json\/wp\/v2\/media\/3188"}],"wp:attachment":[{"href":"https:\/\/comparemyjet.com\/fi\/wp-json\/wp\/v2\/media?parent=3187"}],"curies":[{"name":"wp","href":"https:\/\/api.w.org\/{rel}","templated":true}]}}