{"id":3223,"date":"2022-08-23T00:45:05","date_gmt":"2022-08-23T00:45:05","guid":{"rendered":"https:\/\/comparemyjet.com\/?page_id=3223"},"modified":"2025-09-04T09:58:21","modified_gmt":"2025-09-04T09:58:21","slug":"grandview-aviation","status":"publish","type":"page","link":"https:\/\/comparemyjet.com\/fi\/grandview-aviation\/","title":{"rendered":"GrandView Aviation lentojen hinnoittelu"},"content":{"rendered":"<p>GrandView Aviation on Baltimoressa toimiva <a href=\"https:\/\/comparemyjet.com\/fi\/how-do-you-rent-or-charter-a-private-jet\/\" data-internallinksmanager029f6b8e52c=\"15\" title=\"Miten vuokrata tai vuokrata yksityinen suihkukone?\">yksityinen suihkukone charter<\/a> Yhdysvalloissa toimiva yritys. Voit lent\u00e4\u00e4 maan halki niiden Phenom 300 suihkukoneilla ja vuokrata niiden lentokoneita. <a href=\"https:\/\/comparemyjet.com\/fi\/sikorsky\/\" data-internallinksmanager029f6b8e52c=\"160\" title=\"Ultimate Guide To Sikorsky Private Jets &amp; Helikopterit\">Sikorsky<\/a> S-76D- ja Bell 407GXI -helikopterit Baltimoressa ja Washingtonissa.<\/p>\r\n\r\n\r\n\r\n<p>Koska yritys on Wyvern Wingman -sertifioitu, sen lent\u00e4j\u00e4t noudattavat uusimpia ja parhaita turvallisuusk\u00e4yt\u00e4nt\u00f6j\u00e4, ja miehist\u00f6 on sitoutunut tarjoamaan vertaansa vailla olevaa palvelua. Charter-osasto on valmiina yksil\u00f6llisi\u00e4 reittej\u00e4 ja lentoja varten 24 tuntia vuorokaudessa, seitsem\u00e4n p\u00e4iv\u00e4\u00e4 viikossa.<\/p>\r\n\r\n\r\n\r\n<p>Katsotaanpa, mist\u00e4 niiss\u00e4 on kyse.<\/p>\r\n\r\n\r\n\r\n<div id=\"ez-toc-container\" class=\"ez-toc-v2_0_76 counter-hierarchy ez-toc-counter ez-toc-grey ez-toc-container-direction\">\n<p class=\"ez-toc-title\" style=\"cursor:inherit\">Aiheet<\/p>\n<label for=\"ez-toc-cssicon-toggle-item-69eef43955d9b\" class=\"ez-toc-cssicon-toggle-label\"><span class=\"\"><span class=\"eztoc-hide\" style=\"display:none;\">Toggle<\/span><span class=\"ez-toc-icon-toggle-span\"><svg style=\"fill: #999;color:#999\" xmlns=\"http:\/\/www.w3.org\/2000\/svg\" class=\"list-377408\" width=\"20px\" height=\"20px\" viewbox=\"0 0 24 24\" fill=\"none\"><path d=\"M6 6H4v2h2V6zm14 0H8v2h12V6zM4 11h2v2H4v-2zm16 0H8v2h12v-2zM4 16h2v2H4v-2zm16 0H8v2h12v-2z\" fill=\"currentColor\"><\/path><\/svg><svg style=\"fill: #999;color:#999\" class=\"arrow-unsorted-368013\" xmlns=\"http:\/\/www.w3.org\/2000\/svg\" width=\"10px\" height=\"10px\" viewbox=\"0 0 24 24\" version=\"1.2\" baseprofile=\"tiny\"><path d=\"M18.2 9.3l-6.2-6.3-6.2 6.3c-.2.2-.3.4-.3.7s.1.5.3.7c.2.2.4.3.7.3h11c.3 0 .5-.1.7-.3.2-.2.3-.5.3-.7s-.1-.5-.3-.7zM5.8 14.7l6.2 6.3 6.2-6.3c.2-.2.3-.5.3-.7s-.1-.5-.3-.7c-.2-.2-.4-.3-.7-.3h-11c-.3 0-.5.1-.7.3-.2.2-.3.5-.3.7s.1.5.3.7z\"\/><\/svg><\/span><\/span><\/label><input type=\"checkbox\"  id=\"ez-toc-cssicon-toggle-item-69eef43955d9b\" checked aria-label=\"Toggle\" \/><nav><ul class='ez-toc-list ez-toc-list-level-1' ><li class='ez-toc-page-1 ez-toc-heading-level-2'><a class=\"ez-toc-link ez-toc-heading-1\" href=\"https:\/\/comparemyjet.com\/fi\/grandview-aviation\/#About_the_Company\" >Tietoa yrityksest\u00e4<\/a><\/li><li class='ez-toc-page-1 ez-toc-heading-level-2'><a class=\"ez-toc-link ez-toc-heading-2\" href=\"https:\/\/comparemyjet.com\/fi\/grandview-aviation\/#Empty_Leg_Flight\" >Tyhj\u00e4n jalan lento<\/a><\/li><li class='ez-toc-page-1 ez-toc-heading-level-2'><a class=\"ez-toc-link ez-toc-heading-3\" href=\"https:\/\/comparemyjet.com\/fi\/grandview-aviation\/#Company_Card_Programs\" >Yrityksen korttiohjelmat<\/a><\/li><li class='ez-toc-page-1 ez-toc-heading-level-2'><a class=\"ez-toc-link ez-toc-heading-4\" href=\"https:\/\/comparemyjet.com\/fi\/grandview-aviation\/#Pricing\" >Hinnoittelu<\/a><\/li><li class='ez-toc-page-1 ez-toc-heading-level-2'><a class=\"ez-toc-link ez-toc-heading-5\" href=\"https:\/\/comparemyjet.com\/fi\/grandview-aviation\/#The_Fleet\" >Laivasto&nbsp;<\/a><ul class='ez-toc-list-level-3' ><li class='ez-toc-heading-level-3'><a class=\"ez-toc-link ez-toc-heading-6\" href=\"https:\/\/comparemyjet.com\/fi\/grandview-aviation\/#1_Light_Private_Jets\" >1. Kevyet yksityiset suihkukoneet<\/a><ul class='ez-toc-list-level-4' ><li class='ez-toc-heading-level-4'><a class=\"ez-toc-link ez-toc-heading-7\" href=\"https:\/\/comparemyjet.com\/fi\/grandview-aviation\/#Our_Recommendation_Embraer_Phenom_300\" >Suosituksemme: Embraer Phenom 300<\/a><\/li><\/ul><\/li><li class='ez-toc-page-1 ez-toc-heading-level-3'><a class=\"ez-toc-link ez-toc-heading-8\" href=\"https:\/\/comparemyjet.com\/fi\/grandview-aviation\/#2_Helicopters\" >2. Helikopterit<\/a><ul class='ez-toc-list-level-4' ><li class='ez-toc-heading-level-4'><a class=\"ez-toc-link ez-toc-heading-9\" href=\"https:\/\/comparemyjet.com\/fi\/grandview-aviation\/#Our_Recommendation_Bell_407GXI\" >Suosituksemme: Bell 407GXI<\/a><\/li><\/ul><\/li><\/ul><\/li><li class='ez-toc-page-1 ez-toc-heading-level-2'><a class=\"ez-toc-link ez-toc-heading-10\" href=\"https:\/\/comparemyjet.com\/fi\/grandview-aviation\/#Company_Safety_Policy_and_Standards\" >Yrityksen turvallisuuspolitiikka ja -standardit<\/a><\/li><li class='ez-toc-page-1 ez-toc-heading-level-2'><a class=\"ez-toc-link ez-toc-heading-11\" href=\"https:\/\/comparemyjet.com\/fi\/grandview-aviation\/#The_Staff\" >Henkil\u00f6kunta<\/a><\/li><li class='ez-toc-page-1 ez-toc-heading-level-2'><a class=\"ez-toc-link ez-toc-heading-12\" href=\"https:\/\/comparemyjet.com\/fi\/grandview-aviation\/#Conclusion\" >P\u00e4\u00e4telm\u00e4<\/a><\/li><\/ul><\/nav><\/div>\n<h2 class=\"wp-block-heading\"><span class=\"ez-toc-section\" id=\"About_the_Company\"><\/span>Tietoa yrityksest\u00e4<span class=\"ez-toc-section-end\"><\/span><\/h2>\r\n\r\n\r\n\r\n<p>GrandView Aviation on vuonna 2004 perustettu yksityisomistuksessa oleva yritys, jonka toimitusjohtaja on Jerry Edwards. Yhti\u00f6 omistaa laivastonsa <a href=\"https:\/\/comparemyjet.com\/fi\/embraer\/\" data-internallinksmanager029f6b8e52c=\"151\" title=\"Ultimate Guide To Embraer Yksityiset suihkukoneet &amp; Lentokoneet\">Embraer<\/a> Phenom 300 -koneita, ja sill\u00e4 on noin 130 ty\u00f6ntekij\u00e4\u00e4.<\/p>\r\n\r\n\r\n\r\n<p>GrandView Aviationin l\u00e4ht\u00f6tason ohjelmaan kuuluu $150 000:n talletus, eik\u00e4 saatavuutta ole taattu.<\/p>\r\n\r\n\r\n\r\n<p>Yksityislentokoneiden tilauslentojen lis\u00e4ksi yritys on uranuurtaja elinsiirtokuljetuksissa, sill\u00e4 se on kuljettanut yli 250 hengenpelastavaa leikkausryhm\u00e4\u00e4 vuonna 2021 ja yli 2 200 alusta l\u00e4htien.<\/p>\r\n\r\n\r\n\r\n<p>Viimeisimm\u00e4t uutiset GrandView Aviationista ovat, ett\u00e4 Global Medical Response (GMR) ilmoitti ostavansa yhti\u00f6n vuonna 2022. Global Medical Response tarjoaa korkealaatuista l\u00e4\u00e4ketieteellist\u00e4 hoitoa, l\u00e4hinn\u00e4 h\u00e4t\u00e4- ja potilassiirtopalveluja Yhdysvalloissa ja maailmanlaajuisesti, mink\u00e4 vuoksi t\u00e4m\u00e4 siirto on eritt\u00e4in j\u00e4rkev\u00e4.&nbsp;<\/p>\r\n\r\n\r\n\r\n<p>Viimeaikaisen kasvunsa ansiosta yhti\u00f6ll\u00e4 on keskuksia seuraavissa paikoissa. <a href=\"https:\/\/comparemyjet.com\/fi\/yksityiset-matkat\/atlanta-private-tours\/\" data-internallinksmanager029f6b8e52c=\"403\" title=\"11 parasta Atlanta Yksityiset matkat Alkaen $89.99\">Atlanta<\/a>, <a href=\"https:\/\/comparemyjet.com\/fi\/yksityiset-matkat\/austin-private-tours\/\" data-internallinksmanager029f6b8e52c=\"404\" title=\"11 parasta Austinin yksityiset retket Alkaen $25.00\">Austin<\/a>, Baltimore, <a href=\"https:\/\/comparemyjet.com\/fi\/yksityiset-suihkukone-charterit-bostoniin\/\" data-internallinksmanager029f6b8e52c=\"177\" title=\"Yksityiset suihkukoneiden tilauslennot Bostoniin\">Boston<\/a>, <a href=\"https:\/\/comparemyjet.com\/fi\/yksityiset-suihkukone-charterit-chicagoon\/\" data-internallinksmanager029f6b8e52c=\"170\" title=\"Yksityiset suihkukoneiden tilauslennot Chicagoon\">Chicago<\/a>, <a href=\"https:\/\/comparemyjet.com\/fi\/yksityiset-matkat\/denver-private-tours\/\" data-internallinksmanager029f6b8e52c=\"410\" title=\"11 Parasta Denverin yksityiset retket Alkaen $49.00\">Denver<\/a>, <a href=\"https:\/\/comparemyjet.com\/fi\/yksityiset-matkat\/los-angeles-private-tours\/\" data-internallinksmanager029f6b8e52c=\"421\" title=\"11 Parasta Los Angelesin yksityisretki\u00e4 Alkaen $55.00\">Los Angeles<\/a>ja Scottsdale.<\/p>\r\n\r\n\r\n\r\n<h2 class=\"wp-block-heading\"><span class=\"ez-toc-section\" id=\"Empty_Leg_Flight\"><\/span>Tyhj\u00e4n jalan lento<span class=\"ez-toc-section-end\"><\/span><\/h2>\r\n\r\n\r\n\r\n<p>S\u00e4\u00e4nn\u00f6llisten tilauslentojen lis\u00e4ksi GrandView Aviation voi auttaa sinua seuraavissa asioissa <a href=\"https:\/\/comparemyjet.com\/fi\/miten-kirja-tyhjat-jalka-lennot\/\" data-internallinksmanager029f6b8e52c=\"24\" title=\"Miten varata tyhj\u00e4n jalan lentoja\">varata tyhji\u00e4 lentoja<\/a>. Tyhj\u00e4 osuus on lento, jonka on jo tarkoitus lent\u00e4\u00e4 tiettyyn m\u00e4\u00e4r\u00e4np\u00e4\u00e4h\u00e4n ilman matkustajia. Tyhj\u00e4n osuuden lentoja on yleens\u00e4 saatavilla, kun kone on siirrett\u00e4v\u00e4 tai palautettava toiselle reitille.&nbsp;<\/p>\r\n\r\n\r\n\r\n<p>Jos voit tehd\u00e4 viime hetken j\u00e4rjestelyj\u00e4 joidenkin matkojen osalta, on <a href=\"https:\/\/flygv.com\/empty-legs\/\" target=\"_blank\" rel=\"noopener\">tyhj\u00e4n jalan lento<\/a> on aina ihanteellinen vaihtoehto, koska ne ovat paljon halvempia kuin tavallinen hinta.&nbsp;<\/p>\r\n\r\n\r\n\r\n<h2 class=\"wp-block-heading\"><span class=\"ez-toc-section\" id=\"Company_Card_Programs\"><\/span>Yrityksen korttiohjelmat<span class=\"ez-toc-section-end\"><\/span><\/h2>\r\n\r\n\r\n\r\n<p>GrandView Aviation tarjoaa kahdenlaisia j\u00e4senyyspaketteja kanta-asiakkaille: <strong><em>Korkeus mailia<\/em><\/strong> ja <strong><em>Korkeus Plus Miles<\/em><\/strong>.&nbsp;<\/p>\r\n\r\n\r\n\r\n<p>Tullaksesi j\u00e4seneksi GrandView Aviationsin jet-korttiohjelmaan <strong>Korkeus Plus<\/strong>, sinun on teht\u00e4v\u00e4 $150,000:n suuruinen talletus. Saat heti talletuksen tehdess\u00e4si korkolukon 24 kuukaudeksi, ja voit hy\u00f6dynt\u00e4\u00e4 kiinteit\u00e4 kiinteit\u00e4 kiinteit\u00e4 hintoja yli 65 kohteeseen, mukaan lukien 10%:n alennus jokaisesta lennosta. Kun matkustat useammin, ansaitset enemm\u00e4n etuja ja etuoikeuksia, kuten esim:<\/p>\r\n\r\n\r\n\r\n<ul class=\"wp-block-list\"><li>Ateriapalvelut aluksella&nbsp;<\/li><li>Lentohyvitykset&nbsp;<\/li><li>Joustavat peruutukset - GrandView korvaa lipun hinnan tilillesi.<\/li><li>$200 ateriapalveluhyvitys jokaiselta lentop\u00e4iv\u00e4lt\u00e4, jonka lenn\u00e4t.<\/li><li>Tyhjien lentojen tarjoukset<\/li><\/ul>\r\n\r\n\r\n\r\n<p>Toisin kuin Altitude Plus, liittyminen on ilmaista. <strong>Korkeus mailia <\/strong>j\u00e4senen\u00e4, mutta et saa lentoalennuksia tai kiinteit\u00e4 hintoja. Usein matkustavat voivat ansaita etuja ja etuoikeuksia, kuten:<\/p>\r\n\r\n\r\n\r\n<ul class=\"wp-block-list\"><li>Ateriapalvelut aluksella&nbsp;<\/li><li>Lentohyvitykset&nbsp;<\/li><li>Joustavat peruutukset - GrandView korvaa lipun hinnan tilillesi.<\/li><li>$200 ateriapalveluhyvitys jokaiselta lentop\u00e4iv\u00e4lt\u00e4si.<\/li><li>Tyhjien lentojen tarjoukset<\/li><\/ul>\r\n\r\n\r\n\r\n<h2 class=\"wp-block-heading\"><span class=\"ez-toc-section\" id=\"Pricing\"><\/span>Hinnoittelu<span class=\"ez-toc-section-end\"><\/span><\/h2>\r\n\r\n\r\n\r\n<p>Tuntihinta on taattu j\u00e4senille, ja kustannukset lasketaan kokonaislentotuntien mukaan. Hintaan sis\u00e4ltyy uudelleensijoitus Atlantasta, Austinista, Baltimoresta, Bostonista, Chicagosta, Denverist\u00e4, Los Angelesista ja Scottsdalesta. Yli 65 t\u00e4rkeimp\u00e4\u00e4n kohteeseen on kiinte\u00e4t kuljetusmaksut.&nbsp;<\/p>\r\n\r\n\r\n\r\n<p>Niiden Phenom 300 -laivaston tuntikustannukset alkavat noin $3,100:sta, mukaan lukien FET (Federal Excise Tax), mutta ilman uudelleensijoitusmaksuja.<\/p>\r\n\r\n\r\n\r\n<h2 class=\"wp-block-heading\"><span class=\"ez-toc-section\" id=\"The_Fleet\"><\/span>Laivasto&nbsp;<span class=\"ez-toc-section-end\"><\/span><\/h2>\r\n\r\n\r\n\r\n<figure class=\"wp-block-image size-full is-style-default\"><img loading=\"lazy\" decoding=\"async\" width=\"1000\" height=\"667\" src=\"https:\/\/comparemyjet.com\/wp-content\/uploads\/2022\/08\/phenom300.jet_.jpg\" alt=\"\" class=\"wp-image-3224\" srcset=\"https:\/\/comparemyjet.com\/wp-content\/uploads\/2022\/08\/phenom300.jet_-18x12.jpg 18w, https:\/\/comparemyjet.com\/wp-content\/uploads\/2022\/08\/phenom300.jet_-300x200.jpg 300w, https:\/\/comparemyjet.com\/wp-content\/uploads\/2022\/08\/phenom300.jet_-768x512.jpg 768w, https:\/\/comparemyjet.com\/wp-content\/uploads\/2022\/08\/phenom300.jet_.jpg 1000w\" sizes=\"auto, (max-width: 1000px) 100vw, 1000px\" \/><\/figure>\r\n\r\n\r\n\r\n<p>GrandView Aviation yll\u00e4pit\u00e4\u00e4 Phenom 300 -yksil\u00f6lentokoneiden ja joidenkin helikoptereiden laivastoaan Bostonissa, Baltimoressa\/DC:ss\u00e4, Los Angelesissa, Chicagossa, Atlantassa ja Austinissa sijaitsevissa solmukohdissa, <a href=\"https:\/\/comparemyjet.com\/fi\/yksityiset-suihkukone-charterit-phoenixiin\/\" data-internallinksmanager029f6b8e52c=\"199\" title=\"Yksityiset suihkukoneiden tilauslennot Phoenixiin\">Phoenix<\/a>ja Denver.<\/p>\r\n\r\n\r\n\r\n<h3 class=\"wp-block-heading\"><span class=\"ez-toc-section\" id=\"1_Light_Private_Jets\"><\/span>1. Kevyet yksityiset suihkukoneet<span class=\"ez-toc-section-end\"><\/span><\/h3>\r\n\r\n\r\n\r\n<p>Helikoptereihin verrattuna kevyet suihkukoneet ovat suurempia ja niill\u00e4 on suurempi kantama. Ne voivat kuljettaa jopa kahdeksan matkustajaa mukavasti, koska niiden matkustamo ja matkatavaras\u00e4ilytys ovat suuremmat.<\/p>\r\n\r\n\r\n\r\n<p>Kevyet lentokoneet voivat my\u00f6s laskeutua ja nousta pienilt\u00e4 kiitoradoilta ja paikallisilta lentoasemilta, jolloin voit vierailla vaikeap\u00e4\u00e4syisill\u00e4 alueilla ja lentoasemilla, joilla on lyhyemm\u00e4t kiitoradat.<\/p>\r\n\r\n\r\n\r\n<h4 class=\"wp-block-heading\"><span class=\"ez-toc-section\" id=\"Our_Recommendation_Embraer_Phenom_300\"><\/span>Suosituksemme: Embraer Phenom 300<span class=\"ez-toc-section-end\"><\/span><\/h4>\r\n\r\n\r\n\r\n<p>Phenom 300:een mahtuu jopa 8 matkustajaa, ja tilavassa matkustamossa on runsaasti matkatavaratilaa. Tilaa riitt\u00e4\u00e4 golfvarusteille, laukuille ja muille matkalla tarvitsemillesi tavaroille. Sis\u00e4tiloissa on mukavasti jalkatilaa, ja niiss\u00e4 on korkealuokkaiset kalusteet, kuten nahkaiset lepotuolit, puiset p\u00f6yd\u00e4t ja muhkeat matot, mukaan lukien wc-tilat. Ilmaisten v\u00e4lipalojen ja viinin lis\u00e4ksi he voivat pyynn\u00f6st\u00e4 tarjota ateriapalveluja lennon aikana.&nbsp;<\/p>\r\n\r\n\r\n\r\n<p>Vuosina 2013-2015 Phenom 300 oli suosituin liikesuihkukone. T\u00e4m\u00e4n lentokoneen toimintas\u00e4de p\u00e4ihitt\u00e4\u00e4 useimmat muut kevyet suihkukoneet, ja se tarjoaa keskikokoisen suihkukoneen suorituskyvyn edullisemmin kustannuksin.&nbsp;<\/p>\r\n\r\n\r\n\r\n<p>Phenom 300:n tekniset tiedot ja varusteet:<\/p>\r\n\r\n\r\n\r\n<ul class=\"wp-block-list\"><li>Matkustajia: 8;<\/li><li>Ohjaamon korkeus: 4 ft 11 in;<\/li><li>Ohjaamon leveys: 5 ft 1 in;<\/li><li>Ohjaamon pituus: 17 ft 2 in;<\/li><li>Ulkokorkeus: 16 ft 5 in;<\/li><li>Ulkoiset matkatavarat: 66 cu ft;<\/li><li>Sis\u00e4inen matkatavara: 19 cu ft;<\/li><li>Maksiminopeus: 453 kts;<\/li><li>Maksimialue: 2077 nm;<\/li><li>Nousunopeus: 3335 fpm;<\/li><li>Miehist\u00f6: 2;<\/li><li>Langaton internet;<\/li><li>WC;<\/li><li>Pistorasiat ja satelliittipuhelinpalvelu.<\/li><\/ul>\r\n\r\n\r\n\r\n<p><em>Phenom 300<\/em> tilauslentokoneita on Baltimoressa\/DC:ss\u00e4, Chicagossa, Austinissa, Atlantassa ja Scottsdalessa, joten voit lent\u00e4\u00e4 Yhdysvaltojen keski- ja pohjois-, koillis- ja keskiosista.&nbsp;<\/p>\r\n\r\n\r\n\r\n<h3 class=\"wp-block-heading\"><span class=\"ez-toc-section\" id=\"2_Helicopters\"><\/span>2. Helikopterit<span class=\"ez-toc-section-end\"><\/span><\/h3>\r\n\r\n\r\n\r\n<p>Helikopterilentojen avulla voit nousta ja laskeutua mihin tahansa paikkaan, kuten helikopterikentille, lomakohteisiin ja jopa omakotitaloihin. Ne voivat laskeutua h\u00e4t\u00e4tilanteessa l\u00e4hes minne tahansa, ja ne aiheuttavat v\u00e4hemm\u00e4n vaaroja matkustajille. S\u00e4\u00e4olosuhteet vaikuttavat niihin kuitenkin helpommin, ja lentosi saatetaan peruuttaa, jos s\u00e4\u00e4olosuhteet eiv\u00e4t ole ihanteelliset.&nbsp;<\/p>\r\n\r\n\r\n\r\n<p>GrandView Aviation tarjoaa VIP-helikoptereita, joissa on lennon aikana k\u00e4ytett\u00e4v\u00e4t viihdej\u00e4rjestelm\u00e4t ja tilaa jopa 12 matkustajalle. Kaikkia helikopterilentoja operoi kaksi ammattitaitoista lent\u00e4j\u00e4\u00e4 asiakkaiden optimaalisen turvallisuuden takaamiseksi.<\/p>\r\n\r\n\r\n\r\n<h4 class=\"wp-block-heading\"><span class=\"ez-toc-section\" id=\"Our_Recommendation_Bell_407GXI\"><\/span>Suosituksemme: Bell 407GXI<span class=\"ez-toc-section-end\"><\/span><\/h4>\r\n\r\n\r\n\r\n<p>Bell 407GXI on nelilapainen yksimoottorinen monitoimihelikopteri, joka esiteltiin ensimm\u00e4isen kerran vuonna 1995. Siipien ja navan komposiittimateriaali parantaa suorituskyky\u00e4 ja tarjoaa miellytt\u00e4v\u00e4mm\u00e4n lennon. Sit\u00e4 k\u00e4ytet\u00e4\u00e4n usein lainvalvonnassa, s\u00e4hk\u00f6isess\u00e4 uutisoinnissa ja elokuvien luomisessa sek\u00e4 kaupank\u00e4ynniss\u00e4 ja offshore-laivaliikenteess\u00e4. Ohjaamo voidaan konfiguroida erilaisiin teht\u00e4viin ja hy\u00f6tykuormiin sopivaksi, mukaan lukien jopa kuuden hengen klubimatkustajapaikat.&nbsp;<\/p>\r\n\r\n\r\n\r\n<p>Tekniset tiedot:<\/p>\r\n\r\n\r\n\r\n<ul class=\"wp-block-list\"><li>Matkustajia: 5;<\/li><li>Ulkokorkeus: 11 ft 8 in;<\/li><li>Ulkoinen matkatavara: 20 kuutiometri\u00e4;<\/li><li>Pituus: 41 ft 8 in;<\/li><li>Sis\u00e4inen matkatavara: 3 cu ft;<\/li><li>Maksiminopeus: 140 kts;<\/li><li>Istuimet ovat muhkeat ja ylit\u00e4ytteiset;<\/li><li>Nahkaverhoilu.<\/li><\/ul>\r\n\r\n\r\n\r\n<p>Suositellun helikopterin lis\u00e4ksi <em>Bell 407<\/em>, GrandView Aviation tarjoaa viel\u00e4 yhden luettelossaan - t<em>Sikorsky S-76D<\/em>.<\/p>\r\n\r\n\r\n\r\n<h2 class=\"wp-block-heading\"><span class=\"ez-toc-section\" id=\"Company_Safety_Policy_and_Standards\"><\/span>Yrityksen turvallisuuspolitiikka ja -standardit<span class=\"ez-toc-section-end\"><\/span><\/h2>\r\n\r\n\r\n\r\n<p><a href=\"https:\/\/nbaa.org\/flight-department-administration\/sms\/is-bao\/\" target=\"_blank\" rel=\"noopener\">Liikelentotoimintaa koskeva kansainv\u00e4linen standardi<\/a> (IS-BAO) perustettiin auttamaan lento-osastoja maailmanlaajuisesti saavuttamaan korkeat turvallisuus- ja ammattitaitovaatimukset. GrandView Aviationin asiakkaana voit olla varma siit\u00e4, ett\u00e4 hyv\u00e4ksytt\u00e4v\u00e4ss\u00e4 <a href=\"https:\/\/www.faa.gov\/about\/initiatives\/sms\" target=\"_blank\" rel=\"noopener\">Turvallisuusjohtamisj\u00e4rjestelm\u00e4<\/a> (SMS) on otettu k\u00e4ytt\u00f6\u00f6n kaikilla helikopterien tilauslennoilla t\u00e4m\u00e4n turvallisuusluokituksen ansiosta.<\/p>\r\n\r\n\r\n\r\n<p>Lis\u00e4ksi, <a href=\"https:\/\/nbaa.org\/\" target=\"_blank\" rel=\"noopener\">National Business Aviation Association<\/a> on my\u00f6nt\u00e4nyt GrandView Aviationille 10 vuoden onnettomuus- ja vaaratilanteista vapaan turvallisuustodistuksen, ja yhti\u00f6n lent\u00e4j\u00e4t ovat saaneet <a href=\"https:\/\/www.wyvernltd.com\/\" target=\"_blank\" rel=\"noopener\">Wyvern siipimies<\/a> turvallisuusluokiteltu ja <a href=\"https:\/\/www.argus.aero\/\" target=\"_blank\" rel=\"noopener\">ARGUS<\/a> Kultaluokitellut operaattorit.<\/p>\r\n\r\n\r\n\r\n<p>GrandViewll\u00e4 on $150 miljoonan euron vastuuvakuutus, ja kaikilla lennoilla on kaksi lent\u00e4j\u00e4\u00e4.<\/p>\r\n\r\n\r\n\r\n<h2 class=\"wp-block-heading\"><span class=\"ez-toc-section\" id=\"The_Staff\"><\/span>Henkil\u00f6kunta<span class=\"ez-toc-section-end\"><\/span><\/h2>\r\n\r\n\r\n\r\n<figure class=\"wp-block-image size-full is-style-default\"><img loading=\"lazy\" decoding=\"async\" width=\"1000\" height=\"667\" src=\"https:\/\/comparemyjet.com\/wp-content\/uploads\/2022\/07\/two.private.jet_.pilots.jpg\" alt=\"GrandView Aviation\" class=\"wp-image-3137\" srcset=\"https:\/\/comparemyjet.com\/wp-content\/uploads\/2022\/07\/two.private.jet_.pilots-18x12.jpg 18w, https:\/\/comparemyjet.com\/wp-content\/uploads\/2022\/07\/two.private.jet_.pilots-300x200.jpg 300w, https:\/\/comparemyjet.com\/wp-content\/uploads\/2022\/07\/two.private.jet_.pilots-768x512.jpg 768w, https:\/\/comparemyjet.com\/wp-content\/uploads\/2022\/07\/two.private.jet_.pilots.jpg 1000w\" sizes=\"auto, (max-width: 1000px) 100vw, 1000px\" \/><\/figure>\r\n\r\n\r\n\r\n<p>GrandView on kasvanut 65 hengen yrityksest\u00e4 yli 120 hengen henkil\u00f6st\u00f6\u00f6n, johon kuuluu lent\u00e4ji\u00e4, lennonjohtajia ja teknikkoja. Vuonna 2022 yritys tuotti yli $50 miljoonan euron liikevaihdon, ja se on nimetty <a href=\"https:\/\/thedailyrecord.com\/2022\/01\/21\/grandview-aviation-moves-to-new-hq-in-middle-river\/\" target=\"_blank\" rel=\"noopener\">Inc 5000 -luettelo Amerikan nopeimmin kasvavista yrityksist\u00e4<\/a>. Yhti\u00f6ll\u00e4 on eniten yksityisen ilmailun ty\u00f6ntekij\u00f6it\u00e4 Marylandissa.&nbsp;<\/p>\r\n\r\n\r\n\r\n<h2 class=\"wp-block-heading\"><span class=\"ez-toc-section\" id=\"Conclusion\"><\/span>P\u00e4\u00e4telm\u00e4<span class=\"ez-toc-section-end\"><\/span><\/h2>\r\n\r\n\r\n\r\n<p>GrandView on merkitt\u00e4v\u00e4 pohjoisamerikkalainen yksityinen tilauslento- ja elinsiirtolentoyhti\u00f6, jolla on 130 ty\u00f6ntekij\u00e4\u00e4 ja Phenom 300 -lentokalusto Baltimoressa, Marylandissa.&nbsp;<\/p>\r\n\r\n\r\n\r\n<p>Voit liitty\u00e4 niiden Altitude Plus ja Altitude Miles jet kortti ohjelmat tulla j\u00e4seneksi ja saada joitakin tarjottuja etuisuuksia. Jet-kortin omistajana ansaitset mailia lent\u00e4ess\u00e4si, ja palkintomailit voi k\u00e4ytt\u00e4\u00e4 lentohyvityksiin, ateriapalveluihin ja muihin palveluihin. Altitude Plus -j\u00e4senet saavat my\u00f6s alennusta lennoista. T\u00e4m\u00e4n lis\u00e4ksi he tarjoavat joustavan peruutusoikeuden, joten voit tehd\u00e4 joustavia suunnitelmia ilman huolia.&nbsp;<\/p>","protected":false},"excerpt":{"rendered":"<p>GrandView Aviation on Baltimoressa sijaitseva yksityinen suihkukone charter yritys, joka toimii Yhdysvalloissa. Voit lent\u00e4\u00e4 ymp\u00e4ri maata heid\u00e4n Phenom 300 -suihkukoneillaan ja vuokrata heid\u00e4n Sikorsky S-76D- ja Bell 407GXI -helikoptereitaan Baltimoressa ja Washington D.C:ss\u00e4. Koska yritys on Wyvern Wingman -sertifioitu, heid\u00e4n lent\u00e4j\u00e4ns\u00e4 noudattavat viimeisimpi\u00e4 ja parhaita ...<\/p>","protected":false},"author":2,"featured_media":3225,"parent":0,"menu_order":0,"comment_status":"closed","ping_status":"closed","template":"","meta":{"_acf_changed":false,"_genesis_hide_title":false,"_genesis_hide_breadcrumbs":false,"_genesis_hide_singular_image":false,"_genesis_hide_footer_widgets":false,"_genesis_custom_body_class":"","_genesis_custom_post_class":"","_genesis_layout":"","footnotes":""},"class_list":{"1":"page","2":"type-page","6":"entry"},"acf":[],"_links":{"self":[{"href":"https:\/\/comparemyjet.com\/fi\/wp-json\/wp\/v2\/pages\/3223","targetHints":{"allow":["GET"]}}],"collection":[{"href":"https:\/\/comparemyjet.com\/fi\/wp-json\/wp\/v2\/pages"}],"about":[{"href":"https:\/\/comparemyjet.com\/fi\/wp-json\/wp\/v2\/types\/page"}],"author":[{"embeddable":true,"href":"https:\/\/comparemyjet.com\/fi\/wp-json\/wp\/v2\/users\/2"}],"replies":[{"embeddable":true,"href":"https:\/\/comparemyjet.com\/fi\/wp-json\/wp\/v2\/comments?post=3223"}],"version-history":[{"count":2,"href":"https:\/\/comparemyjet.com\/fi\/wp-json\/wp\/v2\/pages\/3223\/revisions"}],"predecessor-version":[{"id":3460,"href":"https:\/\/comparemyjet.com\/fi\/wp-json\/wp\/v2\/pages\/3223\/revisions\/3460"}],"wp:featuredmedia":[{"embeddable":true,"href":"https:\/\/comparemyjet.com\/fi\/wp-json\/wp\/v2\/media\/3225"}],"wp:attachment":[{"href":"https:\/\/comparemyjet.com\/fi\/wp-json\/wp\/v2\/media?parent=3223"}],"curies":[{"name":"wp","href":"https:\/\/api.w.org\/{rel}","templated":true}]}}