{"id":3228,"date":"2022-09-20T20:27:21","date_gmt":"2022-09-20T20:27:21","guid":{"rendered":"https:\/\/comparemyjet.com\/?page_id=3228"},"modified":"2025-09-04T09:58:24","modified_gmt":"2025-09-04T09:58:24","slug":"jet-algo","status":"publish","type":"page","link":"https:\/\/comparemyjet.com\/fi\/jet-algo\/","title":{"rendered":"Jet Algon lentojen hinnoittelu"},"content":{"rendered":"<p>Jet Algo on yksityinen charter-yritys, jonka kotipaikka on Morristown, New York. <a href=\"https:\/\/comparemyjet.com\/fi\/yksityiset-suihkukoneiden-tilauslennot-jerseyyn\/\" data-internallinksmanager029f6b8e52c=\"176\" title=\"Yksityiset suihkukoneiden tilauslennot Jerseyyn\">Jersey<\/a>. Yksi tapa, jolla ne eroavat muista yrityksist\u00e4, on patentoitujen algoritmien k\u00e4ytt\u00f6 asiakkaiden profiilien ja matkareittien mukaan r\u00e4\u00e4t\u00e4l\u00f6ityjen hinta-arvioiden laskemisessa. Algoritmiensa avulla he tekev\u00e4t maksuj\u00e4rjestelm\u00e4n matkasuunnitelmasi perusteella.&nbsp;<\/p>\r\n\r\n\r\n\r\n<p>Yhti\u00f6 tarjoaa suihkukorttiohjelman ilman hallintomaksuja, eik\u00e4 sinun tarvitse olla omistaja tai omistaa osuutta voidaksesi lent\u00e4\u00e4. Katsotaanpa, mit\u00e4 heill\u00e4 on tarjota tarkemmin.&nbsp;<\/p>\r\n\r\n\r\n\r\n<div id=\"ez-toc-container\" class=\"ez-toc-v2_0_76 counter-hierarchy ez-toc-counter ez-toc-grey ez-toc-container-direction\">\n<p class=\"ez-toc-title\" style=\"cursor:inherit\">Aiheet<\/p>\n<label for=\"ez-toc-cssicon-toggle-item-69e7499a0fa92\" class=\"ez-toc-cssicon-toggle-label\"><span class=\"\"><span class=\"eztoc-hide\" style=\"display:none;\">Toggle<\/span><span class=\"ez-toc-icon-toggle-span\"><svg style=\"fill: #999;color:#999\" xmlns=\"http:\/\/www.w3.org\/2000\/svg\" class=\"list-377408\" width=\"20px\" height=\"20px\" viewbox=\"0 0 24 24\" fill=\"none\"><path d=\"M6 6H4v2h2V6zm14 0H8v2h12V6zM4 11h2v2H4v-2zm16 0H8v2h12v-2zM4 16h2v2H4v-2zm16 0H8v2h12v-2z\" fill=\"currentColor\"><\/path><\/svg><svg style=\"fill: #999;color:#999\" class=\"arrow-unsorted-368013\" xmlns=\"http:\/\/www.w3.org\/2000\/svg\" width=\"10px\" height=\"10px\" viewbox=\"0 0 24 24\" version=\"1.2\" baseprofile=\"tiny\"><path d=\"M18.2 9.3l-6.2-6.3-6.2 6.3c-.2.2-.3.4-.3.7s.1.5.3.7c.2.2.4.3.7.3h11c.3 0 .5-.1.7-.3.2-.2.3-.5.3-.7s-.1-.5-.3-.7zM5.8 14.7l6.2 6.3 6.2-6.3c.2-.2.3-.5.3-.7s-.1-.5-.3-.7c-.2-.2-.4-.3-.7-.3h-11c-.3 0-.5.1-.7.3-.2.2-.3.5-.3.7s.1.5.3.7z\"\/><\/svg><\/span><\/span><\/label><input type=\"checkbox\"  id=\"ez-toc-cssicon-toggle-item-69e7499a0fa92\" checked aria-label=\"Toggle\" \/><nav><ul class='ez-toc-list ez-toc-list-level-1' ><li class='ez-toc-page-1 ez-toc-heading-level-2'><a class=\"ez-toc-link ez-toc-heading-1\" href=\"https:\/\/comparemyjet.com\/fi\/jet-algo\/#Company_History\" >Yrityksen historia<\/a><\/li><li class='ez-toc-page-1 ez-toc-heading-level-2'><a class=\"ez-toc-link ez-toc-heading-2\" href=\"https:\/\/comparemyjet.com\/fi\/jet-algo\/#Pricing\" >Hinnoittelu<\/a><\/li><li class='ez-toc-page-1 ez-toc-heading-level-2'><a class=\"ez-toc-link ez-toc-heading-3\" href=\"https:\/\/comparemyjet.com\/fi\/jet-algo\/#Company_Card_Program\" >Yrityksen korttiohjelma<\/a><\/li><li class='ez-toc-page-1 ez-toc-heading-level-2'><a class=\"ez-toc-link ez-toc-heading-4\" href=\"https:\/\/comparemyjet.com\/fi\/jet-algo\/#The_Fleet\" >Laivasto&nbsp;<\/a><ul class='ez-toc-list-level-3' ><li class='ez-toc-heading-level-3'><a class=\"ez-toc-link ez-toc-heading-5\" href=\"https:\/\/comparemyjet.com\/fi\/jet-algo\/#1_Light_Private_Jets\" >1. Kevyet yksityiset suihkukoneet<\/a><ul class='ez-toc-list-level-4' ><li class='ez-toc-heading-level-4'><a class=\"ez-toc-link ez-toc-heading-6\" href=\"https:\/\/comparemyjet.com\/fi\/jet-algo\/#Our_Recommendation_Eclipse_500\" >Suosituksemme: Eclipse 500<\/a><\/li><\/ul><\/li><li class='ez-toc-page-1 ez-toc-heading-level-3'><a class=\"ez-toc-link ez-toc-heading-7\" href=\"https:\/\/comparemyjet.com\/fi\/jet-algo\/#2_Midsize_Private_Jets\" >2. Keskikokoiset yksityiset suihkukoneet<\/a><ul class='ez-toc-list-level-4' ><li class='ez-toc-heading-level-4'><a class=\"ez-toc-link ez-toc-heading-8\" href=\"https:\/\/comparemyjet.com\/fi\/jet-algo\/#Our_Recommendation_The_Hawker_800XP\" >Suosituksemme: Hawker 800XP<\/a><\/li><\/ul><\/li><li class='ez-toc-page-1 ez-toc-heading-level-3'><a class=\"ez-toc-link ez-toc-heading-9\" href=\"https:\/\/comparemyjet.com\/fi\/jet-algo\/#3_Super-Midsize_Private_Jets\" >3. Superkeskikokoiset yksityiset suihkukoneet&nbsp;<\/a><ul class='ez-toc-list-level-4' ><li class='ez-toc-heading-level-4'><a class=\"ez-toc-link ez-toc-heading-10\" href=\"https:\/\/comparemyjet.com\/fi\/jet-algo\/#Our_Recommendation_Citation_X\" >Suosituksemme: Citation X<\/a><\/li><\/ul><\/li><li class='ez-toc-page-1 ez-toc-heading-level-3'><a class=\"ez-toc-link ez-toc-heading-11\" href=\"https:\/\/comparemyjet.com\/fi\/jet-algo\/#4_Large_Private_Jets\" >4. Suuret yksityiset suihkukoneet<\/a><ul class='ez-toc-list-level-4' ><li class='ez-toc-heading-level-4'><a class=\"ez-toc-link ez-toc-heading-12\" href=\"https:\/\/comparemyjet.com\/fi\/jet-algo\/#Our_Recommendation_Bombardier_Challenger_650\" >Suosituksemme:  Bombardier Challenger 650&nbsp;<\/a><\/li><\/ul><\/li><li class='ez-toc-page-1 ez-toc-heading-level-3'><a class=\"ez-toc-link ez-toc-heading-13\" href=\"https:\/\/comparemyjet.com\/fi\/jet-algo\/#5_Long-Range_Private_Jets\" >5. Pitk\u00e4n matkan yksityiset suihkukoneet<\/a><ul class='ez-toc-list-level-4' ><li class='ez-toc-heading-level-4'><a class=\"ez-toc-link ez-toc-heading-14\" href=\"https:\/\/comparemyjet.com\/fi\/jet-algo\/#Our_Recommendation_The_Gulfstream_G450\" >Suosituksemme: Gulfstream G450&nbsp;<\/a><\/li><\/ul><\/li><\/ul><\/li><li class='ez-toc-page-1 ez-toc-heading-level-2'><a class=\"ez-toc-link ez-toc-heading-15\" href=\"https:\/\/comparemyjet.com\/fi\/jet-algo\/#Company_Safety_Policy_and_Standards\" >Yrityksen turvallisuuspolitiikka ja -standardit<\/a><\/li><li class='ez-toc-page-1 ez-toc-heading-level-2'><a class=\"ez-toc-link ez-toc-heading-16\" href=\"https:\/\/comparemyjet.com\/fi\/jet-algo\/#Conclusion\" >P\u00e4\u00e4telm\u00e4<\/a><\/li><\/ul><\/nav><\/div>\n<h2 class=\"wp-block-heading\"><span class=\"ez-toc-section\" id=\"Company_History\"><\/span>Yrityksen historia<span class=\"ez-toc-section-end\"><\/span><\/h2>\r\n\r\n\r\n\r\n<p>Jet Algo aloitti toimintansa vuonna 1995 <em>Skywaves<\/em>. Yrityksen liiketoimintastrategian, joka perustuu algoritmien k\u00e4ytt\u00f6\u00f6n hintojen arvioinnissa, keksi entinen <a href=\"https:\/\/comparemyjet.com\/fi\/delta-private-jets\/\" data-internallinksmanager029f6b8e52c=\"184\" title=\"Delta Private Jets -j\u00e4senyyden hinnoittelu\">Deltan yksityiset suihkukoneet<\/a> varatoimitusjohtaja Jon Mende, Jet Algon toimitusjohtaja. Mende v\u00e4itt\u00e4\u00e4, ett\u00e4 yhti\u00f6 tarjoaa yhdensuuntaisen ja meno-paluu lennon kiinte\u00e4n hinnoittelun, joka perustuu varmistettuun saatavuuteen l\u00e4pimenoaikojen ja arvioidun budjetin perusteella. H\u00e4nen tavoitteenaan on tarjota asiakkaille vaihtoehtoisia kiinteit\u00e4 hintoja, jotka perustuvat tiettyihin kohdepareihin, ja halvempia maksuja niille, jotka matkustavat tihe\u00e4\u00e4n asuttujen paikkojen v\u00e4lill\u00e4 ilman, ett\u00e4 he tarvitsevat lauttalentoja.&nbsp;<\/p>\r\n\r\n\r\n\r\n<h2 class=\"wp-block-heading\"><span class=\"ez-toc-section\" id=\"Pricing\"><\/span>Hinnoittelu<span class=\"ez-toc-section-end\"><\/span><\/h2>\r\n\r\n\r\n\r\n<p>Jet Algon perustamis- ja j\u00e4senyyskulut ovat noin $1,000 kuukaudessa, ja rahaa k\u00e4ytet\u00e4\u00e4n lentokulujen kattamiseen. Talletuksesi m\u00e4\u00e4r\u00e4 m\u00e4\u00e4r\u00e4ytyy henkil\u00f6kohtaisen ohjelmasi mukaan, ja hinnat ovat kiinte\u00e4t seuraavat 24 kuukautta.<\/p>\r\n\r\n\r\n\r\n<p>Kun olet liittynyt j\u00e4seneksi, voit hy\u00f6dynt\u00e4\u00e4 saatavuustakuuta, kiinte\u00e4\u00e4 tuntihintaa ja reittisi mukaan m\u00e4\u00e4r\u00e4ytyv\u00e4\u00e4 r\u00e4\u00e4t\u00e4l\u00f6ity\u00e4 hinnoittelua.<\/p>\r\n\r\n\r\n\r\n<p>Jos haluat IS-BAO Stage 3, Argus Platinum tai Wyvern Wingman -operaattoreita etk\u00e4 noin 7 000 lentokoneen tavanomaista Part 135 -laivastoa, joudut maksamaan ylim\u00e4\u00e4r\u00e4ist\u00e4. Hinnat vaihtelevat vaatimustesi ja mieltymystesi mukaan.<\/p>\r\n\r\n\r\n\r\n<h2 class=\"wp-block-heading\"><span class=\"ez-toc-section\" id=\"Company_Card_Program\"><\/span>Yrityksen korttiohjelma<span class=\"ez-toc-section-end\"><\/span><\/h2>\r\n\r\n\r\n\r\n<p>Useimmat lentokorttiyhti\u00f6t veloittavat sinulta saman maksun riippumatta siit\u00e4, minne menet, mit\u00e4 lentoasemia k\u00e4yt\u00e4t, kuinka paljon ilmoitat lennosta tai kuinka kauan viivyt kohteessasi. Jos siis suunnittelet viikonloppulomaa ja varaat lipun kolme p\u00e4iv\u00e4\u00e4 etuk\u00e4teen, saatat maksaa saman hinnan kuin joku, joka l\u00e4htee 10 p\u00e4iv\u00e4n lomalle eri paikkaan ja varaa lipun vain 10 tuntia etuk\u00e4teen. T\u00e4m\u00e4n vuoksi hinnat on korvattava henkil\u00f6ille, jotka varaavat lennot viime hetkell\u00e4 tai matkustavat syrj\u00e4iseen paikkaan. Jet Algo luo hintamallin profiilisi perusteella k\u00e4ytt\u00e4en kehittyneit\u00e4 algoritmeja.&nbsp;<\/p>\r\n\r\n\r\n\r\n<h2 class=\"wp-block-heading\"><span class=\"ez-toc-section\" id=\"The_Fleet\"><\/span>Laivasto&nbsp;<span class=\"ez-toc-section-end\"><\/span><\/h2>\r\n\r\n\r\n\r\n<figure class=\"wp-block-image size-full is-style-default\"><img loading=\"lazy\" decoding=\"async\" width=\"1000\" height=\"565\" src=\"https:\/\/comparemyjet.com\/wp-content\/uploads\/2022\/09\/businessman.infront.of_.a.plane_.jpg\" alt=\"Jet Algo\" class=\"wp-image-3230\" srcset=\"https:\/\/comparemyjet.com\/wp-content\/uploads\/2022\/09\/businessman.infront.of_.a.plane_-18x10.jpg 18w, https:\/\/comparemyjet.com\/wp-content\/uploads\/2022\/09\/businessman.infront.of_.a.plane_-300x170.jpg 300w, https:\/\/comparemyjet.com\/wp-content\/uploads\/2022\/09\/businessman.infront.of_.a.plane_-768x434.jpg 768w, https:\/\/comparemyjet.com\/wp-content\/uploads\/2022\/09\/businessman.infront.of_.a.plane_.jpg 1000w\" sizes=\"auto, (max-width: 1000px) 100vw, 1000px\" \/><\/figure>\r\n\r\n\r\n\r\n<p>V\u00e4litt\u00e4j\u00e4yrityksen\u00e4 Jet Algolla ei ole lentokonekantaa. Sen sijaan yhti\u00f6 toimii siltana sinun ja lentoyhti\u00f6n v\u00e4lill\u00e4, auttaa sinua p\u00e4\u00e4tt\u00e4m\u00e4\u00e4n, mink\u00e4 tyyppist\u00e4 suihkukonetta k\u00e4yt\u00e4t seuraavalla lennollasi, ja tarjoaa sinulle monia r\u00e4\u00e4t\u00e4l\u00f6ityj\u00e4 vaihtoehtoja.&nbsp;<\/p>\r\n\r\n\r\n\r\n<h3 class=\"wp-block-heading\"><span class=\"ez-toc-section\" id=\"1_Light_Private_Jets\"><\/span>1. Kevyet yksityiset suihkukoneet<span class=\"ez-toc-section-end\"><\/span><\/h3>\r\n\r\n\r\n\r\n<p>Kevyet suihkukoneet ovat suurempia ja niiden kantama on suurempi kuin turboprop- tai eritt\u00e4in kevyiden suihkukoneiden. Matkustamo on tilava, ja matkatavaroiden kapasiteetti riitt\u00e4\u00e4 kuljettamaan hieman muutakin kuin vain v\u00e4ltt\u00e4m\u00e4tt\u00f6m\u00e4t tavarat. Niill\u00e4 voi kuljettaa mukavasti keskim\u00e4\u00e4rin kahdeksan henkil\u00f6\u00e4, lent\u00e4\u00e4 lyhyill\u00e4 kiitoteill\u00e4 ja laskeutua pienille lentokentille.&nbsp;<\/p>\r\n\r\n\r\n\r\n<p>Kevyen suihkukoneen merkitt\u00e4vin etu on sen vertaansa vailla oleva p\u00e4\u00e4sy vaikeasti saavutettaville saarille ja vuoristoalueille.<\/p>\r\n\r\n\r\n\r\n<h4 class=\"wp-block-heading\"><span class=\"ez-toc-section\" id=\"Our_Recommendation_Eclipse_500\"><\/span>Suosituksemme: Eclipse 500<span class=\"ez-toc-section-end\"><\/span><\/h4>\r\n\r\n\r\n\r\n<p>Eclipse 500 on New Mexicossa sijaitsevan Eclipse Aerospacen valmistama kaksiturbiinimoottori. Eclipse on sek\u00e4 tehokas ett\u00e4 esteettisesti houkutteleva, ja se on yksi t\u00e4m\u00e4n luokan lentokoneiden yleis\u00f6n suosikeista.<\/p>\r\n\r\n\r\n\r\n<p>Tekniset tiedot:<\/p>\r\n\r\n\r\n\r\n<ul class=\"wp-block-list\"><li>Matkustajia: 3-4;<\/li><li>Matkanopeus: 370 solmua;<\/li><li>Lentoalue: 1 290 mailia;<\/li><li>Ohjaamon korkeus: 4 ft 2 in;<\/li><li>Ohjaamon leveys: 4 ft 7 in;<\/li><li>Ohjaamon pituus: 7 ft 6 in;<\/li><li>Tavaratila: 16 cu ft.<\/li><\/ul>\r\n\r\n\r\n\r\n<h3 class=\"wp-block-heading\"><span class=\"ez-toc-section\" id=\"2_Midsize_Private_Jets\"><\/span>2. Keskikokoiset yksityiset suihkukoneet<span class=\"ez-toc-section-end\"><\/span><\/h3>\r\n\r\n\r\n\r\n<p>Keskikokoisissa lentokoneissa on 6-8 istumapaikkaa, ja niiden suurin lentomatka on 4-5 tuntia. Se sopii erinomaisesti yksityis- ja liikematkustamiseen, sill\u00e4 se tarjoaa enemm\u00e4n joustavuutta ja mukavuutta pidemmill\u00e4 matkoilla.<\/p>\r\n\r\n\r\n\r\n<h4 class=\"wp-block-heading\"><span class=\"ez-toc-section\" id=\"Our_Recommendation_The_Hawker_800XP\"><\/span>Suosituksemme: Hawker 800XP<span class=\"ez-toc-section-end\"><\/span><\/h4>\r\n\r\n\r\n\r\n<p><a href=\"https:\/\/comparemyjet.com\/fi\/hawker-beechcraft\/\" data-internallinksmanager029f6b8e52c=\"153\" title=\"Lopullinen opas Hawker Beechcraft Yksityiset suihkukoneet &amp; Lentokoneet\">Hawker Beechcraft<\/a> valmisti Hawker 800XP:t\u00e4 vuosina 1997-2005. T\u00e4ydell\u00e4kin kapasiteetilla lennett\u00e4ess\u00e4 koneessa on runsaasti tilaa, jotta lentosi olisi mukava.<\/p>\r\n\r\n\r\n\r\n<p>Tekniset tiedot:<\/p>\r\n\r\n\r\n\r\n<ul class=\"wp-block-list\"><li>Matkustajia: 8;<\/li><li>Matkustamon tilavuus: 723 kuutiometri\u00e4;<\/li><li>Ohjaamon pituus: 21 ft 3 in;&nbsp;<\/li><li>Ohjaamon leveys: 6 ft;<\/li><li>Ohjaamon korkeus: 5 ft 8 in;<\/li><li>Matkatavaroiden tilavuus: 48 cu ft;<\/li><li>Lentokoneen kantama: 3,038 nm;<\/li><li>Risteilynopeus: 488 mph.<\/li><\/ul>\r\n\r\n\r\n\r\n<h3 class=\"wp-block-heading\"><span class=\"ez-toc-section\" id=\"3_Super-Midsize_Private_Jets\"><\/span>3. Superkeskikokoiset yksityiset suihkukoneet&nbsp;<span class=\"ez-toc-section-end\"><\/span><\/h3>\r\n\r\n\r\n\r\n<p>Superkeskikokoinen lentokone on loistava vaihtoehto isommille ryhmille tai seuraavalle maastomatkalle. N\u00e4iss\u00e4 lentokoneissa yhdistyv\u00e4t keskikokoisen suihkukoneen ketteryys ja toimintas\u00e4de sek\u00e4 suuren lentokoneen mukavuudet, ja niiss\u00e4 on seisomapaikkoja, keitti\u00f6it\u00e4, matkatavaroita, nahkaistuimia ja kokoontaitettavia ty\u00f6pisteit\u00e4.<\/p>\r\n\r\n\r\n\r\n<h4 class=\"wp-block-heading\"><span class=\"ez-toc-section\" id=\"Our_Recommendation_Citation_X\"><\/span>Suosituksemme: Citation X<span class=\"ez-toc-section-end\"><\/span><\/h4>\r\n\r\n\r\n\r\n<p>The <a href=\"https:\/\/comparemyjet.com\/fi\/cessna\/\" data-internallinksmanager029f6b8e52c=\"145\" title=\"Lopullinen opas Cessna yksityiset suihkukoneet &amp; Aircraft\">Cessna<\/a> Citation X on pitk\u00e4n matkan lentokone, joka on suunniteltu ensisijaisesti mannertenv\u00e4lisiin lentoihin. Cessna valmisti sit\u00e4 vuonna 1996, ja se on edelleen tuotannossa. Se on maailman kolmanneksi nopein t\u00e4ll\u00e4 hetkell\u00e4 tuotannossa oleva matkustajakone ja Citation-sarjan suurin kone.<\/p>\r\n\r\n\r\n\r\n<p>Citation X:\u00e4\u00e4 valmistamalla Cessna onnistui sis\u00e4llytt\u00e4m\u00e4\u00e4n keskikokoiseen lentokoneeseen Atlantin ylitt\u00e4v\u00e4n toimintas\u00e4teen.&nbsp;<\/p>\r\n\r\n\r\n\r\n<p>Tekniset tiedot:<\/p>\r\n\r\n\r\n\r\n<ul class=\"wp-block-list\"><li>Matkustajia: 9;<\/li><li>Maksimi kantama: 3 300 nm;<\/li><li>Matkanopeus: 605 mph;<\/li><li>Matkustamon tilavuus: 725 kuutiometri\u00e4;<\/li><li>Ohjaamon pituus: 23 ft 7 in;&nbsp;<\/li><li>Ohjaamon korkeus: 5 ft 6 in;&nbsp;<\/li><li>Ohjaamon leveys: 5 jalkaa 7 tuumaa;<\/li><li>Matkatavaroiden tilavuus: 82 cu ft;<\/li><li>Yksityinen vessa ja t\u00e4ydellinen keitti\u00f6.<\/li><\/ul>\r\n\r\n\r\n\r\n<h3 class=\"wp-block-heading\"><span class=\"ez-toc-section\" id=\"4_Large_Private_Jets\"><\/span>4. Suuret yksityiset suihkukoneet<span class=\"ez-toc-section-end\"><\/span><\/h3>\r\n\r\n\r\n\r\n<p>Suurilla suihkukoneilla saat ylellisyytt\u00e4 ja tilaa, jota tarvitset kansainv\u00e4lisill\u00e4 matkoilla. Niiss\u00e4 on my\u00f6s tilavat sis\u00e4tilat, joissa on pienille seurueille sopivat makuutilat.<\/p>\r\n\r\n\r\n\r\n<p>Niiss\u00e4 on yleens\u00e4 t\u00e4ysin varustettu keitti\u00f6, jossa on keitti\u00f6 ja tarjoilualue.<\/p>\r\n\r\n\r\n\r\n<h4 class=\"wp-block-heading\"><span class=\"ez-toc-section\" id=\"Our_Recommendation_Bombardier_Challenger_650\"><\/span>Suosituksemme:  Bombardier Challenger 650&nbsp;<span class=\"ez-toc-section-end\"><\/span><\/h4>\r\n\r\n\r\n\r\n<p>Valikoima ja suorituskyky <a href=\"https:\/\/comparemyjet.com\/fi\/bombardier\/\" data-internallinksmanager029f6b8e52c=\"159\" title=\"Ultimate Guide To Bombardier Private Jets &amp; Lentokoneet\">Bombardier<\/a> Challenger 650 on poikkeuksellinen. Sen tilava matkustamo tarjoaa mukavuudet, jotka takaavat maksimaalisen mukavuuden pitkill\u00e4 mannertenv\u00e4lisill\u00e4 yksityislentojen lennoilla. Voit k\u00e4ytt\u00e4\u00e4 kokousp\u00f6yt\u00e4\u00e4 ty\u00f6skentelyyn ja rentoutua ja nauttia uusimmista HD- ja Wi-Fi-viihdevaihtoehdoista.&nbsp;<\/p>\r\n\r\n\r\n\r\n<p>Tekniset tiedot:<\/p>\r\n\r\n\r\n\r\n<ul class=\"wp-block-list\"><li>Matkustajia: 11;<\/li><li>Ohjaamon leveys: 7 ft 92 in;<\/li><li>Ohjaamon pituus: 28 ft 4 in;<\/li><li>Lentoaika: 8:45 tuntia;<\/li><li>Suurin matkanopeus: 540 mph;<\/li><li>T\u00e4yden palvelun keitti\u00f6;<\/li><li>Lentoem\u00e4nt\u00e4.<\/li><\/ul>\r\n\r\n\r\n\r\n<h3 class=\"wp-block-heading\"><span class=\"ez-toc-section\" id=\"5_Long-Range_Private_Jets\"><\/span>5. Pitk\u00e4n matkan yksityiset suihkukoneet<span class=\"ez-toc-section-end\"><\/span><\/h3>\r\n\r\n\r\n\r\n<p>Kokonsa ansiosta n\u00e4iss\u00e4 lentokoneissa on erilliset ty\u00f6skentely-, ruokailu- ja rentoutumisalueet sek\u00e4 huippuluokan mukavuudet.<\/p>\r\n\r\n\r\n\r\n<p>Pitk\u00e4n matkan lentokoneet ovat ihanteellisia yksityisille matkustajille, jotka haluavat p\u00e4\u00e4st\u00e4 m\u00e4\u00e4r\u00e4np\u00e4\u00e4h\u00e4ns\u00e4 ilman tankkausta. Ne on suunniteltu mannertenv\u00e4lisiin nonstop-lentoihin.<\/p>\r\n\r\n\r\n\r\n<h4 class=\"wp-block-heading\"><span class=\"ez-toc-section\" id=\"Our_Recommendation_The_Gulfstream_G450\"><\/span>Suosituksemme: Gulfstream G450&nbsp;<span class=\"ez-toc-section-end\"><\/span><\/h4>\r\n\r\n\r\n\r\n<p>The <a href=\"https:\/\/comparemyjet.com\/fi\/gulfstream\/\" data-internallinksmanager029f6b8e52c=\"175\" title=\"Lopullinen opas Gulfstream yksityiset suihkukoneet &amp; Aircraft\">Gulfstream<\/a> G450 on suunniteltu ensisijaisesti pitk\u00e4n matkan matkustamiseen, ja se tarjoaa taattua mukavuutta ja turvallisuutta. Ne voivat lent\u00e4\u00e4 5 000 mailia tai l\u00e4hes 10 tuntia ilman, ett\u00e4 niiden tarvitsee pys\u00e4hty\u00e4 tankkaamaan.<\/p>\r\n\r\n\r\n\r\n<p>T\u00e4ss\u00e4 koneessa on tilava matkustamo, jossa on t\u00e4yden palvelun keitti\u00f6 ja paljon matkatavaratilaa, joten kaikki matkustajat voivat ottaa mukaansa kaiken matkalla tarvitsemansa.<\/p>\r\n\r\n\r\n\r\n<p>Tekniset tiedot:<\/p>\r\n\r\n\r\n\r\n<ul class=\"wp-block-list\"><li>Matkustajia: 14;<\/li><li>Ohjaamon leveys: 7 ft;<\/li><li>Ohjaamon pituus: 45 ft 1 in;<\/li><li>Tavaratila: 169 kuutiometri\u00e4;<\/li><li>Lentoalue: 5 000 lentomailia;<\/li><li>Kest\u00e4vyys: jopa 9:45 tuntia;&nbsp;<\/li><li>Suurin matkanopeus: 547 mph;<\/li><li>Wi-Fi;<\/li><li>Yleisvirtapistorasiat;<\/li><li>DVD-soitin ja videomonitorit;<\/li><li>Lentoem\u00e4nt\u00e4.<\/li><\/ul>\r\n\r\n\r\n\r\n<h2 class=\"wp-block-heading\"><span class=\"ez-toc-section\" id=\"Company_Safety_Policy_and_Standards\"><\/span>Yrityksen turvallisuuspolitiikka ja -standardit<span class=\"ez-toc-section-end\"><\/span><\/h2>\r\n\r\n\r\n\r\n<figure class=\"wp-block-image size-full is-style-default\"><img loading=\"lazy\" decoding=\"async\" width=\"1000\" height=\"667\" src=\"https:\/\/comparemyjet.com\/wp-content\/uploads\/2022\/09\/pilot.boarding.on_.a.private.jet_.jpg\" alt=\"\" class=\"wp-image-3231\" srcset=\"https:\/\/comparemyjet.com\/wp-content\/uploads\/2022\/09\/pilot.boarding.on_.a.private.jet_-18x12.jpg 18w, https:\/\/comparemyjet.com\/wp-content\/uploads\/2022\/09\/pilot.boarding.on_.a.private.jet_-300x200.jpg 300w, https:\/\/comparemyjet.com\/wp-content\/uploads\/2022\/09\/pilot.boarding.on_.a.private.jet_-768x512.jpg 768w, https:\/\/comparemyjet.com\/wp-content\/uploads\/2022\/09\/pilot.boarding.on_.a.private.jet_.jpg 1000w\" sizes=\"auto, (max-width: 1000px) 100vw, 1000px\" \/><\/figure>\r\n\r\n\r\n\r\n<p>Jet Algo k\u00e4ytt\u00e4\u00e4 ARGUS Gold- tai Platinum-akkreditoitua ARGUS-j\u00e4rjestelm\u00e4\u00e4. <a href=\"https:\/\/www.faa.gov\/licenses_certificates\/airline_certification\/135_certification\/general_info\" target=\"_blank\" rel=\"noopener\">Osa 135<\/a> operaattorit. Niiden avulla Jet Algo tarjoaa sen, mit\u00e4 kuvittelet \u00e4\u00e4rimm\u00e4iseksi yksityislentomatkaksi, mutta huomattavaan alennukseen. <\/p>\r\n\r\n\r\n\r\n<h2 class=\"wp-block-heading\"><span class=\"ez-toc-section\" id=\"Conclusion\"><\/span>P\u00e4\u00e4telm\u00e4<span class=\"ez-toc-section-end\"><\/span><\/h2>\r\n\r\n\r\n\r\n<p>Jet Algo tarjoaa r\u00e4\u00e4t\u00e4l\u00f6ity\u00e4 tilauslentopalvelua lent\u00e4jille, ja ottaa kaikki olosuhteet huomioon lopullista hintaa laskettaessa. Jos esimerkiksi haluat matkustaa vuoden vilkkaimpina p\u00e4ivin\u00e4, kuten juhlapyhin\u00e4, joudut todenn\u00e4k\u00f6isesti maksamaan vakiohintoja enemm\u00e4n.<\/p>\r\n\r\n\r\n\r\n<p>Voit saada paremman kiinte\u00e4n koron, jos olet joustava p\u00e4iv\u00e4m\u00e4\u00e4rien suhteen. Anna Jet Algolle mahdollisuus suositella korvaavia p\u00e4ivi\u00e4 saadaksesi paremmat hinnat.\u00a0<\/p>\r\n\r\n\r\n\r\n<p>Lennon r\u00e4\u00e4t\u00e4l\u00f6intiin kuuluu suunnittelua, aikataulutusta ja oikean suihkukoneen ja ruoan, lentoem\u00e4ntien ja muiden erityistoiveiden, kuten lemmikkisi kanssa lent\u00e4misen, l\u00f6yt\u00e4mist\u00e4. Saat r\u00e4\u00e4t\u00e4l\u00f6idyn kokonaishinnan - aivan kuten r\u00e4\u00e4t\u00e4l\u00f6idyn lentosi.<\/p>","protected":false},"excerpt":{"rendered":"<p>Jet Algo on yksityinen tilauslentoyhti\u00f6, jonka kotipaikka on Morristown, New Jersey. Yksi tapa, jolla se eroaa muista yrityksist\u00e4, on patentoitujen algoritmien k\u00e4ytt\u00f6 asiakkaiden profiilien ja matkareittien mukaan r\u00e4\u00e4t\u00e4l\u00f6ityjen hinta-arvioiden laskemiseen. Algoritmiensa avulla he tekev\u00e4t maksuj\u00e4rjestelm\u00e4n matkasuunnitelmasi perusteella.  Yritys ...<\/p>","protected":false},"author":2,"featured_media":3229,"parent":0,"menu_order":0,"comment_status":"closed","ping_status":"closed","template":"","meta":{"_acf_changed":false,"_genesis_hide_title":false,"_genesis_hide_breadcrumbs":false,"_genesis_hide_singular_image":false,"_genesis_hide_footer_widgets":false,"_genesis_custom_body_class":"","_genesis_custom_post_class":"","_genesis_layout":"","footnotes":""},"class_list":{"1":"page","2":"type-page","6":"entry"},"acf":[],"_links":{"self":[{"href":"https:\/\/comparemyjet.com\/fi\/wp-json\/wp\/v2\/pages\/3228","targetHints":{"allow":["GET"]}}],"collection":[{"href":"https:\/\/comparemyjet.com\/fi\/wp-json\/wp\/v2\/pages"}],"about":[{"href":"https:\/\/comparemyjet.com\/fi\/wp-json\/wp\/v2\/types\/page"}],"author":[{"embeddable":true,"href":"https:\/\/comparemyjet.com\/fi\/wp-json\/wp\/v2\/users\/2"}],"replies":[{"embeddable":true,"href":"https:\/\/comparemyjet.com\/fi\/wp-json\/wp\/v2\/comments?post=3228"}],"version-history":[{"count":3,"href":"https:\/\/comparemyjet.com\/fi\/wp-json\/wp\/v2\/pages\/3228\/revisions"}],"predecessor-version":[{"id":3466,"href":"https:\/\/comparemyjet.com\/fi\/wp-json\/wp\/v2\/pages\/3228\/revisions\/3466"}],"wp:featuredmedia":[{"embeddable":true,"href":"https:\/\/comparemyjet.com\/fi\/wp-json\/wp\/v2\/media\/3229"}],"wp:attachment":[{"href":"https:\/\/comparemyjet.com\/fi\/wp-json\/wp\/v2\/media?parent=3228"}],"curies":[{"name":"wp","href":"https:\/\/api.w.org\/{rel}","templated":true}]}}