{"id":3559,"date":"2022-10-15T01:08:04","date_gmt":"2022-10-15T01:08:04","guid":{"rendered":"https:\/\/comparemyjet.com\/?page_id=3559"},"modified":"2025-09-04T10:03:18","modified_gmt":"2025-09-04T10:03:18","slug":"verijet","status":"publish","type":"page","link":"https:\/\/comparemyjet.com\/fi\/verijet\/","title":{"rendered":"VeriJetin lentojen hinnoittelu"},"content":{"rendered":"<p>Verijet on innovatiivinen lentoyhti\u00f6, joka erottuu muista lentoyhti\u00f6ist\u00e4. <a href=\"https:\/\/comparemyjet.com\/fi\/how-do-you-rent-or-charter-a-private-jet\/\" data-internallinksmanager029f6b8e52c=\"15\" title=\"Miten vuokrata tai vuokrata yksityinen suihkukone?\">yksityinen suihkukone charter<\/a> tarjoajat useiden kriteerien perusteella, joista suurin osa juontaa juurensa yhti\u00f6n Cirrus SF-50 Vision -suihkukoneisiin. Yritys perustettiin vuonna 2020, ja sen p\u00e4\u00e4toimisto sijaitsee Vero Beachissa, Floridassa.<\/p>\r\n\r\n\r\n\r\n<p>Jotta lennoista tulisi edullisempia, Verijet on kehitt\u00e4nyt lentojen optimointimoottorin ja ottanut k\u00e4ytt\u00f6\u00f6n oman laivastonsa G2+ Vision Jets -jettej\u00e4, jotka ovat tehokkaampia ja paremmin varustettuja haastaviin kiitoratoihin ja pidempiin matkoihin. N\u00e4ill\u00e4 suihkukoneilla on poikkeukselliset turvallisuusluokitukset, ja ne suorittavat 100%-hiilineutraaleja lentoja.&nbsp;<\/p>\r\n\r\n\r\n\r\n<p>Verijet on aloittanut menestyksekk\u00e4\u00e4sti toimintansa Yhdysvaltojen kaakkoisosassa, ja sen tarkoituksena on tarjota nopeita ja edullisia yksityislentoja kaikkialla Yhdysvalloissa.<\/p>\r\n\r\n\r\n\r\n<div id=\"ez-toc-container\" class=\"ez-toc-v2_0_76 counter-hierarchy ez-toc-counter ez-toc-grey ez-toc-container-direction\">\n<p class=\"ez-toc-title\" style=\"cursor:inherit\">Aiheet<\/p>\n<label for=\"ez-toc-cssicon-toggle-item-69f46a9d1a3a7\" class=\"ez-toc-cssicon-toggle-label\"><span class=\"\"><span class=\"eztoc-hide\" style=\"display:none;\">Toggle<\/span><span class=\"ez-toc-icon-toggle-span\"><svg style=\"fill: #999;color:#999\" xmlns=\"http:\/\/www.w3.org\/2000\/svg\" class=\"list-377408\" width=\"20px\" height=\"20px\" viewbox=\"0 0 24 24\" fill=\"none\"><path d=\"M6 6H4v2h2V6zm14 0H8v2h12V6zM4 11h2v2H4v-2zm16 0H8v2h12v-2zM4 16h2v2H4v-2zm16 0H8v2h12v-2z\" fill=\"currentColor\"><\/path><\/svg><svg style=\"fill: #999;color:#999\" class=\"arrow-unsorted-368013\" xmlns=\"http:\/\/www.w3.org\/2000\/svg\" width=\"10px\" height=\"10px\" viewbox=\"0 0 24 24\" version=\"1.2\" baseprofile=\"tiny\"><path d=\"M18.2 9.3l-6.2-6.3-6.2 6.3c-.2.2-.3.4-.3.7s.1.5.3.7c.2.2.4.3.7.3h11c.3 0 .5-.1.7-.3.2-.2.3-.5.3-.7s-.1-.5-.3-.7zM5.8 14.7l6.2 6.3 6.2-6.3c.2-.2.3-.5.3-.7s-.1-.5-.3-.7c-.2-.2-.4-.3-.7-.3h-11c-.3 0-.5.1-.7.3-.2.2-.3.5-.3.7s.1.5.3.7z\"\/><\/svg><\/span><\/span><\/label><input type=\"checkbox\"  id=\"ez-toc-cssicon-toggle-item-69f46a9d1a3a7\" checked aria-label=\"Toggle\" \/><nav><ul class='ez-toc-list ez-toc-list-level-1' ><li class='ez-toc-page-1 ez-toc-heading-level-2'><a class=\"ez-toc-link ez-toc-heading-1\" href=\"https:\/\/comparemyjet.com\/fi\/verijet\/#About_the_Company\" >Tietoa yrityksest\u00e4<\/a><ul class='ez-toc-list-level-3' ><li class='ez-toc-heading-level-3'><a class=\"ez-toc-link ez-toc-heading-2\" href=\"https:\/\/comparemyjet.com\/fi\/verijet\/#The_G2_Vision_Jets_Fleet\" >G2+ Vision Jets -laivasto<\/a><\/li><\/ul><\/li><li class='ez-toc-page-1 ez-toc-heading-level-2'><a class=\"ez-toc-link ez-toc-heading-3\" href=\"https:\/\/comparemyjet.com\/fi\/verijet\/#Pricing\" >Hinnoittelu<\/a><\/li><li class='ez-toc-page-1 ez-toc-heading-level-2'><a class=\"ez-toc-link ez-toc-heading-4\" href=\"https:\/\/comparemyjet.com\/fi\/verijet\/#Company_Jet_Card_Programs\" >Yrityksen Jet Card -ohjelmat<\/a><ul class='ez-toc-list-level-3' ><li class='ez-toc-heading-level-3'><a class=\"ez-toc-link ez-toc-heading-5\" href=\"https:\/\/comparemyjet.com\/fi\/verijet\/#25_Hour_JetCard\" >25 tunnin JetCard<\/a><\/li><li class='ez-toc-page-1 ez-toc-heading-level-3'><a class=\"ez-toc-link ez-toc-heading-6\" href=\"https:\/\/comparemyjet.com\/fi\/verijet\/#50_Hour_JetCard\" >50 tunnin JetCard<\/a><\/li><li class='ez-toc-page-1 ez-toc-heading-level-3'><a class=\"ez-toc-link ez-toc-heading-7\" href=\"https:\/\/comparemyjet.com\/fi\/verijet\/#100_Hour_JetCard\" >100 tunnin JetCard<\/a><\/li><\/ul><\/li><li class='ez-toc-page-1 ez-toc-heading-level-2'><a class=\"ez-toc-link ez-toc-heading-8\" href=\"https:\/\/comparemyjet.com\/fi\/verijet\/#The_Fleet\" >Laivasto&nbsp;<\/a><ul class='ez-toc-list-level-4' ><li class='ez-toc-heading-level-4'><ul class='ez-toc-list-level-4' ><li class='ez-toc-heading-level-4'><a class=\"ez-toc-link ez-toc-heading-9\" href=\"https:\/\/comparemyjet.com\/fi\/verijet\/#Characteristics_of_The_Cirrus_SF-50_Vision_Jet\" >Cirrus SF-50 Vision Jet -mallin ominaisuudet<\/a><\/li><\/ul><\/li><\/ul><\/li><li class='ez-toc-page-1 ez-toc-heading-level-2'><a class=\"ez-toc-link ez-toc-heading-10\" href=\"https:\/\/comparemyjet.com\/fi\/verijet\/#Company_Safety_Policy_and_Standards\" >Yrityksen turvallisuuspolitiikka ja -standardit<\/a><\/li><li class='ez-toc-page-1 ez-toc-heading-level-2'><a class=\"ez-toc-link ez-toc-heading-11\" href=\"https:\/\/comparemyjet.com\/fi\/verijet\/#Pilots\" >Lent\u00e4j\u00e4t<\/a><\/li><li class='ez-toc-page-1 ez-toc-heading-level-2'><a class=\"ez-toc-link ez-toc-heading-12\" href=\"https:\/\/comparemyjet.com\/fi\/verijet\/#Partnerships\" >Kumppanuudet<\/a><\/li><li class='ez-toc-page-1 ez-toc-heading-level-2'><a class=\"ez-toc-link ez-toc-heading-13\" href=\"https:\/\/comparemyjet.com\/fi\/verijet\/#Conclusion\" >P\u00e4\u00e4telm\u00e4<\/a><\/li><\/ul><\/nav><\/div>\n<h2 class=\"wp-block-heading\"><span class=\"ez-toc-section\" id=\"About_the_Company\"><\/span>Tietoa yrityksest\u00e4<span class=\"ez-toc-section-end\"><\/span><\/h2>\r\n\r\n\r\n\r\n<p>Verijetin hallituksen puheenjohtaja ja toimitusjohtaja Richard Kane on ty\u00f6skennellyt televiestint\u00e4- ja ilmailualalla, mik\u00e4 innoitti h\u00e4nt\u00e4 perustamaan yrityksen. Koska h\u00e4n on lahjakas lent\u00e4j\u00e4, jolla on maailmanenn\u00e4tyksi\u00e4 nopeudessa, ja h\u00e4nell\u00e4 on asiantuntemusta miljoonien puheluiden reititt\u00e4misest\u00e4 tunnissa reaaliajassa, Verijetist\u00e4 on nopeasti tullut yksityisen suihkukoneen vuokrausyritys.<\/p>\r\n\r\n\r\n\r\n<p>Verijet on rakentanut optimointij\u00e4rjestelm\u00e4n, joka voi korvata suunnittelijaryhm\u00e4n yhdell\u00e4 napin painalluksella. Suorana seurauksena lis\u00e4maksuista luovutaan, jolloin lentohinnat pienenev\u00e4t. Kane kokeili optimointiprosessiaan virtuaalikoneiden klusterilla, joka jakoi saman muisti- ja kiintolevytilavarannon. Tutkittuaan eri vaihtoehtoja h\u00e4n p\u00e4\u00e4tyi valitsemaan <a href=\"https:\/\/www.ibm.com\/cloud\/bare-metal-servers\" target=\"_blank\" rel=\"noopener\">IBM Cloud Bare Metal -palvelimet<\/a> niiden vakauden ja laskentatehon vuoksi optimointimoottoriin verrattuna sek\u00e4 siksi, ett\u00e4 niill\u00e4 on p\u00e4\u00e4sy IBM:n pilvialustaan ja teknisten insin\u00f6\u00f6rien ja neuvonantajien tukeen.<\/p>\r\n\r\n\r\n\r\n<h3 class=\"wp-block-heading\"><span class=\"ez-toc-section\" id=\"The_G2_Vision_Jets_Fleet\"><\/span>G2+ Vision Jets -laivasto<span class=\"ez-toc-section-end\"><\/span><\/h3>\r\n\r\n\r\n\r\n<figure class=\"wp-block-image size-full is-style-default\"><img loading=\"lazy\" decoding=\"async\" width=\"1000\" height=\"563\" src=\"https:\/\/comparemyjet.com\/wp-content\/uploads\/2022\/10\/G2-Vision-Jet-1.jpg\" alt=\"VeriJet\" class=\"wp-image-3562\" srcset=\"https:\/\/comparemyjet.com\/wp-content\/uploads\/2022\/10\/G2-Vision-Jet-1-18x10.jpg 18w, https:\/\/comparemyjet.com\/wp-content\/uploads\/2022\/10\/G2-Vision-Jet-1-300x169.jpg 300w, https:\/\/comparemyjet.com\/wp-content\/uploads\/2022\/10\/G2-Vision-Jet-1-768x432.jpg 768w, https:\/\/comparemyjet.com\/wp-content\/uploads\/2022\/10\/G2-Vision-Jet-1.jpg 1000w\" sizes=\"auto, (max-width: 1000px) 100vw, 1000px\" \/><\/figure>\r\n\r\n\r\n\r\n<p>Uuden ohjelmiston tuella Kane pystyi perustamaan oman laivastonsa pienist\u00e4 ja ekologisesti kest\u00e4vist\u00e4 suihkukoneista. N\u00e4m\u00e4 hiljaiset, yhden ohjaajan suihkukoneet, joiden tuotemerkkin\u00e4 oli Vision Jets, auttoivat h\u00e4nt\u00e4 optimointikoneen rakentamisessa ja ty\u00f6skentelyss\u00e4 kohti h\u00e4nen suunnitelmansa seuraavaa vaihetta.<\/p>\r\n\r\n\r\n\r\n<p>N\u00e4m\u00e4 yksityiset suihkukoneet on varustettu edistyksellisill\u00e4 turvatoimilla, kuten Cirrus Airplane Parachute System (CAPS) -j\u00e4rjestelm\u00e4ll\u00e4 ja \"Safe Return\" -painikkeella, jotka mahdollistavat h\u00e4t\u00e4laskun autopilotilla. . <a href=\"https:\/\/www.faa.gov\/\" target=\"_blank\" rel=\"noopener\">Federal Aviation Administration<\/a> piti k\u00e4yd\u00e4 l\u00e4pi muutamia ylim\u00e4\u00e4r\u00e4isi\u00e4 renkaita, koska n\u00e4m\u00e4 ominaisuudet ovat niin huippuluokkaa, ennen kuin he pystyiv\u00e4t antamaan siunauksensa Vision Jetsille, mink\u00e4 he lopulta tekiv\u00e4tkin.<\/p>\r\n\r\n\r\n\r\n<p>Kanen laskentatehon kysynt\u00e4 kasvaa samaan tahtiin sek\u00e4 h\u00e4nen asiakaskuntansa ett\u00e4 Vision Jets -laivastonsa kasvun kanssa. T\u00e4m\u00e4n tavoitteen saavuttamiseksi h\u00e4n k\u00e4y parhaillaan keskusteluja IBM:n Quantum Computing -tiimin kanssa jatkaakseen optimointity\u00f6t\u00e4\u00e4n.<\/p>\r\n\r\n\r\n\r\n<p>VeriJetsin nykyiset yhdensuuntaisen lennon kiinte\u00e4t kustannukset ovat olleet saatavilla seuraavien osoitteiden kautta. <a href=\"https:\/\/comparemyjet.com\/fi\/yksityiset-matkat\/orlando-private-tours\/\" data-internallinksmanager029f6b8e52c=\"429\" title=\"11 parasta Orlandon yksityiset matkat alkaen $5.99\">Orlando<\/a>Floridassa ja Santa Marian lentoasemalla Kaliforniassa vuodesta 2021 l\u00e4htien. Koillis-Yhdysvallat, Kanada ja Eurooppa ovat kaikki mahdollisten laajentumisalueiden listalla.<\/p>\r\n\r\n\r\n\r\n<h2 class=\"wp-block-heading\"><span class=\"ez-toc-section\" id=\"Pricing\"><\/span>Hinnoittelu<span class=\"ez-toc-section-end\"><\/span><\/h2>\r\n\r\n\r\n\r\n<p>Nykyinen hintarakenne on yksinkertainen. Asiakkaat maksavat v\u00e4hint\u00e4\u00e4n kuudenkymmenen minuutin lentoajasta sek\u00e4 liittovaltion valmisteveron, joka on 7,5%, eli yhteens\u00e4 $3,000 tunnilta.&nbsp;<\/p>\r\n\r\n\r\n\r\n<h2 class=\"wp-block-heading\"><span class=\"ez-toc-section\" id=\"Company_Jet_Card_Programs\"><\/span>Yrityksen Jet Card -ohjelmat<span class=\"ez-toc-section-end\"><\/span><\/h2>\r\n\r\n\r\n\r\n<figure class=\"wp-block-image size-full is-style-default\"><img loading=\"lazy\" decoding=\"async\" width=\"1000\" height=\"442\" src=\"https:\/\/comparemyjet.com\/wp-content\/uploads\/2022\/09\/little.plane_.in_.the_.hand_.of_.a.businessman.jpg\" alt=\"\" class=\"wp-image-3335\" srcset=\"https:\/\/comparemyjet.com\/wp-content\/uploads\/2022\/09\/little.plane_.in_.the_.hand_.of_.a.businessman-18x8.jpg 18w, https:\/\/comparemyjet.com\/wp-content\/uploads\/2022\/09\/little.plane_.in_.the_.hand_.of_.a.businessman-300x133.jpg 300w, https:\/\/comparemyjet.com\/wp-content\/uploads\/2022\/09\/little.plane_.in_.the_.hand_.of_.a.businessman-768x339.jpg 768w, https:\/\/comparemyjet.com\/wp-content\/uploads\/2022\/09\/little.plane_.in_.the_.hand_.of_.a.businessman.jpg 1000w\" sizes=\"auto, (max-width: 1000px) 100vw, 1000px\" \/><\/figure>\r\n\r\n\r\n\r\n<p>Kun asiakkaat hankkivat Verijet JetCard -kortin, heill\u00e4 on varausetuoikeus ja mahdollisuus ostaa 25, 50 tai 100 tunnin pituisia lentoaikapaketteja. Tutustutaanpa n\u00e4ihin vaihtoehtoihin.<\/p>\r\n\r\n\r\n\r\n<h3 class=\"wp-block-heading\"><span class=\"ez-toc-section\" id=\"25_Hour_JetCard\"><\/span>25 tunnin JetCard<span class=\"ez-toc-section-end\"><\/span><\/h3>\r\n\r\n\r\n\r\n<p>25 tunnin Jet Card -kortin ostohinta on $81,250, ja jokaisen lennon tuntihinta on $3,250 kiinte\u00e4sti. J\u00e4senmaksua ei ole, joten ostohinta on itse asiassa takuumaksu, josta tuntihinta v\u00e4hennet\u00e4\u00e4n jokaisen lennon yhteydess\u00e4.&nbsp;<\/p>\r\n\r\n\r\n\r\n<ul class=\"wp-block-list\"><li>Lis\u00e4maksuja voidaan peri\u00e4.&nbsp;<\/li><li>P\u00e4ivitt\u00e4ist\u00e4 v\u00e4himm\u00e4ism\u00e4\u00e4r\u00e4\u00e4 ei ole.&nbsp;<\/li><li>Kortti on voimassa vuoden. Lemmikkiel\u00e4imet ovat tervetulleita laivaan.&nbsp;<\/li><li>Lentoaikaa tarvitaan v\u00e4hint\u00e4\u00e4n yksi tunti.&nbsp;<\/li><li>Peruutusp\u00e4iv\u00e4 on 72 tuntia ennen lentoa, eik\u00e4 huippup\u00e4ivi\u00e4 ole.<\/li><\/ul>\r\n\r\n\r\n\r\n<h3 class=\"wp-block-heading\"><span class=\"ez-toc-section\" id=\"50_Hour_JetCard\"><\/span>50 tunnin JetCard<span class=\"ez-toc-section-end\"><\/span><\/h3>\r\n\r\n\r\n\r\n<p>50 Hour Jet Card -kortin ostohinta on $152,500, ja jokaisen lennon tuntihinta on $3,050 kiinte\u00e4.&nbsp;<\/p>\r\n\r\n\r\n\r\n<ul class=\"wp-block-list\"><li>Ei j\u00e4senmaksuja.&nbsp;<\/li><li>Lis\u00e4maksuja voidaan peri\u00e4.&nbsp;<\/li><li>P\u00e4ivitt\u00e4ist\u00e4 v\u00e4himm\u00e4ism\u00e4\u00e4r\u00e4\u00e4 ei ole.&nbsp;<\/li><li>Kortti on voimassa 15 kuukautta.<\/li><li>Lemmikit ovat tervetulleita alukselle.&nbsp;<\/li><li>Lentoaikaa tarvitaan v\u00e4hint\u00e4\u00e4n yksi tunti.&nbsp;<\/li><li>Peruutusp\u00e4iv\u00e4 on 48 tuntia ennen lentoa, eik\u00e4 huippup\u00e4ivi\u00e4 ole.<\/li><\/ul>\r\n\r\n\r\n\r\n<h3 class=\"wp-block-heading\"><span class=\"ez-toc-section\" id=\"100_Hour_JetCard\"><\/span>100 tunnin JetCard<span class=\"ez-toc-section-end\"><\/span><\/h3>\r\n\r\n\r\n\r\n<p>50 tunnin Jet Card -kortin ostohinta on $275,000, ja jokaisen lennon tuntihinta on $2,750 kiinte\u00e4.&nbsp;<\/p>\r\n\r\n\r\n\r\n<ul class=\"wp-block-list\"><li>J\u00e4senmaksua ei perit\u00e4.&nbsp;<\/li><li>Lis\u00e4maksuja voidaan peri\u00e4.&nbsp;<\/li><li>P\u00e4ivitt\u00e4inen v\u00e4himm\u00e4ism\u00e4\u00e4r\u00e4 on olemassa.&nbsp;<\/li><li>Kortti on voimassa 18 kuukautta.&nbsp;<\/li><li>Lemmikit ovat tervetulleita alukselle.&nbsp;<\/li><li>Lentoaikaa tarvitaan v\u00e4hint\u00e4\u00e4n yksi tunti.&nbsp;<\/li><li>Peruutusm\u00e4\u00e4r\u00e4aika on 120 tuntia ennen lentoa eik\u00e4 huippup\u00e4ivin\u00e4.<\/li><\/ul>\r\n\r\n\r\n\r\n<p>Voit n\u00e4hd\u00e4 suihkukorttien vertailun vierekk\u00e4in ja tehd\u00e4 varauksen seuraavassa osoitteessa <a href=\"https:\/\/www.verijet.com\/Verijet-JetCard\" target=\"_blank\" rel=\"noopener\">linkki<\/a>.<\/p>\r\n\r\n\r\n\r\n<h2 class=\"wp-block-heading\"><span class=\"ez-toc-section\" id=\"The_Fleet\"><\/span>Laivasto&nbsp;<span class=\"ez-toc-section-end\"><\/span><\/h2>\r\n\r\n\r\n\r\n<figure class=\"wp-block-image is-style-default\"><img decoding=\"async\" src=\"https:\/\/comparemyjet.com\/wp-content\/uploads\/ccVHG_SOHNe_ne2YdOrnGlWyXNclOSUinAFhoJmSXeT1HEmx4_1GOoLo9bqXbbqWticFT5_gfpez-U2nynnVY1wK9aDdTTij7wffVow9ytmtX1sM-S9ozw2of6wQiRhT6xGbMrqx6IOtteUpDLtWJRQd3QDb9JnlE6RZlXwhUIBVNHG1dIz8FBQHUA.jpg\" alt=\"\"\/><\/figure>\r\n\r\n\r\n\r\n<p>Cirrus SF-50 Vision Jet -mallin voimanl\u00e4hteen\u00e4 on yksi risteilyohjusmoottori. T\u00e4m\u00e4 mahdollistaa sen, ett\u00e4 suihkukoneet voivat lent\u00e4\u00e4 matalalla ja hitaasti ja j\u00e4tt\u00e4\u00e4 j\u00e4lkeens\u00e4 vain yhdeks\u00e4nneksen hiilidioksidip\u00e4\u00e4st\u00f6ist\u00e4, joita tyypillinen yksityislentokone aiheuttaa. Koska Vision Jetit pystyv\u00e4t polttamaan nelj\u00e4\u00e4 erilaista biopolttoainetta, ne pystyv\u00e4t suorittamaan t\u00e4ysin hiilidioksidip\u00e4\u00e4st\u00f6tt\u00f6mi\u00e4 lentoja.<\/p>\r\n\r\n\r\n\r\n<p>N\u00e4iden elementtien ymp\u00e4rist\u00f6hy\u00f6dyt eiv\u00e4t kuitenkaan ole ainoa syy siihen, miksi ne ovat toivottavia. Ne mahdollistavat my\u00f6s sen, ett\u00e4 Verijet voi toimia useilla lentoasemilla, mik\u00e4 nopeuttaa asiakkaiden kuljettamista lopulliseen m\u00e4\u00e4r\u00e4np\u00e4\u00e4h\u00e4ns\u00e4.<\/p>\r\n\r\n\r\n\r\n<h4 class=\"wp-block-heading\"><span class=\"ez-toc-section\" id=\"Characteristics_of_The_Cirrus_SF-50_Vision_Jet\"><\/span>Cirrus SF-50 Vision Jet -mallin ominaisuudet<span class=\"ez-toc-section-end\"><\/span><\/h4>\r\n\r\n\r\n\r\n<p>Cirrus Aircraft Vision Jet on v\u00e4sym\u00e4tt\u00f6m\u00e4n tutkimus- ja kehitysty\u00f6n tulos. Sen suorituskyky on poikkeuksellinen, ja sit\u00e4 on helppo lent\u00e4\u00e4 ja huoltaa. Vision Jet on saanut paljon kiitosta ja tunnustusta, muun muassa Robert J. Collier Trophyn.&nbsp;<\/p>\r\n\r\n\r\n\r\n<p>Hiilikuiturakenne antaa lentokoneessa tilantuntua, ja siin\u00e4 on yll\u00e4tt\u00e4v\u00e4n paljon tilaa p\u00e4\u00e4n ja hartioiden alueella sek\u00e4 leve\u00e4t ikkunat. Matkustamo on suunniteltu luokkansa suurimmaksi.<\/p>\r\n\r\n\r\n\r\n<p>Viihden\u00e4ytt\u00f6 voidaan kytke\u00e4 useimpiin laitteisiin, ja keskikonsoli voidaan muuntaa nykyaikaiseksi ty\u00f6pisteeksi, jota matkustajat voivat k\u00e4ytt\u00e4\u00e4.<\/p>\r\n\r\n\r\n\r\n<p>WiFi-yhteyden tarjoaa Gogo InFlight Wi-Fi, ja lis\u00e4etuna USB-C-portit mahdollistavat matkustajien elektronisten laitteiden lataamisen my\u00f6s lennon aikana.<\/p>\r\n\r\n\r\n\r\n<p>Lis\u00e4ksi suihkukoneet valmistetaan laajalla v\u00e4rivalikoimalla, joka sopii kaikkiin esteettisiin toiveisiin, ja ne on muotoiltu ylellisell\u00e4 nahkasisustuksella ja verhoilutarvikkeilla. Matkustajat voivat k\u00e4ytt\u00e4\u00e4 yhteens\u00e4 28 erilaista istumapaikkaa, koska jokainen matkustamon istuin on t\u00e4ysin modulaarinen ja voidaan tarvittaessa poistaa vaivattomasti.<\/p>\r\n\r\n\r\n\r\n<p>Tekniset tiedot:<\/p>\r\n\r\n\r\n\r\n<ul class=\"wp-block-list\"><li>Matkustajia: 7;<\/li><li>Koko pituus: 30 ft 7 in;&nbsp;<\/li><li>Siipiv\u00e4li: 38 ft 7 in;&nbsp;<\/li><li>T\u00e4ysi korkeus: 10 ft 9 in;<\/li><li>Ohjaamon korkeus: 4 ft 1 in;<\/li><li>Ohjaamon leveys: 5 ft 1 in;&nbsp;<\/li><li>Nousunopeus: 1 609 ft\/min;<\/li><li>Suurin matkanopeus: 311 ktas;<\/li><li>Suurin lentomatka: 1 275 nm;<\/li><li>Panoraamaikkunat;<\/li><li>Paineistettu matkustamo;<\/li><li>Taka-ilmastoinnin s\u00e4\u00e4t\u00f6;<\/li><li>Akustinen valaistus<\/li><\/ul>\r\n\r\n\r\n\r\n<h2 class=\"wp-block-heading\"><span class=\"ez-toc-section\" id=\"Company_Safety_Policy_and_Standards\"><\/span>Yrityksen turvallisuuspolitiikka ja -standardit<span class=\"ez-toc-section-end\"><\/span><\/h2>\r\n\r\n\r\n\r\n<p>COVID-19-epidemian aikana lentokone puhdistettiin t\u00e4ydellisesti sek\u00e4 ennen lentoonl\u00e4ht\u00f6\u00e4 ett\u00e4 sen j\u00e4lkeen. Matkustajat ilmoittivat tunteneensa olonsa poikkeuksellisen turvalliseksi koko ajan, ja sen hiilijalanj\u00e4lki oli yhdeks\u00e4sosa keskikokoisen suihkukoneen hiilijalanj\u00e4ljest\u00e4.<\/p>\r\n\r\n\r\n\r\n<p>VeriJetin tarjoamassa lentokoneessa on Cirrus Airframe Parachute System -laskuvarjoj\u00e4rjestelm\u00e4 ja Safe ReturnTM -h\u00e4t\u00e4laskeutumisj\u00e4rjestelm\u00e4. Safe Return -h\u00e4t\u00e4laskeutumisj\u00e4rjestelm\u00e4 tarjoaa uuden vaihtoehdon matkustajien turvaamiseksi, sill\u00e4 sen avulla lent\u00e4j\u00e4 voi laskeutua suihkukoneella h\u00e4t\u00e4tilanteessa helposti napin painalluksella. T\u00e4m\u00e4 tekee automaattisesta laskeutumisesta erinomaisen lis\u00e4yksen Vision Jet -malliin.<\/p>\r\n\r\n\r\n\r\n<h2 class=\"wp-block-heading\"><span class=\"ez-toc-section\" id=\"Pilots\"><\/span>Lent\u00e4j\u00e4t<span class=\"ez-toc-section-end\"><\/span><\/h2>\r\n\r\n\r\n\r\n<figure class=\"wp-block-image size-full is-style-default\"><img loading=\"lazy\" decoding=\"async\" width=\"1000\" height=\"667\" src=\"https:\/\/comparemyjet.com\/wp-content\/uploads\/2022\/09\/pilot.boarding.on_.a.private.jet_.jpg\" alt=\"\" class=\"wp-image-3231\" srcset=\"https:\/\/comparemyjet.com\/wp-content\/uploads\/2022\/09\/pilot.boarding.on_.a.private.jet_-18x12.jpg 18w, https:\/\/comparemyjet.com\/wp-content\/uploads\/2022\/09\/pilot.boarding.on_.a.private.jet_-300x200.jpg 300w, https:\/\/comparemyjet.com\/wp-content\/uploads\/2022\/09\/pilot.boarding.on_.a.private.jet_-768x512.jpg 768w, https:\/\/comparemyjet.com\/wp-content\/uploads\/2022\/09\/pilot.boarding.on_.a.private.jet_.jpg 1000w\" sizes=\"auto, (max-width: 1000px) 100vw, 1000px\" \/><\/figure>\r\n\r\n\r\n\r\n<p>Jokaisen Vision Jet -lentokoneen vakiovarusteena on ensiluokkainen lent\u00e4j\u00e4koulutus Vision Center Campusissa.<\/p>\r\n\r\n\r\n\r\n<h2 class=\"wp-block-heading\"><span class=\"ez-toc-section\" id=\"Partnerships\"><\/span>Kumppanuudet<span class=\"ez-toc-section-end\"><\/span><\/h2>\r\n\r\n\r\n\r\n<p>Coflyt on \u00e4lyk\u00e4s ilmailuohjelmisto, joka antaa lentokoneiden omistajille, yrityksille ja ilmailuorganisaatioille mielenrauhan, jota he tarvitsevat lentokoneidensa k\u00e4yt\u00f6ss\u00e4.&nbsp;<\/p>\r\n\r\n\r\n\r\n<p>Lent\u00e4j\u00e4t kehittiv\u00e4t Coflytin, jotta lentokoneiden omistaminen olisi tehokkaampaa. Se keskitt\u00e4\u00e4 lentotiedot, yll\u00e4pit\u00e4\u00e4 lentokarttoja, analysoi suorituskyky\u00e4, n\u00e4ytt\u00e4\u00e4 lentokoneiden saatavuuden, antaa tilap\u00e4ivityksi\u00e4 lentokoneiden ja varaosien toimittajille ja yksinkertaistaa muun muassa maksuja. VeriJet Cirrus -laivastoa hallinnoidaan seuraavilla j\u00e4rjestelmill\u00e4. <a href=\"https:\/\/coflyt.com\/verijet\/\" target=\"_blank\" rel=\"noopener\">Coflyt<\/a>, ja se k\u00e4ytt\u00e4\u00e4 alan johtavaa, patentoitua teko\u00e4ly\u00e4 ja tietokoneteknologiaa.<\/p>\r\n\r\n\r\n\r\n<h2 class=\"wp-block-heading\"><span class=\"ez-toc-section\" id=\"Conclusion\"><\/span>P\u00e4\u00e4telm\u00e4<span class=\"ez-toc-section-end\"><\/span><\/h2>\r\n\r\n\r\n\r\n<p>Richard Kanen mukaan, kun asiakas hakee Verijetilt\u00e4 yksityismatkaa, Verijet pystyy antamaan h\u00e4nelle tarjouksen heti ja vastaamaan h\u00e4nen kyselyyns\u00e4 v\u00e4litt\u00f6m\u00e4sti. Teko\u00e4ly on jo varmistanut, ett\u00e4 kaikki on turvallista, laillista ja toimitettavissa, ja hinnoittelu on asetettu kiveen. T\u00e4m\u00e4n mahdollisuuden ansiosta yksityislent\u00e4minen on nyt kaikkien saatavilla tavalla, joka ei aiemmin ollut mahdollista.<\/p>","protected":false},"excerpt":{"rendered":"<p>Verijet on innovatiivinen lentoyhti\u00f6, joka erottuu muista yksityisen suihkukoneen charter tarjoajat useita kriteerej\u00e4, joista suurin osa voidaan j\u00e4ljitt\u00e4\u00e4 yhti\u00f6n laivaston Cirrus SF-50 Vision Jets. Yhti\u00f6 perustettiin vuonna 2020, ja sen p\u00e4\u00e4toimisto sijaitsee Vero Beachissa, Floridassa. Se tekee lentoja ...<\/p>","protected":false},"author":1,"featured_media":3564,"parent":0,"menu_order":0,"comment_status":"closed","ping_status":"closed","template":"","meta":{"_acf_changed":false,"_genesis_hide_title":false,"_genesis_hide_breadcrumbs":false,"_genesis_hide_singular_image":false,"_genesis_hide_footer_widgets":false,"_genesis_custom_body_class":"","_genesis_custom_post_class":"","_genesis_layout":"","footnotes":""},"class_list":{"1":"page","2":"type-page","6":"entry"},"acf":[],"_links":{"self":[{"href":"https:\/\/comparemyjet.com\/fi\/wp-json\/wp\/v2\/pages\/3559","targetHints":{"allow":["GET"]}}],"collection":[{"href":"https:\/\/comparemyjet.com\/fi\/wp-json\/wp\/v2\/pages"}],"about":[{"href":"https:\/\/comparemyjet.com\/fi\/wp-json\/wp\/v2\/types\/page"}],"author":[{"embeddable":true,"href":"https:\/\/comparemyjet.com\/fi\/wp-json\/wp\/v2\/users\/1"}],"replies":[{"embeddable":true,"href":"https:\/\/comparemyjet.com\/fi\/wp-json\/wp\/v2\/comments?post=3559"}],"version-history":[{"count":3,"href":"https:\/\/comparemyjet.com\/fi\/wp-json\/wp\/v2\/pages\/3559\/revisions"}],"predecessor-version":[{"id":9415,"href":"https:\/\/comparemyjet.com\/fi\/wp-json\/wp\/v2\/pages\/3559\/revisions\/9415"}],"wp:featuredmedia":[{"embeddable":true,"href":"https:\/\/comparemyjet.com\/fi\/wp-json\/wp\/v2\/media\/3564"}],"wp:attachment":[{"href":"https:\/\/comparemyjet.com\/fi\/wp-json\/wp\/v2\/media?parent=3559"}],"curies":[{"name":"wp","href":"https:\/\/api.w.org\/{rel}","templated":true}]}}