{"id":3599,"date":"2022-10-22T21:32:51","date_gmt":"2022-10-22T21:32:51","guid":{"rendered":"https:\/\/comparemyjet.com\/?page_id=3599"},"modified":"2025-09-04T09:58:16","modified_gmt":"2025-09-04T09:58:16","slug":"costco-private-jet","status":"publish","type":"page","link":"https:\/\/comparemyjet.com\/fi\/costco-private-jet\/","title":{"rendered":"Costco Private Jet Flight hinnat"},"content":{"rendered":"<p>Amerikkalainen monikansallinen <a href=\"https:\/\/www.costco.com\/\" target=\"_blank\" rel=\"noopener\">Costco Wholesale Corporation<\/a> yll\u00e4pit\u00e4\u00e4 yksinoikeudellista v\u00e4hitt\u00e4ismyyntikerhoa j\u00e4senilleen. Costco on kuitenkin muutakin kuin halpoja paperipyyhkeit\u00e4, pellavansiemen\u00f6ljy\u00e4 ja mozzarellaa.&nbsp;<\/p>\r\n\r\n\r\n\r\n<p>Sis\u00e4\u00e4n 2020, tukkukauppias alkoi tarjota vuotuisia j\u00e4senyys tarjouksia yksityisen suihkukoneen ohjelmia osana niiden kumppanuuden kanssa <a href=\"https:\/\/comparemyjet.com\/fi\/wheels-up\/\" data-internallinksmanager029f6b8e52c=\"73\" title=\"Wheels Up j\u00e4senyyden hinnoittelu\">Py\u00f6r\u00e4t yl\u00f6s<\/a>.&nbsp;<\/p>\r\n\r\n\r\n\r\n<p>T\u00e4ss\u00e4 artikkelissa selvit\u00e4mme, miten t\u00e4m\u00e4 kumppanuus toimii ja miten voit ostaa yksityisen suihkukoneen lennon Costcosta. Meid\u00e4n on vain mainittava, ett\u00e4 siit\u00e4 ei ole uutta tietoa, joten kumppanuus n\u00e4ytt\u00e4\u00e4 nyt olevan ohi tai j\u00e4iss\u00e4. T\u00e4st\u00e4 huolimatta ei koskaan tied\u00e4, milloin suosittu tuote palaa hyllyille, joten tutkitaan asiaa tarkemmin.<\/p>\r\n\r\n\r\n\r\n<div id=\"ez-toc-container\" class=\"ez-toc-v2_0_76 counter-hierarchy ez-toc-counter ez-toc-grey ez-toc-container-direction\">\n<p class=\"ez-toc-title\" style=\"cursor:inherit\">Aiheet<\/p>\n<label for=\"ez-toc-cssicon-toggle-item-69daf4bd55eb6\" class=\"ez-toc-cssicon-toggle-label\"><span class=\"\"><span class=\"eztoc-hide\" style=\"display:none;\">Toggle<\/span><span class=\"ez-toc-icon-toggle-span\"><svg style=\"fill: #999;color:#999\" xmlns=\"http:\/\/www.w3.org\/2000\/svg\" class=\"list-377408\" width=\"20px\" height=\"20px\" viewbox=\"0 0 24 24\" fill=\"none\"><path d=\"M6 6H4v2h2V6zm14 0H8v2h12V6zM4 11h2v2H4v-2zm16 0H8v2h12v-2zM4 16h2v2H4v-2zm16 0H8v2h12v-2z\" fill=\"currentColor\"><\/path><\/svg><svg style=\"fill: #999;color:#999\" class=\"arrow-unsorted-368013\" xmlns=\"http:\/\/www.w3.org\/2000\/svg\" width=\"10px\" height=\"10px\" viewbox=\"0 0 24 24\" version=\"1.2\" baseprofile=\"tiny\"><path d=\"M18.2 9.3l-6.2-6.3-6.2 6.3c-.2.2-.3.4-.3.7s.1.5.3.7c.2.2.4.3.7.3h11c.3 0 .5-.1.7-.3.2-.2.3-.5.3-.7s-.1-.5-.3-.7zM5.8 14.7l6.2 6.3 6.2-6.3c.2-.2.3-.5.3-.7s-.1-.5-.3-.7c-.2-.2-.4-.3-.7-.3h-11c-.3 0-.5.1-.7.3-.2.2-.3.5-.3.7s.1.5.3.7z\"\/><\/svg><\/span><\/span><\/label><input type=\"checkbox\"  id=\"ez-toc-cssicon-toggle-item-69daf4bd55eb6\" checked aria-label=\"Toggle\" \/><nav><ul class='ez-toc-list ez-toc-list-level-1' ><li class='ez-toc-page-1 ez-toc-heading-level-2'><a class=\"ez-toc-link ez-toc-heading-1\" href=\"https:\/\/comparemyjet.com\/fi\/costco-private-jet\/#About_the_Company\" >Tietoa yrityksest\u00e4<\/a><\/li><li class='ez-toc-page-1 ez-toc-heading-level-2'><a class=\"ez-toc-link ez-toc-heading-2\" href=\"https:\/\/comparemyjet.com\/fi\/costco-private-jet\/#Membership_Programs\" >J\u00e4senyysohjelmat<\/a><\/li><li class='ez-toc-page-1 ez-toc-heading-level-2'><a class=\"ez-toc-link ez-toc-heading-3\" href=\"https:\/\/comparemyjet.com\/fi\/costco-private-jet\/#Pricing\" >Hinnoittelu<\/a><\/li><li class='ez-toc-page-1 ez-toc-heading-level-2'><a class=\"ez-toc-link ez-toc-heading-4\" href=\"https:\/\/comparemyjet.com\/fi\/costco-private-jet\/#The_Fleet\" >Laivasto&nbsp;<\/a><\/li><li class='ez-toc-page-1 ez-toc-heading-level-2'><a class=\"ez-toc-link ez-toc-heading-5\" href=\"https:\/\/comparemyjet.com\/fi\/costco-private-jet\/#Company_Safety_Policy_and_Standards\" >Yrityksen turvallisuuspolitiikka ja -standardit<\/a><\/li><li class='ez-toc-page-1 ez-toc-heading-level-2'><a class=\"ez-toc-link ez-toc-heading-6\" href=\"https:\/\/comparemyjet.com\/fi\/costco-private-jet\/#Conclusion\" >P\u00e4\u00e4telm\u00e4<\/a><\/li><\/ul><\/nav><\/div>\n<h2 class=\"wp-block-heading\"><span class=\"ez-toc-section\" id=\"About_the_Company\"><\/span>Tietoa yrityksest\u00e4<span class=\"ez-toc-section-end\"><\/span><\/h2>\r\n\r\n\r\n\r\n<figure class=\"wp-block-image size-full is-style-default\"><img loading=\"lazy\" decoding=\"async\" width=\"1000\" height=\"667\" src=\"https:\/\/comparemyjet.com\/wp-content\/uploads\/2022\/10\/costco.wholesale.jpg\" alt=\"\" class=\"wp-image-3600\" srcset=\"https:\/\/comparemyjet.com\/wp-content\/uploads\/2022\/10\/costco.wholesale-18x12.jpg 18w, https:\/\/comparemyjet.com\/wp-content\/uploads\/2022\/10\/costco.wholesale-300x200.jpg 300w, https:\/\/comparemyjet.com\/wp-content\/uploads\/2022\/10\/costco.wholesale-768x512.jpg 768w, https:\/\/comparemyjet.com\/wp-content\/uploads\/2022\/10\/costco.wholesale.jpg 1000w\" sizes=\"auto, (max-width: 1000px) 100vw, 1000px\" \/><\/figure>\r\n\r\n\r\n\r\n<p>Jos et ole koskaan ennen k\u00e4ynyt Costcossa, kerron sinulle lis\u00e4\u00e4: se on v\u00e4hitt\u00e4iskaupan j\u00e4ttil\u00e4inen, jossa asiakkaat voivat hankkia maksullisen vuosij\u00e4senyyden ja saada valtavia alennuksia kaikenlaisista tavaroista.&nbsp;<\/p>\r\n\r\n\r\n\r\n<p>Costco on kuuluisa valtavista varastoista, joista l\u00f6yd\u00e4t l\u00e4hes kaiken tarvitsemasi. Alkuper\u00e4inen myym\u00e4l\u00e4, joka debytoi vuonna 1976 Price Club -nimell\u00e4, oli uudelleen k\u00e4ytetty lentokonehalli vuonna 1976. <a href=\"https:\/\/comparemyjet.com\/fi\/yksityiset-matkat\/san-diego-private-tours\/\" data-internallinksmanager029f6b8e52c=\"435\" title=\"11 Parasta San Diegon yksityisretki\u00e4 alkaen $64.50\">San Diego<\/a>. Nyky\u00e4\u00e4n t\u00e4m\u00e4n monikansallisen v\u00e4hitt\u00e4iskauppiaan markkina-arvo on miljardeja, ja se toimii kahdeksassa maassa. Mutta miten se tarjoaa yksityisi\u00e4 tilauslentoja?<\/p>\r\n\r\n\r\n\r\n<p>Siell\u00e4 on <a href=\"https:\/\/comparemyjet.com\/fi\/wheels-up\/\">Py\u00f6r\u00e4t yl\u00f6s<\/a>, tunnettu yksityinen suihkukone palveluntarjoaja, tulee. Wheels Up on vuonna 2013 perustettu j\u00e4senyyteen perustuva tilauslentojen tarjoaja. Vuonna 2014 organisaatiolla oli yli tuhat maksavaa asiakasta ja laivasto, jossa oli <a href=\"https:\/\/comparemyjet.com\/fi\/cessna\/\" data-internallinksmanager029f6b8e52c=\"145\" title=\"Lopullinen opas Cessna yksityiset suihkukoneet &amp; Aircraft\">Cessna<\/a> Citation-suihkukoneet ja King Air 105i -turbiinikoneet. Nyky\u00e4\u00e4n ne tarjoavat kevyist\u00e4 raskaisiin yksityislentokoneisiin noin 1 500 lentokoneen laivastossa.<\/p>\r\n\r\n\r\n\r\n<p>Wheels Up teki vuonna 2020 yhteisty\u00f6kumppanuuden Costcon kanssa antaakseen Costcon j\u00e4senille p\u00e4\u00e4syn yksityisen suihkukoneen j\u00e4senyyteen.<\/p>\r\n\r\n\r\n\r\n<h2 class=\"wp-block-heading\"><span class=\"ez-toc-section\" id=\"Membership_Programs\"><\/span>J\u00e4senyysohjelmat<span class=\"ez-toc-section-end\"><\/span><\/h2>\r\n\r\n\r\n\r\n<p>Monet ihmiset alkoivat v\u00e4ltt\u00e4\u00e4 kaupallisia lentoja Covid-19-epidemian seurauksena, mink\u00e4 vuoksi yksityiset suihkukonej\u00e4senyydet, jotka ovat usein varakkaille varattua ylellisyytt\u00e4, yleistyiv\u00e4t lent\u00e4jien keskuudessa.&nbsp;<\/p>\r\n\r\n\r\n\r\n<p>Costco Private Jet on esimerkki t\u00e4st\u00e4 suuntauksesta. Katsotaanpa, jos se on hyv\u00e4 idea hy\u00f6dynt\u00e4\u00e4 tukku j\u00e4ttil\u00e4inen varata yksityinen suihkukone.&nbsp;<\/p>\r\n\r\n\r\n\r\n<p>Costco yksityinen suihkukone j\u00e4senyys etuisuuksia ovat kiinte\u00e4 tuntihinta, taattu saatavuus, ja alennukset.<\/p>\r\n\r\n\r\n\r\n<p>Kuitenkin, se ei ole sen arvoista, jos aiot vain k\u00e4ytt\u00e4\u00e4 sit\u00e4 yhden tai kahden yksityisen suihkukoneen matkoja vuodessa. Vain kanta-asiakkaat saavat t\u00e4st\u00e4 j\u00e4senyydest\u00e4 tuottoa.&nbsp;<\/p>\r\n\r\n\r\n\r\n<p>Jet-j\u00e4senyysohjelma sis\u00e4lt\u00e4\u00e4 ilmaisen yhden vuoden tilauksen yksityiseen lentokonepalveluun Wheels Up. Sen lis\u00e4ksi, ett\u00e4 j\u00e4senet saavat taatun koko maan kattavan lentokoneen saatavuuden jopa 365 p\u00e4iv\u00e4ksi, he saavat my\u00f6s yhden vuoden tilauksen Inspiratoon, joka on erikoistunut ylellisten loma-asuntojen tarjoamiseen.&nbsp;<\/p>\r\n\r\n\r\n\r\n<p>J\u00e4senet voivat varata lennon vain, jos he ilmoittavat siit\u00e4 v\u00e4hint\u00e4\u00e4n 24 tuntia etuk\u00e4teen.<\/p>\r\n\r\n\r\n\r\n<h2 class=\"wp-block-heading\"><span class=\"ez-toc-section\" id=\"Pricing\"><\/span>Hinnoittelu<span class=\"ez-toc-section-end\"><\/span><\/h2>\r\n\r\n\r\n\r\n<p>Ohjelman vuotuinen j\u00e4senmaksu maksaa noin $17 500. J\u00e4senyyspakettiin kuuluu p\u00e4\u00e4sy yksityistilaisuuksiin, $3 500 Costco-ostohyvitys, $4 000 lentohyvitys ja muita etuja.<\/p>\r\n\r\n\r\n\r\n<p>Maksu ei kata varsinaisten lentojen kustannuksia, ja se antaa ainoastaan p\u00e4\u00e4syn Wheels Up -palveluun lentojen varaamista varten. J\u00e4senet voivat j\u00e4rjest\u00e4\u00e4 Wheels Upin kautta tilauslennon mill\u00e4 tahansa yhti\u00f6n 300 lentokoneella tai sen 1250 kumppanin lentokoneella ja maksaa lennon sen j\u00e4lkeen, kun se on suunniteltu.<\/p>\r\n\r\n\r\n\r\n<h2 class=\"wp-block-heading\"><span class=\"ez-toc-section\" id=\"The_Fleet\"><\/span>Laivasto&nbsp;<span class=\"ez-toc-section-end\"><\/span><\/h2>\r\n\r\n\r\n\r\n<figure class=\"wp-block-image size-full is-style-default\"><img loading=\"lazy\" decoding=\"async\" width=\"1000\" height=\"750\" src=\"https:\/\/comparemyjet.com\/wp-content\/uploads\/2022\/10\/costco.wheelsup.jpg\" alt=\"Costco yksityinen suihkukone\" class=\"wp-image-3601\" srcset=\"https:\/\/comparemyjet.com\/wp-content\/uploads\/2022\/10\/costco.wheelsup-16x12.jpg 16w, https:\/\/comparemyjet.com\/wp-content\/uploads\/2022\/10\/costco.wheelsup-300x225.jpg 300w, https:\/\/comparemyjet.com\/wp-content\/uploads\/2022\/10\/costco.wheelsup-400x300.jpg 400w, https:\/\/comparemyjet.com\/wp-content\/uploads\/2022\/10\/costco.wheelsup-768x576.jpg 768w, https:\/\/comparemyjet.com\/wp-content\/uploads\/2022\/10\/costco.wheelsup-800x600.jpg 800w, https:\/\/comparemyjet.com\/wp-content\/uploads\/2022\/10\/costco.wheelsup.jpg 1000w\" sizes=\"auto, (max-width: 1000px) 100vw, 1000px\" \/><\/figure>\r\n\r\n\r\n\r\n<p>Wheels Upilla on oma lentokalusto, ja se vuokraa my\u00f6s yksityisi\u00e4 suihkukoneita hyv\u00e4maineisilta yhti\u00f6ilt\u00e4. Karkeasti ottaen Wheels Up hallinnoi noin 1 500:aa omistamaansa tai vuokraamaansa suihkukonetta.<\/p>\r\n\r\n\r\n\r\n<p>Yhti\u00f6 noudattaa takuuvarma saatavuus -periaatetta, johon liittyy tiettyj\u00e4 rajoitettuja poikkeuksia, jotka riippuvat kulloisestakin ohjelmasta.<\/p>\r\n\r\n\r\n\r\n<p>Wheels Upin omistamaan tai hallinnoimaan lentokalustoon kuuluvat turboprotot, kevyet, keskikokoiset, keskikokoiset, superkokoiset ja suuret lentokoneet. Voit lukea lis\u00e4tietoja <a href=\"https:\/\/comparemyjet.com\/fi\/wheels-up\/\">Wheels Up arvostelu<\/a>.<\/p>\r\n\r\n\r\n\r\n<h2 class=\"wp-block-heading\"><span class=\"ez-toc-section\" id=\"Company_Safety_Policy_and_Standards\"><\/span>Yrityksen turvallisuuspolitiikka ja -standardit<span class=\"ez-toc-section-end\"><\/span><\/h2>\r\n\r\n\r\n\r\n<p>Wheels Up ovat yksi harvoista yksityisen suihkukoneen yritykset alalla, joka suorittaa paikan p\u00e4\u00e4ll\u00e4 arviointeja ja tarkastuksia jokaisen kumppanin operaattorin ja lentokoneiden osana tarkastus ja laadunvarmistusprosessin. Wheels Up sertifioi vain 90 yhdysvaltalaisesta 2 000 operaattorista tarjoamaan lentokuljetuksia j\u00e4senilleen ja asiakkailleen.&nbsp;<\/p>\r\n\r\n\r\n\r\n<p>Korkeiden standardiensa ansiosta he palkkaavat vain p\u00e4tevimm\u00e4t ty\u00f6ntekij\u00e4t, mik\u00e4 takaa sek\u00e4 laadun ett\u00e4 turvallisuuden. Wheels Upin palkkaamat lent\u00e4j\u00e4t ovat alan parhaita, ja he saavat intensiivist\u00e4 koulutusta s\u00e4ilytt\u00e4\u00e4kseen t\u00e4m\u00e4n aseman.<\/p>\r\n\r\n\r\n\r\n<p>Kaikkia Wheels Upin yhteisty\u00f6kumppaneiden lentokoneita lent\u00e4v\u00e4t ilmailualan huippuyritykset, mukaan lukien <a href=\"https:\/\/comparemyjet.com\/fi\/delta-private-jets\/\" data-internallinksmanager029f6b8e52c=\"184\" title=\"Delta Private Jets -j\u00e4senyyden hinnoittelu\">Deltan yksityiset suihkukoneet<\/a>, Gama Aviation, Mountain Aviation, TMC Jets ja niiden tyt\u00e4ryhti\u00f6t.<\/p>\r\n\r\n\r\n\r\n<p>Lis\u00e4ksi Wheels Up v\u00e4itt\u00e4\u00e4, ett\u00e4 sen matkustajat ovat \"turvassa ilman rajoitteita\", sill\u00e4 se tekee miehist\u00f6n j\u00e4senille kaksi kertaa p\u00e4iv\u00e4ss\u00e4 l\u00e4mp\u00f6tilatarkastuksia, puhdistaa ja desinfioi s\u00e4\u00e4nn\u00f6llisesti lentojen v\u00e4lill\u00e4 ja tuulettaa lentokoneen sis\u00e4tilat.<\/p>\r\n\r\n\r\n\r\n<h2 class=\"wp-block-heading\"><span class=\"ez-toc-section\" id=\"Conclusion\"><\/span>P\u00e4\u00e4telm\u00e4<span class=\"ez-toc-section-end\"><\/span><\/h2>\r\n\r\n\r\n\r\n<figure class=\"wp-block-image size-full is-style-default\"><img loading=\"lazy\" decoding=\"async\" width=\"1000\" height=\"668\" src=\"https:\/\/comparemyjet.com\/wp-content\/uploads\/2022\/10\/membership.jpg\" alt=\"\" class=\"wp-image-3602\" srcset=\"https:\/\/comparemyjet.com\/wp-content\/uploads\/2022\/10\/membership-18x12.jpg 18w, https:\/\/comparemyjet.com\/wp-content\/uploads\/2022\/10\/membership-300x200.jpg 300w, https:\/\/comparemyjet.com\/wp-content\/uploads\/2022\/10\/membership-768x513.jpg 768w, https:\/\/comparemyjet.com\/wp-content\/uploads\/2022\/10\/membership.jpg 1000w\" sizes=\"auto, (max-width: 1000px) 100vw, 1000px\" \/><\/figure>\r\n\r\n\r\n\r\n<p>Voit liitty\u00e4 Costco yksityinen suihkukone j\u00e4senyysohjelma hy\u00f6dynt\u00e4\u00e4 Wheels Upin vakuutettu lennon varauspalvelu. J\u00e4senyytesi ansiosta voit varata lentoja kiinte\u00e4\u00e4n tuntihintaan. N\u00e4ytt\u00e4isi kuitenkin silt\u00e4, ett\u00e4 yhteisty\u00f6 on p\u00e4\u00e4ttynyt. Kummaltakaan verkkosivulta ei saa hy\u00f6dyllist\u00e4 tietoa.<\/p>\r\n\r\n\r\n\r\n<p>Onko j\u00e4rkev\u00e4\u00e4 rekister\u00f6ity\u00e4 yksityisen suihkukoneen j\u00e4senyyden Costco jos se tulee j\u00e4lleen saatavilla?<\/p>\r\n\r\n\r\n\r\n<p>Vastaus t\u00e4h\u00e4n kysymykseen j\u00e4\u00e4 ostajalle. Neuvomme yksityisen suihkukoneen lent\u00e4ji\u00e4 tutkimaan vaihtoehtojaan ja vertailemaan yhti\u00f6it\u00e4 ennen lopullisen p\u00e4\u00e4t\u00f6ksen tekemist\u00e4.<\/p>","protected":false},"excerpt":{"rendered":"<p>Amerikkalainen monikansallinen Costco Wholesale Corporation yll\u00e4pit\u00e4\u00e4 yksinoikeudella toimivaa v\u00e4hitt\u00e4ismyyntikerhoa j\u00e4senilleen. Costco on kuitenkin muutakin kuin halpoja paperipyyhkeit\u00e4, pellavansiemen\u00f6ljy\u00e4 ja mozzarellaa.  Vuonna 2020 tukkukauppa alkoi tarjota vuotuisia j\u00e4sensopimuksia yksityislentokoneiden ohjelmiin osana kumppanuuttaan Wheels Upin kanssa.  T\u00e4ss\u00e4 artikkelissa tutkimme, miten t\u00e4m\u00e4 ...<\/p>","protected":false},"author":2,"featured_media":0,"parent":0,"menu_order":0,"comment_status":"closed","ping_status":"closed","template":"","meta":{"_acf_changed":false,"_genesis_hide_title":false,"_genesis_hide_breadcrumbs":false,"_genesis_hide_singular_image":false,"_genesis_hide_footer_widgets":false,"_genesis_custom_body_class":"","_genesis_custom_post_class":"","_genesis_layout":"","footnotes":""},"class_list":{"1":"page","2":"type-page","5":"entry"},"acf":[],"_links":{"self":[{"href":"https:\/\/comparemyjet.com\/fi\/wp-json\/wp\/v2\/pages\/3599","targetHints":{"allow":["GET"]}}],"collection":[{"href":"https:\/\/comparemyjet.com\/fi\/wp-json\/wp\/v2\/pages"}],"about":[{"href":"https:\/\/comparemyjet.com\/fi\/wp-json\/wp\/v2\/types\/page"}],"author":[{"embeddable":true,"href":"https:\/\/comparemyjet.com\/fi\/wp-json\/wp\/v2\/users\/2"}],"replies":[{"embeddable":true,"href":"https:\/\/comparemyjet.com\/fi\/wp-json\/wp\/v2\/comments?post=3599"}],"version-history":[{"count":3,"href":"https:\/\/comparemyjet.com\/fi\/wp-json\/wp\/v2\/pages\/3599\/revisions"}],"predecessor-version":[{"id":3619,"href":"https:\/\/comparemyjet.com\/fi\/wp-json\/wp\/v2\/pages\/3599\/revisions\/3619"}],"wp:attachment":[{"href":"https:\/\/comparemyjet.com\/fi\/wp-json\/wp\/v2\/media?parent=3599"}],"curies":[{"name":"wp","href":"https:\/\/api.w.org\/{rel}","templated":true}]}}