{"id":3697,"date":"2022-11-19T02:19:51","date_gmt":"2022-11-19T02:19:51","guid":{"rendered":"https:\/\/comparemyjet.com\/?page_id=3697"},"modified":"2025-09-04T10:03:16","modified_gmt":"2025-09-04T10:03:16","slug":"honda","status":"publish","type":"page","link":"https:\/\/comparemyjet.com\/fi\/honda\/","title":{"rendered":"Lopullinen opas Honda yksityiset suihkukoneet &amp; Aircraft"},"content":{"rendered":"<p>Honda Aircraft Company on lentokonevalmistaja, joka k\u00e4ytt\u00e4\u00e4 ilmailualan uusinta teknologiaa ja innovaatioita tunnettujen HondaJet-lentokoneidensa valmistuksessa. Vuonna 1997 tutkimushankkeena alkanut yritys on nyt vakiintunut suihkukoneiden valmistaja ja Honda Motorin kokonaan omistama tyt\u00e4ryhti\u00f6.&nbsp;<\/p>\r\n\r\n\r\n\r\n<p>Yhti\u00f6n p\u00e4\u00e4konttori sijaitsee Piedmont Triadin kansainv\u00e4lisell\u00e4 lentoasemalla Greensborossa, Pohjois-Carolinassa. T\u00e4ll\u00e4 lentoasemalla koottiin ensimm\u00e4inen HondaJet-prototyyppi ja siell\u00e4 suoritettiin lentotestit.<\/p>\r\n\r\n\r\n\r\n<p>Katsotaanpa, miten yritys syntyi.<\/p>\r\n\r\n\r\n\r\n<div id=\"ez-toc-container\" class=\"ez-toc-v2_0_76 counter-hierarchy ez-toc-counter ez-toc-grey ez-toc-container-direction\">\n<p class=\"ez-toc-title\" style=\"cursor:inherit\">Aiheet<\/p>\n<label for=\"ez-toc-cssicon-toggle-item-69d6f3068bfe8\" class=\"ez-toc-cssicon-toggle-label\"><span class=\"\"><span class=\"eztoc-hide\" style=\"display:none;\">Toggle<\/span><span class=\"ez-toc-icon-toggle-span\"><svg style=\"fill: #999;color:#999\" xmlns=\"http:\/\/www.w3.org\/2000\/svg\" class=\"list-377408\" width=\"20px\" height=\"20px\" viewbox=\"0 0 24 24\" fill=\"none\"><path d=\"M6 6H4v2h2V6zm14 0H8v2h12V6zM4 11h2v2H4v-2zm16 0H8v2h12v-2zM4 16h2v2H4v-2zm16 0H8v2h12v-2z\" fill=\"currentColor\"><\/path><\/svg><svg style=\"fill: #999;color:#999\" class=\"arrow-unsorted-368013\" xmlns=\"http:\/\/www.w3.org\/2000\/svg\" width=\"10px\" height=\"10px\" viewbox=\"0 0 24 24\" version=\"1.2\" baseprofile=\"tiny\"><path d=\"M18.2 9.3l-6.2-6.3-6.2 6.3c-.2.2-.3.4-.3.7s.1.5.3.7c.2.2.4.3.7.3h11c.3 0 .5-.1.7-.3.2-.2.3-.5.3-.7s-.1-.5-.3-.7zM5.8 14.7l6.2 6.3 6.2-6.3c.2-.2.3-.5.3-.7s-.1-.5-.3-.7c-.2-.2-.4-.3-.7-.3h-11c-.3 0-.5.1-.7.3-.2.2-.3.5-.3.7s.1.5.3.7z\"\/><\/svg><\/span><\/span><\/label><input type=\"checkbox\"  id=\"ez-toc-cssicon-toggle-item-69d6f3068bfe8\" checked aria-label=\"Toggle\" \/><nav><ul class='ez-toc-list ez-toc-list-level-1' ><li class='ez-toc-page-1 ez-toc-heading-level-2'><a class=\"ez-toc-link ez-toc-heading-1\" href=\"https:\/\/comparemyjet.com\/fi\/honda\/#About_the_Company\" >Tietoa yrityksest\u00e4<\/a><\/li><li class='ez-toc-page-1 ez-toc-heading-level-2'><a class=\"ez-toc-link ez-toc-heading-2\" href=\"https:\/\/comparemyjet.com\/fi\/honda\/#Products_and_Services\" >Tuotteet ja palvelut&nbsp;<\/a><\/li><li class='ez-toc-page-1 ez-toc-heading-level-2'><a class=\"ez-toc-link ez-toc-heading-3\" href=\"https:\/\/comparemyjet.com\/fi\/honda\/#Aircraft_Types\" >Ilma-alustyypit<\/a><ul class='ez-toc-list-level-3' ><li class='ez-toc-heading-level-3'><a class=\"ez-toc-link ez-toc-heading-4\" href=\"https:\/\/comparemyjet.com\/fi\/honda\/#Business_Aircraft\" >Liikelentokoneet<\/a><ul class='ez-toc-list-level-4' ><li class='ez-toc-heading-level-4'><a class=\"ez-toc-link ez-toc-heading-5\" href=\"https:\/\/comparemyjet.com\/fi\/honda\/#HondaJet_Classic\" >HondaJet Classic<\/a><\/li><li class='ez-toc-page-1 ez-toc-heading-level-4'><a class=\"ez-toc-link ez-toc-heading-6\" href=\"https:\/\/comparemyjet.com\/fi\/honda\/#HondaJet_APMG\" >HondaJet APMG<\/a><\/li><li class='ez-toc-page-1 ez-toc-heading-level-4'><a class=\"ez-toc-link ez-toc-heading-7\" href=\"https:\/\/comparemyjet.com\/fi\/honda\/#HondaJet_Elite_S\" >HondaJet Elite S<\/a><\/li><li class='ez-toc-page-1 ez-toc-heading-level-4'><a class=\"ez-toc-link ez-toc-heading-8\" href=\"https:\/\/comparemyjet.com\/fi\/honda\/#Hondajet_2600_Concept\" >Hondajet 2600 Concept<\/a><\/li><\/ul><\/li><li class='ez-toc-page-1 ez-toc-heading-level-3'><a class=\"ez-toc-link ez-toc-heading-9\" href=\"https:\/\/comparemyjet.com\/fi\/honda\/#Most_Famous_Aircraft_by_the_Company\" >Yhti\u00f6n tunnetuimmat lentokoneet<\/a><\/li><\/ul><\/li><li class='ez-toc-page-1 ez-toc-heading-level-2'><a class=\"ez-toc-link ez-toc-heading-10\" href=\"https:\/\/comparemyjet.com\/fi\/honda\/#Safety\" >Turvallisuus&nbsp;<\/a><\/li><li class='ez-toc-page-1 ez-toc-heading-level-2'><a class=\"ez-toc-link ez-toc-heading-11\" href=\"https:\/\/comparemyjet.com\/fi\/honda\/#Sustainability\" >Kest\u00e4v\u00e4 kehitys&nbsp;<\/a><\/li><li class='ez-toc-page-1 ez-toc-heading-level-2'><a class=\"ez-toc-link ez-toc-heading-12\" href=\"https:\/\/comparemyjet.com\/fi\/honda\/#Innovations\" >Innovaatiot<\/a><\/li><li class='ez-toc-page-1 ez-toc-heading-level-2'><a class=\"ez-toc-link ez-toc-heading-13\" href=\"https:\/\/comparemyjet.com\/fi\/honda\/#Conclusion\" >P\u00e4\u00e4telm\u00e4<\/a><\/li><\/ul><\/nav><\/div>\n<h2 class=\"wp-block-heading\"><span class=\"ez-toc-section\" id=\"About_the_Company\"><\/span>Tietoa yrityksest\u00e4<span class=\"ez-toc-section-end\"><\/span><\/h2>\r\n\r\n\r\n\r\n<figure class=\"wp-block-image size-full is-style-default\"><img loading=\"lazy\" decoding=\"async\" width=\"1000\" height=\"667\" src=\"https:\/\/comparemyjet.com\/wp-content\/uploads\/2022\/11\/honda.logo_.jpg\" alt=\"Honda\" class=\"wp-image-3700\" srcset=\"https:\/\/comparemyjet.com\/wp-content\/uploads\/2022\/11\/honda.logo_-18x12.jpg 18w, https:\/\/comparemyjet.com\/wp-content\/uploads\/2022\/11\/honda.logo_-300x200.jpg 300w, https:\/\/comparemyjet.com\/wp-content\/uploads\/2022\/11\/honda.logo_-768x512.jpg 768w, https:\/\/comparemyjet.com\/wp-content\/uploads\/2022\/11\/honda.logo_.jpg 1000w\" sizes=\"auto, (max-width: 1000px) 100vw, 1000px\" \/><\/figure>\r\n\r\n\r\n\r\n<p>Honda Aircraftin uusi toimitusjohtaja Hideto Yamasaki aloitti teht\u00e4v\u00e4ss\u00e4 1. huhtikuuta 2022, kun Honda Aircraftin edellinen puheenjohtaja ja toimitusjohtaja Michimasa Fujino j\u00e4i el\u00e4kkeelle 31. maaliskuuta.&nbsp;<\/p>\r\n\r\n\r\n\r\n<p>My\u00f6hemmin Honda Aircraftiksi tulevan yrityksen alussa lahjakas ilmailuinsin\u00f6\u00f6ri Michimasa Fujino vastasi tutkimushankkeesta, joka alkoi vuonna 1986 Yhdysvalloissa ja keskittyi kevyisiin lentokoneisiin ja suihkumoottoreihin ja jatkui vuonna 1988 rakennussuunnittelulla. Vuonna 1993 aloitettiin Michimasa Fujinon projektin MH-02:n lentotestit - ensimm\u00e4inen t\u00e4yskomposiittinen matkustajakone. Honda lopetti lopulta hankkeen vuonna 1996 Japanin rahakriisin vuoksi.<\/p>\r\n\r\n\r\n\r\n<p>Vuonna 1997 alkoi HondaJetin kehitt\u00e4minen. Joulukuun 3. p\u00e4iv\u00e4n\u00e4 2003 HondaJetin prototyyppi nousi ensimm\u00e4ist\u00e4 kertaa taivaalle, ja sen voimanl\u00e4hteen\u00e4 oli kaksi Hondan suunnittelemaa ja valmistamaa turbofan-moottoria. Joulukuun 9. p\u00e4iv\u00e4n\u00e4 2015 FAA my\u00f6nsi sertifioinnin HondaJetille sen j\u00e4lkeen, kun sit\u00e4 oli kehitetty useita vuosia ja se oli tehnyt yhteisty\u00f6t\u00e4 GE Aviationin kanssa HF120-moottorin luomiseksi.<\/p>\r\n\r\n\r\n\r\n<p>HondaJet esiteltiin ensimm\u00e4isen kerran julkisesti EAA AirVenture Oshkosh -tapahtumassa vuonna 2005. Seuraavana vuonna Honda Aircraft perustettiin virallisesti, ja Fujino toimi yhti\u00f6n toimitusjohtajana. National Business Aviation Association -konferenssin aikana vuonna 2006 yritys alkoi ottaa vastaan tilauksia, ja se sai nopeasti yli sata toimitusta. T\u00e4n\u00e4 vuonna yritys perustettiin Honda Motorin kokonaan omistamaksi tyt\u00e4ryhti\u00f6ksi.<\/p>\r\n\r\n\r\n\r\n<p>HA-420 HondaJets -mallin valmistus alkoi vuonna 2012 Greensborossa, Pohjois-Carolinassa sijaitsevassa tarkoitusta varten rakennetussa tehtaassa. Sen j\u00e4lkeen, vuonna 2013, HF120-turbiinimoottori sai FAA:n hyv\u00e4ksynn\u00e4n, ja vuonna 2014 tuotantoversion neitsytlento tapahtui. 2018 <a href=\"https:\/\/comparemyjet.com\/fi\/hotels\/saw-hotels\/\" data-internallinksmanager029f6b8e52c=\"513\" title=\"11 parasta hotellia l\u00e4hell\u00e4 Sabiha G\u00f6k\u00e7enin kansainv\u00e4list\u00e4 lentoasemaa\">sahaa<\/a> HondaJet Elite -mallin, joka on parannettu versio HA-420-mallista, lanseeraus.<\/p>\r\n\r\n\r\n\r\n<p>Vuosina 2017 ja 2018 Elite oli kevyt suihkukone, jota Honda toimitti eniten maailmanlaajuisesti.<\/p>\r\n\r\n\r\n\r\n<p>Sittemmin suihkukoneeseen on tehty jatkuvasti parannuksia, jotka ovat lis\u00e4nneet muun muassa kantamaa. Lis\u00e4ksi Honda Aircraft on lis\u00e4nnyt tuotantokapasiteettiaan Greensborossa, Pohjois-Carolinassa sijaitsevassa tuotantolaitoksessaan, ja yhti\u00f6 valmistaa t\u00e4ll\u00e4 hetkell\u00e4 suurimman osan koneen rungosta ja siivist\u00e4. HondaJet Elite S on uusin saatavilla oleva malli.<\/p>\r\n\r\n\r\n\r\n<h2 class=\"wp-block-heading\"><span class=\"ez-toc-section\" id=\"Products_and_Services\"><\/span>Tuotteet ja palvelut&nbsp;<span class=\"ez-toc-section-end\"><\/span><\/h2>\r\n\r\n\r\n\r\n<p>Honda Aircraft on hiljattain vahvistanut HondaJetin asiakaspalveluj\u00e4rjestelm\u00e4n laajentamisen nelj\u00e4ll\u00e4 uudella toimipisteell\u00e4, jotka sijaitsevat seuraavissa paikoissa:&nbsp;<\/p>\r\n\r\n\r\n\r\n<ul class=\"wp-block-list\">\r\n<li>Selangor, Malesia&nbsp;<\/li>\r\n\r\n\r\n\r\n<li>Bournemouth, Yhdistynyt kuningaskunta&nbsp;<\/li>\r\n\r\n\r\n\r\n<li><a href=\"https:\/\/comparemyjet.com\/fi\/yksityiset-matkat\/portlandin-yksityiset-matkat\/\" data-internallinksmanager029f6b8e52c=\"432\" title=\"11 Parasta Portlandin yksityiset retket Alkaen $48.00\">Portland<\/a>, Oregon&nbsp;<\/li>\r\n\r\n\r\n\r\n<li>ja <a href=\"https:\/\/comparemyjet.com\/fi\/yksityiset-matkat\/sacramento-private-tours\/\" data-internallinksmanager029f6b8e52c=\"434\" title=\"11 Parasta Sacramento Yksityiset matkat Alkaen $7.99\">Sacramento<\/a>, Kalifornia&nbsp;<\/li>\r\n<\/ul>\r\n\r\n\r\n\r\n<p>N\u00e4in HondaJetin asiakaspalveluverkoston toimipisteiden kokonaism\u00e4\u00e4r\u00e4 nousee 21:een maailmanlaajuisesti ja 12:een Pohjois-Amerikassa. Yhti\u00f6n ensimm\u00e4inen toimisto Kaakkois-Aasiassa sijaitsee t\u00e4ll\u00e4 hetkell\u00e4 Malesiassa.&nbsp;<\/p>\r\n\r\n\r\n\r\n<h2 class=\"wp-block-heading\"><span class=\"ez-toc-section\" id=\"Aircraft_Types\"><\/span>Ilma-alustyypit<span class=\"ez-toc-section-end\"><\/span><\/h2>\r\n\r\n\r\n\r\n<figure class=\"wp-block-image size-full is-style-default\"><img loading=\"lazy\" decoding=\"async\" width=\"1000\" height=\"714\" src=\"https:\/\/comparemyjet.com\/wp-content\/uploads\/2022\/11\/honda.jet_.jpg\" alt=\"\" class=\"wp-image-3699\" srcset=\"https:\/\/comparemyjet.com\/wp-content\/uploads\/2022\/11\/honda.jet_-18x12.jpg 18w, https:\/\/comparemyjet.com\/wp-content\/uploads\/2022\/11\/honda.jet_-300x214.jpg 300w, https:\/\/comparemyjet.com\/wp-content\/uploads\/2022\/11\/honda.jet_-768x548.jpg 768w, https:\/\/comparemyjet.com\/wp-content\/uploads\/2022\/11\/honda.jet_.jpg 1000w\" sizes=\"auto, (max-width: 1000px) 100vw, 1000px\" \/><\/figure>\r\n\r\n\r\n\r\n<h3 class=\"wp-block-heading\"><span class=\"ez-toc-section\" id=\"Business_Aircraft\"><\/span>Liikelentokoneet<span class=\"ez-toc-section-end\"><\/span><\/h3>\r\n\r\n\r\n\r\n<h4 class=\"wp-block-heading\"><span class=\"ez-toc-section\" id=\"HondaJet_Classic\"><\/span>HondaJet Classic<span class=\"ez-toc-section-end\"><\/span><\/h4>\r\n\r\n\r\n\r\n<p>Ensimm\u00e4inen HondaJet on eritt\u00e4in kevyt suihkukone, joka on vastuussa useista ensimm\u00e4isist\u00e4 ilmailualan saavutuksista.<\/p>\r\n\r\n\r\n\r\n<p>Siiven yl\u00e4puolella oleva moottorin kiinnitys on tulosta Hondan tiukasta tutkimus- ja kehitysty\u00f6st\u00e4, joka johti sen suunnitteluun ja validointiin. T\u00e4m\u00e4 huipputeknologia mahdollistaa luokan johtavat edistysaskeleet, kuten hiljaisemman ja tilavamman matkustamon ja paremman polttoainetalouden.<\/p>\r\n\r\n\r\n\r\n<p>T\u00e4m\u00e4 innovatiivinen tekninen ratkaisu johtaa nopeaan matkanopeuteen ja parempaan hy\u00f6tysuhteeseen bensiinin k\u00e4yt\u00f6ss\u00e4. HondaJetin runko on valmistettu kevyest\u00e4 komposiittimateriaalista, toisin kuin useimpien suihkukoneiden rakentamisessa k\u00e4ytetty alumiini.&nbsp;<\/p>\r\n\r\n\r\n\r\n<p>Tekniset tiedot:<\/p>\r\n\r\n\r\n\r\n<ul class=\"wp-block-list\">\r\n<li>Koko pituus: 42 jalkaa 6 tuumaa;<\/li>\r\n\r\n\r\n\r\n<li>Ulkokorkeus: 14 ft 9 in;<\/li>\r\n\r\n\r\n\r\n<li>Siipiv\u00e4li: 39 ft 8 in;<\/li>\r\n\r\n\r\n\r\n<li>Ohjaamon korkeus: 4 ft 8 in;<\/li>\r\n\r\n\r\n\r\n<li>Ohjaamon pituus: 12 ft 1 in;<\/li>\r\n\r\n\r\n\r\n<li>Ohjaamon leveys: 5ft<\/li>\r\n\r\n\r\n\r\n<li>Lentoalue: 1,223 nm;<\/li>\r\n\r\n\r\n\r\n<li>Matkatavaratila: 66 kuutiometri\u00e4;<\/li>\r\n\r\n\r\n\r\n<li>Suurin matkanopeus: 422 ktas.<\/li>\r\n<\/ul>\r\n\r\n\r\n\r\n<h4 class=\"wp-block-heading\"><span class=\"ez-toc-section\" id=\"HondaJet_APMG\"><\/span>HondaJet APMG<span class=\"ez-toc-section-end\"><\/span><\/h4>\r\n\r\n\r\n\r\n<p>Honda keskittyy tinkim\u00e4tt\u00f6m\u00e4sti tehokkuuteen ja pyrkii jatkuvasti l\u00f6yt\u00e4m\u00e4\u00e4n l\u00e4pimurtoja rakenteen, valmistuksen ja innovoinnin avulla. T\u00e4m\u00e4 on yksi syy, miksi se on niin menestynyt. Viimeisin t\u00e4m\u00e4n pyrkimyksen aikaansaama saavutus on HondaJet APMG. Lyhyemm\u00e4n lentoonl\u00e4ht\u00f6kent\u00e4n pituuden ansiosta HondaJet APMG tarjoaa matkustajille paremman p\u00e4\u00e4syn lentokent\u00e4lle eri ymp\u00e4rist\u00f6iss\u00e4.<\/p>\r\n\r\n\r\n\r\n<p>Tekniset tiedot:<\/p>\r\n\r\n\r\n\r\n<ul class=\"wp-block-list\">\r\n<li>Matkustajia: 6;<\/li>\r\n\r\n\r\n\r\n<li>Koko pituus: 41 jalkaa;<\/li>\r\n\r\n\r\n\r\n<li>Siipiv\u00e4li: 40 ft 1 in;<\/li>\r\n\r\n\r\n\r\n<li>Ulkokorkeus: 13 ft 1 in;<\/li>\r\n\r\n\r\n\r\n<li>Ohjaamon pituus: 15 ft 1 in;<\/li>\r\n\r\n\r\n\r\n<li>Ohjaamon leveys: 4 ft 11 in;<\/li>\r\n\r\n\r\n\r\n<li>Ohjaamon korkeus: 4 ft 11 in;<\/li>\r\n\r\n\r\n\r\n<li>Suurin matkanopeus: 485 mailia;<\/li>\r\n\r\n\r\n\r\n<li>Lentoalue: 1404 mailia;<\/li>\r\n\r\n\r\n\r\n<li>Miehist\u00f6: 1-2.<\/li>\r\n<\/ul>\r\n\r\n\r\n\r\n<h4 class=\"wp-block-heading\"><span class=\"ez-toc-section\" id=\"HondaJet_Elite_S\"><\/span>HondaJet Elite S<span class=\"ez-toc-section-end\"><\/span><\/h4>\r\n\r\n\r\n\r\n<p>Elite S kuuluu kevyiden suihkukoneiden luokkaan, ja siin\u00e4 on laajennettu rahtiv\u00e4li ja parannettu tekniikka, jotka vahvistavat koneen toimintakyky\u00e4.&nbsp;<\/p>\r\n\r\n\r\n\r\n<p>HondaJet Elite S on maailman teknisesti kehittyneimm\u00e4n kevyen suihkukoneen vertailukohta. Se ylitt\u00e4\u00e4 suorituskyvylt\u00e4\u00e4n kaikki muut luokkansa lentokoneet Honda Aircraftin kehitt\u00e4mien ja esittelemien uraauurtavien ilmailuinnovaatioiden ansiosta.<\/p>\r\n\r\n\r\n\r\n<p>Honda Aircraftin tekemien parannusten ansiosta HondaJet Elite S:ss\u00e4 on luokkansa laajin matkustamo, yksityinen WC ja ymp\u00e4rist\u00f6, jota matkustajat voivat hallita \u00e4lypuhelimella.&nbsp;<\/p>\r\n\r\n\r\n\r\n<p>Tekniset tiedot:<\/p>\r\n\r\n\r\n\r\n<ul class=\"wp-block-list\">\r\n<li>Matkustajia: 8-10;<\/li>\r\n\r\n\r\n\r\n<li>Ulkokorkeus: 14 ft 11 in;<\/li>\r\n\r\n\r\n\r\n<li>Koko pituus: 42 jalkaa 7 tuumaa;<\/li>\r\n\r\n\r\n\r\n<li>Siipiv\u00e4li: 39 ft 9 in;<\/li>\r\n\r\n\r\n\r\n<li>Ohjaamon leveys: 5 ft 1 in;<\/li>\r\n\r\n\r\n\r\n<li>Ohjaamon korkeus: 4 ft 11 in;<\/li>\r\n\r\n\r\n\r\n<li>Ohjaamon pituus: 17 ft 10 in;<\/li>\r\n\r\n\r\n\r\n<li>Ulkoinen matkatavaratila: 60 kuutiometri\u00e4;<\/li>\r\n\r\n\r\n\r\n<li>Sis\u00e4inen matkatavaratila: 10 kuutiometri\u00e4;<\/li>\r\n\r\n\r\n\r\n<li>Suurin lentomatka: 1437 nm;<\/li>\r\n\r\n\r\n\r\n<li>Suurin matkalentonopeus: 422 kts;<\/li>\r\n\r\n\r\n\r\n<li>Miehist\u00f6: 1.<\/li>\r\n<\/ul>\r\n\r\n\r\n\r\n<h4 class=\"wp-block-heading\"><span class=\"ez-toc-section\" id=\"Hondajet_2600_Concept\"><\/span>Hondajet 2600 Concept<span class=\"ez-toc-section-end\"><\/span><\/h4>\r\n\r\n\r\n\r\n<p>Honda Aircraft Company keksi <a href=\"https:\/\/www.hondajet.com\/en\/Products\/HondaJet-2600-Concept\" target=\"_blank\" rel=\"noopener\">HondaJet 2600 Concept<\/a> vastaamaan ilmailualan tuleviin haasteisiin. HondaJet 2600 voi tehd\u00e4 nonstop mannertenv\u00e4lisi\u00e4 matkoja Yhdysvaltojen halki innovatiivisen ilmailuteknologian kehityksen ansiosta. Sen lis\u00e4ksi, ett\u00e4 matkustamo tarjoaa mukavat tilat ja runsaasti s\u00e4ilytystilaa matkavarusteille, siin\u00e4 saavutetaan my\u00f6s vertaansa vailla oleva polttoainetaloudellisuus.<\/p>\r\n\r\n\r\n\r\n<p>Matkustamon sisustus on modulaarinen ja eritt\u00e4in mukautuva, ja se on rakennettu vastaamaan eri asiakkaiden tarpeita.&nbsp;<\/p>\r\n\r\n\r\n\r\n<p>Honda jatkaa innovointia HondaJet 2600 -mallilla, joka esiteltiin ensimm\u00e4ist\u00e4 kertaa vuoden 2021 messuilla. <a href=\"https:\/\/ebace.aero\/2022\/\" target=\"_blank\" rel=\"noopener\">Business Aviation Convention and Expo<\/a> is\u00e4nn\u00f6i <a href=\"https:\/\/nbaa.org\/\" target=\"_blank\" rel=\"noopener\">National Business Aviation Association<\/a>. Suunnitteluun tehdyt parannukset auttoivat yksinkertaistamaan j\u00e4rjestelmi\u00e4, mink\u00e4 ansiosta lentokoneen paino oli pienempi, sen luotettavuus parempi ja sen yll\u00e4pito helpompaa koko sen elinkaaren ajan.<\/p>\r\n\r\n\r\n\r\n<p>Tekniset tiedot:<\/p>\r\n\r\n\r\n\r\n<ul class=\"wp-block-list\">\r\n<li>Matkustajia: 9-10;<\/li>\r\n\r\n\r\n\r\n<li>Koko pituus 57 ft 8 in;<\/li>\r\n\r\n\r\n\r\n<li>Siipiv\u00e4li 56 ft 7 in;<\/li>\r\n\r\n\r\n\r\n<li>Ulkokorkeus 15 ft 9 in;<\/li>\r\n\r\n\r\n\r\n<li>Ohjaamon pituus 25 ft 4 in;<\/li>\r\n\r\n\r\n\r\n<li>Ohjaamon leveys 5 ft;<\/li>\r\n\r\n\r\n\r\n<li>Ohjaamon korkeus 5 ft 2 in;<\/li>\r\n\r\n\r\n\r\n<li>Suurin matkanopeus: 450 kts;<\/li>\r\n\r\n\r\n\r\n<li>Suurin lentomatka: 2625 nm;<\/li>\r\n\r\n\r\n\r\n<li>Matkatavaratila: 120 kuutiometri\u00e4;<\/li>\r\n\r\n\r\n\r\n<li>Miehist\u00f6: 1.<\/li>\r\n<\/ul>\r\n\r\n\r\n\r\n<h3 class=\"wp-block-heading\"><span class=\"ez-toc-section\" id=\"Most_Famous_Aircraft_by_the_Company\"><\/span>Yhti\u00f6n tunnetuimmat lentokoneet<span class=\"ez-toc-section-end\"><\/span><\/h3>\r\n\r\n\r\n\r\n<p>HondaJet Elite S on maailman kehittynein kevyt liikesuihkukone, sill\u00e4 sen huippuluokan innovaatioiden ansiosta se ylitt\u00e4\u00e4 kaikki muut luokkansa lentokoneet. Se nousee ja s\u00e4ilytt\u00e4\u00e4 nopeutensa nopeammin, nousee korkeammalle, tarjoaa enemm\u00e4n tilaa, tuottaa v\u00e4hemm\u00e4n melua ja kuluttaa v\u00e4hemm\u00e4n polttoainetta.<\/p>\r\n\r\n\r\n\r\n<h2 class=\"wp-block-heading\"><span class=\"ez-toc-section\" id=\"Safety\"><\/span>Turvallisuus&nbsp;<span class=\"ez-toc-section-end\"><\/span><\/h2>\r\n\r\n\r\n\r\n<p>Kes\u00e4kuussa 2022 Honda Aircraft Company ja <a href=\"https:\/\/www.flightsafety.com\/\" target=\"_blank\" rel=\"noopener\">FlightSafety International<\/a> ilmoittivat 25-vuotisen sopimuksensa uusimisesta nykyiseen 15-vuotiseen sopimukseensa. Jatkosopimus varmistaa, ett\u00e4 yritykset jatkavat yhteisty\u00f6t\u00e4\u00e4n ja luovaa toimintaansa vuoteen 2047 asti. Sopimus laajentaa molempien yhti\u00f6iden yhteisi\u00e4 ponnisteluja tarjota HondaJet-operaattoreille ja -omistajille mahdollisimman korkeatasoisia turvallisuuskoulutuksia ja luoda samalla vankka ja pitk\u00e4aikainen sitoumus.<\/p>\r\n\r\n\r\n\r\n<h2 class=\"wp-block-heading\"><span class=\"ez-toc-section\" id=\"Sustainability\"><\/span>Kest\u00e4v\u00e4 kehitys&nbsp;<span class=\"ez-toc-section-end\"><\/span><\/h2>\r\n\r\n\r\n\r\n<p>Saastumisen ehk\u00e4isy ja kollektiivinen oikeudenmukaisuus ovat kaksi alaa, joilla Honda Aircraft Company asettaa uuden vertailukohdan liikelentotoiminnan alalla. Ne k\u00e4ytt\u00e4v\u00e4t emoyhti\u00f6ns\u00e4 luomia teknologioita parantaakseen lentokoneiden ominaisuuksia ja siten polttoainetehokkuutta. Jokainen Hondan suihkukone tuottaa v\u00e4hemm\u00e4n hiilidioksidip\u00e4\u00e4st\u00f6j\u00e4 toiminnallisuudesta tinkim\u00e4tt\u00e4. Honda olisi saavuttanut n\u00e4m\u00e4 edistysaskeleet vain maailmanlaajuisen yhteisty\u00f6ryhm\u00e4ns\u00e4 avulla, joka koostuu yli kahdestakymmenest\u00e4 eri maasta.<\/p>\r\n\r\n\r\n\r\n<p>Honda valmistaa muitakin kuin vain lentokoneita, joiden polttoaineenkulutus on alhainen. Sek\u00e4 <a href=\"https:\/\/global.honda\/sustainability\/environment\/blue-skies-for-our-children.html\" target=\"_blank\" rel=\"noopener\">Sininen taivas lapsillemme<\/a> hanke ja niiden <a href=\"https:\/\/hondanews.com\/en-US\/releases\/honda-leads-all-automakers-with-eleven-leed-certified-green-buildings-in-north-america\" target=\"_blank\" rel=\"noopener\">LEED Gold -sertifioitu yrityksen p\u00e4\u00e4konttori<\/a> ovat esimerkkej\u00e4 siit\u00e4, miten ne toimivat aktiivisesti yrityksen ymp\u00e4rist\u00f6vaikutusten v\u00e4hent\u00e4miseksi.<\/p>\r\n\r\n\r\n\r\n<h2 class=\"wp-block-heading\"><span class=\"ez-toc-section\" id=\"Innovations\"><\/span>Innovaatiot<span class=\"ez-toc-section-end\"><\/span><\/h2>\r\n\r\n\r\n\r\n<figure class=\"wp-block-image size-full is-style-default\"><img loading=\"lazy\" decoding=\"async\" width=\"1000\" height=\"667\" src=\"https:\/\/comparemyjet.com\/wp-content\/uploads\/2022\/11\/pilot.and_.honda_.jet_.jpg\" alt=\"\" class=\"wp-image-3701\" srcset=\"https:\/\/comparemyjet.com\/wp-content\/uploads\/2022\/11\/pilot.and_.honda_.jet_-18x12.jpg 18w, https:\/\/comparemyjet.com\/wp-content\/uploads\/2022\/11\/pilot.and_.honda_.jet_-300x200.jpg 300w, https:\/\/comparemyjet.com\/wp-content\/uploads\/2022\/11\/pilot.and_.honda_.jet_-768x512.jpg 768w, https:\/\/comparemyjet.com\/wp-content\/uploads\/2022\/11\/pilot.and_.honda_.jet_.jpg 1000w\" sizes=\"auto, (max-width: 1000px) 100vw, 1000px\" \/><\/figure>\r\n\r\n\r\n\r\n<p>Lokakuun 20. p\u00e4iv\u00e4n\u00e4 2022 yhti\u00f6 esitteli \"HondaJet Elite II\" -mallin. Se on vastik\u00e4\u00e4n parannettu lentokone, jossa on useita olennaisia parannuksia sek\u00e4 mukavuudessa ett\u00e4 suorituskyvyss\u00e4. Lis\u00e4ksi yhti\u00f6 ilmoitti uuden automaatioteknologian k\u00e4ytt\u00f6\u00f6notosta.<\/p>\r\n\r\n\r\n\r\n<p>HondaJet Elite II:n on tarkoitus olla kevyiden suihkukoneiden luokkansa nopein ja kauimmaksi lent\u00e4v\u00e4 kone, sill\u00e4 se on saavuttanut t\u00e4ysin uuden kest\u00e4vyystason. T\u00e4m\u00e4n saavutuksen mahdollisti Hondan pyrkimys innovointiin. Elite II:n lis\u00e4\u00e4ntyneen, 1 547 meripeninkulman lentomatkan ansiosta HondaJet voi nyt lent\u00e4\u00e4 useammassa paikassa. Suorituskyvyn parannukset viimeistell\u00e4\u00e4n asennetuilla maavakaajilla, jotka optimoivat laskeutumis- ja nousualueen suorituskyvyn.<\/p>\r\n\r\n\r\n\r\n<p>HondaJet on varustettu useilla teknisill\u00e4 edistysaskelilla, joiden ansiosta se saavuttaa huomattavasti suuremman matkanopeuden, enemm\u00e4n matkustamo- ja matkatavaratilaa ja huomattavasti paremman polttoainetehokkuuden kuin luokkansa tavanomaiset lentokoneet.&nbsp;<\/p>\r\n\r\n\r\n\r\n<p>Keskeisi\u00e4 HondaJet-teknologioita ovat:<\/p>\r\n\r\n\r\n\r\n<ul class=\"wp-block-list\">\r\n<li>suojattu siiven yl\u00e4puolinen moottorin kiinnitysasento,&nbsp;<\/li>\r\n\r\n\r\n\r\n<li>luonnollisen laminaarisen virtauksen (NLF) siipi ja rungon nokka,&nbsp;<\/li>\r\n\r\n\r\n\r\n<li>ja runkorakenne on kokonaan komposiittirakenteinen.&nbsp;<\/li>\r\n<\/ul>\r\n\r\n\r\n\r\n<p>N\u00e4m\u00e4 l\u00e4pimurrot ovat 20 vuoden ilmailututkimuksen huipentuma.<\/p>\r\n\r\n\r\n\r\n<p>Sen lis\u00e4ksi, ett\u00e4 Honda Aircraft Company on ilmoittanut aloittavansa automatisoinnin, se aikoo my\u00f6s ottaa k\u00e4ytt\u00f6\u00f6n Autothrottle- ja Emergency Autoland -j\u00e4rjestelm\u00e4t ennen vuoden 2023 loppua. T\u00e4m\u00e4 suuntaus tiivist\u00e4\u00e4 meneill\u00e4\u00e4n olevan pyrkimyksen parantaa HondaJeti\u00e4 automaation, p\u00e4ivityksen ja turvallisuuteen liittyvien edistysaskeleiden avulla.&nbsp;<\/p>\r\n\r\n\r\n\r\n<h2 class=\"wp-block-heading\"><span class=\"ez-toc-section\" id=\"Conclusion\"><\/span>P\u00e4\u00e4telm\u00e4<span class=\"ez-toc-section-end\"><\/span><\/h2>\r\n\r\n\r\n\r\n<p>Honda-yritys luo lentokoneita, joissa k\u00e4ytet\u00e4\u00e4n uusinta ilmailuteknologiaa ja joiden tavoitteena on mullistaa matkustaminen. Jokaisessa HondaJetiss\u00e4 hy\u00f6dynnet\u00e4\u00e4n nykyaikaista teknologiaa, joka t\u00e4ytt\u00e4\u00e4 omistajien ja yritysten erilaiset vaatimukset, l\u00e4\u00e4ketieteellisen evakuoinnin ja muut kriittiset toiminnot. Honda tekee yksityislent\u00e4misen eduista entist\u00e4 suuremman yleis\u00f6n ulottuville kehitt\u00e4m\u00e4ll\u00e4 nopeita, turvallisia ja taloudellisia lentokoneita.<\/p>","protected":false},"excerpt":{"rendered":"<p>Honda Aircraft Company on lentokonevalmistaja, joka k\u00e4ytt\u00e4\u00e4 ilmailualan uusinta teknologiaa ja innovaatioita tunnettujen HondaJet-lentokoneidensa valmistuksessa. Vuonna 1997 tutkimushankkeena alkanut yritys on nyt vakiintunut suihkukoneiden valmistaja ja Honda Motorin kokonaan omistama tyt\u00e4ryhti\u00f6.  Yhti\u00f6n p\u00e4\u00e4konttori sijaitsee Piedmont Triadin kansainv\u00e4lisell\u00e4 lentokent\u00e4ll\u00e4 Greensborossa, Pohjois-Kaliforniassa....<\/p>","protected":false},"author":2,"featured_media":3698,"parent":0,"menu_order":0,"comment_status":"closed","ping_status":"closed","template":"","meta":{"_acf_changed":false,"_genesis_hide_title":false,"_genesis_hide_breadcrumbs":false,"_genesis_hide_singular_image":false,"_genesis_hide_footer_widgets":false,"_genesis_custom_body_class":"","_genesis_custom_post_class":"","_genesis_layout":"","footnotes":""},"class_list":{"1":"page","2":"type-page","6":"entry"},"acf":[],"_links":{"self":[{"href":"https:\/\/comparemyjet.com\/fi\/wp-json\/wp\/v2\/pages\/3697","targetHints":{"allow":["GET"]}}],"collection":[{"href":"https:\/\/comparemyjet.com\/fi\/wp-json\/wp\/v2\/pages"}],"about":[{"href":"https:\/\/comparemyjet.com\/fi\/wp-json\/wp\/v2\/types\/page"}],"author":[{"embeddable":true,"href":"https:\/\/comparemyjet.com\/fi\/wp-json\/wp\/v2\/users\/2"}],"replies":[{"embeddable":true,"href":"https:\/\/comparemyjet.com\/fi\/wp-json\/wp\/v2\/comments?post=3697"}],"version-history":[{"count":3,"href":"https:\/\/comparemyjet.com\/fi\/wp-json\/wp\/v2\/pages\/3697\/revisions"}],"predecessor-version":[{"id":3772,"href":"https:\/\/comparemyjet.com\/fi\/wp-json\/wp\/v2\/pages\/3697\/revisions\/3772"}],"wp:featuredmedia":[{"embeddable":true,"href":"https:\/\/comparemyjet.com\/fi\/wp-json\/wp\/v2\/media\/3698"}],"wp:attachment":[{"href":"https:\/\/comparemyjet.com\/fi\/wp-json\/wp\/v2\/media?parent=3697"}],"curies":[{"name":"wp","href":"https:\/\/api.w.org\/{rel}","templated":true}]}}