{"id":2682,"date":"2022-03-17T15:52:07","date_gmt":"2022-03-17T15:52:07","guid":{"rendered":"https:\/\/comparemyjet.com\/?page_id=2682"},"modified":"2025-09-04T09:58:11","modified_gmt":"2025-09-04T09:58:11","slug":"a-propos-de","status":"publish","type":"page","link":"https:\/\/comparemyjet.com\/fr\/a-propos-de\/","title":{"rendered":"\u00c0 propos de"},"content":{"rendered":"<p>Compare My Jet a \u00e9t\u00e9 cr\u00e9\u00e9 par Ian Wright, un entrepreneur en s\u00e9rie, pour trouver des informations justes et impartiales sur les sujets suivants <a href=\"https:\/\/comparemyjet.com\/fr\/comment-louer-ou-affreter-un-jet-prive\/\" data-internallinksmanager029f6b8e52c=\"15\" title=\"Comment louer ou affr\u00e9ter un jet priv\u00e9 ?\">affr\u00e8tement de jet priv\u00e9<\/a> et les options de location. <\/p>\n<p>Nous aimons le monde du voyage de luxe haut de gamme. Nous avons donc voulu cr\u00e9er la meilleure ressource sur internet pour pr\u00e9senter vos options. <\/p>\n<p>Nous faisons de notre mieux pour publier des guides approfondis et bien document\u00e9s sur une vari\u00e9t\u00e9 de sujets li\u00e9s \u00e0 l'aviation priv\u00e9e. Tout, de <a href=\"https:\/\/comparemyjet.com\/fr\/comment-louer-ou-affreter-un-jet-prive\/\">Comment louer ou affr\u00e9ter un jet priv\u00e9 ?<\/a> \u00e0 <a href=\"https:\/\/comparemyjet.com\/fr\/how-much-medical-flights-medevac-air-ambulance-cost\/\">Co\u00fbts des vols m\u00e9dicaux<\/a> \u00e0 la <a href=\"https:\/\/comparemyjet.com\/fr\/quels-sont-les-meilleurs-sites-web-pour-trouver-des-jets-prives-a-vendre\/\">Les meilleurs sites web pour trouver des jets priv\u00e9s \u00e0 vendre<\/a>.<\/p>\n<p>Les voyages en jet priv\u00e9 ne sont pas un luxe bon march\u00e9. Et c'est pourquoi nous devons aussi gagner de l'argent. Actuellement, nous le faisons par le biais d'accords d'affiliation. Celles-ci consistent \u00e0 nous verser une commission si vous affr\u00e9tez un jet priv\u00e9 via l'un de nos partenaires. Cela ne vous co\u00fbte rien, mais contribue \u00e0 maintenir la gratuit\u00e9 de ce site. <\/p>\n<p>Si vous souhaitez que nous couvrions autre chose, ou si vous pensez que nous avons fait une erreur, n'h\u00e9sitez pas \u00e0 nous contacter ici. <\/p>","protected":false},"excerpt":{"rendered":"<p>Compare My Jet a \u00e9t\u00e9 cr\u00e9\u00e9 par Ian Wright, un entrepreneur en s\u00e9rie, dans le but de trouver des informations justes et impartiales sur les options d'affr\u00e8tement et de location de jets priv\u00e9s. Nous aimons le monde des voyages de luxe haut de gamme. Nous avons donc voulu cr\u00e9er la meilleure ressource sur Internet pour pr\u00e9senter vos options. Nous faisons de notre mieux pour publier des informations bien document\u00e9es ...<\/p>","protected":false},"author":1,"featured_media":0,"parent":0,"menu_order":0,"comment_status":"closed","ping_status":"closed","template":"","meta":{"_acf_changed":false,"_genesis_hide_title":false,"_genesis_hide_breadcrumbs":false,"_genesis_hide_singular_image":false,"_genesis_hide_footer_widgets":false,"_genesis_custom_body_class":"","_genesis_custom_post_class":"","_genesis_layout":"","footnotes":""},"class_list":{"1":"page","2":"type-page","5":"entry"},"acf":[],"_links":{"self":[{"href":"https:\/\/comparemyjet.com\/fr\/wp-json\/wp\/v2\/pages\/2682","targetHints":{"allow":["GET"]}}],"collection":[{"href":"https:\/\/comparemyjet.com\/fr\/wp-json\/wp\/v2\/pages"}],"about":[{"href":"https:\/\/comparemyjet.com\/fr\/wp-json\/wp\/v2\/types\/page"}],"author":[{"embeddable":true,"href":"https:\/\/comparemyjet.com\/fr\/wp-json\/wp\/v2\/users\/1"}],"replies":[{"embeddable":true,"href":"https:\/\/comparemyjet.com\/fr\/wp-json\/wp\/v2\/comments?post=2682"}],"version-history":[{"count":3,"href":"https:\/\/comparemyjet.com\/fr\/wp-json\/wp\/v2\/pages\/2682\/revisions"}],"predecessor-version":[{"id":2685,"href":"https:\/\/comparemyjet.com\/fr\/wp-json\/wp\/v2\/pages\/2682\/revisions\/2685"}],"wp:attachment":[{"href":"https:\/\/comparemyjet.com\/fr\/wp-json\/wp\/v2\/media?parent=2682"}],"curies":[{"name":"wp","href":"https:\/\/api.w.org\/{rel}","templated":true}]}}