{"id":2829,"date":"2022-04-06T14:23:50","date_gmt":"2022-04-06T14:23:50","guid":{"rendered":"https:\/\/comparemyjet.com\/?page_id=2829"},"modified":"2025-09-04T10:00:53","modified_gmt":"2025-09-04T10:00:53","slug":"conditions-dutilisation","status":"publish","type":"page","link":"https:\/\/comparemyjet.com\/fr\/conditions-dutilisation\/","title":{"rendered":"Conditions d'utilisation"},"content":{"rendered":"<p><strong>VEUILLEZ LES LIRE ATTENTIVEMENT AVANT D'UTILISER CE SITE WEB.<\/strong><\/p>\n<p>Bienvenue sur CompareMyJet.com. Si vous continuez \u00e0 naviguer sur ce site Web et \u00e0 l'utiliser, vous acceptez de respecter et d'\u00eatre li\u00e9 par les conditions d'utilisation suivantes, qui, conjointement avec notre site Web, constituent la base de notre politique de protection de la vie priv\u00e9e. <a href=\"https:\/\/CompareMyJet.com\/privacy-policy\/\" target=\"_blank\" rel=\"noopener\">politique de confidentialit\u00e9<\/a> r\u00e9gissent la relation de CompareMyJet.com avec vous en ce qui concerne ce site web. Si vous n'\u00eates pas d'accord avec une partie de ces conditions g\u00e9n\u00e9rales, veuillez ne pas utiliser notre site web.<\/p>\n<p>Les pr\u00e9sentes conditions d'utilisation, ainsi que les autres documents mentionn\u00e9s ci-dessous, d\u00e9finissent les conditions dans lesquelles vous pouvez utiliser le site https:\/\/CompareMyJet.com\/ (\"notre site\"). <\/p>\n<p>Autres documents importants <\/p>\n<p>Les conditions d'utilisation font r\u00e9f\u00e9rence \u00e0 notre <a href=\"https:\/\/CompareMyJet.com\/privacy-policy\/\" data-lasso-id=\"8845\" target=\"_blank\" rel=\"noopener\">Politique de confidentialit\u00e9<\/a> qui d\u00e9finissent les conditions dans lesquelles nous traitons les donn\u00e9es personnelles que vous nous fournissez ou que nous recueillons aupr\u00e8s de vous. En utilisant notre site, vous consentez \u00e0 ce traitement.<\/p>\n<p>L'utilisation de ce site web est soumise aux conditions d'utilisation suivantes :<\/p>\n<ul>\n<li> Le contenu des pages de ce site web est destin\u00e9 \u00e0 votre information g\u00e9n\u00e9rale et \u00e0 votre utilisation uniquement. Il est susceptible d'\u00eatre modifi\u00e9 sans pr\u00e9avis.<\/li>\n<li> Ce site Web utilise des cookies pour contr\u00f4ler les pr\u00e9f\u00e9rences de navigation. Si vous autorisez l'utilisation de cookies, il se peut que nous stockions des informations personnelles destin\u00e9es \u00e0 \u00eatre utilis\u00e9es par des tiers.<\/li>\n<li> Ni nous ni aucun tiers ne fournissons de garantie quant \u00e0 l'exactitude, l'actualit\u00e9, la performance, l'exhaustivit\u00e9 ou l'ad\u00e9quation des informations et des mat\u00e9riaux trouv\u00e9s ou propos\u00e9s sur ce site Web pour un usage particulier. Vous reconnaissez que ces informations et mat\u00e9riels peuvent contenir des inexactitudes ou des erreurs et nous excluons express\u00e9ment toute responsabilit\u00e9 pour de telles inexactitudes ou erreurs dans toute la mesure permise par la loi.<\/li>\n<li> L'utilisation de toute information ou mat\u00e9riel sur ce site web est enti\u00e8rement \u00e0 vos risques et p\u00e9rils, pour lesquels nous ne pouvons \u00eatre tenus responsables. Il vous incombe de vous assurer que les produits, services ou informations disponibles sur ce site Web r\u00e9pondent \u00e0 vos besoins sp\u00e9cifiques.<\/li>\n<li> Ce site Web contient des \u00e9l\u00e9ments qui nous appartiennent ou que nous utilisons sous licence. Ce mat\u00e9riel comprend, sans s'y limiter, la conception, la mise en page, l'aspect, l'apparence et les graphiques. La reproduction est interdite autrement que conform\u00e9ment \u00e0 l'avis de droit d'auteur, qui fait partie des pr\u00e9sentes conditions g\u00e9n\u00e9rales.<\/li>\n<li> L'utilisation non autoris\u00e9e de ce site web peut donner lieu \u00e0 une demande de dommages et int\u00e9r\u00eats et\/ou constituer une infraction p\u00e9nale.<\/li>\n<li> De temps \u00e0 autre, ce site web peut \u00e9galement inclure des liens vers d'autres sites web. Ces liens sont fournis pour votre commodit\u00e9 afin de fournir des informations suppl\u00e9mentaires. Ils ne signifient pas que nous approuvons le(s) site(s) Web. Nous ne sommes pas responsables du contenu de ces sites.<\/li>\n<li> Votre utilisation de ce site web et tout litige d\u00e9coulant de cette utilisation sont soumis aux lois de l'Angleterre, de l'Irlande du Nord, de l'\u00c9cosse et du Pays de Galles.<\/li>\n<\/ul>","protected":false},"excerpt":{"rendered":"<p>VEUILLEZ LES LIRE ATTENTIVEMENT AVANT D'UTILISER CE SITE WEB. Bienvenue sur CompareMyJet.com. Si vous continuez \u00e0 naviguer et \u00e0 utiliser ce site Web, vous acceptez de respecter et d'\u00eatre li\u00e9 par les conditions d'utilisation suivantes, qui, avec notre politique de confidentialit\u00e9, r\u00e9gissent la relation de CompareMyJet.com avec vous en ce qui concerne ce site Web. Si vous ...<\/p>","protected":false},"author":1,"featured_media":0,"parent":0,"menu_order":0,"comment_status":"closed","ping_status":"closed","template":"","meta":{"_acf_changed":false,"_genesis_hide_title":false,"_genesis_hide_breadcrumbs":false,"_genesis_hide_singular_image":false,"_genesis_hide_footer_widgets":false,"_genesis_custom_body_class":"","_genesis_custom_post_class":"","_genesis_layout":"","footnotes":""},"class_list":{"1":"page","2":"type-page","5":"entry"},"acf":[],"_links":{"self":[{"href":"https:\/\/comparemyjet.com\/fr\/wp-json\/wp\/v2\/pages\/2829","targetHints":{"allow":["GET"]}}],"collection":[{"href":"https:\/\/comparemyjet.com\/fr\/wp-json\/wp\/v2\/pages"}],"about":[{"href":"https:\/\/comparemyjet.com\/fr\/wp-json\/wp\/v2\/types\/page"}],"author":[{"embeddable":true,"href":"https:\/\/comparemyjet.com\/fr\/wp-json\/wp\/v2\/users\/1"}],"replies":[{"embeddable":true,"href":"https:\/\/comparemyjet.com\/fr\/wp-json\/wp\/v2\/comments?post=2829"}],"version-history":[{"count":2,"href":"https:\/\/comparemyjet.com\/fr\/wp-json\/wp\/v2\/pages\/2829\/revisions"}],"predecessor-version":[{"id":2831,"href":"https:\/\/comparemyjet.com\/fr\/wp-json\/wp\/v2\/pages\/2829\/revisions\/2831"}],"wp:attachment":[{"href":"https:\/\/comparemyjet.com\/fr\/wp-json\/wp\/v2\/media?parent=2829"}],"curies":[{"name":"wp","href":"https:\/\/api.w.org\/{rel}","templated":true}]}}