{"id":3061,"date":"2022-07-11T23:51:35","date_gmt":"2022-07-11T23:51:35","guid":{"rendered":"https:\/\/comparemyjet.com\/?page_id=3061"},"modified":"2025-09-04T09:58:14","modified_gmt":"2025-09-04T09:58:14","slug":"amalfi-jets","status":"publish","type":"page","link":"https:\/\/comparemyjet.com\/fr\/amalfi-jets\/","title":{"rendered":"Prix des vols Amalfi Jets"},"content":{"rendered":"<p>Rien ne vaut un voyage \u00e0 travers le monde \u00e0 bord d'un jet priv\u00e9. Pour rendre l'exp\u00e9rience du vol priv\u00e9 plus agr\u00e9able, Amalfi Jets envoie un de ses repr\u00e9sentants \u00e0 l'a\u00e9roport pour accueillir chaque client avant le d\u00e9part et s'assurer que chaque d\u00e9tail est r\u00e9gl\u00e9 pour un vol des plus agr\u00e9ables.&nbsp;<\/p>\r\n\r\n\r\n\r\n<p>La soci\u00e9t\u00e9 propose des services tels que l'affr\u00e8tement \u00e0 la demande et des programmes d'adh\u00e9sion \u00e0 la carte de jet. Elle promet \u00e9galement une disponibilit\u00e9 assur\u00e9e avec seulement 18 heures de pr\u00e9avis, et vous pouvez profiter de surclassements gratuits d'avions et de nombreux autres avantages. Voyons plus en d\u00e9tail les avantages de voler avec des jets Amalfi.<\/p>\r\n\r\n\r\n\r\n<div id=\"ez-toc-container\" class=\"ez-toc-v2_0_76 counter-hierarchy ez-toc-counter ez-toc-grey ez-toc-container-direction\">\n<p class=\"ez-toc-title\" style=\"cursor:inherit\">Sujets<\/p>\n<label for=\"ez-toc-cssicon-toggle-item-69f038b7388c3\" class=\"ez-toc-cssicon-toggle-label\"><span class=\"\"><span class=\"eztoc-hide\" style=\"display:none;\">Toggle<\/span><span class=\"ez-toc-icon-toggle-span\"><svg style=\"fill: #999;color:#999\" xmlns=\"http:\/\/www.w3.org\/2000\/svg\" class=\"list-377408\" width=\"20px\" height=\"20px\" viewbox=\"0 0 24 24\" fill=\"none\"><path d=\"M6 6H4v2h2V6zm14 0H8v2h12V6zM4 11h2v2H4v-2zm16 0H8v2h12v-2zM4 16h2v2H4v-2zm16 0H8v2h12v-2z\" fill=\"currentColor\"><\/path><\/svg><svg style=\"fill: #999;color:#999\" class=\"arrow-unsorted-368013\" xmlns=\"http:\/\/www.w3.org\/2000\/svg\" width=\"10px\" height=\"10px\" viewbox=\"0 0 24 24\" version=\"1.2\" baseprofile=\"tiny\"><path d=\"M18.2 9.3l-6.2-6.3-6.2 6.3c-.2.2-.3.4-.3.7s.1.5.3.7c.2.2.4.3.7.3h11c.3 0 .5-.1.7-.3.2-.2.3-.5.3-.7s-.1-.5-.3-.7zM5.8 14.7l6.2 6.3 6.2-6.3c.2-.2.3-.5.3-.7s-.1-.5-.3-.7c-.2-.2-.4-.3-.7-.3h-11c-.3 0-.5.1-.7.3-.2.2-.3.5-.3.7s.1.5.3.7z\"\/><\/svg><\/span><\/span><\/label><input type=\"checkbox\"  id=\"ez-toc-cssicon-toggle-item-69f038b7388c3\" checked aria-label=\"Toggle\" \/><nav><ul class='ez-toc-list ez-toc-list-level-1' ><li class='ez-toc-page-1 ez-toc-heading-level-2'><a class=\"ez-toc-link ez-toc-heading-1\" href=\"https:\/\/comparemyjet.com\/fr\/amalfi-jets\/#Company_History\" >Histoire de l'entreprise<\/a><ul class='ez-toc-list-level-3' ><li class='ez-toc-heading-level-3'><a class=\"ez-toc-link ez-toc-heading-2\" href=\"https:\/\/comparemyjet.com\/fr\/amalfi-jets\/#Why_Choose_Amalfi_Jets\" >Pourquoi choisir Amalfi Jets ?<\/a><\/li><\/ul><\/li><li class='ez-toc-page-1 ez-toc-heading-level-2'><a class=\"ez-toc-link ez-toc-heading-3\" href=\"https:\/\/comparemyjet.com\/fr\/amalfi-jets\/#Ways_to_Fly\" >Les moyens de voler<\/a><\/li><li class='ez-toc-page-1 ez-toc-heading-level-2'><a class=\"ez-toc-link ez-toc-heading-4\" href=\"https:\/\/comparemyjet.com\/fr\/amalfi-jets\/#The_Company_Card_Program\" >Le programme de cartes d'entreprise<\/a><\/li><li class='ez-toc-page-1 ez-toc-heading-level-2'><a class=\"ez-toc-link ez-toc-heading-5\" href=\"https:\/\/comparemyjet.com\/fr\/amalfi-jets\/#Pricing\" >Fixation des prix<\/a><\/li><li class='ez-toc-page-1 ez-toc-heading-level-2'><a class=\"ez-toc-link ez-toc-heading-6\" href=\"https:\/\/comparemyjet.com\/fr\/amalfi-jets\/#The_Fleet\" >La flotte&nbsp;<\/a><ul class='ez-toc-list-level-3' ><li class='ez-toc-heading-level-3'><a class=\"ez-toc-link ez-toc-heading-7\" href=\"https:\/\/comparemyjet.com\/fr\/amalfi-jets\/#1_Light_Private_Jets\" >1. Jets priv\u00e9s l\u00e9gers<\/a><\/li><li class='ez-toc-page-1 ez-toc-heading-level-3'><a class=\"ez-toc-link ez-toc-heading-8\" href=\"https:\/\/comparemyjet.com\/fr\/amalfi-jets\/#2_Midsize_and_Super-Midsize_Private_Jets\" >2. Jets priv\u00e9s de taille moyenne et super moyenne&nbsp;<\/a><\/li><li class='ez-toc-page-1 ez-toc-heading-level-3'><a class=\"ez-toc-link ez-toc-heading-9\" href=\"https:\/\/comparemyjet.com\/fr\/amalfi-jets\/#3_Large_Private_Jets\" >3. Grands jets priv\u00e9s<\/a><\/li><li class='ez-toc-page-1 ez-toc-heading-level-3'><a class=\"ez-toc-link ez-toc-heading-10\" href=\"https:\/\/comparemyjet.com\/fr\/amalfi-jets\/#4_Ultra-Long-Range_Private_Jets\" >4. Jets priv\u00e9s \u00e0 tr\u00e8s long rayon d'action<\/a><\/li><\/ul><\/li><li class='ez-toc-page-1 ez-toc-heading-level-2'><a class=\"ez-toc-link ez-toc-heading-11\" href=\"https:\/\/comparemyjet.com\/fr\/amalfi-jets\/#Company_Safety_Policy_and_Standards\" >Politique et normes de s\u00e9curit\u00e9 de l'entreprise<\/a><\/li><li class='ez-toc-page-1 ez-toc-heading-level-2'><a class=\"ez-toc-link ez-toc-heading-12\" href=\"https:\/\/comparemyjet.com\/fr\/amalfi-jets\/#Partnerships\" >Partenariats<\/a><\/li><li class='ez-toc-page-1 ez-toc-heading-level-2'><a class=\"ez-toc-link ez-toc-heading-13\" href=\"https:\/\/comparemyjet.com\/fr\/amalfi-jets\/#Conclusion\" >Conclusion<\/a><\/li><\/ul><\/nav><\/div>\n<h2 class=\"wp-block-heading\"><span class=\"ez-toc-section\" id=\"Company_History\"><\/span>Histoire de l'entreprise<span class=\"ez-toc-section-end\"><\/span><\/h2>\r\n\r\n\r\n\r\n<p>Amalfi Jets est un <a href=\"https:\/\/comparemyjet.com\/fr\/comment-louer-ou-affreter-un-jet-prive\/\" data-internallinksmanager029f6b8e52c=\"15\" title=\"Comment louer ou affr\u00e9ter un jet priv\u00e9 ?\">affr\u00e8tement de jet priv\u00e9<\/a> agence qui a \u00e9t\u00e9 fond\u00e9e par Kolin Jones en 2020. Bas\u00e9e \u00e0 <a href=\"https:\/\/comparemyjet.com\/fr\/visites-privees\/los-angeles-private-tours\/\" data-internallinksmanager029f6b8e52c=\"421\" title=\"11 Meilleures visites priv\u00e9es de Los Angeles \u00e0 partir de $55.00\">Los Angeles<\/a>Amalfi propose aux voyageurs \u00e0 la fois des services de location \u00e0 la demande et une option d'adh\u00e9sion pour les grands voyageurs. Les particuliers, les entreprises et les familles ont tous b\u00e9n\u00e9fici\u00e9 des services de vol sp\u00e9cialis\u00e9s de la soci\u00e9t\u00e9, tels qu'un service de restauration personnalis\u00e9 et un service compl\u00e9mentaire de voitures noires.&nbsp;<\/p>\r\n\r\n\r\n\r\n<p>Amalfi Jets, LLC est l'une des entreprises \u00e0 la croissance la plus rapide dans le secteur de l'aviation sous la direction de Kolin. De la promptitude de ses pilotes et de son personnel \u00e0 la garantie de la s\u00e9curit\u00e9 de sa client\u00e8le, Amalfi jets prend toutes les pr\u00e9cautions pour s'assurer que votre voyage se d\u00e9roule sans encombre, de sorte que vous n'aurez rien \u00e0 craindre en dehors de passer un bon moment dans un avion priv\u00e9.<\/p>\r\n\r\n\r\n\r\n<p>Amalfi Jets dispose d'un r\u00e9seau \u00e9tendu d'environ 2 000 avions situ\u00e9s dans le monde entier. Tous les vols sont effectu\u00e9s par <a href=\"https:\/\/www.faa.gov\/\" target=\"_blank\" rel=\"noopener\">FAA<\/a>-Les exploitants d'a\u00e9ronefs certifi\u00e9s Part 135 ou leurs \u00e9quivalents dans d'autres pays.&nbsp;<\/p>\r\n\r\n\r\n\r\n<h3 class=\"wp-block-heading\"><span class=\"ez-toc-section\" id=\"Why_Choose_Amalfi_Jets\"><\/span>Pourquoi choisir Amalfi Jets ?<span class=\"ez-toc-section-end\"><\/span><\/h3>\r\n\r\n\r\n\r\n<p>Amalfi Jets s'efforce de fournir un service client\u00e8le de la plus haute qualit\u00e9. Une chose qui les distingue des autres compagnies d'affr\u00e8tement priv\u00e9es est leur \u00e9quipe mondiale de repr\u00e9sentants d'Amalfi Jets qui se rendent sur place pour accueillir les passagers \u00e0 chaque point de d\u00e9part.&nbsp;<\/p>\r\n\r\n\r\n\r\n<p>La soci\u00e9t\u00e9 offre \u00e9galement un service de ramassage gratuit \u00e0 votre domicile ou au point de d\u00e9part de votre voyage, en proposant un service de voitures noires en SUV pour tous les voyageurs. Vous b\u00e9n\u00e9ficiez d'un service de taxi de votre point de d\u00e9part \u00e0 votre a\u00e9roport d'arriv\u00e9e lors de tout voyage que vous planifierez et ex\u00e9cuterez avec Amalfi Jets. Ils vous accompagneront tout au long de votre voyage.<\/p>\r\n\r\n\r\n\r\n<p>En ce qui concerne la restauration \u00e0 bord, Amalfi Jets est heureux de collaborer avec certains des chefs les plus renomm\u00e9s du monde. Avant chaque voyage, le personnel du service client\u00e8le pr\u00e9pare des menus que vous pouvez choisir en fonction de vos pr\u00e9f\u00e9rences et de votre r\u00e9gime alimentaire.<\/p>\r\n\r\n\r\n\r\n<p>En outre, leurs consultants en aviation vous aideront \u00e0 choisir l'avion le plus appropri\u00e9 et le plus abordable pour votre voyage sp\u00e9cifique parmi plus de 2 000 appareils. Chaque voyage est supervis\u00e9 par des sp\u00e9cialistes de l'aviation afin de garantir un service de qualit\u00e9 et la satisfaction du client.<\/p>\r\n\r\n\r\n\r\n<h2 class=\"wp-block-heading\"><span class=\"ez-toc-section\" id=\"Ways_to_Fly\"><\/span>Les moyens de voler<span class=\"ez-toc-section-end\"><\/span><\/h2>\r\n\r\n\r\n\r\n<p>Il y a deux fa\u00e7ons de voler avec Amalfi Jets :<\/p>\r\n\r\n\r\n\r\n<ol class=\"wp-block-list\"><li>Demander des alternatives d'a\u00e9ronefs disponibles sur une base de voyage par voyage par le biais de la <a href=\"https:\/\/amalfijets.com\/on-demand-charter\/\" target=\"_blank\" rel=\"noopener\">sur demande<\/a> aspect de la charte.&nbsp;<\/li><li>Devenir un <a href=\"https:\/\/amalfijets.com\/the-amalfi-one-jet-card-program\/\" target=\"_blank\" rel=\"noopener\">Carte One Jet<\/a> membre si vous \u00eates un grand voyageur qui veut poss\u00e9der un avion sans payer les frais qui vont avec.<\/li><\/ol>\r\n\r\n\r\n\r\n<p>Examinons le programme d'adh\u00e9sion plus en d\u00e9tail.<\/p>\r\n\r\n\r\n\r\n<h2 class=\"wp-block-heading\"><span class=\"ez-toc-section\" id=\"The_Company_Card_Program\"><\/span>Le programme de cartes d'entreprise<span class=\"ez-toc-section-end\"><\/span><\/h2>\r\n\r\n\r\n\r\n<p>L'objectif du programme Amalfi One Jet Card est de vous offrir un r\u00e9seau de services o\u00f9 vous pouvez profiter de ce que l'industrie a de mieux \u00e0 offrir - un voyage dans le monde entier.<\/p>\r\n\r\n\r\n\r\n<p>La carte Amalfi One Jet est la seule carte d'avion \u00e0 r\u00e9action du march\u00e9 qui peut \u00eatre utilis\u00e9e dans plus de 30 pays diff\u00e9rents. En tant que titulaire de la carte, vous pouvez voler et payer \u00e0 l'heure tant que vous voyagez dans ou entre les pays de la zone de service principale de la soci\u00e9t\u00e9. Quelle que soit la destination de votre voyage, vous pouvez \u00eatre s\u00fbr qu'une flotte d'avions vous attendra pour vous transporter \u00e0 destination.<\/p>\r\n\r\n\r\n\r\n<p>Un autre avantage d'\u00eatre titulaire de la carte est que vous pouvez affr\u00e9ter un jet uniquement avec un pr\u00e9avis de 18 heures aux \u00c9tats-Unis, ou de 72 heures pour le reste des endroits situ\u00e9s dans la zone de service principale d'Amalfis.<\/p>\r\n\r\n\r\n\r\n<p>Enfin, en tant que titulaire de la carte, vous b\u00e9n\u00e9ficierez d'un service de voiture noire gratuit, d'un service de restauration personnalis\u00e9 sur chaque vol et de vos boissons et alcools pr\u00e9f\u00e9r\u00e9s. Un repr\u00e9sentant d'Amalfi Jets vous accueillera \u00e0 chaque a\u00e9roport de d\u00e9part pour s'assurer que vous recevez le meilleur niveau de service.<\/p>\r\n\r\n\r\n\r\n<h2 class=\"wp-block-heading\"><span class=\"ez-toc-section\" id=\"Pricing\"><\/span>Fixation des prix<span class=\"ez-toc-section-end\"><\/span><\/h2>\r\n\r\n\r\n\r\n<p>Un d\u00e9p\u00f4t initial minimum de $50 000 USD est requis pour le programme One. La totalit\u00e9 des $50 000 USD est imm\u00e9diatement vers\u00e9e sur votre compte de vol \u00e0 des fins de voyage, et il n'y a pas de frais d'adh\u00e9sion, de frais annuels, de cotisations ou de frais d'initiation.<\/p>\r\n\r\n\r\n\r\n<p>En tant que membre du programme One Jet Card, vous payez les taux horaires suivants :<\/p>\r\n\r\n\r\n\r\n<ul class=\"wp-block-list\"><li>$5,800 pour les jets l\u00e9gers ;&nbsp;<\/li><li>$7,800 pour les jets de taille moyenne ;&nbsp;<\/li><li>$9 800 pour les jets super-moyens ;&nbsp;<\/li><li>$10 800 pour les jets \u00e0 grande cabine ;&nbsp;<\/li><li>$13 500 pour les jets \u00e0 tr\u00e8s long rayon d'action.<\/li><\/ul>\r\n\r\n\r\n\r\n<h2 class=\"wp-block-heading\"><span class=\"ez-toc-section\" id=\"The_Fleet\"><\/span>La flotte&nbsp;<span class=\"ez-toc-section-end\"><\/span><\/h2>\r\n\r\n\r\n\r\n<figure class=\"wp-block-image size-full is-style-default\"><img loading=\"lazy\" decoding=\"async\" width=\"1000\" height=\"667\" src=\"https:\/\/comparemyjet.com\/wp-content\/uploads\/2022\/07\/amalfi.jets_.white_.private.jet_.on_.the_.runway.jpg\" alt=\"amalfi.jets.avion.priv\u00e9.blanc.sur.la.piste.\" class=\"wp-image-3067\" srcset=\"https:\/\/comparemyjet.com\/wp-content\/uploads\/2022\/07\/amalfi.jets_.white_.private.jet_.on_.the_.runway-18x12.jpg 18w, https:\/\/comparemyjet.com\/wp-content\/uploads\/2022\/07\/amalfi.jets_.white_.private.jet_.on_.the_.runway-300x200.jpg 300w, https:\/\/comparemyjet.com\/wp-content\/uploads\/2022\/07\/amalfi.jets_.white_.private.jet_.on_.the_.runway-768x512.jpg 768w, https:\/\/comparemyjet.com\/wp-content\/uploads\/2022\/07\/amalfi.jets_.white_.private.jet_.on_.the_.runway.jpg 1000w\" sizes=\"auto, (max-width: 1000px) 100vw, 1000px\" \/><\/figure>\r\n\r\n\r\n\r\n<p>Jetez un coup d'\u0153il aux cat\u00e9gories de jets suivantes, et utilisez nos explications pour choisir l'avion id\u00e9al pour votre prochain voyage.<\/p>\r\n\r\n\r\n\r\n<h3 class=\"wp-block-heading\"><span class=\"ez-toc-section\" id=\"1_Light_Private_Jets\"><\/span>1. Jets priv\u00e9s l\u00e9gers<span class=\"ez-toc-section-end\"><\/span><\/h3>\r\n\r\n\r\n\r\n<p>Si votre voyage dure jusqu'\u00e0 trois heures, avec un petit groupe de 4 \u00e0 6 passagers, les jets de la cat\u00e9gorie des avions l\u00e9gers sont un choix pratique.&nbsp;<\/p>\r\n\r\n\r\n\r\n<p>Les jets l\u00e9gers sont un choix courant en raison de leurs faibles co\u00fbts d'exploitation et de leur grande efficacit\u00e9. Certains jets l\u00e9gers peuvent \u00eatre relativement petits tandis que d'autres sont plus grands que ce \u00e0 quoi on pourrait s'attendre, tout d\u00e9pend donc du mod\u00e8le d'avion. Il se peut qu'il n'y ait pas de tables ou de toilettes, et il n'y a g\u00e9n\u00e9ralement pas de place pour se tenir debout, c'est pourquoi les agents de bord n'accompagnent g\u00e9n\u00e9ralement pas les passagers dans ces jets. Ils permettent toutefois d'effectuer des vols plus paisibles que les turbopropulseurs \u00e0 faible co\u00fbt, et sont parfaits pour les petites pistes.&nbsp;<\/p>\r\n\r\n\r\n\r\n<h3 class=\"wp-block-heading\"><span class=\"ez-toc-section\" id=\"2_Midsize_and_Super-Midsize_Private_Jets\"><\/span>2. Jets priv\u00e9s de taille moyenne et super moyenne&nbsp;<span class=\"ez-toc-section-end\"><\/span><\/h3>\r\n\r\n\r\n\r\n<p>La cat\u00e9gorie interm\u00e9diaire, qui peut accueillir jusqu'\u00e0 9 passagers, est populaire pour les voyages de moins de 4 heures et pour les passagers qui souhaitent une capacit\u00e9 de bagages suppl\u00e9mentaire, une cabine spacieuse et des am\u00e9nagements sophistiqu\u00e9s. Contrairement aux jets l\u00e9gers, les avions de la cat\u00e9gorie interm\u00e9diaire sont dot\u00e9s de compartiments \u00e0 rafra\u00eechissement plus grands, ce qui permet d'apporter \u00e0 bord des aliments et des collations suppl\u00e9mentaires, ainsi que des boissons. La cat\u00e9gorie des avions super moyens est \u00e9galement tr\u00e8s appr\u00e9ci\u00e9e des clients. Ces jets priv\u00e9s sont dot\u00e9s de cabines debout, de si\u00e8ges pouvant accueillir jusqu'\u00e0 9 passagers et de la possibilit\u00e9 de voyager sur plusieurs continents.<\/p>\r\n\r\n\r\n\r\n<h3 class=\"wp-block-heading\"><span class=\"ez-toc-section\" id=\"3_Large_Private_Jets\"><\/span>3. Grands jets priv\u00e9s<span class=\"ez-toc-section-end\"><\/span><\/h3>\r\n\r\n\r\n\r\n<p>La classe des grands jets priv\u00e9s est la mieux adapt\u00e9e aux vols intercontinentaux ou aux grandes f\u00eates, gr\u00e2ce \u00e0 ses cabines spacieuses - quelle que soit l'\u00e9tendue du voyage. Cette classe de jet priv\u00e9 offre \u00e9galement d'excellentes performances en piste, un taux de mont\u00e9e et une vitesse excellents, une plus grande capacit\u00e9 de passagers et de bagages, et une plus grande autonomie.&nbsp;<\/p>\r\n\r\n\r\n\r\n<p>Les avions lourds peuvent transporter une quinzaine de passagers, avec un espace de couchage pour six. Des lits de repos, des zones de stockage de nourriture, des salles de bain et des syst\u00e8mes de divertissement modernes sont disponibles sur presque tous les avions lourds et il y a au moins un agent de bord pendant le vol.&nbsp;<\/p>\r\n\r\n\r\n\r\n<p>\u00c0 une vitesse d'environ 500 miles par heure, les avions \u00e0 r\u00e9action lourds ont un rayon d'action de quelque 6 000 miles. Ils sont plus petits que les avions commerciaux et offrent un plus grand nombre de possibilit\u00e9s d'atterrissage.&nbsp;<\/p>\r\n\r\n\r\n\r\n<h3 class=\"wp-block-heading\"><span class=\"ez-toc-section\" id=\"4_Ultra-Long-Range_Private_Jets\"><\/span>4. Jets priv\u00e9s \u00e0 tr\u00e8s long rayon d'action<span class=\"ez-toc-section-end\"><\/span><\/h3>\r\n\r\n\r\n\r\n<p>Si vous devez vous rendre \u00e0 l'autre bout du monde en un temps tr\u00e8s court, les jets \u00e0 tr\u00e8s long rayon d'action sont l\u00e0 pour vous. Cette cat\u00e9gorie comprend des jets capables de voler entre 8 500 et 12 900 kilom\u00e8tres sans s'arr\u00eater pour faire le plein. Ces avions priv\u00e9s sont spacieux et agr\u00e9ables, avec trois zones d\u00e9sign\u00e9es pour travailler, s'asseoir et se reposer. La hauteur de la cabine varie de 1,85 \u00e0 1,95 m\u00e8tre.&nbsp;<\/p>\r\n\r\n\r\n\r\n<h2 class=\"wp-block-heading\"><span class=\"ez-toc-section\" id=\"Company_Safety_Policy_and_Standards\"><\/span>Politique et normes de s\u00e9curit\u00e9 de l'entreprise<span class=\"ez-toc-section-end\"><\/span><\/h2>\r\n\r\n\r\n\r\n<p>Tous les vols sont effectu\u00e9s par des transporteurs a\u00e9riens certifi\u00e9s FAA Part 135 pour la s\u00e9curit\u00e9. Tous les avions sont \u00e9quip\u00e9s d'un mat\u00e9riel de pointe et de pilotes poss\u00e9dant une grande expertise. Deux pilotes contr\u00f4lent chaque vol Jet Card, et seuls les avions et les \u00e9quipages ayant fait l'objet d'un audit de s\u00e9curit\u00e9 complet par une tierce partie (ARG\/US, Wyvern ou IS-BAO) sont utilis\u00e9s.<\/p>\r\n\r\n\r\n\r\n<h2 class=\"wp-block-heading\"><span class=\"ez-toc-section\" id=\"Partnerships\"><\/span>Partenariats<span class=\"ez-toc-section-end\"><\/span><\/h2>\r\n\r\n\r\n\r\n<figure class=\"wp-block-image size-full is-style-default\"><img loading=\"lazy\" decoding=\"async\" width=\"1000\" height=\"667\" src=\"https:\/\/comparemyjet.com\/wp-content\/uploads\/2022\/07\/white.plane_.flying.over_.buildings.jpg\" alt=\"\" class=\"wp-image-3064\" srcset=\"https:\/\/comparemyjet.com\/wp-content\/uploads\/2022\/07\/white.plane_.flying.over_.buildings-18x12.jpg 18w, https:\/\/comparemyjet.com\/wp-content\/uploads\/2022\/07\/white.plane_.flying.over_.buildings-300x200.jpg 300w, https:\/\/comparemyjet.com\/wp-content\/uploads\/2022\/07\/white.plane_.flying.over_.buildings-768x512.jpg 768w, https:\/\/comparemyjet.com\/wp-content\/uploads\/2022\/07\/white.plane_.flying.over_.buildings.jpg 1000w\" sizes=\"auto, (max-width: 1000px) 100vw, 1000px\" \/><\/figure>\r\n\r\n\r\n\r\n<p>En plus de fournir \u00e0 ses clients des services d'affr\u00e8tement et d'adh\u00e9sion \u00e0 la Jet Card, Amalfi Jet dispose \u00e9galement d'un r\u00e9seau mondial de partenaires r\u00e9partis sur les cinq continents. Les d\u00e9tenteurs de la carte de la soci\u00e9t\u00e9 ont acc\u00e8s \u00e0 des lieux et \u00e0 des avantages uniques, gr\u00e2ce \u00e0 leurs partenaires, tels que des privil\u00e8ges dans certaines des plus belles compagnies a\u00e9riennes du monde. <a href=\"https:\/\/comparemyjet.com\/fr\/hotels\/\" data-internallinksmanager029f6b8e52c=\"470\" title=\"100 meilleurs h\u00f4tels pr\u00e8s des a\u00e9roports du monde entier\">h\u00f4tels<\/a>Les mus\u00e9es, les clubs gastronomiques et d'autres lieux de culture et de divertissement.&nbsp;<\/p>\r\n\r\n\r\n\r\n<p>La carte Amalfi One Jet est accept\u00e9e dans 32 pays, ce qui vous permet de voyager dans la plupart des r\u00e9gions du monde.&nbsp;<\/p>\r\n\r\n\r\n\r\n<p>Amalfi Jets a l'honneur de travailler avec certaines des entreprises les plus prestigieuses du monde, telles que The Ritz - Carlton Residences, The Langham - <a href=\"https:\/\/comparemyjet.com\/fr\/visites-privees\/sydney-private-tours\/\" data-internallinksmanager029f6b8e52c=\"208\" title=\"11 Meilleures visites priv\u00e9es de Sydney \u00e0 partir de $31.99\">Sydney<\/a>H\u00f4tel Palace - <a href=\"https:\/\/comparemyjet.com\/fr\/vols-en-jet-prive-vers-tokyo\/\" data-internallinksmanager029f6b8e52c=\"121\" title=\"Affr\u00e8tement de jet priv\u00e9 \u00e0 Tokyo\">Tokyo<\/a>Castello di Amorosa - <a href=\"https:\/\/comparemyjet.com\/fr\/visites-privees\/napa-private-tours\/\" data-internallinksmanager029f6b8e52c=\"424\" title=\"11 Meilleures visites priv\u00e9es de Napa \u00e0 partir de $99.00\">Napa<\/a> Valley, Stein Eriksen Lodge, et bien d'autres encore.<\/p>\r\n\r\n\r\n\r\n<h2 class=\"wp-block-heading\"><span class=\"ez-toc-section\" id=\"Conclusion\"><\/span>Conclusion<span class=\"ez-toc-section-end\"><\/span><\/h2>\r\n\r\n\r\n\r\n<p>Il est essentiel de faire confiance \u00e0 une compagnie d'affr\u00e8tement fiable pour votre s\u00e9curit\u00e9 et celle de votre famille. Si vous vous demandez vers qui vous tourner alors que les frais d'affr\u00e8tement d'avion et le carburant pour avion augmentent \u00e0 chaque seconde, tournez-vous vers Amalfi Jets. Leur souci du d\u00e9tail et leur service \u00e0 la client\u00e8le vous garantissent un voyage s\u00fbr et satisfaisant. Le programme One Jet Card vous permet de b\u00e9n\u00e9ficier de tarifs horaires avantageux, d'acc\u00e9der \u00e0 votre jet pr\u00e9f\u00e9r\u00e9 en 18 heures seulement, sans frais suppl\u00e9mentaires ni dates indisponibles.&nbsp;<\/p>","protected":false},"excerpt":{"rendered":"<p>Rien ne vaut un voyage \u00e0 travers le monde \u00e0 bord d'un jet priv\u00e9. Pour rendre l'exp\u00e9rience d'un vol priv\u00e9 plus agr\u00e9able, Amalfi Jets envoie un de ses repr\u00e9sentants \u00e0 l'a\u00e9roport pour accueillir chaque client avant le d\u00e9part et s'assurer que chaque d\u00e9tail est pris en charge pour un vol des plus agr\u00e9ables.  La soci\u00e9t\u00e9 propose des services tels que ...<\/p>","protected":false},"author":2,"featured_media":3063,"parent":0,"menu_order":0,"comment_status":"closed","ping_status":"closed","template":"","meta":{"_acf_changed":false,"_genesis_hide_title":false,"_genesis_hide_breadcrumbs":false,"_genesis_hide_singular_image":false,"_genesis_hide_footer_widgets":false,"_genesis_custom_body_class":"","_genesis_custom_post_class":"","_genesis_layout":"","footnotes":""},"class_list":{"1":"page","2":"type-page","6":"entry"},"acf":[],"_links":{"self":[{"href":"https:\/\/comparemyjet.com\/fr\/wp-json\/wp\/v2\/pages\/3061","targetHints":{"allow":["GET"]}}],"collection":[{"href":"https:\/\/comparemyjet.com\/fr\/wp-json\/wp\/v2\/pages"}],"about":[{"href":"https:\/\/comparemyjet.com\/fr\/wp-json\/wp\/v2\/types\/page"}],"author":[{"embeddable":true,"href":"https:\/\/comparemyjet.com\/fr\/wp-json\/wp\/v2\/users\/2"}],"replies":[{"embeddable":true,"href":"https:\/\/comparemyjet.com\/fr\/wp-json\/wp\/v2\/comments?post=3061"}],"version-history":[{"count":3,"href":"https:\/\/comparemyjet.com\/fr\/wp-json\/wp\/v2\/pages\/3061\/revisions"}],"predecessor-version":[{"id":3437,"href":"https:\/\/comparemyjet.com\/fr\/wp-json\/wp\/v2\/pages\/3061\/revisions\/3437"}],"wp:featuredmedia":[{"embeddable":true,"href":"https:\/\/comparemyjet.com\/fr\/wp-json\/wp\/v2\/media\/3063"}],"wp:attachment":[{"href":"https:\/\/comparemyjet.com\/fr\/wp-json\/wp\/v2\/media?parent=3061"}],"curies":[{"name":"wp","href":"https:\/\/api.w.org\/{rel}","templated":true}]}}