{"id":3070,"date":"2022-07-11T23:51:45","date_gmt":"2022-07-11T23:51:45","guid":{"rendered":"https:\/\/comparemyjet.com\/?page_id=3070"},"modified":"2025-09-04T09:58:16","modified_gmt":"2025-09-04T09:58:16","slug":"concord-private-jet","status":"publish","type":"page","link":"https:\/\/comparemyjet.com\/fr\/concord-private-jet\/","title":{"rendered":"Prix des vols en jet priv\u00e9 \u00e0 Concord"},"content":{"rendered":"<p>Concord Private Jet a \u00e9t\u00e9 fond\u00e9e sur le principe de fournir les meilleurs avions aux prix les plus bas possibles. La soci\u00e9t\u00e9 op\u00e8re en tant que courtier en charters, louant des charters priv\u00e9s pour ses clients.<\/p>\r\n\r\n\r\n\r\n<p>Le propri\u00e9taire, Neal Impellizzeri, supervise chaque carte Fleet Access et s'assure que tout est parfait pour vous, de la programmation \u00e0 la restauration en passant par le transfert. Neal Impellizzeri est conscient de l'importance du respect des horaires, et lui et son \u00e9quipe sont accessibles 24 heures sur 24, 7 jours sur 7, pour veiller \u00e0 ce que chaque horaire soit strictement respect\u00e9. Voyons plus en d\u00e9tail ce que Concord Private a d'autre \u00e0 offrir.<\/p>\r\n\r\n\r\n\r\n<div id=\"ez-toc-container\" class=\"ez-toc-v2_0_76 counter-hierarchy ez-toc-counter ez-toc-grey ez-toc-container-direction\">\n<p class=\"ez-toc-title\" style=\"cursor:inherit\">Sujets<\/p>\n<label for=\"ez-toc-cssicon-toggle-item-69f196e0efda0\" class=\"ez-toc-cssicon-toggle-label\"><span class=\"\"><span class=\"eztoc-hide\" style=\"display:none;\">Toggle<\/span><span class=\"ez-toc-icon-toggle-span\"><svg style=\"fill: #999;color:#999\" xmlns=\"http:\/\/www.w3.org\/2000\/svg\" class=\"list-377408\" width=\"20px\" height=\"20px\" viewbox=\"0 0 24 24\" fill=\"none\"><path d=\"M6 6H4v2h2V6zm14 0H8v2h12V6zM4 11h2v2H4v-2zm16 0H8v2h12v-2zM4 16h2v2H4v-2zm16 0H8v2h12v-2z\" fill=\"currentColor\"><\/path><\/svg><svg style=\"fill: #999;color:#999\" class=\"arrow-unsorted-368013\" xmlns=\"http:\/\/www.w3.org\/2000\/svg\" width=\"10px\" height=\"10px\" viewbox=\"0 0 24 24\" version=\"1.2\" baseprofile=\"tiny\"><path d=\"M18.2 9.3l-6.2-6.3-6.2 6.3c-.2.2-.3.4-.3.7s.1.5.3.7c.2.2.4.3.7.3h11c.3 0 .5-.1.7-.3.2-.2.3-.5.3-.7s-.1-.5-.3-.7zM5.8 14.7l6.2 6.3 6.2-6.3c.2-.2.3-.5.3-.7s-.1-.5-.3-.7c-.2-.2-.4-.3-.7-.3h-11c-.3 0-.5.1-.7.3-.2.2-.3.5-.3.7s.1.5.3.7z\"\/><\/svg><\/span><\/span><\/label><input type=\"checkbox\"  id=\"ez-toc-cssicon-toggle-item-69f196e0efda0\" checked aria-label=\"Toggle\" \/><nav><ul class='ez-toc-list ez-toc-list-level-1' ><li class='ez-toc-page-1 ez-toc-heading-level-2'><a class=\"ez-toc-link ez-toc-heading-1\" href=\"https:\/\/comparemyjet.com\/fr\/concord-private-jet\/#Company_History\" >Histoire de l'entreprise<\/a><\/li><li class='ez-toc-page-1 ez-toc-heading-level-2'><a class=\"ez-toc-link ez-toc-heading-2\" href=\"https:\/\/comparemyjet.com\/fr\/concord-private-jet\/#Company_Jet_Card_Program\" >Programme de carte Jet d'entreprise<\/a><\/li><li class='ez-toc-page-1 ez-toc-heading-level-2'><a class=\"ez-toc-link ez-toc-heading-3\" href=\"https:\/\/comparemyjet.com\/fr\/concord-private-jet\/#The_Fleet\" >La flotte&nbsp;<\/a><ul class='ez-toc-list-level-3' ><li class='ez-toc-heading-level-3'><a class=\"ez-toc-link ez-toc-heading-4\" href=\"https:\/\/comparemyjet.com\/fr\/concord-private-jet\/#1_Light_Private_Jets\" >1. Jets priv\u00e9s l\u00e9gers<\/a><ul class='ez-toc-list-level-4' ><li class='ez-toc-heading-level-4'><a class=\"ez-toc-link ez-toc-heading-5\" href=\"https:\/\/comparemyjet.com\/fr\/concord-private-jet\/#Our_Recommendation_Premier_I\" >Notre recommandation : Premier I<\/a><\/li><\/ul><\/li><li class='ez-toc-page-1 ez-toc-heading-level-3'><a class=\"ez-toc-link ez-toc-heading-6\" href=\"https:\/\/comparemyjet.com\/fr\/concord-private-jet\/#2_Midsize_Private_Jets\" >2. Jets priv\u00e9s de taille moyenne<\/a><ul class='ez-toc-list-level-4' ><li class='ez-toc-heading-level-4'><a class=\"ez-toc-link ez-toc-heading-7\" href=\"https:\/\/comparemyjet.com\/fr\/concord-private-jet\/#Our_Recommendation_Astra_SPX\" >Notre recommandation : Astra SPX<\/a><\/li><\/ul><\/li><li class='ez-toc-page-1 ez-toc-heading-level-3'><a class=\"ez-toc-link ez-toc-heading-8\" href=\"https:\/\/comparemyjet.com\/fr\/concord-private-jet\/#3_Super-Midsize_Private_Jets\" >3. Jets priv\u00e9s super-moyens&nbsp;<\/a><ul class='ez-toc-list-level-4' ><li class='ez-toc-heading-level-4'><a class=\"ez-toc-link ez-toc-heading-9\" href=\"https:\/\/comparemyjet.com\/fr\/concord-private-jet\/#Our_Recommendation_The_Citation_Sovereign\" >Notre recommandation : Le Citation Sovereign<\/a><\/li><\/ul><\/li><li class='ez-toc-page-1 ez-toc-heading-level-3'><a class=\"ez-toc-link ez-toc-heading-10\" href=\"https:\/\/comparemyjet.com\/fr\/concord-private-jet\/#4_Large_Private_Jets\" >4. Grands jets priv\u00e9s<\/a><ul class='ez-toc-list-level-4' ><li class='ez-toc-heading-level-4'><a class=\"ez-toc-link ez-toc-heading-11\" href=\"https:\/\/comparemyjet.com\/fr\/concord-private-jet\/#Our_Recommendation_The_Falcon_900EX\" >Notre recommandation : Le Falcon 900EX<\/a><\/li><\/ul><\/li><\/ul><\/li><li class='ez-toc-page-1 ez-toc-heading-level-2'><a class=\"ez-toc-link ez-toc-heading-12\" href=\"https:\/\/comparemyjet.com\/fr\/concord-private-jet\/#Company_Safety_Policy_and_Standards\" >Politique et normes de s\u00e9curit\u00e9 de l'entreprise<\/a><\/li><li class='ez-toc-page-1 ez-toc-heading-level-2'><a class=\"ez-toc-link ez-toc-heading-13\" href=\"https:\/\/comparemyjet.com\/fr\/concord-private-jet\/#Conclusion\" >Conclusion<\/a><\/li><\/ul><\/nav><\/div>\n<h2 class=\"wp-block-heading\"><span class=\"ez-toc-section\" id=\"Company_History\"><\/span>Histoire de l'entreprise<span class=\"ez-toc-section-end\"><\/span><\/h2>\r\n\r\n\r\n\r\n<p>Concord Private Jet est une entreprise familiale cr\u00e9\u00e9e en 2008 par Neal Impellizzeri, sa femme Michelle Impellizzeri et leur fils AJ, \u00e0 New York, <a href=\"https:\/\/comparemyjet.com\/fr\/visites-privees\/visites-privees-de-la-ville-de-new-york\/\" data-internallinksmanager029f6b8e52c=\"427\" title=\"11 Meilleures visites priv\u00e9es de New York \u00e0 partir de $48.00\">New York<\/a>.&nbsp;<\/p>\r\n\r\n\r\n\r\n<p>Concord est une petite entreprise familiale qui n'a pas l'organisation robuste des grandes entreprises. Et la raison pour laquelle ils peuvent fournir des prix abordables et bas est pr\u00e9cis\u00e9ment parce qu'ils ne d\u00e9pensent pas des dizaines de milliers de dollars en marketing et en ventes.<\/p>\r\n\r\n\r\n\r\n<p>Concord Private Jet effectue des charters pour des tiers. Il n'y a pas de frais d'initiation ni d'adh\u00e9sion et le programme d'entr\u00e9e de gamme comprend 25 heures de vol sur un jet l\u00e9ger ou un turbopropulseur. Le taux horaire est fixe et garanti, et les titulaires de la carte peuvent utiliser plusieurs avions simultan\u00e9ment.&nbsp;<\/p>\r\n\r\n\r\n\r\n<p>Impellizzeri a cr\u00e9\u00e9 un syst\u00e8me unique en son genre qui vous permet de voler d'un point A \u00e0 un point B pour %0 \u00e0 40% de moins que ce que les autres compagnies d'affr\u00e8tement priv\u00e9es facturent. Ils ne louent que des avions certifi\u00e9s Argus Platinum pour r\u00e9pondre aux crit\u00e8res les plus \u00e9lev\u00e9s. Pour mettre cela en perspective, sur environ 3 500 op\u00e9rateurs commerciaux dans le pays, il n'y a que 31 transporteurs certifi\u00e9s Platinum Argus.<\/p>\r\n\r\n\r\n\r\n<h2 class=\"wp-block-heading\"><span class=\"ez-toc-section\" id=\"Company_Jet_Card_Program\"><\/span>Programme de carte Jet d'entreprise<span class=\"ez-toc-section-end\"><\/span><\/h2>\r\n\r\n\r\n\r\n<figure class=\"wp-block-image size-full is-style-default\"><img loading=\"lazy\" decoding=\"async\" width=\"1000\" height=\"667\" src=\"https:\/\/comparemyjet.com\/wp-content\/uploads\/2022\/07\/private.jet_.pilots.in_.cockpit.jpg\" alt=\"Concord,Jet,priv\u00e9,pilotes,dans,le,cockpit,pr\u00eat,\u00e0,voler\" class=\"wp-image-3072\" srcset=\"https:\/\/comparemyjet.com\/wp-content\/uploads\/2022\/07\/private.jet_.pilots.in_.cockpit-18x12.jpg 18w, https:\/\/comparemyjet.com\/wp-content\/uploads\/2022\/07\/private.jet_.pilots.in_.cockpit-300x200.jpg 300w, https:\/\/comparemyjet.com\/wp-content\/uploads\/2022\/07\/private.jet_.pilots.in_.cockpit-768x512.jpg 768w, https:\/\/comparemyjet.com\/wp-content\/uploads\/2022\/07\/private.jet_.pilots.in_.cockpit.jpg 1000w\" sizes=\"auto, (max-width: 1000px) 100vw, 1000px\" \/><\/figure>\r\n\r\n\r\n\r\n<p>La Concord Private 25-hour Jet Card vous permet de s\u00e9lectionner le mod\u00e8le et la cat\u00e9gorie de jet qui conviennent le mieux \u00e0 vos besoins sp\u00e9cifiques de voyage. Concord offre le plus haut niveau de s\u00e9curit\u00e9 au tarif horaire le plus abordable, qui est garanti pendant 24 mois. Chaque carte peut \u00eatre fractionn\u00e9e en quatre paiements maximum sur une p\u00e9riode de quatre mois.<\/p>\r\n\r\n\r\n\r\n<p>Si vous d\u00e9cidez de devenir titulaire d'une carte dans le cadre du programme d'adh\u00e9sion de Concord Private Jet, vous b\u00e9n\u00e9ficierez d'avantages tels que l'absence de frais de nuit, d'atterrissage, de repositionnement ou de surtaxe carburant, et de frais de gestion. Le surclassement (ou le d\u00e9classement) de votre classe de jet est gratuit et vous b\u00e9n\u00e9ficiez d'une disponibilit\u00e9 garantie 365 jours par an.<\/p>\r\n\r\n\r\n\r\n<p>Les membres ont \u00e9galement acc\u00e8s \u00e0 un concierge de voyage personnel qui est qualifi\u00e9 pour r\u00e9pondre aux demandes et offrir des informations 24 heures sur 24.<\/p>\r\n\r\n\r\n\r\n<p>Le programme 25 Hour Jet Card est factur\u00e9 \u00e0 l'heure, toutes taxes comprises. Par exemple, pour voler avec un jet de taille moyenne, vous paierez $5,750 de l'heure, alors que voler avec un jet de la cat\u00e9gorie l\u00e9g\u00e8re est $4,750 de l'heure.<\/p>\r\n\r\n\r\n\r\n<p>La compagnie ne facture pas de frais de carburant aux d\u00e9tenteurs de Jet Card et offre \u00e0 ses clients un choix de menus pour chaque voyage. En tant que client, vous n'\u00eates factur\u00e9 que pour les heures de vol effectives.<\/p>\r\n\r\n\r\n\r\n<h2 class=\"wp-block-heading\"><span class=\"ez-toc-section\" id=\"The_Fleet\"><\/span>La flotte&nbsp;<span class=\"ez-toc-section-end\"><\/span><\/h2>\r\n\r\n\r\n\r\n<p>Concord a un jet priv\u00e9 pour chacun, que vous recherchiez un petit ou un grand jet. En tant que courtier d'affr\u00e8tement, ils ont acc\u00e8s \u00e0 de nombreux transporteurs, ce qui est une bonne nouvelle pour vous - vous \u00eates assur\u00e9 d'obtenir le mod\u00e8le de jet souhait\u00e9 avec un d\u00e9lai de pr\u00e9avis tr\u00e8s court.<\/p>\r\n\r\n\r\n\r\n<p>Jetons un coup d'\u0153il aux cat\u00e9gories et mod\u00e8les de jets que Concord Private Jet propose.<\/p>\r\n\r\n\r\n\r\n<h3 class=\"wp-block-heading\"><span class=\"ez-toc-section\" id=\"1_Light_Private_Jets\"><\/span>1. Jets priv\u00e9s l\u00e9gers<span class=\"ez-toc-section-end\"><\/span><\/h3>\r\n\r\n\r\n\r\n<p>Les jets l\u00e9gers sont un choix populaire gr\u00e2ce \u00e0 leur faible prix et \u00e0 leur grande efficacit\u00e9. Ils permettent d'acc\u00e9der \u00e0 des destinations difficiles \u00e0 atteindre, o\u00f9 seuls les petits avions \u00e0 r\u00e9action peuvent atterrir en raison des pistes plus courtes. L'autonomie d'un avion l\u00e9ger est inf\u00e9rieure \u00e0 quatre heures, ce qui en fait l'avion id\u00e9al pour les courts voyages int\u00e9rieurs. Ces avions sont assez rapides et vous emm\u00e8nent \u00e0 votre destination en un rien de temps.<\/p>\r\n\r\n\r\n\r\n<h4 class=\"wp-block-heading\"><span class=\"ez-toc-section\" id=\"Our_Recommendation_Premier_I\"><\/span>Notre recommandation : Premier I<span class=\"ez-toc-section-end\"><\/span><\/h4>\r\n\r\n\r\n\r\n<p>Le Beechcraft Premier I est un membre de la cat\u00e9gorie des avions \u00e0 r\u00e9action l\u00e9gers, produit par <a href=\"https:\/\/comparemyjet.com\/fr\/hawker-beechcraft\/\" data-internallinksmanager029f6b8e52c=\"153\" title=\"Guide ultime des jets et avions priv\u00e9s Hawker Beechcraft\">Hawker Beechcraft<\/a>. L'avion a \u00e9t\u00e9 cr\u00e9\u00e9 en 1996, pour rivaliser avec le <a href=\"https:\/\/comparemyjet.com\/fr\/cessna\/\" data-internallinksmanager029f6b8e52c=\"145\" title=\"Guide ultime des jets et avions priv\u00e9s Cessna\">Cessna<\/a> Famille de citations.<\/p>\r\n\r\n\r\n\r\n<p>Sp\u00e9cifications :<\/p>\r\n\r\n\r\n\r\n<ul class=\"wp-block-list\"><li>Le volume de la cabine est de 285 pieds cubes ;<\/li><li>Espace interne pour les bagages de 23 pieds cubes ;<\/li><li>Espace ext\u00e9rieur pour les bagages de 55 pieds cubes ;<\/li><li>Une vitesse de croisi\u00e8re maximale de 461 n\u0153uds ;<\/li><li>Une vitesse de croisi\u00e8re normale de 426 n\u0153uds ;<\/li><li>Peut \u00eatre utilis\u00e9 par un ou deux pilotes ;<\/li><li>Peut accueillir six passagers ;<\/li><li>Une port\u00e9e de vol normale de 850 nm ;<\/li><li>Une port\u00e9e de vol maximale de 1430 nm.<\/li><\/ul>\r\n\r\n\r\n\r\n<p>Concord Private Jet propose une vari\u00e9t\u00e9 de mod\u00e8les de jets l\u00e9gers, tels que <em>Citation Jet \/CJ1\/CJ2\/CJ3, Nextant 400XT, Citation II\/V\/Bravo\/Encore\/Ultra, Beechjet 400\/400A, <a href=\"https:\/\/comparemyjet.com\/fr\/learjet\/\" data-internallinksmanager029f6b8e52c=\"149\" title=\"Guide ultime des jets priv\u00e9s et des avions Learjet\">Learjet<\/a> 40, Hawker 400XP, <\/em>et nos recommandations <em>Premier<\/em>.<\/p>\r\n\r\n\r\n\r\n<h3 class=\"wp-block-heading\"><span class=\"ez-toc-section\" id=\"2_Midsize_Private_Jets\"><\/span>2. Jets priv\u00e9s de taille moyenne<span class=\"ez-toc-section-end\"><\/span><\/h3>\r\n\r\n\r\n\r\n<p>L'autonomie d'un avion de taille moyenne varie mais ne d\u00e9passe pas six heures. Ces appareils sont plus spacieux que les avions l\u00e9gers et offrent plus de confort. Ils peuvent vous emmener pour des voyages courts ou longs, ce qui les rend assez polyvalents et constitue toujours un bon choix lorsque vous doutez de la classe de jet \u00e0 affr\u00e9ter. Ils sont g\u00e9n\u00e9ralement \u00e9quip\u00e9s d'une salle de bain ferm\u00e9e, d'une kitchenette et de plus d'espace pour les bagages.<\/p>\r\n\r\n\r\n\r\n<h4 class=\"wp-block-heading\"><span class=\"ez-toc-section\" id=\"Our_Recommendation_Astra_SPX\"><\/span>Notre recommandation : Astra SPX<span class=\"ez-toc-section-end\"><\/span><\/h4>\r\n\r\n\r\n\r\n<p>Isra\u00ebl Aircraft Industries a d\u00e9velopp\u00e9 l'Astra SPX dans les ann\u00e9es 90. Au d\u00e9but des ann\u00e9es 2000, <a href=\"https:\/\/comparemyjet.com\/fr\/gulfstream\/\" data-internallinksmanager029f6b8e52c=\"175\" title=\"Guide ultime des jets et avions priv\u00e9s Gulfstream\">Gulfstream<\/a> a achet\u00e9 le design et l'a appel\u00e9 le G-100.&nbsp;<\/p>\r\n\r\n\r\n\r\n<p>L'Astra SPX peut accueillir sept voyageurs. La cabine comprend un divan pour trois personnes qui vous permet de vous \u00e9tirer et de vous reposer, ainsi qu'un si\u00e8ge de toilette \u00e0 ceinture.&nbsp;<\/p>\r\n\r\n\r\n\r\n<p>Sp\u00e9cifications et commodit\u00e9s :<\/p>\r\n\r\n\r\n\r\n<ul class=\"wp-block-list\"><li>Peut accueillir sept passagers ;<\/li><li>La port\u00e9e maximale de vol est de 2790 nm ;<\/li><li>Une vitesse maximale de 470 n\u0153uds ;<\/li><li>Des toilettes ferm\u00e9es de taille normale ;&nbsp;<\/li><li>Une grande cuisine \u00e0 l'avant ;<\/li><li>Internet haut d\u00e9bit GoGo 5G ;&nbsp;<\/li><li>Lumi\u00e8res LCD et t\u00e9l\u00e9phone satellite ;&nbsp;<\/li><li>Un syst\u00e8me de divertissement en vol ;<\/li><li>La hauteur de la cabine est de 5' 6\" ;<\/li><li>La longueur de la cabine est de 17' 1\" ;<\/li><li>L'espace int\u00e9rieur pour les bagages est de 9 pieds cubes ;<\/li><li>L'espace ext\u00e9rieur pour les bagages est de 42 pieds cubes ;<\/li><li>Peut \u00eatre utilis\u00e9 par deux pilotes.<\/li><\/ul>\r\n\r\n\r\n\r\n<p>Concord Private Jet propose une vari\u00e9t\u00e9 de mod\u00e8les de jets dans cette cat\u00e9gorie d'avions priv\u00e9s de taille moyenne, tels que <em>Falcon 20\/200, Citation III\/VI\/VII, G150, Citation Excel\/XLS, Hawker 800\/800XP\/900, Learjet 45\/55\/60, <\/em>et nos recommandations <em>Astra SPX<\/em>.<\/p>\r\n\r\n\r\n\r\n<h3 class=\"wp-block-heading\"><span class=\"ez-toc-section\" id=\"3_Super-Midsize_Private_Jets\"><\/span>3. Jets priv\u00e9s super-moyens&nbsp;<span class=\"ez-toc-section-end\"><\/span><\/h3>\r\n\r\n\r\n\r\n<p>Avec des cabines larges o\u00f9 vous pouvez vous tenir confortablement debout et la capacit\u00e9 de voler entre les continents, vous d\u00e9couvrirez pourquoi voler avec un jet priv\u00e9 est la meilleure fa\u00e7on de voyager. Les jets super-moyens ont une plus grande endurance que les jets moyens et peuvent voler plus de 7 heures sans s'arr\u00eater pour faire le plein.&nbsp;<\/p>\r\n\r\n\r\n\r\n<h4 class=\"wp-block-heading\"><span class=\"ez-toc-section\" id=\"Our_Recommendation_The_Citation_Sovereign\"><\/span>Notre recommandation : Le Citation Sovereign<span class=\"ez-toc-section-end\"><\/span><\/h4>\r\n\r\n\r\n\r\n<p>Le Cessna Citation Sovereign allie performances exceptionnelles et luxe. Il poss\u00e8de une grande endurance \u00e0 court terme et un large rayon d'action, ce qui en fait une option polyvalente.&nbsp;<\/p>\r\n\r\n\r\n\r\n<p>La cabine spacieuse du Citation Sovereign comprend un espace boissons complet ainsi qu'une configuration de si\u00e8ges double-club. Voyagez avec style dans l'un des jets priv\u00e9s de taille moyenne les plus luxueux du march\u00e9.<\/p>\r\n\r\n\r\n\r\n<p>Sp\u00e9cifications :<\/p>\r\n\r\n\r\n\r\n<ul class=\"wp-block-list\"><li>Peut accueillir neuf passagers ;<\/li><li>Peut voler 7h15 sans escale ;<\/li><li>Une port\u00e9e de vol maximale de 3010 nm ;<\/li><li>La hauteur de la cabine est de 5' 8\" ;<\/li><li>La largeur de la cabine est de 5' 6\" ;<\/li><li>La longueur de la cabine est de 25' 3\" ;<\/li><li>Un espace interne pour les bagages de 35 pieds cubes ;<\/li><li>Une vitesse de croisi\u00e8re maximale de 459 kts.<\/li><\/ul>\r\n\r\n\r\n\r\n<p>Concord Private Jet propose une vari\u00e9t\u00e9 d'avions priv\u00e9s super-moyens, tels que <em>Citation X, Gulfstream G200\/G280, Falcon 50 \/ 50EX, Challenger 300, <\/em>et nos recommandations <em>Citation souveraine.<\/em><\/p>\r\n\r\n\r\n\r\n<h3 class=\"wp-block-heading\"><span class=\"ez-toc-section\" id=\"4_Large_Private_Jets\"><\/span>4. Grands jets priv\u00e9s<span class=\"ez-toc-section-end\"><\/span><\/h3>\r\n\r\n\r\n\r\n<p>Si votre prochain voyage implique une travers\u00e9e du pays ou un voyage intercontinental, choisir un jet de cette classe d'avion est le bon choix. Vous obtiendrez un <a href=\"https:\/\/comparemyjet.com\/fr\/les-jets-prives-les-plus-rapides\/\" data-internallinksmanager029f6b8e52c=\"183\" title=\"Les 11 jets priv\u00e9s les plus rapides du monde [avec photos].\">jet rapide<\/a> qui n'a pas besoin de s'arr\u00eater pour faire le plein dans la plupart des cas. Avec un jet lourd, vous b\u00e9n\u00e9ficiez de l'ultime exp\u00e9rience de voyage en jet priv\u00e9 et d'un autre niveau de luxe.<\/p>\r\n\r\n\r\n\r\n<h4 class=\"wp-block-heading\"><span class=\"ez-toc-section\" id=\"Our_Recommendation_The_Falcon_900EX\"><\/span>Notre recommandation : Le Falcon 900EX<span class=\"ez-toc-section-end\"><\/span><\/h4>\r\n\r\n\r\n\r\n<p>Avec une autonomie de 5 000 miles, une cabine extraordinairement agr\u00e9able et une conception tri-moteur r\u00e9volutionnaire, le Falcon 900EX est parfait pour les vols transoc\u00e9aniques et offre une \u00e9norme flexibilit\u00e9.&nbsp;<\/p>\r\n\r\n\r\n\r\n<p>Sp\u00e9cifications et commodit\u00e9s :<\/p>\r\n\r\n\r\n\r\n<ul class=\"wp-block-list\"><li>Op\u00e9r\u00e9 par deux pilotes ;<\/li><li>Peut accueillir douze passagers ;<\/li><li>Une vitesse de croisi\u00e8re maximale de 870 kmph (470 kt) ;<\/li><li>Une port\u00e9e de vol maximale de 8000 km ;<\/li><li>La hauteur de la cabine est de 6ft 2in ;<\/li><li>La longueur int\u00e9rieure de la cabine est de 33 ft 2 in ;<\/li><li>Le volume de l'espace bagage est de 127 pieds cubes ;<\/li><li>Une gal\u00e8re ;<\/li><li>T\u00e9l\u00e9phone satellite, fax, syst\u00e8me de divertissement ;<\/li><li>Deux toilettes et une salle de maquillage.<\/li><\/ul>\r\n\r\n\r\n\r\n<p>Concord Private Jet propose une vari\u00e9t\u00e9 d'avions priv\u00e9s lourds, tels que<em> S\u00e9rie Falcon 2000, Challenger 600\/601\/604, Global Express, s\u00e9rie Gulfstream, <\/em>et nos recommandations <em>Falcon 900EX.<\/em><\/p>\r\n\r\n\r\n\r\n<h2 class=\"wp-block-heading\"><span class=\"ez-toc-section\" id=\"Company_Safety_Policy_and_Standards\"><\/span>Politique et normes de s\u00e9curit\u00e9 de l'entreprise<span class=\"ez-toc-section-end\"><\/span><\/h2>\r\n\r\n\r\n\r\n<figure class=\"wp-block-image size-full is-style-default\"><img loading=\"lazy\" decoding=\"async\" width=\"1000\" height=\"707\" src=\"https:\/\/comparemyjet.com\/wp-content\/uploads\/2022\/07\/safejourney.jpg\" alt=\"\" class=\"wp-image-3073\" srcset=\"https:\/\/comparemyjet.com\/wp-content\/uploads\/2022\/07\/safejourney-18x12.jpg 18w, https:\/\/comparemyjet.com\/wp-content\/uploads\/2022\/07\/safejourney-300x212.jpg 300w, https:\/\/comparemyjet.com\/wp-content\/uploads\/2022\/07\/safejourney-768x543.jpg 768w, https:\/\/comparemyjet.com\/wp-content\/uploads\/2022\/07\/safejourney.jpg 1000w\" sizes=\"auto, (max-width: 1000px) 100vw, 1000px\" \/><\/figure>\r\n\r\n\r\n\r\n<p>Concord Private Jet accorde la priorit\u00e9 \u00e0 la s\u00e9curit\u00e9 de ses clients et n'utilise que des appareils Platinum. <a href=\"https:\/\/www.argus.aero\/\" target=\"_blank\" rel=\"noopener\">Argus<\/a> Op\u00e9rateurs certifi\u00e9s en mati\u00e8re de s\u00e9curit\u00e9. Le grade de platine exige de passer une \u00e9valuation stricte sur place effectu\u00e9e par des inspecteurs qualifi\u00e9s. Voler avec des op\u00e9rateurs certifi\u00e9s est donc beaucoup plus s\u00fbr que de voler dans un avion commercial.<\/p>\r\n\r\n\r\n\r\n<p>Si un avion ne r\u00e9pond pas aux crit\u00e8res de s\u00e9curit\u00e9, la compagnie vous attribue rapidement un nouvel avion pour votre voyage.<\/p>\r\n\r\n\r\n\r\n<h2 class=\"wp-block-heading\"><span class=\"ez-toc-section\" id=\"Conclusion\"><\/span>Conclusion<span class=\"ez-toc-section-end\"><\/span><\/h2>\r\n\r\n\r\n\r\n<p>Le service personnalis\u00e9 distingue Concord Private Jet de ses concurrents. La soci\u00e9t\u00e9 veille \u00e0 ce que toutes vos questions, pr\u00e9occupations et besoins soient pris en compte. Le propri\u00e9taire surveille personnellement chaque voyage, s'assurant que le programme est respect\u00e9, que le service de restauration est en place et que le transport terrestre est disponible \u00e0 destination. Alors que d'autres soci\u00e9t\u00e9s facturent des frais pour ce type de services, Concord est fi\u00e8re de sa Jet Card tout compris.&nbsp;<\/p>\r\n\r\n\r\n\r\n<p>Vous pouvez devenir client et tester leurs services avec peu ou pas d'engagement.&nbsp;<\/p>","protected":false},"excerpt":{"rendered":"<p>Concord Private Jet a \u00e9t\u00e9 fond\u00e9e sur le principe de fournir les meilleurs avions aux prix les plus bas possibles. La soci\u00e9t\u00e9 fonctionne comme un courtier en charters, louant des charters priv\u00e9s pour ses clients. Le propri\u00e9taire, Neal Impellizzeri, supervise chaque carte d'acc\u00e8s \u00e0 la flotte et s'assure que tout est parfait, de la programmation \u00e0 la restauration en passant par le transfert ...<\/p>","protected":false},"author":2,"featured_media":3071,"parent":0,"menu_order":0,"comment_status":"closed","ping_status":"closed","template":"","meta":{"_acf_changed":false,"_genesis_hide_title":false,"_genesis_hide_breadcrumbs":false,"_genesis_hide_singular_image":false,"_genesis_hide_footer_widgets":false,"_genesis_custom_body_class":"","_genesis_custom_post_class":"","_genesis_layout":"","footnotes":""},"class_list":{"1":"page","2":"type-page","6":"entry"},"acf":[],"_links":{"self":[{"href":"https:\/\/comparemyjet.com\/fr\/wp-json\/wp\/v2\/pages\/3070","targetHints":{"allow":["GET"]}}],"collection":[{"href":"https:\/\/comparemyjet.com\/fr\/wp-json\/wp\/v2\/pages"}],"about":[{"href":"https:\/\/comparemyjet.com\/fr\/wp-json\/wp\/v2\/types\/page"}],"author":[{"embeddable":true,"href":"https:\/\/comparemyjet.com\/fr\/wp-json\/wp\/v2\/users\/2"}],"replies":[{"embeddable":true,"href":"https:\/\/comparemyjet.com\/fr\/wp-json\/wp\/v2\/comments?post=3070"}],"version-history":[{"count":2,"href":"https:\/\/comparemyjet.com\/fr\/wp-json\/wp\/v2\/pages\/3070\/revisions"}],"predecessor-version":[{"id":3438,"href":"https:\/\/comparemyjet.com\/fr\/wp-json\/wp\/v2\/pages\/3070\/revisions\/3438"}],"wp:featuredmedia":[{"embeddable":true,"href":"https:\/\/comparemyjet.com\/fr\/wp-json\/wp\/v2\/media\/3071"}],"wp:attachment":[{"href":"https:\/\/comparemyjet.com\/fr\/wp-json\/wp\/v2\/media?parent=3070"}],"curies":[{"name":"wp","href":"https:\/\/api.w.org\/{rel}","templated":true}]}}