{"id":3108,"date":"2022-08-13T21:19:31","date_gmt":"2022-08-13T21:19:31","guid":{"rendered":"https:\/\/comparemyjet.com\/?page_id=3108"},"modified":"2025-09-04T09:58:17","modified_gmt":"2025-09-04T09:58:17","slug":"dumont-aviation-group","status":"publish","type":"page","link":"https:\/\/comparemyjet.com\/fr\/dumont-aviation-group\/","title":{"rendered":"Prix des vols du groupe Dumont Aviation"},"content":{"rendered":"<p>Dumont Aviation Group est un leader \u00e9tabli dans le domaine des avions d'affaires et des jets d'entreprise. Ses professionnels de l'aviation ont de l'exp\u00e9rience dans l'achat d'avions, la location d'avions, la gestion de jets, la maintenance a\u00e9ronautique et la vente d'\u00e9quipements pour avions. Explorons leurs services et voyons ce qu'est l'aviation Dumont.<\/p>\r\n\r\n\r\n\r\n<div id=\"ez-toc-container\" class=\"ez-toc-v2_0_76 counter-hierarchy ez-toc-counter ez-toc-grey ez-toc-container-direction\">\n<p class=\"ez-toc-title\" style=\"cursor:inherit\">Sujets<\/p>\n<label for=\"ez-toc-cssicon-toggle-item-69d2c114106dc\" class=\"ez-toc-cssicon-toggle-label\"><span class=\"\"><span class=\"eztoc-hide\" style=\"display:none;\">Toggle<\/span><span class=\"ez-toc-icon-toggle-span\"><svg style=\"fill: #999;color:#999\" xmlns=\"http:\/\/www.w3.org\/2000\/svg\" class=\"list-377408\" width=\"20px\" height=\"20px\" viewbox=\"0 0 24 24\" fill=\"none\"><path d=\"M6 6H4v2h2V6zm14 0H8v2h12V6zM4 11h2v2H4v-2zm16 0H8v2h12v-2zM4 16h2v2H4v-2zm16 0H8v2h12v-2z\" fill=\"currentColor\"><\/path><\/svg><svg style=\"fill: #999;color:#999\" class=\"arrow-unsorted-368013\" xmlns=\"http:\/\/www.w3.org\/2000\/svg\" width=\"10px\" height=\"10px\" viewbox=\"0 0 24 24\" version=\"1.2\" baseprofile=\"tiny\"><path d=\"M18.2 9.3l-6.2-6.3-6.2 6.3c-.2.2-.3.4-.3.7s.1.5.3.7c.2.2.4.3.7.3h11c.3 0 .5-.1.7-.3.2-.2.3-.5.3-.7s-.1-.5-.3-.7zM5.8 14.7l6.2 6.3 6.2-6.3c.2-.2.3-.5.3-.7s-.1-.5-.3-.7c-.2-.2-.4-.3-.7-.3h-11c-.3 0-.5.1-.7.3-.2.2-.3.5-.3.7s.1.5.3.7z\"\/><\/svg><\/span><\/span><\/label><input type=\"checkbox\"  id=\"ez-toc-cssicon-toggle-item-69d2c114106dc\" checked aria-label=\"Toggle\" \/><nav><ul class='ez-toc-list ez-toc-list-level-1' ><li class='ez-toc-page-1 ez-toc-heading-level-2'><a class=\"ez-toc-link ez-toc-heading-1\" href=\"https:\/\/comparemyjet.com\/fr\/dumont-aviation-group\/#Company_History\" >Histoire de l'entreprise<\/a><\/li><li class='ez-toc-page-1 ez-toc-heading-level-2'><a class=\"ez-toc-link ez-toc-heading-2\" href=\"https:\/\/comparemyjet.com\/fr\/dumont-aviation-group\/#Dumont_Jet_Charter\" >Dumont Jet Charter<\/a><ul class='ez-toc-list-level-3' ><li class='ez-toc-heading-level-3'><a class=\"ez-toc-link ez-toc-heading-3\" href=\"https:\/\/comparemyjet.com\/fr\/dumont-aviation-group\/#The_Fractional_Ownership_Experience\" >L'exp\u00e9rience de la propri\u00e9t\u00e9 fractionn\u00e9e<\/a><\/li><li class='ez-toc-page-1 ez-toc-heading-level-3'><a class=\"ez-toc-link ez-toc-heading-4\" href=\"https:\/\/comparemyjet.com\/fr\/dumont-aviation-group\/#Jet_Sales\" >Ventes de jets<\/a><\/li><\/ul><\/li><li class='ez-toc-page-1 ez-toc-heading-level-2'><a class=\"ez-toc-link ez-toc-heading-5\" href=\"https:\/\/comparemyjet.com\/fr\/dumont-aviation-group\/#Maintenance\" >Maintenance&nbsp;<\/a><\/li><li class='ez-toc-page-1 ez-toc-heading-level-2'><a class=\"ez-toc-link ez-toc-heading-6\" href=\"https:\/\/comparemyjet.com\/fr\/dumont-aviation-group\/#Dumont_PARTS\" >Dumont PARTS<\/a><\/li><li class='ez-toc-page-1 ez-toc-heading-level-2'><a class=\"ez-toc-link ez-toc-heading-7\" href=\"https:\/\/comparemyjet.com\/fr\/dumont-aviation-group\/#Membership_Programs\" >Programmes d'adh\u00e9sion<\/a><ul class='ez-toc-list-level-3' ><li class='ez-toc-heading-level-3'><a class=\"ez-toc-link ez-toc-heading-8\" href=\"https:\/\/comparemyjet.com\/fr\/dumont-aviation-group\/#Santos_Jet_Card_Program\" >Programme de la carte Santos Jet<\/a><ul class='ez-toc-list-level-4' ><li class='ez-toc-heading-level-4'><a class=\"ez-toc-link ez-toc-heading-9\" href=\"https:\/\/comparemyjet.com\/fr\/dumont-aviation-group\/#1_Light_Jet_Category\" >1. Cat\u00e9gorie des jets l\u00e9gers<\/a><\/li><li class='ez-toc-page-1 ez-toc-heading-level-4'><a class=\"ez-toc-link ez-toc-heading-10\" href=\"https:\/\/comparemyjet.com\/fr\/dumont-aviation-group\/#2_Mid_Jet_Category\" >2. Cat\u00e9gorie des jets moyens<\/a><\/li><li class='ez-toc-page-1 ez-toc-heading-level-4'><a class=\"ez-toc-link ez-toc-heading-11\" href=\"https:\/\/comparemyjet.com\/fr\/dumont-aviation-group\/#3_Super-mid_Jet_Category\" >3. Cat\u00e9gorie des jets super-moyens<\/a><\/li><li class='ez-toc-page-1 ez-toc-heading-level-4'><a class=\"ez-toc-link ez-toc-heading-12\" href=\"https:\/\/comparemyjet.com\/fr\/dumont-aviation-group\/#4_Heavy_Jet_Category\" >4. Cat\u00e9gorie des jets lourds<\/a><\/li><\/ul><\/li><\/ul><\/li><li class='ez-toc-page-1 ez-toc-heading-level-2'><a class=\"ez-toc-link ez-toc-heading-13\" href=\"https:\/\/comparemyjet.com\/fr\/dumont-aviation-group\/#The_Fleet\" >La flotte&nbsp;<\/a><ul class='ez-toc-list-level-3' ><li class='ez-toc-heading-level-3'><a class=\"ez-toc-link ez-toc-heading-14\" href=\"https:\/\/comparemyjet.com\/fr\/dumont-aviation-group\/#1_Super-Midsize_Private_Jets\" >1. Jets priv\u00e9s super-moyens&nbsp;<\/a><ul class='ez-toc-list-level-4' ><li class='ez-toc-heading-level-4'><a class=\"ez-toc-link ez-toc-heading-15\" href=\"https:\/\/comparemyjet.com\/fr\/dumont-aviation-group\/#Our_Recommendation_Falcon_50\" >Notre recommandation : Falcon 50<\/a><\/li><\/ul><\/li><li class='ez-toc-page-1 ez-toc-heading-level-3'><a class=\"ez-toc-link ez-toc-heading-16\" href=\"https:\/\/comparemyjet.com\/fr\/dumont-aviation-group\/#2_Heavy_Private_Jets\" >2. Jets priv\u00e9s lourds<\/a><ul class='ez-toc-list-level-4' ><li class='ez-toc-heading-level-4'><a class=\"ez-toc-link ez-toc-heading-17\" href=\"https:\/\/comparemyjet.com\/fr\/dumont-aviation-group\/#Our_Recommendation_The_Gulfstream_V\" >Notre recommandation : Le Gulfstream V&nbsp;<\/a><\/li><\/ul><\/li><\/ul><\/li><li class='ez-toc-page-1 ez-toc-heading-level-2'><a class=\"ez-toc-link ez-toc-heading-18\" href=\"https:\/\/comparemyjet.com\/fr\/dumont-aviation-group\/#Company_Safety_Policy_and_Standards\" >Politique et normes de s\u00e9curit\u00e9 de l'entreprise<\/a><\/li><li class='ez-toc-page-1 ez-toc-heading-level-2'><a class=\"ez-toc-link ez-toc-heading-19\" href=\"https:\/\/comparemyjet.com\/fr\/dumont-aviation-group\/#Conclusion\" >Conclusion<\/a><\/li><\/ul><\/nav><\/div>\n<h2 class=\"wp-block-heading\"><span class=\"ez-toc-section\" id=\"Company_History\"><\/span>Histoire de l'entreprise<span class=\"ez-toc-section-end\"><\/span><\/h2>\r\n\r\n\r\n\r\n<p>Le groupe Dumont est une soci\u00e9t\u00e9 d'aviation priv\u00e9e qui a \u00e9t\u00e9 cr\u00e9\u00e9e en 2013. Le nom et le logo de la soci\u00e9t\u00e9 ont \u00e9t\u00e9 inspir\u00e9s par Alberto Santos-Dumont, un pionnier br\u00e9silien de l'aviation (1873-1932) qui a pilot\u00e9 la premi\u00e8re machine plus lourde que l'air en Europe en octobre 1906.<\/p>\r\n\r\n\r\n\r\n<p>Dan Piraino, le PDG de la soci\u00e9t\u00e9, est en charge de trois subdivisions de la soci\u00e9t\u00e9 qui comprennent :<\/p>\r\n\r\n\r\n\r\n<ul class=\"wp-block-list\"><li>Dumont JETS (ax\u00e9 sur les vols affr\u00e9t\u00e9s, la vente d'a\u00e9ronefs et le transport de marchandises). <a href=\"https:\/\/comparemyjet.com\/fr\/quelles-sont-certaines-societes-de-gestion-daeronefs\/\" data-internallinksmanager029f6b8e52c=\"21\" title=\"Services et soci\u00e9t\u00e9s de gestion d&#039;a\u00e9ronefs\">gestion des avions<\/a>)<\/li><li>Dumont PARTS (ax\u00e9 sur le maintien et la vente d'un grand inventaire de pi\u00e8ces d'avion)<\/li><li>Dumont MRO (ax\u00e9 sur la maintenance des a\u00e9ronefs, y compris la peinture et la remise en \u00e9tat de l'int\u00e9rieur)<\/li><\/ul>\r\n\r\n\r\n\r\n<p>Comme vous pouvez le constater, chaque section a pour but de r\u00e9pondre aux exigences uniques de ses clients. Nous allons les explorer plus en d\u00e9tail.<\/p>\r\n\r\n\r\n\r\n<h2 class=\"wp-block-heading\"><span class=\"ez-toc-section\" id=\"Dumont_Jet_Charter\"><\/span>Dumont Jet Charter<span class=\"ez-toc-section-end\"><\/span><\/h2>\r\n\r\n\r\n\r\n<figure class=\"wp-block-image size-full is-style-default\"><img loading=\"lazy\" decoding=\"async\" width=\"1000\" height=\"750\" src=\"https:\/\/comparemyjet.com\/wp-content\/uploads\/2022\/07\/privatejetmoderninterior.jpg\" alt=\"DumontAviationGroup\" class=\"wp-image-3110\" srcset=\"https:\/\/comparemyjet.com\/wp-content\/uploads\/2022\/07\/privatejetmoderninterior-16x12.jpg 16w, https:\/\/comparemyjet.com\/wp-content\/uploads\/2022\/07\/privatejetmoderninterior-300x225.jpg 300w, https:\/\/comparemyjet.com\/wp-content\/uploads\/2022\/07\/privatejetmoderninterior-400x300.jpg 400w, https:\/\/comparemyjet.com\/wp-content\/uploads\/2022\/07\/privatejetmoderninterior-768x576.jpg 768w, https:\/\/comparemyjet.com\/wp-content\/uploads\/2022\/07\/privatejetmoderninterior-800x600.jpg 800w, https:\/\/comparemyjet.com\/wp-content\/uploads\/2022\/07\/privatejetmoderninterior.jpg 1000w\" sizes=\"auto, (max-width: 1000px) 100vw, 1000px\" \/><\/figure>\r\n\r\n\r\n\r\n<p>Dumont JETS est g\u00e9r\u00e9 par une \u00e9quipe d'experts qui identifie l'avion id\u00e9al pour r\u00e9pondre \u00e0 vos besoins de voyage tout en vous donnant une flexibilit\u00e9 totale sur votre voyage. Ils fournissent un service complet, en mettant l'accent sur votre s\u00e9curit\u00e9 et votre confort.&nbsp;<\/p>\r\n\r\n\r\n\r\n<h3 class=\"wp-block-heading\"><span class=\"ez-toc-section\" id=\"The_Fractional_Ownership_Experience\"><\/span>L'exp\u00e9rience de la propri\u00e9t\u00e9 fractionn\u00e9e<span class=\"ez-toc-section-end\"><\/span><\/h3>\r\n\r\n\r\n\r\n<p>La soci\u00e9t\u00e9 offre \u00e0 ses clients une exp\u00e9rience de propri\u00e9t\u00e9 compl\u00e8te pour une fraction des prix du march\u00e9. Elle propose des services de gestion, tels que la gestion compl\u00e8te, la gestion d'affr\u00e8tement et l'assistance Part 91. Gr\u00e2ce \u00e0 leur grande expertise en mati\u00e8re d'aviation, votre jet sera entre de bonnes mains.&nbsp;<\/p>\r\n\r\n\r\n\r\n<h3 class=\"wp-block-heading\"><span class=\"ez-toc-section\" id=\"Jet_Sales\"><\/span>Ventes de jets<span class=\"ez-toc-section-end\"><\/span><\/h3>\r\n\r\n\r\n\r\n<p>Dumont JETS dispose d'un personnel comp\u00e9tent pour la vente d'avions et a fait ses preuves en tant qu'acheteur et vendeur qualifi\u00e9 de jets. Son personnel vous guidera tout au long du processus de vente. La plupart des consommateurs sont tellement ravis du service qu'ils reviennent pour d'autres transactions.<\/p>\r\n\r\n\r\n\r\n<h2 class=\"wp-block-heading\"><span class=\"ez-toc-section\" id=\"Maintenance\"><\/span>Maintenance&nbsp;<span class=\"ez-toc-section-end\"><\/span><\/h2>\r\n\r\n\r\n\r\n<p>Dumont MRO (Aviation Maintenance, Repair, and Overhaul) est une station de r\u00e9paration FAA Part 145 avec des sites dans le Delaware, l'Illinois et le Texas. Ces stations fournissent une maintenance rapide, un savoir-faire et un service personnalis\u00e9 pour votre avion. Elles assurent la maintenance de jets de constructeurs tels que <a href=\"https:\/\/comparemyjet.com\/fr\/bombardier\/\" data-internallinksmanager029f6b8e52c=\"159\" title=\"Guide ultime des avions et jets priv\u00e9s Bombardier\">Bombardier<\/a>, <a href=\"https:\/\/comparemyjet.com\/fr\/cessna\/\" data-internallinksmanager029f6b8e52c=\"145\" title=\"Guide ultime des jets et avions priv\u00e9s Cessna\">Cessna<\/a>, Challenger, <a href=\"https:\/\/comparemyjet.com\/fr\/dassault\/\" data-internallinksmanager029f6b8e52c=\"174\" title=\"Guide ultime des jets et avions priv\u00e9s Dassault\">Dassault<\/a> Falcon, Dornier.<a href=\"https:\/\/comparemyjet.com\/fr\/embraer\/\" data-internallinksmanager029f6b8e52c=\"151\" title=\"Guide ultime des jets et avions priv\u00e9s Embraer\">Embraer<\/a>, <a href=\"https:\/\/comparemyjet.com\/fr\/gulfstream\/\" data-internallinksmanager029f6b8e52c=\"175\" title=\"Guide ultime des jets et avions priv\u00e9s Gulfstream\">Gulfstream<\/a>Hawker\/Beechcraft, <a href=\"https:\/\/comparemyjet.com\/fr\/learjet\/\" data-internallinksmanager029f6b8e52c=\"149\" title=\"Guide ultime des jets priv\u00e9s et des avions Learjet\">Learjet<\/a>et d'autres.<\/p>\r\n\r\n\r\n\r\n<h2 class=\"wp-block-heading\"><span class=\"ez-toc-section\" id=\"Dumont_PARTS\"><\/span>Dumont PARTS<span class=\"ez-toc-section-end\"><\/span><\/h2>\r\n\r\n\r\n\r\n<p>Dumont PARTS stocke un vaste assortiment de pi\u00e8ces neuves et d'occasion pour une grande vari\u00e9t\u00e9 d'avions de premier plan. Gr\u00e2ce \u00e0 leur grand inventaire, ils exp\u00e9dient le jour m\u00eame de la commande.<\/p>\r\n\r\n\r\n\r\n<h2 class=\"wp-block-heading\"><span class=\"ez-toc-section\" id=\"Membership_Programs\"><\/span>Programmes d'adh\u00e9sion<span class=\"ez-toc-section-end\"><\/span><\/h2>\r\n\r\n\r\n\r\n<figure class=\"wp-block-image size-full is-style-default\"><img loading=\"lazy\" decoding=\"async\" width=\"1000\" height=\"667\" src=\"https:\/\/comparemyjet.com\/wp-content\/uploads\/2022\/07\/workingonalaptotonaprivatejetviewfromwindow.jpg\" alt=\"\" class=\"wp-image-3111\" srcset=\"https:\/\/comparemyjet.com\/wp-content\/uploads\/2022\/07\/workingonalaptotonaprivatejetviewfromwindow-18x12.jpg 18w, https:\/\/comparemyjet.com\/wp-content\/uploads\/2022\/07\/workingonalaptotonaprivatejetviewfromwindow-300x200.jpg 300w, https:\/\/comparemyjet.com\/wp-content\/uploads\/2022\/07\/workingonalaptotonaprivatejetviewfromwindow-768x512.jpg 768w, https:\/\/comparemyjet.com\/wp-content\/uploads\/2022\/07\/workingonalaptotonaprivatejetviewfromwindow.jpg 1000w\" sizes=\"auto, (max-width: 1000px) 100vw, 1000px\" \/><\/figure>\r\n\r\n\r\n\r\n<p>Dumont JETS poss\u00e8de et exploite sa propre flotte. Ils ont un programme de carte de jet sans frais d'adh\u00e9sion et d'initiation, cependant, une caution doit \u00eatre plac\u00e9e, dont le prix varie en fonction du jet.&nbsp;<\/p>\r\n\r\n\r\n\r\n<p>Il existe une garantie de disponibilit\u00e9, avec un taux horaire fixe. Les titulaires de la carte peuvent utiliser plusieurs avions en m\u00eame temps, sauf les jours de grande affluence o\u00f9 l'offre est limit\u00e9e.<\/p>\r\n\r\n\r\n\r\n<h3 class=\"wp-block-heading\"><span class=\"ez-toc-section\" id=\"Santos_Jet_Card_Program\"><\/span>Programme de la carte Santos Jet<span class=\"ez-toc-section-end\"><\/span><\/h3>\r\n\r\n\r\n\r\n<p>L'entreprise offre le <strong>Santos Jet Card,<\/strong> une carte pr\u00e9pay\u00e9e qui vous permet d'utiliser la flotte du groupe Dumont ainsi que des avions provenant d'op\u00e9rateurs tiers.&nbsp;<\/p>\r\n\r\n\r\n\r\n<p>Les niveaux d'adh\u00e9sion sont d\u00e9termin\u00e9s par la taille de l'avion que vous choisissez pour vos besoins de voyage. En tant qu'utilisateur de la Santos Jet Card, vous aurez la possibilit\u00e9 de surclasser ou de d\u00e9classer vos vols en fonction de vos projets de voyage uniques.<\/p>\r\n\r\n\r\n\r\n<p>Les cartes Santos Jet se d\u00e9clinent en quatre cat\u00e9gories et gammes de prix diff\u00e9rentes, comme suit :&nbsp;<\/p>\r\n\r\n\r\n\r\n<h4 class=\"wp-block-heading\"><span class=\"ez-toc-section\" id=\"1_Light_Jet_Category\"><\/span>1. Cat\u00e9gorie des jets l\u00e9gers<span class=\"ez-toc-section-end\"><\/span><\/h4>\r\n\r\n\r\n\r\n<p>Vous pouvez affr\u00e9ter un jet l\u00e9ger pour un maximum de six passagers (en fonction du mod\u00e8le de jet et du nombre de si\u00e8ges). Le site <strong>25 heures<\/strong> L'option jet card co\u00fbte un peu moins de $175.000, ce qui signifie que vous payez presque $7.000 par heure. Si vous achetez la <strong>50 heures<\/strong> jet card, vous payez un peu plus de $330,000, ce qui ram\u00e8ne le taux horaire \u00e0 $6,800.&nbsp;<\/p>\r\n\r\n\r\n\r\n<h4 class=\"wp-block-heading\"><span class=\"ez-toc-section\" id=\"2_Mid_Jet_Category\"><\/span>2. Cat\u00e9gorie des jets moyens<span class=\"ez-toc-section-end\"><\/span><\/h4>\r\n\r\n\r\n\r\n<p>Vous pouvez affr\u00e9ter un jet de taille moyenne pouvant accueillir jusqu'\u00e0 sept passagers (en fonction du mod\u00e8le de jet et du nombre de si\u00e8ges). Le site <strong>25 heures<\/strong> L'option jet card co\u00fbte un peu plus de $206,000, ce qui signifie que vous paierez $8,250 par heure. Si vous achetez la <strong>50 heures <\/strong>jet card, vous paierez exactement $400,000, ce qui ram\u00e8ne le taux horaire \u00e0 $8,000.&nbsp;<\/p>\r\n\r\n\r\n\r\n<h4 class=\"wp-block-heading\"><span class=\"ez-toc-section\" id=\"3_Super-mid_Jet_Category\"><\/span>3. Cat\u00e9gorie des jets super-moyens<span class=\"ez-toc-section-end\"><\/span><\/h4>\r\n\r\n\r\n\r\n<p>Vous pouvez affr\u00e9ter un jet super-midsize pouvant accueillir jusqu'\u00e0 huit passagers (selon le mod\u00e8le de jet et le nombre de si\u00e8ges). Le site <strong>25 heures<\/strong> L'option jet card co\u00fbte un peu plus de $230.000, ce qui signifie que vous payez presque $9.250 par heure. Si vous achetez la <strong>50 heures<\/strong> option jet card, vous payez exactement $450,000, ce qui ram\u00e8ne le taux horaire \u00e0 $9,000.&nbsp;<\/p>\r\n\r\n\r\n\r\n<h4 class=\"wp-block-heading\"><span class=\"ez-toc-section\" id=\"4_Heavy_Jet_Category\"><\/span>4. Cat\u00e9gorie des jets lourds<span class=\"ez-toc-section-end\"><\/span><\/h4>\r\n\r\n\r\n\r\n<p>Enfin, vous pouvez affr\u00e9ter un jet lourd pour onze passagers ou plus (en fonction du mod\u00e8le de jet et de la capacit\u00e9 en si\u00e8ges). Le site <strong>25 heures<\/strong> L'option jet card co\u00fbte $300,000, ce qui signifie que vous payez $12,000 par heure. Si vous achetez la <strong>50 heures<\/strong> jet card, vous payez un peu plus de $587,000, ce qui ram\u00e8ne le taux horaire \u00e0 pr\u00e8s de $11,800.&nbsp;<\/p>\r\n\r\n\r\n\r\n<p>Les prix indiqu\u00e9s ci-dessus ne comprennent pas la taxe d'accise f\u00e9d\u00e9rale ni la taxe sur le carburant. Vous pouvez contacter DAG aux coordonn\u00e9es suivantes <a href=\"https:\/\/www.dumontaviation.com\/jet-card.html\" target=\"_blank\" rel=\"noopener\">lien<\/a> pour plus de d\u00e9tails sur les frais de carburant ou pour demander une carte Santos Jet.<\/p>\r\n\r\n\r\n\r\n<h2 class=\"wp-block-heading\"><span class=\"ez-toc-section\" id=\"The_Fleet\"><\/span>La flotte&nbsp;<span class=\"ez-toc-section-end\"><\/span><\/h2>\r\n\r\n\r\n\r\n<figure class=\"wp-block-image size-full is-style-default\"><img loading=\"lazy\" decoding=\"async\" width=\"1000\" height=\"500\" src=\"https:\/\/comparemyjet.com\/wp-content\/uploads\/2022\/07\/privatejetflyingwithspeed.jpg\" alt=\"\" class=\"wp-image-3112\" srcset=\"https:\/\/comparemyjet.com\/wp-content\/uploads\/2022\/07\/privatejetflyingwithspeed-18x9.jpg 18w, https:\/\/comparemyjet.com\/wp-content\/uploads\/2022\/07\/privatejetflyingwithspeed-300x150.jpg 300w, https:\/\/comparemyjet.com\/wp-content\/uploads\/2022\/07\/privatejetflyingwithspeed-768x384.jpg 768w, https:\/\/comparemyjet.com\/wp-content\/uploads\/2022\/07\/privatejetflyingwithspeed.jpg 1000w\" sizes=\"auto, (max-width: 1000px) 100vw, 1000px\" \/><\/figure>\r\n\r\n\r\n\r\n<p>Tous les vols de tiers sont effectu\u00e9s par des transporteurs a\u00e9riens directs FAR Part 135 qui ont \u00e9t\u00e9 approuv\u00e9s pour servir les clients de Dumont JETS et qui r\u00e9pondent \u00e0 toutes les exigences de s\u00e9curit\u00e9 de la FAA. Leurs experts identifieront l'avion id\u00e9al pour r\u00e9pondre \u00e0 vos besoins de voyage.&nbsp;<\/p>\r\n\r\n\r\n\r\n<p>Explorons leur flotte d'avions et voyons ce qu'ils ont \u00e0 offrir.<\/p>\r\n\r\n\r\n\r\n<h3 class=\"wp-block-heading\"><span class=\"ez-toc-section\" id=\"1_Super-Midsize_Private_Jets\"><\/span>1. Jets priv\u00e9s super-moyens&nbsp;<span class=\"ez-toc-section-end\"><\/span><\/h3>\r\n\r\n\r\n\r\n<p>Le jet super mid-size combine l'efficacit\u00e9 et la port\u00e9e d'un jet mid-size avec le confort d'un jet lourd. Les jets super mid-size disposent de cuisines enti\u00e8rement \u00e9quip\u00e9es, de salles de bain et de tables de travail pliantes.<\/p>\r\n\r\n\r\n\r\n<h4 class=\"wp-block-heading\"><span class=\"ez-toc-section\" id=\"Our_Recommendation_Falcon_50\"><\/span>Notre recommandation : Falcon 50<span class=\"ez-toc-section-end\"><\/span><\/h4>\r\n\r\n\r\n\r\n<p>Dassault Aviation fabrique le Falcon 50, un avion de la classe des super-moyens.   Le premier Falcon 50 a \u00e9t\u00e9 livr\u00e9 en 1980, et sa fabrication a pris fin en 1996 avec l'introduction du Falcon 50EX.<\/p>\r\n\r\n\r\n\r\n<p>Sp\u00e9cifications et commodit\u00e9s :<\/p>\r\n\r\n\r\n\r\n<ul class=\"wp-block-list\"><li>Passagers : 8 ;<\/li><li>Hauteur de la cabine : 5 ft 9 In ;<\/li><li>Largeur de la cabine : 6 ft 1 In ;<\/li><li>Longueur de la cabine : 22 ft 11 In ;<\/li><li>Espace int\u00e9rieur pour les bagages : 25 cu ft ;<\/li><li>Vitesse de vol maximale : 480 kts ;<\/li><li>Port\u00e9e maximale de vol : 3200 nm ;<\/li><li>Des toilettes ;<\/li><li>Une gal\u00e8re ;<\/li><li>Remis \u00e0 neuf en 2016 ;<\/li><li>Wi-Fi disponible.<\/li><\/ul>\r\n\r\n\r\n\r\n<p>Dumont Aviation Group offre un <em>Falcon 50<\/em> dans le cadre de leur flotte d'avions super-moyens.<\/p>\r\n\r\n\r\n\r\n<h3 class=\"wp-block-heading\"><span class=\"ez-toc-section\" id=\"2_Heavy_Private_Jets\"><\/span>2. Jets priv\u00e9s lourds<span class=\"ez-toc-section-end\"><\/span><\/h3>\r\n\r\n\r\n\r\n<p>Avec une autonomie de pr\u00e8s de 4 000 miles sans ravitaillement, les jets lourds offrent le plus haut niveau de service. Ils peuvent transporter confortablement jusqu'\u00e0 quinze passagers et sont \u00e9quip\u00e9s de commodit\u00e9s et de syst\u00e8mes de divertissement haut de gamme. Ils disposent d'un \u00e9quipage d\u00e9di\u00e9 et r\u00e9sistent mieux aux turbulences en raison de leur taille.<\/p>\r\n\r\n\r\n\r\n<h4 class=\"wp-block-heading\"><span class=\"ez-toc-section\" id=\"Our_Recommendation_The_Gulfstream_V\"><\/span>Notre recommandation : Le Gulfstream V&nbsp;<span class=\"ez-toc-section-end\"><\/span><\/h4>\r\n\r\n\r\n\r\n<p>Avec un rayon d'action de pr\u00e8s de 10 000 km, le GV \u00e9tait le jet d'affaires \u00e0 plus long rayon d'action disponible au moment de son lancement en 1997. Aujourd'hui encore, il reste un choix populaire.<\/p>\r\n\r\n\r\n\r\n<p>La disposition des si\u00e8ges la plus courante permet d'accueillir 14 passagers. Une kitchenette compl\u00e8te, des toilettes, des prises de courant, des bureaux rabattables, la t\u00e9l\u00e9vision par satellite et des syst\u00e8mes de divertissement font partie des \u00e9quipements de la cabine.&nbsp;<\/p>\r\n\r\n\r\n\r\n<p>Sp\u00e9cifications :<\/p>\r\n\r\n\r\n\r\n<ul class=\"wp-block-list\"><li>Passagers : 14 ;<\/li><li>Hauteur de la cabine : 6 ft ;<\/li><li>Largeur de la cabine : 7 ft 3 In ;<\/li><li>Longueur de la cabine : 50 ft 10 In ;<\/li><li>Espace int\u00e9rieur pour les bagages : 226 pi3 ;<\/li><li>Vitesse maximale : 508 kts ;<\/li><li>Port\u00e9e maximale : 6675 nm ;<\/li><li>Des toilettes ;<\/li><li>Une cuisine compl\u00e8te ;<\/li><li>Wi-Fi disponible ;&nbsp;<\/li><li>Four et micro-ondes ;<\/li><li>Prises de charge.<\/li><\/ul>\r\n\r\n\r\n\r\n<p>Dumont Aviation Group offre quelques <em>Gulfstream <\/em>dans le cadre de leur flotte d'avions lourds, ainsi que de deux <em>Falcon 2000.<\/em> Vous pouvez les voir sur leur <a href=\"https:\/\/www.dumontaviation.com\/charter.html\" target=\"_blank\" rel=\"noopener\">site web<\/a>.<\/p>\r\n\r\n\r\n\r\n<h2 class=\"wp-block-heading\"><span class=\"ez-toc-section\" id=\"Company_Safety_Policy_and_Standards\"><\/span>Politique et normes de s\u00e9curit\u00e9 de l'entreprise<span class=\"ez-toc-section-end\"><\/span><\/h2>\r\n\r\n\r\n\r\n<figure class=\"wp-block-image size-full is-style-default\"><img loading=\"lazy\" decoding=\"async\" width=\"1000\" height=\"665\" src=\"https:\/\/comparemyjet.com\/wp-content\/uploads\/2022\/07\/privatejetinterior.jpg\" alt=\"\" class=\"wp-image-3113\" srcset=\"https:\/\/comparemyjet.com\/wp-content\/uploads\/2022\/07\/privatejetinterior-18x12.jpg 18w, https:\/\/comparemyjet.com\/wp-content\/uploads\/2022\/07\/privatejetinterior-300x200.jpg 300w, https:\/\/comparemyjet.com\/wp-content\/uploads\/2022\/07\/privatejetinterior-768x511.jpg 768w, https:\/\/comparemyjet.com\/wp-content\/uploads\/2022\/07\/privatejetinterior.jpg 1000w\" sizes=\"auto, (max-width: 1000px) 100vw, 1000px\" \/><\/figure>\r\n\r\n\r\n\r\n<p>Dumont Aviation Group est une soci\u00e9t\u00e9 d'aviation certifi\u00e9e et bien \u00e9tablie, avec les accr\u00e9ditations suivantes :<\/p>\r\n\r\n\r\n\r\n<ul class=\"wp-block-list\"><li>Certificat de transporteur a\u00e9rien de Dumont ;<\/li><li>Certificat d'op\u00e9rateur d'escadre ;<\/li><li>Certificat IS-BAO ;<\/li><li>Certificat ARGUS Platinum.<\/li><\/ul>\r\n\r\n\r\n\r\n<h2 class=\"wp-block-heading\"><span class=\"ez-toc-section\" id=\"Conclusion\"><\/span>Conclusion<span class=\"ez-toc-section-end\"><\/span><\/h2>\r\n\r\n\r\n\r\n<p>Dumont Aviation Group g\u00e8re tous les aspects de votre voyage pour vous aider \u00e0 atteindre votre destination en toute s\u00e9curit\u00e9, tout en vous assurant un vol agr\u00e9able en cours de route.&nbsp;<\/p>\r\n\r\n\r\n\r\n<p>Il s'agit d'une entreprise bien \u00e9tablie dans le secteur de l'aviation, sp\u00e9cialis\u00e9e dans l'affr\u00e8tement, la vente et l'entretien d'avions, ainsi que dans la gestion et la vente de pi\u00e8ces d\u00e9tach\u00e9es.<\/p>\r\n\r\n\r\n\r\n<p><\/p>","protected":false},"excerpt":{"rendered":"<p>Dumont Aviation Group est un leader \u00e9tabli dans le domaine des avions d'affaires et des jets d'entreprise. Ses professionnels de l'aviation ont de l'exp\u00e9rience dans l'achat d'avions, la location d'avions, la gestion de jets, la maintenance a\u00e9ronautique et la vente d'\u00e9quipements pour avions. Explorons leurs services et voyons ce qu'est Dumont Aviation. Historique de l'entreprise Le Dumont Group est une soci\u00e9t\u00e9 d'aviation priv\u00e9e qui a \u00e9t\u00e9 cr\u00e9\u00e9e ...<\/p>","protected":false},"author":2,"featured_media":3109,"parent":0,"menu_order":0,"comment_status":"closed","ping_status":"closed","template":"","meta":{"_acf_changed":false,"_genesis_hide_title":false,"_genesis_hide_breadcrumbs":false,"_genesis_hide_singular_image":false,"_genesis_hide_footer_widgets":false,"_genesis_custom_body_class":"","_genesis_custom_post_class":"","_genesis_layout":"","footnotes":""},"class_list":{"1":"page","2":"type-page","6":"entry"},"acf":[],"_links":{"self":[{"href":"https:\/\/comparemyjet.com\/fr\/wp-json\/wp\/v2\/pages\/3108","targetHints":{"allow":["GET"]}}],"collection":[{"href":"https:\/\/comparemyjet.com\/fr\/wp-json\/wp\/v2\/pages"}],"about":[{"href":"https:\/\/comparemyjet.com\/fr\/wp-json\/wp\/v2\/types\/page"}],"author":[{"embeddable":true,"href":"https:\/\/comparemyjet.com\/fr\/wp-json\/wp\/v2\/users\/2"}],"replies":[{"embeddable":true,"href":"https:\/\/comparemyjet.com\/fr\/wp-json\/wp\/v2\/comments?post=3108"}],"version-history":[{"count":2,"href":"https:\/\/comparemyjet.com\/fr\/wp-json\/wp\/v2\/pages\/3108\/revisions"}],"predecessor-version":[{"id":3457,"href":"https:\/\/comparemyjet.com\/fr\/wp-json\/wp\/v2\/pages\/3108\/revisions\/3457"}],"wp:featuredmedia":[{"embeddable":true,"href":"https:\/\/comparemyjet.com\/fr\/wp-json\/wp\/v2\/media\/3109"}],"wp:attachment":[{"href":"https:\/\/comparemyjet.com\/fr\/wp-json\/wp\/v2\/media?parent=3108"}],"curies":[{"name":"wp","href":"https:\/\/api.w.org\/{rel}","templated":true}]}}