{"id":3144,"date":"2022-07-23T00:30:19","date_gmt":"2022-07-23T00:30:19","guid":{"rendered":"https:\/\/comparemyjet.com\/?page_id=3144"},"modified":"2025-09-04T09:58:20","modified_gmt":"2025-09-04T09:58:20","slug":"mouche-aeolus","status":"publish","type":"page","link":"https:\/\/comparemyjet.com\/fr\/mouche-aeolus\/","title":{"rendered":"Prix des vols de Fly Aeolus"},"content":{"rendered":"<p>Fly Aeolus est un Belge <a href=\"https:\/\/comparemyjet.com\/fr\/combien-coute-un-taxi-aerien\/\" data-internallinksmanager029f6b8e52c=\"23\" title=\"Combien co\u00fbte un taxi a\u00e9rien ?\">taxi a\u00e9rien<\/a> (charter priv\u00e9) qui op\u00e8re en Europe depuis 2009. L'entreprise est bas\u00e9e \u00e0 Anvers, avec des bureaux \u00e0 <a href=\"https:\/\/comparemyjet.com\/fr\/visites-privees\/berlin-private-tours\/\" data-internallinksmanager029f6b8e52c=\"254\" title=\"11 Best Berlin Private Tours From $68.86\">Berlin<\/a> et Rotterdam.&nbsp;<\/p>\r\n\r\n\r\n\r\n<p>Vous pouvez voler \u00e0 partir de plus de 1 500 a\u00e9roports sur le continent europ\u00e9en \u00e0 bord de l'un de leurs Cirrus SR-22, consid\u00e9r\u00e9 comme l'un des jets monomoteurs les plus s\u00fbrs de l'industrie a\u00e9ronautique. Voyons ce que la compagnie a d'autre \u00e0 offrir.<\/p>\r\n\r\n\r\n\r\n<div id=\"ez-toc-container\" class=\"ez-toc-v2_0_76 counter-hierarchy ez-toc-counter ez-toc-grey ez-toc-container-direction\">\n<p class=\"ez-toc-title\" style=\"cursor:inherit\">Sujets<\/p>\n<label for=\"ez-toc-cssicon-toggle-item-69f227f01f52f\" class=\"ez-toc-cssicon-toggle-label\"><span class=\"\"><span class=\"eztoc-hide\" style=\"display:none;\">Toggle<\/span><span class=\"ez-toc-icon-toggle-span\"><svg style=\"fill: #999;color:#999\" xmlns=\"http:\/\/www.w3.org\/2000\/svg\" class=\"list-377408\" width=\"20px\" height=\"20px\" viewbox=\"0 0 24 24\" fill=\"none\"><path d=\"M6 6H4v2h2V6zm14 0H8v2h12V6zM4 11h2v2H4v-2zm16 0H8v2h12v-2zM4 16h2v2H4v-2zm16 0H8v2h12v-2z\" fill=\"currentColor\"><\/path><\/svg><svg style=\"fill: #999;color:#999\" class=\"arrow-unsorted-368013\" xmlns=\"http:\/\/www.w3.org\/2000\/svg\" width=\"10px\" height=\"10px\" viewbox=\"0 0 24 24\" version=\"1.2\" baseprofile=\"tiny\"><path d=\"M18.2 9.3l-6.2-6.3-6.2 6.3c-.2.2-.3.4-.3.7s.1.5.3.7c.2.2.4.3.7.3h11c.3 0 .5-.1.7-.3.2-.2.3-.5.3-.7s-.1-.5-.3-.7zM5.8 14.7l6.2 6.3 6.2-6.3c.2-.2.3-.5.3-.7s-.1-.5-.3-.7c-.2-.2-.4-.3-.7-.3h-11c-.3 0-.5.1-.7.3-.2.2-.3.5-.3.7s.1.5.3.7z\"\/><\/svg><\/span><\/span><\/label><input type=\"checkbox\"  id=\"ez-toc-cssicon-toggle-item-69f227f01f52f\" checked aria-label=\"Toggle\" \/><nav><ul class='ez-toc-list ez-toc-list-level-1' ><li class='ez-toc-page-1 ez-toc-heading-level-2'><a class=\"ez-toc-link ez-toc-heading-1\" href=\"https:\/\/comparemyjet.com\/fr\/mouche-aeolus\/#Company_History\" >Histoire de l'entreprise<\/a><\/li><li class='ez-toc-page-1 ez-toc-heading-level-2'><a class=\"ez-toc-link ez-toc-heading-2\" href=\"https:\/\/comparemyjet.com\/fr\/mouche-aeolus\/#Pricing\" >Fixation des prix<\/a><\/li><li class='ez-toc-page-1 ez-toc-heading-level-2'><a class=\"ez-toc-link ez-toc-heading-3\" href=\"https:\/\/comparemyjet.com\/fr\/mouche-aeolus\/#Membership_Programs\" >Programmes d'adh\u00e9sion<\/a><ul class='ez-toc-list-level-3' ><li class='ez-toc-heading-level-3'><a class=\"ez-toc-link ez-toc-heading-4\" href=\"https:\/\/comparemyjet.com\/fr\/mouche-aeolus\/#Pay_As_You_Fly\" >Payez comme vous volez<\/a><\/li><li class='ez-toc-page-1 ez-toc-heading-level-3'><a class=\"ez-toc-link ez-toc-heading-5\" href=\"https:\/\/comparemyjet.com\/fr\/mouche-aeolus\/#Personal_Membership\" >Adh\u00e9sion personnelle<\/a><\/li><li class='ez-toc-page-1 ez-toc-heading-level-3'><a class=\"ez-toc-link ez-toc-heading-6\" href=\"https:\/\/comparemyjet.com\/fr\/mouche-aeolus\/#Business_Membership\" >Adh\u00e9sion commerciale<\/a><\/li><\/ul><\/li><li class='ez-toc-page-1 ez-toc-heading-level-2'><a class=\"ez-toc-link ez-toc-heading-7\" href=\"https:\/\/comparemyjet.com\/fr\/mouche-aeolus\/#The_Fleet\" >La flotte&nbsp;<\/a><ul class='ez-toc-list-level-3' ><li class='ez-toc-heading-level-3'><a class=\"ez-toc-link ez-toc-heading-8\" href=\"https:\/\/comparemyjet.com\/fr\/mouche-aeolus\/#1_Light_Private_Jets\" >1. Jets priv\u00e9s l\u00e9gers<\/a><ul class='ez-toc-list-level-4' ><li class='ez-toc-heading-level-4'><a class=\"ez-toc-link ez-toc-heading-9\" href=\"https:\/\/comparemyjet.com\/fr\/mouche-aeolus\/#Our_Recommendation_The_Cirrus_SR22\" >Notre recommandation : Le Cirrus SR22<\/a><\/li><\/ul><\/li><\/ul><\/li><li class='ez-toc-page-1 ez-toc-heading-level-2'><a class=\"ez-toc-link ez-toc-heading-10\" href=\"https:\/\/comparemyjet.com\/fr\/mouche-aeolus\/#Cancellation_Insurance\" >Assurance annulation<\/a><\/li><li class='ez-toc-page-1 ez-toc-heading-level-2'><a class=\"ez-toc-link ez-toc-heading-11\" href=\"https:\/\/comparemyjet.com\/fr\/mouche-aeolus\/#De-icing_Insurance\" >Assurance d\u00e9givrage<\/a><\/li><li class='ez-toc-page-1 ez-toc-heading-level-2'><a class=\"ez-toc-link ez-toc-heading-12\" href=\"https:\/\/comparemyjet.com\/fr\/mouche-aeolus\/#Fly_Aeolus_Taxi_Service\" >Service de taxi de Fly Aeolus<\/a><\/li><li class='ez-toc-page-1 ez-toc-heading-level-2'><a class=\"ez-toc-link ez-toc-heading-13\" href=\"https:\/\/comparemyjet.com\/fr\/mouche-aeolus\/#Pet_Policy\" >Politique relative aux animaux de compagnie<\/a><\/li><li class='ez-toc-page-1 ez-toc-heading-level-2'><a class=\"ez-toc-link ez-toc-heading-14\" href=\"https:\/\/comparemyjet.com\/fr\/mouche-aeolus\/#Company_Safety_Policy_and_Standards\" >Politique et normes de s\u00e9curit\u00e9 de l'entreprise<\/a><\/li><li class='ez-toc-page-1 ez-toc-heading-level-2'><a class=\"ez-toc-link ez-toc-heading-15\" href=\"https:\/\/comparemyjet.com\/fr\/mouche-aeolus\/#Company_Staff\" >Personnel de l'entreprise<\/a><\/li><li class='ez-toc-page-1 ez-toc-heading-level-2'><a class=\"ez-toc-link ez-toc-heading-16\" href=\"https:\/\/comparemyjet.com\/fr\/mouche-aeolus\/#Conclusion\" >Conclusion<\/a><\/li><\/ul><\/nav><\/div>\n<h2 class=\"wp-block-heading\"><span class=\"ez-toc-section\" id=\"Company_History\"><\/span>Histoire de l'entreprise<span class=\"ez-toc-section-end\"><\/span><\/h2>\r\n\r\n\r\n\r\n<p>Fly Aeolus a \u00e9t\u00e9 cr\u00e9\u00e9e en 2009 par les cofondateurs et passionn\u00e9s d'aviation Stefaan Ghijs et Vincent Wigmans. M. Ghijs est titulaire d'une ma\u00eetrise en ing\u00e9nierie a\u00e9ronautique, tandis que M. Wigmans avait de l'exp\u00e9rience dans le secteur de la r\u00e9paration d'avions priv\u00e9s.&nbsp;<\/p>\r\n\r\n\r\n\r\n<p>Le premier vol de la compagnie a eu lieu d'Anvers, en Belgique, \u00e0 Vichy, en France, en 2011. Fly Aeolus a rapidement \u00e9tendu sa zone d'activit\u00e9 \u00e0 l'ensemble du continent, en commen\u00e7ant par des destinations en Allemagne et aux Pays-Bas.&nbsp;<\/p>\r\n\r\n\r\n\r\n<p>En 2015, Fly Aeolus a \u00e9tabli un partenariat avec la soci\u00e9t\u00e9 belge de taxi a\u00e9rien SkyCab, tandis qu'en 2019, ils ont fond\u00e9 Fly Aeolus Aircraft Sales and Acquisitions, une nouvelle branche de Fly Aeolus.<\/p>\r\n\r\n\r\n\r\n<p>Un accord de propri\u00e9t\u00e9 fractionn\u00e9e constitue la base du service de la soci\u00e9t\u00e9. Les propri\u00e9taires priv\u00e9s mettent leurs avions \u00e0 disposition pour la location et re\u00e7oivent une commission pour chaque heure de vol.&nbsp;<\/p>\r\n\r\n\r\n\r\n<h2 class=\"wp-block-heading\"><span class=\"ez-toc-section\" id=\"Pricing\"><\/span>Fixation des prix<span class=\"ez-toc-section-end\"><\/span><\/h2>\r\n\r\n\r\n\r\n<p>Fly Aeolus facture un tarif forfaitaire pour tous les vols. Le prix est d\u00e9termin\u00e9 en fonction de votre itin\u00e9raire de voyage - les circonstances de votre voyage, les heures de vol, et si c'est un aller simple ou un aller-retour. Si vous voulez d\u00e9penser moins, le mieux est de r\u00e9server un aller-retour le m\u00eame jour, et vous pouvez toujours partager le vol et diviser le co\u00fbt en faisant venir des compagnons de voyage.<\/p>\r\n\r\n\r\n\r\n<p>Fly Aeolus est g\u00e9r\u00e9 sur la base d'une propri\u00e9t\u00e9 partag\u00e9e. La soci\u00e9t\u00e9 facture un droit d'entr\u00e9e de 995,00 \u20ac (hors TVA) aux nouveaux clients, faisant d'eux les actionnaires d'un avion de la flotte Fly Aeolus. Si vous d\u00e9cidez de ne pas utiliser leurs services apr\u00e8s l'inscription, Fly Aeolus vous remboursera les frais moins 150 \u20ac de frais administratifs. Vous pouvez effectuer un vol d'essai avant l'enregistrement pour d\u00e9couvrir le jet et voir s'il correspond \u00e0 ce que vous recherchez.<\/p>\r\n\r\n\r\n\r\n<h2 class=\"wp-block-heading\"><span class=\"ez-toc-section\" id=\"Membership_Programs\"><\/span>Programmes d'adh\u00e9sion<span class=\"ez-toc-section-end\"><\/span><\/h2>\r\n\r\n\r\n\r\n<p>Les programmes d'adh\u00e9sion \u00e0 Fly Aeolus visent \u00e0 faire \u00e9conomiser de l'argent et du temps aux passagers pour les vols continentaux, puisque tous les jets et les pilotes sont d\u00e9j\u00e0 situ\u00e9s en Europe. Ils permettent aux membres d'\u00e9conomiser 5-10% sur les vols par rapport au co\u00fbt de d\u00e9tail pour les non-membres. Examinons-les bri\u00e8vement.<\/p>\r\n\r\n\r\n\r\n<h3 class=\"wp-block-heading\"><span class=\"ez-toc-section\" id=\"Pay_As_You_Fly\"><\/span>Payez comme vous volez<span class=\"ez-toc-section-end\"><\/span><\/h3>\r\n\r\n\r\n\r\n<p>Vous n'avez pas besoin d'\u00eatre membre pour voler avec le Cirrus SR-22 ; il existe une option de paiement \u00e0 la vol\u00e9e. Fly Aeolus dispose d'un calculateur en ligne qui vous aidera \u00e0 planifier et \u00e0 r\u00e9server votre prochain voyage, auquel vous pouvez acc\u00e9der en suivant ce lien <a href=\"https:\/\/flyaeolus.com\/plan-book\/\" target=\"_blank\" rel=\"noopener\">lien<\/a> pour des informations plus d\u00e9taill\u00e9es.<\/p>\r\n\r\n\r\n\r\n<h3 class=\"wp-block-heading\"><span class=\"ez-toc-section\" id=\"Personal_Membership\"><\/span>Adh\u00e9sion personnelle<span class=\"ez-toc-section-end\"><\/span><\/h3>\r\n\r\n\r\n\r\n<p>Le programme Personal Membership est con\u00e7u pour les voyageurs r\u00e9guliers. Avec ce programme, vous b\u00e9n\u00e9ficiez d'une r\u00e9duction de 5% sur chaque vol, ainsi que d'une assurance annulation incluse dans le prix.&nbsp;<\/p>\r\n\r\n\r\n\r\n<h3 class=\"wp-block-heading\"><span class=\"ez-toc-section\" id=\"Business_Membership\"><\/span>Adh\u00e9sion commerciale<span class=\"ez-toc-section-end\"><\/span><\/h3>\r\n\r\n\r\n\r\n<p>Fly Aeolus propose le programme Business Membership pour les voyageurs fr\u00e9quents. Une cotisation mensuelle de 100,00 \u20ac est n\u00e9cessaire pour devenir membre. Vous b\u00e9n\u00e9ficierez d'une r\u00e9duction de 10% sur tous vos vols, ainsi que d'une assurance annulation et d'une assistance \u00e0 la r\u00e9servation de taxi, le tout inclus dans le prix.<\/p>\r\n\r\n\r\n\r\n<h2 class=\"wp-block-heading\"><span class=\"ez-toc-section\" id=\"The_Fleet\"><\/span>La flotte&nbsp;<span class=\"ez-toc-section-end\"><\/span><\/h2>\r\n\r\n\r\n\r\n<figure class=\"wp-block-image size-full is-style-default\"><img loading=\"lazy\" decoding=\"async\" width=\"1000\" height=\"667\" src=\"https:\/\/comparemyjet.com\/wp-content\/uploads\/2022\/07\/The-Cirrus-SR22.jpg\" alt=\"Fly Aeolus\" class=\"wp-image-3145\" srcset=\"https:\/\/comparemyjet.com\/wp-content\/uploads\/2022\/07\/The-Cirrus-SR22-18x12.jpg 18w, https:\/\/comparemyjet.com\/wp-content\/uploads\/2022\/07\/The-Cirrus-SR22-300x200.jpg 300w, https:\/\/comparemyjet.com\/wp-content\/uploads\/2022\/07\/The-Cirrus-SR22-768x512.jpg 768w, https:\/\/comparemyjet.com\/wp-content\/uploads\/2022\/07\/The-Cirrus-SR22.jpg 1000w\" sizes=\"auto, (max-width: 1000px) 100vw, 1000px\" \/><\/figure>\r\n\r\n\r\n\r\n<p>Fly Aeolus poss\u00e8de une flotte compos\u00e9e uniquement d'avions Cirrus SR-22. Et ce n'est pas une co\u00efncidence : ces avions sont consid\u00e9r\u00e9s comme l'un des monomoteurs les plus s\u00fbrs de l'industrie a\u00e9ronautique par la COPA (Cirrus Owners &amp; Pilots Association) et l'AOPA (Aircraft Owners &amp; Pilots Association), gr\u00e2ce au syst\u00e8me de parachute de la cellule Cirrus. Fly Aeolus est le plus grand fournisseur de Cirrus en Europe, avec 15 avions SR-22 en service, chacun pouvant transporter jusqu'\u00e0 trois passagers.&nbsp;<\/p>\r\n\r\n\r\n\r\n<h3 class=\"wp-block-heading\"><span class=\"ez-toc-section\" id=\"1_Light_Private_Jets\"><\/span>1. Jets priv\u00e9s l\u00e9gers<span class=\"ez-toc-section-end\"><\/span><\/h3>\r\n\r\n\r\n\r\n<p>Les jets priv\u00e9s l\u00e9gers sont parfaits pour se rendre dans les petits a\u00e9roports et les endroits difficiles d'acc\u00e8s, ce qui vous permet de visiter des montagnes inaccessibles et de belles plages.<\/p>\r\n\r\n\r\n\r\n<h4 class=\"wp-block-heading\"><span class=\"ez-toc-section\" id=\"Our_Recommendation_The_Cirrus_SR22\"><\/span>Notre recommandation : Le Cirrus SR22<span class=\"ez-toc-section-end\"><\/span><\/h4>\r\n\r\n\r\n\r\n<p>Le Cirrus SR22 est un avion \u00e0 r\u00e9action en composite fabriqu\u00e9 par la soci\u00e9t\u00e9 Cirrus Aircraft en 2001. Il s'agit d'une variante plus puissante du Cirrus CIRRUS SR-20, dot\u00e9e d'une aile plus grande et d'une capacit\u00e9 de carburant accrue, avec un train d'atterrissage fixe.<\/p>\r\n\r\n\r\n\r\n<p>Il s'agit d'un avion \u00e0 quatre places (1 pilote et trois passagers), con\u00e7u pour atterrir sur des a\u00e9roports locaux. Le Cirrus SR22 donne acc\u00e8s \u00e0 plus de 1 500 a\u00e9roports en Europe, ce qui vous permet d'atterrir sur des a\u00e9roports locaux que les vols commerciaux visitent rarement.&nbsp;<\/p>\r\n\r\n\r\n\r\n<p>Les avions Cirrus ont une capacit\u00e9 de bagages de 10 kilogrammes par passager et sont les seuls avions dot\u00e9s d'un syst\u00e8me de parachute de secours pour l'ensemble de l'appareil en \u00e9quipement standard.<\/p>\r\n\r\n\r\n\r\n<p>Sp\u00e9cifications :<\/p>\r\n\r\n\r\n\r\n<ul class=\"wp-block-list\"><li>Passagers : 3 ;<\/li><li>Largeur de la cabine : 4 ft 1 in ;<\/li><li>Volume de l'habitacle : 137 pi3 ;<\/li><li>Hauteur de la cabine : 4 ft 2 in ;<\/li><li>Longueur de la cabine : 8 ft ;<\/li><li>Bagages int\u00e9rieurs : 32 pi3 ;<\/li><li>Vitesse maximale : 186 kts ;<\/li><li>Plage maximale : 1100 nm ;<\/li><li>Equipage : 1 ;<\/li><li>Pas de toilettes ;<\/li><li>Pas de WiFi.<\/li><\/ul>\r\n\r\n\r\n\r\n<h2 class=\"wp-block-heading\"><span class=\"ez-toc-section\" id=\"Cancellation_Insurance\"><\/span>Assurance annulation<span class=\"ez-toc-section-end\"><\/span><\/h2>\r\n\r\n\r\n\r\n<p>Fly Aeolus propose une assurance annulation, qui co\u00fbte 200 \u20ac (hors taxe sur la valeur ajout\u00e9e), et qui vous permet d'annuler ou de reporter votre vol si vos projets sont perturb\u00e9s par un \u00e9v\u00e9nement impr\u00e9vu.&nbsp;<\/p>\r\n\r\n\r\n\r\n<p>Si vous ne souhaitez pas payer le co\u00fbt de l'assurance annulation et que votre vol est annul\u00e9 ou report\u00e9 apr\u00e8s confirmation, vous serez soumis \u00e0 des frais suppl\u00e9mentaires. Si vous annulez votre vol entre 7 jours et 24 heures avant l'heure de d\u00e9part pr\u00e9vue, Fly Aeolus vous facturera des frais de 25% du total des frais de vol. Si l'annulation a lieu entre 24 et 5 heures avant le vol, la compagnie facturera des frais d'annulation de 50% du montant total du vol. Des frais d'annulation de 100% du montant total du vol seront factur\u00e9s si vous annulez moins de 5 heures avant l'heure de d\u00e9part pr\u00e9vue ou si vous ne vous pr\u00e9sentez pas.<\/p>\r\n\r\n\r\n\r\n<h2 class=\"wp-block-heading\"><span class=\"ez-toc-section\" id=\"De-icing_Insurance\"><\/span>Assurance d\u00e9givrage<span class=\"ez-toc-section-end\"><\/span><\/h2>\r\n\r\n\r\n\r\n<figure class=\"wp-block-image size-full is-style-default\"><img loading=\"lazy\" decoding=\"async\" width=\"1000\" height=\"667\" src=\"https:\/\/comparemyjet.com\/wp-content\/uploads\/2022\/07\/De-icing-Insurance.jpg\" alt=\"\" class=\"wp-image-3146\" srcset=\"https:\/\/comparemyjet.com\/wp-content\/uploads\/2022\/07\/De-icing-Insurance-18x12.jpg 18w, https:\/\/comparemyjet.com\/wp-content\/uploads\/2022\/07\/De-icing-Insurance-300x200.jpg 300w, https:\/\/comparemyjet.com\/wp-content\/uploads\/2022\/07\/De-icing-Insurance-768x512.jpg 768w, https:\/\/comparemyjet.com\/wp-content\/uploads\/2022\/07\/De-icing-Insurance.jpg 1000w\" sizes=\"auto, (max-width: 1000px) 100vw, 1000px\" \/><\/figure>\r\n\r\n\r\n\r\n<p>Ce type d'assurance sera tr\u00e8s utile, surtout pendant les mois les plus froids. Fly Aeolus vous conseille de prendre ce service avant le d\u00e9collage.&nbsp;<\/p>\r\n\r\n\r\n\r\n<p>Pendant l'hiver, le taxi a\u00e9rien peut \u00eatre recouvert de glace ou de neige, et il faut nettoyer la glace et la neige avant de pouvoir d\u00e9coller. Les co\u00fbts associ\u00e9s sont difficiles \u00e0 pr\u00e9voir, c'est pourquoi la compagnie propose quelques options d'assurance d\u00e9givrage en fonction du danger de givrage pour vous rassurer.<\/p>\r\n\r\n\r\n\r\n<ul class=\"wp-block-list\"><li>Jusqu'\u00e0 cinq jours avant le d\u00e9part, l'assurance d\u00e9givrage vous co\u00fbtera 150,00 \u20ac (hors TVA) pour un vol aller simple.<\/li><li>Entre 5 et 72 heures avant le d\u00e9part, cette assurance vous co\u00fbtera 250,00 \u20ac (hors TVA) pour un aller simple.<\/li><li>Entre 72 et 24 heures avant le d\u00e9part, vous devrez payer jusqu'\u00e0 350,00 \u20ac (hors TVA) pour une assurance d\u00e9givrage aller simple.<\/li><\/ul>\r\n\r\n\r\n\r\n<p>Si vous ne choisissez pas l'une des options ci-dessus, tous les frais de d\u00e9givrage n\u00e9cessaires vous seront factur\u00e9s apr\u00e8s le voyage.<\/p>\r\n\r\n\r\n\r\n<h2 class=\"wp-block-heading\"><span class=\"ez-toc-section\" id=\"Fly_Aeolus_Taxi_Service\"><\/span>Service de taxi de Fly Aeolus<span class=\"ez-toc-section-end\"><\/span><\/h2>\r\n\r\n\r\n\r\n<p>Fly Aeolus peut faire une r\u00e9servation de taxi pour vous aupr\u00e8s de l'un de ses partenaires fr\u00e9quents. Indiquez-leur votre destination et ils s'assureront que le taxi vous attendra \u00e0 votre arriv\u00e9e \u00e0 l'a\u00e9roport. Si quelqu'un vient vous chercher \u00e0 l'a\u00e9roport, la soci\u00e9t\u00e9 propose d'envoyer les donn\u00e9es sp\u00e9cifiques de votre vol afin que vos amis ou votre famille puissent suivre le taxi a\u00e9rien en temps r\u00e9el.<\/p>\r\n\r\n\r\n\r\n<h2 class=\"wp-block-heading\"><span class=\"ez-toc-section\" id=\"Pet_Policy\"><\/span>Politique relative aux animaux de compagnie<span class=\"ez-toc-section-end\"><\/span><\/h2>\r\n\r\n\r\n\r\n<p>Sur les vols commerciaux, vous pouvez amener votre animal de compagnie dans l'avion si la longueur de la cage est inf\u00e9rieure \u00e0 47 cm, sa largeur inf\u00e9rieure \u00e0 30 cm et sa hauteur inf\u00e9rieure \u00e0 27 cm. L'animal doit \u00e9galement se trouver sous votre si\u00e8ge dans une cage de transport d\u00e9sign\u00e9e et ne pas peser plus de 10 kilogrammes. Pour des raisons de s\u00e9curit\u00e9, vous ne pouvez pas ouvrir la cage de transport ni la d\u00e9placer. Cela semble \u00eatre le principal inconv\u00e9nient de la compagnie par rapport \u00e0 d'autres compagnies charter priv\u00e9es, mais c'est tout de m\u00eame pr\u00e9f\u00e9rable \u00e0 l'utilisation de la soute \u00e0 bagages sur un vol commercial.<\/p>\r\n\r\n\r\n\r\n<p>Emmener votre animal de compagnie sur votre vol priv\u00e9 est une toute autre histoire. Fly Aeolus traite tout animal de compagnie qui vole avec eux comme un invit\u00e9, en veillant \u00e0 ce que votre animal b\u00e9n\u00e9ficie d'un voyage calme et agr\u00e9able.<\/p>\r\n\r\n\r\n\r\n<p>Votre animal ne sera pas emprisonn\u00e9 dans le compartiment \u00e0 bagages ; il pourra se blottir contre vous sur une couverture, et vous pourrez \u00eatre s\u00fbr que votre animal est confortable et en s\u00e9curit\u00e9.&nbsp;<\/p>\r\n\r\n\r\n\r\n<p>Bien que vous puissiez voyager avec votre animal de compagnie, un tel voyage implique une certaine planification pr\u00e9alable. <a href=\"https:\/\/flyaeolus.com\/blog\/pet-travel-private-jet-air-taxi\/\" target=\"_blank\" rel=\"noopener\">lien<\/a> pour des informations suppl\u00e9mentaires sur le transport de votre animal avec Aeolus.<\/p>\r\n\r\n\r\n\r\n<h2 class=\"wp-block-heading\"><span class=\"ez-toc-section\" id=\"Company_Safety_Policy_and_Standards\"><\/span>Politique et normes de s\u00e9curit\u00e9 de l'entreprise<span class=\"ez-toc-section-end\"><\/span><\/h2>\r\n\r\n\r\n\r\n<p>Tous leurs avions sont examin\u00e9s r\u00e9guli\u00e8rement et les pilotes subissent un contr\u00f4le m\u00e9dical annuel. En outre, tous les avions sont \u00e9quip\u00e9s d'un CAPS (Cirrus Airframe Parachute System), qui est un syst\u00e8me de r\u00e9cup\u00e9ration balistique par parachute construit exclusivement pour les avions Cirrus.<\/p>\r\n\r\n\r\n\r\n<h2 class=\"wp-block-heading\"><span class=\"ez-toc-section\" id=\"Company_Staff\"><\/span>Personnel de l'entreprise<span class=\"ez-toc-section-end\"><\/span><\/h2>\r\n\r\n\r\n\r\n<p>Le personnel d'Aeolus comprend des experts issus de divers domaines de l'aviation d'affaires ainsi que des pilotes et instructeurs Cirrus qualifi\u00e9s. Tous les pilotes de Fly Aeolus sont titulaires d'une licence de pilote professionnel (CPL) ou d'une licence de pilote de ligne (ATPL), ont 500 heures de vol ou plus, et ont suivi le programme de formation Cirrus SR22.&nbsp;<\/p>\r\n\r\n\r\n\r\n<h2 class=\"wp-block-heading\"><span class=\"ez-toc-section\" id=\"Conclusion\"><\/span>Conclusion<span class=\"ez-toc-section-end\"><\/span><\/h2>\r\n\r\n\r\n\r\n<figure class=\"wp-block-image size-full is-style-default\"><img loading=\"lazy\" decoding=\"async\" width=\"1000\" height=\"667\" src=\"https:\/\/comparemyjet.com\/wp-content\/uploads\/2022\/07\/cute.dog_.dressed.as_.a.pilot_.standing.infront.of_.a.jet_.jpg\" alt=\"\" class=\"wp-image-3147\" srcset=\"https:\/\/comparemyjet.com\/wp-content\/uploads\/2022\/07\/cute.dog_.dressed.as_.a.pilot_.standing.infront.of_.a.jet_-18x12.jpg 18w, https:\/\/comparemyjet.com\/wp-content\/uploads\/2022\/07\/cute.dog_.dressed.as_.a.pilot_.standing.infront.of_.a.jet_-300x200.jpg 300w, https:\/\/comparemyjet.com\/wp-content\/uploads\/2022\/07\/cute.dog_.dressed.as_.a.pilot_.standing.infront.of_.a.jet_-768x512.jpg 768w, https:\/\/comparemyjet.com\/wp-content\/uploads\/2022\/07\/cute.dog_.dressed.as_.a.pilot_.standing.infront.of_.a.jet_.jpg 1000w\" sizes=\"auto, (max-width: 1000px) 100vw, 1000px\" \/><\/figure>\r\n\r\n\r\n\r\n<p>Fly Aeolus est la premi\u00e8re entreprise en Europe \u00e0 utiliser un mod\u00e8le de propri\u00e9t\u00e9 fractionn\u00e9e pour fournir des services de taxi a\u00e9rien utilisant des avions \u00e0 piston unique. L'entreprise propose \u00e9galement trois programmes distincts de cartes de jet et donne acc\u00e8s \u00e0 plus de 1 000 petits a\u00e9roports en Europe gr\u00e2ce \u00e0 sa flotte de Cirrus SR22. Si vous voulez faire du tourisme ou si vous voyagez avec seulement quelques compagnons, Fly Aeolus est votre service de taxi a\u00e9rien.&nbsp;<\/p>","protected":false},"excerpt":{"rendered":"<p>Fly Aeolus est un service belge de taxi a\u00e9rien (charter priv\u00e9) qui op\u00e8re en Europe depuis 2009. La soci\u00e9t\u00e9 est bas\u00e9e \u00e0 Anvers, avec des bureaux \u00e0 Berlin et Rotterdam.  Vous pouvez voler \u00e0 partir de plus de 1 500 a\u00e9roports \u00e0 travers le continent europ\u00e9en dans l'un de leurs avions Cirrus SR-22 qui sont consid\u00e9r\u00e9s comme l'un des jets monomoteurs les plus s\u00fbrs en ...<\/p>","protected":false},"author":2,"featured_media":3098,"parent":0,"menu_order":0,"comment_status":"closed","ping_status":"closed","template":"","meta":{"_acf_changed":false,"_genesis_hide_title":false,"_genesis_hide_breadcrumbs":false,"_genesis_hide_singular_image":false,"_genesis_hide_footer_widgets":false,"_genesis_custom_body_class":"","_genesis_custom_post_class":"","_genesis_layout":"","footnotes":""},"class_list":{"1":"page","2":"type-page","6":"entry"},"acf":[],"_links":{"self":[{"href":"https:\/\/comparemyjet.com\/fr\/wp-json\/wp\/v2\/pages\/3144","targetHints":{"allow":["GET"]}}],"collection":[{"href":"https:\/\/comparemyjet.com\/fr\/wp-json\/wp\/v2\/pages"}],"about":[{"href":"https:\/\/comparemyjet.com\/fr\/wp-json\/wp\/v2\/types\/page"}],"author":[{"embeddable":true,"href":"https:\/\/comparemyjet.com\/fr\/wp-json\/wp\/v2\/users\/2"}],"replies":[{"embeddable":true,"href":"https:\/\/comparemyjet.com\/fr\/wp-json\/wp\/v2\/comments?post=3144"}],"version-history":[{"count":2,"href":"https:\/\/comparemyjet.com\/fr\/wp-json\/wp\/v2\/pages\/3144\/revisions"}],"predecessor-version":[{"id":3444,"href":"https:\/\/comparemyjet.com\/fr\/wp-json\/wp\/v2\/pages\/3144\/revisions\/3444"}],"wp:featuredmedia":[{"embeddable":true,"href":"https:\/\/comparemyjet.com\/fr\/wp-json\/wp\/v2\/media\/3098"}],"wp:attachment":[{"href":"https:\/\/comparemyjet.com\/fr\/wp-json\/wp\/v2\/media?parent=3144"}],"curies":[{"name":"wp","href":"https:\/\/api.w.org\/{rel}","templated":true}]}}