{"id":3172,"date":"2022-08-10T21:51:12","date_gmt":"2022-08-10T21:51:12","guid":{"rendered":"https:\/\/comparemyjet.com\/?page_id=3172"},"modified":"2025-09-04T09:58:21","modified_gmt":"2025-09-04T09:58:21","slug":"marelle-air","status":"publish","type":"page","link":"https:\/\/comparemyjet.com\/fr\/marelle-air\/","title":{"rendered":"Prix des vols Hopscotch Air"},"content":{"rendered":"<p>Hopscotch Air est une entreprise d'avant-garde. <a href=\"https:\/\/comparemyjet.com\/fr\/combien-coute-un-taxi-aerien\/\" data-internallinksmanager029f6b8e52c=\"23\" title=\"Combien co\u00fbte un taxi a\u00e9rien ?\">taxi a\u00e9rien<\/a> qui transporte des passagers dans le Nord-Est, le centre de l'Atlantique et le Canada \u00e0 bord de Cirrus Aircraft, petits mais technologiquement sophistiqu\u00e9s. La soci\u00e9t\u00e9 a \u00e9t\u00e9 certifi\u00e9e en 2009 et effectue aujourd'hui environ 1400 voyages par an, pour une fraction du co\u00fbt des vols charter r\u00e9guliers, principalement en raison de l'\u00e9conomie de l'avion.<\/p>\r\n\r\n\r\n\r\n<p>Hopscotch Air est un pionnier des services de taxi a\u00e9rien par petits avions dans le Nord-Est et pr\u00e9voit de proposer de nouveaux services a\u00e9riens r\u00e9gionaux vers des lieux populaires du Nord-Est d'ici la fin 2022.&nbsp;<\/p>\r\n\r\n\r\n\r\n<div id=\"ez-toc-container\" class=\"ez-toc-v2_0_76 counter-hierarchy ez-toc-counter ez-toc-grey ez-toc-container-direction\">\n<p class=\"ez-toc-title\" style=\"cursor:inherit\">Sujets<\/p>\n<label for=\"ez-toc-cssicon-toggle-item-69f168c0e66ad\" class=\"ez-toc-cssicon-toggle-label\"><span class=\"\"><span class=\"eztoc-hide\" style=\"display:none;\">Toggle<\/span><span class=\"ez-toc-icon-toggle-span\"><svg style=\"fill: #999;color:#999\" xmlns=\"http:\/\/www.w3.org\/2000\/svg\" class=\"list-377408\" width=\"20px\" height=\"20px\" viewbox=\"0 0 24 24\" fill=\"none\"><path d=\"M6 6H4v2h2V6zm14 0H8v2h12V6zM4 11h2v2H4v-2zm16 0H8v2h12v-2zM4 16h2v2H4v-2zm16 0H8v2h12v-2z\" fill=\"currentColor\"><\/path><\/svg><svg style=\"fill: #999;color:#999\" class=\"arrow-unsorted-368013\" xmlns=\"http:\/\/www.w3.org\/2000\/svg\" width=\"10px\" height=\"10px\" viewbox=\"0 0 24 24\" version=\"1.2\" baseprofile=\"tiny\"><path d=\"M18.2 9.3l-6.2-6.3-6.2 6.3c-.2.2-.3.4-.3.7s.1.5.3.7c.2.2.4.3.7.3h11c.3 0 .5-.1.7-.3.2-.2.3-.5.3-.7s-.1-.5-.3-.7zM5.8 14.7l6.2 6.3 6.2-6.3c.2-.2.3-.5.3-.7s-.1-.5-.3-.7c-.2-.2-.4-.3-.7-.3h-11c-.3 0-.5.1-.7.3-.2.2-.3.5-.3.7s.1.5.3.7z\"\/><\/svg><\/span><\/span><\/label><input type=\"checkbox\"  id=\"ez-toc-cssicon-toggle-item-69f168c0e66ad\" checked aria-label=\"Toggle\" \/><nav><ul class='ez-toc-list ez-toc-list-level-1' ><li class='ez-toc-page-1 ez-toc-heading-level-2'><a class=\"ez-toc-link ez-toc-heading-1\" href=\"https:\/\/comparemyjet.com\/fr\/marelle-air\/#About_the_Company\" >\u00c0 propos de l'entreprise<\/a><\/li><li class='ez-toc-page-1 ez-toc-heading-level-2'><a class=\"ez-toc-link ez-toc-heading-2\" href=\"https:\/\/comparemyjet.com\/fr\/marelle-air\/#Membership_Programs\" >Programmes d'adh\u00e9sion<\/a><ul class='ez-toc-list-level-3' ><li class='ez-toc-heading-level-3'><a class=\"ez-toc-link ez-toc-heading-3\" href=\"https:\/\/comparemyjet.com\/fr\/marelle-air\/#ClubScotch\" >ClubScotch<\/a><\/li><\/ul><\/li><li class='ez-toc-page-1 ez-toc-heading-level-2'><a class=\"ez-toc-link ez-toc-heading-4\" href=\"https:\/\/comparemyjet.com\/fr\/marelle-air\/#Destinations_and_Pricing\" >Destinations et prix<\/a><\/li><li class='ez-toc-page-1 ez-toc-heading-level-2'><a class=\"ez-toc-link ez-toc-heading-5\" href=\"https:\/\/comparemyjet.com\/fr\/marelle-air\/#The_Fleet\" >La flotte&nbsp;<\/a><ul class='ez-toc-list-level-3' ><li class='ez-toc-heading-level-3'><a class=\"ez-toc-link ez-toc-heading-6\" href=\"https:\/\/comparemyjet.com\/fr\/marelle-air\/#1_Very_Light_Jets\" >1. Jets tr\u00e8s l\u00e9gers<\/a><ul class='ez-toc-list-level-4' ><li class='ez-toc-heading-level-4'><a class=\"ez-toc-link ez-toc-heading-7\" href=\"https:\/\/comparemyjet.com\/fr\/marelle-air\/#Our_Recommendation_The_Cirrus_SR20\" >Notre recommandation : Le Cirrus SR20&nbsp;<\/a><\/li><li class='ez-toc-page-1 ez-toc-heading-level-4'><a class=\"ez-toc-link ez-toc-heading-8\" href=\"https:\/\/comparemyjet.com\/fr\/marelle-air\/#Our_Recommendation_The_Cirrus_SR22\" >Notre recommandation : Le Cirrus SR22<\/a><\/li><\/ul><\/li><\/ul><\/li><li class='ez-toc-page-1 ez-toc-heading-level-2'><a class=\"ez-toc-link ez-toc-heading-9\" href=\"https:\/\/comparemyjet.com\/fr\/marelle-air\/#Company_Safety_Policy_and_Standards\" >Politique et normes de s\u00e9curit\u00e9 de l'entreprise&nbsp;<\/a><\/li><li class='ez-toc-page-1 ez-toc-heading-level-2'><a class=\"ez-toc-link ez-toc-heading-10\" href=\"https:\/\/comparemyjet.com\/fr\/marelle-air\/#Partnerships\" >Partenariats<\/a><\/li><li class='ez-toc-page-1 ez-toc-heading-level-2'><a class=\"ez-toc-link ez-toc-heading-11\" href=\"https:\/\/comparemyjet.com\/fr\/marelle-air\/#Conclusion\" >Conclusion<\/a><\/li><\/ul><\/nav><\/div>\n<h2 class=\"wp-block-heading\"><span class=\"ez-toc-section\" id=\"About_the_Company\"><\/span>\u00c0 propos de l'entreprise<span class=\"ez-toc-section-end\"><\/span><\/h2>\r\n\r\n\r\n\r\n<p>Hopscotch Air est un <a href=\"https:\/\/www.faa.gov\/\" target=\"_blank\" rel=\"noopener\">FAA<\/a>-transporteur a\u00e9rien certifi\u00e9 bas\u00e9 \u00e0 <a href=\"https:\/\/comparemyjet.com\/fr\/visites-privees\/visites-privees-de-la-ville-de-new-york\/\" data-internallinksmanager029f6b8e52c=\"427\" title=\"11 Meilleures visites priv\u00e9es de New York \u00e0 partir de $48.00\">New York<\/a>avec des hubs situ\u00e9s aux a\u00e9roports de Republic Farmingdale, Westchester County et Teterboro.&nbsp;<\/p>\r\n\r\n\r\n\r\n<p>La soci\u00e9t\u00e9 poss\u00e8de sa propre flotte d'avions et propose un programme d'adh\u00e9sion, dont les frais d'entr\u00e9e et d'adh\u00e9sion commencent \u00e0 $3,900. Le programme d'entr\u00e9e de gamme est la Jet Card, un service de paiement \u00e0 l'utilisation avec une tarification fixe et forfaitaire par trajet.&nbsp;<\/p>\r\n\r\n\r\n\r\n<p>Examinons ces programmes d'adh\u00e9sion plus en d\u00e9tail.<\/p>\r\n\r\n\r\n\r\n<h2 class=\"wp-block-heading\"><span class=\"ez-toc-section\" id=\"Membership_Programs\"><\/span>Programmes d'adh\u00e9sion<span class=\"ez-toc-section-end\"><\/span><\/h2>\r\n\r\n\r\n\r\n<figure class=\"wp-block-image size-full is-style-default\"><img loading=\"lazy\" decoding=\"async\" width=\"1000\" height=\"667\" src=\"https:\/\/comparemyjet.com\/wp-content\/uploads\/2022\/07\/cirrus.sr_.22.jpg\" alt=\"\" class=\"wp-image-3174\" srcset=\"https:\/\/comparemyjet.com\/wp-content\/uploads\/2022\/07\/cirrus.sr_.22-18x12.jpg 18w, https:\/\/comparemyjet.com\/wp-content\/uploads\/2022\/07\/cirrus.sr_.22-300x200.jpg 300w, https:\/\/comparemyjet.com\/wp-content\/uploads\/2022\/07\/cirrus.sr_.22-768x512.jpg 768w, https:\/\/comparemyjet.com\/wp-content\/uploads\/2022\/07\/cirrus.sr_.22.jpg 1000w\" sizes=\"auto, (max-width: 1000px) 100vw, 1000px\" \/><\/figure>\r\n\r\n\r\n\r\n<p>L'entreprise a lanc\u00e9 son programme d'adh\u00e9sion en 2019. Les membres paient $325 par mois et b\u00e9n\u00e9ficient de remises exclusives et d'autres avantages.&nbsp;<\/p>\r\n\r\n\r\n\r\n<p>Vous pouvez devenir membre en les contactant sur leur site web. <a href=\"https:\/\/flyhopscotch.com\/join-clubscotch\/\" target=\"_blank\" rel=\"noopener\">site web<\/a>.<\/p>\r\n\r\n\r\n\r\n<h3 class=\"wp-block-heading\"><span class=\"ez-toc-section\" id=\"ClubScotch\"><\/span>ClubScotch<span class=\"ez-toc-section-end\"><\/span><\/h3>\r\n\r\n\r\n\r\n<p>Dans tout le Nord-Est, le centre de l'Atlantique et le Canada, Hopscotch vous transportera vers des centaines d'a\u00e9roports, des plus petits aux plus grands. Leurs avions peuvent vous transporter vers des a\u00e9roports plus petits, moins fr\u00e9quent\u00e9s et plus proches de votre destination finale. Tous les vols partent en fonction de votre horaire.<\/p>\r\n\r\n\r\n\r\n<p>Pour devenir membre de ClubScoth, vous devez prendre un engagement d'un an. Vous pouvez choisir de payer $325 par mois ou $3,250 par an.<\/p>\r\n\r\n\r\n\r\n<p>Les membres b\u00e9n\u00e9ficient d'une programmation prioritaire et d'un acc\u00e8s rapide \u00e0 leur \u00e9quipe d'exp\u00e9rience client. En tant que membre du ClubScotch, vous avez droit \u00e0 des rendez-vous de derni\u00e8re minute et \u00e0 un d\u00e9lai d'attente gratuit jusqu'\u00e0 15 heures. Vous pouvez utiliser ces 15 heures de d\u00e9lai de propagation gratuit pendant toute l'ann\u00e9e. Cela repr\u00e9sente une r\u00e9duction annuelle de plus de $1000.<\/p>\r\n\r\n\r\n\r\n<p>Peut-\u00eatre souhaitez-vous passer la nuit \u00e0 votre destination ? Une nuit\u00e9e gratuite est propos\u00e9e une fois par an (<a href=\"https:\/\/comparemyjet.com\/fr\/hotels\/\" data-internallinksmanager029f6b8e52c=\"470\" title=\"100 meilleurs h\u00f4tels pr\u00e8s des a\u00e9roports du monde entier\">h\u00f4tel<\/a> et nourriture non incluse). Votre avion vous attendra le lendemain pour terminer votre voyage aller-retour.&nbsp;<\/p>\r\n\r\n\r\n\r\n<p>La politique d'annulation de la compagnie vous permet de modifier votre date\/itin\u00e9raire, et est assez souple pour les membres. Vous ne serez pas factur\u00e9 pour toute modification apport\u00e9e pendant votre voyage. Les non-membres disposent de 48 heures pour annuler un vol et se faire rembourser, tandis que les membres disposent de 24 heures.<\/p>\r\n\r\n\r\n\r\n<p>Le principal avantage des membres de ClubScotch est qu'en g\u00e9n\u00e9ral, ils paient souvent environ 25% de moins que les non-membres au prix de d\u00e9tail, et qu'ils ont acc\u00e8s au site de ClubScotch pour v\u00e9rifier l'historique de leurs vols et le solde de leur compte en ligne.<\/p>\r\n\r\n\r\n\r\n<h2 class=\"wp-block-heading\"><span class=\"ez-toc-section\" id=\"Destinations_and_Pricing\"><\/span>Destinations et prix<span class=\"ez-toc-section-end\"><\/span><\/h2>\r\n\r\n\r\n\r\n<p>Les SR22 prennent g\u00e9n\u00e9ralement en charge les passagers dans les a\u00e9roports de New York, et les destinations les plus lointaines sont \u00e0 l'ouest de l'Europe. <a href=\"https:\/\/comparemyjet.com\/fr\/vols-en-jet-prive-vers-chicago\/\" data-internallinksmanager029f6b8e52c=\"170\" title=\"Affr\u00e8tement de jet priv\u00e9 \u00e0 Chicago\">Chicago<\/a> ou au sud, en Caroline du Sud.&nbsp;<\/p>\r\n\r\n\r\n\r\n<p>Le tableau suivant indique les prix pour un aller simple le m\u00eame jour au d\u00e9part de White Plains, Farmingdale et Teterboro.&nbsp;<\/p>\r\n\r\n\r\n\r\n<figure class=\"wp-block-table\"><table><tbody><tr><td>Destinations<\/td><td>Prix \u00e0 sens unique<\/td><\/tr><tr><td><a href=\"https:\/\/comparemyjet.com\/fr\/visites-privees\/philadelphia-private-tours\/\" data-internallinksmanager029f6b8e52c=\"430\" title=\"11 Meilleures visites priv\u00e9es de Philadelphie \u00e0 partir de $245.00\">Philadelphie<\/a>&nbsp;<\/td><td>$1,956<\/td><\/tr><tr><td>Atlantic City&nbsp;<\/td><td>$2,019<\/td><\/tr><tr><td>Newport&nbsp;<\/td><td>$2,144<\/td><\/tr><tr><td><a href=\"https:\/\/comparemyjet.com\/fr\/vols-en-jet-prive-vers-boston\/\" data-internallinksmanager029f6b8e52c=\"177\" title=\"Affr\u00e8tement de jet priv\u00e9 \u00e0 Boston\">Boston<\/a> - Bedford&nbsp;<\/td><td>$2,426<\/td><\/tr><tr><td>Martha's Vineyard&nbsp;<\/td><td>$2,489<\/td><\/tr><tr><td>Nantucket&nbsp;<\/td><td>$2,802<\/td><\/tr><tr><td>Provincetown&nbsp;<\/td><td>$2,834<\/td><\/tr><tr><td>Boston - Logan&nbsp;<\/td><td>$2,888<\/td><\/tr><tr><td>Burlington&nbsp;<\/td><td>$3,335<\/td><\/tr><\/tbody><\/table><\/figure>\r\n\r\n\r\n\r\n<p>Hopscotch dessert le nord-est des \u00c9tats-Unis, la r\u00e9gion m\u00e9diane de l'Atlantique et certaines parties de l'Ontario et du Qu\u00e9bec. Les escapades populaires au printemps et en \u00e9t\u00e9 sont :<\/p>\r\n\r\n\r\n\r\n<ul class=\"wp-block-list\"><li>Cape Cod,&nbsp;<\/li><li>Provincetown, Provincetown,&nbsp;<\/li><li>Martha's Vineyard,&nbsp;<\/li><li>East Hampton,&nbsp;<\/li><li>Burlington,&nbsp;<\/li><li><a href=\"https:\/\/comparemyjet.com\/fr\/visites-privees\/portland-private-tours\/\" data-internallinksmanager029f6b8e52c=\"432\" title=\"11 Meilleures visites priv\u00e9es de Portland \u00e0 partir de $48.00\">Portland<\/a>,&nbsp;<\/li><li>Block Island,&nbsp;<\/li><li>Great Barrington,&nbsp;<\/li><li>et Stowe.&nbsp;<\/li><\/ul>\r\n\r\n\r\n\r\n<p>Cependant, ils se rendent \u00e9galement dans des endroits \u00e9loign\u00e9s du nord de l'\u00c9tat de New York, du Massachusetts, de la Pennsylvanie et de la Nouvelle-Angleterre. <a href=\"https:\/\/comparemyjet.com\/fr\/vols-en-jet-prive-vers-le-jersey\/\" data-internallinksmanager029f6b8e52c=\"176\" title=\"Affr\u00e8tement de jet priv\u00e9 \u00e0 Jersey\">Jersey<\/a>. Les destinations de la Nouvelle-Angleterre figurent parmi les itin\u00e9raires les plus populaires de Hopscotch Air.<\/p>\r\n\r\n\r\n\r\n<p>La disponibilit\u00e9 des avions n'est pas garantie et les tarifs sont fix\u00e9s en fonction de l'itin\u00e9raire.<\/p>\r\n\r\n\r\n\r\n<h2 class=\"wp-block-heading\"><span class=\"ez-toc-section\" id=\"The_Fleet\"><\/span>La flotte&nbsp;<span class=\"ez-toc-section-end\"><\/span><\/h2>\r\n\r\n\r\n\r\n<figure class=\"wp-block-image size-full is-style-default\"><img loading=\"lazy\" decoding=\"async\" width=\"1000\" height=\"606\" src=\"https:\/\/comparemyjet.com\/wp-content\/uploads\/2022\/07\/cirrus.fleet_.jpg\" alt=\"\" class=\"wp-image-3173\" srcset=\"https:\/\/comparemyjet.com\/wp-content\/uploads\/2022\/07\/cirrus.fleet_-18x12.jpg 18w, https:\/\/comparemyjet.com\/wp-content\/uploads\/2022\/07\/cirrus.fleet_-300x182.jpg 300w, https:\/\/comparemyjet.com\/wp-content\/uploads\/2022\/07\/cirrus.fleet_-768x465.jpg 768w, https:\/\/comparemyjet.com\/wp-content\/uploads\/2022\/07\/cirrus.fleet_.jpg 1000w\" sizes=\"auto, (max-width: 1000px) 100vw, 1000px\" \/><\/figure>\r\n\r\n\r\n\r\n<p>Hopscotch Air est une compagnie de taxi a\u00e9rien exploitant une flotte d'avions Cirrus SR-20\/22. Ces avions peuvent voler jusqu'\u00e0 800 miles sans s'arr\u00eater pour se ravitailler.&nbsp;<\/p>\r\n\r\n\r\n\r\n<p>M\u00eame si les vols avec un avion \u00e0 piston monomoteur sont plus longs que les vols en avion de ligne, ils peuvent atterrir sur des a\u00e9roports plus petits avec des pistes plus courtes et sont parfaits pour un groupe de trois personnes. Les avions Cirrus peuvent acc\u00e9der \u00e0 des milliers d'a\u00e9roports publics dans la r\u00e9gion du Nord-Est.<\/p>\r\n\r\n\r\n\r\n<h3 class=\"wp-block-heading\"><span class=\"ez-toc-section\" id=\"1_Very_Light_Jets\"><\/span>1. Jets tr\u00e8s l\u00e9gers<span class=\"ez-toc-section-end\"><\/span><\/h3>\r\n\r\n\r\n\r\n<p>Le jet tr\u00e8s l\u00e9ger est la forme la plus petite et la plus \u00e9conomique d'un jet priv\u00e9. Ils sont id\u00e9aux pour les voyages courts sur de petites distances, avec une autonomie d'environ 2 000 miles et une vitesse horaire de plus de 600 mph. Ces avions sont id\u00e9aux pour les voyages r\u00e9gionaux et accueillent g\u00e9n\u00e9ralement 3 \u00e0 6 personnes.<\/p>\r\n\r\n\r\n\r\n<h4 class=\"wp-block-heading\"><span class=\"ez-toc-section\" id=\"Our_Recommendation_The_Cirrus_SR20\"><\/span>Notre recommandation : Le Cirrus SR20&nbsp;<span class=\"ez-toc-section-end\"><\/span><\/h4>\r\n\r\n\r\n\r\n<p>La soci\u00e9t\u00e9 Cirrus Aircraft de Duluth, dans le Minnesota, fabrique le Cirrus SR20, un monoplan en composite \u00e0 quatre places aliment\u00e9 par un moteur \u00e0 piston.<\/p>\r\n\r\n\r\n\r\n<p>Le SR20 a \u00e9t\u00e9 le premier avion d'aviation g\u00e9n\u00e9rale \u00e9quip\u00e9 d'un parachute permettant d'atterrir en toute s\u00e9curit\u00e9 en cas d'urgence. C'est aussi le premier avion l\u00e9ger construit enti\u00e8rement en mat\u00e9riaux composites.<\/p>\r\n\r\n\r\n\r\n<p>Sp\u00e9cifications et performances du Cirrus SR20 :<\/p>\r\n\r\n\r\n\r\n<ul class=\"wp-block-list\"><li>Passagers : 3 ;<\/li><li>Hauteur ext\u00e9rieure : 8 ft 11 in ;<\/li><li>Longueur ext\u00e9rieure : 26 ft ;<\/li><li>Largeur de la cabine : 4 ft 1 in ;<\/li><li>Hauteur de la cabine : 4 ft 2 in ;<\/li><li>Longueur de la cabine : 10 ft 10 in ;<\/li><li>Taux de mont\u00e9e : 920 fpm ;<\/li><li>Croisi\u00e8re normale : 155 kts ;<\/li><li>Vitesse maximale : 155 kts ;<\/li><li>Plage maximale : 785 nm ;<\/li><li>Capacit\u00e9 en carburant : 336 lb ;<\/li><li>Charge utile maximale : 720 lb ;<\/li><li>\u00c9quipage : 1.<\/li><\/ul>\r\n\r\n\r\n\r\n<h4 class=\"wp-block-heading\"><span class=\"ez-toc-section\" id=\"Our_Recommendation_The_Cirrus_SR22\"><\/span>Notre recommandation : Le Cirrus SR22<span class=\"ez-toc-section-end\"><\/span><\/h4>\r\n\r\n\r\n\r\n<p>Le Cirrus SR22 a \u00e9t\u00e9 m\u00e9ticuleusement con\u00e7u pour vous offrir la meilleure exp\u00e9rience de vol. Il offre des innovations techniques sophistiqu\u00e9es, des performances exaltantes et un flair in\u00e9gal\u00e9. L'int\u00e9rieur spacieux du SR22, qui offre beaucoup d'espace pour les jambes des passagers, est l'une de ses principales caract\u00e9ristiques.<\/p>\r\n\r\n\r\n\r\n<p>Sp\u00e9cifications et performances du Cirrus SR22 :<\/p>\r\n\r\n\r\n\r\n<ul class=\"wp-block-list\"><li>Passagers : 4 ;<\/li><li>Hauteur ext\u00e9rieure : 8 ft 11 in ;<\/li><li>Envergure des ailes : 38 ft 4 in ;<\/li><li>Longueur ext\u00e9rieure : 26 ft ;<\/li><li>Volume de l'habitacle : 137 pi3 ;<\/li><li>Largeur de la cabine : 4 ft 1 in ;<\/li><li>Hauteur de la cabine : 4 ft 2 in ;<\/li><li>Longueur de la cabine : 8 ft ;<\/li><li>Bagages int\u00e9rieurs : 32 pi3 ;<\/li><li>Capacit\u00e9 en carburant : 486 lb ;<\/li><li>Charge utile maximale : 950 lb ;<\/li><li>Vitesse maximale : 186 kts ;<\/li><li>Port\u00e9e de vol : 659 nm - 1100 nm ;<\/li><li>Distance d'atterrissage : 4005 ft ;<\/li><li>Taux de mont\u00e9e : 1400 fpm ;<\/li><li>\u00c9quipage : 1.<\/li><\/ul>\r\n\r\n\r\n\r\n<h2 class=\"wp-block-heading\"><span class=\"ez-toc-section\" id=\"Company_Safety_Policy_and_Standards\"><\/span>Politique et normes de s\u00e9curit\u00e9 de l'entreprise&nbsp;<span class=\"ez-toc-section-end\"><\/span><\/h2>\r\n\r\n\r\n\r\n<figure class=\"wp-block-image size-full is-style-default\"><img loading=\"lazy\" decoding=\"async\" width=\"1000\" height=\"662\" src=\"https:\/\/comparemyjet.com\/wp-content\/uploads\/2022\/07\/pilot.greeting.young_.couple-1.jpg\" alt=\"Hopscotch Air\" class=\"wp-image-3176\" srcset=\"https:\/\/comparemyjet.com\/wp-content\/uploads\/2022\/07\/pilot.greeting.young_.couple-1-18x12.jpg 18w, https:\/\/comparemyjet.com\/wp-content\/uploads\/2022\/07\/pilot.greeting.young_.couple-1-300x199.jpg 300w, https:\/\/comparemyjet.com\/wp-content\/uploads\/2022\/07\/pilot.greeting.young_.couple-1-768x508.jpg 768w, https:\/\/comparemyjet.com\/wp-content\/uploads\/2022\/07\/pilot.greeting.young_.couple-1.jpg 1000w\" sizes=\"auto, (max-width: 1000px) 100vw, 1000px\" \/><\/figure>\r\n\r\n\r\n\r\n<p>Le pont de combat sophistiqu\u00e9 et le pilote automatique du SR 22\/20 permettent de voler en solo, mais les jets sont \u00e9quip\u00e9s d'un parachute de secours \u00e0 plein r\u00e9gime qui, selon la soci\u00e9t\u00e9, est un argument de vente cl\u00e9 pour les consommateurs.<\/p>\r\n\r\n\r\n\r\n<p>Les SR 20\/22 sont \u00e9galement <a href=\"https:\/\/www.faa.gov\/about\/office_org\/headquarters_offices\/ato\/service_units\/techops\/navservices\/gnss\/waas\" target=\"_blank\" rel=\"noopener\">WAAS (Wide Area Augmentation System)<\/a>) capables et certifi\u00e9s pour voler dans des situations de givrage difficiles. En outre, les jets sont \u00e9quip\u00e9s du WAAS, un syst\u00e8me combin\u00e9 sol\/GPS qui permet aux avions d'effectuer des atterrissages pr\u00e9cis dans les a\u00e9roports o\u00f9 un syst\u00e8me de navigation par satellite est disponible. <a href=\"https:\/\/skybrary.aero\/articles\/instrument-landing-system-ils\" target=\"_blank\" rel=\"noopener\">ILS<\/a> n'est pas pr\u00e9sent ou op\u00e9rationnel.<\/p>\r\n\r\n\r\n\r\n<p>Nassau Flyers, un atelier de r\u00e9paration agr\u00e9\u00e9 Cirrus situ\u00e9 \u00e0 proximit\u00e9, effectue toutes les modifications et autres entretiens structurels et moteurs au sol.<\/p>\r\n\r\n\r\n\r\n<h2 class=\"wp-block-heading\"><span class=\"ez-toc-section\" id=\"Partnerships\"><\/span>Partenariats<span class=\"ez-toc-section-end\"><\/span><\/h2>\r\n\r\n\r\n\r\n<p>Hopscotch et Linear Air se sont associ\u00e9s pour exploiter le seul service r\u00e9gulier sans escale reliant White Plains et la r\u00e9gion m\u00e9tropolitaine de Boston.<\/p>\r\n\r\n\r\n\r\n<p>Comme Hopscotch, Linear Air exploite \u00e9galement des VLJ (jets tr\u00e8s l\u00e9gers) Eclipse. Ensemble, les deux soci\u00e9t\u00e9s offrent aux consommateurs un large choix de vitesses et d'autonomie pour les taxis a\u00e9riens \u00e0 la demande.<\/p>\r\n\r\n\r\n\r\n<h2 class=\"wp-block-heading\"><span class=\"ez-toc-section\" id=\"Conclusion\"><\/span>Conclusion<span class=\"ez-toc-section-end\"><\/span><\/h2>\r\n\r\n\r\n\r\n<p>Sous la marque ClubScotch, Hopscotch Air propose un programme d'adh\u00e9sion aux Cirrus SR22 et SR20 monomoteurs \u00e0 pistons \u00e0 travers le Nord-Est et le Mid-Atlantic avec une tarification \u00e0 itin\u00e9raire fixe. Chaque avion peut accueillir jusqu'\u00e0 quatre voyageurs.<\/p>\r\n\r\n\r\n\r\n<p>En raison de l'augmentation du nombre de clients, la compagnie pr\u00e9voit de lancer une nouvelle flotte d'avions \u00e0 turbopropulseurs de huit places afin d'accro\u00eetre sa capacit\u00e9, tandis qu'elle a d\u00e9j\u00e0 sign\u00e9 avec Transcend Air Corporation pour l'achat de l'avion \u00e0 d\u00e9collage et atterrissage vertical Vy 400, qui a \u00e9t\u00e9 prim\u00e9. Ces avions seront utilis\u00e9s pour d\u00e9velopper les liaisons non a\u00e9roportuaires.&nbsp;<\/p>\r\n\r\n\r\n\r\n<p>Contrairement \u00e0 un charter classique, Hopscotch ne facture pas \u00e0 l'heure et n'ajoute pas de frais de carburant. Au moment de la r\u00e9servation, ils fournissent un prix unique et fixe.&nbsp;<\/p>","protected":false},"excerpt":{"rendered":"<p>Hopscotch Air est une compagnie de taxis a\u00e9riens \u00e0 la pointe de la technologie qui transporte des passagers dans le Nord-Est, le centre de l'Atlantique et le Canada dans des avions Cirrus de petite taille mais technologiquement sophistiqu\u00e9s. La soci\u00e9t\u00e9 a \u00e9t\u00e9 certifi\u00e9e en 2009 et effectue aujourd'hui environ 1400 voyages par an, \u00e0 une fraction du co\u00fbt des vols charter r\u00e9guliers, principalement en raison de l'\u00e9conomie ...<\/p>","protected":false},"author":2,"featured_media":3175,"parent":0,"menu_order":0,"comment_status":"closed","ping_status":"closed","template":"","meta":{"_acf_changed":false,"_genesis_hide_title":false,"_genesis_hide_breadcrumbs":false,"_genesis_hide_singular_image":false,"_genesis_hide_footer_widgets":false,"_genesis_custom_body_class":"","_genesis_custom_post_class":"","_genesis_layout":"","footnotes":""},"class_list":{"1":"page","2":"type-page","6":"entry"},"acf":[],"_links":{"self":[{"href":"https:\/\/comparemyjet.com\/fr\/wp-json\/wp\/v2\/pages\/3172","targetHints":{"allow":["GET"]}}],"collection":[{"href":"https:\/\/comparemyjet.com\/fr\/wp-json\/wp\/v2\/pages"}],"about":[{"href":"https:\/\/comparemyjet.com\/fr\/wp-json\/wp\/v2\/types\/page"}],"author":[{"embeddable":true,"href":"https:\/\/comparemyjet.com\/fr\/wp-json\/wp\/v2\/users\/2"}],"replies":[{"embeddable":true,"href":"https:\/\/comparemyjet.com\/fr\/wp-json\/wp\/v2\/comments?post=3172"}],"version-history":[{"count":2,"href":"https:\/\/comparemyjet.com\/fr\/wp-json\/wp\/v2\/pages\/3172\/revisions"}],"predecessor-version":[{"id":3451,"href":"https:\/\/comparemyjet.com\/fr\/wp-json\/wp\/v2\/pages\/3172\/revisions\/3451"}],"wp:featuredmedia":[{"embeddable":true,"href":"https:\/\/comparemyjet.com\/fr\/wp-json\/wp\/v2\/media\/3175"}],"wp:attachment":[{"href":"https:\/\/comparemyjet.com\/fr\/wp-json\/wp\/v2\/media?parent=3172"}],"curies":[{"name":"wp","href":"https:\/\/api.w.org\/{rel}","templated":true}]}}