{"id":3182,"date":"2022-08-04T21:07:59","date_gmt":"2022-08-04T21:07:59","guid":{"rendered":"https:\/\/comparemyjet.com\/?page_id=3182"},"modified":"2025-09-04T09:58:20","modified_gmt":"2025-09-04T09:58:20","slug":"fxair","status":"publish","type":"page","link":"https:\/\/comparemyjet.com\/fr\/fxair\/","title":{"rendered":"Prix des vols FXAIR"},"content":{"rendered":"<p>FXAIR est une soci\u00e9t\u00e9 d'affr\u00e8tement priv\u00e9e relativement r\u00e9cente qui a commenc\u00e9 ses activit\u00e9s en 2020. L'entreprise a connu une croissance exponentielle depuis, notamment en raison de la popularit\u00e9 croissante des voyages a\u00e9riens priv\u00e9s avec la pand\u00e9mie de COVID-19.<\/p>\r\n\r\n\r\n\r\n<p>FXAIR fait partie de la famille d'entreprises Directional Aviation fond\u00e9e par Ken Ricci, qui comprend <a href=\"https:\/\/comparemyjet.com\/fr\/flexjet\/\" data-internallinksmanager029f6b8e52c=\"187\" title=\"Flexjet - Propri\u00e9t\u00e9 fractionn\u00e9e de jet\">Flexjet<\/a>, <a href=\"https:\/\/comparemyjet.com\/fr\/jet-sentiment\/\" data-internallinksmanager029f6b8e52c=\"106\" title=\"Prix des vols Sentient Jet\">Jet Sentient<\/a>, <a href=\"https:\/\/comparemyjet.com\/fr\/vol-prive\/\" data-internallinksmanager029f6b8e52c=\"115\" title=\"Prix des vols PrivateFly\">PrivateFly<\/a>Tivoli, et FXAIR, ainsi que Nextant Aerospace (fabricant de jets) et Sojourn Aviation (soci\u00e9t\u00e9 de vente de jets). Elle propose un programme d'adh\u00e9sion \u00e0 des charters et la location de jets priv\u00e9s \u00e0 la demande. Examinons ces services plus en d\u00e9tail, mais d'abord, un mot sur la soci\u00e9t\u00e9 elle-m\u00eame.<\/p>\r\n\r\n\r\n\r\n<div id=\"ez-toc-container\" class=\"ez-toc-v2_0_76 counter-hierarchy ez-toc-counter ez-toc-grey ez-toc-container-direction\">\n<p class=\"ez-toc-title\" style=\"cursor:inherit\">Sujets<\/p>\n<label for=\"ez-toc-cssicon-toggle-item-69de7e24e14e5\" class=\"ez-toc-cssicon-toggle-label\"><span class=\"\"><span class=\"eztoc-hide\" style=\"display:none;\">Toggle<\/span><span class=\"ez-toc-icon-toggle-span\"><svg style=\"fill: #999;color:#999\" xmlns=\"http:\/\/www.w3.org\/2000\/svg\" class=\"list-377408\" width=\"20px\" height=\"20px\" viewbox=\"0 0 24 24\" fill=\"none\"><path d=\"M6 6H4v2h2V6zm14 0H8v2h12V6zM4 11h2v2H4v-2zm16 0H8v2h12v-2zM4 16h2v2H4v-2zm16 0H8v2h12v-2z\" fill=\"currentColor\"><\/path><\/svg><svg style=\"fill: #999;color:#999\" class=\"arrow-unsorted-368013\" xmlns=\"http:\/\/www.w3.org\/2000\/svg\" width=\"10px\" height=\"10px\" viewbox=\"0 0 24 24\" version=\"1.2\" baseprofile=\"tiny\"><path d=\"M18.2 9.3l-6.2-6.3-6.2 6.3c-.2.2-.3.4-.3.7s.1.5.3.7c.2.2.4.3.7.3h11c.3 0 .5-.1.7-.3.2-.2.3-.5.3-.7s-.1-.5-.3-.7zM5.8 14.7l6.2 6.3 6.2-6.3c.2-.2.3-.5.3-.7s-.1-.5-.3-.7c-.2-.2-.4-.3-.7-.3h-11c-.3 0-.5.1-.7.3-.2.2-.3.5-.3.7s.1.5.3.7z\"\/><\/svg><\/span><\/span><\/label><input type=\"checkbox\"  id=\"ez-toc-cssicon-toggle-item-69de7e24e14e5\" checked aria-label=\"Toggle\" \/><nav><ul class='ez-toc-list ez-toc-list-level-1' ><li class='ez-toc-page-1 ez-toc-heading-level-2'><a class=\"ez-toc-link ez-toc-heading-1\" href=\"https:\/\/comparemyjet.com\/fr\/fxair\/#About_the_Company\" >\u00c0 propos de l'entreprise<\/a><\/li><li class='ez-toc-page-1 ez-toc-heading-level-2'><a class=\"ez-toc-link ez-toc-heading-2\" href=\"https:\/\/comparemyjet.com\/fr\/fxair\/#Company_Membership_Program\" >Programme d'adh\u00e9sion des entreprises<\/a><\/li><li class='ez-toc-page-1 ez-toc-heading-level-2'><a class=\"ez-toc-link ez-toc-heading-3\" href=\"https:\/\/comparemyjet.com\/fr\/fxair\/#On-Demand_Charter_Flight\" >Vol charter \u00e0 la demande<\/a><\/li><li class='ez-toc-page-1 ez-toc-heading-level-2'><a class=\"ez-toc-link ez-toc-heading-4\" href=\"https:\/\/comparemyjet.com\/fr\/fxair\/#The_Fleet\" >La flotte&nbsp;<\/a><ul class='ez-toc-list-level-3' ><li class='ez-toc-heading-level-3'><a class=\"ez-toc-link ez-toc-heading-5\" href=\"https:\/\/comparemyjet.com\/fr\/fxair\/#1_Light_Private_Jets\" >1. Jets priv\u00e9s l\u00e9gers<\/a><ul class='ez-toc-list-level-4' ><li class='ez-toc-heading-level-4'><a class=\"ez-toc-link ez-toc-heading-6\" href=\"https:\/\/comparemyjet.com\/fr\/fxair\/#Our_Recommendation_The_Nextant_400XT\" >Notre recommandation : Le Nextant 400XT<\/a><\/li><\/ul><\/li><li class='ez-toc-page-1 ez-toc-heading-level-3'><a class=\"ez-toc-link ez-toc-heading-7\" href=\"https:\/\/comparemyjet.com\/fr\/fxair\/#2_Midsize_Private_Jets\" >2. Jets priv\u00e9s de taille moyenne<\/a><ul class='ez-toc-list-level-4' ><li class='ez-toc-heading-level-4'><a class=\"ez-toc-link ez-toc-heading-8\" href=\"https:\/\/comparemyjet.com\/fr\/fxair\/#Our_Recommendation_The_Citation_Excel\" >Notre recommandation : Le Citation Excel<\/a><\/li><\/ul><\/li><li class='ez-toc-page-1 ez-toc-heading-level-3'><a class=\"ez-toc-link ez-toc-heading-9\" href=\"https:\/\/comparemyjet.com\/fr\/fxair\/#3_Super-Midsize_Private_Jets\" >3. Jets priv\u00e9s super-moyens&nbsp;<\/a><ul class='ez-toc-list-level-4' ><li class='ez-toc-heading-level-4'><a class=\"ez-toc-link ez-toc-heading-10\" href=\"https:\/\/comparemyjet.com\/fr\/fxair\/#Our_Recommendation_The_Falcon_50\" >Notre recommandation : Le Falcon 50&nbsp;<\/a><\/li><\/ul><\/li><li class='ez-toc-page-1 ez-toc-heading-level-3'><a class=\"ez-toc-link ez-toc-heading-11\" href=\"https:\/\/comparemyjet.com\/fr\/fxair\/#4_Large_Private_Jets\" >4. Grands jets priv\u00e9s<\/a><ul class='ez-toc-list-level-4' ><li class='ez-toc-heading-level-4'><a class=\"ez-toc-link ez-toc-heading-12\" href=\"https:\/\/comparemyjet.com\/fr\/fxair\/#Our_Recommendation_The_Gulfstream_GIV\" >Notre recommandation : Le Gulfstream GIV<\/a><\/li><\/ul><\/li><li class='ez-toc-page-1 ez-toc-heading-level-3'><a class=\"ez-toc-link ez-toc-heading-13\" href=\"https:\/\/comparemyjet.com\/fr\/fxair\/#5_Ultra-Long-Range_Private_Jets\" >5. Jets priv\u00e9s \u00e0 tr\u00e8s long rayon d'action<\/a><ul class='ez-toc-list-level-4' ><li class='ez-toc-heading-level-4'><a class=\"ez-toc-link ez-toc-heading-14\" href=\"https:\/\/comparemyjet.com\/fr\/fxair\/#Our_Recommendation_Gulfstream_GV\" >Notre recommandation : Gulfstream GV<\/a><\/li><\/ul><\/li><\/ul><\/li><li class='ez-toc-page-1 ez-toc-heading-level-2'><a class=\"ez-toc-link ez-toc-heading-15\" href=\"https:\/\/comparemyjet.com\/fr\/fxair\/#Company_Safety_Policy_and_Standards\" >Politique et normes de s\u00e9curit\u00e9 de l'entreprise<\/a><\/li><li class='ez-toc-page-1 ez-toc-heading-level-2'><a class=\"ez-toc-link ez-toc-heading-16\" href=\"https:\/\/comparemyjet.com\/fr\/fxair\/#Conclusion\" >Conclusion<\/a><\/li><\/ul><\/nav><\/div>\n<h2 class=\"wp-block-heading\"><span class=\"ez-toc-section\" id=\"About_the_Company\"><\/span>\u00c0 propos de l'entreprise<span class=\"ez-toc-section-end\"><\/span><\/h2>\r\n\r\n\r\n\r\n<p>FXAIR est une soci\u00e9t\u00e9 nouvellement cr\u00e9\u00e9e appartenant \u00e0 Directional Aviation, avec Andrew Collins comme PDG et Gregg Slow comme pr\u00e9sident, dont le si\u00e8ge social se trouve \u00e0 <a href=\"https:\/\/comparemyjet.com\/fr\/visites-privees\/visites-privees-de-la-ville-de-new-york\/\" data-internallinksmanager029f6b8e52c=\"427\" title=\"11 Meilleures visites priv\u00e9es de New York \u00e0 partir de $48.00\">Ville de New York<\/a>.&nbsp;<\/p>\r\n\r\n\r\n\r\n<p>FXAIR ne dispose pas de sa propre flotte et utilise plut\u00f4t la flotte de Flexjet et d'autres op\u00e9rateurs tiers. Gr\u00e2ce \u00e0 son programme Aviator, FXAIR donne \u00e0 ses clients un acc\u00e8s prioritaire aux avions qu'ils d\u00e9sirent, m\u00eame les jours o\u00f9 la demande est \u00e9lev\u00e9e. Les avions du syst\u00e8me FXAIR sont fournis par des compagnies qui adh\u00e8rent aux exigences de s\u00e9curit\u00e9 les plus \u00e9lev\u00e9es, qui vont souvent au-del\u00e0 des normes de l'aviation civile. <a href=\"https:\/\/www.faa.gov\/\" target=\"_blank\" rel=\"noopener\">FAA<\/a> des directives.<\/p>\r\n\r\n\r\n\r\n<h2 class=\"wp-block-heading\"><span class=\"ez-toc-section\" id=\"Company_Membership_Program\"><\/span>Programme d'adh\u00e9sion des entreprises<span class=\"ez-toc-section-end\"><\/span><\/h2>\r\n\r\n\r\n\r\n<p>Le programme d'adh\u00e9sion d'entr\u00e9e de gamme de FXAIR, le compte Aviator, vous donne un acc\u00e8s prioritaire aux avions Flexjet de deuxi\u00e8me g\u00e9n\u00e9ration. Vous pouvez \u00e9galement profiter d'incitations et d'offres sp\u00e9ciales d\u00e9velopp\u00e9es exclusivement pour les membres r\u00e9guliers, telles que la r\u00e9servation prioritaire les jours de grand voyage.&nbsp;<\/p>\r\n\r\n\r\n\r\n<p>Un investissement minimum de $100,000 est requis pour activer ce programme d'adh\u00e9sion. En tant que membre, vous b\u00e9n\u00e9ficierez d'un service de restauration gratuit et d'une connexion Wi-Fi locale gratuite, ainsi que d'un d\u00e9givrage sans frais et de surclassements gratuits lorsqu'ils sont disponibles. Si vous r\u00e9servez au moins une semaine \u00e0 l'avance, vous pouvez traverser les \u00c9tats-Unis en avion \u00e0 cabine super-moyenne pour un co\u00fbt fixe de $32,000. Le solde de votre compte n'a pas de date d'expiration et vous pouvez obtenir le remboursement des frais d'adh\u00e9sion.<\/p>\r\n\r\n\r\n\r\n<h2 class=\"wp-block-heading\"><span class=\"ez-toc-section\" id=\"On-Demand_Charter_Flight\"><\/span>Vol charter \u00e0 la demande<span class=\"ez-toc-section-end\"><\/span><\/h2>\r\n\r\n\r\n\r\n<p>Leurs services d'affr\u00e8tement \u00e0 la demande proposent une large gamme de jets priv\u00e9s, y compris des jets l\u00e9gers, moyens, super-moyens, lourds et ultra-long-courriers. FXAIR vous donne acc\u00e8s aux avions Flexjet de deuxi\u00e8me g\u00e9n\u00e9ration (retrait\u00e9s), disponibles \u00e0 la location uniquement par l'interm\u00e9diaire de FXAIR, mais entretenus et exploit\u00e9s par Flexjet.&nbsp;<\/p>\r\n\r\n\r\n\r\n<p>FXAIR offre \u00e9galement l'acc\u00e8s \u00e0 plus de 1 200 avions d'op\u00e9rateurs de vol respect\u00e9s et fiables.&nbsp;<\/p>\r\n\r\n\r\n\r\n<h2 class=\"wp-block-heading\"><span class=\"ez-toc-section\" id=\"The_Fleet\"><\/span>La flotte&nbsp;<span class=\"ez-toc-section-end\"><\/span><\/h2>\r\n\r\n\r\n\r\n<figure class=\"wp-block-image size-full is-style-default\"><img loading=\"lazy\" decoding=\"async\" width=\"1000\" height=\"664\" src=\"https:\/\/comparemyjet.com\/wp-content\/uploads\/2022\/08\/airplane.in_.clouds.jpg\" alt=\"\" class=\"wp-image-3185\" srcset=\"https:\/\/comparemyjet.com\/wp-content\/uploads\/2022\/08\/airplane.in_.clouds-18x12.jpg 18w, https:\/\/comparemyjet.com\/wp-content\/uploads\/2022\/08\/airplane.in_.clouds-300x199.jpg 300w, https:\/\/comparemyjet.com\/wp-content\/uploads\/2022\/08\/airplane.in_.clouds-768x510.jpg 768w, https:\/\/comparemyjet.com\/wp-content\/uploads\/2022\/08\/airplane.in_.clouds.jpg 1000w\" sizes=\"auto, (max-width: 1000px) 100vw, 1000px\" \/><\/figure>\r\n\r\n\r\n\r\n<p>Leur flotte est compos\u00e9e de jets Flexjet retir\u00e9s du service et comprend le Nextant 400XTi, remis \u00e0 neuf par Nextant Aerospace, une autre entreprise de Directional, douze ans. <a href=\"https:\/\/comparemyjet.com\/fr\/bombardier\/\" data-internallinksmanager029f6b8e52c=\"159\" title=\"Guide ultime des avions et jets priv\u00e9s Bombardier\">Bombardier<\/a> Challenger 300, et cinq avions Global Express.&nbsp;<\/p>\r\n\r\n\r\n\r\n<h3 class=\"wp-block-heading\"><span class=\"ez-toc-section\" id=\"1_Light_Private_Jets\"><\/span>1. Jets priv\u00e9s l\u00e9gers<span class=\"ez-toc-section-end\"><\/span><\/h3>\r\n\r\n\r\n\r\n<p>Ce type d'avion est id\u00e9al pour les courts voyages int\u00e9rieurs avec un maximum de sept passagers. Les jets l\u00e9gers sont rapides et efficaces lorsque vous vous rendez dans des a\u00e9roports locaux. De plus, ils peuvent facilement atterrir dans des endroits difficiles d'acc\u00e8s, comme le sommet des montagnes ou des pistes minuscules.<\/p>\r\n\r\n\r\n\r\n<h4 class=\"wp-block-heading\"><span class=\"ez-toc-section\" id=\"Our_Recommendation_The_Nextant_400XT\"><\/span>Notre recommandation : Le Nextant 400XT<span class=\"ez-toc-section-end\"><\/span><\/h4>\r\n\r\n\r\n\r\n<p>Le Nextant 400XT est l'un des jets les plus rapides, plus rapide que tout autre jet de sa cat\u00e9gorie. La conception ergonomique de la cabine maximise l'espace et les performances pour accro\u00eetre le confort des passagers, et le jet lui-m\u00eame est bien \u00e9quip\u00e9 et facile \u00e0 g\u00e9rer.<\/p>\r\n\r\n\r\n\r\n<p>Sp\u00e9cifications :<\/p>\r\n\r\n\r\n\r\n<ul class=\"wp-block-list\"><li>Passagers : 6-7 ;<\/li><li>Hauteur de la cabine : 4 ft 9 in ;<\/li><li>Longueur de la cabine : 15 ft 6 in ;<\/li><li>Largeur de la cabine : 4 ft 11 in ;<\/li><li>Port\u00e9e maximale : 2005 nm ;<\/li><li>Vitesse maximale : 471 kts ;<\/li><li>Bagages int\u00e9rieurs : 31 pi3 ;<\/li><li>Bagages ext\u00e9rieurs : 25 pieds cubes.<\/li><\/ul>\r\n\r\n\r\n\r\n<p>FXAIR propose \u00e9galement <em>Citation CJ3, Citation V, Hawker 400XP, <a href=\"https:\/\/comparemyjet.com\/fr\/learjet\/\" data-internallinksmanager029f6b8e52c=\"149\" title=\"Guide ultime des jets priv\u00e9s et des avions Learjet\">Learjet<\/a> 45, et Phenom 300 <\/em>dans la cat\u00e9gorie des jets l\u00e9gers.<\/p>\r\n\r\n\r\n\r\n<h3 class=\"wp-block-heading\"><span class=\"ez-toc-section\" id=\"2_Midsize_Private_Jets\"><\/span>2. Jets priv\u00e9s de taille moyenne<span class=\"ez-toc-section-end\"><\/span><\/h3>\r\n\r\n\r\n\r\n<p>Les avions de taille moyenne sont id\u00e9aux pour les longs voyages personnels ou d'affaires car ils offrent plus d'autonomie et de confort. Avec des caract\u00e9ristiques telles qu'un grand espace pour les bagages et une hauteur de cabine am\u00e9lior\u00e9e, ces jets sont id\u00e9aux pour les voyages n\u00e9cessitant plus d'endurance.&nbsp;<\/p>\r\n\r\n\r\n\r\n<h4 class=\"wp-block-heading\"><span class=\"ez-toc-section\" id=\"Our_Recommendation_The_Citation_Excel\"><\/span>Notre recommandation : Le Citation Excel<span class=\"ez-toc-section-end\"><\/span><\/h4>\r\n\r\n\r\n\r\n<p>Le Citation Excel sert de mod\u00e8le standard pour tous les autres avions de taille moyenne. Il poss\u00e8de une grande cabine avec beaucoup d'espace pour les bagages. En raison de son confort, de son efficacit\u00e9 et de sa durabilit\u00e9, c'est le jet pr\u00e9f\u00e9r\u00e9 pour les voyages \u00e0 moyenne distance. C'est un excellent choix pour les voyageurs d'affaires car il fonctionne comme un espace de conf\u00e9rence en hauteur.<\/p>\r\n\r\n\r\n\r\n<p>Sp\u00e9cifications :<\/p>\r\n\r\n\r\n\r\n<ul class=\"wp-block-list\"><li>Passagers : 8 ;<\/li><li>Capacit\u00e9 des bagages : 90 cu ft ;<\/li><li>Largeur de la cabine : 5 ft 5 in ;<\/li><li>Hauteur de la cabine : 5 ft 7 in ;<\/li><li>Longueur de la cabine : 18 ft 6 in ;<\/li><li>Autonomie de vol : jusqu'\u00e0 4,5 heures ;<\/li><li>Vitesse de croisi\u00e8re : 487 mph.<\/li><\/ul>\r\n\r\n\r\n\r\n<p>Dans la flotte FXAIR, vous pouvez \u00e9galement trouver <em>Hawker 800\/850\/900XP, et Learjet 55\/60 <\/em>dans la cat\u00e9gorie des jets de taille moyenne.<\/p>\r\n\r\n\r\n\r\n<h3 class=\"wp-block-heading\"><span class=\"ez-toc-section\" id=\"3_Super-Midsize_Private_Jets\"><\/span>3. Jets priv\u00e9s super-moyens&nbsp;<span class=\"ez-toc-section-end\"><\/span><\/h3>\r\n\r\n\r\n\r\n<p>Les jets super-moyens allient commodit\u00e9 et esth\u00e9tique. Si vous volez avec un groupe important ou si vous voyagez \u00e0 travers le pays, c'est la classe d'avion id\u00e9ale.<\/p>\r\n\r\n\r\n\r\n<h4 class=\"wp-block-heading\"><span class=\"ez-toc-section\" id=\"Our_Recommendation_The_Falcon_50\"><\/span>Notre recommandation : Le Falcon 50&nbsp;<span class=\"ez-toc-section-end\"><\/span><\/h4>\r\n\r\n\r\n\r\n<p>Avec une cabine spacieuse, une sellerie en cuir sophistiqu\u00e9e et une micro-cuisine compl\u00e8te, le Falcon 50 a l'autonomie et l'\u00e9l\u00e9gance d'un jet beaucoup plus grand et procure satisfaction et luxe aux voyageurs. Le Falcon50EX est un grand avion adapt\u00e9 aux voyages de moyenne gamme lorsque vous devez transporter plus de bagages.<\/p>\r\n\r\n\r\n\r\n<p>Sp\u00e9cifications :<\/p>\r\n\r\n\r\n\r\n<ul class=\"wp-block-list\"><li>Passagers : 9 ;<\/li><li>Capacit\u00e9 de bagages : 115 cu ft ;<\/li><li>Longueur de la cabine : 23 ft 5 in ;<\/li><li>Largeur de la cabine : 6 ft 1 in ;<\/li><li>Hauteur de la cabine : 5 ft 9 in ;<\/li><li>Vitesse de croisi\u00e8re maximale : 478 mph ;<\/li><li>Autonomie de vol : 5+ heures.<\/li><\/ul>\r\n\r\n\r\n\r\n<p>Dans la flotte de jets super-moyens de FXAIR, vous trouverez \u00e9galement <em>Challenger 300\/350, Citation Sovereign, Citation X, et <a href=\"https:\/\/comparemyjet.com\/fr\/gulfstream\/\" data-internallinksmanager029f6b8e52c=\"175\" title=\"Guide ultime des jets et avions priv\u00e9s Gulfstream\">Gulfstream<\/a> G200<\/em>.<\/p>\r\n\r\n\r\n\r\n<h3 class=\"wp-block-heading\"><span class=\"ez-toc-section\" id=\"4_Large_Private_Jets\"><\/span>4. Grands jets priv\u00e9s<span class=\"ez-toc-section-end\"><\/span><\/h3>\r\n\r\n\r\n\r\n<p>Les grands jets offrent la meilleure exp\u00e9rience de vol en jet priv\u00e9 pour les vols intercontinentaux. Ils peuvent transporter des groupes plus importants, car ils offrent suffisamment d'espace et de confort pour accueillir jusqu'\u00e0 15 personnes.<\/p>\r\n\r\n\r\n\r\n<h4 class=\"wp-block-heading\"><span class=\"ez-toc-section\" id=\"Our_Recommendation_The_Gulfstream_GIV\"><\/span>Notre recommandation : Le Gulfstream GIV<span class=\"ez-toc-section-end\"><\/span><\/h4>\r\n\r\n\r\n\r\n<p>La sophistication, le luxe et la s\u00e9curit\u00e9 des jets Gulfstream sont bien connus, il n'est donc pas surprenant que le GIV ait acquis une r\u00e9putation de premier jet d'affaires national et international. Des fauteuils inclinables individuellement, une table de r\u00e9union pour quatre personnes et un canap\u00e9 confortable sont tous inclus. Des lits confortables peuvent accueillir jusqu'\u00e0 six personnes dans la cabine.&nbsp;<\/p>\r\n\r\n\r\n\r\n<p>Sp\u00e9cifications :<\/p>\r\n\r\n\r\n\r\n<ul class=\"wp-block-list\"><li>Passagers : 14 si\u00e8ges\/6 lits ;<\/li><li>Port\u00e9e de vol : 3 880 nm ;<\/li><li>Espace bagages : 169 pi3 ;<\/li><li>Largeur de la cabine : 7 ft 3 in ;<\/li><li>Longueur de la cabine : 45 ft 1 in ;<\/li><li>Hauteur de la cabine : 6 ft 2 in ;<\/li><li>Vitesse de croisi\u00e8re : 548 mph.<\/li><\/ul>\r\n\r\n\r\n\r\n<p>Dans la flotte de gros porteurs FXAIR, vous trouverez \u00e9galement <em>Challenger 601\/604, Falcon 900EX, Falcon 2000EX, et Gulfstream G450<\/em>.<\/p>\r\n\r\n\r\n\r\n<h3 class=\"wp-block-heading\"><span class=\"ez-toc-section\" id=\"5_Ultra-Long-Range_Private_Jets\"><\/span>5. Jets priv\u00e9s \u00e0 tr\u00e8s long rayon d'action<span class=\"ez-toc-section-end\"><\/span><\/h3>\r\n\r\n\r\n\r\n<p>Un avion \u00e0 tr\u00e8s long rayon d'action est la meilleure alternative lorsque vous souhaitez parcourir de longues distances dans le luxe. Rien ne vaut un avion \u00e0 tr\u00e8s long rayon d'action pour les vols internationaux. C'est l'avion qu'il vous faut si vous pr\u00e9voyez un voyage \u00e0 l'\u00e9tranger qui exige autonomie, puissance et confort, surtout si vous \u00eates nombreux, car il peut facilement accueillir 13 passagers ou plus. Ces avions sont dot\u00e9s d'\u00e9quipements tels qu'une cuisine compl\u00e8te, des t\u00e9l\u00e9viseurs, des lits king-size, des toilettes et des espaces s\u00e9par\u00e9s pour dormir, manger, travailler et se divertir.<\/p>\r\n\r\n\r\n\r\n<h4 class=\"wp-block-heading\"><span class=\"ez-toc-section\" id=\"Our_Recommendation_Gulfstream_GV\"><\/span>Notre recommandation : Gulfstream GV<span class=\"ez-toc-section-end\"><\/span><\/h4>\r\n\r\n\r\n\r\n<p>Le Gulfstream GV \u00e9tait le premier jet d'affaires \u00e0 tr\u00e8s long rayon d'action, fabriqu\u00e9 par Gulfstream Aerospace en 1995 et commercialis\u00e9 en 1998. La production s'est termin\u00e9e en 2002. La caract\u00e9ristique la plus remarquable du GV est sa grande autonomie de vol et ses performances accrues.&nbsp;<\/p>\r\n\r\n\r\n\r\n<p>Sp\u00e9cifications :<\/p>\r\n\r\n\r\n\r\n<ul class=\"wp-block-list\"><li>Passagers : 12-16 ;<\/li><li>Longueur de la cabine : 50 ft 1 in ;<\/li><li>Largeur de la cabine : 7 ft 3 in ;<\/li><li>Hauteur de la cabine : 6 ft 1 in ;<\/li><li>Volume de l'habitacle : 1669 pi3 ;<\/li><li>Vitesse maximale : 585 mph ;<\/li><li>Distance de vol : 7389 miles ;<\/li><li>Volume des bagages : 226 pi3 ;<\/li><li>\u00c9quipage : jusqu'\u00e0 5 personnes.<\/li><\/ul>\r\n\r\n\r\n\r\n<p>Dans la flotte de jets \u00e0 tr\u00e8s long rayon d'action de FXAIR, vous trouverez \u00e9galement<em> Global Express, Falcon 7X, Global 6000, et Gulfstream G550\/G650<\/em>.<\/p>\r\n\r\n\r\n\r\n<h2 class=\"wp-block-heading\"><span class=\"ez-toc-section\" id=\"Company_Safety_Policy_and_Standards\"><\/span>Politique et normes de s\u00e9curit\u00e9 de l'entreprise<span class=\"ez-toc-section-end\"><\/span><\/h2>\r\n\r\n\r\n\r\n<p>Tous les op\u00e9rateurs qui transportent pour FXAIR - y compris chaque pilote et chaque avion - font l'objet d'un contr\u00f4le approfondi pour assurer votre s\u00e9curit\u00e9 et votre enti\u00e8re satisfaction. Ils doivent r\u00e9pondre aux exigences de la soci\u00e9t\u00e9 afin d'\u00eatre agr\u00e9\u00e9s par FXAIR.<\/p>\r\n\r\n\r\n\r\n<p>Qu'est-ce que cela signifie d'\u00eatre agr\u00e9\u00e9 FXAIR ? Avant votre vol, l'\u00e9quipe de s\u00e9curit\u00e9 sp\u00e9cialis\u00e9e inspecte minutieusement et autorise l'op\u00e9rateur, l'\u00e9quipage et l'avion. <a href=\"https:\/\/www.faa.gov\/\" target=\"_blank\" rel=\"noopener\">FAA<\/a> et <a href=\"https:\/\/www.ntsb.gov\/Pages\/home.aspx\" target=\"_blank\" rel=\"noopener\">NTSB<\/a> Les rapports, les dossiers et les certificats des pilotes, l'exp\u00e9rience de vol, la certification m\u00e9dicale, le statut de la licence de l'avion et l'assurance de l'avion sont tous v\u00e9rifi\u00e9s avant chaque vol.<\/p>\r\n\r\n\r\n\r\n<p>Chaque vol est pass\u00e9 en revue au moins 24 heures avant le d\u00e9collage afin de d\u00e9celer d'\u00e9ventuels probl\u00e8mes de service ou de s\u00e9curit\u00e9. Le centre de commandement est charg\u00e9 de superviser l'ensemble de l'activit\u00e9. Si un crit\u00e8re n'est pas respect\u00e9, le vol est annul\u00e9 et on vous donne un autre op\u00e9rateur qui r\u00e9pond \u00e0 tous les crit\u00e8res.<\/p>\r\n\r\n\r\n\r\n<p>De plus, pour garantir la s\u00e9curit\u00e9 des passagers, tous les exploitants d'a\u00e9ronefs du r\u00e9seau FXAIR sont tenus de suivre les rigoureuses directives COVID-19.<\/p>\r\n\r\n\r\n\r\n<h2 class=\"wp-block-heading\"><span class=\"ez-toc-section\" id=\"Conclusion\"><\/span>Conclusion<span class=\"ez-toc-section-end\"><\/span><\/h2>\r\n\r\n\r\n\r\n<figure class=\"wp-block-image size-full is-style-default\"><img loading=\"lazy\" decoding=\"async\" width=\"1000\" height=\"667\" src=\"https:\/\/comparemyjet.com\/wp-content\/uploads\/2022\/07\/happy.woman_.listening.to_.music_.on_.a.private.jet_.jpg\" alt=\"FXAIR\" class=\"wp-image-3183\" srcset=\"https:\/\/comparemyjet.com\/wp-content\/uploads\/2022\/07\/happy.woman_.listening.to_.music_.on_.a.private.jet_-18x12.jpg 18w, https:\/\/comparemyjet.com\/wp-content\/uploads\/2022\/07\/happy.woman_.listening.to_.music_.on_.a.private.jet_-300x200.jpg 300w, https:\/\/comparemyjet.com\/wp-content\/uploads\/2022\/07\/happy.woman_.listening.to_.music_.on_.a.private.jet_-768x512.jpg 768w, https:\/\/comparemyjet.com\/wp-content\/uploads\/2022\/07\/happy.woman_.listening.to_.music_.on_.a.private.jet_.jpg 1000w\" sizes=\"auto, (max-width: 1000px) 100vw, 1000px\" \/><\/figure>\r\n\r\n\r\n\r\n<p>Bien que nouvellement cr\u00e9\u00e9e, FXAIR est issue de la famille Directional Aviation, \u00e9tablie de longue date, de sorte que les personnes qui la dirigent ont une exp\u00e9rience plus que suffisante dans le secteur de l'aviation. Sp\u00e9cialis\u00e9e dans les vols charter \u00e0 la demande, la soci\u00e9t\u00e9 propose des avions Flexjet de deuxi\u00e8me g\u00e9n\u00e9ration approuv\u00e9s par FXAIR. Vous pouvez choisir parmi leur grande flotte de jets l\u00e9gers, moyens et super moyens, grands et ultra longs courriers, ce qui fait de FXAIR un choix valable en tant que compagnie d'affr\u00e8tement \u00e0 la demande.<\/p>","protected":false},"excerpt":{"rendered":"<p>FXAIR est une soci\u00e9t\u00e9 d'affr\u00e8tement priv\u00e9e relativement r\u00e9cente qui a commenc\u00e9 ses activit\u00e9s en 2020. L'entreprise a connu une croissance exponentielle depuis, notamment en raison de la popularit\u00e9 croissante des voyages a\u00e9riens priv\u00e9s avec la pand\u00e9mie de COVID-19. FXAIR fait partie de la famille d'entreprises Directional Aviation fond\u00e9e par Ken Ricci, qui comprend Flexjet, Sentient Jet, PrivateFly, ...<\/p>","protected":false},"author":2,"featured_media":3184,"parent":0,"menu_order":0,"comment_status":"closed","ping_status":"closed","template":"","meta":{"_acf_changed":false,"_genesis_hide_title":false,"_genesis_hide_breadcrumbs":false,"_genesis_hide_singular_image":false,"_genesis_hide_footer_widgets":false,"_genesis_custom_body_class":"","_genesis_custom_post_class":"","_genesis_layout":"","footnotes":""},"class_list":{"1":"page","2":"type-page","6":"entry"},"acf":[],"_links":{"self":[{"href":"https:\/\/comparemyjet.com\/fr\/wp-json\/wp\/v2\/pages\/3182","targetHints":{"allow":["GET"]}}],"collection":[{"href":"https:\/\/comparemyjet.com\/fr\/wp-json\/wp\/v2\/pages"}],"about":[{"href":"https:\/\/comparemyjet.com\/fr\/wp-json\/wp\/v2\/types\/page"}],"author":[{"embeddable":true,"href":"https:\/\/comparemyjet.com\/fr\/wp-json\/wp\/v2\/users\/2"}],"replies":[{"embeddable":true,"href":"https:\/\/comparemyjet.com\/fr\/wp-json\/wp\/v2\/comments?post=3182"}],"version-history":[{"count":2,"href":"https:\/\/comparemyjet.com\/fr\/wp-json\/wp\/v2\/pages\/3182\/revisions"}],"predecessor-version":[{"id":3448,"href":"https:\/\/comparemyjet.com\/fr\/wp-json\/wp\/v2\/pages\/3182\/revisions\/3448"}],"wp:featuredmedia":[{"embeddable":true,"href":"https:\/\/comparemyjet.com\/fr\/wp-json\/wp\/v2\/media\/3184"}],"wp:attachment":[{"href":"https:\/\/comparemyjet.com\/fr\/wp-json\/wp\/v2\/media?parent=3182"}],"curies":[{"name":"wp","href":"https:\/\/api.w.org\/{rel}","templated":true}]}}