{"id":3187,"date":"2022-08-04T21:07:44","date_gmt":"2022-08-04T21:07:44","guid":{"rendered":"https:\/\/comparemyjet.com\/?page_id=3187"},"modified":"2025-09-04T09:59:34","modified_gmt":"2025-09-04T09:59:34","slug":"northern-jet-management","status":"publish","type":"page","link":"https:\/\/comparemyjet.com\/fr\/northern-jet-management\/","title":{"rendered":"Northern Jet Management"},"content":{"rendered":"<p>Northern Jet Management, fournisseur de services de transport par jet d'\u00e9lite, offre des services complets <a href=\"https:\/\/comparemyjet.com\/fr\/quelles-sont-certaines-societes-de-gestion-daeronefs\/\" data-internallinksmanager029f6b8e52c=\"21\" title=\"Services et soci\u00e9t\u00e9s de gestion d&#039;a\u00e9ronefs\">gestion des avions<\/a>L'entreprise propose un programme de propri\u00e9t\u00e9 partag\u00e9e, des charters \u00e0 la demande, ainsi que l'achat et la vente d'avions aux entreprises et aux particuliers. Elle dessert plus de 3 400 destinations aux \u00c9tats-Unis, dans les Cara\u00efbes, au Mexique et au Canada.<\/p>\r\n\r\n\r\n\r\n<p>Nous allons explorer plus en d\u00e9tail ce qu'ils offrent, mais d'abord, un bref aper\u00e7u de la fa\u00e7on dont la soci\u00e9t\u00e9 a \u00e9t\u00e9 cr\u00e9\u00e9e.<\/p>\r\n\r\n\r\n\r\n<div id=\"ez-toc-container\" class=\"ez-toc-v2_0_76 counter-hierarchy ez-toc-counter ez-toc-grey ez-toc-container-direction\">\n<p class=\"ez-toc-title\" style=\"cursor:inherit\">Sujets<\/p>\n<label for=\"ez-toc-cssicon-toggle-item-69db9fc762220\" class=\"ez-toc-cssicon-toggle-label\"><span class=\"\"><span class=\"eztoc-hide\" style=\"display:none;\">Toggle<\/span><span class=\"ez-toc-icon-toggle-span\"><svg style=\"fill: #999;color:#999\" xmlns=\"http:\/\/www.w3.org\/2000\/svg\" class=\"list-377408\" width=\"20px\" height=\"20px\" viewbox=\"0 0 24 24\" fill=\"none\"><path d=\"M6 6H4v2h2V6zm14 0H8v2h12V6zM4 11h2v2H4v-2zm16 0H8v2h12v-2zM4 16h2v2H4v-2zm16 0H8v2h12v-2z\" fill=\"currentColor\"><\/path><\/svg><svg style=\"fill: #999;color:#999\" class=\"arrow-unsorted-368013\" xmlns=\"http:\/\/www.w3.org\/2000\/svg\" width=\"10px\" height=\"10px\" viewbox=\"0 0 24 24\" version=\"1.2\" baseprofile=\"tiny\"><path d=\"M18.2 9.3l-6.2-6.3-6.2 6.3c-.2.2-.3.4-.3.7s.1.5.3.7c.2.2.4.3.7.3h11c.3 0 .5-.1.7-.3.2-.2.3-.5.3-.7s-.1-.5-.3-.7zM5.8 14.7l6.2 6.3 6.2-6.3c.2-.2.3-.5.3-.7s-.1-.5-.3-.7c-.2-.2-.4-.3-.7-.3h-11c-.3 0-.5.1-.7.3-.2.2-.3.5-.3.7s.1.5.3.7z\"\/><\/svg><\/span><\/span><\/label><input type=\"checkbox\"  id=\"ez-toc-cssicon-toggle-item-69db9fc762220\" checked aria-label=\"Toggle\" \/><nav><ul class='ez-toc-list ez-toc-list-level-1' ><li class='ez-toc-page-1 ez-toc-heading-level-2'><a class=\"ez-toc-link ez-toc-heading-1\" href=\"https:\/\/comparemyjet.com\/fr\/northern-jet-management\/#About_the_Company\" >\u00c0 propos de l'entreprise&nbsp;<\/a><\/li><li class='ez-toc-page-1 ez-toc-heading-level-2'><a class=\"ez-toc-link ez-toc-heading-2\" href=\"https:\/\/comparemyjet.com\/fr\/northern-jet-management\/#Ways_to_Fly\" >Les moyens de voler<\/a><ul class='ez-toc-list-level-3' ><li class='ez-toc-heading-level-3'><a class=\"ez-toc-link ez-toc-heading-3\" href=\"https:\/\/comparemyjet.com\/fr\/northern-jet-management\/#Jet_Management\" >Gestion des jets<\/a><\/li><li class='ez-toc-page-1 ez-toc-heading-level-3'><a class=\"ez-toc-link ez-toc-heading-4\" href=\"https:\/\/comparemyjet.com\/fr\/northern-jet-management\/#Company_Card_Program\" >Programme de cartes d'entreprise<\/a><\/li><li class='ez-toc-page-1 ez-toc-heading-level-3'><a class=\"ez-toc-link ez-toc-heading-5\" href=\"https:\/\/comparemyjet.com\/fr\/northern-jet-management\/#Fractional_Jet_Ownership_Program\" >Programme de propri\u00e9t\u00e9 fractionn\u00e9e des jets<\/a><\/li><li class='ez-toc-page-1 ez-toc-heading-level-3'><a class=\"ez-toc-link ez-toc-heading-6\" href=\"https:\/\/comparemyjet.com\/fr\/northern-jet-management\/#Empty_Leg_Flights\" >Vols \u00e0 vide<\/a><\/li><li class='ez-toc-page-1 ez-toc-heading-level-3'><a class=\"ez-toc-link ez-toc-heading-7\" href=\"https:\/\/comparemyjet.com\/fr\/northern-jet-management\/#Acquiring_or_Selling_an_Aircraft\" >Acquisition ou vente d'un a\u00e9ronef<\/a><\/li><\/ul><\/li><li class='ez-toc-page-1 ez-toc-heading-level-2'><a class=\"ez-toc-link ez-toc-heading-8\" href=\"https:\/\/comparemyjet.com\/fr\/northern-jet-management\/#Pricing\" >Fixation des prix<\/a><\/li><li class='ez-toc-page-1 ez-toc-heading-level-2'><a class=\"ez-toc-link ez-toc-heading-9\" href=\"https:\/\/comparemyjet.com\/fr\/northern-jet-management\/#The_Fleet\" >La flotte&nbsp;<\/a><ul class='ez-toc-list-level-3' ><li class='ez-toc-heading-level-3'><a class=\"ez-toc-link ez-toc-heading-10\" href=\"https:\/\/comparemyjet.com\/fr\/northern-jet-management\/#1_Midsize_Private_Jets\" >1. Jets priv\u00e9s de taille moyenne<\/a><ul class='ez-toc-list-level-4' ><li class='ez-toc-heading-level-4'><a class=\"ez-toc-link ez-toc-heading-11\" href=\"https:\/\/comparemyjet.com\/fr\/northern-jet-management\/#Our_Recommendation_Learjet_40\" >Notre recommandation : Learjet 40<\/a><\/li><\/ul><\/li><li class='ez-toc-page-1 ez-toc-heading-level-3'><a class=\"ez-toc-link ez-toc-heading-12\" href=\"https:\/\/comparemyjet.com\/fr\/northern-jet-management\/#2_Super-Midsize_Private_Jets\" >2. Jets priv\u00e9s super-moyens&nbsp;<\/a><ul class='ez-toc-list-level-4' ><li class='ez-toc-heading-level-4'><a class=\"ez-toc-link ez-toc-heading-13\" href=\"https:\/\/comparemyjet.com\/fr\/northern-jet-management\/#Our_Recommendation_Cessna_Citation_Sovereign\" >Notre recommandation : Cessna Citation Sovereign<\/a><\/li><\/ul><\/li><\/ul><\/li><li class='ez-toc-page-1 ez-toc-heading-level-2'><a class=\"ez-toc-link ez-toc-heading-14\" href=\"https:\/\/comparemyjet.com\/fr\/northern-jet-management\/#Company_Safety_Policy_and_Standards\" >Politique et normes de s\u00e9curit\u00e9 de l'entreprise<\/a><\/li><li class='ez-toc-page-1 ez-toc-heading-level-2'><a class=\"ez-toc-link ez-toc-heading-15\" href=\"https:\/\/comparemyjet.com\/fr\/northern-jet-management\/#The_Staff\" >Le personnel<\/a><\/li><li class='ez-toc-page-1 ez-toc-heading-level-2'><a class=\"ez-toc-link ez-toc-heading-16\" href=\"https:\/\/comparemyjet.com\/fr\/northern-jet-management\/#Conclusion\" >Conclusion<\/a><\/li><\/ul><\/nav><\/div>\n<h2 class=\"wp-block-heading\"><span class=\"ez-toc-section\" id=\"About_the_Company\"><\/span>\u00c0 propos de l'entreprise&nbsp;<span class=\"ez-toc-section-end\"><\/span><\/h2>\r\n\r\n\r\n\r\n<p>Northern Jet Management est une soci\u00e9t\u00e9 priv\u00e9e cr\u00e9\u00e9e en 1995, avec Charles Cox comme PDG.&nbsp;<\/p>\r\n\r\n\r\n\r\n<p>Leur si\u00e8ge est situ\u00e9 dans le Michigan, \u00e0 Grand Rapids, et ils disposent d'une base pleinement op\u00e9rationnelle dans le pays. <a href=\"https:\/\/comparemyjet.com\/fr\/visites-privees\/naples-private-tours\/\" data-internallinksmanager029f6b8e52c=\"299\" title=\"11 Best Naples Private Tours From $90.53\">Naples<\/a>, Floride.&nbsp;<\/p>\r\n\r\n\r\n\r\n<h2 class=\"wp-block-heading\"><span class=\"ez-toc-section\" id=\"Ways_to_Fly\"><\/span>Les moyens de voler<span class=\"ez-toc-section-end\"><\/span><\/h2>\r\n\r\n\r\n\r\n<p>Pour r\u00e9pondre \u00e0 vos besoins en mati\u00e8re d'aviation, Northern Jet Management propose une gamme de solutions sp\u00e9cialis\u00e9es - du programme de carte d'avion priv\u00e9 tout compris connu sous le nom de Private Advantage Card, \u00e0 la gestion compl\u00e8te des avions et aux achats, \u00e0 la location et \u00e0 la consultation.<\/p>\r\n\r\n\r\n\r\n<h3 class=\"wp-block-heading\"><span class=\"ez-toc-section\" id=\"Jet_Management\"><\/span>Gestion des jets<span class=\"ez-toc-section-end\"><\/span><\/h3>\r\n\r\n\r\n\r\n<p>Avec les Jets du Nord <a href=\"https:\/\/northernjet.net\/programs\/aircraft-management\/\" target=\"_blank\" rel=\"noopener\">solutions de gestion<\/a>Le personnel charg\u00e9 du transport au sol, des demandes sp\u00e9ciales et de la programmation est disponible 365 jours par an, selon vos besoins. Le personnel comptable surveille attentivement les d\u00e9penses et cr\u00e9e des rapports mensuels sur l'activit\u00e9, les co\u00fbts, la maintenance et les autres d\u00e9penses, afin que vous soyez toujours au courant de toute activit\u00e9 li\u00e9e \u00e0 votre avion.<\/p>\r\n\r\n\r\n\r\n<p>Chaque appareil de la flotte de Northern Jet a \u00e0 son bord un \u00e9quipage de vol hautement qualifi\u00e9, et chaque pilote poss\u00e8de une qualification de type pour l'appareil qu'il pilote. En outre, tous les employ\u00e9s sont soumis \u00e0 une formation de 10 ans <a href=\"https:\/\/www.fbi.gov\/about\" target=\"_blank\" rel=\"noopener\">FBI<\/a> la v\u00e9rification des ant\u00e9c\u00e9dents dans le cadre du processus d'embauche.<\/p>\r\n\r\n\r\n\r\n<h3 class=\"wp-block-heading\"><span class=\"ez-toc-section\" id=\"Company_Card_Program\"><\/span>Programme de cartes d'entreprise<span class=\"ez-toc-section-end\"><\/span><\/h3>\r\n\r\n\r\n\r\n<p>Le site <a href=\"https:\/\/northernjet.net\/programs\/jet-card\/\" target=\"_blank\" rel=\"noopener\"><strong>Carte avantage priv\u00e9e<\/strong><\/a> de Northern Jet Management est une carte de 25 heures destin\u00e9e aux voyageurs de loisirs qui effectuent des vols aller simple entre le Midwest et la Floride. La carte, g\u00e9r\u00e9e par la compagnie <a href=\"https:\/\/comparemyjet.com\/fr\/learjet\/\" data-internallinksmanager029f6b8e52c=\"149\" title=\"Guide ultime des jets priv\u00e9s et des avions Learjet\">Learjet<\/a> Les 40XR sont mis en vedette dans le programme, et les titulaires de cartes ont \u00e9galement la possibilit\u00e9 de choisir le Learjet 70.&nbsp;<\/p>\r\n\r\n\r\n\r\n<p>Il n'y a pas de frais de repositionnement dans un rayon de 180 miles de&nbsp;<\/p>\r\n\r\n\r\n\r\n<ul class=\"wp-block-list\"><li>Grand Rapids ;<\/li><li>Naples, Floride ;<\/li><li><a href=\"https:\/\/comparemyjet.com\/fr\/vols-en-jet-prive-vers-chicago\/\" data-internallinksmanager029f6b8e52c=\"170\" title=\"Affr\u00e8tement de jet priv\u00e9 \u00e0 Chicago\">Chicago<\/a>Dans l'Illinois ;<\/li><li>et le Michigan.&nbsp;<\/li><\/ul>\r\n\r\n\r\n\r\n<p>Un prix horaire tout compris et un pr\u00e9avis d'au moins 24 heures sont quelques-uns des autres avantages offerts par cette carte, tandis que pour les titulaires bas\u00e9s dans le Midwest, il n'y a pas de dates indisponibles ni de frais de d\u00e9m\u00e9nagement.<\/p>\r\n\r\n\r\n\r\n<h3 class=\"wp-block-heading\"><span class=\"ez-toc-section\" id=\"Fractional_Jet_Ownership_Program\"><\/span>Programme de propri\u00e9t\u00e9 fractionn\u00e9e des jets<span class=\"ez-toc-section-end\"><\/span><\/h3>\r\n\r\n\r\n\r\n<p>Le site <a href=\"https:\/\/northernjet.net\/programs\/fractional-jet-ownership\/\" target=\"_blank\" rel=\"noopener\"><strong>Company Jet<\/strong><\/a> est un <a href=\"https:\/\/comparemyjet.com\/fr\/comment-fonctionne-la-propriete-fractionnee-dun-jet\/\" data-internallinksmanager029f6b8e52c=\"20\" title=\"Comment fonctionne la propri\u00e9t\u00e9 fractionn\u00e9e d&#039;un jet ?\">propri\u00e9t\u00e9 fractionn\u00e9e de jet<\/a> programme sp\u00e9cialement cr\u00e9\u00e9 pour les besoins des voyageurs d'affaires. Les voyageurs d'affaires et les soci\u00e9t\u00e9s constituent le seul public cible du concept de propri\u00e9t\u00e9 partag\u00e9e de Company Jet.<\/p>\r\n\r\n\r\n\r\n<p>Les membres ont un aper\u00e7u de ce qu'est la propri\u00e9t\u00e9 d'un avion priv\u00e9, sans les soucis de gestion et d'exploitation, et avec le soutien d'une \u00e9quipe d'experts. La signature d'un contrat s'accompagne d'un engagement de cinq ans et d'une accessibilit\u00e9 garantie avec un pr\u00e9avis minimum de 12 heures. Des services de conciergerie sont disponibles 24 heures sur 24, et une \u00e9quipe de sp\u00e9cialistes du secteur facilitera et offrira un soutien en mati\u00e8re de finance, de comptabilit\u00e9 et de l\u00e9gislation a\u00e9rienne.<\/p>\r\n\r\n\r\n\r\n<h3 class=\"wp-block-heading\"><span class=\"ez-toc-section\" id=\"Empty_Leg_Flights\"><\/span>Vols \u00e0 vide<span class=\"ez-toc-section-end\"><\/span><\/h3>\r\n\r\n\r\n\r\n<p>L'entreprise fait r\u00e9f\u00e9rence \u00e0 son <a href=\"https:\/\/comparemyjet.com\/fr\/comment-lire-les-vols-aux-jambes-vides\/\" data-internallinksmanager029f6b8e52c=\"24\" title=\"Comment r\u00e9server des vols \u00e0 vide\">vols \u00e0 vide<\/a> comme \"<a href=\"https:\/\/northernjet.net\/flight-opportunities\/\" target=\"_blank\" rel=\"noopener\">possibilit\u00e9s de vol<\/a>\". Un nom tout \u00e0 fait appropri\u00e9, \u00e9tant donn\u00e9 que ces vols sont une v\u00e9ritable aubaine. Tout le monde peut s'inscrire pour recevoir et suivre les vols \u00e0 vide disponibles sur son compte de messagerie et saisir l'occasion de s'envoler vers l'une de ses destinations pour une fraction du co\u00fbt.&nbsp;<\/p>\r\n\r\n\r\n\r\n<h3 class=\"wp-block-heading\"><span class=\"ez-toc-section\" id=\"Acquiring_or_Selling_an_Aircraft\"><\/span>Acquisition ou vente d'un a\u00e9ronef<span class=\"ez-toc-section-end\"><\/span><\/h3>\r\n\r\n\r\n\r\n<p>Rejoindre Northern Jet, c'est avoir un acc\u00e8s complet \u00e0 leur \u00e9quipe de professionnels, qui dispose de d\u00e9cennies d'expertise et de contacts pour identifier les meilleurs choix d'avions adapt\u00e9s aux besoins de leurs clients en mati\u00e8re de <a href=\"https:\/\/northernjet.net\/programs\/aircraft-acquisition-sales-brokerage\/\" target=\"_blank\" rel=\"noopener\">l'achat ou la vente d'un a\u00e9ronef neuf ou d'occasion<\/a>.<\/p>\r\n\r\n\r\n\r\n<h2 class=\"wp-block-heading\"><span class=\"ez-toc-section\" id=\"Pricing\"><\/span>Fixation des prix<span class=\"ez-toc-section-end\"><\/span><\/h2>\r\n\r\n\r\n\r\n<figure class=\"wp-block-image size-full is-style-default\"><img loading=\"lazy\" decoding=\"async\" width=\"1000\" height=\"667\" src=\"https:\/\/comparemyjet.com\/wp-content\/uploads\/2022\/06\/woman.in_.blue_.dress_.enjoying.view_.from_.private.jet_.jpg\" alt=\"\" class=\"wp-image-2997\" srcset=\"https:\/\/comparemyjet.com\/wp-content\/uploads\/2022\/06\/woman.in_.blue_.dress_.enjoying.view_.from_.private.jet_-18x12.jpg 18w, https:\/\/comparemyjet.com\/wp-content\/uploads\/2022\/06\/woman.in_.blue_.dress_.enjoying.view_.from_.private.jet_-300x200.jpg 300w, https:\/\/comparemyjet.com\/wp-content\/uploads\/2022\/06\/woman.in_.blue_.dress_.enjoying.view_.from_.private.jet_-768x512.jpg 768w, https:\/\/comparemyjet.com\/wp-content\/uploads\/2022\/06\/woman.in_.blue_.dress_.enjoying.view_.from_.private.jet_.jpg 1000w\" sizes=\"auto, (max-width: 1000px) 100vw, 1000px\" \/><\/figure>\r\n\r\n\r\n\r\n<p>Northern Jet Management est r\u00e9put\u00e9 pour ses prix abordables, son attachement aux normes de s\u00e9curit\u00e9 les plus \u00e9lev\u00e9es et son attention aux besoins de ses clients.<\/p>\r\n\r\n\r\n\r\n<p>Pour devenir titulaire de la Private Advantage Card de Northern Jet Management, il faut payer des frais d'initiation d'un peu moins de $165 000.&nbsp;<\/p>\r\n\r\n\r\n\r\n<p>Les passagers qui suivent et profitent des vols \u00e0 vide de la compagnie, r\u00e9pertori\u00e9s sur le site web de la compagnie, \u00e9conomisent $1,000 sur le prix standard par heure.<\/p>\r\n\r\n\r\n\r\n<h2 class=\"wp-block-heading\"><span class=\"ez-toc-section\" id=\"The_Fleet\"><\/span>La flotte&nbsp;<span class=\"ez-toc-section-end\"><\/span><\/h2>\r\n\r\n\r\n\r\n<p>Chaque avion de la flotte de 20 appareils de Northern Jet Management est g\u00e9r\u00e9 par des professionnels de l'aviation exp\u00e9riment\u00e9s. Tous les mod\u00e8les sont neufs et modernes, les jets de taille moyenne et super moyenne constituant la cat\u00e9gorie d'appareils principale et dominante.&nbsp;<\/p>\r\n\r\n\r\n\r\n<h3 class=\"wp-block-heading\"><span class=\"ez-toc-section\" id=\"1_Midsize_Private_Jets\"><\/span>1. Jets priv\u00e9s de taille moyenne<span class=\"ez-toc-section-end\"><\/span><\/h3>\r\n\r\n\r\n\r\n<p>Pour les voyages personnels et d'affaires, l'affr\u00e8tement d'un avion de taille moyenne vous permettra d'effectuer un vol confortable sur de longues distances. L'avion de taille moyenne est populaire parmi les passagers d'affaires et de loisirs en raison de ses cabines spacieuses, de l'espace ad\u00e9quat pour les bagages et de ses \u00e9quipements haut de gamme.<\/p>\r\n\r\n\r\n\r\n<h4 class=\"wp-block-heading\"><span class=\"ez-toc-section\" id=\"Our_Recommendation_Learjet_40\"><\/span>Notre recommandation : Learjet 40<span class=\"ez-toc-section-end\"><\/span><\/h4>\r\n\r\n\r\n\r\n<p>Le Learjet 40 est un petit avion d'affaires fabriqu\u00e9 par <a href=\"https:\/\/comparemyjet.com\/fr\/bombardier\/\" data-internallinksmanager029f6b8e52c=\"159\" title=\"Guide ultime des avions et jets priv\u00e9s Bombardier\">Bombardier<\/a> Learjet. Il est propuls\u00e9 par deux moteurs, son int\u00e9rieur est plus grand que celui de ses rivaux, et son design est une source d'inspiration pour les futurs mod\u00e8les. Cependant, le corps est plus court et le r\u00e9servoir de carburant est plus petit que celui du Learjet 45.&nbsp;<\/p>\r\n\r\n\r\n\r\n<p>Sp\u00e9cifications :<\/p>\r\n\r\n\r\n\r\n<ul class=\"wp-block-list\"><li>Passagers : 7 ;<\/li><li>Hauteur ext\u00e9rieure : 14 ft 2 in ;<\/li><li>Longueur totale : 55 ft 5 in ;<\/li><li>Envergure des ailes : 47 ft 9 in ;<\/li><li>Largeur de la cabine : 5 ft 1 in ;<\/li><li>Hauteur de la cabine : 4 ft 11 in ;<\/li><li>Longueur de la cabine : 17 ft 8 in ;<\/li><li>Port\u00e9e de vol maximale : 1707 nm ;<\/li><li>Vitesse de croisi\u00e8re maximale : 465 kts ;<\/li><li>Espace bagages ext\u00e9rieur : 50 pieds cubes ;<\/li><li>Espace int\u00e9rieur pour les bagages : 15 pi3 ;<\/li><li>\u00c9quipage : 2.<\/li><\/ul>\r\n\r\n\r\n\r\n<p>Northern Jet Management propose des appareils efficaces et abordables dans son catalogue de jets priv\u00e9s de taille moyenne, notamment le <em>Bombardier 45 Series<\/em>, <em><a href=\"https:\/\/comparemyjet.com\/fr\/gulfstream\/\" data-internallinksmanager029f6b8e52c=\"175\" title=\"Guide ultime des jets et avions priv\u00e9s Gulfstream\">Gulfstream<\/a> G150<\/em>, <em>Learjet 70\/75<\/em>, <em>Learjet 45XR<\/em>et notre mod\u00e8le recommand\u00e9, <em>Learjet 40<\/em>.<\/p>\r\n\r\n\r\n\r\n<h3 class=\"wp-block-heading\"><span class=\"ez-toc-section\" id=\"2_Super-Midsize_Private_Jets\"><\/span>2. Jets priv\u00e9s super-moyens&nbsp;<span class=\"ez-toc-section-end\"><\/span><\/h3>\r\n\r\n\r\n\r\n<p>Les jets de la cat\u00e9gorie super-midsize peuvent voler jusqu'\u00e0 6 heures, soit 2 heures de plus que la cat\u00e9gorie pr\u00e9c\u00e9dente, ce qui les rend id\u00e9aux pour les vols transnationaux. Les passagers ont acc\u00e8s \u00e0 des cabines spacieuses et \u00e0 des \u00e9quipements de premier ordre, y compris un plus grand espace pour les bagages.<\/p>\r\n\r\n\r\n\r\n<h4 class=\"wp-block-heading\"><span class=\"ez-toc-section\" id=\"Our_Recommendation_Cessna_Citation_Sovereign\"><\/span>Notre recommandation : Cessna Citation Sovereign<span class=\"ez-toc-section-end\"><\/span><\/h4>\r\n\r\n\r\n\r\n<p>Le Sovereign, produit par un fabricant am\u00e9ricain - <a href=\"https:\/\/comparemyjet.com\/fr\/cessna\/\" data-internallinksmanager029f6b8e52c=\"145\" title=\"Guide ultime des jets et avions priv\u00e9s Cessna\">Cessna<\/a>Le Citation Sovereign est un avion transcontinental. Les caract\u00e9ristiques de conception du Citation Sovereign comprennent un long corps, des ailes redessin\u00e9es, un \u00e9quipement de cockpit en verre avec quatre panneaux LCD, et deux moteurs.&nbsp;<\/p>\r\n\r\n\r\n\r\n<p>Sp\u00e9cifications :&nbsp;<\/p>\r\n\r\n\r\n\r\n<ul class=\"wp-block-list\"><li>Passagers : 9 ;<\/li><li>Hauteur ext\u00e9rieure : 20 ft 4 in ;<\/li><li>Longueur totale : 63 ft 6 in ;<\/li><li>Envergure des ailes : 63 ft 4 in ;<\/li><li>Largeur de la cabine : 5 ft 6 in ;<\/li><li>Hauteur de la cabine : 5 ft 8 in ;<\/li><li>Longueur de la cabine : 25 ft 3 in ;<\/li><li>Port\u00e9e de vol maximale : 3010 nm ;<\/li><li>Vitesse de croisi\u00e8re maximale : 459 kts ;<\/li><li>Equipage : 2 ;<\/li><li>Espace int\u00e9rieur pour les bagages : 35 pi3 ;<\/li><li>Espace bagages ext\u00e9rieur : 100 pieds cubes.<\/li><\/ul>\r\n\r\n\r\n\r\n<p>Northern Jet Management propose deux appareils s\u00fbrs et efficaces dans son catalogue de jets priv\u00e9s de taille super-moyenne, le <em>Challenger 300<\/em> et notre mod\u00e8le recommand\u00e9 <em>Cessna Citation Sovereign<\/em>.<\/p>\r\n\r\n\r\n\r\n<h2 class=\"wp-block-heading\"><span class=\"ez-toc-section\" id=\"Company_Safety_Policy_and_Standards\"><\/span>Politique et normes de s\u00e9curit\u00e9 de l'entreprise<span class=\"ez-toc-section-end\"><\/span><\/h2>\r\n\r\n\r\n\r\n<p>L'\u00e9quipe de Northern Jet Management r\u00e9alise r\u00e9guli\u00e8rement des audits internes et des \u00e9valuations des processus, des pratiques, des op\u00e9rations et des services dans plus de 40 domaines op\u00e9rationnels.<\/p>\r\n\r\n\r\n\r\n<p>De plus, Northern Jet Management a <a href=\"https:\/\/www.argus.aero\/\" target=\"_blank\" rel=\"noopener\">ARGUS<\/a> Platine et <a href=\"https:\/\/www.acsf.aero\/\" target=\"_blank\" rel=\"noopener\">ACSF<\/a> et utilise exclusivement des m\u00e9caniciens ayant <a href=\"https:\/\/www.faa.gov\/\" target=\"_blank\" rel=\"noopener\">FAA<\/a> licences. De plus, Northern Jet Management a re\u00e7u l'approbation de phase 3 de la part de la Commission europ\u00e9enne. <a href=\"https:\/\/ibac.org\/is-bao\" target=\"_blank\" rel=\"noopener\">Norme internationale pour l'exploitation des avions d'affaires<\/a> (IS-BAO).<\/p>\r\n\r\n\r\n\r\n<h2 class=\"wp-block-heading\"><span class=\"ez-toc-section\" id=\"The_Staff\"><\/span>Le personnel<span class=\"ez-toc-section-end\"><\/span><\/h2>\r\n\r\n\r\n\r\n<figure class=\"wp-block-image size-full is-style-default\"><img loading=\"lazy\" decoding=\"async\" width=\"1000\" height=\"667\" src=\"https:\/\/comparemyjet.com\/wp-content\/uploads\/2022\/07\/private.jet_.pilots.in_.cockpit.jpg\" alt=\"\" class=\"wp-image-3072\" srcset=\"https:\/\/comparemyjet.com\/wp-content\/uploads\/2022\/07\/private.jet_.pilots.in_.cockpit-18x12.jpg 18w, https:\/\/comparemyjet.com\/wp-content\/uploads\/2022\/07\/private.jet_.pilots.in_.cockpit-300x200.jpg 300w, https:\/\/comparemyjet.com\/wp-content\/uploads\/2022\/07\/private.jet_.pilots.in_.cockpit-768x512.jpg 768w, https:\/\/comparemyjet.com\/wp-content\/uploads\/2022\/07\/private.jet_.pilots.in_.cockpit.jpg 1000w\" sizes=\"auto, (max-width: 1000px) 100vw, 1000px\" \/><\/figure>\r\n\r\n\r\n\r\n<p>Northern Jet Management am\u00e9liore et modifie constamment les op\u00e9rations de la soci\u00e9t\u00e9 afin de garantir les normes de s\u00e9curit\u00e9 les plus \u00e9lev\u00e9es.<\/p>\r\n\r\n\r\n\r\n<p>Leur personnel b\u00e9n\u00e9ficie en permanence d'une formation au pilotage dispens\u00e9e par <a href=\"https:\/\/www.cae.com\/\" target=\"_blank\" rel=\"noopener\">CAE<\/a> ou <a href=\"https:\/\/www.flightsafety.com\/\" target=\"_blank\" rel=\"noopener\">FlightSafety International<\/a>. Chaque segment de vol commence par une analyse des risques de s\u00e9curit\u00e9 par l'\u00e9quipage. De plus, l'\u00e9quipage re\u00e7oit une formation interne par le biais du <a href=\"https:\/\/www.nata.aero\/education-and-training\/safety-1st\" target=\"_blank\" rel=\"noopener\">Programme national de formation \u00e0 la s\u00e9curit\u00e9 du transport a\u00e9rien<\/a>.<\/p>\r\n\r\n\r\n\r\n<p>Pour aider les nouveaux pilotes et les pilotes actuels, des pilotes seniors certifi\u00e9s font office de sp\u00e9cialistes internes qui offrent leur expertise \u00e0 l'\u00e9quipe de direction en mati\u00e8re de proc\u00e9dures op\u00e9rationnelles.<\/p>\r\n\r\n\r\n\r\n<h2 class=\"wp-block-heading\"><span class=\"ez-toc-section\" id=\"Conclusion\"><\/span>Conclusion<span class=\"ez-toc-section-end\"><\/span><\/h2>\r\n\r\n\r\n\r\n<p>Les passagers qui souhaitent b\u00e9n\u00e9ficier de la libert\u00e9 et de la commodit\u00e9 que garantissent les voyages en jet priv\u00e9 sont les bienvenus chez Northern Jet Management. Gr\u00e2ce \u00e0 l'engagement de la soci\u00e9t\u00e9 \u00e0 fournir un service de qualit\u00e9, elle vous fera gagner beaucoup de temps pour la r\u00e9servation et la planification. Northern Jet Management est la premi\u00e8re soci\u00e9t\u00e9 d'aviation priv\u00e9e du Midwest, gr\u00e2ce \u00e0 ses solutions de propri\u00e9t\u00e9 fractionn\u00e9e et de gestion d'avions.<\/p>","protected":false},"excerpt":{"rendered":"<p>Northern Jet Management, fournisseur de voyages en jet d'\u00e9lite, propose une gestion compl\u00e8te des avions, un programme de propri\u00e9t\u00e9 partag\u00e9e, des charters \u00e0 la demande, ainsi que l'achat et la vente d'avions aux entreprises et aux particuliers. Ils desservent plus de 3 400 destinations aux \u00c9tats-Unis, dans les Cara\u00efbes, au Mexique et au Canada. Nous allons explorer plus en d\u00e9tail ce qu'ils offrent, mais d'abord, un bref aper\u00e7u ...<\/p>","protected":false},"author":2,"featured_media":3188,"parent":0,"menu_order":0,"comment_status":"closed","ping_status":"closed","template":"","meta":{"_acf_changed":false,"_genesis_hide_title":false,"_genesis_hide_breadcrumbs":false,"_genesis_hide_singular_image":false,"_genesis_hide_footer_widgets":false,"_genesis_custom_body_class":"","_genesis_custom_post_class":"","_genesis_layout":"","footnotes":""},"class_list":{"1":"page","2":"type-page","6":"entry"},"acf":[],"_links":{"self":[{"href":"https:\/\/comparemyjet.com\/fr\/wp-json\/wp\/v2\/pages\/3187","targetHints":{"allow":["GET"]}}],"collection":[{"href":"https:\/\/comparemyjet.com\/fr\/wp-json\/wp\/v2\/pages"}],"about":[{"href":"https:\/\/comparemyjet.com\/fr\/wp-json\/wp\/v2\/types\/page"}],"author":[{"embeddable":true,"href":"https:\/\/comparemyjet.com\/fr\/wp-json\/wp\/v2\/users\/2"}],"replies":[{"embeddable":true,"href":"https:\/\/comparemyjet.com\/fr\/wp-json\/wp\/v2\/comments?post=3187"}],"version-history":[{"count":1,"href":"https:\/\/comparemyjet.com\/fr\/wp-json\/wp\/v2\/pages\/3187\/revisions"}],"predecessor-version":[{"id":3191,"href":"https:\/\/comparemyjet.com\/fr\/wp-json\/wp\/v2\/pages\/3187\/revisions\/3191"}],"wp:featuredmedia":[{"embeddable":true,"href":"https:\/\/comparemyjet.com\/fr\/wp-json\/wp\/v2\/media\/3188"}],"wp:attachment":[{"href":"https:\/\/comparemyjet.com\/fr\/wp-json\/wp\/v2\/media?parent=3187"}],"curies":[{"name":"wp","href":"https:\/\/api.w.org\/{rel}","templated":true}]}}