{"id":3228,"date":"2022-09-20T20:27:21","date_gmt":"2022-09-20T20:27:21","guid":{"rendered":"https:\/\/comparemyjet.com\/?page_id=3228"},"modified":"2025-09-04T09:58:24","modified_gmt":"2025-09-04T09:58:24","slug":"jet-algo","status":"publish","type":"page","link":"https:\/\/comparemyjet.com\/fr\/jet-algo\/","title":{"rendered":"Prix des vols Jet Algo"},"content":{"rendered":"<p>Jet Algo est une soci\u00e9t\u00e9 d'affr\u00e8tement priv\u00e9 bas\u00e9e \u00e0 Morristown, New York. <a href=\"https:\/\/comparemyjet.com\/fr\/vols-en-jet-prive-vers-le-jersey\/\" data-internallinksmanager029f6b8e52c=\"176\" title=\"Affr\u00e8tement de jet priv\u00e9 \u00e0 Jersey\">Jersey<\/a>. L'une des fa\u00e7ons dont ils se distinguent des autres entreprises est l'utilisation d'algorithmes brevet\u00e9s pour calculer des estimations de prix adapt\u00e9es aux profils et aux itin\u00e9raires de voyage des clients. \u00c0 l'aide de leurs algorithmes, ils \u00e9tablissent un syst\u00e8me de paiement en fonction de votre itin\u00e9raire.&nbsp;<\/p>\r\n\r\n\r\n\r\n<p>La soci\u00e9t\u00e9 propose un programme de carte jet sans frais de gestion, et il n'est pas n\u00e9cessaire d'\u00eatre propri\u00e9taire ou d'avoir une part pour pouvoir voler. Voyons plus en d\u00e9tail ce qu'ils ont \u00e0 offrir.&nbsp;<\/p>\r\n\r\n\r\n\r\n<div id=\"ez-toc-container\" class=\"ez-toc-v2_0_76 counter-hierarchy ez-toc-counter ez-toc-grey ez-toc-container-direction\">\n<p class=\"ez-toc-title\" style=\"cursor:inherit\">Sujets<\/p>\n<label for=\"ez-toc-cssicon-toggle-item-69dccdc480a85\" class=\"ez-toc-cssicon-toggle-label\"><span class=\"\"><span class=\"eztoc-hide\" style=\"display:none;\">Toggle<\/span><span class=\"ez-toc-icon-toggle-span\"><svg style=\"fill: #999;color:#999\" xmlns=\"http:\/\/www.w3.org\/2000\/svg\" class=\"list-377408\" width=\"20px\" height=\"20px\" viewbox=\"0 0 24 24\" fill=\"none\"><path d=\"M6 6H4v2h2V6zm14 0H8v2h12V6zM4 11h2v2H4v-2zm16 0H8v2h12v-2zM4 16h2v2H4v-2zm16 0H8v2h12v-2z\" fill=\"currentColor\"><\/path><\/svg><svg style=\"fill: #999;color:#999\" class=\"arrow-unsorted-368013\" xmlns=\"http:\/\/www.w3.org\/2000\/svg\" width=\"10px\" height=\"10px\" viewbox=\"0 0 24 24\" version=\"1.2\" baseprofile=\"tiny\"><path d=\"M18.2 9.3l-6.2-6.3-6.2 6.3c-.2.2-.3.4-.3.7s.1.5.3.7c.2.2.4.3.7.3h11c.3 0 .5-.1.7-.3.2-.2.3-.5.3-.7s-.1-.5-.3-.7zM5.8 14.7l6.2 6.3 6.2-6.3c.2-.2.3-.5.3-.7s-.1-.5-.3-.7c-.2-.2-.4-.3-.7-.3h-11c-.3 0-.5.1-.7.3-.2.2-.3.5-.3.7s.1.5.3.7z\"\/><\/svg><\/span><\/span><\/label><input type=\"checkbox\"  id=\"ez-toc-cssicon-toggle-item-69dccdc480a85\" checked aria-label=\"Toggle\" \/><nav><ul class='ez-toc-list ez-toc-list-level-1' ><li class='ez-toc-page-1 ez-toc-heading-level-2'><a class=\"ez-toc-link ez-toc-heading-1\" href=\"https:\/\/comparemyjet.com\/fr\/jet-algo\/#Company_History\" >Histoire de l'entreprise<\/a><\/li><li class='ez-toc-page-1 ez-toc-heading-level-2'><a class=\"ez-toc-link ez-toc-heading-2\" href=\"https:\/\/comparemyjet.com\/fr\/jet-algo\/#Pricing\" >Fixation des prix<\/a><\/li><li class='ez-toc-page-1 ez-toc-heading-level-2'><a class=\"ez-toc-link ez-toc-heading-3\" href=\"https:\/\/comparemyjet.com\/fr\/jet-algo\/#Company_Card_Program\" >Programme de cartes d'entreprise<\/a><\/li><li class='ez-toc-page-1 ez-toc-heading-level-2'><a class=\"ez-toc-link ez-toc-heading-4\" href=\"https:\/\/comparemyjet.com\/fr\/jet-algo\/#The_Fleet\" >La flotte&nbsp;<\/a><ul class='ez-toc-list-level-3' ><li class='ez-toc-heading-level-3'><a class=\"ez-toc-link ez-toc-heading-5\" href=\"https:\/\/comparemyjet.com\/fr\/jet-algo\/#1_Light_Private_Jets\" >1. Jets priv\u00e9s l\u00e9gers<\/a><ul class='ez-toc-list-level-4' ><li class='ez-toc-heading-level-4'><a class=\"ez-toc-link ez-toc-heading-6\" href=\"https:\/\/comparemyjet.com\/fr\/jet-algo\/#Our_Recommendation_Eclipse_500\" >Notre recommandation : Eclipse 500<\/a><\/li><\/ul><\/li><li class='ez-toc-page-1 ez-toc-heading-level-3'><a class=\"ez-toc-link ez-toc-heading-7\" href=\"https:\/\/comparemyjet.com\/fr\/jet-algo\/#2_Midsize_Private_Jets\" >2. Jets priv\u00e9s de taille moyenne<\/a><ul class='ez-toc-list-level-4' ><li class='ez-toc-heading-level-4'><a class=\"ez-toc-link ez-toc-heading-8\" href=\"https:\/\/comparemyjet.com\/fr\/jet-algo\/#Our_Recommendation_The_Hawker_800XP\" >Notre recommandation : Le Hawker 800XP<\/a><\/li><\/ul><\/li><li class='ez-toc-page-1 ez-toc-heading-level-3'><a class=\"ez-toc-link ez-toc-heading-9\" href=\"https:\/\/comparemyjet.com\/fr\/jet-algo\/#3_Super-Midsize_Private_Jets\" >3. Jets priv\u00e9s super-moyens&nbsp;<\/a><ul class='ez-toc-list-level-4' ><li class='ez-toc-heading-level-4'><a class=\"ez-toc-link ez-toc-heading-10\" href=\"https:\/\/comparemyjet.com\/fr\/jet-algo\/#Our_Recommendation_Citation_X\" >Notre recommandation : Citation X<\/a><\/li><\/ul><\/li><li class='ez-toc-page-1 ez-toc-heading-level-3'><a class=\"ez-toc-link ez-toc-heading-11\" href=\"https:\/\/comparemyjet.com\/fr\/jet-algo\/#4_Large_Private_Jets\" >4. Grands jets priv\u00e9s<\/a><ul class='ez-toc-list-level-4' ><li class='ez-toc-heading-level-4'><a class=\"ez-toc-link ez-toc-heading-12\" href=\"https:\/\/comparemyjet.com\/fr\/jet-algo\/#Our_Recommendation_Bombardier_Challenger_650\" >Notre recommandation :  Bombardier Challenger 650&nbsp;<\/a><\/li><\/ul><\/li><li class='ez-toc-page-1 ez-toc-heading-level-3'><a class=\"ez-toc-link ez-toc-heading-13\" href=\"https:\/\/comparemyjet.com\/fr\/jet-algo\/#5_Long-Range_Private_Jets\" >5. Jets priv\u00e9s \u00e0 long rayon d'action<\/a><ul class='ez-toc-list-level-4' ><li class='ez-toc-heading-level-4'><a class=\"ez-toc-link ez-toc-heading-14\" href=\"https:\/\/comparemyjet.com\/fr\/jet-algo\/#Our_Recommendation_The_Gulfstream_G450\" >Notre recommandation : Le Gulfstream G450&nbsp;<\/a><\/li><\/ul><\/li><\/ul><\/li><li class='ez-toc-page-1 ez-toc-heading-level-2'><a class=\"ez-toc-link ez-toc-heading-15\" href=\"https:\/\/comparemyjet.com\/fr\/jet-algo\/#Company_Safety_Policy_and_Standards\" >Politique et normes de s\u00e9curit\u00e9 de l'entreprise<\/a><\/li><li class='ez-toc-page-1 ez-toc-heading-level-2'><a class=\"ez-toc-link ez-toc-heading-16\" href=\"https:\/\/comparemyjet.com\/fr\/jet-algo\/#Conclusion\" >Conclusion<\/a><\/li><\/ul><\/nav><\/div>\n<h2 class=\"wp-block-heading\"><span class=\"ez-toc-section\" id=\"Company_History\"><\/span>Histoire de l'entreprise<span class=\"ez-toc-section-end\"><\/span><\/h2>\r\n\r\n\r\n\r\n<p>Jet Algo a d\u00e9but\u00e9 en 1995 en tant que <em>Skywaves<\/em>. La strat\u00e9gie commerciale de l'entreprise, qui consiste \u00e0 utiliser des algorithmes pour estimer les prix, a \u00e9t\u00e9 invent\u00e9e par l'ancien directeur g\u00e9n\u00e9ral de l'entreprise. <a href=\"https:\/\/comparemyjet.com\/fr\/delta-private-jets\/\" data-internallinksmanager029f6b8e52c=\"184\" title=\"Prix de l&#039;adh\u00e9sion \u00e0 Delta Private Jets\">Delta Private Jets<\/a> le vice-pr\u00e9sident Jon Mende, PDG de Jet Algo. Mende affirme que la soci\u00e9t\u00e9 propose des tarifs fixes pour les allers simples et les allers-retours en fonction de la disponibilit\u00e9 assur\u00e9e sur les d\u00e9lais et de votre budget estim\u00e9. Il vise \u00e0 offrir aux clients d'autres tarifs fixes bas\u00e9s sur des paires de destinations sp\u00e9cifiques, avec des frais moins \u00e9lev\u00e9s pour ceux qui voyagent entre des endroits dens\u00e9ment peupl\u00e9s sans n\u00e9cessiter de vols en ferry.&nbsp;<\/p>\r\n\r\n\r\n\r\n<h2 class=\"wp-block-heading\"><span class=\"ez-toc-section\" id=\"Pricing\"><\/span>Fixation des prix<span class=\"ez-toc-section-end\"><\/span><\/h2>\r\n\r\n\r\n\r\n<p>Les frais d'initiation et d'adh\u00e9sion \u00e0 Jet Algo sont d'environ $1,000 par mois, et l'argent est utilis\u00e9 pour couvrir vos frais de vol. Le montant de votre d\u00e9p\u00f4t est d\u00e9termin\u00e9 par votre programme personnalis\u00e9 et les prix sont fix\u00e9s pour les 24 prochains mois.<\/p>\r\n\r\n\r\n\r\n<p>Une fois que vous \u00eates membre, vous pouvez b\u00e9n\u00e9ficier d'une garantie de disponibilit\u00e9, d'un taux horaire fixe et d'une tarification personnalis\u00e9e d\u00e9termin\u00e9e par votre itin\u00e9raire.<\/p>\r\n\r\n\r\n\r\n<p>Attendez-vous \u00e0 d\u00e9penser davantage si vous voulez des op\u00e9rateurs IS-BAO Stage 3, Argus Platinum ou Wyvern Wingman plut\u00f4t que la flotte standard Part 135 d'environ 7 000 appareils. Les prix varient en fonction de vos exigences et de vos pr\u00e9f\u00e9rences.<\/p>\r\n\r\n\r\n\r\n<h2 class=\"wp-block-heading\"><span class=\"ez-toc-section\" id=\"Company_Card_Program\"><\/span>Programme de cartes d'entreprise<span class=\"ez-toc-section-end\"><\/span><\/h2>\r\n\r\n\r\n\r\n<p>La plupart des compagnies a\u00e9riennes vous facturent le m\u00eame prix, quels que soient votre destination, les a\u00e9roports que vous utilisez, le d\u00e9lai de pr\u00e9avis de votre vol ou la dur\u00e9e de votre s\u00e9jour \u00e0 destination. Ainsi, si vous pr\u00e9voyez une escapade d'un week-end et r\u00e9servez un billet trois jours \u00e0 l'avance, vous pourriez payer le m\u00eame prix que quelqu'un qui prend des vacances de 10 jours dans un endroit diff\u00e9rent et ne r\u00e9serve que 10 heures \u00e0 l'avance. Par cons\u00e9quent, les tarifs doivent \u00eatre compens\u00e9s pour les personnes qui r\u00e9servent des vols de derni\u00e8re minute ou qui se rendent dans un endroit \u00e9loign\u00e9. Jet Algo cr\u00e9e un mod\u00e8le de prix bas\u00e9 sur votre profil \u00e0 l'aide d'algorithmes sophistiqu\u00e9s.&nbsp;<\/p>\r\n\r\n\r\n\r\n<h2 class=\"wp-block-heading\"><span class=\"ez-toc-section\" id=\"The_Fleet\"><\/span>La flotte&nbsp;<span class=\"ez-toc-section-end\"><\/span><\/h2>\r\n\r\n\r\n\r\n<figure class=\"wp-block-image size-full is-style-default\"><img loading=\"lazy\" decoding=\"async\" width=\"1000\" height=\"565\" src=\"https:\/\/comparemyjet.com\/wp-content\/uploads\/2022\/09\/businessman.infront.of_.a.plane_.jpg\" alt=\"Jet Algo\" class=\"wp-image-3230\" srcset=\"https:\/\/comparemyjet.com\/wp-content\/uploads\/2022\/09\/businessman.infront.of_.a.plane_-18x10.jpg 18w, https:\/\/comparemyjet.com\/wp-content\/uploads\/2022\/09\/businessman.infront.of_.a.plane_-300x170.jpg 300w, https:\/\/comparemyjet.com\/wp-content\/uploads\/2022\/09\/businessman.infront.of_.a.plane_-768x434.jpg 768w, https:\/\/comparemyjet.com\/wp-content\/uploads\/2022\/09\/businessman.infront.of_.a.plane_.jpg 1000w\" sizes=\"auto, (max-width: 1000px) 100vw, 1000px\" \/><\/figure>\r\n\r\n\r\n\r\n<p>En tant que soci\u00e9t\u00e9 de courtage, Jet Algo ne dispose pas d'une flotte d'avions. Elle sert plut\u00f4t de passerelle entre vous et le transporteur, vous aidant \u00e0 d\u00e9cider du type de jet \u00e0 utiliser pour votre prochain vol et vous proposant de nombreuses alternatives sur mesure.&nbsp;<\/p>\r\n\r\n\r\n\r\n<h3 class=\"wp-block-heading\"><span class=\"ez-toc-section\" id=\"1_Light_Private_Jets\"><\/span>1. Jets priv\u00e9s l\u00e9gers<span class=\"ez-toc-section-end\"><\/span><\/h3>\r\n\r\n\r\n\r\n<p>Les jets l\u00e9gers sont plus grands et ont un rayon d'action plus \u00e9tendu que les turbopropulseurs ou les jets tr\u00e8s l\u00e9gers. La cabine est spacieuse et la capacit\u00e9 de bagages est suffisante pour transporter un peu plus que l'essentiel. Ils peuvent transporter confortablement une moyenne de huit personnes, voler sur des pistes courtes et atterrir sur de petits a\u00e9roports.&nbsp;<\/p>\r\n\r\n\r\n\r\n<p>L'avantage le plus important d'un jet l\u00e9ger est son acc\u00e8s in\u00e9gal\u00e9 aux \u00eeles et aux r\u00e9gions montagneuses difficiles \u00e0 atteindre.<\/p>\r\n\r\n\r\n\r\n<h4 class=\"wp-block-heading\"><span class=\"ez-toc-section\" id=\"Our_Recommendation_Eclipse_500\"><\/span>Notre recommandation : Eclipse 500<span class=\"ez-toc-section-end\"><\/span><\/h4>\r\n\r\n\r\n\r\n<p>L'Eclipse 500 est un moteur bi-turbine fabriqu\u00e9 par Eclipse Aerospace au Nouveau-Mexique. L'Eclipse est \u00e0 la fois efficace et esth\u00e9tiquement attrayant, et l'un des favoris de la foule dans cette cat\u00e9gorie d'avions.<\/p>\r\n\r\n\r\n\r\n<p>Sp\u00e9cifications :<\/p>\r\n\r\n\r\n\r\n<ul class=\"wp-block-list\"><li>Passagers : 3 \u00e0 4 ;<\/li><li>Vitesse de croisi\u00e8re : 370 n\u0153uds ;<\/li><li>Distance de vol : 1 290 miles ;<\/li><li>Hauteur de la cabine : 4 ft 2 in ;<\/li><li>La largeur de la cabine : 4 ft 7 in ;<\/li><li>Longueur de la cabine : 7 ft 6 in ;<\/li><li>Espace bagages : 16 pi3.<\/li><\/ul>\r\n\r\n\r\n\r\n<h3 class=\"wp-block-heading\"><span class=\"ez-toc-section\" id=\"2_Midsize_Private_Jets\"><\/span>2. Jets priv\u00e9s de taille moyenne<span class=\"ez-toc-section-end\"><\/span><\/h3>\r\n\r\n\r\n\r\n<p>Les avions de taille moyenne comptent 6 \u00e0 8 si\u00e8ges et ont une autonomie de vol maximale de 4 \u00e0 5 heures. Il est id\u00e9al pour les voyages personnels et d'affaires car il offre plus de flexibilit\u00e9 et de confort sur de plus longues distances.<\/p>\r\n\r\n\r\n\r\n<h4 class=\"wp-block-heading\"><span class=\"ez-toc-section\" id=\"Our_Recommendation_The_Hawker_800XP\"><\/span>Notre recommandation : Le Hawker 800XP<span class=\"ez-toc-section-end\"><\/span><\/h4>\r\n\r\n\r\n\r\n<p><a href=\"https:\/\/comparemyjet.com\/fr\/hawker-beechcraft\/\" data-internallinksmanager029f6b8e52c=\"153\" title=\"Guide ultime des jets et avions priv\u00e9s Hawker Beechcraft\">Hawker Beechcraft<\/a> a fabriqu\u00e9 le Hawker 800XP de 1997 \u00e0 2005. M\u00eame lorsqu'il fonctionne \u00e0 pleine capacit\u00e9, il y a beaucoup d'espace pour rendre votre vol confortable.<\/p>\r\n\r\n\r\n\r\n<p>Sp\u00e9cifications :<\/p>\r\n\r\n\r\n\r\n<ul class=\"wp-block-list\"><li>Passagers : 8 ;<\/li><li>Volume de l'habitacle : 723 pi3 ;<\/li><li>Longueur de la cabine : 21 ft 3 in ;&nbsp;<\/li><li>Largeur de la cabine : 6 ft ;<\/li><li>Hauteur de la cabine : 5 ft 8 in ;<\/li><li>Capacit\u00e9 de bagages : 48 cu ft ;<\/li><li>Port\u00e9e de l'avion : 3 038 nm ;<\/li><li>Vitesse de croisi\u00e8re : 488 mph.<\/li><\/ul>\r\n\r\n\r\n\r\n<h3 class=\"wp-block-heading\"><span class=\"ez-toc-section\" id=\"3_Super-Midsize_Private_Jets\"><\/span>3. Jets priv\u00e9s super-moyens&nbsp;<span class=\"ez-toc-section-end\"><\/span><\/h3>\r\n\r\n\r\n\r\n<p>Un avion super-moyen est une excellente option pour les grands groupes ou pour votre prochain voyage \u00e0 travers le pays. Ces avions combinent l'agilit\u00e9 et l'autonomie d'un avion de taille moyenne avec le confort d'un grand avion, offrant des places debout, des cuisines, un acc\u00e8s aux bagages, des si\u00e8ges en cuir et des postes de travail pliables.<\/p>\r\n\r\n\r\n\r\n<h4 class=\"wp-block-heading\"><span class=\"ez-toc-section\" id=\"Our_Recommendation_Citation_X\"><\/span>Notre recommandation : Citation X<span class=\"ez-toc-section-end\"><\/span><\/h4>\r\n\r\n\r\n\r\n<p>Le site <a href=\"https:\/\/comparemyjet.com\/fr\/cessna\/\" data-internallinksmanager029f6b8e52c=\"145\" title=\"Guide ultime des jets et avions priv\u00e9s Cessna\">Cessna<\/a> Le Citation X est un avion \u00e0 long rayon d'action principalement con\u00e7u pour les vols transcontinentaux. Il a \u00e9t\u00e9 produit par Cessna en 1996 et est toujours en production. C'est le troisi\u00e8me avion de passagers le plus rapide au monde actuellement en production et c'est le plus gros avion de la s\u00e9rie Citation.<\/p>\r\n\r\n\r\n\r\n<p>En produisant le Citation X, Cessna a r\u00e9ussi \u00e0 int\u00e9grer un rayon d'action transatlantique dans un avion de taille moyenne.&nbsp;<\/p>\r\n\r\n\r\n\r\n<p>Sp\u00e9cifications :<\/p>\r\n\r\n\r\n\r\n<ul class=\"wp-block-list\"><li>Passagers : 9 ;<\/li><li>Plage maximale : 3 300 nm ;<\/li><li>Vitesse de croisi\u00e8re : 605 mph ;<\/li><li>Volume de l'habitacle : 725 pi3 ;<\/li><li>Longueur de la cabine : 23 ft 7 in ;&nbsp;<\/li><li>Hauteur de la cabine : 5 ft 6 in ;&nbsp;<\/li><li>Largeur de la cabine : 5 ft 7in ;<\/li><li>Capacit\u00e9 de bagages : 82 pi3 ;<\/li><li>Un cabinet de toilette priv\u00e9 et une cuisine compl\u00e8te.<\/li><\/ul>\r\n\r\n\r\n\r\n<h3 class=\"wp-block-heading\"><span class=\"ez-toc-section\" id=\"4_Large_Private_Jets\"><\/span>4. Grands jets priv\u00e9s<span class=\"ez-toc-section-end\"><\/span><\/h3>\r\n\r\n\r\n\r\n<p>Les grands jets vous offrent le luxe et l'espace dont vous avez besoin lorsque vous voyagez \u00e0 l'\u00e9tranger. Ils sont \u00e9galement dot\u00e9s d'int\u00e9rieurs spacieux avec des espaces de couchage adapt\u00e9s \u00e0 de petits groupes.<\/p>\r\n\r\n\r\n\r\n<p>Ils disposent g\u00e9n\u00e9ralement d'une cuisine enti\u00e8rement \u00e9quip\u00e9e et d'un espace de service.<\/p>\r\n\r\n\r\n\r\n<h4 class=\"wp-block-heading\"><span class=\"ez-toc-section\" id=\"Our_Recommendation_Bombardier_Challenger_650\"><\/span>Notre recommandation :  Bombardier Challenger 650&nbsp;<span class=\"ez-toc-section-end\"><\/span><\/h4>\r\n\r\n\r\n\r\n<p>La gamme et les performances de l <a href=\"https:\/\/comparemyjet.com\/fr\/bombardier\/\" data-internallinksmanager029f6b8e52c=\"159\" title=\"Guide ultime des avions et jets priv\u00e9s Bombardier\">Bombardier<\/a> Challenger 650 sont exceptionnels. Sa cabine spacieuse offre des commodit\u00e9s \u00e0 bord pour un confort maximal lors de longs vols transcontinentaux en jet priv\u00e9. Vous pouvez utiliser la table de conf\u00e9rence pour travailler, et vous d\u00e9tendre en profitant des s\u00e9lections de divertissement HD et Wi-Fi les plus r\u00e9centes.&nbsp;<\/p>\r\n\r\n\r\n\r\n<p>Sp\u00e9cifications :<\/p>\r\n\r\n\r\n\r\n<ul class=\"wp-block-list\"><li>Passagers : 11 ;<\/li><li>Largeur de la cabine : 7 ft 92 in ;<\/li><li>Longueur de la cabine : 28 ft 4 in ;<\/li><li>Autonomie de vol : 8:45 heures ;<\/li><li>Vitesse de croisi\u00e8re maximale : 540 mph ;<\/li><li>Cuisine compl\u00e8te ;<\/li><li>Une h\u00f4tesse de l'air.<\/li><\/ul>\r\n\r\n\r\n\r\n<h3 class=\"wp-block-heading\"><span class=\"ez-toc-section\" id=\"5_Long-Range_Private_Jets\"><\/span>5. Jets priv\u00e9s \u00e0 long rayon d'action<span class=\"ez-toc-section-end\"><\/span><\/h3>\r\n\r\n\r\n\r\n<p>Gr\u00e2ce \u00e0 leur taille, ces avions offrent des espaces de travail, de restauration et de d\u00e9tente s\u00e9par\u00e9s et des \u00e9quipements haut de gamme.<\/p>\r\n\r\n\r\n\r\n<p>Les avions \u00e0 long rayon d'action sont id\u00e9aux pour les voyageurs priv\u00e9s qui souhaitent atteindre leur destination sans avoir \u00e0 s'arr\u00eater pour se ravitailler. Ils sont con\u00e7us pour les vols intercontinentaux sans escale.<\/p>\r\n\r\n\r\n\r\n<h4 class=\"wp-block-heading\"><span class=\"ez-toc-section\" id=\"Our_Recommendation_The_Gulfstream_G450\"><\/span>Notre recommandation : Le Gulfstream G450&nbsp;<span class=\"ez-toc-section-end\"><\/span><\/h4>\r\n\r\n\r\n\r\n<p>Le site <a href=\"https:\/\/comparemyjet.com\/fr\/gulfstream\/\" data-internallinksmanager029f6b8e52c=\"175\" title=\"Guide ultime des jets et avions priv\u00e9s Gulfstream\">Gulfstream<\/a> Le G450 est principalement con\u00e7u pour les voyages longue distance, offrant un confort et une s\u00e9curit\u00e9 garantis. Ils peuvent voler pendant 5 000 miles ou pr\u00e8s de 10 heures sans devoir s'arr\u00eater pour faire le plein.<\/p>\r\n\r\n\r\n\r\n<p>Cet avion dispose d'une cabine spacieuse avec une cuisine compl\u00e8te et d'un espace bagages consid\u00e9rable, permettant \u00e0 tous les passagers d'emporter avec eux tout ce dont ils auront besoin pour leur voyage.<\/p>\r\n\r\n\r\n\r\n<p>Sp\u00e9cifications :<\/p>\r\n\r\n\r\n\r\n<ul class=\"wp-block-list\"><li>Passagers : 14 ;<\/li><li>Largeur de la cabine : 7 ft ;<\/li><li>Longueur de la cabine : 45 ft 1 in ;<\/li><li>Espace bagages : 169 pi3 ;<\/li><li>Port\u00e9e de vol : 5,000 miles terrestres ;<\/li><li>Endurance : jusqu'\u00e0 9 h 45 ;&nbsp;<\/li><li>Vitesse de croisi\u00e8re maximale : 547 mph ;<\/li><li>Wi-Fi ;<\/li><li>Prises de courant universelles ;<\/li><li>Lecteur DVD et moniteurs vid\u00e9o ;<\/li><li>Une h\u00f4tesse de l'air.<\/li><\/ul>\r\n\r\n\r\n\r\n<h2 class=\"wp-block-heading\"><span class=\"ez-toc-section\" id=\"Company_Safety_Policy_and_Standards\"><\/span>Politique et normes de s\u00e9curit\u00e9 de l'entreprise<span class=\"ez-toc-section-end\"><\/span><\/h2>\r\n\r\n\r\n\r\n<figure class=\"wp-block-image size-full is-style-default\"><img loading=\"lazy\" decoding=\"async\" width=\"1000\" height=\"667\" src=\"https:\/\/comparemyjet.com\/wp-content\/uploads\/2022\/09\/pilot.boarding.on_.a.private.jet_.jpg\" alt=\"\" class=\"wp-image-3231\" srcset=\"https:\/\/comparemyjet.com\/wp-content\/uploads\/2022\/09\/pilot.boarding.on_.a.private.jet_-18x12.jpg 18w, https:\/\/comparemyjet.com\/wp-content\/uploads\/2022\/09\/pilot.boarding.on_.a.private.jet_-300x200.jpg 300w, https:\/\/comparemyjet.com\/wp-content\/uploads\/2022\/09\/pilot.boarding.on_.a.private.jet_-768x512.jpg 768w, https:\/\/comparemyjet.com\/wp-content\/uploads\/2022\/09\/pilot.boarding.on_.a.private.jet_.jpg 1000w\" sizes=\"auto, (max-width: 1000px) 100vw, 1000px\" \/><\/figure>\r\n\r\n\r\n\r\n<p>Jet Algo utilise ARGUS Gold ou Platinum accr\u00e9dit\u00e9. <a href=\"https:\/\/www.faa.gov\/licenses_certificates\/airline_certification\/135_certification\/general_info\" target=\"_blank\" rel=\"noopener\">Partie 135<\/a> op\u00e9rateurs. Avec leur aide, Jet Algo offre ce que vous imaginez \u00eatre le voyage ultime en aviation priv\u00e9e, mais \u00e0 un prix consid\u00e9rablement r\u00e9duit. <\/p>\r\n\r\n\r\n\r\n<h2 class=\"wp-block-heading\"><span class=\"ez-toc-section\" id=\"Conclusion\"><\/span>Conclusion<span class=\"ez-toc-section-end\"><\/span><\/h2>\r\n\r\n\r\n\r\n<p>Jet Algo offre un service d'affr\u00e8tement sur mesure aux voyageurs, en tenant compte de toutes les circonstances lors du calcul du prix final. Par exemple, si vous souhaitez voyager les jours les plus charg\u00e9s de l'ann\u00e9e, comme les jours f\u00e9ri\u00e9s, vous devrez probablement payer plus que les prix standard.<\/p>\r\n\r\n\r\n\r\n<p>Vous pouvez obtenir un meilleur tarif fixe si vous \u00eates flexible avec vos dates. Il suffit de permettre \u00e0 Jet Algo de recommander des jours de substitution pour b\u00e9n\u00e9ficier de meilleurs tarifs.\u00a0<\/p>\r\n\r\n\r\n\r\n<p>La personnalisation de votre vol comprend la planification, l'\u00e9tablissement du calendrier et la recherche du jet et de la nourriture appropri\u00e9s, des agents de bord et d'autres demandes sp\u00e9ciales, comme voler avec votre animal de compagnie. Vous recevrez un tarif sur mesure tout compris - tout comme votre vol sur mesure.<\/p>","protected":false},"excerpt":{"rendered":"<p>Jet Algo est une soci\u00e9t\u00e9 d'affr\u00e8tement priv\u00e9e bas\u00e9e \u00e0 Morristown, dans le New Jersey. L'une des fa\u00e7ons dont ils se distinguent des autres soci\u00e9t\u00e9s est l'utilisation d'algorithmes brevet\u00e9s pour calculer des estimations de prix adapt\u00e9es aux profils et aux itin\u00e9raires de voyage des clients. \u00c0 l'aide de leurs algorithmes, ils \u00e9tablissent un syst\u00e8me de paiement en fonction de votre itin\u00e9raire.  L'entreprise ...<\/p>","protected":false},"author":2,"featured_media":3229,"parent":0,"menu_order":0,"comment_status":"closed","ping_status":"closed","template":"","meta":{"_acf_changed":false,"_genesis_hide_title":false,"_genesis_hide_breadcrumbs":false,"_genesis_hide_singular_image":false,"_genesis_hide_footer_widgets":false,"_genesis_custom_body_class":"","_genesis_custom_post_class":"","_genesis_layout":"","footnotes":""},"class_list":{"1":"page","2":"type-page","6":"entry"},"acf":[],"_links":{"self":[{"href":"https:\/\/comparemyjet.com\/fr\/wp-json\/wp\/v2\/pages\/3228","targetHints":{"allow":["GET"]}}],"collection":[{"href":"https:\/\/comparemyjet.com\/fr\/wp-json\/wp\/v2\/pages"}],"about":[{"href":"https:\/\/comparemyjet.com\/fr\/wp-json\/wp\/v2\/types\/page"}],"author":[{"embeddable":true,"href":"https:\/\/comparemyjet.com\/fr\/wp-json\/wp\/v2\/users\/2"}],"replies":[{"embeddable":true,"href":"https:\/\/comparemyjet.com\/fr\/wp-json\/wp\/v2\/comments?post=3228"}],"version-history":[{"count":3,"href":"https:\/\/comparemyjet.com\/fr\/wp-json\/wp\/v2\/pages\/3228\/revisions"}],"predecessor-version":[{"id":3466,"href":"https:\/\/comparemyjet.com\/fr\/wp-json\/wp\/v2\/pages\/3228\/revisions\/3466"}],"wp:featuredmedia":[{"embeddable":true,"href":"https:\/\/comparemyjet.com\/fr\/wp-json\/wp\/v2\/media\/3229"}],"wp:attachment":[{"href":"https:\/\/comparemyjet.com\/fr\/wp-json\/wp\/v2\/media?parent=3228"}],"curies":[{"name":"wp","href":"https:\/\/api.w.org\/{rel}","templated":true}]}}