{"id":3482,"date":"2022-10-03T23:23:31","date_gmt":"2022-10-03T23:23:31","guid":{"rendered":"https:\/\/comparemyjet.com\/?page_id=3482"},"modified":"2025-09-04T10:00:52","modified_gmt":"2025-09-04T10:00:52","slug":"starflight-aviation","status":"publish","type":"page","link":"https:\/\/comparemyjet.com\/fr\/starflight-aviation\/","title":{"rendered":"Prix des vols de Starflight Aviation"},"content":{"rendered":"<p>Starflite Aviation est une compagnie d'affr\u00e8tement priv\u00e9e exp\u00e9riment\u00e9e qui op\u00e8re depuis plus de 30 ans. Cette soci\u00e9t\u00e9 bas\u00e9e aux \u00c9tats-Unis a une client\u00e8le mondiale et fournit fr\u00e9quemment des services de transport pour des musiciens, des artistes, des politiciens et d'autres clients VIP.\u00a0<\/p>\r\n\r\n\r\n\r\n<p>Voyons plus en d\u00e9tail de quoi il s'agit.\u00a0<\/p>\r\n\r\n\r\n\r\n<div id=\"ez-toc-container\" class=\"ez-toc-v2_0_76 counter-hierarchy ez-toc-counter ez-toc-grey ez-toc-container-direction\">\n<p class=\"ez-toc-title\" style=\"cursor:inherit\">Sujets<\/p>\n<label for=\"ez-toc-cssicon-toggle-item-69ef75241b869\" class=\"ez-toc-cssicon-toggle-label\"><span class=\"\"><span class=\"eztoc-hide\" style=\"display:none;\">Toggle<\/span><span class=\"ez-toc-icon-toggle-span\"><svg style=\"fill: #999;color:#999\" xmlns=\"http:\/\/www.w3.org\/2000\/svg\" class=\"list-377408\" width=\"20px\" height=\"20px\" viewbox=\"0 0 24 24\" fill=\"none\"><path d=\"M6 6H4v2h2V6zm14 0H8v2h12V6zM4 11h2v2H4v-2zm16 0H8v2h12v-2zM4 16h2v2H4v-2zm16 0H8v2h12v-2z\" fill=\"currentColor\"><\/path><\/svg><svg style=\"fill: #999;color:#999\" class=\"arrow-unsorted-368013\" xmlns=\"http:\/\/www.w3.org\/2000\/svg\" width=\"10px\" height=\"10px\" viewbox=\"0 0 24 24\" version=\"1.2\" baseprofile=\"tiny\"><path d=\"M18.2 9.3l-6.2-6.3-6.2 6.3c-.2.2-.3.4-.3.7s.1.5.3.7c.2.2.4.3.7.3h11c.3 0 .5-.1.7-.3.2-.2.3-.5.3-.7s-.1-.5-.3-.7zM5.8 14.7l6.2 6.3 6.2-6.3c.2-.2.3-.5.3-.7s-.1-.5-.3-.7c-.2-.2-.4-.3-.7-.3h-11c-.3 0-.5.1-.7.3-.2.2-.3.5-.3.7s.1.5.3.7z\"\/><\/svg><\/span><\/span><\/label><input type=\"checkbox\"  id=\"ez-toc-cssicon-toggle-item-69ef75241b869\" checked aria-label=\"Toggle\" \/><nav><ul class='ez-toc-list ez-toc-list-level-1' ><li class='ez-toc-page-1 ez-toc-heading-level-2'><a class=\"ez-toc-link ez-toc-heading-1\" href=\"https:\/\/comparemyjet.com\/fr\/starflight-aviation\/#About_the_Company\" >\u00c0 propos de l'entreprise<\/a><\/li><li class='ez-toc-page-1 ez-toc-heading-level-2'><a class=\"ez-toc-link ez-toc-heading-2\" href=\"https:\/\/comparemyjet.com\/fr\/starflight-aviation\/#On-Demand_Charter\" >Charte \u00e0 la demande<\/a><\/li><li class='ez-toc-page-1 ez-toc-heading-level-2'><a class=\"ez-toc-link ez-toc-heading-3\" href=\"https:\/\/comparemyjet.com\/fr\/starflight-aviation\/#Company_Jet_Card_Program\" >Programme de carte Jet d'entreprise<\/a><\/li><li class='ez-toc-page-1 ez-toc-heading-level-2'><a class=\"ez-toc-link ez-toc-heading-4\" href=\"https:\/\/comparemyjet.com\/fr\/starflight-aviation\/#The_Fleet\" >La flotte<\/a><\/li><li class='ez-toc-page-1 ez-toc-heading-level-2'><a class=\"ez-toc-link ez-toc-heading-5\" href=\"https:\/\/comparemyjet.com\/fr\/starflight-aviation\/#Starflight_Aviation_Carbon_Program\" >Programme carbone de Starflight Aviation\u00a0<\/a><\/li><li class='ez-toc-page-1 ez-toc-heading-level-2'><a class=\"ez-toc-link ez-toc-heading-6\" href=\"https:\/\/comparemyjet.com\/fr\/starflight-aviation\/#Conclusion\" >Conclusion<\/a><\/li><\/ul><\/nav><\/div>\n<h2 class=\"wp-block-heading\"><span class=\"ez-toc-section\" id=\"About_the_Company\"><\/span>\u00c0 propos de l'entreprise<span class=\"ez-toc-section-end\"><\/span><\/h2>\r\n\r\n\r\n\r\n<p>Starflight Aviation est une compagnie a\u00e9rienne priv\u00e9e qui fournit des services de messagerie et de fret, ainsi que des vols charters priv\u00e9s. La soci\u00e9t\u00e9 a \u00e9t\u00e9 fond\u00e9e le 13 juin 1989 et son si\u00e8ge social est situ\u00e9 \u00e0 Farnborough, dans le Hampshire.<\/p>\r\n\r\n\r\n\r\n<p>L'entreprise organise des vols charter pour les cadres et les VIP, en contractant des jets, des h\u00e9licopt\u00e8res et des turbopropulseurs aupr\u00e8s de compagnies a\u00e9riennes tierces. Starflight Aviation dessert des clients dans le monde entier, notamment aux \u00c9tats-Unis, au Royaume-Uni et en Europe. Elle offre une garantie de disponibilit\u00e9 100% avec un pr\u00e9avis de 24 heures.<\/p>\r\n\r\n\r\n\r\n<h2 class=\"wp-block-heading\"><span class=\"ez-toc-section\" id=\"On-Demand_Charter\"><\/span>Charte \u00e0 la demande<span class=\"ez-toc-section-end\"><\/span><\/h2>\r\n\r\n\r\n\r\n<figure class=\"wp-block-image size-full is-style-default\"><img loading=\"lazy\" decoding=\"async\" width=\"1000\" height=\"667\" class=\"wp-image-3137\" src=\"https:\/\/comparemyjet.com\/wp-content\/uploads\/2022\/07\/two.private.jet_.pilots.jpg\" alt=\"Starflight Aviation\" srcset=\"https:\/\/comparemyjet.com\/wp-content\/uploads\/2022\/07\/two.private.jet_.pilots-18x12.jpg 18w, https:\/\/comparemyjet.com\/wp-content\/uploads\/2022\/07\/two.private.jet_.pilots-300x200.jpg 300w, https:\/\/comparemyjet.com\/wp-content\/uploads\/2022\/07\/two.private.jet_.pilots-768x512.jpg 768w, https:\/\/comparemyjet.com\/wp-content\/uploads\/2022\/07\/two.private.jet_.pilots.jpg 1000w\" sizes=\"auto, (max-width: 1000px) 100vw, 1000px\" \/><\/figure>\r\n\r\n\r\n\r\n<p>Starflight Aviation est l'un des courtiers en vols charters les plus r\u00e9put\u00e9s du moment, puisqu'il existe depuis 30 ans. Qu'il s'agisse d'un vol rapide en h\u00e9licopt\u00e8re ou d'un vol long-courrier dans un avion de luxe, vous ne b\u00e9n\u00e9ficierez que du meilleur service, des int\u00e9rieurs les plus \u00e9l\u00e9gants et de nombreux \u00e9quipements.\u00a0<\/p>\r\n\r\n\r\n\r\n<p>La soci\u00e9t\u00e9 a organis\u00e9 et r\u00e9alis\u00e9 des tourn\u00e9es internationales pour certains des artistes et groupes les plus c\u00e9l\u00e8bres de l'histoire, qu'il s'agisse de groupes compos\u00e9s d'une seule personne ou d'orchestres symphoniques entiers. Son engagement \u00e0 fournir un excellent service et son attention in\u00e9branlable aux d\u00e9tails la distinguent de ses concurrents.<\/p>\r\n\r\n\r\n\r\n<p>Le personnel de Starflight Aviation examine attentivement vos besoins en mati\u00e8re de voyage, y compris vos restrictions alimentaires et vos habitudes de lecture des journaux, avant d'organiser votre vol.\u00a0<\/p>\r\n\r\n\r\n\r\n<h2 class=\"wp-block-heading\"><span class=\"ez-toc-section\" id=\"Company_Jet_Card_Program\"><\/span>Programme de carte Jet d'entreprise<span class=\"ez-toc-section-end\"><\/span><\/h2>\r\n\r\n\r\n\r\n<p>Les clients qui souhaitent une combinaison de disponibilit\u00e9 assur\u00e9e, de conditions enti\u00e8rement personnalisables et de prix tout compris, trouveront ce qu'ils recherchent dans l'offre de Starflight Aviations. <a href=\"https:\/\/flystarflight.com\/#jetcard\" target=\"_blank\" rel=\"noopener\">Solution Jet Card<\/a>.\u00a0<\/p>\r\n\r\n\r\n\r\n<p>Starflight a cr\u00e9\u00e9 l'une des cartes Jet les plus ouvertes et les plus pratiques du march\u00e9 en supprimant les co\u00fbts post-vol et les limitations contractuelles que l'on retrouve dans les offres de nombreux concurrents. Le programme est l'une des meilleures options pr\u00e9pay\u00e9es du march\u00e9. Il n'y a pas de limite de temps pour l'utilisation de vos miles, et il y a des \u00e9conomies pour les voyages aller-retour et une garantie de remboursement.<\/p>\r\n\r\n\r\n\r\n<p>L'engagement envers leur objectif se manifeste par l'inclusion habituelle de ses <a href=\"https:\/\/flystarflight.com\/#carbon-programme\" target=\"_blank\" rel=\"noopener\">Cool Earth Planet Positive Programme<\/a>.<\/p>\r\n\r\n\r\n\r\n<h2 class=\"wp-block-heading\"><span class=\"ez-toc-section\" id=\"The_Fleet\"><\/span>La flotte<span class=\"ez-toc-section-end\"><\/span><\/h2>\r\n\r\n\r\n\r\n<p>Starflight Aviation Limited est un courtier en services d'affr\u00e8tement a\u00e9rien, ce qui signifie qu'elle ne poss\u00e8de pas de flotte de jets. La soci\u00e9t\u00e9 travaille avec un vaste r\u00e9seau de transporteurs a\u00e9riens directs tiers et de transporteurs a\u00e9riens internationaux directs pour vous trouver le meilleur jet pour votre voyage.<\/p>\r\n\r\n\r\n\r\n<p>Starflight s'efforce toujours de fournir un service de premier ordre, que ses passagers effectuent un rapide vol en h\u00e9licopt\u00e8re ou un vol long-courrier dans un avion de luxe. C'est pourquoi toutes les compagnies a\u00e9riennes tierces disposent des licences appropri\u00e9es requises par la loi.<\/p>\r\n\r\n\r\n\r\n<h2 class=\"wp-block-heading\"><span class=\"ez-toc-section\" id=\"Starflight_Aviation_Carbon_Program\"><\/span>Programme carbone de Starflight Aviation\u00a0<span class=\"ez-toc-section-end\"><\/span><\/h2>\r\n\r\n\r\n\r\n<figure class=\"wp-block-image size-full is-style-default\"><img loading=\"lazy\" decoding=\"async\" width=\"1000\" height=\"644\" class=\"wp-image-2974\" src=\"https:\/\/comparemyjet.com\/wp-content\/uploads\/2022\/06\/plane.in_.the_.sky_.against.polution.jpg\" alt=\"\" srcset=\"https:\/\/comparemyjet.com\/wp-content\/uploads\/2022\/06\/plane.in_.the_.sky_.against.polution-18x12.jpg 18w, https:\/\/comparemyjet.com\/wp-content\/uploads\/2022\/06\/plane.in_.the_.sky_.against.polution-300x193.jpg 300w, https:\/\/comparemyjet.com\/wp-content\/uploads\/2022\/06\/plane.in_.the_.sky_.against.polution-768x495.jpg 768w, https:\/\/comparemyjet.com\/wp-content\/uploads\/2022\/06\/plane.in_.the_.sky_.against.polution.jpg 1000w\" sizes=\"auto, (max-width: 1000px) 100vw, 1000px\" \/><\/figure>\r\n\r\n\r\n\r\n<p>Starlight Aviation collabore avec des activistes environnementaux et des organisations caritatives du monde entier pour compenser les effets des \u00e9missions de carbone.\u00a0<\/p>\r\n\r\n\r\n\r\n<p>Alors que d'autres compagnies d'affr\u00e8tement priv\u00e9es s'efforcent \u00e9galement de compenser leur empreinte carbone, Starflight Aviation va encore plus loin en \u00e9tendant ses efforts \u00e0 la pr\u00e9vention de la d\u00e9forestation, en aidant la population locale et en offrant aux clients des moyens suppl\u00e9mentaires de contr\u00f4ler l'impact environnemental de leurs voyages.\u00a0<\/p>\r\n\r\n\r\n\r\n<p>Afin de contribuer \u00e0 la lutte contre la d\u00e9forestation et d'aider les communaut\u00e9s indig\u00e8nes comme les Ash\u00e1ninka de l'Amazonie p\u00e9ruvienne, Starflight Aviation s'est associ\u00e9e \u00e0 l'organisation caritative innovante suivante <a href=\"https:\/\/www.coolearth.org\/\" target=\"_blank\" rel=\"noopener\">Terre fra\u00eeche<\/a> en 2009. Cool Earth et le <a href=\"https:\/\/www.survivalinternational.org\/galleries\/ashaninka\" target=\"_blank\" rel=\"noopener\">Ash\u00e1ninka<\/a> ont pu travailler ensemble pour pr\u00e9server pr\u00e8s de 10 000 acres de for\u00eat tropicale en Amazonie p\u00e9ruvienne, car les for\u00eats tropicales jouent un r\u00f4le essentiel pour temp\u00e9rer les effets de la crise climatique.\u00a0<\/p>\r\n\r\n\r\n\r\n<p>Starflight Aviation a lanc\u00e9 son nouveau programme Planet Positive en 2021 en collaboration avec Cool Earth. Ce programme vise \u00e0 cr\u00e9er des ressources de revenus durables en Afrique afin d'am\u00e9liorer les conditions de vie des populations et de contribuer \u00e0 la pr\u00e9servation des for\u00eats de la r\u00e9gion.\u00a0<\/p>\r\n\r\n\r\n\r\n<p>La compagnie pr\u00e9voit \u00e9galement de mettre en \u0153uvre le programme \"Climate Neutral\", dans le cadre duquel les clients peuvent compenser la totalit\u00e9 des \u00e9missions de carbone de chaque vol en coop\u00e9rant avec l'organisation \u00e0 but non lucratif MyClimate.<\/p>\r\n\r\n\r\n\r\n<h2 class=\"wp-block-heading\"><span class=\"ez-toc-section\" id=\"Conclusion\"><\/span>Conclusion<span class=\"ez-toc-section-end\"><\/span><\/h2>\r\n\r\n\r\n\r\n<p>Starflight Aviation a \u00e9t\u00e9 cr\u00e9\u00e9 en 1989 en tant que courtier en charters r\u00e9pondant aux besoins des c\u00e9l\u00e9brit\u00e9s, des politiciens, des musiciens et autres personnalit\u00e9s publiques. L'attention port\u00e9e par son personnel aux d\u00e9tails en fait l'un des meilleurs courtiers en charters au monde.<\/p>\r\n\r\n\r\n\r\n<p>Une partie des b\u00e9n\u00e9fices du programme Jet Card de la compagnie est revers\u00e9e au programme Carbon Responsible qu'elle met en \u0153uvre pour pr\u00e9server les for\u00eats tropicales de l'Amazonie p\u00e9ruvienne. Ce programme est en place depuis 2009 et a permis de pr\u00e9server 8 500 acres de for\u00eat.<\/p>","protected":false},"excerpt":{"rendered":"<p>Starflite Aviation est une compagnie d'affr\u00e8tement priv\u00e9e exp\u00e9riment\u00e9e qui op\u00e8re depuis plus de 30 ans. Cette soci\u00e9t\u00e9 bas\u00e9e aux \u00c9tats-Unis a une client\u00e8le mondiale et fournit fr\u00e9quemment des services de transport pour des musiciens, des artistes, des politiciens et d'autres clients VIP.  Voyons plus en d\u00e9tail en quoi consiste cette soci\u00e9t\u00e9.  \u00c0 propos de la soci\u00e9t\u00e9 Starflight Aviation est une soci\u00e9t\u00e9 priv\u00e9e ...<\/p>","protected":false},"author":2,"featured_media":3483,"parent":0,"menu_order":0,"comment_status":"closed","ping_status":"closed","template":"","meta":{"_acf_changed":false,"_genesis_hide_title":false,"_genesis_hide_breadcrumbs":false,"_genesis_hide_singular_image":false,"_genesis_hide_footer_widgets":false,"_genesis_custom_body_class":"","_genesis_custom_post_class":"","_genesis_layout":"","footnotes":""},"class_list":{"1":"page","2":"type-page","6":"entry"},"acf":[],"_links":{"self":[{"href":"https:\/\/comparemyjet.com\/fr\/wp-json\/wp\/v2\/pages\/3482","targetHints":{"allow":["GET"]}}],"collection":[{"href":"https:\/\/comparemyjet.com\/fr\/wp-json\/wp\/v2\/pages"}],"about":[{"href":"https:\/\/comparemyjet.com\/fr\/wp-json\/wp\/v2\/types\/page"}],"author":[{"embeddable":true,"href":"https:\/\/comparemyjet.com\/fr\/wp-json\/wp\/v2\/users\/2"}],"replies":[{"embeddable":true,"href":"https:\/\/comparemyjet.com\/fr\/wp-json\/wp\/v2\/comments?post=3482"}],"version-history":[{"count":6,"href":"https:\/\/comparemyjet.com\/fr\/wp-json\/wp\/v2\/pages\/3482\/revisions"}],"predecessor-version":[{"id":3513,"href":"https:\/\/comparemyjet.com\/fr\/wp-json\/wp\/v2\/pages\/3482\/revisions\/3513"}],"wp:featuredmedia":[{"embeddable":true,"href":"https:\/\/comparemyjet.com\/fr\/wp-json\/wp\/v2\/media\/3483"}],"wp:attachment":[{"href":"https:\/\/comparemyjet.com\/fr\/wp-json\/wp\/v2\/media?parent=3482"}],"curies":[{"name":"wp","href":"https:\/\/api.w.org\/{rel}","templated":true}]}}