{"id":3507,"date":"2022-10-07T01:01:16","date_gmt":"2022-10-07T01:01:16","guid":{"rendered":"https:\/\/comparemyjet.com\/?page_id=3507"},"modified":"2025-09-04T10:00:52","modified_gmt":"2025-09-04T10:00:52","slug":"straightline-private-air","status":"publish","type":"page","link":"https:\/\/comparemyjet.com\/fr\/straightline-private-air\/","title":{"rendered":"Prix des vols de StraightLine Private Air"},"content":{"rendered":"<p>StraightLine Private Air est une soci\u00e9t\u00e9 de courtage d'affr\u00e8tement qui aide les clients \u00e0 trouver le jet priv\u00e9 le mieux adapt\u00e9 \u00e0 leur voyage. Le service d'affr\u00e8tement a \u00e9tabli des partenariats avec des propri\u00e9taires de jets priv\u00e9s et des op\u00e9rateurs tiers \u00e0 travers les \u00c9tats-Unis, ce qui lui permet d'employer une strat\u00e9gie de prix dynamique pour aider ses clients \u00e0 profiter de voyages de luxe rentables.&nbsp;<\/p>\r\n\r\n\r\n\r\n<p>Voyons de quoi il s'agit.<\/p>\r\n\r\n\r\n\r\n<div id=\"ez-toc-container\" class=\"ez-toc-v2_0_76 counter-hierarchy ez-toc-counter ez-toc-grey ez-toc-container-direction\">\n<p class=\"ez-toc-title\" style=\"cursor:inherit\">Sujets<\/p>\n<label for=\"ez-toc-cssicon-toggle-item-69e9d2402a70b\" class=\"ez-toc-cssicon-toggle-label\"><span class=\"\"><span class=\"eztoc-hide\" style=\"display:none;\">Toggle<\/span><span class=\"ez-toc-icon-toggle-span\"><svg style=\"fill: #999;color:#999\" xmlns=\"http:\/\/www.w3.org\/2000\/svg\" class=\"list-377408\" width=\"20px\" height=\"20px\" viewbox=\"0 0 24 24\" fill=\"none\"><path d=\"M6 6H4v2h2V6zm14 0H8v2h12V6zM4 11h2v2H4v-2zm16 0H8v2h12v-2zM4 16h2v2H4v-2zm16 0H8v2h12v-2z\" fill=\"currentColor\"><\/path><\/svg><svg style=\"fill: #999;color:#999\" class=\"arrow-unsorted-368013\" xmlns=\"http:\/\/www.w3.org\/2000\/svg\" width=\"10px\" height=\"10px\" viewbox=\"0 0 24 24\" version=\"1.2\" baseprofile=\"tiny\"><path d=\"M18.2 9.3l-6.2-6.3-6.2 6.3c-.2.2-.3.4-.3.7s.1.5.3.7c.2.2.4.3.7.3h11c.3 0 .5-.1.7-.3.2-.2.3-.5.3-.7s-.1-.5-.3-.7zM5.8 14.7l6.2 6.3 6.2-6.3c.2-.2.3-.5.3-.7s-.1-.5-.3-.7c-.2-.2-.4-.3-.7-.3h-11c-.3 0-.5.1-.7.3-.2.2-.3.5-.3.7s.1.5.3.7z\"\/><\/svg><\/span><\/span><\/label><input type=\"checkbox\"  id=\"ez-toc-cssicon-toggle-item-69e9d2402a70b\" checked aria-label=\"Toggle\" \/><nav><ul class='ez-toc-list ez-toc-list-level-1' ><li class='ez-toc-page-1 ez-toc-heading-level-2'><a class=\"ez-toc-link ez-toc-heading-1\" href=\"https:\/\/comparemyjet.com\/fr\/straightline-private-air\/#About_the_Company\" >\u00c0 propos de l'entreprise<\/a><\/li><li class='ez-toc-page-1 ez-toc-heading-level-2'><a class=\"ez-toc-link ez-toc-heading-2\" href=\"https:\/\/comparemyjet.com\/fr\/straightline-private-air\/#Membership_Programs\" >Programmes d'adh\u00e9sion<\/a><\/li><li class='ez-toc-page-1 ez-toc-heading-level-2'><a class=\"ez-toc-link ez-toc-heading-3\" href=\"https:\/\/comparemyjet.com\/fr\/straightline-private-air\/#Company_Jet_Card_Programs\" >Programmes de cartes Jet d'entreprise<\/a><ul class='ez-toc-list-level-3' ><li class='ez-toc-heading-level-3'><a class=\"ez-toc-link ez-toc-heading-4\" href=\"https:\/\/comparemyjet.com\/fr\/straightline-private-air\/#1_StraightLines_Silver_Jet_Card\" >1. La Silver Jet Card de StraightLine<\/a><\/li><li class='ez-toc-page-1 ez-toc-heading-level-3'><a class=\"ez-toc-link ez-toc-heading-5\" href=\"https:\/\/comparemyjet.com\/fr\/straightline-private-air\/#2_StraightLines_Platinum_Card\" >2. La carte Platinum de StraightLine<\/a><\/li><li class='ez-toc-page-1 ez-toc-heading-level-3'><a class=\"ez-toc-link ez-toc-heading-6\" href=\"https:\/\/comparemyjet.com\/fr\/straightline-private-air\/#3_StraightLines_Black_Card\" >3. La carte noire de StraightLine<\/a><\/li><\/ul><\/li><li class='ez-toc-page-1 ez-toc-heading-level-2'><a class=\"ez-toc-link ez-toc-heading-7\" href=\"https:\/\/comparemyjet.com\/fr\/straightline-private-air\/#The_Fleet\" >La flotte&nbsp;<\/a><ul class='ez-toc-list-level-3' ><li class='ez-toc-heading-level-3'><a class=\"ez-toc-link ez-toc-heading-8\" href=\"https:\/\/comparemyjet.com\/fr\/straightline-private-air\/#1_Piston_Propellers\" >1. H\u00e9lices \u00e0 pistons&nbsp;<\/a><ul class='ez-toc-list-level-4' ><li class='ez-toc-heading-level-4'><a class=\"ez-toc-link ez-toc-heading-9\" href=\"https:\/\/comparemyjet.com\/fr\/straightline-private-air\/#Piston_Propellers_Specifications\" >Sp\u00e9cifications des h\u00e9lices \u00e0 pistons<\/a><\/li><\/ul><\/li><li class='ez-toc-page-1 ez-toc-heading-level-3'><a class=\"ez-toc-link ez-toc-heading-10\" href=\"https:\/\/comparemyjet.com\/fr\/straightline-private-air\/#2_Turboprops\" >2. Turbopropulseurs<\/a><ul class='ez-toc-list-level-4' ><li class='ez-toc-heading-level-4'><a class=\"ez-toc-link ez-toc-heading-11\" href=\"https:\/\/comparemyjet.com\/fr\/straightline-private-air\/#Turboprops_Specifications\" >Sp\u00e9cifications des turbopropulseurs<\/a><\/li><\/ul><\/li><li class='ez-toc-page-1 ez-toc-heading-level-3'><a class=\"ez-toc-link ez-toc-heading-12\" href=\"https:\/\/comparemyjet.com\/fr\/straightline-private-air\/#3_Very_Light_and_Light_Private_Jets\" >3. Jets priv\u00e9s tr\u00e8s l\u00e9gers et l\u00e9gers<\/a><ul class='ez-toc-list-level-4' ><li class='ez-toc-heading-level-4'><a class=\"ez-toc-link ez-toc-heading-13\" href=\"https:\/\/comparemyjet.com\/fr\/straightline-private-air\/#Light_and_Very_Light_Jets_Specifications\" >Sp\u00e9cifications des jets l\u00e9gers et tr\u00e8s l\u00e9gers<\/a><\/li><\/ul><\/li><li class='ez-toc-page-1 ez-toc-heading-level-3'><a class=\"ez-toc-link ez-toc-heading-14\" href=\"https:\/\/comparemyjet.com\/fr\/straightline-private-air\/#4_Midsize_and_Super-Midsize_Private_Jets\" >4. Jets priv\u00e9s de taille moyenne et super moyenne&nbsp;<\/a><ul class='ez-toc-list-level-4' ><li class='ez-toc-heading-level-4'><a class=\"ez-toc-link ez-toc-heading-15\" href=\"https:\/\/comparemyjet.com\/fr\/straightline-private-air\/#Midsize_and_Super-Midsize_Jets_Specifications\" >Sp\u00e9cifications des jets de taille moyenne et super moyenne<\/a><\/li><\/ul><\/li><li class='ez-toc-page-1 ez-toc-heading-level-3'><a class=\"ez-toc-link ez-toc-heading-16\" href=\"https:\/\/comparemyjet.com\/fr\/straightline-private-air\/#5_Large_Private_Jets\" >5. Grands jets priv\u00e9s<\/a><ul class='ez-toc-list-level-4' ><li class='ez-toc-heading-level-4'><a class=\"ez-toc-link ez-toc-heading-17\" href=\"https:\/\/comparemyjet.com\/fr\/straightline-private-air\/#Large_Jets_Specifications\" >Sp\u00e9cifications des grands jets<\/a><\/li><\/ul><\/li><\/ul><\/li><li class='ez-toc-page-1 ez-toc-heading-level-2'><a class=\"ez-toc-link ez-toc-heading-18\" href=\"https:\/\/comparemyjet.com\/fr\/straightline-private-air\/#Company_Safety_Policy_and_Standards\" >Politique et normes de s\u00e9curit\u00e9 de l'entreprise<\/a><\/li><li class='ez-toc-page-1 ez-toc-heading-level-2'><a class=\"ez-toc-link ez-toc-heading-19\" href=\"https:\/\/comparemyjet.com\/fr\/straightline-private-air\/#Conclusion\" >Conclusion<\/a><\/li><\/ul><\/nav><\/div>\n<h2 class=\"wp-block-heading\"><span class=\"ez-toc-section\" id=\"About_the_Company\"><\/span>\u00c0 propos de l'entreprise<span class=\"ez-toc-section-end\"><\/span><\/h2>\r\n\r\n\r\n\r\n<p>Nouvel acteur innovant sur le march\u00e9 des cartes jet, StraightLine a \u00e9t\u00e9 cr\u00e9\u00e9 en 2016 par Tom Filippini, cofondateur d'Exclusive Resorts.&nbsp;<\/p>\r\n\r\n\r\n\r\n<p>Les entreprises qui s'adressent aux ultra-riches sont connues pour leurs approches co\u00fbteuses (comme l'envoi de paniers de fruits). Elles cr\u00e9ent des pages d'atterrissage personnalis\u00e9es qui s'adressent directement \u00e0 ce public cibl\u00e9 en r\u00e9pondant \u00e0 ses exigences particuli\u00e8res. StraightLine Private Air cible ces personnes en ligne en fonction de leurs int\u00e9r\u00eats et les convertit en prospects pour une fraction du co\u00fbt des tactiques traditionnelles.<\/p>\r\n\r\n\r\n\r\n<p>Le bureau principal de StraightLine Private Air est situ\u00e9 \u00e0 <a href=\"https:\/\/comparemyjet.com\/fr\/visites-privees\/denver-private-tours\/\" data-internallinksmanager029f6b8e52c=\"410\" title=\"11 Meilleures visites priv\u00e9es de Denver \u00e0 partir de $49.00\">Denver<\/a>dans le Colorado. La compagnie de jet priv\u00e9 offre des services dans tous les \u00c9tats-Unis et utilise une strat\u00e9gie de prix dynamique bas\u00e9e sur des conditions de march\u00e9 en constante \u00e9volution.<\/p>\r\n\r\n\r\n\r\n<h2 class=\"wp-block-heading\"><span class=\"ez-toc-section\" id=\"Membership_Programs\"><\/span>Programmes d'adh\u00e9sion<span class=\"ez-toc-section-end\"><\/span><\/h2>\r\n\r\n\r\n\r\n<p>Pour devenir membre, les clients doivent payer des frais de $100.000, $200.000 ou $300.000. Il n'y a pas de co\u00fbts cach\u00e9s ou d'autres frais ; la totalit\u00e9 du montant investi par les membres est consacr\u00e9e \u00e0 leur billet d'avion. Les membres peuvent choisir l'avion \u00e0 utiliser pour chaque voyage et payer leurs vols individuellement.&nbsp;<\/p>\r\n\r\n\r\n\r\n<p>StraightLine Private Air s'efforce de trouver le prix le plus bas pour chaque vol. Au lieu de payer un montant fixe qui peut ou non couvrir tous les co\u00fbts, les membres ne paient que pour les vols qu'ils prennent.<\/p>\r\n\r\n\r\n\r\n<p>Le prix des voyages d\u00e9pend de divers facteurs, dont le tarif horaire de l'avion, les taxes d'a\u00e9roport, les frais de manutention du fret et les salaires des pilotes et du personnel navigant. L'un des facteurs essentiels du co\u00fbt total est le co\u00fbt d'exploitation de l'avion par heure de vol. Toutes les taxes et tous les suppl\u00e9ments sont inclus dans les tarifs de StraightLine Private Flights.<\/p>\r\n\r\n\r\n\r\n<p>StraightLine Private Air d\u00e9bitera les comptes des membres sur la base de chaque voyage, et les membres peuvent ajouter des fonds \u00e0 tout moment.<\/p>\r\n\r\n\r\n\r\n<h2 class=\"wp-block-heading\"><span class=\"ez-toc-section\" id=\"Company_Jet_Card_Programs\"><\/span>Programmes de cartes Jet d'entreprise<span class=\"ez-toc-section-end\"><\/span><\/h2>\r\n\r\n\r\n\r\n<p>StraightLine Private Air propose trois types de cartes de jet. Voyons de quoi il s'agit.<\/p>\r\n\r\n\r\n\r\n<h3 class=\"wp-block-heading\"><span class=\"ez-toc-section\" id=\"1_StraightLines_Silver_Jet_Card\"><\/span>1. La Silver Jet Card de StraightLine<span class=\"ez-toc-section-end\"><\/span><\/h3>\r\n\r\n\r\n\r\n<p>Le droit d'entr\u00e9e de la Silver Jet Card est le plus bas des trois, \u00e0 $100 000. Les membres b\u00e9n\u00e9ficient d'un ambassadeur de vol d\u00e9di\u00e9 et d'un acc\u00e8s complet \u00e0 toutes les cat\u00e9gories d'avions. Il n'y a pas de dates d'interdiction ni de suppl\u00e9ments pour les jours de pointe. La carte est valable 18 mois.<\/p>\r\n\r\n\r\n\r\n<h3 class=\"wp-block-heading\"><span class=\"ez-toc-section\" id=\"2_StraightLines_Platinum_Card\"><\/span>2. La carte Platinum de StraightLine<span class=\"ez-toc-section-end\"><\/span><\/h3>\r\n\r\n\r\n\r\n<p>La carte Platinum co\u00fbte $200,000 et est id\u00e9ale pour les familles qui ont des itin\u00e9raires plus flexibles. Les membres et les membres de leur famille imm\u00e9diate b\u00e9n\u00e9ficient de tous les avantages de la Silver Jet Card, et un passager principal suppl\u00e9ant peut \u00e9galement utiliser la carte. Il n'y a pas de date d'expiration ni de remboursement.<\/p>\r\n\r\n\r\n\r\n<h3 class=\"wp-block-heading\"><span class=\"ez-toc-section\" id=\"3_StraightLines_Black_Card\"><\/span>3. La carte noire de StraightLine<span class=\"ez-toc-section-end\"><\/span><\/h3>\r\n\r\n\r\n\r\n<p>La Black Card co\u00fbte $300,000 et est le choix le plus populaire parmi les clients. Les membres b\u00e9n\u00e9ficient de tous les avantages de la Platinum Jet Card et peuvent nommer cinq passagers principaux alternatifs pour utiliser la carte. Il n'y a pas de date d'expiration.<\/p>\r\n\r\n\r\n\r\n<h2 class=\"wp-block-heading\"><span class=\"ez-toc-section\" id=\"The_Fleet\"><\/span>La flotte&nbsp;<span class=\"ez-toc-section-end\"><\/span><\/h2>\r\n\r\n\r\n\r\n<figure class=\"wp-block-image size-full is-style-default\"><img loading=\"lazy\" decoding=\"async\" width=\"1000\" height=\"667\" src=\"https:\/\/comparemyjet.com\/wp-content\/uploads\/2022\/10\/plane.leaving.a.trace_.in_.the_.clouds-2.jpg\" alt=\"StraightLine Private Air\" class=\"wp-image-3509\" srcset=\"https:\/\/comparemyjet.com\/wp-content\/uploads\/2022\/10\/plane.leaving.a.trace_.in_.the_.clouds-2-18x12.jpg 18w, https:\/\/comparemyjet.com\/wp-content\/uploads\/2022\/10\/plane.leaving.a.trace_.in_.the_.clouds-2-300x200.jpg 300w, https:\/\/comparemyjet.com\/wp-content\/uploads\/2022\/10\/plane.leaving.a.trace_.in_.the_.clouds-2-768x512.jpg 768w, https:\/\/comparemyjet.com\/wp-content\/uploads\/2022\/10\/plane.leaving.a.trace_.in_.the_.clouds-2.jpg 1000w\" sizes=\"auto, (max-width: 1000px) 100vw, 1000px\" \/><\/figure>\r\n\r\n\r\n\r\n<p>StraightLine ne poss\u00e8de pas de flotte et obtient les avions aupr\u00e8s d'op\u00e9rateurs de jets priv\u00e9s tiers. StraightLine est en partenariat avec des propri\u00e9taires de jets priv\u00e9s \u00e0 travers les \u00c9tats-Unis et loue des jets pour offrir aux clients un service pratique et rentable.<\/p>\r\n\r\n\r\n\r\n<h3 class=\"wp-block-heading\"><span class=\"ez-toc-section\" id=\"1_Piston_Propellers\"><\/span>1. H\u00e9lices \u00e0 pistons&nbsp;<span class=\"ez-toc-section-end\"><\/span><\/h3>\r\n\r\n\r\n\r\n<p>Les passagers peuvent voler sur des h\u00e9lices \u00e0 piston contemporaines pour \u00e9conomiser de l'argent sans sacrifier le confort. Un avion \u00e0 h\u00e9lice \u00e0 piston est un excellent choix pour les voyages rapides, que vous voyagiez seul ou avec un petit groupe. Les avions \u00e0 pistons peuvent d\u00e9coller et atterrir sur presque tous les terrains d'aviation.<\/p>\r\n\r\n\r\n\r\n<h4 class=\"wp-block-heading\"><span class=\"ez-toc-section\" id=\"Piston_Propellers_Specifications\"><\/span>Sp\u00e9cifications des h\u00e9lices \u00e0 pistons<span class=\"ez-toc-section-end\"><\/span><\/h4>\r\n\r\n\r\n\r\n<p>Les h\u00e9lices \u00e0 pistons peuvent accueillir jusqu'\u00e0 quatre passagers. Ils ont une autonomie de vol maximale de 500 miles et une vitesse de croisi\u00e8re de 250 mph. Le prix horaire moyen pour les membres de StraightLine Private Air varie entre $950 et $1,950.<\/p>\r\n\r\n\r\n\r\n<h3 class=\"wp-block-heading\"><span class=\"ez-toc-section\" id=\"2_Turboprops\"><\/span>2. Turbopropulseurs<span class=\"ez-toc-section-end\"><\/span><\/h3>\r\n\r\n\r\n\r\n<p>Les passagers peuvent parcourir de courtes et moyennes distances avec des avions \u00e0 turbopropulseurs. Ces avions rentables sont parfaits pour divers voyages, car ils permettent d'acc\u00e9der \u00e0 des a\u00e9roports plus petits que les avions plus grands ne peuvent pas utiliser.<\/p>\r\n\r\n\r\n\r\n<h4 class=\"wp-block-heading\"><span class=\"ez-toc-section\" id=\"Turboprops_Specifications\"><\/span>Sp\u00e9cifications des turbopropulseurs<span class=\"ez-toc-section-end\"><\/span><\/h4>\r\n\r\n\r\n\r\n<p>Les turbopropulseurs peuvent accueillir jusqu'\u00e0 huit passagers. Ils ont une autonomie de vol maximale de 1 250 miles et une vitesse de croisi\u00e8re de 350 mph. Le prix horaire moyen pour les membres de StraightLine Private Air varie entre $3,450 et $4,950.<\/p>\r\n\r\n\r\n\r\n<h3 class=\"wp-block-heading\"><span class=\"ez-toc-section\" id=\"3_Very_Light_and_Light_Private_Jets\"><\/span>3. Jets priv\u00e9s tr\u00e8s l\u00e9gers et l\u00e9gers<span class=\"ez-toc-section-end\"><\/span><\/h3>\r\n\r\n\r\n\r\n<p>Les jets tr\u00e8s l\u00e9gers sont un choix populaire pour les passagers qui volent sur des distances courtes et interm\u00e9diaires. Les jets l\u00e9gers sont souvent choisis pour des voyages d'une dur\u00e9e de trois \u00e0 quatre heures et peuvent parcourir 1 500 miles sans faire de pause.&nbsp;<\/p>\r\n\r\n\r\n\r\n<h4 class=\"wp-block-heading\"><span class=\"ez-toc-section\" id=\"Light_and_Very_Light_Jets_Specifications\"><\/span>Sp\u00e9cifications des jets l\u00e9gers et tr\u00e8s l\u00e9gers<span class=\"ez-toc-section-end\"><\/span><\/h4>\r\n\r\n\r\n\r\n<p>Les jets tr\u00e8s l\u00e9gers peuvent accueillir quatre \u00e0 cinq passagers et voler avec une vitesse de croisi\u00e8re maximale de 450 mph et une autonomie maximale de 750 miles. Le prix horaire moyen pour les membres de StraightLine Private Air varie entre $3,950 et $5,250.<\/p>\r\n\r\n\r\n\r\n<p>Les jets l\u00e9gers peuvent accueillir jusqu'\u00e0 huit passagers et ont une vitesse de croisi\u00e8re maximale de 500 mph et une autonomie maximale de 1 500 miles. Le prix horaire moyen pour les membres de StraightLine Private Air varie entre $4,250 et $5,950.<\/p>\r\n\r\n\r\n\r\n<h3 class=\"wp-block-heading\"><span class=\"ez-toc-section\" id=\"4_Midsize_and_Super-Midsize_Private_Jets\"><\/span>4. Jets priv\u00e9s de taille moyenne et super moyenne&nbsp;<span class=\"ez-toc-section-end\"><\/span><\/h3>\r\n\r\n\r\n\r\n<p>Les jets de taille moyenne offrent une plus grande autonomie de vol et une cabine plus spacieuse que les jets l\u00e9gers. Ces avions sont g\u00e9n\u00e9ralement dot\u00e9s de divans spacieux pour le confort des passagers et d'une cuisine et de toilettes \u00e9tendues.<\/p>\r\n\r\n\r\n\r\n<p>Les jets super moyens ont un rayon d'action plus long que les jets moyens et des cabines plus spacieuses. Ces avions constituent une alternative rentable et \u00e9conome en carburant aux grands jets, car ils peuvent voler sur de longues distances.&nbsp;<\/p>\r\n\r\n\r\n\r\n<h4 class=\"wp-block-heading\"><span class=\"ez-toc-section\" id=\"Midsize_and_Super-Midsize_Jets_Specifications\"><\/span>Sp\u00e9cifications des jets de taille moyenne et super moyenne<span class=\"ez-toc-section-end\"><\/span><\/h4>\r\n\r\n\r\n\r\n<p>Les jets de taille moyenne peuvent accueillir jusqu'\u00e0 dix passagers et ont une vitesse de croisi\u00e8re maximale de 550 mph et une autonomie maximale de 3 000 miles. Le prix horaire moyen pour les membres de StraightLine Private Air varie entre $5,950 et $7,450.<\/p>\r\n\r\n\r\n\r\n<p>Les jets super-midsize peuvent accueillir jusqu'\u00e0 12 passagers et voler \u00e0 une vitesse de croisi\u00e8re maximale de 600 mph et avec une autonomie maximale de 4 500 miles. Le prix horaire moyen pour les membres de StraightLine Private Air varie de $6,250 \u00e0 $8,950.<\/p>\r\n\r\n\r\n\r\n<h3 class=\"wp-block-heading\"><span class=\"ez-toc-section\" id=\"5_Large_Private_Jets\"><\/span>5. Grands jets priv\u00e9s<span class=\"ez-toc-section-end\"><\/span><\/h3>\r\n\r\n\r\n\r\n<p>Les grands avions priv\u00e9s, appel\u00e9s jets lourds, se distinguent par leur taille immense et leur grand confort. Les commodit\u00e9s de cette classe sont pratiquement illimit\u00e9es, et l'autonomie de vol permet d'effectuer plus de 12 heures de vol sans escale.&nbsp;<\/p>\r\n\r\n\r\n\r\n<p>Les avions sont \u00e9quip\u00e9s de syst\u00e8mes Wi-Fi et de syst\u00e8mes de divertissement, et l'am\u00e9nagement int\u00e9rieur peut \u00eatre configur\u00e9 pour des r\u00e9unions d'affaires ou des options de divertissement.<\/p>\r\n\r\n\r\n\r\n<h4 class=\"wp-block-heading\"><span class=\"ez-toc-section\" id=\"Large_Jets_Specifications\"><\/span>Sp\u00e9cifications des grands jets<span class=\"ez-toc-section-end\"><\/span><\/h4>\r\n\r\n\r\n\r\n<p>Les grands jets peuvent accueillir jusqu'\u00e0 16 passagers et ont une vitesse de croisi\u00e8re maximale de 650 mph et une autonomie maximale de 6 500 miles. Le prix horaire moyen pour les membres de StraightLine Private Air varie de $7,950 \u00e0 $12,950.<\/p>\r\n\r\n\r\n\r\n<h2 class=\"wp-block-heading\"><span class=\"ez-toc-section\" id=\"Company_Safety_Policy_and_Standards\"><\/span>Politique et normes de s\u00e9curit\u00e9 de l'entreprise<span class=\"ez-toc-section-end\"><\/span><\/h2>\r\n\r\n\r\n\r\n<figure class=\"wp-block-image size-full is-style-default\"><img loading=\"lazy\" decoding=\"async\" width=\"1000\" height=\"442\" src=\"https:\/\/comparemyjet.com\/wp-content\/uploads\/2022\/09\/little.plane_.in_.the_.hand_.of_.a.businessman.jpg\" alt=\"\" class=\"wp-image-3335\" srcset=\"https:\/\/comparemyjet.com\/wp-content\/uploads\/2022\/09\/little.plane_.in_.the_.hand_.of_.a.businessman-18x8.jpg 18w, https:\/\/comparemyjet.com\/wp-content\/uploads\/2022\/09\/little.plane_.in_.the_.hand_.of_.a.businessman-300x133.jpg 300w, https:\/\/comparemyjet.com\/wp-content\/uploads\/2022\/09\/little.plane_.in_.the_.hand_.of_.a.businessman-768x339.jpg 768w, https:\/\/comparemyjet.com\/wp-content\/uploads\/2022\/09\/little.plane_.in_.the_.hand_.of_.a.businessman.jpg 1000w\" sizes=\"auto, (max-width: 1000px) 100vw, 1000px\" \/><\/figure>\r\n\r\n\r\n\r\n<p>StraightLine r\u00e9pond \u00e0 la <a href=\"https:\/\/www.faa.gov\/\" target=\"_blank\" rel=\"noopener\">FAA<\/a>Les normes de la FAA pour les op\u00e9rations d'affr\u00e8tement. La soci\u00e9t\u00e9 n'utilise que des avions approuv\u00e9s par la FAA, du FAR (Federal Aviation Regulations) Part 135 Charter Operators.&nbsp;<\/p>\r\n\r\n\r\n\r\n<p>Les vols sont effectu\u00e9s sous l'autorit\u00e9 op\u00e9rationnelle des op\u00e9rateurs de charters de StraightLine Private Air, qui engagent les pilotes, s'occupent de la maintenance et exploitent les avions.&nbsp;<\/p>\r\n\r\n\r\n\r\n<p>StraightLine travaille en \u00e9troite collaboration avec les meilleures compagnies d'affr\u00e8tement du secteur et n'utilise que des avions ayant pass\u00e9 les inspections de l'une ou l'autre des institutions suivantes <a href=\"https:\/\/www.wyvernltd.com\/\" target=\"_blank\" rel=\"noopener\">Wyvern <\/a>ou <a href=\"https:\/\/www.argus.aero\/\" target=\"_blank\" rel=\"noopener\">ARGUS<\/a> pour garantir la s\u00e9curit\u00e9 des passagers.&nbsp;<\/p>\r\n\r\n\r\n\r\n<h2 class=\"wp-block-heading\"><span class=\"ez-toc-section\" id=\"Conclusion\"><\/span>Conclusion<span class=\"ez-toc-section-end\"><\/span><\/h2>\r\n\r\n\r\n\r\n<p>Cr\u00e9\u00e9e en 2016, StraightLine Private Air organise des vols pour les clients avec des avions d'op\u00e9rateurs d'affr\u00e8tement tiers. Les clients peuvent affr\u00e9ter \u00e0 tout moment une large gamme d'avions, des h\u00e9lices \u00e0 piston aux jets lourds.&nbsp;<\/p>\r\n\r\n\r\n\r\n<p>Les membres du programme StraightLine Private Air, bas\u00e9 sur des d\u00e9p\u00f4ts, peuvent choisir le type d'avion qui r\u00e9pond le mieux \u00e0 leurs besoins pour chaque voyage. Ce programme est id\u00e9al pour les grands voyageurs qui ont l'intention d'utiliser plusieurs types d'avions.&nbsp;<\/p>","protected":false},"excerpt":{"rendered":"<p>StraightLine Private Air est une soci\u00e9t\u00e9 de courtage d'affr\u00e8tement qui aide les clients \u00e0 trouver le jet priv\u00e9 le mieux adapt\u00e9 \u00e0 leur voyage. Le service d'affr\u00e8tement a \u00e9tabli des partenariats avec des propri\u00e9taires de jets priv\u00e9s et des op\u00e9rateurs tiers \u00e0 travers les \u00c9tats-Unis, ce qui lui permet d'employer une strat\u00e9gie de prix dynamique pour aider ses clients \u00e0 profiter de voyages de luxe rentables.  Voyons ce que ...<\/p>","protected":false},"author":2,"featured_media":3508,"parent":0,"menu_order":0,"comment_status":"closed","ping_status":"closed","template":"","meta":{"_acf_changed":false,"_genesis_hide_title":false,"_genesis_hide_breadcrumbs":false,"_genesis_hide_singular_image":false,"_genesis_hide_footer_widgets":false,"_genesis_custom_body_class":"","_genesis_custom_post_class":"","_genesis_layout":"","footnotes":""},"class_list":{"1":"page","2":"type-page","6":"entry"},"acf":[],"_links":{"self":[{"href":"https:\/\/comparemyjet.com\/fr\/wp-json\/wp\/v2\/pages\/3507","targetHints":{"allow":["GET"]}}],"collection":[{"href":"https:\/\/comparemyjet.com\/fr\/wp-json\/wp\/v2\/pages"}],"about":[{"href":"https:\/\/comparemyjet.com\/fr\/wp-json\/wp\/v2\/types\/page"}],"author":[{"embeddable":true,"href":"https:\/\/comparemyjet.com\/fr\/wp-json\/wp\/v2\/users\/2"}],"replies":[{"embeddable":true,"href":"https:\/\/comparemyjet.com\/fr\/wp-json\/wp\/v2\/comments?post=3507"}],"version-history":[{"count":2,"href":"https:\/\/comparemyjet.com\/fr\/wp-json\/wp\/v2\/pages\/3507\/revisions"}],"predecessor-version":[{"id":3552,"href":"https:\/\/comparemyjet.com\/fr\/wp-json\/wp\/v2\/pages\/3507\/revisions\/3552"}],"wp:featuredmedia":[{"embeddable":true,"href":"https:\/\/comparemyjet.com\/fr\/wp-json\/wp\/v2\/media\/3508"}],"wp:attachment":[{"href":"https:\/\/comparemyjet.com\/fr\/wp-json\/wp\/v2\/media?parent=3507"}],"curies":[{"name":"wp","href":"https:\/\/api.w.org\/{rel}","templated":true}]}}