{"id":3559,"date":"2022-10-15T01:08:04","date_gmt":"2022-10-15T01:08:04","guid":{"rendered":"https:\/\/comparemyjet.com\/?page_id=3559"},"modified":"2025-09-04T10:03:18","modified_gmt":"2025-09-04T10:03:18","slug":"verijet","status":"publish","type":"page","link":"https:\/\/comparemyjet.com\/fr\/verijet\/","title":{"rendered":"Prix des vols VeriJet"},"content":{"rendered":"<p>Verijet est une compagnie a\u00e9rienne innovante qui se distingue des autres compagnies a\u00e9riennes. <a href=\"https:\/\/comparemyjet.com\/fr\/comment-louer-ou-affreter-un-jet-prive\/\" data-internallinksmanager029f6b8e52c=\"15\" title=\"Comment louer ou affr\u00e9ter un jet priv\u00e9 ?\">affr\u00e8tement de jet priv\u00e9<\/a> fournisseurs par un certain nombre de crit\u00e8res, dont la majorit\u00e9 remonte \u00e0 la flotte de jets Cirrus SF-50 Vision de l'entreprise. L'entreprise a \u00e9t\u00e9 fond\u00e9e en 2020 et ses principaux bureaux sont situ\u00e9s \u00e0 Vero Beach, en Floride.<\/p>\r\n\r\n\r\n\r\n<p>Pour rendre les vols plus abordables, Verijet a d\u00e9velopp\u00e9 un moteur d'optimisation des vols et lanc\u00e9 sa propre flotte de G2+ Vision Jets, plus puissants et mieux \u00e9quip\u00e9s pour affronter des pistes difficiles et des distances plus longues. Ces jets ont des notes exceptionnelles en mati\u00e8re de s\u00e9curit\u00e9 et effectuent des vols neutres en carbone 100%.&nbsp;<\/p>\r\n\r\n\r\n\r\n<p>Apr\u00e8s des d\u00e9buts fructueux dans la r\u00e9gion du sud-est des \u00c9tats-Unis, Verijet entend proposer des vols priv\u00e9s rapides et peu co\u00fbteux sur l'ensemble du territoire am\u00e9ricain.<\/p>\r\n\r\n\r\n\r\n<div id=\"ez-toc-container\" class=\"ez-toc-v2_0_76 counter-hierarchy ez-toc-counter ez-toc-grey ez-toc-container-direction\">\n<p class=\"ez-toc-title\" style=\"cursor:inherit\">Sujets<\/p>\n<label for=\"ez-toc-cssicon-toggle-item-69dca05b0acfc\" class=\"ez-toc-cssicon-toggle-label\"><span class=\"\"><span class=\"eztoc-hide\" style=\"display:none;\">Toggle<\/span><span class=\"ez-toc-icon-toggle-span\"><svg style=\"fill: #999;color:#999\" xmlns=\"http:\/\/www.w3.org\/2000\/svg\" class=\"list-377408\" width=\"20px\" height=\"20px\" viewbox=\"0 0 24 24\" fill=\"none\"><path d=\"M6 6H4v2h2V6zm14 0H8v2h12V6zM4 11h2v2H4v-2zm16 0H8v2h12v-2zM4 16h2v2H4v-2zm16 0H8v2h12v-2z\" fill=\"currentColor\"><\/path><\/svg><svg style=\"fill: #999;color:#999\" class=\"arrow-unsorted-368013\" xmlns=\"http:\/\/www.w3.org\/2000\/svg\" width=\"10px\" height=\"10px\" viewbox=\"0 0 24 24\" version=\"1.2\" baseprofile=\"tiny\"><path d=\"M18.2 9.3l-6.2-6.3-6.2 6.3c-.2.2-.3.4-.3.7s.1.5.3.7c.2.2.4.3.7.3h11c.3 0 .5-.1.7-.3.2-.2.3-.5.3-.7s-.1-.5-.3-.7zM5.8 14.7l6.2 6.3 6.2-6.3c.2-.2.3-.5.3-.7s-.1-.5-.3-.7c-.2-.2-.4-.3-.7-.3h-11c-.3 0-.5.1-.7.3-.2.2-.3.5-.3.7s.1.5.3.7z\"\/><\/svg><\/span><\/span><\/label><input type=\"checkbox\"  id=\"ez-toc-cssicon-toggle-item-69dca05b0acfc\" checked aria-label=\"Toggle\" \/><nav><ul class='ez-toc-list ez-toc-list-level-1' ><li class='ez-toc-page-1 ez-toc-heading-level-2'><a class=\"ez-toc-link ez-toc-heading-1\" href=\"https:\/\/comparemyjet.com\/fr\/verijet\/#About_the_Company\" >\u00c0 propos de l'entreprise<\/a><ul class='ez-toc-list-level-3' ><li class='ez-toc-heading-level-3'><a class=\"ez-toc-link ez-toc-heading-2\" href=\"https:\/\/comparemyjet.com\/fr\/verijet\/#The_G2_Vision_Jets_Fleet\" >La flotte de jets G2+ Vision<\/a><\/li><\/ul><\/li><li class='ez-toc-page-1 ez-toc-heading-level-2'><a class=\"ez-toc-link ez-toc-heading-3\" href=\"https:\/\/comparemyjet.com\/fr\/verijet\/#Pricing\" >Fixation des prix<\/a><\/li><li class='ez-toc-page-1 ez-toc-heading-level-2'><a class=\"ez-toc-link ez-toc-heading-4\" href=\"https:\/\/comparemyjet.com\/fr\/verijet\/#Company_Jet_Card_Programs\" >Programmes de cartes Jet d'entreprise<\/a><ul class='ez-toc-list-level-3' ><li class='ez-toc-heading-level-3'><a class=\"ez-toc-link ez-toc-heading-5\" href=\"https:\/\/comparemyjet.com\/fr\/verijet\/#25_Hour_JetCard\" >JetCard 25 heures<\/a><\/li><li class='ez-toc-page-1 ez-toc-heading-level-3'><a class=\"ez-toc-link ez-toc-heading-6\" href=\"https:\/\/comparemyjet.com\/fr\/verijet\/#50_Hour_JetCard\" >JetCard 50 heures<\/a><\/li><li class='ez-toc-page-1 ez-toc-heading-level-3'><a class=\"ez-toc-link ez-toc-heading-7\" href=\"https:\/\/comparemyjet.com\/fr\/verijet\/#100_Hour_JetCard\" >JetCard 100 heures<\/a><\/li><\/ul><\/li><li class='ez-toc-page-1 ez-toc-heading-level-2'><a class=\"ez-toc-link ez-toc-heading-8\" href=\"https:\/\/comparemyjet.com\/fr\/verijet\/#The_Fleet\" >La flotte&nbsp;<\/a><ul class='ez-toc-list-level-4' ><li class='ez-toc-heading-level-4'><ul class='ez-toc-list-level-4' ><li class='ez-toc-heading-level-4'><a class=\"ez-toc-link ez-toc-heading-9\" href=\"https:\/\/comparemyjet.com\/fr\/verijet\/#Characteristics_of_The_Cirrus_SF-50_Vision_Jet\" >Caract\u00e9ristiques du Cirrus SF-50 Vision Jet<\/a><\/li><\/ul><\/li><\/ul><\/li><li class='ez-toc-page-1 ez-toc-heading-level-2'><a class=\"ez-toc-link ez-toc-heading-10\" href=\"https:\/\/comparemyjet.com\/fr\/verijet\/#Company_Safety_Policy_and_Standards\" >Politique et normes de s\u00e9curit\u00e9 de l'entreprise<\/a><\/li><li class='ez-toc-page-1 ez-toc-heading-level-2'><a class=\"ez-toc-link ez-toc-heading-11\" href=\"https:\/\/comparemyjet.com\/fr\/verijet\/#Pilots\" >Pilotes<\/a><\/li><li class='ez-toc-page-1 ez-toc-heading-level-2'><a class=\"ez-toc-link ez-toc-heading-12\" href=\"https:\/\/comparemyjet.com\/fr\/verijet\/#Partnerships\" >Partenariats<\/a><\/li><li class='ez-toc-page-1 ez-toc-heading-level-2'><a class=\"ez-toc-link ez-toc-heading-13\" href=\"https:\/\/comparemyjet.com\/fr\/verijet\/#Conclusion\" >Conclusion<\/a><\/li><\/ul><\/nav><\/div>\n<h2 class=\"wp-block-heading\"><span class=\"ez-toc-section\" id=\"About_the_Company\"><\/span>\u00c0 propos de l'entreprise<span class=\"ez-toc-section-end\"><\/span><\/h2>\r\n\r\n\r\n\r\n<p>Richard Kane, pr\u00e9sident-directeur g\u00e9n\u00e9ral de Verijet, a travaill\u00e9 dans les secteurs des t\u00e9l\u00e9communications et de l'aviation, ce qui l'a incit\u00e9 \u00e0 cr\u00e9er l'entreprise. \u00c9tant donn\u00e9 qu'il est un pilote talentueux qui d\u00e9tient des records mondiaux de vitesse et qu'il poss\u00e8de une expertise dans l'acheminement de millions d'appels par heure en temps r\u00e9el, Verijet est rapidement devenue la soci\u00e9t\u00e9 d'affr\u00e8tement de jets priv\u00e9s par excellence.<\/p>\r\n\r\n\r\n\r\n<p>Verijet a construit un syst\u00e8me d'optimisation qui peut remplacer une \u00e9quipe de planificateurs d'un simple clic de bouton. La cons\u00e9quence directe est la suppression d'autres frais, ce qui se traduit par une r\u00e9duction du prix des billets d'avion. Kane a test\u00e9 son processus d'optimisation sur un cluster de machines virtuelles qui partageaient toutes la m\u00eame m\u00e9moire et le m\u00eame espace disque. Apr\u00e8s avoir \u00e9tudi\u00e9 plusieurs options, il a opt\u00e9 pour <a href=\"https:\/\/www.ibm.com\/cloud\/bare-metal-servers\" target=\"_blank\" rel=\"noopener\">Serveurs nu-m\u00e9tal IBM Cloud<\/a> en raison de leur stabilit\u00e9 et de leur puissance de calcul par rapport \u00e0 celle du moteur d'optimisation, ainsi que de leur acc\u00e8s \u00e0 la plateforme en nuage d'IBM et au soutien des ing\u00e9nieurs techniques et des conseillers.<\/p>\r\n\r\n\r\n\r\n<h3 class=\"wp-block-heading\"><span class=\"ez-toc-section\" id=\"The_G2_Vision_Jets_Fleet\"><\/span>La flotte de jets G2+ Vision<span class=\"ez-toc-section-end\"><\/span><\/h3>\r\n\r\n\r\n\r\n<figure class=\"wp-block-image size-full is-style-default\"><img loading=\"lazy\" decoding=\"async\" width=\"1000\" height=\"563\" src=\"https:\/\/comparemyjet.com\/wp-content\/uploads\/2022\/10\/G2-Vision-Jet-1.jpg\" alt=\"VeriJet\" class=\"wp-image-3562\" srcset=\"https:\/\/comparemyjet.com\/wp-content\/uploads\/2022\/10\/G2-Vision-Jet-1-18x10.jpg 18w, https:\/\/comparemyjet.com\/wp-content\/uploads\/2022\/10\/G2-Vision-Jet-1-300x169.jpg 300w, https:\/\/comparemyjet.com\/wp-content\/uploads\/2022\/10\/G2-Vision-Jet-1-768x432.jpg 768w, https:\/\/comparemyjet.com\/wp-content\/uploads\/2022\/10\/G2-Vision-Jet-1.jpg 1000w\" sizes=\"auto, (max-width: 1000px) 100vw, 1000px\" \/><\/figure>\r\n\r\n\r\n\r\n<p>Avec l'aide de ce nouveau logiciel, Kane a pu cr\u00e9er sa propre flotte de petits jets \u00e9cologiquement durables. Ces jets silencieux \u00e0 pilote unique, baptis\u00e9s Vision Jets, l'ont aid\u00e9 \u00e0 mettre en place le moteur d'optimisation et \u00e0 travailler \u00e0 la prochaine \u00e9tape de son plan.<\/p>\r\n\r\n\r\n\r\n<p>Ces jets priv\u00e9s sont \u00e9quip\u00e9s de mesures de s\u00e9curit\u00e9 avant-gardistes, comme le syst\u00e8me de parachute d'avion Cirrus (CAPS) et le bouton \"Safe Return\", qui permettent d'effectuer un atterrissage d'urgence en pilotage automatique. Le site <a href=\"https:\/\/www.faa.gov\/\" target=\"_blank\" rel=\"noopener\">Administration f\u00e9d\u00e9rale de l'aviation<\/a> a d\u00fb passer par quelques \u00e9tapes suppl\u00e9mentaires, \u00e9tant donn\u00e9 que ces capacit\u00e9s sont tr\u00e8s pointues, avant de pouvoir donner sa b\u00e9n\u00e9diction \u00e0 Vision Jets, ce qu'elle a finalement fait.<\/p>\r\n\r\n\r\n\r\n<p>La demande de puissance de calcul de Kane augmente parall\u00e8lement \u00e0 l'expansion de sa client\u00e8le et de sa flotte de Vision Jets. Pour atteindre cet objectif, il est actuellement en discussion avec l'\u00e9quipe d'informatique quantique d'IBM afin de poursuivre ses travaux d'optimisation.<\/p>\r\n\r\n\r\n\r\n<p>Le co\u00fbt fixe actuel d'un aller simple pour le service de VeriJets a \u00e9t\u00e9 disponible dans le cadre de l'appel d'offres. <a href=\"https:\/\/comparemyjet.com\/fr\/visites-privees\/orlando-private-tours\/\" data-internallinksmanager029f6b8e52c=\"429\" title=\"11 Meilleures visites priv\u00e9es d&#039;Orlando \u00e0 partir de $5.99\">Orlando<\/a>L'a\u00e9roport de Santa Maria, en Californie, le sera \u00e0 partir de 2021. Le nord-est des \u00c9tats-Unis, le Canada et l'Europe figurent tous sur la liste des sites d'expansion potentiels.<\/p>\r\n\r\n\r\n\r\n<h2 class=\"wp-block-heading\"><span class=\"ez-toc-section\" id=\"Pricing\"><\/span>Fixation des prix<span class=\"ez-toc-section-end\"><\/span><\/h2>\r\n\r\n\r\n\r\n<p>La structure actuelle des prix est simple. Les clients paient un minimum de soixante minutes de vol en plus d'une taxe d'accise f\u00e9d\u00e9rale de 7,5%, soit un total de $3,000 par heure.&nbsp;<\/p>\r\n\r\n\r\n\r\n<h2 class=\"wp-block-heading\"><span class=\"ez-toc-section\" id=\"Company_Jet_Card_Programs\"><\/span>Programmes de cartes Jet d'entreprise<span class=\"ez-toc-section-end\"><\/span><\/h2>\r\n\r\n\r\n\r\n<figure class=\"wp-block-image size-full is-style-default\"><img loading=\"lazy\" decoding=\"async\" width=\"1000\" height=\"442\" src=\"https:\/\/comparemyjet.com\/wp-content\/uploads\/2022\/09\/little.plane_.in_.the_.hand_.of_.a.businessman.jpg\" alt=\"\" class=\"wp-image-3335\" srcset=\"https:\/\/comparemyjet.com\/wp-content\/uploads\/2022\/09\/little.plane_.in_.the_.hand_.of_.a.businessman-18x8.jpg 18w, https:\/\/comparemyjet.com\/wp-content\/uploads\/2022\/09\/little.plane_.in_.the_.hand_.of_.a.businessman-300x133.jpg 300w, https:\/\/comparemyjet.com\/wp-content\/uploads\/2022\/09\/little.plane_.in_.the_.hand_.of_.a.businessman-768x339.jpg 768w, https:\/\/comparemyjet.com\/wp-content\/uploads\/2022\/09\/little.plane_.in_.the_.hand_.of_.a.businessman.jpg 1000w\" sizes=\"auto, (max-width: 1000px) 100vw, 1000px\" \/><\/figure>\r\n\r\n\r\n\r\n<p>Lorsque les clients acqui\u00e8rent une JetCard Verijet, ils b\u00e9n\u00e9ficient d'une priorit\u00e9 de r\u00e9servation et ont la possibilit\u00e9 d'acheter des blocs de temps de vol d'une dur\u00e9e de 25, 50 ou 100 heures. Explorons ces options.<\/p>\r\n\r\n\r\n\r\n<h3 class=\"wp-block-heading\"><span class=\"ez-toc-section\" id=\"25_Hour_JetCard\"><\/span>JetCard 25 heures<span class=\"ez-toc-section-end\"><\/span><\/h3>\r\n\r\n\r\n\r\n<p>La 25 Hour Jet Card co\u00fbte $81,250 \u00e0 l'achat, et le prix horaire pour chaque vol est de $3,250 fixe. Il n'y a pas de frais d'adh\u00e9sion, donc le prix d'achat est en fait un d\u00e9p\u00f4t duquel le prix horaire est d\u00e9duit \u00e0 chaque vol.&nbsp;<\/p>\r\n\r\n\r\n\r\n<ul class=\"wp-block-list\"><li>Des suppl\u00e9ments peuvent \u00eatre appliqu\u00e9s.&nbsp;<\/li><li>Il n'y a pas de minimum quotidien.&nbsp;<\/li><li>La carte est valable un an. Les animaux domestiques sont les bienvenus \u00e0 bord.&nbsp;<\/li><li>Un minimum d'une heure de vol est requis.&nbsp;<\/li><li>La date limite d'annulation est de 72 heures avant le vol, et il n'y a pas de jours de pointe.<\/li><\/ul>\r\n\r\n\r\n\r\n<h3 class=\"wp-block-heading\"><span class=\"ez-toc-section\" id=\"50_Hour_JetCard\"><\/span>JetCard 50 heures<span class=\"ez-toc-section-end\"><\/span><\/h3>\r\n\r\n\r\n\r\n<p>La Jet Card 50 heures co\u00fbte $152,500 \u00e0 l'achat, et le prix horaire de chaque vol est fix\u00e9 \u00e0 $3,050.&nbsp;<\/p>\r\n\r\n\r\n\r\n<ul class=\"wp-block-list\"><li>Pas de frais d'adh\u00e9sion.&nbsp;<\/li><li>Des suppl\u00e9ments peuvent \u00eatre appliqu\u00e9s.&nbsp;<\/li><li>Il n'y a pas de minimum quotidien.&nbsp;<\/li><li>La carte est valable pendant 15 mois.<\/li><li>Les animaux domestiques sont les bienvenus \u00e0 bord.&nbsp;<\/li><li>Un minimum d'une heure de vol est requis.&nbsp;<\/li><li>La date limite d'annulation est de 48 heures avant le vol et il n'y a pas de jours de pointe.<\/li><\/ul>\r\n\r\n\r\n\r\n<h3 class=\"wp-block-heading\"><span class=\"ez-toc-section\" id=\"100_Hour_JetCard\"><\/span>JetCard 100 heures<span class=\"ez-toc-section-end\"><\/span><\/h3>\r\n\r\n\r\n\r\n<p>La Jet Card 50 heures co\u00fbte $275 000 \u00e0 l'achat, et le prix horaire de chaque vol est de $2 750 fixe.&nbsp;<\/p>\r\n\r\n\r\n\r\n<ul class=\"wp-block-list\"><li>Il n'y a pas de frais d'adh\u00e9sion.&nbsp;<\/li><li>Des suppl\u00e9ments peuvent \u00eatre appliqu\u00e9s.&nbsp;<\/li><li>Il y a un minimum quotidien.&nbsp;<\/li><li>La carte est valable pendant 18 mois.&nbsp;<\/li><li>Les animaux domestiques sont les bienvenus \u00e0 bord.&nbsp;<\/li><li>Un minimum d'une heure de vol est requis.&nbsp;<\/li><li>La date limite d'annulation est de 120 heures avant le vol et pas les jours de pointe.<\/li><\/ul>\r\n\r\n\r\n\r\n<p>Vous pouvez voir la comparaison des cartes jet c\u00f4te \u00e0 c\u00f4te et faire une r\u00e9servation sur le site suivant <a href=\"https:\/\/www.verijet.com\/Verijet-JetCard\" target=\"_blank\" rel=\"noopener\">lien<\/a>.<\/p>\r\n\r\n\r\n\r\n<h2 class=\"wp-block-heading\"><span class=\"ez-toc-section\" id=\"The_Fleet\"><\/span>La flotte&nbsp;<span class=\"ez-toc-section-end\"><\/span><\/h2>\r\n\r\n\r\n\r\n<figure class=\"wp-block-image is-style-default\"><img decoding=\"async\" src=\"https:\/\/comparemyjet.com\/wp-content\/uploads\/ccVHG_SOHNe_ne2YdOrnGlWyXNclOSUinAFhoJmSXeT1HEmx4_1GOoLo9bqXbbqWticFT5_gfpez-U2nynnVY1wK9aDdTTij7wffVow9ytmtX1sM-S9ozw2of6wQiRhT6xGbMrqx6IOtteUpDLtWJRQd3QDb9JnlE6RZlXwhUIBVNHG1dIz8FBQHUA.jpg\" alt=\"\"\/><\/figure>\r\n\r\n\r\n\r\n<p>Le Cirrus SF-50 Vision Jet est propuls\u00e9 par un seul moteur de missile de croisi\u00e8re. Il peut ainsi voler \u00e0 basse altitude et lentement, tout en ne produisant qu'un neuvi\u00e8me des \u00e9missions de carbone d'un avion priv\u00e9 classique. Comme les Vision Jets sont capables de br\u00fbler quatre types de biocarburants diff\u00e9rents, ils peuvent effectuer des vols totalement exempts d'\u00e9missions de carbone.<\/p>\r\n\r\n\r\n\r\n<p>Toutefois, les avantages environnementaux de ces \u00e9l\u00e9ments ne sont pas la seule raison pour laquelle ils sont souhaitables. Ils permettent \u00e9galement \u00e0 Verijet d'op\u00e9rer dans de nombreux a\u00e9roports, ce qui acc\u00e9l\u00e8re le processus de transport des clients vers leur destination finale.<\/p>\r\n\r\n\r\n\r\n<h4 class=\"wp-block-heading\"><span class=\"ez-toc-section\" id=\"Characteristics_of_The_Cirrus_SF-50_Vision_Jet\"><\/span>Caract\u00e9ristiques du Cirrus SF-50 Vision Jet<span class=\"ez-toc-section-end\"><\/span><\/h4>\r\n\r\n\r\n\r\n<p>Le Cirrus Aircraft Vision Jet est le fruit d'efforts incessants de recherche et de d\u00e9veloppement. Ses performances sont exceptionnelles, et il est facile \u00e0 piloter et \u00e0 entretenir. Le Vision Jet a re\u00e7u beaucoup d'\u00e9loges et de reconnaissance, notamment le Troph\u00e9e Robert J. Collier.&nbsp;<\/p>\r\n\r\n\r\n\r\n<p>La structure en fibre de carbone donne une impression d'espace \u00e0 l'int\u00e9rieur de l'avion, avec un espace \u00e9tonnamment vaste pour la t\u00eate et les \u00e9paules, et de larges fen\u00eatres. La cabine a \u00e9t\u00e9 con\u00e7ue pour \u00eatre la plus grande de sa cat\u00e9gorie.<\/p>\r\n\r\n\r\n\r\n<p>L'\u00e9cran de divertissement peut \u00eatre connect\u00e9 \u00e0 la plupart des appareils, et la console centrale peut \u00eatre transform\u00e9e en un lieu de travail contemporain pour les passagers.<\/p>\r\n\r\n\r\n\r\n<p>Le WiFi est fourni par Gogo InFlight Wi-Fi, et l'avantage suppl\u00e9mentaire des ports USB-C permet aux gadgets \u00e9lectroniques des passagers de continuer \u00e0 \u00eatre recharg\u00e9s pendant qu'ils sont dans les airs.<\/p>\r\n\r\n\r\n\r\n<p>En outre, les jets sont fabriqu\u00e9s dans une vaste palette de couleurs pour r\u00e9pondre \u00e0 tous les d\u00e9sirs esth\u00e9tiques, avec des int\u00e9rieurs en cuir de luxe et des accessoires d'ameublement. Les passagers b\u00e9n\u00e9ficient d'une polyvalence suppl\u00e9mentaire avec un total de 28 configurations de si\u00e8ges diff\u00e9rentes gr\u00e2ce au fait que chaque si\u00e8ge de cabine est enti\u00e8rement modulaire et peut \u00eatre retir\u00e9 sans effort si n\u00e9cessaire.<\/p>\r\n\r\n\r\n\r\n<p>Sp\u00e9cifications :<\/p>\r\n\r\n\r\n\r\n<ul class=\"wp-block-list\"><li>Passagers : 7 ;<\/li><li>Longueur totale : 30 ft 7 in ;&nbsp;<\/li><li>Envergure des ailes : 38 ft 7 in ;&nbsp;<\/li><li>Pleine hauteur : 10 ft 9 in ;<\/li><li>Hauteur de la cabine : 4 ft 1 in ;<\/li><li>Largeur de la cabine : 5 ft 1 in ;&nbsp;<\/li><li>Taux de mont\u00e9e : 1,609 ft\/min ;<\/li><li>Vitesse de croisi\u00e8re maximale : 311 ktas ;<\/li><li>Port\u00e9e de vol maximale : 1 275 nm ;<\/li><li>Fen\u00eatres panoramiques ;<\/li><li>Cabine pressuris\u00e9e ;<\/li><li>Contr\u00f4le de la climatisation arri\u00e8re ;<\/li><li>\u00c9clairage d'appoint<\/li><\/ul>\r\n\r\n\r\n\r\n<h2 class=\"wp-block-heading\"><span class=\"ez-toc-section\" id=\"Company_Safety_Policy_and_Standards\"><\/span>Politique et normes de s\u00e9curit\u00e9 de l'entreprise<span class=\"ez-toc-section-end\"><\/span><\/h2>\r\n\r\n\r\n\r\n<p>Pendant l'\u00e9pid\u00e9mie de COVID-19, l'avion a \u00e9t\u00e9 compl\u00e8tement assaini avant et apr\u00e8s le d\u00e9collage. Ses passagers ont d\u00e9clar\u00e9 s'\u00eatre sentis exceptionnellement en s\u00e9curit\u00e9 pendant toute la dur\u00e9e du vol, et son empreinte carbone ne repr\u00e9sentait que le neuvi\u00e8me de celle d'un avion \u00e0 r\u00e9action de taille moyenne.<\/p>\r\n\r\n\r\n\r\n<p>L'avion propos\u00e9 par VeriJet est \u00e9quip\u00e9 d'un syst\u00e8me de parachute Cirrus Airframe et d'un atterrissage automatique d'urgence Safe ReturnTM. L'atterrissage automatique d'urgence Safe Return offre une nouvelle option pour prot\u00e9ger les passagers en permettant aux pilotes d'atterrir le jet en cas d'urgence en appuyant simplement sur un bouton. Cela fait de l'atterrissage automatique un excellent ajout au Vision Jet.<\/p>\r\n\r\n\r\n\r\n<h2 class=\"wp-block-heading\"><span class=\"ez-toc-section\" id=\"Pilots\"><\/span>Pilotes<span class=\"ez-toc-section-end\"><\/span><\/h2>\r\n\r\n\r\n\r\n<figure class=\"wp-block-image size-full is-style-default\"><img loading=\"lazy\" decoding=\"async\" width=\"1000\" height=\"667\" src=\"https:\/\/comparemyjet.com\/wp-content\/uploads\/2022\/09\/pilot.boarding.on_.a.private.jet_.jpg\" alt=\"\" class=\"wp-image-3231\" srcset=\"https:\/\/comparemyjet.com\/wp-content\/uploads\/2022\/09\/pilot.boarding.on_.a.private.jet_-18x12.jpg 18w, https:\/\/comparemyjet.com\/wp-content\/uploads\/2022\/09\/pilot.boarding.on_.a.private.jet_-300x200.jpg 300w, https:\/\/comparemyjet.com\/wp-content\/uploads\/2022\/09\/pilot.boarding.on_.a.private.jet_-768x512.jpg 768w, https:\/\/comparemyjet.com\/wp-content\/uploads\/2022\/09\/pilot.boarding.on_.a.private.jet_.jpg 1000w\" sizes=\"auto, (max-width: 1000px) 100vw, 1000px\" \/><\/figure>\r\n\r\n\r\n\r\n<p>Chaque Vision Jet est livr\u00e9 en standard avec une exp\u00e9rience de formation de pilote de premier ordre au Vision Center Campus.<\/p>\r\n\r\n\r\n\r\n<h2 class=\"wp-block-heading\"><span class=\"ez-toc-section\" id=\"Partnerships\"><\/span>Partenariats<span class=\"ez-toc-section-end\"><\/span><\/h2>\r\n\r\n\r\n\r\n<p>Coflyt est un logiciel d'aviation intelligent qui donne aux propri\u00e9taires d'a\u00e9ronefs, aux entreprises et aux organisations d'aviation la tranquillit\u00e9 d'esprit dont ils ont besoin pour exploiter leurs a\u00e9ronefs.&nbsp;<\/p>\r\n\r\n\r\n\r\n<p>Coflyt a \u00e9t\u00e9 d\u00e9velopp\u00e9 par des pilotes pour rendre la possession d'un avion plus efficace. Il centralise les enregistrements de vol, maintient les cartes de vol, analyse les performances, affiche la disponibilit\u00e9 des avions, fournit des mises \u00e0 jour de statut aux fournisseurs d'avions et de pi\u00e8ces et simplifie les paiements, entre autres. La flotte Cirrus de VeriJet est g\u00e9r\u00e9e avec <a href=\"https:\/\/coflyt.com\/verijet\/\" target=\"_blank\" rel=\"noopener\">Coflyt<\/a>Elle utilise une intelligence artificielle et une technologie informatique brevet\u00e9es, \u00e0 la pointe du secteur.<\/p>\r\n\r\n\r\n\r\n<h2 class=\"wp-block-heading\"><span class=\"ez-toc-section\" id=\"Conclusion\"><\/span>Conclusion<span class=\"ez-toc-section-end\"><\/span><\/h2>\r\n\r\n\r\n\r\n<p>Selon Richard Kane, lorsqu'un client utilise Verijet pour rechercher un voyage priv\u00e9, l'entreprise est en mesure de lui fournir imm\u00e9diatement un devis et de r\u00e9pondre \u00e0 sa demande. L'intelligence artificielle a d\u00e9j\u00e0 v\u00e9rifi\u00e9 que tout est s\u00e9curis\u00e9, l\u00e9gitime et livrable, et le prix a \u00e9t\u00e9 grav\u00e9 dans le marbre. Gr\u00e2ce \u00e0 cette possibilit\u00e9, les vols priv\u00e9s sont d\u00e9sormais accessibles \u00e0 tous, ce qui n'\u00e9tait pas le cas auparavant.<\/p>","protected":false},"excerpt":{"rendered":"<p>Verijet est une compagnie a\u00e9rienne innovante qui se distingue des autres prestataires de services d'affr\u00e8tement de jets priv\u00e9s par un certain nombre de crit\u00e8res, dont la plupart sont li\u00e9s \u00e0 sa flotte de jets Cirrus SF-50 Vision. La compagnie a \u00e9t\u00e9 fond\u00e9e en 2020 et ses principaux bureaux sont situ\u00e9s \u00e0 Vero Beach, en Floride. Elle effectue des vols ...<\/p>","protected":false},"author":1,"featured_media":3564,"parent":0,"menu_order":0,"comment_status":"closed","ping_status":"closed","template":"","meta":{"_acf_changed":false,"_genesis_hide_title":false,"_genesis_hide_breadcrumbs":false,"_genesis_hide_singular_image":false,"_genesis_hide_footer_widgets":false,"_genesis_custom_body_class":"","_genesis_custom_post_class":"","_genesis_layout":"","footnotes":""},"class_list":{"1":"page","2":"type-page","6":"entry"},"acf":[],"_links":{"self":[{"href":"https:\/\/comparemyjet.com\/fr\/wp-json\/wp\/v2\/pages\/3559","targetHints":{"allow":["GET"]}}],"collection":[{"href":"https:\/\/comparemyjet.com\/fr\/wp-json\/wp\/v2\/pages"}],"about":[{"href":"https:\/\/comparemyjet.com\/fr\/wp-json\/wp\/v2\/types\/page"}],"author":[{"embeddable":true,"href":"https:\/\/comparemyjet.com\/fr\/wp-json\/wp\/v2\/users\/1"}],"replies":[{"embeddable":true,"href":"https:\/\/comparemyjet.com\/fr\/wp-json\/wp\/v2\/comments?post=3559"}],"version-history":[{"count":3,"href":"https:\/\/comparemyjet.com\/fr\/wp-json\/wp\/v2\/pages\/3559\/revisions"}],"predecessor-version":[{"id":9415,"href":"https:\/\/comparemyjet.com\/fr\/wp-json\/wp\/v2\/pages\/3559\/revisions\/9415"}],"wp:featuredmedia":[{"embeddable":true,"href":"https:\/\/comparemyjet.com\/fr\/wp-json\/wp\/v2\/media\/3564"}],"wp:attachment":[{"href":"https:\/\/comparemyjet.com\/fr\/wp-json\/wp\/v2\/media?parent=3559"}],"curies":[{"name":"wp","href":"https:\/\/api.w.org\/{rel}","templated":true}]}}