{"id":3599,"date":"2022-10-22T21:32:51","date_gmt":"2022-10-22T21:32:51","guid":{"rendered":"https:\/\/comparemyjet.com\/?page_id=3599"},"modified":"2025-09-04T09:58:16","modified_gmt":"2025-09-04T09:58:16","slug":"costco-jet-prive","status":"publish","type":"page","link":"https:\/\/comparemyjet.com\/fr\/costco-jet-prive\/","title":{"rendered":"Prix des vols en jet priv\u00e9 de Costco"},"content":{"rendered":"<p>La multinationale am\u00e9ricaine <a href=\"https:\/\/www.costco.com\/\" target=\"_blank\" rel=\"noopener\">Costco Wholesale Corporation<\/a> g\u00e8re un club de vente au d\u00e9tail exclusif pour ses membres. Mais Costco, c'est bien plus que des serviettes en papier bon march\u00e9, de l'huile de lin et de la mozzarella.&nbsp;<\/p>\r\n\r\n\r\n\r\n<p>En 2020, le grossiste a commenc\u00e9 \u00e0 proposer des offres d'adh\u00e9sion annuelle \u00e0 des programmes de jets priv\u00e9s dans le cadre de son partenariat avec... <a href=\"https:\/\/comparemyjet.com\/fr\/roues-en-lair\/\" data-internallinksmanager029f6b8e52c=\"73\" title=\"Prix de l&#039;adh\u00e9sion \u00e0 Wheels Up\">Les roues en l'air<\/a>.&nbsp;<\/p>\r\n\r\n\r\n\r\n<p>Dans cet article, nous allons voir comment fonctionne ce partenariat et comment vous pouvez acheter un vol en jet priv\u00e9 chez Costco. Nous devons juste mentionner qu'il n'y a pas de nouvelles informations \u00e0 ce sujet, donc le partenariat semble maintenant \u00eatre termin\u00e9 ou en attente. Cela dit, on ne sait jamais quand un produit populaire reviendra sur les \u00e9tag\u00e8res, alors explorons-le plus en d\u00e9tail.<\/p>\r\n\r\n\r\n\r\n<div id=\"ez-toc-container\" class=\"ez-toc-v2_0_76 counter-hierarchy ez-toc-counter ez-toc-grey ez-toc-container-direction\">\n<p class=\"ez-toc-title\" style=\"cursor:inherit\">Sujets<\/p>\n<label for=\"ez-toc-cssicon-toggle-item-69dbd0c29c815\" class=\"ez-toc-cssicon-toggle-label\"><span class=\"\"><span class=\"eztoc-hide\" style=\"display:none;\">Toggle<\/span><span class=\"ez-toc-icon-toggle-span\"><svg style=\"fill: #999;color:#999\" xmlns=\"http:\/\/www.w3.org\/2000\/svg\" class=\"list-377408\" width=\"20px\" height=\"20px\" viewbox=\"0 0 24 24\" fill=\"none\"><path d=\"M6 6H4v2h2V6zm14 0H8v2h12V6zM4 11h2v2H4v-2zm16 0H8v2h12v-2zM4 16h2v2H4v-2zm16 0H8v2h12v-2z\" fill=\"currentColor\"><\/path><\/svg><svg style=\"fill: #999;color:#999\" class=\"arrow-unsorted-368013\" xmlns=\"http:\/\/www.w3.org\/2000\/svg\" width=\"10px\" height=\"10px\" viewbox=\"0 0 24 24\" version=\"1.2\" baseprofile=\"tiny\"><path d=\"M18.2 9.3l-6.2-6.3-6.2 6.3c-.2.2-.3.4-.3.7s.1.5.3.7c.2.2.4.3.7.3h11c.3 0 .5-.1.7-.3.2-.2.3-.5.3-.7s-.1-.5-.3-.7zM5.8 14.7l6.2 6.3 6.2-6.3c.2-.2.3-.5.3-.7s-.1-.5-.3-.7c-.2-.2-.4-.3-.7-.3h-11c-.3 0-.5.1-.7.3-.2.2-.3.5-.3.7s.1.5.3.7z\"\/><\/svg><\/span><\/span><\/label><input type=\"checkbox\"  id=\"ez-toc-cssicon-toggle-item-69dbd0c29c815\" checked aria-label=\"Toggle\" \/><nav><ul class='ez-toc-list ez-toc-list-level-1' ><li class='ez-toc-page-1 ez-toc-heading-level-2'><a class=\"ez-toc-link ez-toc-heading-1\" href=\"https:\/\/comparemyjet.com\/fr\/costco-jet-prive\/#About_the_Company\" >\u00c0 propos de l'entreprise<\/a><\/li><li class='ez-toc-page-1 ez-toc-heading-level-2'><a class=\"ez-toc-link ez-toc-heading-2\" href=\"https:\/\/comparemyjet.com\/fr\/costco-jet-prive\/#Membership_Programs\" >Programmes d'adh\u00e9sion<\/a><\/li><li class='ez-toc-page-1 ez-toc-heading-level-2'><a class=\"ez-toc-link ez-toc-heading-3\" href=\"https:\/\/comparemyjet.com\/fr\/costco-jet-prive\/#Pricing\" >Fixation des prix<\/a><\/li><li class='ez-toc-page-1 ez-toc-heading-level-2'><a class=\"ez-toc-link ez-toc-heading-4\" href=\"https:\/\/comparemyjet.com\/fr\/costco-jet-prive\/#The_Fleet\" >La flotte&nbsp;<\/a><\/li><li class='ez-toc-page-1 ez-toc-heading-level-2'><a class=\"ez-toc-link ez-toc-heading-5\" href=\"https:\/\/comparemyjet.com\/fr\/costco-jet-prive\/#Company_Safety_Policy_and_Standards\" >Politique et normes de s\u00e9curit\u00e9 de l'entreprise<\/a><\/li><li class='ez-toc-page-1 ez-toc-heading-level-2'><a class=\"ez-toc-link ez-toc-heading-6\" href=\"https:\/\/comparemyjet.com\/fr\/costco-jet-prive\/#Conclusion\" >Conclusion<\/a><\/li><\/ul><\/nav><\/div>\n<h2 class=\"wp-block-heading\"><span class=\"ez-toc-section\" id=\"About_the_Company\"><\/span>\u00c0 propos de l'entreprise<span class=\"ez-toc-section-end\"><\/span><\/h2>\r\n\r\n\r\n\r\n<figure class=\"wp-block-image size-full is-style-default\"><img loading=\"lazy\" decoding=\"async\" width=\"1000\" height=\"667\" src=\"https:\/\/comparemyjet.com\/wp-content\/uploads\/2022\/10\/costco.wholesale.jpg\" alt=\"\" class=\"wp-image-3600\" srcset=\"https:\/\/comparemyjet.com\/wp-content\/uploads\/2022\/10\/costco.wholesale-18x12.jpg 18w, https:\/\/comparemyjet.com\/wp-content\/uploads\/2022\/10\/costco.wholesale-300x200.jpg 300w, https:\/\/comparemyjet.com\/wp-content\/uploads\/2022\/10\/costco.wholesale-768x512.jpg 768w, https:\/\/comparemyjet.com\/wp-content\/uploads\/2022\/10\/costco.wholesale.jpg 1000w\" sizes=\"auto, (max-width: 1000px) 100vw, 1000px\" \/><\/figure>\r\n\r\n\r\n\r\n<p>Si vous n'\u00eates jamais entr\u00e9 dans un Costco, laissez-moi vous informer : il s'agit d'un g\u00e9ant de la vente au d\u00e9tail o\u00f9 les clients peuvent obtenir une adh\u00e9sion annuelle payante pour avoir acc\u00e8s \u00e0 d'\u00e9normes r\u00e9ductions sur toutes sortes de marchandises.&nbsp;<\/p>\r\n\r\n\r\n\r\n<p>Costco est c\u00e9l\u00e8bre pour ses immenses entrep\u00f4ts o\u00f9 l'on peut trouver presque tout ce dont on a besoin. Le premier magasin, qui a vu le jour en 1976 sous le nom de Price Club, \u00e9tait un hangar d'aviation r\u00e9affect\u00e9 situ\u00e9 dans le quartier de la gare. <a href=\"https:\/\/comparemyjet.com\/fr\/visites-privees\/san-diego-private-tours\/\" data-internallinksmanager029f6b8e52c=\"435\" title=\"11 Meilleures visites priv\u00e9es de San Diego \u00e0 partir de $64.50\">San Diego<\/a>. Aujourd'hui, cette multinationale de la distribution a une valeur marchande de plusieurs milliards et est pr\u00e9sente dans huit pays. Mais comment propose-t-elle des charters priv\u00e9s ?<\/p>\r\n\r\n\r\n\r\n<p>C'est l\u00e0 que <a href=\"https:\/\/comparemyjet.com\/fr\/roues-en-lair\/\">Les roues en l'air<\/a>Wheels Up, un fournisseur de services de jet priv\u00e9 bien connu, entre en sc\u00e8ne. Wheels Up est un fournisseur de vols charters bas\u00e9 sur l'adh\u00e9sion, cr\u00e9\u00e9 en 2013. En 2014, l'organisation comptait plus d'un millier de clients payants et une flotte de... <a href=\"https:\/\/comparemyjet.com\/fr\/cessna\/\" data-internallinksmanager029f6b8e52c=\"145\" title=\"Guide ultime des jets et avions priv\u00e9s Cessna\">Cessna<\/a> Les jets Citation et les turbopropulseurs King Air 105i. Aujourd'hui, ils proposent des jets priv\u00e9s l\u00e9gers \u00e0 lourds dans une flotte d'environ 1 500 appareils.<\/p>\r\n\r\n\r\n\r\n<p>Wheels Up s'est associ\u00e9 \u00e0 Costco en 2020 pour permettre aux membres de Costco d'acc\u00e9der \u00e0 des abonnements \u00e0 des jets priv\u00e9s.<\/p>\r\n\r\n\r\n\r\n<h2 class=\"wp-block-heading\"><span class=\"ez-toc-section\" id=\"Membership_Programs\"><\/span>Programmes d'adh\u00e9sion<span class=\"ez-toc-section-end\"><\/span><\/h2>\r\n\r\n\r\n\r\n<p>De nombreuses personnes ont commenc\u00e9 \u00e0 \u00e9viter les vols commerciaux \u00e0 la suite de l'\u00e9pid\u00e9mie de Covid-19, ce qui explique pourquoi les abonnements \u00e0 des jets priv\u00e9s, un luxe souvent r\u00e9serv\u00e9 aux personnes fortun\u00e9es, sont devenus plus populaires parmi les voyageurs.&nbsp;<\/p>\r\n\r\n\r\n\r\n<p>Les jets priv\u00e9s Costco sont un exemple de cette tendance. Voyons si c'est une bonne id\u00e9e d'utiliser le g\u00e9ant de la vente en gros pour r\u00e9server un jet priv\u00e9.&nbsp;<\/p>\r\n\r\n\r\n\r\n<p>Les avantages de l'adh\u00e9sion \u00e0 Costco pour les jets priv\u00e9s comprennent un taux horaire fixe, une disponibilit\u00e9 garantie et des r\u00e9ductions.<\/p>\r\n\r\n\r\n\r\n<p>Toutefois, elle ne vaut pas la peine si vous pr\u00e9voyez de l'utiliser uniquement pour un ou deux voyages en jet priv\u00e9 par an. Seuls les grands voyageurs obtiendront un retour sur investissement de cette adh\u00e9sion.&nbsp;<\/p>\r\n\r\n\r\n\r\n<p>Le programme d'adh\u00e9sion aux jets comprend un abonnement gratuit d'un an au service d'aviation priv\u00e9e Wheels Up. Outre la garantie de disponibilit\u00e9 des avions dans tout le pays pendant 365 jours, les membres recevront \u00e9galement un abonnement d'un an \u00e0 Inspirato, une soci\u00e9t\u00e9 sp\u00e9cialis\u00e9e dans l'h\u00e9bergement de vacances de luxe.&nbsp;<\/p>\r\n\r\n\r\n\r\n<p>Pour r\u00e9server un vol, les membres doivent donner un pr\u00e9avis d'au moins 24 heures.<\/p>\r\n\r\n\r\n\r\n<h2 class=\"wp-block-heading\"><span class=\"ez-toc-section\" id=\"Pricing\"><\/span>Fixation des prix<span class=\"ez-toc-section-end\"><\/span><\/h2>\r\n\r\n\r\n\r\n<p>La cotisation annuelle pour ce programme co\u00fbte environ $17,500. Le forfait d'adh\u00e9sion comprend l'acc\u00e8s \u00e0 des \u00e9v\u00e9nements priv\u00e9s, un cr\u00e9dit de $3,500 pour les achats chez Costco, un cr\u00e9dit de $4,000 pour les billets d'avion, et d'autres avantages.<\/p>\r\n\r\n\r\n\r\n<p>Ces frais ne couvrent pas le co\u00fbt des vols r\u00e9els et ne donnent acc\u00e8s \u00e0 Wheels Up que pour la r\u00e9servation des vols. Les membres peuvent organiser un vol charter par l'interm\u00e9diaire de Wheels Up sur l'un des 300 avions de la compagnie ou de ses 1 250 avions partenaires, et payer le vol une fois qu'il a \u00e9t\u00e9 programm\u00e9.<\/p>\r\n\r\n\r\n\r\n<h2 class=\"wp-block-heading\"><span class=\"ez-toc-section\" id=\"The_Fleet\"><\/span>La flotte&nbsp;<span class=\"ez-toc-section-end\"><\/span><\/h2>\r\n\r\n\r\n\r\n<figure class=\"wp-block-image size-full is-style-default\"><img loading=\"lazy\" decoding=\"async\" width=\"1000\" height=\"750\" src=\"https:\/\/comparemyjet.com\/wp-content\/uploads\/2022\/10\/costco.wheelsup.jpg\" alt=\"Jet priv\u00e9 de Costco\" class=\"wp-image-3601\" srcset=\"https:\/\/comparemyjet.com\/wp-content\/uploads\/2022\/10\/costco.wheelsup-16x12.jpg 16w, https:\/\/comparemyjet.com\/wp-content\/uploads\/2022\/10\/costco.wheelsup-300x225.jpg 300w, https:\/\/comparemyjet.com\/wp-content\/uploads\/2022\/10\/costco.wheelsup-400x300.jpg 400w, https:\/\/comparemyjet.com\/wp-content\/uploads\/2022\/10\/costco.wheelsup-768x576.jpg 768w, https:\/\/comparemyjet.com\/wp-content\/uploads\/2022\/10\/costco.wheelsup-800x600.jpg 800w, https:\/\/comparemyjet.com\/wp-content\/uploads\/2022\/10\/costco.wheelsup.jpg 1000w\" sizes=\"auto, (max-width: 1000px) 100vw, 1000px\" \/><\/figure>\r\n\r\n\r\n\r\n<p>Wheels Up poss\u00e8de sa propre flotte d'avions, et affr\u00e8te \u00e9galement des jets priv\u00e9s aupr\u00e8s de soci\u00e9t\u00e9s r\u00e9put\u00e9es. Grosso modo, en propri\u00e9t\u00e9 ou en location, Wheels Up g\u00e8re environ 1 500 jets.<\/p>\r\n\r\n\r\n\r\n<p>La soci\u00e9t\u00e9 maintient une politique de disponibilit\u00e9 garantie, avec certaines exemptions limit\u00e9es en fonction du programme particulier.<\/p>\r\n\r\n\r\n\r\n<p>Les turbopropulseurs, les avions l\u00e9gers, moyens, super moyens et gros porteurs font tous partie de la flotte d\u00e9tenue ou g\u00e9r\u00e9e par Wheels Up. Vous pouvez lire plus de d\u00e9tails dans notre <a href=\"https:\/\/comparemyjet.com\/fr\/roues-en-lair\/\">Wheels Up Critique du film<\/a>.<\/p>\r\n\r\n\r\n\r\n<h2 class=\"wp-block-heading\"><span class=\"ez-toc-section\" id=\"Company_Safety_Policy_and_Standards\"><\/span>Politique et normes de s\u00e9curit\u00e9 de l'entreprise<span class=\"ez-toc-section-end\"><\/span><\/h2>\r\n\r\n\r\n\r\n<p>Wheels Up est l'une des rares compagnies de jet priv\u00e9 du secteur \u00e0 effectuer des \u00e9valuations et des audits sur place pour chaque op\u00e9rateur et avion partenaire dans le cadre du processus de contr\u00f4le et d'assurance qualit\u00e9. Wheels Up ne certifie que 90 op\u00e9rateurs sur 2 000 aux \u00c9tats-Unis pour assurer le transport a\u00e9rien de ses membres et clients.&nbsp;<\/p>\r\n\r\n\r\n\r\n<p>En raison de leurs normes \u00e9lev\u00e9es, ils n'engagent que les employ\u00e9s les plus qualifi\u00e9s, ce qui garantit \u00e0 la fois la qualit\u00e9 et la s\u00e9curit\u00e9. Les pilotes employ\u00e9s par Wheels Up comptent parmi les meilleurs de la profession, et ils re\u00e7oivent une formation intensive pour conserver ce statut.<\/p>\r\n\r\n\r\n\r\n<p>Tous les avions des partenaires de Wheels Up sont pilot\u00e9s par des entreprises de premier plan dans le domaine de l'aviation, notamment <a href=\"https:\/\/comparemyjet.com\/fr\/delta-private-jets\/\" data-internallinksmanager029f6b8e52c=\"184\" title=\"Prix de l&#039;adh\u00e9sion \u00e0 Delta Private Jets\">Delta Private Jets<\/a>Gama Aviation, Mountain Aviation, TMC Jets et leurs soci\u00e9t\u00e9s affili\u00e9es.<\/p>\r\n\r\n\r\n\r\n<p>De plus, Wheels Up revendique une \"s\u00e9curit\u00e9 sans contrainte\" pour ses passagers en effectuant deux fois par jour des contr\u00f4les de temp\u00e9rature sur les membres d'\u00e9quipage, en nettoyant et d\u00e9sinfectant r\u00e9guli\u00e8rement entre les vols et en ventilant les int\u00e9rieurs de l'avion.<\/p>\r\n\r\n\r\n\r\n<h2 class=\"wp-block-heading\"><span class=\"ez-toc-section\" id=\"Conclusion\"><\/span>Conclusion<span class=\"ez-toc-section-end\"><\/span><\/h2>\r\n\r\n\r\n\r\n<figure class=\"wp-block-image size-full is-style-default\"><img loading=\"lazy\" decoding=\"async\" width=\"1000\" height=\"668\" src=\"https:\/\/comparemyjet.com\/wp-content\/uploads\/2022\/10\/membership.jpg\" alt=\"\" class=\"wp-image-3602\" srcset=\"https:\/\/comparemyjet.com\/wp-content\/uploads\/2022\/10\/membership-18x12.jpg 18w, https:\/\/comparemyjet.com\/wp-content\/uploads\/2022\/10\/membership-300x200.jpg 300w, https:\/\/comparemyjet.com\/wp-content\/uploads\/2022\/10\/membership-768x513.jpg 768w, https:\/\/comparemyjet.com\/wp-content\/uploads\/2022\/10\/membership.jpg 1000w\" sizes=\"auto, (max-width: 1000px) 100vw, 1000px\" \/><\/figure>\r\n\r\n\r\n\r\n<p>Vous pouvez adh\u00e9rer au programme d'adh\u00e9sion aux jets priv\u00e9s de Costco pour profiter du service de r\u00e9servation de vols assur\u00e9 par Wheels Up. Votre adh\u00e9sion vous permet de r\u00e9server des vols \u00e0 un co\u00fbt horaire fixe. Il semblerait toutefois que la coop\u00e9ration soit termin\u00e9e. Aucune des deux pages Web ne fournit d'informations utiles.<\/p>\r\n\r\n\r\n\r\n<p>Est-il judicieux de souscrire \u00e0 un abonnement \u00e0 un jet priv\u00e9 chez Costco si celui-ci est \u00e0 nouveau disponible ?<\/p>\r\n\r\n\r\n\r\n<p>La r\u00e9ponse \u00e0 cette question appartient \u00e0 l'acheteur. Nous conseillons aux pilotes de jet priv\u00e9 d'examiner leurs options et de comparer les compagnies avant de prendre une d\u00e9cision finale.<\/p>","protected":false},"excerpt":{"rendered":"<p>La multinationale am\u00e9ricaine Costco Wholesale Corporation g\u00e8re un club de d\u00e9tail exclusif pour ses membres. Mais Costco ne se r\u00e9sume pas aux serviettes en papier bon march\u00e9, \u00e0 l'huile de lin et \u00e0 la mozzarella.  En 2020, le grossiste a commenc\u00e9 \u00e0 proposer des offres d'adh\u00e9sion annuelle pour les programmes de jet priv\u00e9 dans le cadre de son partenariat avec Wheels Up.  Dans cet article, nous allons explorer comment cette ...<\/p>","protected":false},"author":2,"featured_media":0,"parent":0,"menu_order":0,"comment_status":"closed","ping_status":"closed","template":"","meta":{"_acf_changed":false,"_genesis_hide_title":false,"_genesis_hide_breadcrumbs":false,"_genesis_hide_singular_image":false,"_genesis_hide_footer_widgets":false,"_genesis_custom_body_class":"","_genesis_custom_post_class":"","_genesis_layout":"","footnotes":""},"class_list":{"1":"page","2":"type-page","5":"entry"},"acf":[],"_links":{"self":[{"href":"https:\/\/comparemyjet.com\/fr\/wp-json\/wp\/v2\/pages\/3599","targetHints":{"allow":["GET"]}}],"collection":[{"href":"https:\/\/comparemyjet.com\/fr\/wp-json\/wp\/v2\/pages"}],"about":[{"href":"https:\/\/comparemyjet.com\/fr\/wp-json\/wp\/v2\/types\/page"}],"author":[{"embeddable":true,"href":"https:\/\/comparemyjet.com\/fr\/wp-json\/wp\/v2\/users\/2"}],"replies":[{"embeddable":true,"href":"https:\/\/comparemyjet.com\/fr\/wp-json\/wp\/v2\/comments?post=3599"}],"version-history":[{"count":3,"href":"https:\/\/comparemyjet.com\/fr\/wp-json\/wp\/v2\/pages\/3599\/revisions"}],"predecessor-version":[{"id":3619,"href":"https:\/\/comparemyjet.com\/fr\/wp-json\/wp\/v2\/pages\/3599\/revisions\/3619"}],"wp:attachment":[{"href":"https:\/\/comparemyjet.com\/fr\/wp-json\/wp\/v2\/media?parent=3599"}],"curies":[{"name":"wp","href":"https:\/\/api.w.org\/{rel}","templated":true}]}}