{"id":4399,"date":"2023-02-13T21:10:28","date_gmt":"2023-02-13T21:10:28","guid":{"rendered":"https:\/\/comparemyjet.com\/?page_id=4399"},"modified":"2025-09-04T09:58:16","modified_gmt":"2025-09-04T09:58:16","slug":"delta-private-jets","status":"publish","type":"page","link":"https:\/\/comparemyjet.com\/fr\/delta-private-jets\/","title":{"rendered":"Prix de l'adh\u00e9sion \u00e0 Delta Private Jets"},"content":{"rendered":"<p>Delta Air Lines est la premi\u00e8re compagnie a\u00e9rienne au monde en termes de produits, de services, d'innovation, de fiabilit\u00e9 et d'exp\u00e9rience client aux \u00c9tats-Unis. La compagnie propose une exp\u00e9rience de voyage de classe mondiale tout en offrant aux actionnaires des rendements parmi les meilleurs du secteur.&nbsp;<\/p>\r\n\r\n\r\n\r\n<p>Delta Private Jets, le service d'affr\u00e8tement de la compagnie a\u00e9rienne, s'est associ\u00e9 \u00e0 la premi\u00e8re marque d'aviation priv\u00e9e. <a href=\"https:\/\/comparemyjet.com\/fr\/roues-en-lair\/\" data-internallinksmanager029f6b8e52c=\"73\" title=\"Prix de l&#039;adh\u00e9sion \u00e0 Wheels Up\">Les roues en l'air<\/a> pour continuer \u00e0 offrir aux voyageurs a\u00e9riens priv\u00e9s des exp\u00e9riences uniques et des voyages de qualit\u00e9.&nbsp;&nbsp;<\/p>\r\n\r\n\r\n\r\n<p>Voyons ce que ce partenariat entre deux grandes soci\u00e9t\u00e9s d'aviation offre aux voyageurs.<\/p>\r\n\r\n\r\n\r\n<div id=\"ez-toc-container\" class=\"ez-toc-v2_0_76 counter-hierarchy ez-toc-counter ez-toc-grey ez-toc-container-direction\">\n<p class=\"ez-toc-title\" style=\"cursor:inherit\">Sujets<\/p>\n<label for=\"ez-toc-cssicon-toggle-item-69f0b827b0a64\" class=\"ez-toc-cssicon-toggle-label\"><span class=\"\"><span class=\"eztoc-hide\" style=\"display:none;\">Toggle<\/span><span class=\"ez-toc-icon-toggle-span\"><svg style=\"fill: #999;color:#999\" xmlns=\"http:\/\/www.w3.org\/2000\/svg\" class=\"list-377408\" width=\"20px\" height=\"20px\" viewbox=\"0 0 24 24\" fill=\"none\"><path d=\"M6 6H4v2h2V6zm14 0H8v2h12V6zM4 11h2v2H4v-2zm16 0H8v2h12v-2zM4 16h2v2H4v-2zm16 0H8v2h12v-2z\" fill=\"currentColor\"><\/path><\/svg><svg style=\"fill: #999;color:#999\" class=\"arrow-unsorted-368013\" xmlns=\"http:\/\/www.w3.org\/2000\/svg\" width=\"10px\" height=\"10px\" viewbox=\"0 0 24 24\" version=\"1.2\" baseprofile=\"tiny\"><path d=\"M18.2 9.3l-6.2-6.3-6.2 6.3c-.2.2-.3.4-.3.7s.1.5.3.7c.2.2.4.3.7.3h11c.3 0 .5-.1.7-.3.2-.2.3-.5.3-.7s-.1-.5-.3-.7zM5.8 14.7l6.2 6.3 6.2-6.3c.2-.2.3-.5.3-.7s-.1-.5-.3-.7c-.2-.2-.4-.3-.7-.3h-11c-.3 0-.5.1-.7.3-.2.2-.3.5-.3.7s.1.5.3.7z\"\/><\/svg><\/span><\/span><\/label><input type=\"checkbox\"  id=\"ez-toc-cssicon-toggle-item-69f0b827b0a64\" checked aria-label=\"Toggle\" \/><nav><ul class='ez-toc-list ez-toc-list-level-1' ><li class='ez-toc-page-1 ez-toc-heading-level-2'><a class=\"ez-toc-link ez-toc-heading-1\" href=\"https:\/\/comparemyjet.com\/fr\/delta-private-jets\/#Company_History\" >Histoire de l'entreprise<\/a><\/li><li class='ez-toc-page-1 ez-toc-heading-level-2'><a class=\"ez-toc-link ez-toc-heading-2\" href=\"https:\/\/comparemyjet.com\/fr\/delta-private-jets\/#Delta_Private_Jets_Wheels_Up\" >Delta Private Jets + Wheels Up<\/a><\/li><li class='ez-toc-page-1 ez-toc-heading-level-2'><a class=\"ez-toc-link ez-toc-heading-3\" href=\"https:\/\/comparemyjet.com\/fr\/delta-private-jets\/#The_Fleet\" >La flotte<\/a><ul class='ez-toc-list-level-3' ><li class='ez-toc-heading-level-3'><a class=\"ez-toc-link ez-toc-heading-4\" href=\"https:\/\/comparemyjet.com\/fr\/delta-private-jets\/#1_Turboprop\" >1. Turbopropulseur<\/a><ul class='ez-toc-list-level-4' ><li class='ez-toc-heading-level-4'><a class=\"ez-toc-link ez-toc-heading-5\" href=\"https:\/\/comparemyjet.com\/fr\/delta-private-jets\/#Our_recommendation_The_King_Air_350\" >Notre recommandation : Le King Air 350<\/a><\/li><\/ul><\/li><li class='ez-toc-page-1 ez-toc-heading-level-3'><a class=\"ez-toc-link ez-toc-heading-6\" href=\"https:\/\/comparemyjet.com\/fr\/delta-private-jets\/#2_Light_Private_Jets\" >2. Jets priv\u00e9s l\u00e9gers<\/a><ul class='ez-toc-list-level-4' ><li class='ez-toc-heading-level-4'><a class=\"ez-toc-link ez-toc-heading-7\" href=\"https:\/\/comparemyjet.com\/fr\/delta-private-jets\/#Our_Recommendation_The_Hawker_400XP\" >Notre recommandation : Le Hawker 400XP<\/a><\/li><\/ul><\/li><li class='ez-toc-page-1 ez-toc-heading-level-3'><a class=\"ez-toc-link ez-toc-heading-8\" href=\"https:\/\/comparemyjet.com\/fr\/delta-private-jets\/#3_Midsize_Private_Jets\" >3. Jets priv\u00e9s de taille moyenne<\/a><ul class='ez-toc-list-level-4' ><li class='ez-toc-heading-level-4'><a class=\"ez-toc-link ez-toc-heading-9\" href=\"https:\/\/comparemyjet.com\/fr\/delta-private-jets\/#Our_Recommendation_The_Citation_ExcelXLS\" >Notre recommandation : La Citation Excel\/XLS<\/a><\/li><\/ul><\/li><li class='ez-toc-page-1 ez-toc-heading-level-3'><a class=\"ez-toc-link ez-toc-heading-10\" href=\"https:\/\/comparemyjet.com\/fr\/delta-private-jets\/#4_Super-Midsize_Private_Jets\" >4. Jets priv\u00e9s super-moyens&nbsp;<\/a><ul class='ez-toc-list-level-4' ><li class='ez-toc-heading-level-4'><a class=\"ez-toc-link ez-toc-heading-11\" href=\"https:\/\/comparemyjet.com\/fr\/delta-private-jets\/#Our_Recommendation_The_Citation_X\" >Notre recommandation : Le Citation X<\/a><\/li><\/ul><\/li><li class='ez-toc-page-1 ez-toc-heading-level-3'><a class=\"ez-toc-link ez-toc-heading-12\" href=\"https:\/\/comparemyjet.com\/fr\/delta-private-jets\/#5_Large_Private_Jets\" >5. Grands jets priv\u00e9s<\/a><ul class='ez-toc-list-level-4' ><li class='ez-toc-heading-level-4'><a class=\"ez-toc-link ez-toc-heading-13\" href=\"https:\/\/comparemyjet.com\/fr\/delta-private-jets\/#Our_Recommendation_The_Gulfstream_G450\" >Notre recommandation : Le Gulfstream G450<\/a><\/li><\/ul><\/li><\/ul><\/li><li class='ez-toc-page-1 ez-toc-heading-level-2'><a class=\"ez-toc-link ez-toc-heading-14\" href=\"https:\/\/comparemyjet.com\/fr\/delta-private-jets\/#Conclusion\" >Conclusion<\/a><\/li><\/ul><\/nav><\/div>\n<h2 class=\"wp-block-heading\"><span class=\"ez-toc-section\" id=\"Company_History\"><\/span>Histoire de l'entreprise<span class=\"ez-toc-section-end\"><\/span><\/h2>\r\n\r\n\r\n\r\n<p>Delta Private Jets a \u00e9t\u00e9 fond\u00e9e en 2001. L'entreprise a cess\u00e9 ses activit\u00e9s le 31 janvier 2020, apr\u00e8s avoir fusionn\u00e9 avec Wheels Up.<\/p>\r\n\r\n\r\n\r\n<h2 class=\"wp-block-heading\"><span class=\"ez-toc-section\" id=\"Delta_Private_Jets_Wheels_Up\"><\/span>Delta Private Jets + Wheels Up<span class=\"ez-toc-section-end\"><\/span><\/h2>\r\n\r\n\r\n\r\n<figure class=\"wp-block-image size-full is-style-default\"><img loading=\"lazy\" decoding=\"async\" width=\"1000\" height=\"667\" src=\"https:\/\/comparemyjet.com\/wp-content\/uploads\/Executives-from-Wheels-Up-congregate-outside-the-New-York-Stock-Exchange.jpg\" alt=\"Les cadres de Wheels Up se rassemblent devant la Bourse de New York. \" class=\"wp-image-4401\" srcset=\"https:\/\/comparemyjet.com\/wp-content\/uploads\/Executives-from-Wheels-Up-congregate-outside-the-New-York-Stock-Exchange-18x12.jpg 18w, https:\/\/comparemyjet.com\/wp-content\/uploads\/Executives-from-Wheels-Up-congregate-outside-the-New-York-Stock-Exchange-300x200.jpg 300w, https:\/\/comparemyjet.com\/wp-content\/uploads\/Executives-from-Wheels-Up-congregate-outside-the-New-York-Stock-Exchange-768x512.jpg 768w, https:\/\/comparemyjet.com\/wp-content\/uploads\/Executives-from-Wheels-Up-congregate-outside-the-New-York-Stock-Exchange.jpg 1000w\" sizes=\"auto, (max-width: 1000px) 100vw, 1000px\" \/><\/figure>\r\n\r\n\r\n\r\n<p>Wheels Up et Delta ont conclu une transaction r\u00e9volutionnaire, en associant Delta Private Jets et Wheels Up pour offrir aux clients des avantages multiplateformes. Les soci\u00e9t\u00e9s fusionn\u00e9es offrent aux clients actuels et futurs de Wheels Up et de Delta des avantages multiplateformes uniques dans le secteur des compagnies a\u00e9riennes priv\u00e9es.<\/p>\r\n\r\n\r\n\r\n<p>Cette fusion combine les programmes d'adh\u00e9sion, la plateforme num\u00e9rique unique et les exp\u00e9riences internationales de Wheels Up avec la fiabilit\u00e9, la s\u00e9curit\u00e9, la qualit\u00e9 et la port\u00e9e reconnues de Delta Private Jets. Avec pr\u00e8s de 200 avions, du King Air 350i aux jets lourds, la combinaison forme l'une des plus grandes flottes d'avions priv\u00e9s d\u00e9tenus et exploit\u00e9s au monde. Wheels Up est bien plac\u00e9 pour r\u00e9pondre aux besoins de voyage de ses plus de 8 000 membres et clients, gr\u00e2ce \u00e0 sa flotte priv\u00e9e en expansion et \u00e0 son acc\u00e8s au r\u00e9seau mondial de Delta.<\/p>\r\n\r\n\r\n\r\n<p>Les membres de Wheels Up peuvent atteindre le statut de m\u00e9daillon Delta, collecter des points de fid\u00e9lit\u00e9 SkyMiles\u00ae et utiliser leurs comptes du programme Wheels Up Fund pour d\u00e9penser pour des vols priv\u00e9s Wheels Up et des vols de passagers Delta. Les clients de Delta Private Jets peuvent \u00e9galement profiter des avantages uniques de l'adh\u00e9sion au programme Wheels Up, ainsi que de l'acc\u00e8s aux avions Wheels Up.<\/p>\r\n\r\n\r\n\r\n<p>En outre, dans le cadre de cet accord, Gil West, directeur de l'exploitation de Delta, a d\u00e9cid\u00e9 de rejoindre le conseil d'administration de Wheels Up. Les \u00e9quipes de Wheels Up et de Delta Private Jets collaborent efficacement pour assurer une transition en douceur \u00e0 tous les travailleurs et clients de DPJ. Les employ\u00e9s de DPJ continueront \u00e0 travailler depuis son si\u00e8ge actuel \u00e0 Cincinnati, dans l'Ohio.<\/p>\r\n\r\n\r\n\r\n<h2 class=\"wp-block-heading\"><span class=\"ez-toc-section\" id=\"The_Fleet\"><\/span>La flotte<span class=\"ez-toc-section-end\"><\/span><\/h2>\r\n\r\n\r\n\r\n<figure class=\"wp-block-image size-full is-style-default\"><img loading=\"lazy\" decoding=\"async\" width=\"1000\" height=\"442\" src=\"https:\/\/comparemyjet.com\/wp-content\/uploads\/2022\/09\/little.plane_.in_.the_.hand_.of_.a.businessman.jpg\" alt=\"Homme d&#039;affaires tenant un avion\" class=\"wp-image-3335\" srcset=\"https:\/\/comparemyjet.com\/wp-content\/uploads\/2022\/09\/little.plane_.in_.the_.hand_.of_.a.businessman-18x8.jpg 18w, https:\/\/comparemyjet.com\/wp-content\/uploads\/2022\/09\/little.plane_.in_.the_.hand_.of_.a.businessman-300x133.jpg 300w, https:\/\/comparemyjet.com\/wp-content\/uploads\/2022\/09\/little.plane_.in_.the_.hand_.of_.a.businessman-768x339.jpg 768w, https:\/\/comparemyjet.com\/wp-content\/uploads\/2022\/09\/little.plane_.in_.the_.hand_.of_.a.businessman.jpg 1000w\" sizes=\"auto, (max-width: 1000px) 100vw, 1000px\" \/><\/figure>\r\n\r\n\r\n\r\n<p>\u00c9tant donn\u00e9 que Delta a fusionn\u00e9 avec Wheels Up, les anciens utilisateurs de Delta b\u00e9n\u00e9ficient d\u00e9sormais d'encore plus d'avantages. Si vous cherchez \u00e0 affr\u00e9ter des avions priv\u00e9s, Wheels Up propose \u00e0 la fois ses propres avions et des jets priv\u00e9s de compagnies d'affr\u00e8tement r\u00e9put\u00e9es. Ils g\u00e8rent plus de 1 200 avions et poss\u00e8dent et contr\u00f4lent une flotte de 350 avions.<\/p>\r\n\r\n\r\n\r\n<p>Avec quelques exclusions en fonction du programme, la firme maintient une politique de disponibilit\u00e9 garantie. Jetons un coup d'\u0153il aux cat\u00e9gories de jets.<\/p>\r\n\r\n\r\n\r\n<h3 class=\"wp-block-heading\"><span class=\"ez-toc-section\" id=\"1_Turboprop\"><\/span>1. Turbopropulseur<span class=\"ez-toc-section-end\"><\/span><\/h3>\r\n\r\n\r\n\r\n<p>Les turbopropulseurs sont une combinaison de moteurs \u00e0 r\u00e9action et d'h\u00e9lices utilis\u00e9es par les moteurs \u00e0 piston dans les avions plus petits. Bien que les turbopropulseurs soient plus bruyants, ils sont plus s\u00fbrs que les jets pour l'atterrissage sur des pistes courtes. Les turbopropulseurs sont plus petits et plus l\u00e9gers que les moteurs \u00e0 r\u00e9action, ce qui permet un d\u00e9collage et un atterrissage plus efficaces, en particulier sur les pistes courtes.&nbsp;<\/p>\r\n\r\n\r\n\r\n<h4 class=\"wp-block-heading\"><span class=\"ez-toc-section\" id=\"Our_recommendation_The_King_Air_350\"><\/span>Notre recommandation : Le King Air 350<span class=\"ez-toc-section-end\"><\/span><\/h4>\r\n\r\n\r\n\r\n<p>Le King Air a fait un retour en force ces derni\u00e8res ann\u00e9es en tant que c\u0153ur de la flotte de Wheels Up. Ce turbopropulseur a b\u00e9n\u00e9fici\u00e9 d'un marketing intelligent et cr\u00e9atif et a retrouv\u00e9 sa notori\u00e9t\u00e9.<\/p>\r\n\r\n\r\n\r\n<p>Sp\u00e9cifications :<\/p>\r\n\r\n\r\n\r\n<ul class=\"wp-block-list\">\r\n<li>Passagers : 11 ;<\/li>\r\n\r\n\r\n\r\n<li>Hauteur : 57 pouces ;<\/li>\r\n\r\n\r\n\r\n<li>Longueur : 19 ft 6 in ;<\/li>\r\n\r\n\r\n\r\n<li>Largeur : 54 in ;<\/li>\r\n\r\n\r\n\r\n<li>Port\u00e9e maximale : 1 806 miles nautiques ;<\/li>\r\n\r\n\r\n\r\n<li>Vitesse de croisi\u00e8re maximale : 359 mph ;<\/li>\r\n\r\n\r\n\r\n<li>Bagages (int\u00e9rieur) : 55 pi3 ;<\/li>\r\n\r\n\r\n\r\n<li>Bagages (ext\u00e9rieur) : 16 pi3.<\/li>\r\n<\/ul>\r\n\r\n\r\n\r\n<h3 class=\"wp-block-heading\"><span class=\"ez-toc-section\" id=\"2_Light_Private_Jets\"><\/span>2. Jets priv\u00e9s l\u00e9gers<span class=\"ez-toc-section-end\"><\/span><\/h3>\r\n\r\n\r\n\r\n<p>Si vous voyagez avec huit personnes ou moins et que vous n'avez pas beaucoup de bagages, un jet priv\u00e9 l\u00e9ger est une bonne option. Vous avez besoin d'un transport rapide et facile jusqu'\u00e0 votre destination ? Pour les voyages de moins de quatre heures, l'affr\u00e8tement d'un jet l\u00e9ger pourrait \u00eatre votre meilleure option. Ces jets ont la capacit\u00e9 de voler sur pr\u00e8s de 1500 kilom\u00e8tres sans s'arr\u00eater pour faire le plein. Les avions l\u00e9gers peuvent facilement accueillir six passagers, avec une capacit\u00e9 maximale de neuf.<\/p>\r\n\r\n\r\n\r\n<h4 class=\"wp-block-heading\"><span class=\"ez-toc-section\" id=\"Our_Recommendation_The_Hawker_400XP\"><\/span>Notre recommandation : Le Hawker 400XP<span class=\"ez-toc-section-end\"><\/span><\/h4>\r\n\r\n\r\n\r\n<p>Le Hawker 400 est un jet l\u00e9ger bimoteur. Apr\u00e8s avoir \u00e9t\u00e9 construit et fabriqu\u00e9 par Mitsubishi, il a \u00e9t\u00e9 modernis\u00e9 par la Beech Aircraft Company. C'est un petit avion de huit places dans une cabine pressuris\u00e9e pilot\u00e9e par un \u00e9quipage de deux personnes.<\/p>\r\n\r\n\r\n\r\n<p>Les sp\u00e9cifications du Hawker 400XP sont :<\/p>\r\n\r\n\r\n\r\n<ul class=\"wp-block-list\">\r\n<li>Passagers : 8 ;<\/li>\r\n\r\n\r\n\r\n<li>Hauteur de la cabine : 4 ft 10 in ;<\/li>\r\n\r\n\r\n\r\n<li>Longueur de la cabine : 15 ft 7 in ;<\/li>\r\n\r\n\r\n\r\n<li>Largeur de la cabine : 4 ft 11 in ;<\/li>\r\n\r\n\r\n\r\n<li>Vitesse de croisi\u00e8re : 450 n\u0153uds ;&nbsp;<\/li>\r\n\r\n\r\n\r\n<li>Distance de vol : 1 180 miles nautiques.<\/li>\r\n<\/ul>\r\n\r\n\r\n\r\n<h3 class=\"wp-block-heading\"><span class=\"ez-toc-section\" id=\"3_Midsize_Private_Jets\"><\/span>3. Jets priv\u00e9s de taille moyenne<span class=\"ez-toc-section-end\"><\/span><\/h3>\r\n\r\n\r\n\r\n<p>Si vous avez besoin de plus de si\u00e8ges, de plus de hauteur et d'espace que ce qu'un petit avion peut offrir, les jets priv\u00e9s de taille moyenne sont la solution. Ils sont parfaits pour des vols d'environ 4 \u00e0 5 heures et sont un peu plus rapides que leurs homologues l\u00e9gers.<\/p>\r\n\r\n\r\n\r\n<h4 class=\"wp-block-heading\"><span class=\"ez-toc-section\" id=\"Our_Recommendation_The_Citation_ExcelXLS\"><\/span>Notre recommandation : La Citation Excel\/XLS<span class=\"ez-toc-section-end\"><\/span><\/h4>\r\n\r\n\r\n\r\n<p><a href=\"https:\/\/comparemyjet.com\/fr\/cessna\/\" data-internallinksmanager029f6b8e52c=\"145\" title=\"Guide ultime des jets et avions priv\u00e9s Cessna\">Avions Cessna<\/a> La soci\u00e9t\u00e9 a produit le Cessna Citation XLS comme la premi\u00e8re g\u00e9n\u00e9ration de Citation Excel, qui a pris son envol en 2003. Il fait partie de la famille des jets d'affaires Citation, qui comprend une vari\u00e9t\u00e9 de mod\u00e8les.<\/p>\r\n\r\n\r\n\r\n<p>Sp\u00e9cifications :<\/p>\r\n\r\n\r\n\r\n<ul class=\"wp-block-list\">\r\n<li>Passagers : 8 ;<\/li>\r\n\r\n\r\n\r\n<li>Port\u00e9e maximale : 1989 nm ;<\/li>\r\n\r\n\r\n\r\n<li>Vitesse maximale : 433 kts ;<\/li>\r\n\r\n\r\n\r\n<li>Taux de mont\u00e9e : 3500 fpm ;<\/li>\r\n\r\n\r\n\r\n<li>Hauteur de la cabine : 5 ft 7 in ;<\/li>\r\n\r\n\r\n\r\n<li>Longueur de la cabine : 18 ft 7 in ;<\/li>\r\n\r\n\r\n\r\n<li>Largeur de la cabine : 5 ft 5 in.&nbsp;<\/li>\r\n<\/ul>\r\n\r\n\r\n\r\n<h3 class=\"wp-block-heading\"><span class=\"ez-toc-section\" id=\"4_Super-Midsize_Private_Jets\"><\/span>4. Jets priv\u00e9s super-moyens&nbsp;<span class=\"ez-toc-section-end\"><\/span><\/h3>\r\n\r\n\r\n\r\n<p>Les jets super-moyens sont plus petits et plus \u00e9conomes en carburant que les jets lourds, avec une plus grande autonomie \u00e0 un moindre co\u00fbt. Si vous avez besoin d'un avion priv\u00e9 avec un long rayon d'action et une bonne capacit\u00e9 de piste, vous pouvez choisir un jet de la cat\u00e9gorie super-moyen.<\/p>\r\n\r\n\r\n\r\n<h4 class=\"wp-block-heading\"><span class=\"ez-toc-section\" id=\"Our_Recommendation_The_Citation_X\"><\/span>Notre recommandation : Le Citation X<span class=\"ez-toc-section-end\"><\/span><\/h4>\r\n\r\n\r\n\r\n<p>Le Cessna Citation X est une nouvelle g\u00e9n\u00e9ration d'avions d'affaires de taille moyenne dot\u00e9s d'une vitesse accrue et d'un compartiment \u00e0 bagages \u00e9tanche. Cet avion est le jet d'affaires le plus rapide actuellement en production, avec un certain nombre de records de vitesse \u00e0 son actif.<\/p>\r\n\r\n\r\n\r\n<p>Sp\u00e9cifications :<\/p>\r\n\r\n\r\n\r\n<ul class=\"wp-block-list\">\r\n<li>Passagers : 8 ;<\/li>\r\n\r\n\r\n\r\n<li>Vitesse maximale : 525 n\u0153uds ;<\/li>\r\n\r\n\r\n\r\n<li>Plage maximale : 3125 nm ;<\/li>\r\n\r\n\r\n\r\n<li>Hauteur de la cabine : 5 ft 7 in ;<\/li>\r\n\r\n\r\n\r\n<li>Longueur de la cabine : 23 ft 9 in<\/li>\r\n\r\n\r\n\r\n<li>Largeur de la cabine : 5 ft 5 in ;<\/li>\r\n\r\n\r\n\r\n<li>Distance de vol : 3 111 miles nautiques.<\/li>\r\n<\/ul>\r\n\r\n\r\n\r\n<h3 class=\"wp-block-heading\"><span class=\"ez-toc-section\" id=\"5_Large_Private_Jets\"><\/span>5. Grands jets priv\u00e9s<span class=\"ez-toc-section-end\"><\/span><\/h3>\r\n\r\n\r\n\r\n<p>Tout est possible lorsque vous avez acc\u00e8s \u00e0 ces avions priv\u00e9s gigantesques, extr\u00eamement adaptables et \u00e0 la pointe de la technologie. Les jets lourds peuvent accueillir environ 10 \u00e0 15 passagers ou plus et offrent un espace suppl\u00e9mentaire pour les jambes et le confort.&nbsp;<\/p>\r\n\r\n\r\n\r\n<h4 class=\"wp-block-heading\"><span class=\"ez-toc-section\" id=\"Our_Recommendation_The_Gulfstream_G450\"><\/span>Notre recommandation : Le Gulfstream G450<span class=\"ez-toc-section-end\"><\/span><\/h4>\r\n\r\n\r\n\r\n<p>Le site <a href=\"https:\/\/comparemyjet.com\/fr\/gulfstream\/\" data-internallinksmanager029f6b8e52c=\"175\" title=\"Guide ultime des jets et avions priv\u00e9s Gulfstream\">Gulfstream<\/a> Le G450 est le plus fabuleux des jets \u00e0 grande cabine de sa cat\u00e9gorie.&nbsp;&nbsp;<\/p>\r\n\r\n\r\n\r\n<p>Sp\u00e9cifications :<\/p>\r\n\r\n\r\n\r\n<ul class=\"wp-block-list\">\r\n<li>Passagers : 8-14 ;&nbsp;<\/li>\r\n\r\n\r\n\r\n<li>Plage maximale : 4350 nm ;<\/li>\r\n\r\n\r\n\r\n<li>Vitesse maximale : 586 n\u0153uds ;<\/li>\r\n\r\n\r\n\r\n<li>Hauteur de la cabine : 6 ft 2 in ;<\/li>\r\n\r\n\r\n\r\n<li>Longueur de la cabine : 40 ft 4 in ;<\/li>\r\n\r\n\r\n\r\n<li>Largeur de la cabine : 7 ft 4 in ;<\/li>\r\n\r\n\r\n\r\n<li>Vitesse de croisi\u00e8re : 533 n\u0153uds.<\/li>\r\n<\/ul>\r\n\r\n\r\n\r\n<h2 class=\"wp-block-heading\"><span class=\"ez-toc-section\" id=\"Conclusion\"><\/span>Conclusion<span class=\"ez-toc-section-end\"><\/span><\/h2>\r\n\r\n\r\n\r\n<figure class=\"wp-block-image size-full is-style-default\"><img loading=\"lazy\" decoding=\"async\" width=\"1000\" height=\"391\" src=\"https:\/\/comparemyjet.com\/wp-content\/uploads\/A-Delta-Airlines-jet.jpg\" alt=\"Un jet de Delta Airlines\" class=\"wp-image-4402\" srcset=\"https:\/\/comparemyjet.com\/wp-content\/uploads\/A-Delta-Airlines-jet-18x7.jpg 18w, https:\/\/comparemyjet.com\/wp-content\/uploads\/A-Delta-Airlines-jet-300x117.jpg 300w, https:\/\/comparemyjet.com\/wp-content\/uploads\/A-Delta-Airlines-jet-768x300.jpg 768w, https:\/\/comparemyjet.com\/wp-content\/uploads\/A-Delta-Airlines-jet.jpg 1000w\" sizes=\"auto, (max-width: 1000px) 100vw, 1000px\" \/><\/figure>\r\n\r\n\r\n\r\n<p>Si Delta Private Jets fonctionnait bien et comptait de nombreux clients satisfaits, sa fusion avec Wheels Up l'a encore am\u00e9lior\u00e9e. Consultez notre article sur Wheels Up \u00e0 l'adresse suivante <a href=\"https:\/\/comparemyjet.com\/fr\/roues-en-lair\/\">lien<\/a> pour vous aider \u00e0 \u00e9valuer et \u00e0 choisir votre compagnie de jet priv\u00e9.&nbsp;<\/p>","protected":false},"excerpt":{"rendered":"<p>Delta Air Lines est la premi\u00e8re compagnie a\u00e9rienne au monde en termes de produits, de services, d'innovation, de fiabilit\u00e9 et d'exp\u00e9rience client aux \u00c9tats-Unis. La compagnie propose une exp\u00e9rience de voyage de classe mondiale tout en offrant aux actionnaires des rendements parmi les meilleurs du secteur.  Delta private jets, le service d'affr\u00e8tement de la compagnie a\u00e9rienne, s'est associ\u00e9 \u00e0 la premi\u00e8re marque d'aviation priv\u00e9e Wheels Up pour ...<\/p>","protected":false},"author":1,"featured_media":4400,"parent":0,"menu_order":0,"comment_status":"closed","ping_status":"closed","template":"","meta":{"_acf_changed":false,"_genesis_hide_title":false,"_genesis_hide_breadcrumbs":false,"_genesis_hide_singular_image":false,"_genesis_hide_footer_widgets":false,"_genesis_custom_body_class":"","_genesis_custom_post_class":"","_genesis_layout":"","footnotes":""},"class_list":{"1":"page","2":"type-page","6":"entry"},"acf":[],"_links":{"self":[{"href":"https:\/\/comparemyjet.com\/fr\/wp-json\/wp\/v2\/pages\/4399","targetHints":{"allow":["GET"]}}],"collection":[{"href":"https:\/\/comparemyjet.com\/fr\/wp-json\/wp\/v2\/pages"}],"about":[{"href":"https:\/\/comparemyjet.com\/fr\/wp-json\/wp\/v2\/types\/page"}],"author":[{"embeddable":true,"href":"https:\/\/comparemyjet.com\/fr\/wp-json\/wp\/v2\/users\/1"}],"replies":[{"embeddable":true,"href":"https:\/\/comparemyjet.com\/fr\/wp-json\/wp\/v2\/comments?post=4399"}],"version-history":[{"count":2,"href":"https:\/\/comparemyjet.com\/fr\/wp-json\/wp\/v2\/pages\/4399\/revisions"}],"predecessor-version":[{"id":4434,"href":"https:\/\/comparemyjet.com\/fr\/wp-json\/wp\/v2\/pages\/4399\/revisions\/4434"}],"wp:featuredmedia":[{"embeddable":true,"href":"https:\/\/comparemyjet.com\/fr\/wp-json\/wp\/v2\/media\/4400"}],"wp:attachment":[{"href":"https:\/\/comparemyjet.com\/fr\/wp-json\/wp\/v2\/media?parent=4399"}],"curies":[{"name":"wp","href":"https:\/\/api.w.org\/{rel}","templated":true}]}}