{"id":2071,"date":"2021-09-06T19:59:12","date_gmt":"2021-09-06T19:59:12","guid":{"rendered":"https:\/\/comparemyjet.com\/?page_id=2071"},"modified":"2025-09-04T09:58:23","modified_gmt":"2025-09-04T09:58:23","slug":"how-to-book-empty-leg-flights","status":"publish","type":"page","link":"https:\/\/comparemyjet.com\/it\/how-to-book-empty-leg-flights\/","title":{"rendered":"Come prenotare voli a vuoto"},"content":{"rendered":"<p>Se sei un passeggero di un jet privato o lo sei stato almeno una volta nella tua vita, probabilmente hai sentito parlare dell'espressione gambe vuote. Molte persone sanno dell'esistenza di questo termine, ma non sono sicure di cosa significhi veramente e perch\u00e9 dovrebbe essere importante per loro.<\/p>\r\n\r\n\r\n\r\n<p>In questo articolo, spiegher\u00f2 cosa <em>voli a vuoto<\/em> sono in termini di jet privati, quanto sono convenienti, e come trovare e prenotare uno, quindi cominciamo.<\/p>\r\n\r\n\r\n\r\n<div id=\"ez-toc-container\" class=\"ez-toc-v2_0_76 counter-hierarchy ez-toc-counter ez-toc-grey ez-toc-container-direction\">\n<p class=\"ez-toc-title\" style=\"cursor:inherit\">Argomenti<\/p>\n<label for=\"ez-toc-cssicon-toggle-item-69ef0c3f41e81\" class=\"ez-toc-cssicon-toggle-label\"><span class=\"\"><span class=\"eztoc-hide\" style=\"display:none;\">Toggle<\/span><span class=\"ez-toc-icon-toggle-span\"><svg style=\"fill: #999;color:#999\" xmlns=\"http:\/\/www.w3.org\/2000\/svg\" class=\"list-377408\" width=\"20px\" height=\"20px\" viewbox=\"0 0 24 24\" fill=\"none\"><path d=\"M6 6H4v2h2V6zm14 0H8v2h12V6zM4 11h2v2H4v-2zm16 0H8v2h12v-2zM4 16h2v2H4v-2zm16 0H8v2h12v-2z\" fill=\"currentColor\"><\/path><\/svg><svg style=\"fill: #999;color:#999\" class=\"arrow-unsorted-368013\" xmlns=\"http:\/\/www.w3.org\/2000\/svg\" width=\"10px\" height=\"10px\" viewbox=\"0 0 24 24\" version=\"1.2\" baseprofile=\"tiny\"><path d=\"M18.2 9.3l-6.2-6.3-6.2 6.3c-.2.2-.3.4-.3.7s.1.5.3.7c.2.2.4.3.7.3h11c.3 0 .5-.1.7-.3.2-.2.3-.5.3-.7s-.1-.5-.3-.7zM5.8 14.7l6.2 6.3 6.2-6.3c.2-.2.3-.5.3-.7s-.1-.5-.3-.7c-.2-.2-.4-.3-.7-.3h-11c-.3 0-.5.1-.7.3-.2.2-.3.5-.3.7s.1.5.3.7z\"\/><\/svg><\/span><\/span><\/label><input type=\"checkbox\"  id=\"ez-toc-cssicon-toggle-item-69ef0c3f41e81\" checked aria-label=\"Toggle\" \/><nav><ul class='ez-toc-list ez-toc-list-level-1' ><li class='ez-toc-page-1 ez-toc-heading-level-2'><a class=\"ez-toc-link ez-toc-heading-1\" href=\"https:\/\/comparemyjet.com\/it\/how-to-book-empty-leg-flights\/#What_Are_Empty_Leg_Flights\" >Cosa sono i voli a vuoto?<\/a><ul class='ez-toc-list-level-3' ><li class='ez-toc-heading-level-3'><a class=\"ez-toc-link ez-toc-heading-2\" href=\"https:\/\/comparemyjet.com\/it\/how-to-book-empty-leg-flights\/#When_Do_Empty_Legs_Occur\" >Quando si verificano le gambe vuote?<\/a><\/li><li class='ez-toc-page-1 ez-toc-heading-level-3'><a class=\"ez-toc-link ez-toc-heading-3\" href=\"https:\/\/comparemyjet.com\/it\/how-to-book-empty-leg-flights\/#Is_Empty_Leg_Flying_Bad_For_The_Company\" >Volare a gambe vuote \u00e8 un male per la compagnia?<\/a><\/li><\/ul><\/li><li class='ez-toc-page-1 ez-toc-heading-level-2'><a class=\"ez-toc-link ez-toc-heading-4\" href=\"https:\/\/comparemyjet.com\/it\/how-to-book-empty-leg-flights\/#How_To_Book_Empty_Legs\" >Come prenotare Empty Legs?<\/a><ul class='ez-toc-list-level-3' ><li class='ez-toc-heading-level-3'><a class=\"ez-toc-link ez-toc-heading-5\" href=\"https:\/\/comparemyjet.com\/it\/how-to-book-empty-leg-flights\/#The_Old_School_Way\" >La vecchia scuola<\/a><\/li><li class='ez-toc-page-1 ez-toc-heading-level-3'><a class=\"ez-toc-link ez-toc-heading-6\" href=\"https:\/\/comparemyjet.com\/it\/how-to-book-empty-leg-flights\/#Contact_a_Charter_Broker\" >Contatta un broker di noleggio<\/a><\/li><li class='ez-toc-page-1 ez-toc-heading-level-3'><a class=\"ez-toc-link ez-toc-heading-7\" href=\"https:\/\/comparemyjet.com\/it\/how-to-book-empty-leg-flights\/#Book_Online\" >Prenota online<\/a><\/li><li class='ez-toc-page-1 ez-toc-heading-level-3'><a class=\"ez-toc-link ez-toc-heading-8\" href=\"https:\/\/comparemyjet.com\/it\/how-to-book-empty-leg-flights\/#Become_a_Member\" >Diventa un membro<\/a><\/li><\/ul><\/li><li class='ez-toc-page-1 ez-toc-heading-level-2'><a class=\"ez-toc-link ez-toc-heading-9\" href=\"https:\/\/comparemyjet.com\/it\/how-to-book-empty-leg-flights\/#What_To_Expect\" >Cosa aspettarsi<\/a><\/li><li class='ez-toc-page-1 ez-toc-heading-level-2'><a class=\"ez-toc-link ez-toc-heading-10\" href=\"https:\/\/comparemyjet.com\/it\/how-to-book-empty-leg-flights\/#Empty_Legs_Downsides\" >Gambe vuote Aspetti negativi<\/a><ul class='ez-toc-list-level-3' ><li class='ez-toc-heading-level-3'><a class=\"ez-toc-link ez-toc-heading-11\" href=\"https:\/\/comparemyjet.com\/it\/how-to-book-empty-leg-flights\/#One-Way_Only\" >Solo a senso unico<\/a><\/li><li class='ez-toc-page-1 ez-toc-heading-level-3'><a class=\"ez-toc-link ez-toc-heading-12\" href=\"https:\/\/comparemyjet.com\/it\/how-to-book-empty-leg-flights\/#Short-Notice_Reservation\" >Prenotazione a breve termine<\/a><\/li><li class='ez-toc-page-1 ez-toc-heading-level-3'><a class=\"ez-toc-link ez-toc-heading-13\" href=\"https:\/\/comparemyjet.com\/it\/how-to-book-empty-leg-flights\/#Last-Minute_Changes\" >Modifiche dell'ultimo minuto<\/a><\/li><li class='ez-toc-page-1 ez-toc-heading-level-3'><a class=\"ez-toc-link ez-toc-heading-14\" href=\"https:\/\/comparemyjet.com\/it\/how-to-book-empty-leg-flights\/#Empty_Legs_Pros_and_Cons\" >Pro e contro delle gambe vuote<\/a><\/li><\/ul><\/li><li class='ez-toc-page-1 ez-toc-heading-level-2'><a class=\"ez-toc-link ez-toc-heading-15\" href=\"https:\/\/comparemyjet.com\/it\/how-to-book-empty-leg-flights\/#Summary\" >Riassunto<\/a><\/li><\/ul><\/nav><\/div>\n<h2 class=\"wp-block-heading\"><span class=\"ez-toc-section\" id=\"What_Are_Empty_Leg_Flights\"><\/span>Cosa sono i voli a vuoto?<span class=\"ez-toc-section-end\"><\/span><\/h2>\r\n\r\n\r\n\r\n<p>Come il nome <em>tipo <\/em>suggerisce, voli a vuoto, o semplicemente <em>gambe vuote<\/em>Sono voli charter privati che sono programmati per volare senza passeggeri. Quindi, quando non ci sono passeggeri sul volo, si ha un volo a vuoto.<\/p>\r\n\r\n\r\n\r\n<p>Se vi state chiedendo come sia possibile che un volo di un jet privato sia programmato per volare a vuoto, tenete presente che la capacit\u00e0 dei passeggeri \u00e8 comunque limitata e, cosa pi\u00f9 importante, questi voli vengono prenotati un po' diversamente dagli altri.<\/p>\r\n\r\n\r\n\r\n<h3 class=\"wp-block-heading\"><span class=\"ez-toc-section\" id=\"When_Do_Empty_Legs_Occur\"><\/span>Quando si verificano le gambe vuote?<span class=\"ez-toc-section-end\"><\/span><\/h3>\r\n\r\n\r\n\r\n<p>Le tratte vuote si verificano in genere quando un jet deve riposizionarsi da una base all'altra per diversi motivi. Questo potrebbe essere dovuto a un altro volo in attesa, ad esempio in <a href=\"https:\/\/comparemyjet.com\/it\/tour-privati\/tour-privati-di-new-york\/\" data-internallinksmanager029f6b8e52c=\"427\" title=\"11 migliori tour privati di New York City da $48.00\">New York<\/a>, mentre il getto si trova in <a href=\"https:\/\/comparemyjet.com\/it\/tour-privati\/miami-private-tours\/\" data-internallinksmanager029f6b8e52c=\"422\" title=\"11 migliori tour privati di Miami da $99.00\">Miami<\/a>. Oppure, se ci sono ragioni legali per cui il jet deve essere trasferito.<\/p>\r\n\r\n\r\n\r\n<p>In questo caso, il capitano volerebbe con un jet vuoto, e quel volo sarebbe chiamato un <em>volo a gambe vuote.<\/em> Un'altra ragione per cui un jet pu\u00f2 essere \"costretto\" a volare vuoto \u00e8 quando non deve aspettare i passeggeri una volta che li ha lasciati in una certa destinazione.&nbsp;<\/p>\r\n\r\n\r\n\r\n<p>Per esempio, immaginate di essere un newyorkese (o forse lo siete), e di volare con un jet privato per <a href=\"https:\/\/comparemyjet.com\/it\/tour-privati\/visite-private-a-parigi\/\" data-internallinksmanager029f6b8e52c=\"252\" title=\"11 migliori tour privati di Parigi da $68.94\">Parigi<\/a>. Siete solo voi e il vostro coniuge e trascorrerete un'intera settimana in Francia.<\/p>\r\n\r\n\r\n\r\n<p>Avete prenotato un volo di sola andata, quindi il capitano non aspetter\u00e0 che la vostra vacanza sia finita. Anche se avevate programmato un viaggio di sola andata, non c'\u00e8 motivo che il pilota passi una settimana a Parigi, ed \u00e8 per questo che voler\u00e0 a vuoto per tornare a New York.<\/p>\r\n\r\n\r\n<div class=\"wp-block-image\">\r\n<figure class=\"aligncenter size-large\"><img loading=\"lazy\" decoding=\"async\" width=\"683\" height=\"1024\" src=\"https:\/\/comparemyjet.com\/wp-content\/uploads\/2021\/08\/How-To-Book-Empty-Leg-Flights-1-683x1024.jpg\" alt=\"finestra del jet privato\" class=\"wp-image-2077\" srcset=\"https:\/\/comparemyjet.com\/wp-content\/uploads\/2021\/08\/How-To-Book-Empty-Leg-Flights-1-200x300.jpg 200w, https:\/\/comparemyjet.com\/wp-content\/uploads\/2021\/08\/How-To-Book-Empty-Leg-Flights-1-683x1024.jpg 683w, https:\/\/comparemyjet.com\/wp-content\/uploads\/2021\/08\/How-To-Book-Empty-Leg-Flights-1-768x1152.jpg 768w, https:\/\/comparemyjet.com\/wp-content\/uploads\/2021\/08\/How-To-Book-Empty-Leg-Flights-1-1024x1536.jpg 1024w, https:\/\/comparemyjet.com\/wp-content\/uploads\/2021\/08\/How-To-Book-Empty-Leg-Flights-1-1365x2048.jpg 1365w, https:\/\/comparemyjet.com\/wp-content\/uploads\/2021\/08\/How-To-Book-Empty-Leg-Flights-1-scaled.jpg 1707w\" sizes=\"auto, (max-width: 683px) 100vw, 683px\" \/><\/figure><\/div>\r\n\r\n\r\n<h3 class=\"wp-block-heading\"><span class=\"ez-toc-section\" id=\"Is_Empty_Leg_Flying_Bad_For_The_Company\"><\/span>Volare a gambe vuote \u00e8 un male per la compagnia?<span class=\"ez-toc-section-end\"><\/span><\/h3>\r\n\r\n\r\n\r\n<p>La compagnia aerea o chi possiede il jet perde molti soldi quando vola vuoto. Tu e tua moglie probabilmente avete pagato bene per andare da New York a Parigi, il che probabilmente ha coperto i costi per il carburante, ma tornare indietro vuoti significa versare soldi nello scarico.<\/p>\r\n\r\n\r\n\r\n<p>Ecco perch\u00e9 il proprietario del jet cerca il modo di riempire queste gambe offrendo grandi offerte alle persone per farle salire a bordo.<\/p>\r\n\r\n\r\n\r\n<h2 class=\"wp-block-heading\"><span class=\"ez-toc-section\" id=\"How_To_Book_Empty_Legs\"><\/span>Come prenotare Empty Legs?<span class=\"ez-toc-section-end\"><\/span><\/h2>\r\n\r\n\r\n\r\n<p>Ora che sapete cosa sono i voli a vuoto, possiamo passare alla parte pi\u00f9 complicata che \u00e8 il processo di prenotazione. Sfortunatamente, questo processo non \u00e8 cos\u00ec semplice perch\u00e9 non c'\u00e8 un posto speciale sul sito web della compagnia dedicato alla prenotazione di voli a vuoto, quindi non si sa effettivamente quali jet volano a vuoto e quando.<\/p>\r\n\r\n\r\n\r\n<p>Per fortuna, ci sono altri modi per ottenere informazioni sulle gambe vuote.<\/p>\r\n\r\n\r\n\r\n<h3 class=\"wp-block-heading\"><span class=\"ez-toc-section\" id=\"The_Old_School_Way\"><\/span>La vecchia scuola<span class=\"ez-toc-section-end\"><\/span><\/h3>\r\n\r\n\r\n\r\n<p>Un modo, che \u00e8 anche il <em>pi\u00f9 economico <\/em>Il modo migliore per ottenere informazioni sui voli a vuoto \u00e8 andare alla vecchia maniera e chiedere direttamente ai proprietari dei jet.&nbsp;<\/p>\r\n\r\n\r\n\r\n<p>Ad esempio, se si vola spesso su una determinata rotta, diciamo, <a href=\"https:\/\/comparemyjet.com\/it\/ibiza-to-london-private-flight-jet\/\" data-internallinksmanager029f6b8e52c=\"12\" title=\"Da Ibiza a Londra con un jet privato\">Da Londra a Ibiza<\/a>Potete chiedere al capitano di avvisarvi ogni volta che ci sono tratte vuote disponibili, visto che siete clienti abituali.<\/p>\r\n\r\n\r\n\r\n<p><a href=\"https:\/\/www.exclusive-air.com\/contact.html\" target=\"_blank\" rel=\"noreferrer noopener nofollow\">Alcuni operatori<\/a> hanno anche sistemi di mailing per questo scopo. Tutto quello che devi fare \u00e8 andare sui loro siti web, compilare il modulo e iscriverti alla newsletter per essere avvisato quando si presenta un volo a vuoto. O semplicemente chiamarli e chiacchierare direttamente con uno dei loro rappresentanti.<\/p>\r\n\r\n\r\n\r\n<h3 class=\"wp-block-heading\"><span class=\"ez-toc-section\" id=\"Contact_a_Charter_Broker\"><\/span>Contatta un broker di noleggio<span class=\"ez-toc-section-end\"><\/span><\/h3>\r\n\r\n\r\n\r\n<p>Se non ti piace l'idea di chiedere ai proprietari di jet di informarti, un'altra opzione \u00e8 quella di chiedere ai broker di noleggio il cui lavoro \u00e8 proprio questo.<\/p>\r\n\r\n\r\n\r\n<p>Questi professionisti monitorano costantemente il cielo per i jet privati e di solito sanno di un volo a vuoto in qualsiasi momento. Naturalmente, questa \u00e8 un'opzione pi\u00f9 costosa che andare alla vecchia scuola e avere un colloquio onesto con il capitano o il proprietario del jet.<\/p>\r\n\r\n\r\n\r\n<p>Tuttavia, contattare un broker sarebbe molto pi\u00f9 efficiente in termini di tempo e preciso. Tenete presente che il broker avr\u00e0 la sua commissione al prezzo che pagherete per il volo. Quindi, assicuratevi di chiedere tutti i dettagli relativi al pagamento prima di chiedere a un broker di aiutarvi.<\/p>\r\n\r\n\r\n\r\n<h3 class=\"wp-block-heading\"><span class=\"ez-toc-section\" id=\"Book_Online\"><\/span>Prenota online<span class=\"ez-toc-section-end\"><\/span><\/h3>\r\n\r\n\r\n<div class=\"wp-block-image\">\r\n<figure class=\"aligncenter size-large\"><img loading=\"lazy\" decoding=\"async\" width=\"1024\" height=\"425\" src=\"https:\/\/comparemyjet.com\/wp-content\/uploads\/2021\/08\/How-To-Book-Empty-Leg-Flights-4-1024x425.jpg\" alt=\"senso dell&#039;aereo\" class=\"wp-image-2075\" srcset=\"https:\/\/comparemyjet.com\/wp-content\/uploads\/2021\/08\/How-To-Book-Empty-Leg-Flights-4-300x125.jpg 300w, https:\/\/comparemyjet.com\/wp-content\/uploads\/2021\/08\/How-To-Book-Empty-Leg-Flights-4-768x319.jpg 768w, https:\/\/comparemyjet.com\/wp-content\/uploads\/2021\/08\/How-To-Book-Empty-Leg-Flights-4-1024x425.jpg 1024w, https:\/\/comparemyjet.com\/wp-content\/uploads\/2021\/08\/How-To-Book-Empty-Leg-Flights-4-1536x638.jpg 1536w, https:\/\/comparemyjet.com\/wp-content\/uploads\/2021\/08\/How-To-Book-Empty-Leg-Flights-4.jpg 1846w\" sizes=\"auto, (max-width: 1024px) 100vw, 1024px\" \/><\/figure><\/div>\r\n\r\n\r\n<p>Ci sono alcuni siti web come <a href=\"https:\/\/www.planesense.com\/\" target=\"_blank\" rel=\"noreferrer noopener nofollow\">PlaneSense<\/a> o <a href=\"https:\/\/www.libertyjet.com\/\" target=\"_blank\" rel=\"noreferrer noopener nofollow\">LibertyJet<\/a> che stanno cercando di aggregare informazioni sulle gambe vuote in modo da poterle prenotare facilmente online. Alcuni hanno pi\u00f9 successo in quello che fanno mentre altri non sono cos\u00ec tanto.<\/p>\r\n\r\n\r\n\r\n<p>Tuttavia, non \u00e8 un compito facile dato che non c'\u00e8 un vero modello da seguire quando si aggregano questi dati. A differenza delle compagnie aeree commerciali che hanno il loro programma pronto con mesi o addirittura un anno di anticipo o pi\u00f9, i jet privati sono un po' imprevedibili ed \u00e8 per questo che il processo di ricerca e prenotazione di un volo privato \u00e8 un po' difficile.<\/p>\r\n\r\n\r\n\r\n<h3 class=\"wp-block-heading\"><span class=\"ez-toc-section\" id=\"Become_a_Member\"><\/span>Diventa un membro<span class=\"ez-toc-section-end\"><\/span><\/h3>\r\n\r\n\r\n\r\n<p>La maggior parte dei siti web dove \u00e8 possibile prenotare <a href=\"https:\/\/comparemyjet.com\/it\/how-much-does-a-private-jet-cost-to-hire\/\" target=\"_blank\" rel=\"noreferrer noopener\">privat<\/a><a href=\"https:\/\/comparemyjet.com\/it\/how-much-does-a-private-jet-cost-to-hire\/\" target=\"_blank\" rel=\"noreferrer noopener nofollow\">e<\/a><a href=\"https:\/\/comparemyjet.com\/it\/how-much-does-a-private-jet-cost-to-hire\/\" target=\"_blank\" rel=\"noreferrer noopener\"> jets<\/a>, come ad esempio <a href=\"https:\/\/www.exclusive-air.com\/contact.html\" target=\"_blank\" rel=\"noreferrer noopener nofollow\">Aria esclusiva<\/a>, <a href=\"https:\/\/charterjetone.com\/\" target=\"_blank\" rel=\"noreferrer noopener nofollow\">Jet a noleggio<\/a>, o <a href=\"https:\/\/www.vistajet.com\/en\/empty-legs\/\" target=\"_blank\" rel=\"noreferrer noopener nofollow\">VistaJet<\/a>, offrono vari pacchetti di abbonamento. Se diventi un membro, in base al tuo stato, avrai determinati benefici, e uno di questi potrebbe essere offerte di sconti o avvisi per <em>gambe vuote<\/em>.<\/p>\r\n\r\n\r\n\r\n<h2 class=\"wp-block-heading\"><span class=\"ez-toc-section\" id=\"What_To_Expect\"><\/span>Cosa aspettarsi<span class=\"ez-toc-section-end\"><\/span><\/h2>\r\n\r\n\r\n\r\n<p>\u00c8 possibile ottenere offerte pazzesche sui voli a vuoto, a volte anche fino a un 80% di sconto sul prezzo reale. Ma in alcuni casi, dovrai fare un po' di strada in pi\u00f9 per ottenere questo trattamento.<\/p>\r\n\r\n\r\n\r\n<p>Per esempio, devi essere molto flessibile perch\u00e9 tu sei quello che sta saltando su un volo \"quasi gratis\" e ci sono altri clienti che stanno effettivamente aspettando che il jet vada a prenderli a destinazione. Gli altri passeggeri hanno pagato un prezzo pieno, e sono i <em>de jure<\/em> e <em>di fatto <\/em>clienti. Questo significa che hanno il diritto di posticipare il volo, che sia per un paio d'ore o anche per qualche giorno, a seconda della compagnia e delle sue regole.<\/p>\r\n\r\n\r\n\r\n<p>Questo non \u00e8 niente di sorprendente, come probabilmente sapete che un passeggero di un jet privato \u00e8 trattato <em>davvero bene<\/em>. Quindi, nel caso in cui vogliate saltare su un volo con un prezzo di gambe vuote, siate pronti a cambiare i vostri piani, almeno un po'.&nbsp;<\/p>\r\n\r\n\r\n\r\n<figure class=\"wp-block-image size-large\"><img loading=\"lazy\" decoding=\"async\" width=\"1024\" height=\"421\" src=\"https:\/\/comparemyjet.com\/wp-content\/uploads\/2021\/08\/How-To-Book-Empty-Leg-Flights-3-1024x421.jpg\" alt=\"liberty jet\" class=\"wp-image-2074\" srcset=\"https:\/\/comparemyjet.com\/wp-content\/uploads\/2021\/08\/How-To-Book-Empty-Leg-Flights-3-300x123.jpg 300w, https:\/\/comparemyjet.com\/wp-content\/uploads\/2021\/08\/How-To-Book-Empty-Leg-Flights-3-768x316.jpg 768w, https:\/\/comparemyjet.com\/wp-content\/uploads\/2021\/08\/How-To-Book-Empty-Leg-Flights-3-1024x421.jpg 1024w, https:\/\/comparemyjet.com\/wp-content\/uploads\/2021\/08\/How-To-Book-Empty-Leg-Flights-3-1536x631.jpg 1536w, https:\/\/comparemyjet.com\/wp-content\/uploads\/2021\/08\/How-To-Book-Empty-Leg-Flights-3.jpg 1881w\" sizes=\"auto, (max-width: 1024px) 100vw, 1024px\" \/><\/figure>\r\n\r\n\r\n\r\n<h2 class=\"wp-block-heading\"><span class=\"ez-toc-section\" id=\"Empty_Legs_Downsides\"><\/span>Gambe vuote Aspetti negativi<span class=\"ez-toc-section-end\"><\/span><\/h2>\r\n\r\n\r\n\r\n<p>Non c'\u00e8 niente che possa andare male in un affare di gambe vuote, ma ci sono alcuni aspetti che potrebbero ostacolarvi. Tali voli richiedono che tu sia sempre flessibile, paziente, e ci sono opzioni limitate in termini di rotte.<\/p>\r\n\r\n\r\n\r\n<p>Anche se sono un fan delle gambe vuote e sono costantemente in attesa di essere avvisato della loro disponibilit\u00e0, devo segnalare alcune cose che possono essere piuttosto fastidiose.<\/p>\r\n\r\n\r\n\r\n<h3 class=\"wp-block-heading\"><span class=\"ez-toc-section\" id=\"One-Way_Only\"><\/span>Solo a senso unico<span class=\"ez-toc-section-end\"><\/span><\/h3>\r\n\r\n\r\n\r\n<p>A questo punto, probabilmente sapr\u00e0 che pu\u00f2 prenotare un volo a vuoto solo in una direzione. In altre parole, non potr\u00e0 prenotare un volo di ritorno a casa, o altrove, con un solo pagamento.<\/p>\r\n\r\n\r\n\r\n<p>Anche se i voli a vuoto possono farvi risparmiare molti soldi, dato che gli sconti orbitano tra i 50 e i 70%, potete anche perdere qualcosa se, per esempio, non trovate un volo adeguato per il ritorno.<\/p>\r\n\r\n\r\n\r\n<h3 class=\"wp-block-heading\"><span class=\"ez-toc-section\" id=\"Short-Notice_Reservation\"><\/span>Prenotazione a breve termine<span class=\"ez-toc-section-end\"><\/span><\/h3>\r\n\r\n\r\n\r\n<p>Un'altra cosa sui voli a vuoto \u00e8 che non si possono prenotare <em>davvero <\/em>in anticipo come faresti se seguissi la procedura regolare. Questi tipi di voli si conoscono solo pochi giorni prima del decollo, e sta a lei prendere una decisione rapida.<\/p>\r\n\r\n\r\n\r\n<p>Ecco perch\u00e9 le persone che amano pianificare il loro tempo in anticipo e non sono inclini a decisioni spontanee, tendono ad evitare queste prenotazioni dell'ultimo minuto. Tuttavia, con questo calo di prezzo, forse ne vale la pena dopo tutto.&nbsp;<\/p>\r\n\r\n\r\n\r\n<h3 class=\"wp-block-heading\"><span class=\"ez-toc-section\" id=\"Last-Minute_Changes\"><\/span>Modifiche dell'ultimo minuto<span class=\"ez-toc-section-end\"><\/span><\/h3>\r\n\r\n\r\n\r\n<p>Questo si collega all'ultima rubrica, dove abbiamo concluso che i voli a vuoto non sono per coloro che programmano in anticipo. Con un volo a vuoto non si \u00e8 mai sicuri se e quando si decolla.<\/p>\r\n\r\n\r\n\r\n<p>Tenga presente che un volo a vuoto \u00e8 solo una componente secondaria di un volo che \u00e8 <em>ufficialmente <\/em>che ha luogo.&nbsp;<\/p>\r\n\r\n\r\n\r\n<p>Supponiamo che un jet sia parcheggiato a Londra, ma abbia un volo da <a href=\"https:\/\/comparemyjet.com\/it\/noleggio-di-jet-privati-aedimburgo\/\" data-internallinksmanager029f6b8e52c=\"143\" title=\"Noleggio di jet privati a Edimburgo\">Edimburgo<\/a> a <a href=\"https:\/\/comparemyjet.com\/it\/tour-privati\/madrid-private-tours\/\" data-internallinksmanager029f6b8e52c=\"362\" title=\"11 migliori tour privati di Madrid da $32.60\">Madrid<\/a> il giorno successivo. Deve arrivare in Scozia, quindi probabilmente ci sar\u00e0 la possibilit\u00e0 di una tratta a vuoto da <a href=\"https:\/\/comparemyjet.com\/it\/london-to-edinburgh-private-jet-flight\/\" data-internallinksmanager029f6b8e52c=\"56\" title=\"Da Londra a Edimburgo con un jet privato\">Da Londra a Edimburgo<\/a>. Ma se i passeggeri in attesa in Scozia vogliono posticipare il decollo o, peggio ancora, cancellarlo, anche il vostro volo a vuoto verr\u00e0 cancellato.<\/p>\r\n\r\n\r\n\r\n<h3 class=\"wp-block-heading\"><span class=\"ez-toc-section\" id=\"Empty_Legs_Pros_and_Cons\"><\/span>Pro e contro delle gambe vuote<span class=\"ez-toc-section-end\"><\/span><\/h3>\r\n\r\n\r\n\r\n<p>Proprio come ogni cosa nella vita, ci sono lati positivi e negativi nel volare a gambe vuote, quindi diamo un'occhiata pi\u00f9 chiara ai pro e ai contro della prenotazione di un tale volo.<\/p>\r\n\r\n\r\n\r\n<figure class=\"wp-block-table\"><table><tbody><tr><td><strong>Pro<\/strong><\/td><td><strong>Contro<\/strong><\/td><\/tr><tr><td>Ottieni un enorme sconto (50 - 70% di sconto)<\/td><td>Devi essere flessibile e pronto a partire in qualsiasi momento<\/td><\/tr><tr><td>Avere tutto l'aereo per s\u00e9<\/td><td>Pu\u00f2 essere facilmente rimandato o cancellato<\/td><\/tr><tr><td><\/td><td>Non c'\u00e8 un'opzione di andata e ritorno<\/td><\/tr><tr><td><\/td><td>Difficile da trovare<\/td><\/tr><\/tbody><\/table><\/figure>\r\n\r\n\r\n\r\n<h2 class=\"wp-block-heading\"><span class=\"ez-toc-section\" id=\"Summary\"><\/span>Riassunto<span class=\"ez-toc-section-end\"><\/span><\/h2>\r\n\r\n\r\n\r\n<p>Ho cercato di avvicinare questo argomento con l'obiettivo di renderlo pi\u00f9 comprensibile. Come lettore, sono sicuro che apprezzeresti se mettessi tutto in un riassunto, dove tutto sar\u00e0 in un unico posto e facile da leggere.<\/p>\r\n\r\n\r\n\r\n<p>Pu\u00f2 prenotare un volo a vuoto nei seguenti modi:<\/p>\r\n\r\n\r\n\r\n<ul class=\"wp-block-list\"><li>Fai alla vecchia maniera e d\u00ec al tuo capitano o all'agenzia con cui voli di chiamarti o mandarti un'email quando si presenta un'opportunit\u00e0 del genere.<\/li><li>Assumete un broker che vi terr\u00e0 informati sulle gambe vuote per una certa cifra.<\/li><li>Prenotateli online seguendo il sito <a href=\"https:\/\/comparemyjet.com\/it\/what-are-the-best-websites-to-find-private-jets-for-sale\/\" data-internallinksmanager029f6b8e52c=\"18\" title=\"Quali sono i migliori siti web per trovare jet privati in vendita?\">siti web di jet privati<\/a>.<\/li><li>Diventa membro di un'agenzia o di un club di jet privati e scegli un programma che includa notifiche sui voli a vuoto.<br><\/li><\/ul>\r\n\r\n\r\n\r\n<p>Non conosco una persona il cui sogno non sia quello di volare in aereo privato. Lo sostengo con forza e vi consiglio di sfruttarlo al massimo. Spero che questo articolo vi aiuti a rendere unica la vostra esperienza di volo privato e a prenotare un volo privato. <a href=\"https:\/\/comparemyjet.com\/it\/tour-privati\/nice-private-tours\/\" data-internallinksmanager029f6b8e52c=\"249\" title=\"11 migliori tour privati di Nizza da $37.66\">bello<\/a> piccolo volo a gambe vuote!<\/p>","protected":false},"excerpt":{"rendered":"<p>Se siete passeggeri di un jet privato o lo siete stati almeno una volta nella vita, avrete probabilmente sentito parlare dell'espressione \"gambe vuote\". Molte persone sono a conoscenza dell'esistenza di questo termine, ma non sanno cosa significhi realmente e perch\u00e9 dovrebbe essere importante per loro. In questo articolo vi spiegher\u00f2 cosa significa \"gambe vuote\"...<\/p>","protected":false},"author":1,"featured_media":2079,"parent":0,"menu_order":0,"comment_status":"closed","ping_status":"closed","template":"","meta":{"_acf_changed":false,"_genesis_hide_title":false,"_genesis_hide_breadcrumbs":false,"_genesis_hide_singular_image":false,"_genesis_hide_footer_widgets":false,"_genesis_custom_body_class":"","_genesis_custom_post_class":"","_genesis_layout":"","footnotes":""},"class_list":{"1":"page","2":"type-page","6":"entry"},"acf":[],"_links":{"self":[{"href":"https:\/\/comparemyjet.com\/it\/wp-json\/wp\/v2\/pages\/2071","targetHints":{"allow":["GET"]}}],"collection":[{"href":"https:\/\/comparemyjet.com\/it\/wp-json\/wp\/v2\/pages"}],"about":[{"href":"https:\/\/comparemyjet.com\/it\/wp-json\/wp\/v2\/types\/page"}],"author":[{"embeddable":true,"href":"https:\/\/comparemyjet.com\/it\/wp-json\/wp\/v2\/users\/1"}],"replies":[{"embeddable":true,"href":"https:\/\/comparemyjet.com\/it\/wp-json\/wp\/v2\/comments?post=2071"}],"version-history":[{"count":4,"href":"https:\/\/comparemyjet.com\/it\/wp-json\/wp\/v2\/pages\/2071\/revisions"}],"predecessor-version":[{"id":3273,"href":"https:\/\/comparemyjet.com\/it\/wp-json\/wp\/v2\/pages\/2071\/revisions\/3273"}],"wp:featuredmedia":[{"embeddable":true,"href":"https:\/\/comparemyjet.com\/it\/wp-json\/wp\/v2\/media\/2079"}],"wp:attachment":[{"href":"https:\/\/comparemyjet.com\/it\/wp-json\/wp\/v2\/media?parent=2071"}],"curies":[{"name":"wp","href":"https:\/\/api.w.org\/{rel}","templated":true}]}}