{"id":2083,"date":"2021-09-06T19:52:47","date_gmt":"2021-09-06T19:52:47","guid":{"rendered":"https:\/\/comparemyjet.com\/?page_id=2083"},"modified":"2025-09-04T09:58:22","modified_gmt":"2025-09-04T09:58:22","slug":"how-much-does-air-taxi-cost","status":"publish","type":"page","link":"https:\/\/comparemyjet.com\/it\/how-much-does-air-taxi-cost\/","title":{"rendered":"Quanto costa un taxi aereo?"},"content":{"rendered":"<p>Il tempo \u00e8 un dono prezioso, su questo siamo tutti d'accordo, ed \u00e8 per questo che molte persone cercano modi per raggiungere le loro destinazioni pi\u00f9 velocemente. A volte una destinazione \u00e8 troppo lontana per guidare, e vogliamo raggiungerla in pochi minuti per qualsiasi motivo.<\/p>\n\n\n\n<p>Seguite questa lettura per scoprire come un air taxi pu\u00f2 farvi risparmiare tempo, come funziona e quanto costa noleggiarne uno.&nbsp;<\/p>\n\n\n\n<div id=\"ez-toc-container\" class=\"ez-toc-v2_0_76 counter-hierarchy ez-toc-counter ez-toc-grey ez-toc-container-direction\">\n<p class=\"ez-toc-title\" style=\"cursor:inherit\">Argomenti<\/p>\n<label for=\"ez-toc-cssicon-toggle-item-69decd5b5bf7d\" class=\"ez-toc-cssicon-toggle-label\"><span class=\"\"><span class=\"eztoc-hide\" style=\"display:none;\">Toggle<\/span><span class=\"ez-toc-icon-toggle-span\"><svg style=\"fill: #999;color:#999\" xmlns=\"http:\/\/www.w3.org\/2000\/svg\" class=\"list-377408\" width=\"20px\" height=\"20px\" viewbox=\"0 0 24 24\" fill=\"none\"><path d=\"M6 6H4v2h2V6zm14 0H8v2h12V6zM4 11h2v2H4v-2zm16 0H8v2h12v-2zM4 16h2v2H4v-2zm16 0H8v2h12v-2z\" fill=\"currentColor\"><\/path><\/svg><svg style=\"fill: #999;color:#999\" class=\"arrow-unsorted-368013\" xmlns=\"http:\/\/www.w3.org\/2000\/svg\" width=\"10px\" height=\"10px\" viewbox=\"0 0 24 24\" version=\"1.2\" baseprofile=\"tiny\"><path d=\"M18.2 9.3l-6.2-6.3-6.2 6.3c-.2.2-.3.4-.3.7s.1.5.3.7c.2.2.4.3.7.3h11c.3 0 .5-.1.7-.3.2-.2.3-.5.3-.7s-.1-.5-.3-.7zM5.8 14.7l6.2 6.3 6.2-6.3c.2-.2.3-.5.3-.7s-.1-.5-.3-.7c-.2-.2-.4-.3-.7-.3h-11c-.3 0-.5.1-.7.3-.2.2-.3.5-.3.7s.1.5.3.7z\"\/><\/svg><\/span><\/span><\/label><input type=\"checkbox\"  id=\"ez-toc-cssicon-toggle-item-69decd5b5bf7d\" checked aria-label=\"Toggle\" \/><nav><ul class='ez-toc-list ez-toc-list-level-1' ><li class='ez-toc-page-1 ez-toc-heading-level-2'><a class=\"ez-toc-link ez-toc-heading-1\" href=\"https:\/\/comparemyjet.com\/it\/how-much-does-air-taxi-cost\/#Whats_an_Air_Taxi\" >Cos'\u00e8 un Air Taxi?<\/a><ul class='ez-toc-list-level-3' ><li class='ez-toc-heading-level-3'><a class=\"ez-toc-link ez-toc-heading-2\" href=\"https:\/\/comparemyjet.com\/it\/how-much-does-air-taxi-cost\/#When_Would_You_Need_an_Air_Taxi\" >Quando ha bisogno di un taxi aereo?<\/a><\/li><\/ul><\/li><li class='ez-toc-page-1 ez-toc-heading-level-2'><a class=\"ez-toc-link ez-toc-heading-3\" href=\"https:\/\/comparemyjet.com\/it\/how-much-does-air-taxi-cost\/#Whats_the_Price_Of_an_Air_Taxi\" >Qual \u00e8 il prezzo di un taxi aereo?<\/a><ul class='ez-toc-list-level-3' ><li class='ez-toc-heading-level-3'><a class=\"ez-toc-link ez-toc-heading-4\" href=\"https:\/\/comparemyjet.com\/it\/how-much-does-air-taxi-cost\/#How_It_Works\" >Come funziona<\/a><ul class='ez-toc-list-level-4' ><li class='ez-toc-heading-level-4'><a class=\"ez-toc-link ez-toc-heading-5\" href=\"https:\/\/comparemyjet.com\/it\/how-much-does-air-taxi-cost\/#LaGuardia_%E2%80%93_JFK\" >LaGuardia - JFK<\/a><\/li><li class='ez-toc-page-1 ez-toc-heading-level-4'><a class=\"ez-toc-link ez-toc-heading-6\" href=\"https:\/\/comparemyjet.com\/it\/how-much-does-air-taxi-cost\/#London_Luton_%E2%80%93_London_Heathrow\" >Londra Luton - Londra Heathrow<\/a><\/li><li class='ez-toc-page-1 ez-toc-heading-level-4'><a class=\"ez-toc-link ez-toc-heading-7\" href=\"https:\/\/comparemyjet.com\/it\/how-much-does-air-taxi-cost\/#Paris_Orly_%E2%80%93_Paris_Charles_de_Gaulle\" >Parigi Orly - Parigi Charles de Gaulle<\/a><\/li><li class='ez-toc-page-1 ez-toc-heading-level-4'><a class=\"ez-toc-link ez-toc-heading-8\" href=\"https:\/\/comparemyjet.com\/it\/how-much-does-air-taxi-cost\/#New_York_%E2%80%93_Miami\" >New York - Miami<\/a><\/li><li class='ez-toc-page-1 ez-toc-heading-level-4'><a class=\"ez-toc-link ez-toc-heading-9\" href=\"https:\/\/comparemyjet.com\/it\/how-much-does-air-taxi-cost\/#London_%E2%80%93_Amsterdam\" >Londra - Amsterdam<\/a><\/li><li class='ez-toc-page-1 ez-toc-heading-level-4'><a class=\"ez-toc-link ez-toc-heading-10\" href=\"https:\/\/comparemyjet.com\/it\/how-much-does-air-taxi-cost\/#London_%E2%80%93_Rome\" >Londra - Roma<\/a><\/li><li class='ez-toc-page-1 ez-toc-heading-level-4'><a class=\"ez-toc-link ez-toc-heading-11\" href=\"https:\/\/comparemyjet.com\/it\/how-much-does-air-taxi-cost\/#London_%E2%80%93_Moscow\" >Londra - Mosca<\/a><\/li><li class='ez-toc-page-1 ez-toc-heading-level-4'><a class=\"ez-toc-link ez-toc-heading-12\" href=\"https:\/\/comparemyjet.com\/it\/how-much-does-air-taxi-cost\/#New_York_%E2%80%93_Las_Vegas\" >New York - Las Vegas<\/a><\/li><li class='ez-toc-page-1 ez-toc-heading-level-4'><a class=\"ez-toc-link ez-toc-heading-13\" href=\"https:\/\/comparemyjet.com\/it\/how-much-does-air-taxi-cost\/#Barcelona_%E2%80%93_Ibiza\" >Barcellona - Ibiza<\/a><\/li><\/ul><\/li><\/ul><\/li><li class='ez-toc-page-1 ez-toc-heading-level-2'><a class=\"ez-toc-link ez-toc-heading-14\" href=\"https:\/\/comparemyjet.com\/it\/how-much-does-air-taxi-cost\/#Companies_That_Offer_Air_Taxi_Services\" >Aziende che offrono servizi di taxi aereo<\/a><ul class='ez-toc-list-level-3' ><li class='ez-toc-heading-level-3'><a class=\"ez-toc-link ez-toc-heading-15\" href=\"https:\/\/comparemyjet.com\/it\/how-much-does-air-taxi-cost\/#Propair\" >Propair<\/a><\/li><li class='ez-toc-page-1 ez-toc-heading-level-3'><a class=\"ez-toc-link ez-toc-heading-16\" href=\"https:\/\/comparemyjet.com\/it\/how-much-does-air-taxi-cost\/#SkyMax\" >SkyMax<\/a><\/li><li class='ez-toc-page-1 ez-toc-heading-level-3'><a class=\"ez-toc-link ez-toc-heading-17\" href=\"https:\/\/comparemyjet.com\/it\/how-much-does-air-taxi-cost\/#Airstream_Jets\" >Airstream Jets<\/a><\/li><\/ul><\/li><li class='ez-toc-page-1 ez-toc-heading-level-2'><a class=\"ez-toc-link ez-toc-heading-18\" href=\"https:\/\/comparemyjet.com\/it\/how-much-does-air-taxi-cost\/#Summary\" >Riassunto<\/a><\/li><\/ul><\/nav><\/div>\n<h2 class=\"wp-block-heading\"><span class=\"ez-toc-section\" id=\"Whats_an_Air_Taxi\"><\/span>Cos'\u00e8 un Air Taxi?<span class=\"ez-toc-section-end\"><\/span><\/h2>\n\n\n\n<p>Il servizio di cui parleremo in questo articolo non va confuso con le auto volanti, che <a href=\"https:\/\/www.bbc.com\/future\/article\/20201111-the-flying-car-is-here-vtols-jetpacks-and-air-taxis\" target=\"_blank\" rel=\"noreferrer noopener nofollow\">esistono anche<\/a> e vanno sotto lo stesso nome. In questo caso, il termine air taxi \u00e8 usato per descrivere un jet privato che opera su rotte brevi.<\/p>\n\n\n\n<p>Quando noleggi un aerotaxi, stai noleggiando un aereo, che pu\u00f2 essere piccolo, medio o grande. In ogni caso, sar\u00e0 un jet che ti porter\u00e0 da un posto all'altro.&nbsp;<\/p>\n\n\n\n<h3 class=\"wp-block-heading\"><span class=\"ez-toc-section\" id=\"When_Would_You_Need_an_Air_Taxi\"><\/span>Quando ha bisogno di un taxi aereo?<span class=\"ez-toc-section-end\"><\/span><\/h3>\n\n\n\n<p>Ci sono diverse occasioni in cui si ha bisogno di un aerotaxi. Pu\u00f2 essere utilizzato indipendentemente dal fatto che stiate volando con un jet privato o prendendo un volo commerciale. Molte volte, a seconda della destinazione che stai prendendo, hai bisogno di transitare da un aeroporto all'altro, nella stessa citt\u00e0.<\/p>\n\n\n\n<p>Invece di guidare per ore, ad esempio dal <a href=\"https:\/\/comparemyjet.com\/it\/hotels\/lga-hotels\/\" data-internallinksmanager029f6b8e52c=\"516\" title=\"11 migliori hotel vicino all&#039;aeroporto LaGuardia\">Aeroporto LaGuardia<\/a> a <a href=\"https:\/\/comparemyjet.com\/it\/hotels\/jfk-hotels\/\" data-internallinksmanager029f6b8e52c=\"472\" title=\"11 Migliori hotel vicino all&#039;aeroporto internazionale John F. Kennedy\">JFK<\/a>Potete prendere un piccolo jet, chiamato anche aerotaxi, ed essere l\u00ec in pochi minuti. A proposito, questo percorso richiede circa 12 minuti da un punto all'altro con l'aerotaxi, ma se decidete di andare con l'auto, dovrete guidare per 1 ora o pi\u00f9 se c'\u00e8 traffico.&nbsp;<\/p>\n\n\n\n<p>Supponiamo di vivere in un luogo al di fuori di <a href=\"https:\/\/comparemyjet.com\/it\/tour-privati\/visite-private-a-parigi\/\" data-internallinksmanager029f6b8e52c=\"252\" title=\"11 migliori tour privati di Parigi da $68.94\">Parigi<\/a>e dovete essere all'aeroporto Charles de Gaulle a una certa ora per prendere un volo. Se nelle vicinanze c'\u00e8 un posto dove pu\u00f2 atterrare un piccolo jet, questo pu\u00f2 portarvi direttamente all'aeroporto, cos\u00ec non dovrete lasciare la vostra casa sei ore prima del volo.<\/p>\n\n\n\n<figure class=\"wp-block-image size-large\"><img loading=\"lazy\" decoding=\"async\" width=\"1024\" height=\"683\" src=\"https:\/\/comparemyjet.com\/wp-content\/uploads\/2021\/08\/How-Much-Does-an-Air-Taxi-Cost-1-1024x683.jpg\" alt=\"Quanto costa un taxi aereo 1\" class=\"wp-image-2086\" srcset=\"https:\/\/comparemyjet.com\/wp-content\/uploads\/2021\/08\/How-Much-Does-an-Air-Taxi-Cost-1-300x200.jpg 300w, https:\/\/comparemyjet.com\/wp-content\/uploads\/2021\/08\/How-Much-Does-an-Air-Taxi-Cost-1-768x512.jpg 768w, https:\/\/comparemyjet.com\/wp-content\/uploads\/2021\/08\/How-Much-Does-an-Air-Taxi-Cost-1-1024x683.jpg 1024w, https:\/\/comparemyjet.com\/wp-content\/uploads\/2021\/08\/How-Much-Does-an-Air-Taxi-Cost-1-1536x1025.jpg 1536w, https:\/\/comparemyjet.com\/wp-content\/uploads\/2021\/08\/How-Much-Does-an-Air-Taxi-Cost-1.jpg 1920w\" sizes=\"auto, (max-width: 1024px) 100vw, 1024px\" \/><\/figure>\n\n\n\n<h2 class=\"wp-block-heading\"><span class=\"ez-toc-section\" id=\"Whats_the_Price_Of_an_Air_Taxi\"><\/span>Qual \u00e8 il prezzo di un taxi aereo?<span class=\"ez-toc-section-end\"><\/span><\/h2>\n\n\n\n<p>Suppongo che questo sia il dato pi\u00f9 importante che sei venuto a raccogliere. Qualsiasi cosa facciamo nella vita, dobbiamo sapere quanto ci coster\u00e0 alla fine. I taxi aerei possono essere piuttosto costosi, ma anche convenienti a seconda di diverse variabili.<\/p>\n\n\n\n<p>Il prezzo del vostro aerotaxi dipender\u00e0 dal numero di passeggeri, dalle dimensioni del jet, dalla destinazione verso la quale state viaggiando e dal momento della prenotazione. Diamo un'occhiata ai prezzi in relazione a diverse rotte.<\/p>\n\n\n\n<h3 class=\"wp-block-heading\"><span class=\"ez-toc-section\" id=\"How_It_Works\"><\/span>Come funziona<span class=\"ez-toc-section-end\"><\/span><\/h3>\n\n\n\n<p>Si noti che nella tabella qui sotto, i prezzi sono per il noleggio di un jet intero. Tenete presente che il prezzo \u00e8 <strong>non<\/strong> per persona, ma deve essere diviso per il numero di viaggiatori.<\/p>\n\n\n\n<p>Per esempio, se il volo costa $4.000, ci\u00f2 significa che due passeggeri pagherebbero $2.000 ciascuno. Tuttavia, se il jet pu\u00f2 ospitare altre due persone per raggiungere, diciamo la sua capacit\u00e0 massima di quattro, ogni passeggero pagherebbe $1.000.<\/p>\n\n\n\n<p>*Getto personale significa che non ci saranno altri passeggeri, magari casuali, a bordo.<\/p>\n\n\n\n<p>*Un jet leggero \u00e8 di solito pi\u00f9 lento degli altri e ha una capacit\u00e0 limitata di bagagli.<\/p>\n\n\n\n<div class=\"wp-block-image\"><figure class=\"aligncenter size-large\"><img loading=\"lazy\" decoding=\"async\" width=\"683\" height=\"1024\" src=\"https:\/\/comparemyjet.com\/wp-content\/uploads\/2021\/08\/How-Much-Does-an-Air-Taxi-Cost-2-683x1024.jpg\" alt=\"traccia di aereo nel cielo\" class=\"wp-image-2087\" srcset=\"https:\/\/comparemyjet.com\/wp-content\/uploads\/2021\/08\/How-Much-Does-an-Air-Taxi-Cost-2-200x300.jpg 200w, https:\/\/comparemyjet.com\/wp-content\/uploads\/2021\/08\/How-Much-Does-an-Air-Taxi-Cost-2-683x1024.jpg 683w, https:\/\/comparemyjet.com\/wp-content\/uploads\/2021\/08\/How-Much-Does-an-Air-Taxi-Cost-2-768x1152.jpg 768w, https:\/\/comparemyjet.com\/wp-content\/uploads\/2021\/08\/How-Much-Does-an-Air-Taxi-Cost-2-1024x1536.jpg 1024w, https:\/\/comparemyjet.com\/wp-content\/uploads\/2021\/08\/How-Much-Does-an-Air-Taxi-Cost-2-1365x2048.jpg 1365w, https:\/\/comparemyjet.com\/wp-content\/uploads\/2021\/08\/How-Much-Does-an-Air-Taxi-Cost-2-scaled.jpg 1707w\" sizes=\"auto, (max-width: 683px) 100vw, 683px\" \/><\/figure><\/div>\n\n\n\n<h4 class=\"wp-block-heading\"><span class=\"ez-toc-section\" id=\"LaGuardia_%E2%80%93_JFK\"><\/span>LaGuardia - JFK<span class=\"ez-toc-section-end\"><\/span><\/h4>\n\n\n\n<figure class=\"wp-block-table\"><table><tbody><tr><td>Dimensione o tipo di getto&nbsp;<\/td><td>Numero massimo di passeggeri<\/td><td>Prezzo&nbsp;<\/td><\/tr><tr><td>Piccolo<\/td><td>3<\/td><td>$1,700 &#8211; $2,500<\/td><\/tr><tr><td>Midsize<\/td><td>5<\/td><td>$2,300 &#8211; $3,300<\/td><\/tr><tr><td>Grande&nbsp;<\/td><td>7<\/td><td>$2,400 &#8211; $3,500<\/td><\/tr><tr><td>Getto leggero<\/td><td>6<\/td><td>$6,500 &#8211; $7,200<\/td><\/tr><tr><td>Jet personale<\/td><td>4<\/td><td>$10,000 &#8211; $13,000<\/td><\/tr><tr><td>Grande&nbsp;<\/td><td>12<\/td><td>$13,000 &#8211; $15,000<\/td><\/tr><\/tbody><\/table><\/figure>\n\n\n\n<h4 class=\"wp-block-heading\"><span class=\"ez-toc-section\" id=\"London_Luton_%E2%80%93_London_Heathrow\"><\/span>Londra Luton - Londra Heathrow<span class=\"ez-toc-section-end\"><\/span><\/h4>\n\n\n\n<figure class=\"wp-block-table\"><table><tbody><tr><td>Dimensione o tipo di getto&nbsp;<\/td><td>Numero massimo di passeggeri<\/td><td>Prezzo&nbsp;<\/td><\/tr><tr><td>Piccolo<\/td><td>8<\/td><td>$5,200 (app.)<\/td><\/tr><tr><td>Getto leggero<\/td><td>9<\/td><td>$6,500 (app.)<\/td><\/tr><tr><td>Midsize<\/td><td>9<\/td><td>$13.000 (app.)<\/td><\/tr><tr><td>Getto pesante<\/td><td>62<\/td><td>$12.500 (app.)<\/td><\/tr><\/tbody><\/table><\/figure>\n\n\n\n<h4 class=\"wp-block-heading\"><span class=\"ez-toc-section\" id=\"Paris_Orly_%E2%80%93_Paris_Charles_de_Gaulle\"><\/span>Parigi Orly - Parigi Charles de Gaulle<span class=\"ez-toc-section-end\"><\/span><\/h4>\n\n\n\n<figure class=\"wp-block-table\"><table><tbody><tr><td>Dimensione o tipo di getto&nbsp;<\/td><td>Numero massimo di passeggeri<\/td><td>Prezzo&nbsp;<\/td><\/tr><tr><td>Piccolo<\/td><td>8<\/td><td>$5,400 (app.)<\/td><\/tr><tr><td>Getto leggero<\/td><td>11<\/td><td>$4.000 (app.)<\/td><\/tr><tr><td>Midsize<\/td><td>10<\/td><td>$10.200 (app.)<\/td><\/tr><tr><td>Getto pesante<\/td><td>72<\/td><td>$13.000 (app.)<\/td><\/tr><\/tbody><\/table><\/figure>\n\n\n\n<p>Sembra che vi siate fatti un'idea dei prezzi quando si tratta di trasporto da un aeroporto all'altro, all'interno di una certa zona. Ora, andiamo un po' oltre e vediamo i prezzi da citt\u00e0 a citt\u00e0, e poi anche a livello internazionale.<\/p>\n\n\n\n<h4 class=\"wp-block-heading\"><span class=\"ez-toc-section\" id=\"New_York_%E2%80%93_Miami\"><\/span>New York - Miami<span class=\"ez-toc-section-end\"><\/span><\/h4>\n\n\n\n<figure class=\"wp-block-table\"><table><tbody><tr><td>Dimensione o tipo di getto&nbsp;<\/td><td>Numero massimo di passeggeri<\/td><td>Prezzo&nbsp;<\/td><\/tr><tr><td>Piccolo<\/td><td>8<\/td><td>$5,200 (app.)<\/td><\/tr><tr><td>Getto leggero<\/td><td>9<\/td><td>$6,500 (app.)<\/td><\/tr><tr><td>Midsize<\/td><td>9<\/td><td>$13.000 (app.)<\/td><\/tr><tr><td>Getto pesante<\/td><td>62<\/td><td>$12.500 (app.)<\/td><\/tr><\/tbody><\/table><\/figure>\n\n\n\n<h4 class=\"wp-block-heading\"><span class=\"ez-toc-section\" id=\"London_%E2%80%93_Amsterdam\"><\/span>Londra - Amsterdam<span class=\"ez-toc-section-end\"><\/span><\/h4>\n\n\n\n<figure class=\"wp-block-table\"><table><tbody><tr><td>Dimensione o tipo di getto&nbsp;<\/td><td>Numero massimo di passeggeri<\/td><td>Prezzo&nbsp;<\/td><\/tr><tr><td>Piccolo<\/td><td>8<\/td><td>$6,200 (app.)<\/td><\/tr><tr><td>Getto leggero<\/td><td>11<\/td><td>$6,500 (app.)<\/td><\/tr><tr><td>Midsize<\/td><td>10<\/td><td>$12.900 (app.)<\/td><\/tr><tr><td>Getto pesante<\/td><td>96<\/td><td>$13,300 (app.)<\/td><\/tr><\/tbody><\/table><\/figure>\n\n\n\n<h4 class=\"wp-block-heading\"><span class=\"ez-toc-section\" id=\"London_%E2%80%93_Rome\"><\/span>Londra - Roma<span class=\"ez-toc-section-end\"><\/span><\/h4>\n\n\n\n<figure class=\"wp-block-table\"><table><tbody><tr><td>Dimensione o tipo di getto&nbsp;<\/td><td>Numero massimo di passeggeri<\/td><td>Prezzo&nbsp;<\/td><\/tr><tr><td>Piccolo<\/td><td>18<\/td><td>$13,300 (app.)<\/td><\/tr><tr><td>Getto leggero<\/td><td>11<\/td><td>$11.600 (app.)<\/td><\/tr><tr><td>Midsize<\/td><td>10<\/td><td>$21,500 (app.)<\/td><\/tr><tr><td>Getto pesante<\/td><td>96<\/td><td>$29,800 (app.)<\/td><\/tr><\/tbody><\/table><\/figure>\n\n\n\n<h4 class=\"wp-block-heading\"><span class=\"ez-toc-section\" id=\"London_%E2%80%93_Moscow\"><\/span>Londra - Mosca<span class=\"ez-toc-section-end\"><\/span><\/h4>\n\n\n\n<figure class=\"wp-block-table\"><table><tbody><tr><td>Dimensione o tipo di getto&nbsp;<\/td><td>Numero massimo di passeggeri<\/td><td>Prezzo&nbsp;<\/td><\/tr><tr><td>Piccolo<\/td><td>19<\/td><td>$27.500 (app.)<\/td><\/tr><tr><td>Getto leggero<\/td><td>11<\/td><td>$24,300 (app.)<\/td><\/tr><tr><td>Midsize<\/td><td>10<\/td><td>$29,200 (app.)<\/td><\/tr><tr><td>Getto pesante<\/td><td>96<\/td><td>$31,200 (app.)<\/td><\/tr><\/tbody><\/table><\/figure>\n\n\n\n<h4 class=\"wp-block-heading\"><span class=\"ez-toc-section\" id=\"New_York_%E2%80%93_Las_Vegas\"><\/span>New York - Las Vegas<span class=\"ez-toc-section-end\"><\/span><\/h4>\n\n\n\n<figure class=\"wp-block-table\"><table><tbody><tr><td>Dimensione o tipo di getto&nbsp;<\/td><td>Numero massimo di passeggeri<\/td><td>Prezzo&nbsp;<\/td><\/tr><tr><td>Piccolo<\/td><td>9<\/td><td>$26,700 (app.)<\/td><\/tr><tr><td>Getto leggero<\/td><td>9<\/td><td>$27,100 (app.)<\/td><\/tr><tr><td>Midsize<\/td><td>10<\/td><td>$33,500 (app.)<\/td><\/tr><tr><td>Getto pesante<\/td><td>18<\/td><td>$40,600 (app.)<\/td><\/tr><\/tbody><\/table><\/figure>\n\n\n\n<h4 class=\"wp-block-heading\"><span class=\"ez-toc-section\" id=\"Barcelona_%E2%80%93_Ibiza\"><\/span>Barcellona - Ibiza<span class=\"ez-toc-section-end\"><\/span><\/h4>\n\n\n\n<figure class=\"wp-block-table\"><table><tbody><tr><td>Dimensione o tipo di getto&nbsp;<\/td><td>Numero massimo di passeggeri<\/td><td>Prezzo&nbsp;<\/td><\/tr><tr><td>Piccolo<\/td><td>19<\/td><td>$9,600 (app.)<\/td><\/tr><tr><td>Getto leggero<\/td><td>11<\/td><td>$4,500 (app.)<\/td><\/tr><tr><td>Midsize<\/td><td>10<\/td><td>$10.500 (app.)<\/td><\/tr><tr><td>Getto pesante<\/td><td>72<\/td><td>$10.900 (app.)<\/td><\/tr><\/tbody><\/table><\/figure>\n\n\n\n<h2 class=\"wp-block-heading\"><span class=\"ez-toc-section\" id=\"Companies_That_Offer_Air_Taxi_Services\"><\/span>Aziende che offrono servizi di taxi aereo<span class=\"ez-toc-section-end\"><\/span><\/h2>\n\n\n\n<p>L'unica cosa rimasta da coprire \u00e8 come trovare e prenotare un servizio di aerotaxi. Ho fatto la mia ricerca, quindi ecco alcune compagnie che potete controllare e che sono leader nel settore.<\/p>\n\n\n\n<h3 class=\"wp-block-heading\"><span class=\"ez-toc-section\" id=\"Propair\"><\/span><a href=\"https:\/\/propair.ca\/\" target=\"_blank\" rel=\"noreferrer noopener nofollow\">Propair<\/a><span class=\"ez-toc-section-end\"><\/span><\/h3>\n\n\n\n<figure class=\"wp-block-image size-large\"><img loading=\"lazy\" decoding=\"async\" width=\"1024\" height=\"423\" src=\"https:\/\/comparemyjet.com\/wp-content\/uploads\/2021\/08\/How-Much-Does-an-Air-Taxi-Cost-3-1024x423.jpg\" alt=\"propair\" class=\"wp-image-2088\" srcset=\"https:\/\/comparemyjet.com\/wp-content\/uploads\/2021\/08\/How-Much-Does-an-Air-Taxi-Cost-3-300x124.jpg 300w, https:\/\/comparemyjet.com\/wp-content\/uploads\/2021\/08\/How-Much-Does-an-Air-Taxi-Cost-3-768x317.jpg 768w, https:\/\/comparemyjet.com\/wp-content\/uploads\/2021\/08\/How-Much-Does-an-Air-Taxi-Cost-3-1024x423.jpg 1024w, https:\/\/comparemyjet.com\/wp-content\/uploads\/2021\/08\/How-Much-Does-an-Air-Taxi-Cost-3-1536x635.jpg 1536w, https:\/\/comparemyjet.com\/wp-content\/uploads\/2021\/08\/How-Much-Does-an-Air-Taxi-Cost-3.jpg 1900w\" sizes=\"auto, (max-width: 1024px) 100vw, 1024px\" \/><\/figure>\n\n\n\n<p>Propair \u00e8 una societ\u00e0 con sede in Quebec, Canada, con una grande esperienza nel noleggio di voli e nel noleggio di aerotaxi ai passeggeri. \u00c8 stata fondata nel 1953 e da allora \u00e8 un'azienda affidabile.<\/p>\n\n\n\n<p>La compagnia opera con una flotta di 13 aerei. La sua base principale si trova all'aeroporto di Rouyn-Noranda. La maggior parte dei voli che offre orbitano intorno al Canada e agli Stati Uniti. Detto questo, Propair offre anche la manutenzione dei jet, la gestione del carburante e i servizi cargo.<\/p>\n\n\n\n<h3 class=\"wp-block-heading\"><span class=\"ez-toc-section\" id=\"SkyMax\"><\/span><a href=\"https:\/\/skymax.com\/\" target=\"_blank\" rel=\"noreferrer noopener nofollow\">SkyMax<\/a><span class=\"ez-toc-section-end\"><\/span><\/h3>\n\n\n\n<div class=\"wp-block-image\"><figure class=\"aligncenter size-large\"><img loading=\"lazy\" decoding=\"async\" width=\"1024\" height=\"417\" src=\"https:\/\/comparemyjet.com\/wp-content\/uploads\/2021\/08\/How-Much-Does-an-Air-Taxi-Cost-4-1024x417.jpg\" alt=\"skymax\" class=\"wp-image-2089\" srcset=\"https:\/\/comparemyjet.com\/wp-content\/uploads\/2021\/08\/How-Much-Does-an-Air-Taxi-Cost-4-300x122.jpg 300w, https:\/\/comparemyjet.com\/wp-content\/uploads\/2021\/08\/How-Much-Does-an-Air-Taxi-Cost-4-768x313.jpg 768w, https:\/\/comparemyjet.com\/wp-content\/uploads\/2021\/08\/How-Much-Does-an-Air-Taxi-Cost-4-1024x417.jpg 1024w, https:\/\/comparemyjet.com\/wp-content\/uploads\/2021\/08\/How-Much-Does-an-Air-Taxi-Cost-4-1536x626.jpg 1536w, https:\/\/comparemyjet.com\/wp-content\/uploads\/2021\/08\/How-Much-Does-an-Air-Taxi-Cost-4.jpg 1881w\" sizes=\"auto, (max-width: 1024px) 100vw, 1024px\" \/><\/figure><\/div>\n\n\n\n<p>SkyMax non \u00e8 una normale compagnia di noleggio di jet, ma potrebbe essere di vostro interesse se avete la necessit\u00e0 di trasportare merci. Infatti, SkyMax \u00e8 una compagnia che si prender\u00e0 cura del vostro carico, basta notare che vola principalmente intorno agli Stati Uniti e ai Caraibi.&nbsp;&nbsp;&nbsp;<\/p>\n\n\n\n<p>La compagnia ha una flotta di quattro aerei - due di piccole dimensioni e due jet pi\u00f9 grandi.<\/p>\n\n\n\n<h3 class=\"wp-block-heading\"><span class=\"ez-toc-section\" id=\"Airstream_Jets\"><\/span><a href=\"https:\/\/airstreamjets.com\/\" target=\"_blank\" rel=\"noreferrer noopener nofollow\">Airstream Jets<\/a><span class=\"ez-toc-section-end\"><\/span><\/h3>\n\n\n\n<figure class=\"wp-block-image size-large\"><img loading=\"lazy\" decoding=\"async\" width=\"1024\" height=\"425\" src=\"https:\/\/comparemyjet.com\/wp-content\/uploads\/2021\/08\/How-Much-Does-an-Air-Taxi-Cost-5-1024x425.jpg\" alt=\"getti di corrente d&#039;aria\" class=\"wp-image-2090\" srcset=\"https:\/\/comparemyjet.com\/wp-content\/uploads\/2021\/08\/How-Much-Does-an-Air-Taxi-Cost-5-300x125.jpg 300w, https:\/\/comparemyjet.com\/wp-content\/uploads\/2021\/08\/How-Much-Does-an-Air-Taxi-Cost-5-768x319.jpg 768w, https:\/\/comparemyjet.com\/wp-content\/uploads\/2021\/08\/How-Much-Does-an-Air-Taxi-Cost-5-1024x425.jpg 1024w, https:\/\/comparemyjet.com\/wp-content\/uploads\/2021\/08\/How-Much-Does-an-Air-Taxi-Cost-5-1536x638.jpg 1536w, https:\/\/comparemyjet.com\/wp-content\/uploads\/2021\/08\/How-Much-Does-an-Air-Taxi-Cost-5.jpg 1893w\" sizes=\"auto, (max-width: 1024px) 100vw, 1024px\" \/><\/figure>\n\n\n\n<p><a href=\"https:\/\/comparemyjet.com\/it\/airstream-jet\/\" data-internallinksmanager029f6b8e52c=\"85\" title=\"Prezzi dei voli Airstream Jets\">Airstream Jets<\/a> \u00e8 una societ\u00e0 privata con sede in Florida, negli Stati Uniti, che offre servizi di noleggio di jet. L'azienda \u00e8 famosa per i suoi <a href=\"https:\/\/airstreamjets.com\/jet-card\/\" target=\"_blank\" rel=\"noreferrer noopener nofollow\">Carta di distanza<\/a>, che d\u00e0 i prezzi ai charter in base alle miglia che vola, piuttosto che alle ore trascorse in aria.<\/p>\n\n\n\n<p>La formula che usano per calcolare \u00e8 <em>miglia totali<\/em> moltiplicato per <em>prezzo per miglio<\/em>. In questo modo, hai un prezzo chiaro e trasparente che rimarr\u00e0 lo stesso indipendentemente dalle fermate che fai o dai percorsi che cambi.<\/p>\n\n\n\n<p>C'\u00e8 anche un <a href=\"https:\/\/apps.apple.com\/us\/app\/distance-card\/id1477610575\" target=\"_blank\" rel=\"noreferrer noopener nofollow\">app<\/a> che potete scaricare per calcolare la tariffa per il noleggio di un jet. L'azienda \u00e8 brava a mantenere le cose giuste e corrette, senza alcun costo nascosto o commissioni.<\/p>\n\n\n\n<h2 class=\"wp-block-heading\"><span class=\"ez-toc-section\" id=\"Summary\"><\/span>Riassunto<span class=\"ez-toc-section-end\"><\/span><\/h2>\n\n\n\n<p>Si spera che ormai sappiate cos'\u00e8 un aerotaxi e che abbiate familiarit\u00e0 con i prezzi in generale, cos\u00ec come con i prezzi delle rotte pi\u00f9 famose, quindi assicuratevi di controllarli ancora una volta.<\/p>\n\n\n\n<p>Ricorda che il termine taxi aereo \u00e8 un termine e non deve necessariamente essere un volo a breve distanza. Ci sono diverse compagnie che offrono questo tipo di servizio, che abbiamo elencato sopra, quindi puoi visitare i loro siti web e vedere cosa hanno da offrire.<\/p>","protected":false},"excerpt":{"rendered":"<p>Il tempo \u00e8 un dono prezioso, siamo tutti d'accordo su questo, ed \u00e8 per questo che molte persone cercano modi per raggiungere le loro destinazioni pi\u00f9 velocemente. A volte una destinazione \u00e8 troppo lontana per essere raggiunta in auto e, per qualsiasi motivo, vogliamo raggiungerla in pochi minuti. Continuate a leggere per scoprire come un ...<\/p>","protected":false},"author":1,"featured_media":2118,"parent":0,"menu_order":0,"comment_status":"closed","ping_status":"closed","template":"","meta":{"_acf_changed":false,"_genesis_hide_title":false,"_genesis_hide_breadcrumbs":false,"_genesis_hide_singular_image":false,"_genesis_hide_footer_widgets":false,"_genesis_custom_body_class":"","_genesis_custom_post_class":"","_genesis_layout":"","footnotes":""},"class_list":{"1":"page","2":"type-page","6":"entry"},"acf":[],"_links":{"self":[{"href":"https:\/\/comparemyjet.com\/it\/wp-json\/wp\/v2\/pages\/2083","targetHints":{"allow":["GET"]}}],"collection":[{"href":"https:\/\/comparemyjet.com\/it\/wp-json\/wp\/v2\/pages"}],"about":[{"href":"https:\/\/comparemyjet.com\/it\/wp-json\/wp\/v2\/types\/page"}],"author":[{"embeddable":true,"href":"https:\/\/comparemyjet.com\/it\/wp-json\/wp\/v2\/users\/1"}],"replies":[{"embeddable":true,"href":"https:\/\/comparemyjet.com\/it\/wp-json\/wp\/v2\/comments?post=2083"}],"version-history":[{"count":3,"href":"https:\/\/comparemyjet.com\/it\/wp-json\/wp\/v2\/pages\/2083\/revisions"}],"predecessor-version":[{"id":2091,"href":"https:\/\/comparemyjet.com\/it\/wp-json\/wp\/v2\/pages\/2083\/revisions\/2091"}],"wp:featuredmedia":[{"embeddable":true,"href":"https:\/\/comparemyjet.com\/it\/wp-json\/wp\/v2\/media\/2118"}],"wp:attachment":[{"href":"https:\/\/comparemyjet.com\/it\/wp-json\/wp\/v2\/media?parent=2083"}],"curies":[{"name":"wp","href":"https:\/\/api.w.org\/{rel}","templated":true}]}}