{"id":2132,"date":"2021-09-10T21:15:43","date_gmt":"2021-09-10T21:15:43","guid":{"rendered":"https:\/\/comparemyjet.com\/?page_id=2132"},"modified":"2025-09-04T09:58:22","modified_gmt":"2025-09-04T09:58:22","slug":"how-much-medical-flights-medevac-air-ambulance-cost","status":"publish","type":"page","link":"https:\/\/comparemyjet.com\/it\/how-much-medical-flights-medevac-air-ambulance-cost\/","title":{"rendered":"Quanto costano i voli medici, Medevac e i servizi di ambulanza aerea"},"content":{"rendered":"<p>Il trasporto aereo per scopi medici ha contribuito a salvare molte vite negli ultimi decenni. Queste forme di trasporto sono particolarmente efficaci in circostanze drammatiche e in zone rurali e selvagge, dato che possono portare il ferito all'ospedale pi\u00f9 vicino in meno di un'ora.<\/p>\n\n\n\n<p>D'altra parte, questi servizi possono portare a fatture mediche enormi per le quali i pazienti non sono preparati, dato che la maggior parte delle assicurazioni mediche non le copre.<\/p>\n\n\n\n<p>Una volta finito il trattamento, i pazienti rimangono a chiedersi come e perch\u00e9 un volo di (meno di) un'ora costa cos\u00ec tanto.<\/p>\n\n\n\n<p>In questo articolo, vi daremo una panoramica dei prezzi dei voli medici, medevac e servizi di ambulanza aerea, e cercheremo di spiegare le variabili che influiscono sul prezzo finale.<\/p>\n\n\n\n<p>Non voglio che vi confondiate fin dall'inizio, quindi ricordate, un volo medico \u00e8 ogni volo che ha a che fare con le cure mediche. Medevac \u00e8 un termine usato per \"salvare qualcuno con un aereo\", e un'ambulanza aerea \u00e8 un vero e proprio aereo che vola sulla scena.<\/p>\n\n\n\n<div id=\"ez-toc-container\" class=\"ez-toc-v2_0_76 counter-hierarchy ez-toc-counter ez-toc-grey ez-toc-container-direction\">\n<p class=\"ez-toc-title\" style=\"cursor:inherit\">Argomenti<\/p>\n<label for=\"ez-toc-cssicon-toggle-item-69e01f04c9ec4\" class=\"ez-toc-cssicon-toggle-label\"><span class=\"\"><span class=\"eztoc-hide\" style=\"display:none;\">Toggle<\/span><span class=\"ez-toc-icon-toggle-span\"><svg style=\"fill: #999;color:#999\" xmlns=\"http:\/\/www.w3.org\/2000\/svg\" class=\"list-377408\" width=\"20px\" height=\"20px\" viewbox=\"0 0 24 24\" fill=\"none\"><path d=\"M6 6H4v2h2V6zm14 0H8v2h12V6zM4 11h2v2H4v-2zm16 0H8v2h12v-2zM4 16h2v2H4v-2zm16 0H8v2h12v-2z\" fill=\"currentColor\"><\/path><\/svg><svg style=\"fill: #999;color:#999\" class=\"arrow-unsorted-368013\" xmlns=\"http:\/\/www.w3.org\/2000\/svg\" width=\"10px\" height=\"10px\" viewbox=\"0 0 24 24\" version=\"1.2\" baseprofile=\"tiny\"><path d=\"M18.2 9.3l-6.2-6.3-6.2 6.3c-.2.2-.3.4-.3.7s.1.5.3.7c.2.2.4.3.7.3h11c.3 0 .5-.1.7-.3.2-.2.3-.5.3-.7s-.1-.5-.3-.7zM5.8 14.7l6.2 6.3 6.2-6.3c.2-.2.3-.5.3-.7s-.1-.5-.3-.7c-.2-.2-.4-.3-.7-.3h-11c-.3 0-.5.1-.7.3-.2.2-.3.5-.3.7s.1.5.3.7z\"\/><\/svg><\/span><\/span><\/label><input type=\"checkbox\"  id=\"ez-toc-cssicon-toggle-item-69e01f04c9ec4\" checked aria-label=\"Toggle\" \/><nav><ul class='ez-toc-list ez-toc-list-level-1' ><li class='ez-toc-page-1 ez-toc-heading-level-2'><a class=\"ez-toc-link ez-toc-heading-1\" href=\"https:\/\/comparemyjet.com\/it\/how-much-medical-flights-medevac-air-ambulance-cost\/#What_Are_Medical_Flights\" >Cosa sono i voli medici?<\/a><ul class='ez-toc-list-level-3' ><li class='ez-toc-heading-level-3'><a class=\"ez-toc-link ez-toc-heading-2\" href=\"https:\/\/comparemyjet.com\/it\/how-much-medical-flights-medevac-air-ambulance-cost\/#Medical_Flights_Costs\" >Costi dei voli medici<\/a><ul class='ez-toc-list-level-4' ><li class='ez-toc-heading-level-4'><a class=\"ez-toc-link ez-toc-heading-3\" href=\"https:\/\/comparemyjet.com\/it\/how-much-medical-flights-medevac-air-ambulance-cost\/#Medical_Flights_Membership_Programs\" >Programmi di abbonamento ai voli medici<\/a><\/li><\/ul><\/li><\/ul><\/li><li class='ez-toc-page-1 ez-toc-heading-level-2'><a class=\"ez-toc-link ez-toc-heading-4\" href=\"https:\/\/comparemyjet.com\/it\/how-much-medical-flights-medevac-air-ambulance-cost\/#What_Is_Medevac\" >Cos'\u00e8 Medevac?<\/a><ul class='ez-toc-list-level-3' ><li class='ez-toc-heading-level-3'><a class=\"ez-toc-link ez-toc-heading-5\" href=\"https:\/\/comparemyjet.com\/it\/how-much-medical-flights-medevac-air-ambulance-cost\/#Air_Ambulance\" >Ambulanza aerea<\/a><\/li><li class='ez-toc-page-1 ez-toc-heading-level-3'><a class=\"ez-toc-link ez-toc-heading-6\" href=\"https:\/\/comparemyjet.com\/it\/how-much-medical-flights-medevac-air-ambulance-cost\/#Medevac_Costs_Air_Ambulance\" >Costi Medevac (Ambulanza aerea)<\/a><ul class='ez-toc-list-level-4' ><li class='ez-toc-heading-level-4'><a class=\"ez-toc-link ez-toc-heading-7\" href=\"https:\/\/comparemyjet.com\/it\/how-much-medical-flights-medevac-air-ambulance-cost\/#Medevac_Insurance\" >Assicurazione Medevac<\/a><\/li><\/ul><\/li><\/ul><\/li><li class='ez-toc-page-1 ez-toc-heading-level-2'><a class=\"ez-toc-link ez-toc-heading-8\" href=\"https:\/\/comparemyjet.com\/it\/how-much-medical-flights-medevac-air-ambulance-cost\/#Types_Of_Air_Ambulances\" >Tipi di ambulanze aeree<\/a><ul class='ez-toc-list-level-3' ><li class='ez-toc-heading-level-3'><a class=\"ez-toc-link ez-toc-heading-9\" href=\"https:\/\/comparemyjet.com\/it\/how-much-medical-flights-medevac-air-ambulance-cost\/#Turboprop_Air_Ambulances\" >Ambulanze aeree turboelica<\/a><\/li><li class='ez-toc-page-1 ez-toc-heading-level-3'><a class=\"ez-toc-link ez-toc-heading-10\" href=\"https:\/\/comparemyjet.com\/it\/how-much-medical-flights-medevac-air-ambulance-cost\/#Jet_Plane_Ambulances\" >Ambulanze con aerei a reazione<\/a><\/li><\/ul><\/li><li class='ez-toc-page-1 ez-toc-heading-level-2'><a class=\"ez-toc-link ez-toc-heading-11\" href=\"https:\/\/comparemyjet.com\/it\/how-much-medical-flights-medevac-air-ambulance-cost\/#Summary\" >Riassunto<\/a><\/li><\/ul><\/nav><\/div>\n<h2 class=\"wp-block-heading\"><span class=\"ez-toc-section\" id=\"What_Are_Medical_Flights\"><\/span>Cosa sono i voli medici?<span class=\"ez-toc-section-end\"><\/span><\/h2>\n\n\n\n<p>Un volo medico \u00e8 il trasporto aereo di persone malate o ferite che richiedono un'attenzione medica immediata che viene eseguita durante il volo. Questi voli sono altamente attrezzati dal punto di vista medico con le macchine e i farmaci necessari, poich\u00e9 l'aereo \u00e8 progettato per garantire il trasporto del paziente nel modo pi\u00f9 sicuro possibile.<\/p>\n\n\n\n<p>Questo trasporto \u00e8 di solito necessario in circostanze estreme, come lesioni in zone rurali o selvagge, malattie rare, malattie o lesioni ottenute all'estero che devono essere trattate immediatamente nel paese d'origine del paziente.<\/p>\n\n\n\n<h3 class=\"wp-block-heading\"><span class=\"ez-toc-section\" id=\"Medical_Flights_Costs\"><\/span>Costi dei voli medici<span class=\"ez-toc-section-end\"><\/span><\/h3>\n\n\n\n<p>Simile alla prenotazione regolare, i voli medici possono variare a seconda di un certo numero di variabili.<\/p>\n\n\n\n<p>Secondo il <a href=\"https:\/\/content.naic.org\/cipr_topics\/topic_air_ambulances.htm\" target=\"_blank\" rel=\"noreferrer noopener nofollow\">Associazione nazionale dei commissari assicurativi degli Stati Uniti<\/a>Il prezzo medio per un volo in aeroambulanza si calcola in decine di migliaia di dollari, ma pu\u00f2 anche raggiungere cifre estreme, a seconda delle circostanze.<\/p>\n\n\n\n<p>Ci sono diverse ragioni per cui questo tipo di trasporto \u00e8 cos\u00ec costoso. In primo luogo, c'\u00e8 il jet stesso che pu\u00f2 costare milioni di <a href=\"https:\/\/www.doi.sc.gov\/DocumentCenter\/View\/7877\/Consumer-Alert-Understanding-Air-Ambulance-Insurance\" target=\"_blank\" rel=\"noreferrer noopener nofollow\">dollari<\/a>, poi i costi di manutenzione e le attrezzature mediche per garantire la sicurezza e l'operativit\u00e0 durante tutto l'anno. Poi, ci sono i costi del personale medico, i cui stipendi di solito superano quelli del personale medico regolare, e a seconda delle circostanze, il numero di equipaggio a bordo pu\u00f2 variare, quindi anche questa variabile incide sul prezzo finale del servizio.<\/p>\n\n\n\n<p>La gravit\u00e0 della lesione o della condizione \u00e8 un altro fattore importante che incide sul prezzo del servizio perch\u00e9 trascina una serie di altri costi, come il tipo di trattamento applicato sul volo, le attrezzature e i farmaci applicati, ecc.<\/p>\n\n\n\n<p>Se il volo viene preso localmente, per esempio negli Stati Uniti, il prezzo sar\u00e0 molto pi\u00f9 basso che se il paziente deve essere portato a casa da un paese straniero.<\/p>\n\n\n\n<p>Secondo <a href=\"https:\/\/leg.mt.gov\/content\/Committees\/Interim\/2015-2016\/Economic-Affairs\/Meetings\/Dec-2015\/hjr29-survey-responses.pdf\" target=\"_blank\" rel=\"noreferrer noopener nofollow\">la legislatura del Montana<\/a> studio, il costo di un volo medico \u00e8 diviso in tasse di decollo, che variano tra $8.500 e $15.200, e spese per miglio, che variano tra $26 e $133 per miglio.<\/p>\n\n\n\n<h4 class=\"wp-block-heading\"><span class=\"ez-toc-section\" id=\"Medical_Flights_Membership_Programs\"><\/span>Programmi di abbonamento ai voli medici<span class=\"ez-toc-section-end\"><\/span><\/h4>\n\n\n\n<p>Per coloro che, per qualche motivo, sospettano che potrebbero avere bisogno di questo servizio, possono optare per i programmi di adesione che diverse compagnie mediche aeree offrono. Tali programmi sono progettati per non superare i costi coperti dalla compagnia di assicurazione sanitaria dell'utente.&nbsp;<\/p>\n\n\n\n<p>Per esempio, il <a href=\"https:\/\/www.airmedcarenetwork.com\/\" target=\"_blank\" rel=\"noreferrer noopener nofollow\">Rete AirMed<\/a> L'iscrizione costa solo $85 all'anno, per famiglia, mentre <a href=\"https:\/\/airmed.com\/Membership\/All-Plans\" target=\"_blank\" rel=\"noreferrer noopener nofollow\">AirMed<\/a> offre piani di iscrizione individuali e familiari di uno, tre e cinque anni.<\/p>\n\n\n\n<p>Ora che abbiamo spiegato cosa sono i voli medici, vediamo cos'\u00e8 il medivac.<\/p>\n\n\n\n<h2 class=\"wp-block-heading\"><span class=\"ez-toc-section\" id=\"What_Is_Medevac\"><\/span>Cos'\u00e8 Medevac?<span class=\"ez-toc-section-end\"><\/span><\/h2>\n\n\n\n<p>Medevac \u00e8 un acronimo che sta per Medical Evacuation Coverage, e si riferisce al trasporto in aereo o in elicottero di militari o altre persone ferite al pi\u00f9 vicino ospedale o centro medico.<\/p>\n\n\n\n<div class=\"wp-block-image\"><figure class=\"aligncenter size-large\"><img loading=\"lazy\" decoding=\"async\" width=\"1024\" height=\"690\" src=\"https:\/\/comparemyjet.com\/wp-content\/uploads\/2021\/09\/How-Much-Do-medical-Flights-Medevac-and-Air-Ambulance-Services-Cost-4-1024x690.jpg\" alt=\"elicottero dell&#039;esercito\" class=\"wp-image-2137\" srcset=\"https:\/\/comparemyjet.com\/wp-content\/uploads\/2021\/09\/How-Much-Do-medical-Flights-Medevac-and-Air-Ambulance-Services-Cost-4-300x202.jpg 300w, https:\/\/comparemyjet.com\/wp-content\/uploads\/2021\/09\/How-Much-Do-medical-Flights-Medevac-and-Air-Ambulance-Services-Cost-4-768x517.jpg 768w, https:\/\/comparemyjet.com\/wp-content\/uploads\/2021\/09\/How-Much-Do-medical-Flights-Medevac-and-Air-Ambulance-Services-Cost-4-1024x690.jpg 1024w, https:\/\/comparemyjet.com\/wp-content\/uploads\/2021\/09\/How-Much-Do-medical-Flights-Medevac-and-Air-Ambulance-Services-Cost-4-1536x1035.jpg 1536w, https:\/\/comparemyjet.com\/wp-content\/uploads\/2021\/09\/How-Much-Do-medical-Flights-Medevac-and-Air-Ambulance-Services-Cost-4.jpg 1600w\" sizes=\"auto, (max-width: 1024px) 100vw, 1024px\" \/><\/figure><\/div>\n\n\n\n<p>\u00c8 un efficiente tipo di trasporto con cure mediche professionali fornite durante il volo a individui che sono stati feriti e hanno bisogno di una risposta medica immediata e veloce. \u00c8 pi\u00f9 comunemente usato sui campi di battaglia per trasportare i civili feriti o i membri dell'esercito, ma \u00e8 anche usato nelle zone rurali nei casi in cui i pazienti hanno bisogno di cure ospedaliere urgenti.<\/p>\n\n\n\n<p>Esempi di medevac sono i veicoli EMS, le ambulanze aeree militari o i servizi aeromedici per i civili, cos\u00ec come gli aerei che trasportano i feriti dal campo di battaglia all'ospedale o al centro traumi.<\/p>\n\n\n\n<h3 class=\"wp-block-heading\"><span class=\"ez-toc-section\" id=\"Air_Ambulance\"><\/span>Ambulanza aerea<span class=\"ez-toc-section-end\"><\/span><\/h3>\n\n\n\n<p>In realt\u00e0, tutti gli elicotteri e gli aerei che offrono un trasporto immediato o regolare verso un ospedale o un centro traumatologico sono chiamati ambulanze aeree. La cosa pi\u00f9 essenziale per eseguire una copertura di evacuazione medica (Medevac) \u00e8 un'ambulanza aerea.<\/p>\n\n\n\n<p>I pazienti che usano le ambulanze aeree non devono necessariamente essere \"un caso urgente\" - potrebbero semplicemente essere troppo deboli per viaggiare su un volo commerciale.&nbsp;<\/p>\n\n\n\n<p>Un'aeroambulanza \u00e8 un jet d'affari ben equipaggiato che offre comfort e cure estreme. Ovviamente, non \u00e8 il sogno di nessuno volare con un'aeroambulanza <em>ambulanza<\/em>.<\/p>\n\n\n\n<p>A volte, sentirete la gente usare il termine <em>aereo di soccorso<\/em> quando in realt\u00e0 intendono l'ambulanza aerea.<\/p>\n\n\n\n<div class=\"wp-block-image\"><figure class=\"aligncenter size-full\"><img loading=\"lazy\" decoding=\"async\" width=\"1024\" height=\"682\" src=\"https:\/\/comparemyjet.com\/wp-content\/uploads\/2021\/09\/How-Much-Do-medical-Flights-Medevac-and-Air-Ambulance-Services-Cost-2.jpg\" alt=\"elicottero medico giallo\" class=\"wp-image-2135\" srcset=\"https:\/\/comparemyjet.com\/wp-content\/uploads\/2021\/09\/How-Much-Do-medical-Flights-Medevac-and-Air-Ambulance-Services-Cost-2-300x200.jpg 300w, https:\/\/comparemyjet.com\/wp-content\/uploads\/2021\/09\/How-Much-Do-medical-Flights-Medevac-and-Air-Ambulance-Services-Cost-2-768x512.jpg 768w, https:\/\/comparemyjet.com\/wp-content\/uploads\/2021\/09\/How-Much-Do-medical-Flights-Medevac-and-Air-Ambulance-Services-Cost-2.jpg 1024w\" sizes=\"auto, (max-width: 1024px) 100vw, 1024px\" \/><\/figure><\/div>\n\n\n\n<p>Non \u00e8 una regola, ma se il caso non \u00e8 urgente, e c'\u00e8 solo la necessit\u00e0 di trasportare una persona dal punto A al punto B, dove <em>B <\/em>\u00e8 una struttura medica, verr\u00e0 utilizzato un aereo. Tuttavia, un jet verrebbe utilizzato anche se il caso \u00e8 urgente, ma la struttura di trattamento \u00e8 lontana, pi\u00f9 di 1.000 miglia per esempio.<\/p>\n\n\n\n<p>D'altra parte, un elicottero viene utilizzato per i casi pi\u00f9 urgenti, dove c'\u00e8 un bisogno immediato di trasportare la persona in un ospedale o in un centro traumatologico. Gli elicotteri sono anche utilizzati per distanze pi\u00f9 brevi non urgenti, dove non conviene far decollare un aereo.<\/p>\n\n\n\n<h3 class=\"wp-block-heading\"><span class=\"ez-toc-section\" id=\"Medevac_Costs_Air_Ambulance\"><\/span>Costi Medevac (Ambulanza aerea)<span class=\"ez-toc-section-end\"><\/span><\/h3>\n\n\n\n<p>Proprio come i voli medici, anche il medevac \u00e8 piuttosto costoso e la fattura medica pu\u00f2 lasciare il ricevitore in un bel po' di shock.<\/p>\n\n\n\n<p>Per quanto riguarda la formazione del prezzo, si applicano variabili simili a quelle dell'esempio precedente: la distanza, il volo locale o internazionale, la gravit\u00e0 della lesione, il numero di personale, il tipo di aereo utilizzato, il tipo di trattamento applicato, ecc. Tuttavia, la media e il prezzo pi\u00f9 basso sono ancora pi\u00f9 bassi dei voli medici.<\/p>\n\n\n\n<p>All'interno del Nord America, il Medevac costa in media circa $25.000, mentre l'evacuazione dall'Europa al Nord America pu\u00f2 costare in media circa $100.000. Il prezzo medio dell'evacuazione da altre localit\u00e0 \u00e8 di circa $250.000.<\/p>\n\n\n\n<p>Un ulteriore $11.000 per i voli locali e fino a $25.000 potrebbe essere necessario se \u00e8 richiesta una scorta infermieristica.<\/p>\n\n\n\n<p>I costi di rimpatrio possono arrivare fino a $1 milioni nel caso in cui il paziente sia gravemente ferito, sia un luogo difficile da raggiungere o sia molto lontano.<\/p>\n\n\n\n<h4 class=\"wp-block-heading\"><span class=\"ez-toc-section\" id=\"Medevac_Insurance\"><\/span>Assicurazione Medevac<span class=\"ez-toc-section-end\"><\/span><\/h4>\n\n\n\n<p>Tuttavia, anche questo pu\u00f2 essere risolto con l'assicurazione per l'evacuazione medica offerta dalla maggior parte delle compagnie di assicurazione di viaggio e da alcune carte di credito. \u00c8 anche possibile acquistare solo medevac, che coprir\u00e0 pi\u00f9 costi dell'assicurazione di viaggio standard. Esempi di compagnie che offrono medevac sono <a href=\"https:\/\/www.travelguard.com\/travel-insurance\/benefits\/medevac\" target=\"_blank\" rel=\"noreferrer noopener nofollow\">Guardia di viaggio<\/a>, <a href=\"https:\/\/medjetassist.com\/\" target=\"_blank\" rel=\"noreferrer noopener nofollow\">MedJet<\/a>, <a href=\"https:\/\/www.allianzcare.com\/en\/about-us\/blog\/2015\/09\/medical-evacuation-and-repatriation-insurance-cover.html\" target=\"_blank\" rel=\"noreferrer noopener nofollow\">Allianzcare<\/a>, <a href=\"https:\/\/www.travelmedevac.com\/\" target=\"_blank\" rel=\"noreferrer noopener nofollow\">Medevac di viaggio<\/a>, o <a href=\"https:\/\/medjetassist.com\/resources\/medical-evacuation-insurance\" target=\"_blank\" rel=\"noreferrer noopener nofollow\">Med Jet Assist<\/a>.<\/p>\n\n\n\n<p>L'assicurazione Medevac \u00e8 altamente raccomandata se stai facendo un viaggio in crociera, o se stai visitando un paese in via di sviluppo molto lontano in cui sai che non sarai in grado di ricevere cure mediche adeguate.<\/p>\n\n\n\n<p>Se decidete di optare per un'assicurazione medevac, dovrete prendere una decisione sulla copertura adeguata alle vostre esigenze. Questo dovrebbe essere determinato prendendo in considerazione i seguenti fattori:<br><\/p>\n\n\n\n<ul class=\"wp-block-list\"><li>Sta volando a livello locale o internazionale?<\/li><li>Stai facendo un viaggio breve o lungo?<\/li><li>Qual \u00e8 il luogo del tuo viaggio?<\/li><li>Qual \u00e8 la natura del vostro viaggio?<\/li><\/ul>\n\n\n\n<p>Queste domande dovrebbero aiutarvi a fare una valutazione precisa del rischio e ad analizzare la necessit\u00e0 di pagare un'assicurazione medevac.<\/p>\n\n\n\n<h2 class=\"wp-block-heading\"><span class=\"ez-toc-section\" id=\"Types_Of_Air_Ambulances\"><\/span>Tipi di ambulanze aeree<span class=\"ez-toc-section-end\"><\/span><\/h2>\n\n\n\n<p>Essendo un avgeek, la prima cosa che mi \u00e8 venuta in mente quando ho sentito parlare di voli medici \u00e8 stato il tipo di aerei che usano. Sono gli stessi jet che si usano per i voli privati o che si possono trovare sulle app di condivisione dei voli?<\/p>\n\n\n\n<div class=\"wp-block-image\"><figure class=\"aligncenter size-full\"><img loading=\"lazy\" decoding=\"async\" width=\"1024\" height=\"684\" src=\"https:\/\/comparemyjet.com\/wp-content\/uploads\/2021\/09\/How-Much-Do-medical-Flights-Medevac-and-Air-Ambulance-Services-Cost-3.jpg\" alt=\"jet medico leggero\" class=\"wp-image-2136\" srcset=\"https:\/\/comparemyjet.com\/wp-content\/uploads\/2021\/09\/How-Much-Do-medical-Flights-Medevac-and-Air-Ambulance-Services-Cost-3-300x200.jpg 300w, https:\/\/comparemyjet.com\/wp-content\/uploads\/2021\/09\/How-Much-Do-medical-Flights-Medevac-and-Air-Ambulance-Services-Cost-3-768x513.jpg 768w, https:\/\/comparemyjet.com\/wp-content\/uploads\/2021\/09\/How-Much-Do-medical-Flights-Medevac-and-Air-Ambulance-Services-Cost-3.jpg 1024w\" sizes=\"auto, (max-width: 1024px) 100vw, 1024px\" \/><\/figure><\/div>\n\n\n\n<p>Si scopre che ci sono modelli speciali che sono <em>per lo pi\u00f9 <\/em>utilizzati come ambulanze aeree, cio\u00e8 per l'evacuazione. Due tipi principali di aerei sono gli aerei a turboelica e a reazione. Entrambi i tipi hanno il loro scopo, il loro tempo e il loro luogo di utilizzo.<\/p>\n\n\n\n<p>Solo per la cronaca, ci sono molti <a href=\"https:\/\/greatflight.com\/blog\/turboprop-vs-jet\/\" target=\"_blank\" rel=\"noreferrer noopener nofollow\">differenze<\/a> tra un turboelica e un aereo a reazione. La pi\u00f9 grande \u00e8 che un aereo a turboelica ha un motore ibrido che combina un motore a getto che aumenta l'elica dell'aereo, come ai vecchi tempi, mentre un aereo a reazione ha solo un motore a getto, ovviamente.&nbsp;&nbsp;<\/p>\n\n\n\n<h3 class=\"wp-block-heading\"><span class=\"ez-toc-section\" id=\"Turboprop_Air_Ambulances\"><\/span>Ambulanze aeree turboelica<span class=\"ez-toc-section-end\"><\/span><\/h3>\n\n\n\n<p>A dire il vero, i jet a turboelica sono un po' pi\u00f9 lenti degli aerei a reazione, ma hanno i loro vantaggi. Un aereo a turboelica \u00e8 in grado di atterrare in piccoli aeroporti regionali, decollare da piste pi\u00f9 corte ed \u00e8 molto pi\u00f9 economico da mantenere e gestire.<\/p>\n\n\n\n<p>Gli aerei a turboelica possono atterrare molto pi\u00f9 vicino all'obiettivo, il che significa che la persona in difficolt\u00e0 entrer\u00e0 nell'aereo pi\u00f9 velocemente. Alcune tipiche ambulanze aeree a turboelica sono il <a href=\"https:\/\/www.aopa.org\/go-fly\/aircraft-and-ownership\/aircraft-fact-sheets\/beechcraft-king-air-90\" target=\"_blank\" rel=\"noreferrer noopener nofollow\">Beechcraft King Air 90<\/a>, <a href=\"https:\/\/www.medical-air-service.com\/aircrafts\/beechcraft-king-air-200_79.html\" target=\"_blank\" rel=\"noreferrer noopener nofollow\">Beechcraft King Air 200<\/a>, o il <a href=\"https:\/\/www.medical-air-service.com\/aircrafts\/piper-pa-42-720-cheyenne-iiia_260.html\" target=\"_blank\" rel=\"noreferrer noopener nofollow\">Piper PA-42-720 Cheyenne<\/a>.<\/p>\n\n\n\n<h3 class=\"wp-block-heading\"><span class=\"ez-toc-section\" id=\"Jet_Plane_Ambulances\"><\/span>Ambulanze con aerei a reazione<span class=\"ez-toc-section-end\"><\/span><\/h3>\n\n\n\n<p>A differenza degli aerei a turboelica, le ambulanze a reazione sono molto pi\u00f9 veloci. Vengono utilizzate se il paziente si trova in una situazione grave e urgente. Un'ambulanza jet pu\u00f2 prendere rapidamente un paziente da un continente e trasportarlo in un altro.<\/p>\n\n\n\n<p>Naturalmente, ci sono altre complicazioni legate alle ambulanze a reazione, ed \u00e8 il terreno che non \u00e8 sempre adatto, cos\u00ec come gli alti costi di manutenzione. Alcune tipiche ambulanze a reazione sono le seguenti <a href=\"https:\/\/cessna.txtav.com\/en\/citation\/m2\" target=\"_blank\" rel=\"noreferrer noopener nofollow\">Citazione Mustang<\/a>, il <a href=\"https:\/\/www.aso.com\/listings\/spec\/ViewAd.aspx?id=187127&amp;listingType=true&amp;\" target=\"_blank\" rel=\"noreferrer noopener nofollow\">Hawker<\/a>, <a href=\"https:\/\/www.boeing.com\/commercial\/bbj\/\" target=\"_blank\" rel=\"noreferrer noopener nofollow\">Boeing Business<\/a>, o il <a href=\"https:\/\/businessaircraft.bombardier.com\/en\/challenger-family\" target=\"_blank\" rel=\"noreferrer noopener nofollow\">Bombardier Challenger<\/a>.<\/p>\n\n\n\n<h2 class=\"wp-block-heading\"><span class=\"ez-toc-section\" id=\"Summary\"><\/span>Riassunto<span class=\"ez-toc-section-end\"><\/span><\/h2>\n\n\n\n<p>I voli medici sono un argomento serio che richiede un approccio attento. In questo testo, avete notato che i termini <em>voli medici<\/em>,<em> medevac<\/em>, e <em>servizi di ambulanza aerea<\/em> sono spesso menzionati. Questi termini non sono completamente intercambiabili, ma dipendono l'uno dall'altro.<\/p>\n\n\n\n<p>Il primo, voli medici, \u00e8 un termine ombrello per indicare sia il medevac che le ambulanze aeree. Per essere pi\u00f9 precisi, ogni volo che ha a che fare con le cure mediche \u00e8 un volo medico. Allo stesso tempo, medevac e ambulanze aeree hanno tutto a che fare con le cure mediche.<\/p>\n\n\n\n<p>Medevac, invece, \u00e8 un termine che descrive l'evacuazione medica. In altre parole, questa \u00e8 l'azione di \"salvare\" persone in difficolt\u00e0 che sono lontane da un'area urbana e hanno bisogno di un trattamento posticipato o immediato in un ospedale o centro traumatologico.<\/p>\n\n\n\n<p>Di conseguenza, per evacuare qualcuno da uno scenario indesiderato, \u00e8 necessaria un'ambulanza aerea. \u00c8 qui che entra in gioco il terzo termine. Un'ambulanza aerea pu\u00f2 essere un elicottero o un aereo.<\/p>\n\n\n\n<p>L'elicottero viene utilizzato soprattutto per tragitti pi\u00f9 brevi o quando la situazione \u00e8 molto urgente. Il vantaggio dell'elicottero \u00e8 che pu\u00f2 atterrare quasi ovunque ed \u00e8 in grado di utilizzare traiettorie pi\u00f9 convenienti per raggiungere la struttura medica.<\/p>\n\n\n\n<p>Allo stesso tempo, c'\u00e8 anche una divisione con gli aerei, dove vengono utilizzati aerei a turboelica e ambulanze a reazione. I turboelica sono un po' pi\u00f9 lenti, ma possono atterrare pi\u00f9 vicino al paziente e sono pi\u00f9 economici da gestire. Le ambulanze a reazione, invece, fanno il lavoro pi\u00f9 velocemente e possono percorrere pi\u00f9 chilometri.<\/p>\n\n\n\n<p>Speriamo che ora le cose ti siano un po' pi\u00f9 chiare. Non mi auguro che tu abbia bisogno di un volo medico, ma \u00e8 un vantaggio sapere queste cose, perch\u00e9 non si sa mai. Assicuratevi di leggere il testo ancora una volta, se necessario, perch\u00e9 \u00e8 un argomento molto importante che merita la nostra attenzione.<\/p>","protected":false},"excerpt":{"rendered":"<p>Il trasporto aereo per scopi medici ha contribuito a salvare molte vite negli ultimi decenni. Queste forme di trasporto sono particolarmente efficaci in circostanze drammatiche e in aree rurali e selvagge, dato che possono portare il ferito all'ospedale pi\u00f9 vicino in meno di un'ora. D'altra parte, questi servizi possono ...<\/p>","protected":false},"author":1,"featured_media":2134,"parent":0,"menu_order":0,"comment_status":"closed","ping_status":"closed","template":"","meta":{"_acf_changed":false,"_genesis_hide_title":false,"_genesis_hide_breadcrumbs":false,"_genesis_hide_singular_image":false,"_genesis_hide_footer_widgets":false,"_genesis_custom_body_class":"","_genesis_custom_post_class":"","_genesis_layout":"","footnotes":""},"class_list":{"1":"page","2":"type-page","6":"entry"},"acf":[],"_links":{"self":[{"href":"https:\/\/comparemyjet.com\/it\/wp-json\/wp\/v2\/pages\/2132","targetHints":{"allow":["GET"]}}],"collection":[{"href":"https:\/\/comparemyjet.com\/it\/wp-json\/wp\/v2\/pages"}],"about":[{"href":"https:\/\/comparemyjet.com\/it\/wp-json\/wp\/v2\/types\/page"}],"author":[{"embeddable":true,"href":"https:\/\/comparemyjet.com\/it\/wp-json\/wp\/v2\/users\/1"}],"replies":[{"embeddable":true,"href":"https:\/\/comparemyjet.com\/it\/wp-json\/wp\/v2\/comments?post=2132"}],"version-history":[{"count":2,"href":"https:\/\/comparemyjet.com\/it\/wp-json\/wp\/v2\/pages\/2132\/revisions"}],"predecessor-version":[{"id":2186,"href":"https:\/\/comparemyjet.com\/it\/wp-json\/wp\/v2\/pages\/2132\/revisions\/2186"}],"wp:featuredmedia":[{"embeddable":true,"href":"https:\/\/comparemyjet.com\/it\/wp-json\/wp\/v2\/media\/2134"}],"wp:attachment":[{"href":"https:\/\/comparemyjet.com\/it\/wp-json\/wp\/v2\/media?parent=2132"}],"curies":[{"name":"wp","href":"https:\/\/api.w.org\/{rel}","templated":true}]}}