{"id":2553,"date":"2021-12-30T21:43:20","date_gmt":"2021-12-30T21:43:20","guid":{"rendered":"https:\/\/comparemyjet.com\/?page_id=2553"},"modified":"2025-09-04T09:58:14","modified_gmt":"2025-09-04T09:58:14","slug":"barcellona-to-ibiza","status":"publish","type":"page","link":"https:\/\/comparemyjet.com\/it\/barcellona-to-ibiza\/","title":{"rendered":"Da Barcellona a Ibiza con un jet privato"},"content":{"rendered":"<p>La Spagna ha molti luoghi meravigliosi che vale la pena visitare, <a href=\"https:\/\/comparemyjet.com\/it\/noleggio-di-jet-privati-a-barcellona\/\" data-internallinksmanager029f6b8e52c=\"141\" title=\"Noleggio di jet privati a Barcellona\">Barcellona<\/a> e <a href=\"https:\/\/comparemyjet.com\/it\/noleggio-di-jet-privati-aibiza\/\" data-internallinksmanager029f6b8e52c=\"133\" title=\"Noleggio di jet privati a Ibiza\">Ibiza<\/a> sicuramente in cima alla lista. Combinare le due cose dar\u00e0 una nota speciale al vostro viaggio, e non c'\u00e8 niente di pi\u00f9 facile che viaggiare dalla costa di Barcellona a Ibiza, dato che queste due localit\u00e0 sono ben collegate.<\/p>\r\n\r\n\r\n\r\n<p>Le due citt\u00e0 sono molto vicine l'una all'altra, e vale la pena fare anche un giro in macchina. Tuttavia, noleggiare un jet privato \u00e8 certamente il modo pi\u00f9 veloce e comodo per arrivarci. In questo articolo, tratter\u00f2 gli aspetti pi\u00f9 importanti del noleggio di un jet, come i prezzi, il tempo di volo stimato, i tipi di jet e cos\u00ec via, quindi continuate a leggere.<\/p>\r\n\r\n\r\n\r\n<div id=\"ez-toc-container\" class=\"ez-toc-v2_0_76 counter-hierarchy ez-toc-counter ez-toc-grey ez-toc-container-direction\">\n<p class=\"ez-toc-title\" style=\"cursor:inherit\">Argomenti<\/p>\n<label for=\"ez-toc-cssicon-toggle-item-69e02429cfc54\" class=\"ez-toc-cssicon-toggle-label\"><span class=\"\"><span class=\"eztoc-hide\" style=\"display:none;\">Toggle<\/span><span class=\"ez-toc-icon-toggle-span\"><svg style=\"fill: #999;color:#999\" xmlns=\"http:\/\/www.w3.org\/2000\/svg\" class=\"list-377408\" width=\"20px\" height=\"20px\" viewbox=\"0 0 24 24\" fill=\"none\"><path d=\"M6 6H4v2h2V6zm14 0H8v2h12V6zM4 11h2v2H4v-2zm16 0H8v2h12v-2zM4 16h2v2H4v-2zm16 0H8v2h12v-2z\" fill=\"currentColor\"><\/path><\/svg><svg style=\"fill: #999;color:#999\" class=\"arrow-unsorted-368013\" xmlns=\"http:\/\/www.w3.org\/2000\/svg\" width=\"10px\" height=\"10px\" viewbox=\"0 0 24 24\" version=\"1.2\" baseprofile=\"tiny\"><path d=\"M18.2 9.3l-6.2-6.3-6.2 6.3c-.2.2-.3.4-.3.7s.1.5.3.7c.2.2.4.3.7.3h11c.3 0 .5-.1.7-.3.2-.2.3-.5.3-.7s-.1-.5-.3-.7zM5.8 14.7l6.2 6.3 6.2-6.3c.2-.2.3-.5.3-.7s-.1-.5-.3-.7c-.2-.2-.4-.3-.7-.3h-11c-.3 0-.5.1-.7.3-.2.2-.3.5-.3.7s.1.5.3.7z\"\/><\/svg><\/span><\/span><\/label><input type=\"checkbox\"  id=\"ez-toc-cssicon-toggle-item-69e02429cfc54\" checked aria-label=\"Toggle\" \/><nav><ul class='ez-toc-list ez-toc-list-level-1' ><li class='ez-toc-page-1 ez-toc-heading-level-2'><a class=\"ez-toc-link ez-toc-heading-1\" href=\"https:\/\/comparemyjet.com\/it\/barcellona-to-ibiza\/#Barcelona_to_Ibiza_Overview\" >Da Barcellona a Ibiza: Panoramica<\/a><\/li><li class='ez-toc-page-1 ez-toc-heading-level-2'><a class=\"ez-toc-link ez-toc-heading-2\" href=\"https:\/\/comparemyjet.com\/it\/barcellona-to-ibiza\/#Pricing_Options\" >Opzioni di prezzo<\/a><ul class='ez-toc-list-level-3' ><li class='ez-toc-heading-level-3'><a class=\"ez-toc-link ez-toc-heading-3\" href=\"https:\/\/comparemyjet.com\/it\/barcellona-to-ibiza\/#Average_Prices_From_Barcelona_to_Ibiza\" >Prezzi medi da Barcellona a Ibiza<\/a><\/li><\/ul><\/li><li class='ez-toc-page-1 ez-toc-heading-level-2'><a class=\"ez-toc-link ez-toc-heading-4\" href=\"https:\/\/comparemyjet.com\/it\/barcellona-to-ibiza\/#Barcelona_to_Ibiza_Airports\" >Barcellona a Ibiza Aeroporti<\/a><ul class='ez-toc-list-level-3' ><li class='ez-toc-heading-level-3'><a class=\"ez-toc-link ez-toc-heading-5\" href=\"https:\/\/comparemyjet.com\/it\/barcellona-to-ibiza\/#Barcelona_Airport_El_Prat\" >Aeroporto di Barcellona (El Prat)<\/a><\/li><\/ul><\/li><li class='ez-toc-page-1 ez-toc-heading-level-2'><a class=\"ez-toc-link ez-toc-heading-6\" href=\"https:\/\/comparemyjet.com\/it\/barcellona-to-ibiza\/#Ibiza_Airports\" >Aeroporti di Ibiza<\/a><\/li><li class='ez-toc-page-1 ez-toc-heading-level-2'><a class=\"ez-toc-link ez-toc-heading-7\" href=\"https:\/\/comparemyjet.com\/it\/barcellona-to-ibiza\/#Which_Jet_Models_Can_Fly_You_to_Ibiza_From_Barcelona\" >Quali modelli di jet possono volare a Ibiza da Barcellona?<\/a><ul class='ez-toc-list-level-3' ><li class='ez-toc-heading-level-3'><a class=\"ez-toc-link ez-toc-heading-8\" href=\"https:\/\/comparemyjet.com\/it\/barcellona-to-ibiza\/#Small_Turboprops_Light_Jets_and_Midsize_Jets\" >Piccoli (turboelica, jet leggeri) e medi jet<\/a><\/li><li class='ez-toc-page-1 ez-toc-heading-level-3'><a class=\"ez-toc-link ez-toc-heading-9\" href=\"https:\/\/comparemyjet.com\/it\/barcellona-to-ibiza\/#Heavy_Jets\" >Getti pesanti<\/a><\/li><li class='ez-toc-page-1 ez-toc-heading-level-3'><a class=\"ez-toc-link ez-toc-heading-10\" href=\"https:\/\/comparemyjet.com\/it\/barcellona-to-ibiza\/#Prices_Per_Plane_Type_Overview\" >Prezzi per tipo di aereo: Panoramica<\/a><\/li><\/ul><\/li><li class='ez-toc-page-1 ez-toc-heading-level-2'><a class=\"ez-toc-link ez-toc-heading-11\" href=\"https:\/\/comparemyjet.com\/it\/barcellona-to-ibiza\/#Conclusion\" >Conclusione<\/a><\/li><\/ul><\/nav><\/div>\n<h2 class=\"wp-block-heading\"><span class=\"ez-toc-section\" id=\"Barcelona_to_Ibiza_Overview\"><\/span>Da Barcellona a Ibiza: Panoramica<span class=\"ez-toc-section-end\"><\/span><\/h2>\r\n\r\n\r\n\r\n<figure class=\"wp-block-image size-large\"><img loading=\"lazy\" decoding=\"async\" width=\"1024\" height=\"683\" src=\"https:\/\/comparemyjet.com\/wp-content\/uploads\/2021\/12\/ibiza-1-1024x683.jpg\" alt=\"Ibiza\" class=\"wp-image-2562\" srcset=\"https:\/\/comparemyjet.com\/wp-content\/uploads\/2021\/12\/ibiza-1-300x200.jpg 300w, https:\/\/comparemyjet.com\/wp-content\/uploads\/2021\/12\/ibiza-1-768x512.jpg 768w, https:\/\/comparemyjet.com\/wp-content\/uploads\/2021\/12\/ibiza-1-1024x683.jpg 1024w, https:\/\/comparemyjet.com\/wp-content\/uploads\/2021\/12\/ibiza-1-1536x1024.jpg 1536w, https:\/\/comparemyjet.com\/wp-content\/uploads\/2021\/12\/ibiza-1.jpg 1920w\" sizes=\"auto, (max-width: 1024px) 100vw, 1024px\" \/><\/figure>\r\n\r\n\r\n\r\n<p>Ci sono circa 350 miglia tra le due localit\u00e0, il che significa che un viaggio in auto di 7 ore vi porter\u00e0 l\u00ec.  Tuttavia, se volete arrivare in circa 40 minuti, pi\u00f9 o meno, stando abbastanza comodi, un jet privato \u00e8 la strada da percorrere.&nbsp;<\/p>\r\n\r\n\r\n\r\n<p>La cosa buona qui \u00e8 che le due citt\u00e0 sono cos\u00ec vicine che la velocit\u00e0 non gioca un grande fattore nel decidere quale aereo noleggiare. I turboelica sono di solito molto pi\u00f9 lenti degli altri jet, ma in questo caso, forse ci vorranno 20 minuti in pi\u00f9 per raggiungere Ibiza con un aereo del genere.<\/p>\r\n\r\n\r\n\r\n<p>La gamma di prezzi per noleggiare un jet privato sulla rotta Barcellona - Ibiza va da 3.000 EUR a 18.000 EUR, o pi\u00f9 se si desiderano servizi extra o spazio extra in cabina. I prezzi sono difficili da determinare quando si vola con un jet privato a causa dell'infinito numero di fattori che influiscono sulla cifra finale, come la data e l'ora del volo, la dimensione e il modello del jet, i pernottamenti previsti, ecc.<\/p>\r\n\r\n\r\n\r\n<p>Un aspetto positivo delle due citt\u00e0 \u00e8 che sono entrambe abituate ad accogliere i VIP, quindi ci sono infrastrutture adatte al volo privato. Ti capiter\u00e0 di trovare fantastici operatori a base fissa (FBO) o terminali privati in entrambe le localit\u00e0.<\/p>\r\n\r\n\r\n\r\n<h2 class=\"wp-block-heading\"><span class=\"ez-toc-section\" id=\"Pricing_Options\"><\/span>Opzioni di prezzo<span class=\"ez-toc-section-end\"><\/span><\/h2>\r\n\r\n\r\n\r\n<p>Come brevemente menzionato sopra, i prezzi sono abbastanza difficili da determinare poich\u00e9 dipendono da un sacco di fattori, come la compagnia con cui stai prenotando, poich\u00e9 la maggior parte ti dar\u00e0 i loro prezzi stimati solo dopo che li hai specificatamente contattati e richiesto un preventivo.<\/p>\r\n\r\n\r\n\r\n<p>I prezzi che sono ritratti qui sotto sono scritti come visto da <a href=\"https:\/\/www.the-aviation-factory.com\/en\/\" target=\"_blank\" rel=\"noopener\">La fabbrica dell'aviazione<\/a>.<\/p>\r\n\r\n\r\n\r\n<h3 class=\"wp-block-heading\"><span class=\"ez-toc-section\" id=\"Average_Prices_From_Barcelona_to_Ibiza\"><\/span>Prezzi medi da Barcellona a Ibiza<span class=\"ez-toc-section-end\"><\/span><\/h3>\r\n\r\n\r\n\r\n<figure class=\"wp-block-table\"><table><tbody><tr><td><strong>Tipo di aereo<\/strong><\/td><td><strong>Numero di passeggeri<\/strong><\/td><td><strong>Prezzo della rotta da Barcellona a Ibiza<\/strong><\/td><td><strong>Tempo di volo stimato<\/strong><\/td><\/tr><tr><td>Turboprop&nbsp;<\/td><td>4 &#8211; 19<\/td><td>7.000 EUR<\/td><td>55 minuti<\/td><\/tr><tr><td>Getto leggero<\/td><td>4 &#8211; 11<\/td><td>3.500 EUR<\/td><td>45 minuti<\/td><\/tr><tr><td>Jet di medie dimensioni<\/td><td>6 &#8211; 10<\/td><td>7.000 EUR<\/td><td>40 minuti<\/td><\/tr><tr><td>Getto pesante<\/td><td>4 &#8211; 72<\/td><td>8.500 EUR<\/td><td>40 minuti<\/td><\/tr><\/tbody><\/table><\/figure>\r\n\r\n\r\n\r\n<p>Come avrete probabilmente notato dalla tabella, un jet leggero \u00e8 un'opzione abbastanza buona per questa rotta se state volando con questa compagnia, ma tutto dipende dal modello che sceglierete. Parler\u00f2 di pi\u00f9 di marche specifiche nei paragrafi seguenti, ma prima, vediamo quali FBO sono in offerta.<\/p>\r\n\r\n\r\n\r\n<h2 class=\"wp-block-heading\"><span class=\"ez-toc-section\" id=\"Barcelona_to_Ibiza_Airports\"><\/span>Barcellona a Ibiza Aeroporti<span class=\"ez-toc-section-end\"><\/span><\/h2>\r\n\r\n\r\n\r\n<figure class=\"wp-block-image size-large\"><img loading=\"lazy\" decoding=\"async\" width=\"1024\" height=\"683\" src=\"https:\/\/comparemyjet.com\/wp-content\/uploads\/2021\/12\/london-to-ibiza-airports-2-1024x683.jpg\" alt=\"Aeroporti da Londra a Ibiza\" class=\"wp-image-2571\" srcset=\"https:\/\/comparemyjet.com\/wp-content\/uploads\/2021\/12\/london-to-ibiza-airports-2-300x200.jpg 300w, https:\/\/comparemyjet.com\/wp-content\/uploads\/2021\/12\/london-to-ibiza-airports-2-768x512.jpg 768w, https:\/\/comparemyjet.com\/wp-content\/uploads\/2021\/12\/london-to-ibiza-airports-2-1024x683.jpg 1024w, https:\/\/comparemyjet.com\/wp-content\/uploads\/2021\/12\/london-to-ibiza-airports-2-1536x1024.jpg 1536w, https:\/\/comparemyjet.com\/wp-content\/uploads\/2021\/12\/london-to-ibiza-airports-2.jpg 1920w\" sizes=\"auto, (max-width: 1024px) 100vw, 1024px\" \/><\/figure>\r\n\r\n\r\n\r\n<p>Barcellona \u00e8 una destinazione turistica famosa in tutto il mondo, con milioni di persone che la visitano ogni anno. Tuttavia, c'\u00e8 solo un aeroporto a Barcellona, il <em>Aeroporto El Prat de Llobregat<\/em>, o semplicemente chiamato Aeroporto di Barcellona.<\/p>\r\n\r\n\r\n\r\n<h3 class=\"wp-block-heading\"><span class=\"ez-toc-section\" id=\"Barcelona_Airport_El_Prat\"><\/span>Aeroporto di Barcellona (El Prat)<span class=\"ez-toc-section-end\"><\/span><\/h3>\r\n\r\n\r\n\r\n<p>El Prat ha un'ottima posizione, a soli 8 miglia dal centro della citt\u00e0. In termini di trasporto, ci vogliono circa 25 minuti per raggiungerlo in auto, ma quasi il doppio del tempo se si opta per il trasporto privato.<\/p>\r\n\r\n\r\n\r\n<p>Tuttavia, il volo privato \u00e8 ben sviluppato in questo aeroporto, con molti FBO che operano. <a href=\"https:\/\/www.jetex.com\/network\/barcelona-spain\/\" target=\"_blank\" rel=\"noopener\">Jetex<\/a> \u00e8 uno di questi, con un <a href=\"https:\/\/comparemyjet.com\/it\/what-is-a-private-jet-fixed-base-operator-fbo\/\" data-internallinksmanager029f6b8e52c=\"19\" title=\"Cos&#039;\u00e8 un operatore di base fissa (FBO) di jet privati?\">FBO<\/a> che soddisfer\u00e0 tutte le vostre aspettative. Troverete bellissimi saloni e docce, ma anche servizi sotto le ali come il rifornimento di carburante, la manutenzione o il rimessaggio.<\/p>\r\n\r\n\r\n\r\n<p>Si potrebbe anche considerare l'FBO gestito da <a href=\"https:\/\/www.execujet.com\/en\/service\/fbo\/locations\/locations-worldwide\/barcelona\/\" target=\"_blank\" rel=\"noopener\">ExecuJet<\/a>. Proprio come probabilmente vi aspettate, sarete trattati bene in questo terminal. Questo, in particolare, ha il cosiddetto \"catering VIP on-demand\", il che significa che tutto quello che devi fare \u00e8 informare il personale in tempo su quali sono i tuoi desideri, e saranno sicuramente soddisfatti.<\/p>\r\n\r\n\r\n\r\n<p><a href=\"https:\/\/generalaviation.es\/\" target=\"_blank\" rel=\"noopener\">Servizi per l'aviazione generale<\/a> \u00e8 una rete di FBO molto sviluppata e puoi trovarli anche in tutta la Spagna. Offrono servizi a 5 stelle e hanno anche un terminal privato in funzione a Ibiza, rendendo questo FBO un'altra grande scelta.<\/p>\r\n\r\n\r\n\r\n<p>Un altro incredibile FBO \u00e8 quello gestito da <a href=\"https:\/\/www.universalaviation.aero\/locations\/spain\/barcelona-lebl\/\" target=\"_blank\" rel=\"noopener\">Aviazione universale<\/a>. Questo operatore a base fissa ha grandi saloni VIP, separati per l'equipaggio e i passeggeri, in modo da poter avere la vostra privacy. Puoi ordinare il catering o i servizi di trasporto se lo desideri, e l'equipaggio \u00e8 a tua disposizione per aiutarti in qualsiasi cosa tu abbia bisogno.<\/p>\r\n\r\n\r\n\r\n<p>La nostra ultima raccomandazione \u00e8 il FBO gestito da <a href=\"https:\/\/www.skyvalet.com\/\" target=\"_blank\" rel=\"noopener\">Skyvalet<\/a>. Chi viaggia privatamente regolarmente sa che questo terminal privato offre solo i migliori servizi di fascia alta per la sua clientela VIP. La compagnia \u00e8 presente anche all'aeroporto di Ibiza.<\/p>\r\n\r\n\r\n\r\n<h2 class=\"wp-block-heading\"><span class=\"ez-toc-section\" id=\"Ibiza_Airports\"><\/span>Aeroporti di Ibiza<span class=\"ez-toc-section-end\"><\/span><\/h2>\r\n\r\n\r\n\r\n<p>Ho accennato all'inizio di questo articolo che Ibiza, proprio come Barcellona, ha un aeroporto per servire le esigenze di coloro che volano dentro e fuori l'isola. Si chiama <em>Aeroporto di Ibiza<\/em>, conosciuto come aeroporto di Ibiza (IBZ).<\/p>\r\n\r\n\r\n\r\n<p>L'aeroporto si trova a soli 6 miglia dal punto centrale di Ibiza, il che lo rende ancora pi\u00f9 vicino al centro rispetto all'aeroporto di Barcellona, rispettivamente. Hai bisogno di circa 20 minuti per raggiungere l'aeroporto in auto, e ci sono abbastanza FBO all'interno dell'aeroporto che si potrebbe utilizzare per volare privato.<\/p>\r\n\r\n\r\n\r\n<p><a href=\"https:\/\/www.skyvalet.com\/\" target=\"_blank\" rel=\"noopener\">Valletto del cielo<\/a> \u00e8 uno di questi e probabilmente ha i migliori servizi di concierge dato che hanno un'accoglienza VIP personalizzata. Puoi dire loro in anticipo quali sono i tuoi desideri, quali sono i tuoi cibi, bevande o attivit\u00e0 preferite e in base a questi dati il personale personalizzer\u00e0 il tuo soggiorno.&nbsp;<\/p>\r\n\r\n\r\n\r\n<p>Inoltre, sentitevi liberi di chiedere al personale di assistervi per qualsiasi cosa, come ad esempio noleggiare un passaggio, un elicottero o una limousine, o prenotare un tavolo al ristorante.<\/p>\r\n\r\n\r\n\r\n<p><a href=\"https:\/\/www.aviapartnerexecutive.com\/ibiza\" target=\"_blank\" rel=\"noopener\">Avia Partner<\/a> potrebbe anche essere il vostro FBO di scelta quando visitate l'isola. Il personale qui vi aiuter\u00e0 con qualsiasi cosa, compresa l'assistenza per quanto riguarda il vostro jet. Questo include il rifornimento di carburante, la manutenzione o la riparazione del tuo jet, se necessario, cos\u00ec come il deposito in alcuni degli hangar.&nbsp;<\/p>\r\n\r\n\r\n\r\n<p>La struttura stessa ha saloni sorprendentemente enormi in termini di superficie, una cucina lucida, docce, sale conferenze, la lista continua.<\/p>\r\n\r\n\r\n\r\n<h2 class=\"wp-block-heading\"><span class=\"ez-toc-section\" id=\"Which_Jet_Models_Can_Fly_You_to_Ibiza_From_Barcelona\"><\/span>Quali modelli di jet possono volare a Ibiza da Barcellona?<span class=\"ez-toc-section-end\"><\/span><\/h2>\r\n\r\n\r\n\r\n<p>Le dimensioni dei jet e i modelli di jet non sono la stessa cosa. Un certo modello della categoria dei getti leggeri potrebbe essere una scelta migliore, pi\u00f9 veloce o anche pi\u00f9 costosa di un particolare modello della categoria dei getti medi.<\/p>\r\n\r\n\r\n\r\n<p>Per questo percorso, qualsiasi dimensione o modello di jet andr\u00e0 bene. Tuttavia, come ogni cosa nella vita, alcune cose sono migliori e pi\u00f9 attraenti di altre. Vediamo quali opzioni hai in termini di modelli di jet per la rotta Barcellona - Ibiza.<\/p>\r\n\r\n\r\n\r\n<h3 class=\"wp-block-heading\"><span class=\"ez-toc-section\" id=\"Small_Turboprops_Light_Jets_and_Midsize_Jets\"><\/span>Piccoli (turboelica, jet leggeri) e medi jet<span class=\"ez-toc-section-end\"><\/span><\/h3>\r\n\r\n\r\n\r\n<p>I piccoli aerei includono i turboelica e i jet leggeri. I turboelica possono essere un buon affare in molte occasioni perch\u00e9 di solito sono pi\u00f9 convenienti anche se un po' pi\u00f9 lenti degli altri. In questo caso, la loro velocit\u00e0 non avr\u00e0 importanza poich\u00e9 la rotta \u00e8 troppo breve per notare la piccola differenza di tempo di volo. Ho dato un'occhiata ai prezzi del <a href=\"https:\/\/www.aircharterservice.com\/\" target=\"_blank\" rel=\"noopener\">Servizio di noleggio aereo<\/a>, ed ecco cosa abbiamo.<\/p>\r\n\r\n\r\n\r\n<p>Il <em>Piaggio Avanti II <\/em>\u00e8 un turboprop che ha grandi caratteristiche ed \u00e8 abbastanza veloce per un turboprop. Ha una cabina che pu\u00f2 ospitare comodamente 7 persone, ha una ventilazione che permette ai fumatori di godersi il volo a modo loro, ed \u00e8 pet-friendly. Raggiunge Ibiza in 45 minuti e costa circa 8.000 euro per il noleggio.<\/p>\r\n\r\n\r\n\r\n<p>Un'altra opzione turboprop sarebbe il <em>King Air 250GT <\/em>che ha pi\u00f9 o meno le stesse caratteristiche del <em>Avanti<\/em>. Questo jet ha bisogno di dieci minuti in pi\u00f9 per raggiungere la destinazione e costa 1.000 euro in pi\u00f9 per il noleggio. La cabina \u00e8 all'incirca delle stesse dimensioni e permette a 7 persone di viaggiare in tutta comodit\u00e0.<\/p>\r\n\r\n\r\n\r\n<p><em>Noleggio aereo <\/em>in realt\u00e0 ha alcune buone offerte per i getti leggeri, come il <em>Citazione Mustang<\/em>Un jet estremamente soave, fatto per quattro persone. \u00c8 anche adatto ai fumatori e agli animali domestici. Ti porta da Barcellona a Ibiza in 45 minuti, e costa circa 4.000 euro per l'affitto.<\/p>\r\n\r\n\r\n\r\n<p>La mia seconda scelta per un jet leggero sarebbe il <em>Citazione CJ1+. <\/em>Questo jet ha una cabina molto confortevole che pu\u00f2 ospitare un totale di sei persone. \u00c8 un po' pi\u00f9 veloce del Mustang, quindi sarai all'aeroporto di Ibiza in 40 minuti. \u00c8 anche un po' pi\u00f9 economico, dato che spenderai circa 3.500 euro per affittare questo jet.<\/p>\r\n\r\n\r\n\r\n<p>Ma se si sceglie di andare con un jet di medie dimensioni, significa che siete un partito pi\u00f9 grande, o semplicemente volete pi\u00f9 comfort. Il <em><a href=\"https:\/\/comparemyjet.com\/it\/corrente-del-golfo\/\" data-internallinksmanager029f6b8e52c=\"175\" title=\"Guida definitiva ai jet e agli aerei privati Gulfstream\">Gulfstream<\/a> G-200, <\/em>di per s\u00e9, ha un <a href=\"https:\/\/comparemyjet.com\/it\/tour-privati\/nice-private-tours\/\" data-internallinksmanager029f6b8e52c=\"249\" title=\"11 migliori tour privati di Nizza da $37.66\">bello<\/a> cabina per 10 persone con comodi posti a sedere e un tavolo che si pu\u00f2 usare per cenare in aria. Per raggiungere Ibiza da Barcellona occorrono 40 minuti e il noleggio costa circa 8.000 euro.<\/p>\r\n\r\n\r\n\r\n<p>Il <em>Latitudine di citazione <\/em>sarebbe anche una buona scelta per un jet di medie dimensioni poich\u00e9 ha un'ampia cabina con servizi che ti permetteranno di rilassarti, pranzare o semplicemente chiacchierare con i tuoi compagni di viaggio. La cabina \u00e8 abbastanza grande per nove persone e c'\u00e8 l'accesso a Internet. Per volare da Barcellona a Ibiza ha bisogno di 40 minuti e vi coster\u00e0 circa 10.000 euro per noleggiarlo per questo viaggio.<\/p>\r\n\r\n\r\n\r\n<h3 class=\"wp-block-heading\"><span class=\"ez-toc-section\" id=\"Heavy_Jets\"><\/span>Getti pesanti<span class=\"ez-toc-section-end\"><\/span><\/h3>\r\n\r\n\r\n\r\n<figure class=\"wp-block-image size-large\"><img loading=\"lazy\" decoding=\"async\" width=\"1024\" height=\"683\" src=\"https:\/\/comparemyjet.com\/wp-content\/uploads\/2021\/12\/london-to-ibiza-airports-1024x683.jpg\" alt=\"Modelli a getto\" class=\"wp-image-2572\" srcset=\"https:\/\/comparemyjet.com\/wp-content\/uploads\/2021\/12\/london-to-ibiza-airports-300x200.jpg 300w, https:\/\/comparemyjet.com\/wp-content\/uploads\/2021\/12\/london-to-ibiza-airports-768x512.jpg 768w, https:\/\/comparemyjet.com\/wp-content\/uploads\/2021\/12\/london-to-ibiza-airports-1024x683.jpg 1024w, https:\/\/comparemyjet.com\/wp-content\/uploads\/2021\/12\/london-to-ibiza-airports-1536x1025.jpg 1536w, https:\/\/comparemyjet.com\/wp-content\/uploads\/2021\/12\/london-to-ibiza-airports.jpg 1920w\" sizes=\"auto, (max-width: 1024px) 100vw, 1024px\" \/><\/figure>\r\n\r\n\r\n\r\n<p>Si pu\u00f2 sentire dire che \u00e8 \"troppo\" prendere un jet pesante per un viaggio inferiore a un'ora, ma chi pu\u00f2 dirlo? Noleggiare un jet pesante significa solo che il livello di comfort aumenter\u00e0 e che arriverete pi\u00f9 velocemente.&nbsp;<\/p>\r\n\r\n\r\n\r\n<p>Il <em>Falcon 2000 <\/em>\u00e8 un jet abbastanza buono e pesante che ha lo scopo di portare abbastanza persone che si godranno il viaggio al massimo. La cabina \u00e8 progettata per portare 10 persone, anche se in teoria c'\u00e8 spazio per pi\u00f9 persone. \u00c8 molto moderno e accogliente e ha bisogno di 45 minuti per raggiungere Ibiza. Il prezzo da pagare per noleggiare questo jet \u00e8 di circa 16.000 euro.<\/p>\r\n\r\n\r\n\r\n<p>Un altro jet pesante che potrebbe essere una grande scelta per un gruppo pi\u00f9 grande \u00e8 il <em>Gulfstream G-V<\/em>. Questo jet ha una cabina che pu\u00f2 ospitare fino a 16 persone, ha sedili molto comodi e WiFi. Per passare il percorso ha bisogno di 40 minuti e il prezzo di noleggio \u00e8 di circa 17.000 euro.<\/p>\r\n\r\n\r\n\r\n<p>Si potrebbe anche considerare il <em>Challenger 605 <\/em>per il tuo viaggio se sei disposto a pagare circa 18.000 euro. \u00c8 un famoso jet con una cabina walk-around per 12 persone. Il tempo di volo stimato \u00e8 di 40 minuti, proprio come il <em>G-V<\/em>.<\/p>\r\n\r\n\r\n\r\n<h3 class=\"wp-block-heading\"><span class=\"ez-toc-section\" id=\"Prices_Per_Plane_Type_Overview\"><\/span>Prezzi per tipo di aereo: Panoramica<span class=\"ez-toc-section-end\"><\/span><\/h3>\r\n\r\n\r\n\r\n<p>Di seguito, troverete i prezzi per tipo e modello di aereo.<\/p>\r\n\r\n\r\n\r\n<figure class=\"wp-block-table\"><table><tbody><tr><td><strong>Tipo di piano<\/strong><\/td><td><\/td><td><\/td><td><\/td><\/tr><tr><td><strong>Jet leggeri e medi<\/strong><\/td><td><strong>Numero di passeggeri<\/strong><\/td><td><strong>Tempo di volo<\/strong><\/td><td><strong>Prezzo<\/strong><\/td><\/tr><tr><td><em>Piaggio Avanti II<\/em><\/td><td>7<\/td><td>45 minuti<\/td><td>8.000 EUR<\/td><\/tr><tr><td><em>King Air 250GT<\/em><\/td><td>7<\/td><td>55 minuti&nbsp;<\/td><td>9.000 EUR<\/td><\/tr><tr><td><em>Citazione Mustang<\/em><\/td><td>4<\/td><td>45 minuti<\/td><td>4.000 EUR<\/td><\/tr><tr><td><em>Citazione CJ1+<\/em><\/td><td>6<\/td><td>40 minuti<\/td><td>3.500 EUR<\/td><\/tr><tr><td><em>Gulfstream G-200<\/em><\/td><td>10<\/td><td>40 minuti<\/td><td>8.000 EUR<\/td><\/tr><tr><td><em>Latitudine di citazione&nbsp;<\/em><\/td><td>9<\/td><td>40 minuti<\/td><td>10.000 EUR<\/td><\/tr><tr><td><strong>Getti pesanti<\/strong><\/td><td><\/td><td><\/td><td><\/td><\/tr><tr><td><em>Falcon 2000<\/em><\/td><td>10<\/td><td>45 minuti<\/td><td>16.000 EUR<\/td><\/tr><tr><td><em>Gulfstream G-V<\/em><\/td><td>16<\/td><td>40 minuti<\/td><td>17.000 EUR<\/td><\/tr><tr><td><em>Challenger 605<\/em><\/td><td>12<\/td><td>40 minuti<\/td><td>18.000 EUR<\/td><\/tr><\/tbody><\/table><\/figure>\r\n\r\n\r\n\r\n<h2 class=\"wp-block-heading\"><span class=\"ez-toc-section\" id=\"Conclusion\"><\/span>Conclusione<span class=\"ez-toc-section-end\"><\/span><\/h2>\r\n\r\n\r\n\r\n<p>Ci sono poche cose al mondo che danno tanta soddisfazione come visitare Ibiza dopo Barcellona. Dato che vi godrete questo itinerario, ci sono un paio di cose che dovreste ricordare affinch\u00e9 il vostro viaggio si svolga nel migliore dei modi.<\/p>\r\n\r\n\r\n\r\n<p>Sappiate che noleggiare il jet giusto significa trovare un jet che sia della giusta dimensione per la vostra festa e che soddisfi le vostre aspettative di budget. In questo caso, se sei pronto a spendere fino a 18.000 euro, non devi preoccuparti. Il volo dura circa 40 minuti, o circa 10 minuti in pi\u00f9 con la maggior parte dei turboelica. Barcellona e Ibiza sono citt\u00e0 che sono spesso visitate da celebrit\u00e0 e altri VIP, quindi trovare un FBO che ti piaccia non dovrebbe essere un problema.&nbsp;<\/p>\r\n\r\n\r\n\r\n<p>Ora che avete tutte le informazioni essenziali, l'unica cosa che rimane da dire \u00e8 buon viaggio!<\/p>","protected":false},"excerpt":{"rendered":"<p>La Spagna ha molti luoghi meravigliosi che vale la pena visitare, e Barcellona e Ibiza sono sicuramente in cima alla lista. Combinare le due cose dar\u00e0 una nota speciale al vostro viaggio, e non c'\u00e8 niente di pi\u00f9 facile che viaggiare dalla costa di Barcellona a Ibiza, dato che queste due localit\u00e0 sono ben collegate. Le due citt\u00e0 sono molto ...<\/p>","protected":false},"author":2,"featured_media":2561,"parent":0,"menu_order":0,"comment_status":"closed","ping_status":"closed","template":"","meta":{"_acf_changed":false,"_genesis_hide_title":false,"_genesis_hide_breadcrumbs":false,"_genesis_hide_singular_image":false,"_genesis_hide_footer_widgets":false,"_genesis_custom_body_class":"","_genesis_custom_post_class":"","_genesis_layout":"","footnotes":""},"class_list":{"1":"page","2":"type-page","6":"entry"},"acf":[],"_links":{"self":[{"href":"https:\/\/comparemyjet.com\/it\/wp-json\/wp\/v2\/pages\/2553","targetHints":{"allow":["GET"]}}],"collection":[{"href":"https:\/\/comparemyjet.com\/it\/wp-json\/wp\/v2\/pages"}],"about":[{"href":"https:\/\/comparemyjet.com\/it\/wp-json\/wp\/v2\/types\/page"}],"author":[{"embeddable":true,"href":"https:\/\/comparemyjet.com\/it\/wp-json\/wp\/v2\/users\/2"}],"replies":[{"embeddable":true,"href":"https:\/\/comparemyjet.com\/it\/wp-json\/wp\/v2\/comments?post=2553"}],"version-history":[{"count":3,"href":"https:\/\/comparemyjet.com\/it\/wp-json\/wp\/v2\/pages\/2553\/revisions"}],"predecessor-version":[{"id":2761,"href":"https:\/\/comparemyjet.com\/it\/wp-json\/wp\/v2\/pages\/2553\/revisions\/2761"}],"wp:featuredmedia":[{"embeddable":true,"href":"https:\/\/comparemyjet.com\/it\/wp-json\/wp\/v2\/media\/2561"}],"wp:attachment":[{"href":"https:\/\/comparemyjet.com\/it\/wp-json\/wp\/v2\/media?parent=2553"}],"curies":[{"name":"wp","href":"https:\/\/api.w.org\/{rel}","templated":true}]}}