{"id":2829,"date":"2022-04-06T14:23:50","date_gmt":"2022-04-06T14:23:50","guid":{"rendered":"https:\/\/comparemyjet.com\/?page_id=2829"},"modified":"2025-09-04T10:00:53","modified_gmt":"2025-09-04T10:00:53","slug":"termini-duso","status":"publish","type":"page","link":"https:\/\/comparemyjet.com\/it\/termini-duso\/","title":{"rendered":"Condizioni d'uso"},"content":{"rendered":"<p><strong>SI PREGA DI LEGGERE ATTENTAMENTE PRIMA DI UTILIZZARE QUESTO SITO WEB.<\/strong><\/p>\n<p>Benvenuti su CompareMyJet.com. Se si continua a navigare e utilizzare questo sito web, si accetta di rispettare e di essere vincolati dai seguenti termini e condizioni d'uso, che insieme al nostro <a href=\"https:\/\/CompareMyJet.com\/privacy-policy\/\" target=\"_blank\" rel=\"noopener\">informativa sulla privacy<\/a> regolano il rapporto di CompareMyJet.com con voi in relazione a questo sito web. Se non siete d'accordo con qualsiasi parte di questi termini e condizioni, si prega di non utilizzare il nostro sito web.<\/p>\n<p>Le presenti Condizioni d'uso, insieme agli altri documenti cui si fa riferimento di seguito, stabiliscono i termini e le condizioni in base ai quali si pu\u00f2 fare uso di https:\/\/CompareMyJet.com\/ (\"il nostro sito\"). <\/p>\n<p>Altri documenti importanti <\/p>\n<p>I termini di utilizzo si riferiscono al nostro <a href=\"https:\/\/CompareMyJet.com\/privacy-policy\/\" data-lasso-id=\"8845\" target=\"_blank\" rel=\"noopener\">Politica sulla privacy<\/a> che stabiliscono i termini in base ai quali trattiamo i dati personali che ci fornite o che raccogliamo da voi. Utilizzando il nostro sito, lei acconsente a tale trattamento.<\/p>\n<p>L'uso di questo sito web \u00e8 soggetto alle seguenti condizioni d'uso:<\/p>\n<ul>\n<li> Il contenuto delle pagine di questo sito web \u00e8 solo per vostra informazione generale e uso. \u00c8 soggetto a modifiche senza preavviso.<\/li>\n<li> Questo sito web utilizza i cookie per monitorare le preferenze di navigazione. Se si consente l'uso dei cookie, le informazioni personali possono essere memorizzate da noi per l'uso da parte di terzi.<\/li>\n<li> N\u00e9 noi n\u00e9 terzi forniamo alcuna garanzia per quanto riguarda l'accuratezza, la tempestivit\u00e0, le prestazioni, la completezza o l'idoneit\u00e0 delle informazioni e dei materiali trovati o offerti su questo sito web per qualsiasi scopo particolare. Lei riconosce che tali informazioni e materiali possono contenere imprecisioni o errori e noi escludiamo espressamente la responsabilit\u00e0 per qualsiasi imprecisione o errore nella misura massima consentita dalla legge.<\/li>\n<li> Il vostro uso di qualsiasi informazione o materiale su questo sito web \u00e8 interamente a vostro rischio e pericolo, per il quale non saremo responsabili. Sar\u00e0 vostra responsabilit\u00e0 assicurare che qualsiasi prodotto, servizio o informazione disponibile attraverso questo sito web soddisfi le vostre esigenze specifiche.<\/li>\n<li> Questo sito web contiene materiale che \u00e8 di propriet\u00e0 o concesso in licenza a noi. Questo materiale include, ma non \u00e8 limitato a, il design, il layout, il look, l'aspetto e la grafica. La riproduzione \u00e8 vietata se non in conformit\u00e0 con l'avviso di copyright, che fa parte di questi termini e condizioni.<\/li>\n<li> L'uso non autorizzato di questo sito web pu\u00f2 dar luogo a una richiesta di risarcimento danni e\/o essere un reato penale.<\/li>\n<li> Di tanto in tanto questo sito web pu\u00f2 anche includere link ad altri siti web. Questi link sono forniti per vostra comodit\u00e0 per fornire ulteriori informazioni. Essi non significano che approviamo i siti web. Non siamo responsabili del contenuto dei siti web collegati.<\/li>\n<li> Il vostro uso di questo sito web e qualsiasi controversia derivante da tale uso del sito web \u00e8 soggetto alle leggi di Inghilterra, Irlanda del Nord, Scozia e Galles.<\/li>\n<\/ul>","protected":false},"excerpt":{"rendered":"<p>SI PREGA DI LEGGERE ATTENTAMENTE PRIMA DI UTILIZZARE QUESTO SITO WEB. Benvenuti su CompareMyJet.com. Se si continua a navigare e utilizzare questo sito web, l'utente accetta di rispettare e di essere vincolato dai seguenti termini e condizioni d'uso, che insieme alla nostra politica sulla privacy regolano il rapporto di CompareMyJet.com con voi in relazione a questo sito. Se tu ...<\/p>","protected":false},"author":1,"featured_media":0,"parent":0,"menu_order":0,"comment_status":"closed","ping_status":"closed","template":"","meta":{"_acf_changed":false,"_genesis_hide_title":false,"_genesis_hide_breadcrumbs":false,"_genesis_hide_singular_image":false,"_genesis_hide_footer_widgets":false,"_genesis_custom_body_class":"","_genesis_custom_post_class":"","_genesis_layout":"","footnotes":""},"class_list":{"1":"page","2":"type-page","5":"entry"},"acf":[],"_links":{"self":[{"href":"https:\/\/comparemyjet.com\/it\/wp-json\/wp\/v2\/pages\/2829","targetHints":{"allow":["GET"]}}],"collection":[{"href":"https:\/\/comparemyjet.com\/it\/wp-json\/wp\/v2\/pages"}],"about":[{"href":"https:\/\/comparemyjet.com\/it\/wp-json\/wp\/v2\/types\/page"}],"author":[{"embeddable":true,"href":"https:\/\/comparemyjet.com\/it\/wp-json\/wp\/v2\/users\/1"}],"replies":[{"embeddable":true,"href":"https:\/\/comparemyjet.com\/it\/wp-json\/wp\/v2\/comments?post=2829"}],"version-history":[{"count":2,"href":"https:\/\/comparemyjet.com\/it\/wp-json\/wp\/v2\/pages\/2829\/revisions"}],"predecessor-version":[{"id":2831,"href":"https:\/\/comparemyjet.com\/it\/wp-json\/wp\/v2\/pages\/2829\/revisions\/2831"}],"wp:attachment":[{"href":"https:\/\/comparemyjet.com\/it\/wp-json\/wp\/v2\/media?parent=2829"}],"curies":[{"name":"wp","href":"https:\/\/api.w.org\/{rel}","templated":true}]}}