{"id":3061,"date":"2022-07-11T23:51:35","date_gmt":"2022-07-11T23:51:35","guid":{"rendered":"https:\/\/comparemyjet.com\/?page_id=3061"},"modified":"2025-09-04T09:58:14","modified_gmt":"2025-09-04T09:58:14","slug":"amalfi-jet","status":"publish","type":"page","link":"https:\/\/comparemyjet.com\/it\/amalfi-jet\/","title":{"rendered":"Prezzi dei voli Amalfi Jets"},"content":{"rendered":"<p>Non c'\u00e8 niente di meglio che viaggiare in tutto il mondo a bordo di un jet privato. Per rendere pi\u00f9 piacevole l'esperienza del volo privato, Amalfi Jets invia uno dei suoi rappresentanti all'aeroporto per accogliere ogni cliente prima della partenza e garantire che ogni dettaglio sia curato per un volo piacevole.&nbsp;<\/p>\r\n\r\n\r\n\r\n<p>L'azienda offre servizi come i programmi di noleggio on-demand e le carte jet. Promette inoltre una disponibilit\u00e0 assicurata con un preavviso di sole 18 ore e la possibilit\u00e0 di usufruire di upgrade gratuiti dell'aereo e di molti altri vantaggi. Esploriamo in dettaglio i vantaggi di volare con i jet di Amalfi.<\/p>\r\n\r\n\r\n\r\n<div id=\"ez-toc-container\" class=\"ez-toc-v2_0_76 counter-hierarchy ez-toc-counter ez-toc-grey ez-toc-container-direction\">\n<p class=\"ez-toc-title\" style=\"cursor:inherit\">Argomenti<\/p>\n<label for=\"ez-toc-cssicon-toggle-item-69f6a087dac0e\" class=\"ez-toc-cssicon-toggle-label\"><span class=\"\"><span class=\"eztoc-hide\" style=\"display:none;\">Toggle<\/span><span class=\"ez-toc-icon-toggle-span\"><svg style=\"fill: #999;color:#999\" xmlns=\"http:\/\/www.w3.org\/2000\/svg\" class=\"list-377408\" width=\"20px\" height=\"20px\" viewbox=\"0 0 24 24\" fill=\"none\"><path d=\"M6 6H4v2h2V6zm14 0H8v2h12V6zM4 11h2v2H4v-2zm16 0H8v2h12v-2zM4 16h2v2H4v-2zm16 0H8v2h12v-2z\" fill=\"currentColor\"><\/path><\/svg><svg style=\"fill: #999;color:#999\" class=\"arrow-unsorted-368013\" xmlns=\"http:\/\/www.w3.org\/2000\/svg\" width=\"10px\" height=\"10px\" viewbox=\"0 0 24 24\" version=\"1.2\" baseprofile=\"tiny\"><path d=\"M18.2 9.3l-6.2-6.3-6.2 6.3c-.2.2-.3.4-.3.7s.1.5.3.7c.2.2.4.3.7.3h11c.3 0 .5-.1.7-.3.2-.2.3-.5.3-.7s-.1-.5-.3-.7zM5.8 14.7l6.2 6.3 6.2-6.3c.2-.2.3-.5.3-.7s-.1-.5-.3-.7c-.2-.2-.4-.3-.7-.3h-11c-.3 0-.5.1-.7.3-.2.2-.3.5-.3.7s.1.5.3.7z\"\/><\/svg><\/span><\/span><\/label><input type=\"checkbox\"  id=\"ez-toc-cssicon-toggle-item-69f6a087dac0e\" checked aria-label=\"Toggle\" \/><nav><ul class='ez-toc-list ez-toc-list-level-1' ><li class='ez-toc-page-1 ez-toc-heading-level-2'><a class=\"ez-toc-link ez-toc-heading-1\" href=\"https:\/\/comparemyjet.com\/it\/amalfi-jet\/#Company_History\" >Storia dell'azienda<\/a><ul class='ez-toc-list-level-3' ><li class='ez-toc-heading-level-3'><a class=\"ez-toc-link ez-toc-heading-2\" href=\"https:\/\/comparemyjet.com\/it\/amalfi-jet\/#Why_Choose_Amalfi_Jets\" >Perch\u00e9 scegliere Amalfi Jets?<\/a><\/li><\/ul><\/li><li class='ez-toc-page-1 ez-toc-heading-level-2'><a class=\"ez-toc-link ez-toc-heading-3\" href=\"https:\/\/comparemyjet.com\/it\/amalfi-jet\/#Ways_to_Fly\" >Modi di volare<\/a><\/li><li class='ez-toc-page-1 ez-toc-heading-level-2'><a class=\"ez-toc-link ez-toc-heading-4\" href=\"https:\/\/comparemyjet.com\/it\/amalfi-jet\/#The_Company_Card_Program\" >Il programma di carte aziendali<\/a><\/li><li class='ez-toc-page-1 ez-toc-heading-level-2'><a class=\"ez-toc-link ez-toc-heading-5\" href=\"https:\/\/comparemyjet.com\/it\/amalfi-jet\/#Pricing\" >Prezzi<\/a><\/li><li class='ez-toc-page-1 ez-toc-heading-level-2'><a class=\"ez-toc-link ez-toc-heading-6\" href=\"https:\/\/comparemyjet.com\/it\/amalfi-jet\/#The_Fleet\" >La flotta&nbsp;<\/a><ul class='ez-toc-list-level-3' ><li class='ez-toc-heading-level-3'><a class=\"ez-toc-link ez-toc-heading-7\" href=\"https:\/\/comparemyjet.com\/it\/amalfi-jet\/#1_Light_Private_Jets\" >1. Jet privati leggeri<\/a><\/li><li class='ez-toc-page-1 ez-toc-heading-level-3'><a class=\"ez-toc-link ez-toc-heading-8\" href=\"https:\/\/comparemyjet.com\/it\/amalfi-jet\/#2_Midsize_and_Super-Midsize_Private_Jets\" >2. Jet privati di medie e super medie dimensioni&nbsp;<\/a><\/li><li class='ez-toc-page-1 ez-toc-heading-level-3'><a class=\"ez-toc-link ez-toc-heading-9\" href=\"https:\/\/comparemyjet.com\/it\/amalfi-jet\/#3_Large_Private_Jets\" >3. Jet privati di grandi dimensioni<\/a><\/li><li class='ez-toc-page-1 ez-toc-heading-level-3'><a class=\"ez-toc-link ez-toc-heading-10\" href=\"https:\/\/comparemyjet.com\/it\/amalfi-jet\/#4_Ultra-Long-Range_Private_Jets\" >4. Jet privati a lunghissimo raggio<\/a><\/li><\/ul><\/li><li class='ez-toc-page-1 ez-toc-heading-level-2'><a class=\"ez-toc-link ez-toc-heading-11\" href=\"https:\/\/comparemyjet.com\/it\/amalfi-jet\/#Company_Safety_Policy_and_Standards\" >Politica e standard di sicurezza dell'azienda<\/a><\/li><li class='ez-toc-page-1 ez-toc-heading-level-2'><a class=\"ez-toc-link ez-toc-heading-12\" href=\"https:\/\/comparemyjet.com\/it\/amalfi-jet\/#Partnerships\" >Partenariati<\/a><\/li><li class='ez-toc-page-1 ez-toc-heading-level-2'><a class=\"ez-toc-link ez-toc-heading-13\" href=\"https:\/\/comparemyjet.com\/it\/amalfi-jet\/#Conclusion\" >Conclusione<\/a><\/li><\/ul><\/nav><\/div>\n<h2 class=\"wp-block-heading\"><span class=\"ez-toc-section\" id=\"Company_History\"><\/span>Storia dell'azienda<span class=\"ez-toc-section-end\"><\/span><\/h2>\r\n\r\n\r\n\r\n<p>Amalfi Jets \u00e8 un <a href=\"https:\/\/comparemyjet.com\/it\/how-do-you-rent-or-charter-a-private-jet\/\" data-internallinksmanager029f6b8e52c=\"15\" title=\"Come si fa a noleggiare un jet privato?\">noleggio di jet privati<\/a> agenzia fondata da Kolin Jones nel 2020. Con sede a <a href=\"https:\/\/comparemyjet.com\/it\/tour-privati\/los-angeles-private-tours\/\" data-internallinksmanager029f6b8e52c=\"421\" title=\"11 migliori tour privati di Los Angeles da $55.00\">Los Angeles<\/a>Amalfi offre ai viaggiatori sia un servizio di leasing su richiesta che un'opzione di iscrizione per i frequent flyer. Privati, aziende e famiglie hanno beneficiato dei servizi di volo specializzati dell'azienda, come il catering personalizzato e il servizio di auto nere complementari.&nbsp;<\/p>\r\n\r\n\r\n\r\n<p>Amalfi Jets, LLC \u00e8 una delle imprese in pi\u00f9 rapida crescita nel settore dell'aviazione sotto la guida di Kolin. Dalla prontezza dei suoi piloti e del suo staff alla garanzia della sicurezza dei suoi clienti, Amalfi jets prende ogni precauzione per assicurarsi che il vostro viaggio si svolga senza intoppi, in modo che non abbiate nulla di cui preoccuparvi oltre a divertirvi su un aereo privato.<\/p>\r\n\r\n\r\n\r\n<p>Amalfi Jets dispone di un'ampia rete di circa 2.000 aeromobili dislocati in tutto il mondo. Tutti i voli sono condotti da <a href=\"https:\/\/www.faa.gov\/\" target=\"_blank\" rel=\"noopener\">FAA<\/a>-operatori aerei certificati Part 135 o loro equivalenti in altri Paesi.&nbsp;<\/p>\r\n\r\n\r\n\r\n<h3 class=\"wp-block-heading\"><span class=\"ez-toc-section\" id=\"Why_Choose_Amalfi_Jets\"><\/span>Perch\u00e9 scegliere Amalfi Jets?<span class=\"ez-toc-section-end\"><\/span><\/h3>\r\n\r\n\r\n\r\n<p>Amalfi Jets si impegna a fornire la migliore qualit\u00e0 di servizio al cliente. Una cosa che li distingue dalle altre compagnie di charter privati \u00e8 il loro team globale di rappresentanti di Amalfi, che si occupano di accogliere i passeggeri in ogni singolo punto di partenza.&nbsp;<\/p>\r\n\r\n\r\n\r\n<p>L'azienda fornisce anche il prelievo gratuito da casa vostra o dal punto di partenza del vostro viaggio, offrendo un servizio di auto nere in SUV per tutti i viaggiatori. In ogni viaggio che pianificherete e realizzerete con Amalfi Jets, riceverete un servizio taxi dal punto di partenza all'aeroporto di arrivo. Saranno i vostri accompagnatori per tutto il viaggio.<\/p>\r\n\r\n\r\n\r\n<p>Per quanto riguarda il catering a bordo, Amalfi Jets \u00e8 lieta di collaborare con alcuni degli chef pi\u00f9 rinomati al mondo. Prima di ogni viaggio, il personale del servizio clienti prepara i menu da scegliere in base alle vostre preferenze e alla vostra dieta.<\/p>\r\n\r\n\r\n\r\n<p>Inoltre, i loro consulenti aeronautici vi aiuteranno a scegliere l'aereo giusto e pi\u00f9 conveniente per il vostro viaggio specifico tra oltre 2.000 velivoli. Ogni viaggio \u00e8 supervisionato da specialisti dell'aviazione per garantire un servizio di qualit\u00e0 e la soddisfazione del cliente.<\/p>\r\n\r\n\r\n\r\n<h2 class=\"wp-block-heading\"><span class=\"ez-toc-section\" id=\"Ways_to_Fly\"><\/span>Modi di volare<span class=\"ez-toc-section-end\"><\/span><\/h2>\r\n\r\n\r\n\r\n<p>Ci sono due modi per volare con Amalfi Jets:<\/p>\r\n\r\n\r\n\r\n<ol class=\"wp-block-list\"><li>Richiedere le alternative di aeromobile disponibili per ogni singolo viaggio attraverso il sistema di gestione dei dati. <a href=\"https:\/\/amalfijets.com\/on-demand-charter\/\" target=\"_blank\" rel=\"noopener\">su richiesta<\/a> aspetto charter.&nbsp;<\/li><li>Diventare un <a href=\"https:\/\/amalfijets.com\/the-amalfi-one-jet-card-program\/\" target=\"_blank\" rel=\"noopener\">Una carta Jet<\/a> membro se siete un frequent flyer che vuole possedere un aeroplano senza pagare le tasse che ne derivano.<\/li><\/ol>\r\n\r\n\r\n\r\n<p>Analizziamo il programma di adesione in modo pi\u00f9 dettagliato.<\/p>\r\n\r\n\r\n\r\n<h2 class=\"wp-block-heading\"><span class=\"ez-toc-section\" id=\"The_Company_Card_Program\"><\/span>Il programma di carte aziendali<span class=\"ez-toc-section-end\"><\/span><\/h2>\r\n\r\n\r\n\r\n<p>L'obiettivo del programma Amalfi One Jet Card \u00e8 quello di offrirvi una rete di servizi che vi permetta di godere del meglio che il settore ha da offrire: un viaggio in tutto il mondo.<\/p>\r\n\r\n\r\n\r\n<p>La carta Amalfi One Jet \u00e8 l'unica carta jet del settore che pu\u00f2 essere utilizzata in pi\u00f9 di 30 paesi diversi. In qualit\u00e0 di titolari della carta, potete volare e pagare all'ora, purch\u00e9 viaggiate all'interno o tra i Paesi dell'area di servizio principale della compagnia. Indipendentemente dalla destinazione del vostro viaggio, potete essere certi che una flotta di aeroplani vi attender\u00e0 per trasportarvi a destinazione.<\/p>\r\n\r\n\r\n\r\n<p>Un altro vantaggio di essere titolari di una carta \u00e8 che potete noleggiare un jet solo con un preavviso di 18 ore negli Stati Uniti, o di 72 ore per le altre localit\u00e0 all'interno dell'area di servizio principale di Amalfis.<\/p>\r\n\r\n\r\n\r\n<p>Infine, ma non meno importante, in qualit\u00e0 di titolari di carta, riceverete un servizio di auto nere gratuito, un catering personalizzato su ogni volo e gli alcolici e le bevande che preferite. Un rappresentante di Amalfi Jets vi accoglier\u00e0 in ogni aeroporto di partenza per assicurarsi che riceviate il miglior livello di servizio.<\/p>\r\n\r\n\r\n\r\n<h2 class=\"wp-block-heading\"><span class=\"ez-toc-section\" id=\"Pricing\"><\/span>Prezzi<span class=\"ez-toc-section-end\"><\/span><\/h2>\r\n\r\n\r\n\r\n<p>Per il Programma One \u00e8 richiesto un deposito iniziale minimo di $50.000 USD, con l'intero importo di $50.000 che viene immediatamente versato sul conto di volo per i viaggi, e non sono previste spese di iscrizione, spese annuali, quote o costi di iniziazione.<\/p>\r\n\r\n\r\n\r\n<p>In qualit\u00e0 di membri del programma One Jet Card, pagate le seguenti tariffe orarie:<\/p>\r\n\r\n\r\n\r\n<ul class=\"wp-block-list\"><li>$5.800 per i getti leggeri;&nbsp;<\/li><li>$7.800 per i jet di medie dimensioni;&nbsp;<\/li><li>$9.800 per i jet di medie dimensioni;&nbsp;<\/li><li>$10.800 per i jet a grande cabina;&nbsp;<\/li><li>$13.500 per i jet a lunghissimo raggio.<\/li><\/ul>\r\n\r\n\r\n\r\n<h2 class=\"wp-block-heading\"><span class=\"ez-toc-section\" id=\"The_Fleet\"><\/span>La flotta&nbsp;<span class=\"ez-toc-section-end\"><\/span><\/h2>\r\n\r\n\r\n\r\n<figure class=\"wp-block-image size-full is-style-default\"><img loading=\"lazy\" decoding=\"async\" width=\"1000\" height=\"667\" src=\"https:\/\/comparemyjet.com\/wp-content\/uploads\/2022\/07\/amalfi.jets_.white_.private.jet_.on_.the_.runway.jpg\" alt=\"amalfi.jets.bianco.aereo.privato.sulla.pista.di.atterraggio\" class=\"wp-image-3067\" srcset=\"https:\/\/comparemyjet.com\/wp-content\/uploads\/2022\/07\/amalfi.jets_.white_.private.jet_.on_.the_.runway-18x12.jpg 18w, https:\/\/comparemyjet.com\/wp-content\/uploads\/2022\/07\/amalfi.jets_.white_.private.jet_.on_.the_.runway-300x200.jpg 300w, https:\/\/comparemyjet.com\/wp-content\/uploads\/2022\/07\/amalfi.jets_.white_.private.jet_.on_.the_.runway-768x512.jpg 768w, https:\/\/comparemyjet.com\/wp-content\/uploads\/2022\/07\/amalfi.jets_.white_.private.jet_.on_.the_.runway.jpg 1000w\" sizes=\"auto, (max-width: 1000px) 100vw, 1000px\" \/><\/figure>\r\n\r\n\r\n\r\n<p>Date un'occhiata alle seguenti categorie di jet e utilizzate le nostre spiegazioni per scegliere l'aereo ideale per il vostro prossimo viaggio.<\/p>\r\n\r\n\r\n\r\n<h3 class=\"wp-block-heading\"><span class=\"ez-toc-section\" id=\"1_Light_Private_Jets\"><\/span>1. Jet privati leggeri<span class=\"ez-toc-section-end\"><\/span><\/h3>\r\n\r\n\r\n\r\n<p>Se il viaggio dura al massimo tre ore, con un piccolo gruppo di 4-6 passeggeri, i jet della categoria aerei leggeri sono una scelta conveniente.&nbsp;<\/p>\r\n\r\n\r\n\r\n<p>Gli aviogetti leggeri sono una scelta comune grazie ai loro bassi costi operativi e all'elevata efficienza. Alcuni jet leggeri possono essere relativamente piccoli, mentre altri sono pi\u00f9 grandi di quanto ci si aspetterebbe, quindi tutto dipende dal modello di aereo. Non ci sono tavoli o servizi igienici e di solito non c'\u00e8 spazio per stare in piedi, motivo per cui gli assistenti di volo di solito non accompagnano i passeggeri su questi jet. Tuttavia, offrono voli pi\u00f9 tranquilli rispetto ai turboelica a un costo contenuto e sono perfetti per le piste pi\u00f9 piccole.&nbsp;<\/p>\r\n\r\n\r\n\r\n<h3 class=\"wp-block-heading\"><span class=\"ez-toc-section\" id=\"2_Midsize_and_Super-Midsize_Private_Jets\"><\/span>2. Jet privati di medie e super medie dimensioni&nbsp;<span class=\"ez-toc-section-end\"><\/span><\/h3>\r\n\r\n\r\n\r\n<p>La categoria midsize, che pu\u00f2 ospitare fino a 9 passeggeri, \u00e8 popolare per viaggi fino a 4 ore e per i passeggeri che desiderano una maggiore capacit\u00e0 di bagaglio, una cabina spaziosa e una sistemazione sofisticata. A differenza dei jet leggeri, gli aeromobili di categoria media sono dotati di vani di ristoro pi\u00f9 ampi, che consentono di portare a bordo cibo e snack aggiuntivi, nonch\u00e9 bevande. La categoria degli aerei super midsize \u00e8 un'altra delle preferite dai clienti. Questi jet privati dispongono di cabine stand-up, posti a sedere per un massimo di 9 passeggeri e la possibilit\u00e0 di viaggiare attraverso i continenti.<\/p>\r\n\r\n\r\n\r\n<h3 class=\"wp-block-heading\"><span class=\"ez-toc-section\" id=\"3_Large_Private_Jets\"><\/span>3. Jet privati di grandi dimensioni<span class=\"ez-toc-section-end\"><\/span><\/h3>\r\n\r\n\r\n\r\n<p>La classe dei jet privati di grandi dimensioni \u00e8 la pi\u00f9 adatta per i voli intercontinentali o per le grandi feste, grazie alle cabine spaziose, indipendentemente dalla portata del viaggio. Questa classe di jet privati offre inoltre eccellenti prestazioni in pista, velocit\u00e0 di salita e di crociera, una maggiore capacit\u00e0 di passeggeri e bagagli e un'autonomia superiore.&nbsp;<\/p>\r\n\r\n\r\n\r\n<p>Gli aerei pesanti possono trasportare circa quindici passeggeri, con posto letto per sei. Su quasi tutti gli aerei pesanti sono disponibili letti per dormire, aree per la conservazione del cibo, bagni e moderni sistemi di intrattenimento, e durante il volo \u00e8 presente almeno un assistente di volo.&nbsp;<\/p>\r\n\r\n\r\n\r\n<p>A circa 500 miglia all'ora, i jet pesanti hanno un'autonomia di circa 6.000 miglia. Sono pi\u00f9 piccoli degli aerei commerciali e offrono una gamma pi\u00f9 ampia di opzioni di atterraggio.&nbsp;<\/p>\r\n\r\n\r\n\r\n<h3 class=\"wp-block-heading\"><span class=\"ez-toc-section\" id=\"4_Ultra-Long-Range_Private_Jets\"><\/span>4. Jet privati a lunghissimo raggio<span class=\"ez-toc-section-end\"><\/span><\/h3>\r\n\r\n\r\n\r\n<p>Se avete bisogno di essere dall'altra parte del mondo in tempi brevissimi, i jet a lunghissimo raggio fanno al caso vostro. Questa categoria comprende jet in grado di volare tra gli 8.500 e i 12.900 chilometri senza fermarsi per il carburante. Questi aerei privati sono spaziosi e piacevoli, con tre zone designate per lavorare, sedersi e riposare. L'altezza della cabina varia da 1,85 a 1,95 metri.&nbsp;<\/p>\r\n\r\n\r\n\r\n<h2 class=\"wp-block-heading\"><span class=\"ez-toc-section\" id=\"Company_Safety_Policy_and_Standards\"><\/span>Politica e standard di sicurezza dell'azienda<span class=\"ez-toc-section-end\"><\/span><\/h2>\r\n\r\n\r\n\r\n<p>Tutti i voli sono condotti da vettori aerei FAA Part 135 certificati per la sicurezza. Tutti gli aeromobili sono dotati di attrezzature all'avanguardia e di piloti con una vasta esperienza. Due piloti controllano ogni volo Jet Card e vengono utilizzati solo aeromobili ed equipaggi sottoposti a un controllo di sicurezza completo di terza parte da parte di ARG\/US, Wyvern o IS-BAO.<\/p>\r\n\r\n\r\n\r\n<h2 class=\"wp-block-heading\"><span class=\"ez-toc-section\" id=\"Partnerships\"><\/span>Partenariati<span class=\"ez-toc-section-end\"><\/span><\/h2>\r\n\r\n\r\n\r\n<figure class=\"wp-block-image size-full is-style-default\"><img loading=\"lazy\" decoding=\"async\" width=\"1000\" height=\"667\" src=\"https:\/\/comparemyjet.com\/wp-content\/uploads\/2022\/07\/white.plane_.flying.over_.buildings.jpg\" alt=\"\" class=\"wp-image-3064\" srcset=\"https:\/\/comparemyjet.com\/wp-content\/uploads\/2022\/07\/white.plane_.flying.over_.buildings-18x12.jpg 18w, https:\/\/comparemyjet.com\/wp-content\/uploads\/2022\/07\/white.plane_.flying.over_.buildings-300x200.jpg 300w, https:\/\/comparemyjet.com\/wp-content\/uploads\/2022\/07\/white.plane_.flying.over_.buildings-768x512.jpg 768w, https:\/\/comparemyjet.com\/wp-content\/uploads\/2022\/07\/white.plane_.flying.over_.buildings.jpg 1000w\" sizes=\"auto, (max-width: 1000px) 100vw, 1000px\" \/><\/figure>\r\n\r\n\r\n\r\n<p>Oltre a fornire ai propri clienti servizi di charter e l'iscrizione alla Jet Card, Amalfi Jet dispone anche di una rete globale di partner distribuiti nei cinque continenti. Grazie ai loro partner, i titolari di carta hanno accesso a luoghi e vantaggi unici, come ad esempio privilegi in alcuni dei pi\u00f9 raffinati hotel di lusso. <a href=\"https:\/\/comparemyjet.com\/it\/hotels\/\" data-internallinksmanager029f6b8e52c=\"470\" title=\"I 100 migliori hotel vicino agli aeroporti di tutto il mondo\">alberghi<\/a>, club gastronomici e altri luoghi di cultura e intrattenimento.&nbsp;<\/p>\r\n\r\n\r\n\r\n<p>La carta Amalfi One Jet \u00e8 accettata in 32 Paesi, per cui \u00e8 possibile viaggiare nella maggior parte del mondo.&nbsp;<\/p>\r\n\r\n\r\n\r\n<p>Amalfi Jets \u00e8 onorata di lavorare con alcune delle aziende pi\u00f9 prestigiose del mondo, come The Ritz - Carlton Residences, The Langham - Langham, The Langham - Carlton Residences, The Langham - The Langham - Carlton, The Langham - The Langham - The Langham - The Langham - The Langham - The Langham. <a href=\"https:\/\/comparemyjet.com\/it\/tour-privati\/sydney-private-tours\/\" data-internallinksmanager029f6b8e52c=\"208\" title=\"11 migliori tour privati di Sydney da $31.99\">Sydney<\/a>, Hotel Palace - <a href=\"https:\/\/comparemyjet.com\/it\/noleggio-di-jet-privati-a-tokyo\/\" data-internallinksmanager029f6b8e52c=\"121\" title=\"Noleggio di jet privati a Tokyo\">Tokyo<\/a>, Castello di Amorosa - <a href=\"https:\/\/comparemyjet.com\/it\/tour-privati\/napa-private-tours\/\" data-internallinksmanager029f6b8e52c=\"424\" title=\"11 migliori tour privati di Napa da $99.00\">Napa<\/a> Valley, Stein Eriksen Lodge e molti altri.<\/p>\r\n\r\n\r\n\r\n<h2 class=\"wp-block-heading\"><span class=\"ez-toc-section\" id=\"Conclusion\"><\/span>Conclusione<span class=\"ez-toc-section-end\"><\/span><\/h2>\r\n\r\n\r\n\r\n<p>\u00c8 fondamentale affidarsi a una compagnia di charter affidabile per la sicurezza vostra e della vostra famiglia. Se vi state chiedendo a chi rivolgervi quando le tariffe di noleggio degli aerei e il carburante per i jet aumentano di secondo in secondo, rivolgetevi ad Amalfi Jets. La loro attenzione ai dettagli e il loro servizio clienti garantiscono un viaggio sicuro e soddisfacente. Il programma One Jet Card vi offre tariffe orarie ridotte, accesso al vostro jet preferito in sole 18 ore, senza costi aggiuntivi o date non disponibili.&nbsp;<\/p>","protected":false},"excerpt":{"rendered":"<p>Non c'\u00e8 niente di meglio che viaggiare in tutto il mondo a bordo di un jet privato. Per rendere pi\u00f9 piacevole l'esperienza del volo privato, Amalfi Jets invia uno dei suoi rappresentanti all'aeroporto per accogliere ogni cliente prima della partenza e garantire che ogni dettaglio sia curato per un volo piacevole.  L'azienda fornisce servizi quali ...<\/p>","protected":false},"author":2,"featured_media":3063,"parent":0,"menu_order":0,"comment_status":"closed","ping_status":"closed","template":"","meta":{"_acf_changed":false,"_genesis_hide_title":false,"_genesis_hide_breadcrumbs":false,"_genesis_hide_singular_image":false,"_genesis_hide_footer_widgets":false,"_genesis_custom_body_class":"","_genesis_custom_post_class":"","_genesis_layout":"","footnotes":""},"class_list":{"1":"page","2":"type-page","6":"entry"},"acf":[],"_links":{"self":[{"href":"https:\/\/comparemyjet.com\/it\/wp-json\/wp\/v2\/pages\/3061","targetHints":{"allow":["GET"]}}],"collection":[{"href":"https:\/\/comparemyjet.com\/it\/wp-json\/wp\/v2\/pages"}],"about":[{"href":"https:\/\/comparemyjet.com\/it\/wp-json\/wp\/v2\/types\/page"}],"author":[{"embeddable":true,"href":"https:\/\/comparemyjet.com\/it\/wp-json\/wp\/v2\/users\/2"}],"replies":[{"embeddable":true,"href":"https:\/\/comparemyjet.com\/it\/wp-json\/wp\/v2\/comments?post=3061"}],"version-history":[{"count":3,"href":"https:\/\/comparemyjet.com\/it\/wp-json\/wp\/v2\/pages\/3061\/revisions"}],"predecessor-version":[{"id":3437,"href":"https:\/\/comparemyjet.com\/it\/wp-json\/wp\/v2\/pages\/3061\/revisions\/3437"}],"wp:featuredmedia":[{"embeddable":true,"href":"https:\/\/comparemyjet.com\/it\/wp-json\/wp\/v2\/media\/3063"}],"wp:attachment":[{"href":"https:\/\/comparemyjet.com\/it\/wp-json\/wp\/v2\/media?parent=3061"}],"curies":[{"name":"wp","href":"https:\/\/api.w.org\/{rel}","templated":true}]}}