{"id":3070,"date":"2022-07-11T23:51:45","date_gmt":"2022-07-11T23:51:45","guid":{"rendered":"https:\/\/comparemyjet.com\/?page_id=3070"},"modified":"2025-09-04T09:58:16","modified_gmt":"2025-09-04T09:58:16","slug":"concord-private-jet","status":"publish","type":"page","link":"https:\/\/comparemyjet.com\/it\/concord-private-jet\/","title":{"rendered":"Prezzi dei voli con jet privato Concord"},"content":{"rendered":"<p>Concord Private Jet \u00e8 stata fondata sul principio di fornire i migliori aerei ai prezzi pi\u00f9 bassi possibili. L'azienda opera come broker di voli charter, noleggiando aerei privati per i propri clienti.<\/p>\r\n\r\n\r\n\r\n<p>Il proprietario, Neal Impellizzeri, supervisiona ogni Fleet Access Card e si assicura che tutto, dalla programmazione al catering o al trasferimento, sia perfetto per voi. Impellizzeri apprezza il valore della puntualit\u00e0 e lui e il suo team sono accessibili 24 ore su 24, 7 giorni su 7, per garantire che ogni programma sia rigorosamente rispettato. Vediamo in dettaglio cos'altro ha da offrire Concord Private.<\/p>\r\n\r\n\r\n\r\n<div id=\"ez-toc-container\" class=\"ez-toc-v2_0_76 counter-hierarchy ez-toc-counter ez-toc-grey ez-toc-container-direction\">\n<p class=\"ez-toc-title\" style=\"cursor:inherit\">Argomenti<\/p>\n<label for=\"ez-toc-cssicon-toggle-item-69f19709673c0\" class=\"ez-toc-cssicon-toggle-label\"><span class=\"\"><span class=\"eztoc-hide\" style=\"display:none;\">Toggle<\/span><span class=\"ez-toc-icon-toggle-span\"><svg style=\"fill: #999;color:#999\" xmlns=\"http:\/\/www.w3.org\/2000\/svg\" class=\"list-377408\" width=\"20px\" height=\"20px\" viewbox=\"0 0 24 24\" fill=\"none\"><path d=\"M6 6H4v2h2V6zm14 0H8v2h12V6zM4 11h2v2H4v-2zm16 0H8v2h12v-2zM4 16h2v2H4v-2zm16 0H8v2h12v-2z\" fill=\"currentColor\"><\/path><\/svg><svg style=\"fill: #999;color:#999\" class=\"arrow-unsorted-368013\" xmlns=\"http:\/\/www.w3.org\/2000\/svg\" width=\"10px\" height=\"10px\" viewbox=\"0 0 24 24\" version=\"1.2\" baseprofile=\"tiny\"><path d=\"M18.2 9.3l-6.2-6.3-6.2 6.3c-.2.2-.3.4-.3.7s.1.5.3.7c.2.2.4.3.7.3h11c.3 0 .5-.1.7-.3.2-.2.3-.5.3-.7s-.1-.5-.3-.7zM5.8 14.7l6.2 6.3 6.2-6.3c.2-.2.3-.5.3-.7s-.1-.5-.3-.7c-.2-.2-.4-.3-.7-.3h-11c-.3 0-.5.1-.7.3-.2.2-.3.5-.3.7s.1.5.3.7z\"\/><\/svg><\/span><\/span><\/label><input type=\"checkbox\"  id=\"ez-toc-cssicon-toggle-item-69f19709673c0\" checked aria-label=\"Toggle\" \/><nav><ul class='ez-toc-list ez-toc-list-level-1' ><li class='ez-toc-page-1 ez-toc-heading-level-2'><a class=\"ez-toc-link ez-toc-heading-1\" href=\"https:\/\/comparemyjet.com\/it\/concord-private-jet\/#Company_History\" >Storia dell'azienda<\/a><\/li><li class='ez-toc-page-1 ez-toc-heading-level-2'><a class=\"ez-toc-link ez-toc-heading-2\" href=\"https:\/\/comparemyjet.com\/it\/concord-private-jet\/#Company_Jet_Card_Program\" >Programma Jet Card aziendale<\/a><\/li><li class='ez-toc-page-1 ez-toc-heading-level-2'><a class=\"ez-toc-link ez-toc-heading-3\" href=\"https:\/\/comparemyjet.com\/it\/concord-private-jet\/#The_Fleet\" >La flotta&nbsp;<\/a><ul class='ez-toc-list-level-3' ><li class='ez-toc-heading-level-3'><a class=\"ez-toc-link ez-toc-heading-4\" href=\"https:\/\/comparemyjet.com\/it\/concord-private-jet\/#1_Light_Private_Jets\" >1. Jet privati leggeri<\/a><ul class='ez-toc-list-level-4' ><li class='ez-toc-heading-level-4'><a class=\"ez-toc-link ez-toc-heading-5\" href=\"https:\/\/comparemyjet.com\/it\/concord-private-jet\/#Our_Recommendation_Premier_I\" >Il nostro consiglio: Premier I<\/a><\/li><\/ul><\/li><li class='ez-toc-page-1 ez-toc-heading-level-3'><a class=\"ez-toc-link ez-toc-heading-6\" href=\"https:\/\/comparemyjet.com\/it\/concord-private-jet\/#2_Midsize_Private_Jets\" >2. Jet privati di medie dimensioni<\/a><ul class='ez-toc-list-level-4' ><li class='ez-toc-heading-level-4'><a class=\"ez-toc-link ez-toc-heading-7\" href=\"https:\/\/comparemyjet.com\/it\/concord-private-jet\/#Our_Recommendation_Astra_SPX\" >La nostra raccomandazione: Astra SPX<\/a><\/li><\/ul><\/li><li class='ez-toc-page-1 ez-toc-heading-level-3'><a class=\"ez-toc-link ez-toc-heading-8\" href=\"https:\/\/comparemyjet.com\/it\/concord-private-jet\/#3_Super-Midsize_Private_Jets\" >3. Jet privati di medie dimensioni&nbsp;<\/a><ul class='ez-toc-list-level-4' ><li class='ez-toc-heading-level-4'><a class=\"ez-toc-link ez-toc-heading-9\" href=\"https:\/\/comparemyjet.com\/it\/concord-private-jet\/#Our_Recommendation_The_Citation_Sovereign\" >La nostra raccomandazione: Il Citation Sovereign<\/a><\/li><\/ul><\/li><li class='ez-toc-page-1 ez-toc-heading-level-3'><a class=\"ez-toc-link ez-toc-heading-10\" href=\"https:\/\/comparemyjet.com\/it\/concord-private-jet\/#4_Large_Private_Jets\" >4. Grandi jet privati<\/a><ul class='ez-toc-list-level-4' ><li class='ez-toc-heading-level-4'><a class=\"ez-toc-link ez-toc-heading-11\" href=\"https:\/\/comparemyjet.com\/it\/concord-private-jet\/#Our_Recommendation_The_Falcon_900EX\" >Il nostro consiglio: Il Falcon 900EX<\/a><\/li><\/ul><\/li><\/ul><\/li><li class='ez-toc-page-1 ez-toc-heading-level-2'><a class=\"ez-toc-link ez-toc-heading-12\" href=\"https:\/\/comparemyjet.com\/it\/concord-private-jet\/#Company_Safety_Policy_and_Standards\" >Politica e standard di sicurezza dell'azienda<\/a><\/li><li class='ez-toc-page-1 ez-toc-heading-level-2'><a class=\"ez-toc-link ez-toc-heading-13\" href=\"https:\/\/comparemyjet.com\/it\/concord-private-jet\/#Conclusion\" >Conclusione<\/a><\/li><\/ul><\/nav><\/div>\n<h2 class=\"wp-block-heading\"><span class=\"ez-toc-section\" id=\"Company_History\"><\/span>Storia dell'azienda<span class=\"ez-toc-section-end\"><\/span><\/h2>\r\n\r\n\r\n\r\n<p>Concord Private Jet \u00e8 stata fondata nel 2008 come impresa familiare da Neal Impellizzeri, sua moglie Michelle Impellizzeri e il loro figlio AJ, a New York, <a href=\"https:\/\/comparemyjet.com\/it\/tour-privati\/tour-privati-di-new-york\/\" data-internallinksmanager029f6b8e52c=\"427\" title=\"11 migliori tour privati di New York City da $48.00\">New York<\/a>.&nbsp;<\/p>\r\n\r\n\r\n\r\n<p>Concord \u00e8 una piccola azienda a conduzione familiare che non dispone di un'organizzazione aziendale solida come quella delle aziende pi\u00f9 grandi. Il motivo per cui pu\u00f2 offrire prezzi convenienti e bassi \u00e8 proprio perch\u00e9 non spende decine di migliaia di dollari in marketing e vendite.<\/p>\r\n\r\n\r\n\r\n<p>Concord Private Jet opera charter di terzi. Non ci sono quote di iscrizione e di adesione e il programma di base comprende 25 ore su un jet leggero o su un turboelica. La tariffa oraria \u00e8 fissa e garantita e i titolari di carta possono utilizzare pi\u00f9 aerei contemporaneamente.&nbsp;<\/p>\r\n\r\n\r\n\r\n<p>Impellizzeri ha creato uno schema unico nel suo genere che consente di volare dal punto A al punto B per un prezzo compreso tra %0 e 40% inferiore a quello praticato da altre societ\u00e0 di charter private. Il programma prevede il noleggio di aerei certificati Platinum Argus per soddisfare i criteri pi\u00f9 elevati. Per mettere questo in prospettiva, su circa 3.500 operatori commerciali in tutto il paese, ci sono solo 31 vettori certificati Platinum Argus.<\/p>\r\n\r\n\r\n\r\n<h2 class=\"wp-block-heading\"><span class=\"ez-toc-section\" id=\"Company_Jet_Card_Program\"><\/span>Programma Jet Card aziendale<span class=\"ez-toc-section-end\"><\/span><\/h2>\r\n\r\n\r\n\r\n<figure class=\"wp-block-image size-full is-style-default\"><img loading=\"lazy\" decoding=\"async\" width=\"1000\" height=\"667\" src=\"https:\/\/comparemyjet.com\/wp-content\/uploads\/2022\/07\/private.jet_.pilots.in_.cockpit.jpg\" alt=\"Concord,Jet,privato,piloti,in,cabina,pronti,a,volare\" class=\"wp-image-3072\" srcset=\"https:\/\/comparemyjet.com\/wp-content\/uploads\/2022\/07\/private.jet_.pilots.in_.cockpit-18x12.jpg 18w, https:\/\/comparemyjet.com\/wp-content\/uploads\/2022\/07\/private.jet_.pilots.in_.cockpit-300x200.jpg 300w, https:\/\/comparemyjet.com\/wp-content\/uploads\/2022\/07\/private.jet_.pilots.in_.cockpit-768x512.jpg 768w, https:\/\/comparemyjet.com\/wp-content\/uploads\/2022\/07\/private.jet_.pilots.in_.cockpit.jpg 1000w\" sizes=\"auto, (max-width: 1000px) 100vw, 1000px\" \/><\/figure>\r\n\r\n\r\n\r\n<p>La carta jet privata Concord da 25 ore vi consente di selezionare il modello e la categoria di jet pi\u00f9 adatti alle vostre specifiche esigenze di viaggio. Concord offre il massimo livello di sicurezza alla tariffa oraria pi\u00f9 conveniente, garantita per 24 mesi. Ogni carta pu\u00f2 essere suddivisa in un massimo di quattro pagamenti nell'arco di quattro mesi.<\/p>\r\n\r\n\r\n\r\n<p>Se decidete di diventare titolari di una carta con il programma di membership di Concord Private Jet, potrete godere di vantaggi quali nessuna tassa di pernottamento, nessun atterraggio, riposizionamento o supplemento carburante e nessuna tassa di gestione. L'upgrade (o il downgrade) della classe del vostro jet \u00e8 gratuito e la disponibilit\u00e0 \u00e8 garantita 365 giorni all'anno.<\/p>\r\n\r\n\r\n\r\n<p>I soci hanno inoltre accesso a un concierge di viaggio personale, qualificato a rispondere alle richieste e a offrire informazioni 24 ore su 24.<\/p>\r\n\r\n\r\n\r\n<p>Il programma 25 Hour Jet Card ha un prezzo orario, con tutte le tasse incluse. Ad esempio, per volare con un jet di medie dimensioni si pagher\u00e0 $5.750 all'ora, mentre per volare con un jet della categoria light si pagher\u00e0 $4.750 all'ora.<\/p>\r\n\r\n\r\n\r\n<p>La compagnia non addebita alcuna spesa per il carburante ai possessori di Jet Card e offre ai suoi clienti un menu a scelta per ogni viaggio. Ai clienti vengono addebitate solo le ore di volo effettivamente effettuate.<\/p>\r\n\r\n\r\n\r\n<h2 class=\"wp-block-heading\"><span class=\"ez-toc-section\" id=\"The_Fleet\"><\/span>La flotta&nbsp;<span class=\"ez-toc-section-end\"><\/span><\/h2>\r\n\r\n\r\n\r\n<p>Concord ha un jet privato per tutti, sia che siate alla ricerca di un jet piccolo o grande. In qualit\u00e0 di broker di voli charter, ha accesso a numerosi vettori, il che \u00e8 una buona notizia per voi: avrete la garanzia di ottenere il modello di jet desiderato con un preavviso minimo.<\/p>\r\n\r\n\r\n\r\n<p>Diamo un'occhiata alle categorie e ai modelli di jet che Concord Private Jet ha da offrire.<\/p>\r\n\r\n\r\n\r\n<h3 class=\"wp-block-heading\"><span class=\"ez-toc-section\" id=\"1_Light_Private_Jets\"><\/span>1. Jet privati leggeri<span class=\"ez-toc-section-end\"><\/span><\/h3>\r\n\r\n\r\n\r\n<p>I jet leggeri sono una scelta popolare grazie ai loro prezzi bassi e all'elevata efficienza. Consentono l'accesso a destinazioni difficili da raggiungere, dove solo i piccoli jet possono atterrare a causa delle piste pi\u00f9 corte. L'autonomia di un aereo leggero \u00e8 inferiore alle quattro ore, il che li rende perfetti per i brevi viaggi nazionali. Questi aerei sono abbastanza veloci e vi porteranno a destinazione in pochissimo tempo.<\/p>\r\n\r\n\r\n\r\n<h4 class=\"wp-block-heading\"><span class=\"ez-toc-section\" id=\"Our_Recommendation_Premier_I\"><\/span>Il nostro consiglio: Premier I<span class=\"ez-toc-section-end\"><\/span><\/h4>\r\n\r\n\r\n\r\n<p>Il Beechcraft Premier I fa parte della categoria degli aerei a reazione leggeri, prodotti da <a href=\"https:\/\/comparemyjet.com\/it\/hawker-beechcraft\/\" data-internallinksmanager029f6b8e52c=\"153\" title=\"Guida definitiva ai jet e agli aerei privati Hawker Beechcraft\">Hawker Beechcraft<\/a>. L'aereo \u00e8 stato creato nel 1996, per rivaleggiare con il <a href=\"https:\/\/comparemyjet.com\/it\/cessna\/\" data-internallinksmanager029f6b8e52c=\"145\" title=\"Guida definitiva ai jet e agli aerei privati Cessna\">Cessna<\/a> Famiglia di citazione.<\/p>\r\n\r\n\r\n\r\n<p>Specifiche:<\/p>\r\n\r\n\r\n\r\n<ul class=\"wp-block-list\"><li>Il volume dell'abitacolo \u00e8 di 285 piedi cubi;<\/li><li>Spazio interno per i bagagli di 23 piedi cubi;<\/li><li>Spazio esterno per i bagagli di 55 piedi cubi;<\/li><li>Una velocit\u00e0 massima di crociera di 461 nodi;<\/li><li>Una velocit\u00e0 di crociera normale di 426 nodi;<\/li><li>Pu\u00f2 essere utilizzato da uno o due piloti;<\/li><li>Pu\u00f2 ospitare sei passeggeri;<\/li><li>Un raggio di volo normale di 850 nm;<\/li><li>Una portata massima di volo di 1430 nm.<\/li><\/ul>\r\n\r\n\r\n\r\n<p>Concord Private Jet offre una variet\u00e0 di modelli di jet leggeri, come ad esempio <em>Citation Jet \/CJ1\/CJ2\/CJ3, Nextant 400XT, Citation II\/V\/Bravo\/Encore\/Ultra, Beechjet 400\/400A, <a href=\"https:\/\/comparemyjet.com\/it\/learjet\/\" data-internallinksmanager029f6b8e52c=\"149\" title=\"Guida definitiva ai jet e agli aerei privati Learjet\">Learjet<\/a> 40, Hawker 400XP, <\/em>e la nostra raccomandazione <em>Premier<\/em>.<\/p>\r\n\r\n\r\n\r\n<h3 class=\"wp-block-heading\"><span class=\"ez-toc-section\" id=\"2_Midsize_Private_Jets\"><\/span>2. Jet privati di medie dimensioni<span class=\"ez-toc-section-end\"><\/span><\/h3>\r\n\r\n\r\n\r\n<p>L'autonomia di un jet di medie dimensioni varia, ma non supera le sei ore. Questi aerei sono pi\u00f9 spaziosi di quelli leggeri e offrono un maggiore comfort. Possono effettuare viaggi brevi e pi\u00f9 lunghi, il che li rende piuttosto versatili e sempre una buona scelta quando si ha il dubbio su quale classe di jet noleggiare. Di solito sono dotati di un bagno chiuso, di un angolo cottura e di un maggiore spazio per i bagagli.<\/p>\r\n\r\n\r\n\r\n<h4 class=\"wp-block-heading\"><span class=\"ez-toc-section\" id=\"Our_Recommendation_Astra_SPX\"><\/span>La nostra raccomandazione: Astra SPX<span class=\"ez-toc-section-end\"><\/span><\/h4>\r\n\r\n\r\n\r\n<p>Negli anni '90 Israel Aircraft Industries ha sviluppato l'Astra SPX. Nei primi anni 2000, <a href=\"https:\/\/comparemyjet.com\/it\/corrente-del-golfo\/\" data-internallinksmanager029f6b8e52c=\"175\" title=\"Guida definitiva ai jet e agli aerei privati Gulfstream\">Gulfstream<\/a> acquist\u00f2 il progetto e lo chiam\u00f2 G-100.&nbsp;<\/p>\r\n\r\n\r\n\r\n<p>Astra SPX pu\u00f2 ospitare sette persone. La cabina comprende un divano per tre persone che consente di distendersi e riposare e un sedile per la toilette con cintura.&nbsp;<\/p>\r\n\r\n\r\n\r\n<p>Specifiche e servizi:<\/p>\r\n\r\n\r\n\r\n<ul class=\"wp-block-list\"><li>Pu\u00f2 ospitare sette passeggeri;<\/li><li>La portata massima di volo \u00e8 di 2790 nm;<\/li><li>Una velocit\u00e0 massima di 470 nodi;<\/li><li>Una toilette chiusa a grandezza naturale;&nbsp;<\/li><li>Una grande cucina anteriore;<\/li><li>Internet ad alta velocit\u00e0 GoGo 5G;&nbsp;<\/li><li>Luci LCD e telefono satellitare;&nbsp;<\/li><li>Un sistema di intrattenimento in volo;<\/li><li>L'altezza della cabina \u00e8 di 5' 6\";<\/li><li>La lunghezza della cabina \u00e8 di 17' 1\";<\/li><li>Lo spazio interno per i bagagli \u00e8 di 9 piedi cubi;<\/li><li>Lo spazio esterno per i bagagli \u00e8 di 42 piedi cubi;<\/li><li>Pu\u00f2 essere gestito da due piloti.<\/li><\/ul>\r\n\r\n\r\n\r\n<p>Concord Private Jet offre una variet\u00e0 di modelli di jet in questa classe di aeromobili privati di medie dimensioni, come ad esempio <em>Falcon 20\/200, Citation III\/VI\/VII, G150, Citation Excel\/XLS, Hawker 800\/800XP\/900, Learjet 45\/55\/60, <\/em>e la nostra raccomandazione <em>Astra SPX<\/em>.<\/p>\r\n\r\n\r\n\r\n<h3 class=\"wp-block-heading\"><span class=\"ez-toc-section\" id=\"3_Super-Midsize_Private_Jets\"><\/span>3. Jet privati di medie dimensioni&nbsp;<span class=\"ez-toc-section-end\"><\/span><\/h3>\r\n\r\n\r\n\r\n<p>Con cabine ampie dove si pu\u00f2 stare comodamente in piedi e la capacit\u00e0 di volare tra i continenti, scoprirete perch\u00e9 volare con un jet privato \u00e8 il modo migliore per viaggiare. I jet super-midimensionali hanno una resistenza superiore a quella dei jet medi e possono volare per pi\u00f9 di 7 ore senza fermarsi per il carburante.&nbsp;<\/p>\r\n\r\n\r\n\r\n<h4 class=\"wp-block-heading\"><span class=\"ez-toc-section\" id=\"Our_Recommendation_The_Citation_Sovereign\"><\/span>La nostra raccomandazione: Il Citation Sovereign<span class=\"ez-toc-section-end\"><\/span><\/h4>\r\n\r\n\r\n\r\n<p>Il Cessna Citation Sovereign combina prestazioni eccezionali e lusso. Vanta una grande resistenza a corto raggio e un'ampia autonomia di volo, che lo rendono un'opzione versatile.&nbsp;<\/p>\r\n\r\n\r\n\r\n<p>La spaziosa cabina del Citation Sovereign comprende un'area bevande completa e una configurazione di sedili a doppio club. Viaggiate con stile su uno dei jet privati di medie dimensioni pi\u00f9 lussuosi del settore.<\/p>\r\n\r\n\r\n\r\n<p>Specifiche:<\/p>\r\n\r\n\r\n\r\n<ul class=\"wp-block-list\"><li>Pu\u00f2 ospitare nove passeggeri;<\/li><li>Pu\u00f2 volare per 7:15 ore senza scalo;<\/li><li>Un raggio di volo massimo di 3010 nm;<\/li><li>L'altezza della cabina \u00e8 di 5' 8\";<\/li><li>La larghezza della cabina \u00e8 di 5' 6\";<\/li><li>La lunghezza della cabina \u00e8 di 25' 3\";<\/li><li>Spazio interno per i bagagli di 35 piedi cubi;<\/li><li>Velocit\u00e0 massima di crociera di 459 kts.<\/li><\/ul>\r\n\r\n\r\n\r\n<p>Concord Private Jet offre una variet\u00e0 di aerei privati di medie dimensioni, come ad esempio <em>Citation X, Gulfstream G200\/G280, Falcon 50\/50EX, Challenger 300, <\/em>e la nostra raccomandazione <em>Citazione Sovrano.<\/em><\/p>\r\n\r\n\r\n\r\n<h3 class=\"wp-block-heading\"><span class=\"ez-toc-section\" id=\"4_Large_Private_Jets\"><\/span>4. Grandi jet privati<span class=\"ez-toc-section-end\"><\/span><\/h3>\r\n\r\n\r\n\r\n<p>Se il vostro prossimo viaggio prevede una traversata internazionale o intercontinentale, scegliere un jet di questa classe di aeromobili \u00e8 la scelta giusta. Avrete a disposizione un <a href=\"https:\/\/comparemyjet.com\/it\/i-jet-privati-piu-veloci\/\" data-internallinksmanager029f6b8e52c=\"183\" title=\"Gli 11 jet privati pi\u00f9 veloci del mondo [con immagini].\">getto veloce<\/a> che nella maggior parte dei casi non deve fermarsi per il carburante. Con un jet pesante, riceverete l'ultima esperienza di viaggio con un jet privato e un altro livello di lusso.<\/p>\r\n\r\n\r\n\r\n<h4 class=\"wp-block-heading\"><span class=\"ez-toc-section\" id=\"Our_Recommendation_The_Falcon_900EX\"><\/span>Il nostro consiglio: Il Falcon 900EX<span class=\"ez-toc-section-end\"><\/span><\/h4>\r\n\r\n\r\n\r\n<p>Con un'autonomia di 5.000 miglia, una cabina straordinariamente piacevole e un rivoluzionario design a tre motori, il Falcon 900EX \u00e8 perfetto per i voli transoceanici e offre un'enorme flessibilit\u00e0.&nbsp;<\/p>\r\n\r\n\r\n\r\n<p>Specifiche e servizi:<\/p>\r\n\r\n\r\n\r\n<ul class=\"wp-block-list\"><li>Operato da due piloti;<\/li><li>Pu\u00f2 ospitare dodici passeggeri;<\/li><li>Velocit\u00e0 massima di crociera di 870 km\/h (470 kt);<\/li><li>Un'autonomia massima di volo di 5.180 miglia;<\/li><li>L'altezza della cabina \u00e8 di 6ft 2in;<\/li><li>La lunghezza interna della cabina \u00e8 di 33 piedi e 2 pollici;<\/li><li>Il volume del bagaglio \u00e8 di 127 piedi cubi;<\/li><li>Una cambusa;<\/li><li>Telefono satellitare, fax, sistema di intrattenimento;<\/li><li>Due bagni e una sala trucco.<\/li><\/ul>\r\n\r\n\r\n\r\n<p>Concord Private Jet offre una variet\u00e0 di aerei privati pesanti, come ad esempio<em> Serie Falcon 2000, Challenger 600\/601\/604, Global Express, serie Gulfstream, <\/em>e la nostra raccomandazione <em>Falcon 900EX.<\/em><\/p>\r\n\r\n\r\n\r\n<h2 class=\"wp-block-heading\"><span class=\"ez-toc-section\" id=\"Company_Safety_Policy_and_Standards\"><\/span>Politica e standard di sicurezza dell'azienda<span class=\"ez-toc-section-end\"><\/span><\/h2>\r\n\r\n\r\n\r\n<figure class=\"wp-block-image size-full is-style-default\"><img loading=\"lazy\" decoding=\"async\" width=\"1000\" height=\"707\" src=\"https:\/\/comparemyjet.com\/wp-content\/uploads\/2022\/07\/safejourney.jpg\" alt=\"\" class=\"wp-image-3073\" srcset=\"https:\/\/comparemyjet.com\/wp-content\/uploads\/2022\/07\/safejourney-18x12.jpg 18w, https:\/\/comparemyjet.com\/wp-content\/uploads\/2022\/07\/safejourney-300x212.jpg 300w, https:\/\/comparemyjet.com\/wp-content\/uploads\/2022\/07\/safejourney-768x543.jpg 768w, https:\/\/comparemyjet.com\/wp-content\/uploads\/2022\/07\/safejourney.jpg 1000w\" sizes=\"auto, (max-width: 1000px) 100vw, 1000px\" \/><\/figure>\r\n\r\n\r\n\r\n<p>Concord Private Jet mette la sicurezza dei propri clienti al primo posto e utilizza solo prodotti Platinum. <a href=\"https:\/\/www.argus.aero\/\" target=\"_blank\" rel=\"noopener\">Argus<\/a> Operatori certificati per la sicurezza. Il grado Platinum richiede il superamento di una rigorosa valutazione in loco effettuata da ispettori qualificati, quindi volare con operatori certificati \u00e8 molto pi\u00f9 sicuro che volare su un aereo commerciale.<\/p>\r\n\r\n\r\n\r\n<p>Se un aereo non soddisfa i criteri di sicurezza, la compagnia vi assegna prontamente un nuovo aereo per il vostro viaggio.<\/p>\r\n\r\n\r\n\r\n<h2 class=\"wp-block-heading\"><span class=\"ez-toc-section\" id=\"Conclusion\"><\/span>Conclusione<span class=\"ez-toc-section-end\"><\/span><\/h2>\r\n\r\n\r\n\r\n<p>Il servizio individuale distingue Concord Private Jet dai suoi concorrenti aziendali. L'azienda lavora per garantire che tutte le domande, le preoccupazioni e le esigenze dei clienti vengano affrontate. Il proprietario controlla personalmente ogni viaggio, assicurandosi che segua il programma, che il catering sia pronto e che il trasporto a terra sia disponibile a destinazione. Mentre altre aziende applicano una tariffa per questo tipo di servizi, Concord \u00e8 orgogliosa della sua Jet Card all-inclusive.&nbsp;<\/p>\r\n\r\n\r\n\r\n<p>Potete diventare clienti e provare i loro servizi con un impegno minimo o nullo.&nbsp;<\/p>","protected":false},"excerpt":{"rendered":"<p>Concord Private Jet \u00e8 stata fondata sul principio di fornire i migliori aerei ai prezzi pi\u00f9 bassi possibili. L'azienda opera come broker di charter, noleggiando charter privati per i propri clienti. Il proprietario, Neal Impellizzeri, supervisiona ogni Fleet Access Card e si assicura che tutto, dalla programmazione al catering o al trasferimento, sia perfetto ...<\/p>","protected":false},"author":2,"featured_media":3071,"parent":0,"menu_order":0,"comment_status":"closed","ping_status":"closed","template":"","meta":{"_acf_changed":false,"_genesis_hide_title":false,"_genesis_hide_breadcrumbs":false,"_genesis_hide_singular_image":false,"_genesis_hide_footer_widgets":false,"_genesis_custom_body_class":"","_genesis_custom_post_class":"","_genesis_layout":"","footnotes":""},"class_list":{"1":"page","2":"type-page","6":"entry"},"acf":[],"_links":{"self":[{"href":"https:\/\/comparemyjet.com\/it\/wp-json\/wp\/v2\/pages\/3070","targetHints":{"allow":["GET"]}}],"collection":[{"href":"https:\/\/comparemyjet.com\/it\/wp-json\/wp\/v2\/pages"}],"about":[{"href":"https:\/\/comparemyjet.com\/it\/wp-json\/wp\/v2\/types\/page"}],"author":[{"embeddable":true,"href":"https:\/\/comparemyjet.com\/it\/wp-json\/wp\/v2\/users\/2"}],"replies":[{"embeddable":true,"href":"https:\/\/comparemyjet.com\/it\/wp-json\/wp\/v2\/comments?post=3070"}],"version-history":[{"count":2,"href":"https:\/\/comparemyjet.com\/it\/wp-json\/wp\/v2\/pages\/3070\/revisions"}],"predecessor-version":[{"id":3438,"href":"https:\/\/comparemyjet.com\/it\/wp-json\/wp\/v2\/pages\/3070\/revisions\/3438"}],"wp:featuredmedia":[{"embeddable":true,"href":"https:\/\/comparemyjet.com\/it\/wp-json\/wp\/v2\/media\/3071"}],"wp:attachment":[{"href":"https:\/\/comparemyjet.com\/it\/wp-json\/wp\/v2\/media?parent=3070"}],"curies":[{"name":"wp","href":"https:\/\/api.w.org\/{rel}","templated":true}]}}