{"id":3108,"date":"2022-08-13T21:19:31","date_gmt":"2022-08-13T21:19:31","guid":{"rendered":"https:\/\/comparemyjet.com\/?page_id=3108"},"modified":"2025-09-04T09:58:17","modified_gmt":"2025-09-04T09:58:17","slug":"gruppo-dumont-aviation","status":"publish","type":"page","link":"https:\/\/comparemyjet.com\/it\/gruppo-dumont-aviation\/","title":{"rendered":"Prezzi dei voli del Gruppo Dumont Aviation"},"content":{"rendered":"<p>Dumont Aviation Group \u00e8 un leader affermato nel settore dei jet executive e aziendali. I suoi professionisti dell'aviazione sono esperti nell'acquisto di aeromobili, nel leasing di aeromobili, nella gestione di jet, nella manutenzione dell'aviazione e nella vendita di attrezzature per aerei. Esploriamo i loro servizi e vediamo di cosa si occupa l'aviazione Dumont.<\/p>\r\n\r\n\r\n\r\n<div id=\"ez-toc-container\" class=\"ez-toc-v2_0_76 counter-hierarchy ez-toc-counter ez-toc-grey ez-toc-container-direction\">\n<p class=\"ez-toc-title\" style=\"cursor:inherit\">Argomenti<\/p>\n<label for=\"ez-toc-cssicon-toggle-item-69e6d21fc55ba\" class=\"ez-toc-cssicon-toggle-label\"><span class=\"\"><span class=\"eztoc-hide\" style=\"display:none;\">Toggle<\/span><span class=\"ez-toc-icon-toggle-span\"><svg style=\"fill: #999;color:#999\" xmlns=\"http:\/\/www.w3.org\/2000\/svg\" class=\"list-377408\" width=\"20px\" height=\"20px\" viewbox=\"0 0 24 24\" fill=\"none\"><path d=\"M6 6H4v2h2V6zm14 0H8v2h12V6zM4 11h2v2H4v-2zm16 0H8v2h12v-2zM4 16h2v2H4v-2zm16 0H8v2h12v-2z\" fill=\"currentColor\"><\/path><\/svg><svg style=\"fill: #999;color:#999\" class=\"arrow-unsorted-368013\" xmlns=\"http:\/\/www.w3.org\/2000\/svg\" width=\"10px\" height=\"10px\" viewbox=\"0 0 24 24\" version=\"1.2\" baseprofile=\"tiny\"><path d=\"M18.2 9.3l-6.2-6.3-6.2 6.3c-.2.2-.3.4-.3.7s.1.5.3.7c.2.2.4.3.7.3h11c.3 0 .5-.1.7-.3.2-.2.3-.5.3-.7s-.1-.5-.3-.7zM5.8 14.7l6.2 6.3 6.2-6.3c.2-.2.3-.5.3-.7s-.1-.5-.3-.7c-.2-.2-.4-.3-.7-.3h-11c-.3 0-.5.1-.7.3-.2.2-.3.5-.3.7s.1.5.3.7z\"\/><\/svg><\/span><\/span><\/label><input type=\"checkbox\"  id=\"ez-toc-cssicon-toggle-item-69e6d21fc55ba\" checked aria-label=\"Toggle\" \/><nav><ul class='ez-toc-list ez-toc-list-level-1' ><li class='ez-toc-page-1 ez-toc-heading-level-2'><a class=\"ez-toc-link ez-toc-heading-1\" href=\"https:\/\/comparemyjet.com\/it\/gruppo-dumont-aviation\/#Company_History\" >Storia dell'azienda<\/a><\/li><li class='ez-toc-page-1 ez-toc-heading-level-2'><a class=\"ez-toc-link ez-toc-heading-2\" href=\"https:\/\/comparemyjet.com\/it\/gruppo-dumont-aviation\/#Dumont_Jet_Charter\" >Noleggio di un jet a Dumont<\/a><ul class='ez-toc-list-level-3' ><li class='ez-toc-heading-level-3'><a class=\"ez-toc-link ez-toc-heading-3\" href=\"https:\/\/comparemyjet.com\/it\/gruppo-dumont-aviation\/#The_Fractional_Ownership_Experience\" >L'esperienza della propriet\u00e0 frazionata<\/a><\/li><li class='ez-toc-page-1 ez-toc-heading-level-3'><a class=\"ez-toc-link ez-toc-heading-4\" href=\"https:\/\/comparemyjet.com\/it\/gruppo-dumont-aviation\/#Jet_Sales\" >Vendite di jet<\/a><\/li><\/ul><\/li><li class='ez-toc-page-1 ez-toc-heading-level-2'><a class=\"ez-toc-link ez-toc-heading-5\" href=\"https:\/\/comparemyjet.com\/it\/gruppo-dumont-aviation\/#Maintenance\" >Manutenzione&nbsp;<\/a><\/li><li class='ez-toc-page-1 ez-toc-heading-level-2'><a class=\"ez-toc-link ez-toc-heading-6\" href=\"https:\/\/comparemyjet.com\/it\/gruppo-dumont-aviation\/#Dumont_PARTS\" >PARTI Dumont<\/a><\/li><li class='ez-toc-page-1 ez-toc-heading-level-2'><a class=\"ez-toc-link ez-toc-heading-7\" href=\"https:\/\/comparemyjet.com\/it\/gruppo-dumont-aviation\/#Membership_Programs\" >Programmi per i soci<\/a><ul class='ez-toc-list-level-3' ><li class='ez-toc-heading-level-3'><a class=\"ez-toc-link ez-toc-heading-8\" href=\"https:\/\/comparemyjet.com\/it\/gruppo-dumont-aviation\/#Santos_Jet_Card_Program\" >Programma Santos Jet Card<\/a><ul class='ez-toc-list-level-4' ><li class='ez-toc-heading-level-4'><a class=\"ez-toc-link ez-toc-heading-9\" href=\"https:\/\/comparemyjet.com\/it\/gruppo-dumont-aviation\/#1_Light_Jet_Category\" >1. Categoria jet leggeri<\/a><\/li><li class='ez-toc-page-1 ez-toc-heading-level-4'><a class=\"ez-toc-link ez-toc-heading-10\" href=\"https:\/\/comparemyjet.com\/it\/gruppo-dumont-aviation\/#2_Mid_Jet_Category\" >2. Categoria Mid Jet<\/a><\/li><li class='ez-toc-page-1 ez-toc-heading-level-4'><a class=\"ez-toc-link ez-toc-heading-11\" href=\"https:\/\/comparemyjet.com\/it\/gruppo-dumont-aviation\/#3_Super-mid_Jet_Category\" >3. Categoria Super-mid Jet<\/a><\/li><li class='ez-toc-page-1 ez-toc-heading-level-4'><a class=\"ez-toc-link ez-toc-heading-12\" href=\"https:\/\/comparemyjet.com\/it\/gruppo-dumont-aviation\/#4_Heavy_Jet_Category\" >4. Categoria jet pesanti<\/a><\/li><\/ul><\/li><\/ul><\/li><li class='ez-toc-page-1 ez-toc-heading-level-2'><a class=\"ez-toc-link ez-toc-heading-13\" href=\"https:\/\/comparemyjet.com\/it\/gruppo-dumont-aviation\/#The_Fleet\" >La flotta&nbsp;<\/a><ul class='ez-toc-list-level-3' ><li class='ez-toc-heading-level-3'><a class=\"ez-toc-link ez-toc-heading-14\" href=\"https:\/\/comparemyjet.com\/it\/gruppo-dumont-aviation\/#1_Super-Midsize_Private_Jets\" >1. Jet privati di medie dimensioni&nbsp;<\/a><ul class='ez-toc-list-level-4' ><li class='ez-toc-heading-level-4'><a class=\"ez-toc-link ez-toc-heading-15\" href=\"https:\/\/comparemyjet.com\/it\/gruppo-dumont-aviation\/#Our_Recommendation_Falcon_50\" >Il nostro consiglio: Falcon 50<\/a><\/li><\/ul><\/li><li class='ez-toc-page-1 ez-toc-heading-level-3'><a class=\"ez-toc-link ez-toc-heading-16\" href=\"https:\/\/comparemyjet.com\/it\/gruppo-dumont-aviation\/#2_Heavy_Private_Jets\" >2. Jet privati pesanti<\/a><ul class='ez-toc-list-level-4' ><li class='ez-toc-heading-level-4'><a class=\"ez-toc-link ez-toc-heading-17\" href=\"https:\/\/comparemyjet.com\/it\/gruppo-dumont-aviation\/#Our_Recommendation_The_Gulfstream_V\" >Il nostro consiglio: Il Gulfstream V&nbsp;<\/a><\/li><\/ul><\/li><\/ul><\/li><li class='ez-toc-page-1 ez-toc-heading-level-2'><a class=\"ez-toc-link ez-toc-heading-18\" href=\"https:\/\/comparemyjet.com\/it\/gruppo-dumont-aviation\/#Company_Safety_Policy_and_Standards\" >Politica e standard di sicurezza dell'azienda<\/a><\/li><li class='ez-toc-page-1 ez-toc-heading-level-2'><a class=\"ez-toc-link ez-toc-heading-19\" href=\"https:\/\/comparemyjet.com\/it\/gruppo-dumont-aviation\/#Conclusion\" >Conclusione<\/a><\/li><\/ul><\/nav><\/div>\n<h2 class=\"wp-block-heading\"><span class=\"ez-toc-section\" id=\"Company_History\"><\/span>Storia dell'azienda<span class=\"ez-toc-section-end\"><\/span><\/h2>\r\n\r\n\r\n\r\n<p>Il Gruppo Dumont \u00e8 un'azienda aeronautica privata fondata nel 2013. L'ispirazione per il nome e il logo dell'azienda deriva da Alberto Santos-Dumont, un pioniere dell'aviazione brasiliana (1873-1932) che nell'ottobre del 1906 pilot\u00f2 in Europa la prima macchina pi\u00f9 pesante dell'aria.<\/p>\r\n\r\n\r\n\r\n<p>Dan Piraino, amministratore delegato dell'azienda, \u00e8 responsabile di tre divisioni dell'azienda che comprendono:<\/p>\r\n\r\n\r\n\r\n<ul class=\"wp-block-list\"><li>Dumont JETS (incentrato su charter, vendita di aeromobili e <a href=\"https:\/\/comparemyjet.com\/it\/what-are-some-aircraft-management-companies\/\" data-internallinksmanager029f6b8e52c=\"21\" title=\"Servizi e societ\u00e0 di gestione aeronautica\">gestione degli aerei<\/a>)<\/li><li>Dumont PARTS (incentrato sulla manutenzione e la vendita di un grande inventario di parti di ricambio per aerei)<\/li><li>Dumont MRO (focalizzata sulla manutenzione degli aeromobili, compresa la verniciatura e la ristrutturazione degli interni)<\/li><\/ul>\r\n\r\n\r\n\r\n<p>Come si pu\u00f2 notare, ogni sezione \u00e8 dedicata a soddisfare le esigenze uniche dei clienti. Esploriamole in dettaglio.<\/p>\r\n\r\n\r\n\r\n<h2 class=\"wp-block-heading\"><span class=\"ez-toc-section\" id=\"Dumont_Jet_Charter\"><\/span>Noleggio di un jet a Dumont<span class=\"ez-toc-section-end\"><\/span><\/h2>\r\n\r\n\r\n\r\n<figure class=\"wp-block-image size-full is-style-default\"><img loading=\"lazy\" decoding=\"async\" width=\"1000\" height=\"750\" src=\"https:\/\/comparemyjet.com\/wp-content\/uploads\/2022\/07\/privatejetmoderninterior.jpg\" alt=\"Gruppo DumontAviation\" class=\"wp-image-3110\" srcset=\"https:\/\/comparemyjet.com\/wp-content\/uploads\/2022\/07\/privatejetmoderninterior-16x12.jpg 16w, https:\/\/comparemyjet.com\/wp-content\/uploads\/2022\/07\/privatejetmoderninterior-300x225.jpg 300w, https:\/\/comparemyjet.com\/wp-content\/uploads\/2022\/07\/privatejetmoderninterior-400x300.jpg 400w, https:\/\/comparemyjet.com\/wp-content\/uploads\/2022\/07\/privatejetmoderninterior-768x576.jpg 768w, https:\/\/comparemyjet.com\/wp-content\/uploads\/2022\/07\/privatejetmoderninterior-800x600.jpg 800w, https:\/\/comparemyjet.com\/wp-content\/uploads\/2022\/07\/privatejetmoderninterior.jpg 1000w\" sizes=\"auto, (max-width: 1000px) 100vw, 1000px\" \/><\/figure>\r\n\r\n\r\n\r\n<p>Dumont JETS \u00e8 gestita da un team di esperti che individua l'aeromobile ideale per soddisfare le vostre esigenze di viaggio, offrendovi la massima flessibilit\u00e0. Fornisce un servizio completo, con particolare attenzione alla vostra sicurezza e convenienza.&nbsp;<\/p>\r\n\r\n\r\n\r\n<h3 class=\"wp-block-heading\"><span class=\"ez-toc-section\" id=\"The_Fractional_Ownership_Experience\"><\/span>L'esperienza della propriet\u00e0 frazionata<span class=\"ez-toc-section-end\"><\/span><\/h3>\r\n\r\n\r\n\r\n<p>L'azienda offre ai suoi clienti un'esperienza di propriet\u00e0 completa a una frazione dei prezzi di mercato. Offre servizi di gestione, come la gestione completa, la gestione dei charter e l'assistenza Part 91. Grazie alla loro vasta esperienza nel settore dell'aviazione, il vostro jet sar\u00e0 in mani sicure.&nbsp;<\/p>\r\n\r\n\r\n\r\n<h3 class=\"wp-block-heading\"><span class=\"ez-toc-section\" id=\"Jet_Sales\"><\/span>Vendite di jet<span class=\"ez-toc-section-end\"><\/span><\/h3>\r\n\r\n\r\n\r\n<p>Dumont JETS dispone di uno staff di vendita competente e di un'esperienza consolidata come acquirente e venditore qualificato di jet. Il personale vi guider\u00e0 durante l'intero processo di vendita. La maggior parte dei consumatori \u00e8 talmente soddisfatta del servizio che torna a cercare altri affari.<\/p>\r\n\r\n\r\n\r\n<h2 class=\"wp-block-heading\"><span class=\"ez-toc-section\" id=\"Maintenance\"><\/span>Manutenzione&nbsp;<span class=\"ez-toc-section-end\"><\/span><\/h2>\r\n\r\n\r\n\r\n<p>Dumont MRO (Aviation Maintenance, Repair, and Overhaul) \u00e8 una stazione di riparazione FAA Part 145 con sedi in Delaware, Illinois e Texas. Queste stazioni forniscono una manutenzione rapida, un servizio artigianale e personalizzato per i vostri aeromobili. Eseguono la manutenzione di jet di produttori quali <a href=\"https:\/\/comparemyjet.com\/it\/bombardiere\/\" data-internallinksmanager029f6b8e52c=\"159\" title=\"Guida definitiva ai jet e agli aerei privati Bombardier\">Bombardiere<\/a>, <a href=\"https:\/\/comparemyjet.com\/it\/cessna\/\" data-internallinksmanager029f6b8e52c=\"145\" title=\"Guida definitiva ai jet e agli aerei privati Cessna\">Cessna<\/a>, Challenger, <a href=\"https:\/\/comparemyjet.com\/it\/dassault\/\" data-internallinksmanager029f6b8e52c=\"174\" title=\"Guida definitiva ai jet e agli aerei privati Dassault\">Dassault<\/a> Falcon, Dornier.<a href=\"https:\/\/comparemyjet.com\/it\/embraer\/\" data-internallinksmanager029f6b8e52c=\"151\" title=\"Guida definitiva ai jet e agli aerei privati Embraer\">Embraer<\/a>, <a href=\"https:\/\/comparemyjet.com\/it\/corrente-del-golfo\/\" data-internallinksmanager029f6b8e52c=\"175\" title=\"Guida definitiva ai jet e agli aerei privati Gulfstream\">Gulfstream<\/a>, Hawker\/Beechcraft, <a href=\"https:\/\/comparemyjet.com\/it\/learjet\/\" data-internallinksmanager029f6b8e52c=\"149\" title=\"Guida definitiva ai jet e agli aerei privati Learjet\">Learjet<\/a>e altri.<\/p>\r\n\r\n\r\n\r\n<h2 class=\"wp-block-heading\"><span class=\"ez-toc-section\" id=\"Dumont_PARTS\"><\/span>PARTI Dumont<span class=\"ez-toc-section-end\"><\/span><\/h2>\r\n\r\n\r\n\r\n<p>Dumont PARTS dispone di un vasto assortimento di ricambi nuovi e usati per un'ampia gamma di aeromobili di primo piano. Grazie al loro grande inventario, spediscono il giorno stesso dell'ordine.<\/p>\r\n\r\n\r\n\r\n<h2 class=\"wp-block-heading\"><span class=\"ez-toc-section\" id=\"Membership_Programs\"><\/span>Programmi per i soci<span class=\"ez-toc-section-end\"><\/span><\/h2>\r\n\r\n\r\n\r\n<figure class=\"wp-block-image size-full is-style-default\"><img loading=\"lazy\" decoding=\"async\" width=\"1000\" height=\"667\" src=\"https:\/\/comparemyjet.com\/wp-content\/uploads\/2022\/07\/workingonalaptotonaprivatejetviewfromwindow.jpg\" alt=\"\" class=\"wp-image-3111\" srcset=\"https:\/\/comparemyjet.com\/wp-content\/uploads\/2022\/07\/workingonalaptotonaprivatejetviewfromwindow-18x12.jpg 18w, https:\/\/comparemyjet.com\/wp-content\/uploads\/2022\/07\/workingonalaptotonaprivatejetviewfromwindow-300x200.jpg 300w, https:\/\/comparemyjet.com\/wp-content\/uploads\/2022\/07\/workingonalaptotonaprivatejetviewfromwindow-768x512.jpg 768w, https:\/\/comparemyjet.com\/wp-content\/uploads\/2022\/07\/workingonalaptotonaprivatejetviewfromwindow.jpg 1000w\" sizes=\"auto, (max-width: 1000px) 100vw, 1000px\" \/><\/figure>\r\n\r\n\r\n\r\n<p>Dumont JETS possiede e gestisce una propria flotta. Hanno un programma di carte jet senza costi di iscrizione e di iniziazione, ma \u00e8 necessario versare un deposito, il cui prezzo varia a seconda del jet.&nbsp;<\/p>\r\n\r\n\r\n\r\n<p>Esiste una garanzia di disponibilit\u00e0, con una tariffa oraria stabilita. I titolari di carta possono utilizzare pi\u00f9 aerei contemporaneamente, ad eccezione dei giorni di punta in cui l'offerta \u00e8 limitata.<\/p>\r\n\r\n\r\n\r\n<h3 class=\"wp-block-heading\"><span class=\"ez-toc-section\" id=\"Santos_Jet_Card_Program\"><\/span>Programma Santos Jet Card<span class=\"ez-toc-section-end\"><\/span><\/h3>\r\n\r\n\r\n\r\n<p>L'azienda offre il <strong>Carta Santos Jet,<\/strong> una carta prepagata che consente di utilizzare la flotta del Gruppo Dumont e gli aeromobili di operatori terzi.&nbsp;<\/p>\r\n\r\n\r\n\r\n<p>I livelli di adesione sono determinati dalle dimensioni dell'aeromobile scelto per le vostre esigenze di viaggio. Come utenti della Santos Jet Card, avrete la possibilit\u00e0 di aggiornare o ridurre i vostri voli in base ai vostri piani di viaggio.<\/p>\r\n\r\n\r\n\r\n<p>Le carte Santos Jet sono disponibili in quattro diverse categorie e fasce di prezzo:&nbsp;<\/p>\r\n\r\n\r\n\r\n<h4 class=\"wp-block-heading\"><span class=\"ez-toc-section\" id=\"1_Light_Jet_Category\"><\/span>1. Categoria jet leggeri<span class=\"ez-toc-section-end\"><\/span><\/h4>\r\n\r\n\r\n\r\n<p>\u00c8 possibile noleggiare un jet leggero per un massimo di sei passeggeri (a seconda del modello e della capacit\u00e0 del jet). Il <strong>25 ore<\/strong> L'opzione della carta a getto costa un po' meno di $175.000, il che significa che si paga quasi $7.000 all'ora. Se si acquista il <strong>50 ore<\/strong> carta jet, si paga un po' di pi\u00f9 di $330.000, portando la tariffa oraria a $6.800.&nbsp;<\/p>\r\n\r\n\r\n\r\n<h4 class=\"wp-block-heading\"><span class=\"ez-toc-section\" id=\"2_Mid_Jet_Category\"><\/span>2. Categoria Mid Jet<span class=\"ez-toc-section-end\"><\/span><\/h4>\r\n\r\n\r\n\r\n<p>\u00c8 possibile noleggiare un jet di medie dimensioni per un massimo di sette passeggeri (a seconda del modello e della capacit\u00e0 del jet). Il <strong>25 ore<\/strong> L'opzione della carta a getto costa un po' di pi\u00f9 di $206.000, il che significa che pagherete $8.250 all'ora. Se si acquista il <strong>50 ore <\/strong>carta a getto, pagherete esattamente $400.000, portando la tariffa oraria a $8.000.&nbsp;<\/p>\r\n\r\n\r\n\r\n<h4 class=\"wp-block-heading\"><span class=\"ez-toc-section\" id=\"3_Super-mid_Jet_Category\"><\/span>3. Categoria Super-mid Jet<span class=\"ez-toc-section-end\"><\/span><\/h4>\r\n\r\n\r\n\r\n<p>\u00c8 possibile noleggiare un jet di medie dimensioni per un massimo di otto passeggeri (a seconda del modello di jet e della capacit\u00e0 di posti a sedere). Il <strong>25 ore<\/strong> L'opzione della carta a getto costa un po' pi\u00f9 di $230.000, il che significa che pagherete quasi $9.250 all'ora. Se si acquista il <strong>50 ore<\/strong> opzione jet card, si paga esattamente $450.000, portando la tariffa oraria a $9.000.&nbsp;<\/p>\r\n\r\n\r\n\r\n<h4 class=\"wp-block-heading\"><span class=\"ez-toc-section\" id=\"4_Heavy_Jet_Category\"><\/span>4. Categoria jet pesanti<span class=\"ez-toc-section-end\"><\/span><\/h4>\r\n\r\n\r\n\r\n<p>Infine, \u00e8 possibile noleggiare un jet pesante per undici o pi\u00f9 passeggeri (a seconda del modello e della capacit\u00e0 del jet). Il <strong>25 ore<\/strong> L'opzione della carta a getto costa $300.000, il che significa che si paga $12.000 all'ora. Se si acquista la <strong>50 ore<\/strong> jet card, si paga un po' di pi\u00f9 di $587.000, portando la tariffa oraria a quasi $11.800.&nbsp;<\/p>\r\n\r\n\r\n\r\n<p>I prezzi sopra indicati non comprendono l'imposta federale di consumo e la tassa sul carburante. \u00c8 possibile contattare DAG ai seguenti recapiti <a href=\"https:\/\/www.dumontaviation.com\/jet-card.html\" target=\"_blank\" rel=\"noopener\">link<\/a> per ulteriori dettagli sulla tassa sul carburante o per richiedere la Santos Jet Card.<\/p>\r\n\r\n\r\n\r\n<h2 class=\"wp-block-heading\"><span class=\"ez-toc-section\" id=\"The_Fleet\"><\/span>La flotta&nbsp;<span class=\"ez-toc-section-end\"><\/span><\/h2>\r\n\r\n\r\n\r\n<figure class=\"wp-block-image size-full is-style-default\"><img loading=\"lazy\" decoding=\"async\" width=\"1000\" height=\"500\" src=\"https:\/\/comparemyjet.com\/wp-content\/uploads\/2022\/07\/privatejetflyingwithspeed.jpg\" alt=\"\" class=\"wp-image-3112\" srcset=\"https:\/\/comparemyjet.com\/wp-content\/uploads\/2022\/07\/privatejetflyingwithspeed-18x9.jpg 18w, https:\/\/comparemyjet.com\/wp-content\/uploads\/2022\/07\/privatejetflyingwithspeed-300x150.jpg 300w, https:\/\/comparemyjet.com\/wp-content\/uploads\/2022\/07\/privatejetflyingwithspeed-768x384.jpg 768w, https:\/\/comparemyjet.com\/wp-content\/uploads\/2022\/07\/privatejetflyingwithspeed.jpg 1000w\" sizes=\"auto, (max-width: 1000px) 100vw, 1000px\" \/><\/figure>\r\n\r\n\r\n\r\n<p>Tutti i voli di terzi sono effettuati da vettori aerei diretti FAR Part 135 che sono stati approvati per servire i clienti di Dumont JETS e soddisfano tutti i requisiti di sicurezza FAA. I loro esperti individueranno l'aereo ideale per soddisfare le vostre esigenze di viaggio.&nbsp;<\/p>\r\n\r\n\r\n\r\n<p>Esploriamo la loro flotta di aerei e vediamo cosa offrono.<\/p>\r\n\r\n\r\n\r\n<h3 class=\"wp-block-heading\"><span class=\"ez-toc-section\" id=\"1_Super-Midsize_Private_Jets\"><\/span>1. Jet privati di medie dimensioni&nbsp;<span class=\"ez-toc-section-end\"><\/span><\/h3>\r\n\r\n\r\n\r\n<p>Il jet super mid-size combina l'efficacia e l'autonomia di un jet di medie dimensioni con il comfort di un jet pesante. I jet super mid-size sono dotati di cambuse completamente attrezzate, bagni e tavoli da lavoro pieghevoli.<\/p>\r\n\r\n\r\n\r\n<h4 class=\"wp-block-heading\"><span class=\"ez-toc-section\" id=\"Our_Recommendation_Falcon_50\"><\/span>Il nostro consiglio: Falcon 50<span class=\"ez-toc-section-end\"><\/span><\/h4>\r\n\r\n\r\n\r\n<p>Dassault Aviation produce il Falcon 50, un aereo appartenente alla classe dei velivoli di medie dimensioni.   Il primo Falcon 50 \u00e8 stato consegnato nel 1980 e la produzione \u00e8 terminata nel 1996 con l'introduzione del Falcon 50EX.<\/p>\r\n\r\n\r\n\r\n<p>Specifiche e servizi:<\/p>\r\n\r\n\r\n\r\n<ul class=\"wp-block-list\"><li>Passeggeri: 8;<\/li><li>Altezza della cabina: 5 ft 9 In;<\/li><li>Larghezza cabina: 6 ft 1 In;<\/li><li>Lunghezza della cabina: 22 ft 11 In;<\/li><li>Spazio interno per i bagagli: 25 piedi cubi;<\/li><li>Velocit\u00e0 massima di volo: 480 kts;<\/li><li>Portata massima di volo: 3200 nm;<\/li><li>Un gabinetto;<\/li><li>Una cambusa;<\/li><li>Rinnovato nel 2016;<\/li><li>Wi-Fi disponibile.<\/li><\/ul>\r\n\r\n\r\n\r\n<p>Dumont Aviation Group offre un <em>Falcon 50<\/em> come parte della loro flotta di aerei di medie dimensioni.<\/p>\r\n\r\n\r\n\r\n<h3 class=\"wp-block-heading\"><span class=\"ez-toc-section\" id=\"2_Heavy_Private_Jets\"><\/span>2. Jet privati pesanti<span class=\"ez-toc-section-end\"><\/span><\/h3>\r\n\r\n\r\n\r\n<p>Con un'autonomia di quasi 4.000 miglia senza rifornimento, i jet pesanti offrono il massimo livello di servizio. Possono trasportare comodamente fino a quindici passeggeri e sono dotati di servizi e sistemi di intrattenimento di alto livello. Sono dotati di un equipaggio di volo dedicato e, grazie alle loro dimensioni, sono pi\u00f9 resistenti alle turbolenze.<\/p>\r\n\r\n\r\n\r\n<h4 class=\"wp-block-heading\"><span class=\"ez-toc-section\" id=\"Our_Recommendation_The_Gulfstream_V\"><\/span>Il nostro consiglio: Il Gulfstream V&nbsp;<span class=\"ez-toc-section-end\"><\/span><\/h4>\r\n\r\n\r\n\r\n<p>Con un'autonomia di quasi 6.000 miglia, il GV era il business jet a pi\u00f9 lungo raggio disponibile al momento del suo lancio nel 1997. Ancora oggi \u00e8 una scelta popolare.<\/p>\r\n\r\n\r\n\r\n<p>La disposizione dei posti a sedere pi\u00f9 comune ospita 14 passeggeri. Tra le dotazioni della cabina figurano un angolo cottura completo, toilette, prese di corrente, scrivanie pieghevoli, televisione satellitare e sistemi di intrattenimento.&nbsp;<\/p>\r\n\r\n\r\n\r\n<p>Specifiche:<\/p>\r\n\r\n\r\n\r\n<ul class=\"wp-block-list\"><li>Passeggeri: 14;<\/li><li>Altezza della cabina: 6 piedi;<\/li><li>Larghezza cabina: 7 ft 3 In;<\/li><li>Lunghezza della cabina: 50 ft 10 In;<\/li><li>Spazio interno per i bagagli: 226 piedi cubi;<\/li><li>Velocit\u00e0 massima: 508 kts;<\/li><li>Gamma massima: 6675 nm;<\/li><li>Un gabinetto;<\/li><li>Una cucina completa;<\/li><li>Wi-Fi disponibile;&nbsp;<\/li><li>Forno e microonde;<\/li><li>Prese di ricarica.<\/li><\/ul>\r\n\r\n\r\n\r\n<p>Dumont Aviation Group offre alcuni <em>Gulfstream <\/em>jet come parte della loro flotta di aerei pesanti, oltre a due <em>Falcon 2000.<\/em> Potete vederli sul loro <a href=\"https:\/\/www.dumontaviation.com\/charter.html\" target=\"_blank\" rel=\"noopener\">sito web<\/a>.<\/p>\r\n\r\n\r\n\r\n<h2 class=\"wp-block-heading\"><span class=\"ez-toc-section\" id=\"Company_Safety_Policy_and_Standards\"><\/span>Politica e standard di sicurezza dell'azienda<span class=\"ez-toc-section-end\"><\/span><\/h2>\r\n\r\n\r\n\r\n<figure class=\"wp-block-image size-full is-style-default\"><img loading=\"lazy\" decoding=\"async\" width=\"1000\" height=\"665\" src=\"https:\/\/comparemyjet.com\/wp-content\/uploads\/2022\/07\/privatejetinterior.jpg\" alt=\"\" class=\"wp-image-3113\" srcset=\"https:\/\/comparemyjet.com\/wp-content\/uploads\/2022\/07\/privatejetinterior-18x12.jpg 18w, https:\/\/comparemyjet.com\/wp-content\/uploads\/2022\/07\/privatejetinterior-300x200.jpg 300w, https:\/\/comparemyjet.com\/wp-content\/uploads\/2022\/07\/privatejetinterior-768x511.jpg 768w, https:\/\/comparemyjet.com\/wp-content\/uploads\/2022\/07\/privatejetinterior.jpg 1000w\" sizes=\"auto, (max-width: 1000px) 100vw, 1000px\" \/><\/figure>\r\n\r\n\r\n\r\n<p>Dumont Aviation Group \u00e8 una societ\u00e0 di aviazione certificata e consolidata, con i seguenti accreditamenti:<\/p>\r\n\r\n\r\n\r\n<ul class=\"wp-block-list\"><li>Certificato di vettore aereo Dumont;<\/li><li>Certificato di operatore Wingman;<\/li><li>Certificato IS-BAO;<\/li><li>Certificato ARGUS Platinum.<\/li><\/ul>\r\n\r\n\r\n\r\n<h2 class=\"wp-block-heading\"><span class=\"ez-toc-section\" id=\"Conclusion\"><\/span>Conclusione<span class=\"ez-toc-section-end\"><\/span><\/h2>\r\n\r\n\r\n\r\n<p>Dumont Aviation Group gestisce ogni aspetto del viaggio per aiutarvi a raggiungere la vostra destinazione in modo sicuro, assicurandovi un volo piacevole durante il percorso.&nbsp;<\/p>\r\n\r\n\r\n\r\n<p>Si tratta di un'azienda affermata nel settore dell'aviazione, specializzata nel noleggio, nella vendita e nella manutenzione di aeromobili, nonch\u00e9 nella gestione e nella vendita di ricambi.<\/p>\r\n\r\n\r\n\r\n<p><\/p>","protected":false},"excerpt":{"rendered":"<p>Dumont Aviation Group \u00e8 un leader affermato nel settore dei jet executive e aziendali. I suoi professionisti dell'aviazione sono esperti nell'acquisto di aeromobili, nel leasing di aeromobili, nella gestione di jet, nella manutenzione dell'aviazione e nella vendita di attrezzature per aerei. Esploriamo i loro servizi e vediamo di cosa si occupa l'aviazione Dumont. Storia dell'azienda Il Dumont Group \u00e8 una societ\u00e0 di aviazione privata che \u00e8 stata ...<\/p>","protected":false},"author":2,"featured_media":3109,"parent":0,"menu_order":0,"comment_status":"closed","ping_status":"closed","template":"","meta":{"_acf_changed":false,"_genesis_hide_title":false,"_genesis_hide_breadcrumbs":false,"_genesis_hide_singular_image":false,"_genesis_hide_footer_widgets":false,"_genesis_custom_body_class":"","_genesis_custom_post_class":"","_genesis_layout":"","footnotes":""},"class_list":{"1":"page","2":"type-page","6":"entry"},"acf":[],"_links":{"self":[{"href":"https:\/\/comparemyjet.com\/it\/wp-json\/wp\/v2\/pages\/3108","targetHints":{"allow":["GET"]}}],"collection":[{"href":"https:\/\/comparemyjet.com\/it\/wp-json\/wp\/v2\/pages"}],"about":[{"href":"https:\/\/comparemyjet.com\/it\/wp-json\/wp\/v2\/types\/page"}],"author":[{"embeddable":true,"href":"https:\/\/comparemyjet.com\/it\/wp-json\/wp\/v2\/users\/2"}],"replies":[{"embeddable":true,"href":"https:\/\/comparemyjet.com\/it\/wp-json\/wp\/v2\/comments?post=3108"}],"version-history":[{"count":2,"href":"https:\/\/comparemyjet.com\/it\/wp-json\/wp\/v2\/pages\/3108\/revisions"}],"predecessor-version":[{"id":3457,"href":"https:\/\/comparemyjet.com\/it\/wp-json\/wp\/v2\/pages\/3108\/revisions\/3457"}],"wp:featuredmedia":[{"embeddable":true,"href":"https:\/\/comparemyjet.com\/it\/wp-json\/wp\/v2\/media\/3109"}],"wp:attachment":[{"href":"https:\/\/comparemyjet.com\/it\/wp-json\/wp\/v2\/media?parent=3108"}],"curies":[{"name":"wp","href":"https:\/\/api.w.org\/{rel}","templated":true}]}}