{"id":3136,"date":"2022-07-23T00:30:13","date_gmt":"2022-07-23T00:30:13","guid":{"rendered":"https:\/\/comparemyjet.com\/?page_id=3136"},"modified":"2025-09-04T09:58:18","modified_gmt":"2025-09-04T09:58:18","slug":"executive-1-aviation","status":"publish","type":"page","link":"https:\/\/comparemyjet.com\/it\/executive-1-aviation\/","title":{"rendered":"Prezzi dei voli Exec 1 Aviation"},"content":{"rendered":"<p>Ogni viaggio con Exec 1 Aviation, che sia per affari o per piacere, \u00e8 progettato per adattarsi alle vostre esigenze e preferenze, grazie ai team delle operazioni di volo e dell'esperienza del cliente. Se non sapete esattamente di cosa avete bisogno, vi assisteranno con consigli e opzioni in volo. Vediamo cos'altro ha da offrire Exec 1 Aviation.&nbsp;<\/p>\r\n\r\n\r\n\r\n<div id=\"ez-toc-container\" class=\"ez-toc-v2_0_76 counter-hierarchy ez-toc-counter ez-toc-grey ez-toc-container-direction\">\n<p class=\"ez-toc-title\" style=\"cursor:inherit\">Argomenti<\/p>\n<label for=\"ez-toc-cssicon-toggle-item-69f4b7e346d09\" class=\"ez-toc-cssicon-toggle-label\"><span class=\"\"><span class=\"eztoc-hide\" style=\"display:none;\">Toggle<\/span><span class=\"ez-toc-icon-toggle-span\"><svg style=\"fill: #999;color:#999\" xmlns=\"http:\/\/www.w3.org\/2000\/svg\" class=\"list-377408\" width=\"20px\" height=\"20px\" viewbox=\"0 0 24 24\" fill=\"none\"><path d=\"M6 6H4v2h2V6zm14 0H8v2h12V6zM4 11h2v2H4v-2zm16 0H8v2h12v-2zM4 16h2v2H4v-2zm16 0H8v2h12v-2z\" fill=\"currentColor\"><\/path><\/svg><svg style=\"fill: #999;color:#999\" class=\"arrow-unsorted-368013\" xmlns=\"http:\/\/www.w3.org\/2000\/svg\" width=\"10px\" height=\"10px\" viewbox=\"0 0 24 24\" version=\"1.2\" baseprofile=\"tiny\"><path d=\"M18.2 9.3l-6.2-6.3-6.2 6.3c-.2.2-.3.4-.3.7s.1.5.3.7c.2.2.4.3.7.3h11c.3 0 .5-.1.7-.3.2-.2.3-.5.3-.7s-.1-.5-.3-.7zM5.8 14.7l6.2 6.3 6.2-6.3c.2-.2.3-.5.3-.7s-.1-.5-.3-.7c-.2-.2-.4-.3-.7-.3h-11c-.3 0-.5.1-.7.3-.2.2-.3.5-.3.7s.1.5.3.7z\"\/><\/svg><\/span><\/span><\/label><input type=\"checkbox\"  id=\"ez-toc-cssicon-toggle-item-69f4b7e346d09\" checked aria-label=\"Toggle\" \/><nav><ul class='ez-toc-list ez-toc-list-level-1' ><li class='ez-toc-page-1 ez-toc-heading-level-2'><a class=\"ez-toc-link ez-toc-heading-1\" href=\"https:\/\/comparemyjet.com\/it\/executive-1-aviation\/#Company_History\" >Storia dell'azienda<\/a><\/li><li class='ez-toc-page-1 ez-toc-heading-level-2'><a class=\"ez-toc-link ez-toc-heading-2\" href=\"https:\/\/comparemyjet.com\/it\/executive-1-aviation\/#Jet_Card_Program\" >Programma Jet Card<\/a><\/li><li class='ez-toc-page-1 ez-toc-heading-level-2'><a class=\"ez-toc-link ez-toc-heading-3\" href=\"https:\/\/comparemyjet.com\/it\/executive-1-aviation\/#On-Demand_Charter\" >Carta su richiesta<\/a><\/li><li class='ez-toc-page-1 ez-toc-heading-level-2'><a class=\"ez-toc-link ez-toc-heading-4\" href=\"https:\/\/comparemyjet.com\/it\/executive-1-aviation\/#The_Fleet\" >La flotta&nbsp;<\/a><ul class='ez-toc-list-level-3' ><li class='ez-toc-heading-level-3'><a class=\"ez-toc-link ez-toc-heading-5\" href=\"https:\/\/comparemyjet.com\/it\/executive-1-aviation\/#1_Light_Private_Jets\" >1. Jet privati leggeri<\/a><ul class='ez-toc-list-level-4' ><li class='ez-toc-heading-level-4'><a class=\"ez-toc-link ez-toc-heading-6\" href=\"https:\/\/comparemyjet.com\/it\/executive-1-aviation\/#Our_Recommendation_Learjet_40\" >La nostra raccomandazione: Learjet 40<\/a><\/li><\/ul><\/li><li class='ez-toc-page-1 ez-toc-heading-level-3'><a class=\"ez-toc-link ez-toc-heading-7\" href=\"https:\/\/comparemyjet.com\/it\/executive-1-aviation\/#2_Midsize_Private_Jets\" >2. Jet privati di medie dimensioni<\/a><ul class='ez-toc-list-level-4' ><li class='ez-toc-heading-level-4'><a class=\"ez-toc-link ez-toc-heading-8\" href=\"https:\/\/comparemyjet.com\/it\/executive-1-aviation\/#Our_Recommendation_Gulfstream_G150\" >La nostra raccomandazione: Gulfstream G150<\/a><\/li><\/ul><\/li><li class='ez-toc-page-1 ez-toc-heading-level-3'><a class=\"ez-toc-link ez-toc-heading-9\" href=\"https:\/\/comparemyjet.com\/it\/executive-1-aviation\/#3_Super-Midsize_Private_Jets\" >3. Jet privati di medie dimensioni&nbsp;<\/a><ul class='ez-toc-list-level-4' ><li class='ez-toc-heading-level-4'><a class=\"ez-toc-link ez-toc-heading-10\" href=\"https:\/\/comparemyjet.com\/it\/executive-1-aviation\/#Our_Recommendation_The_Bombardier_Challenger_300\" >Il nostro consiglio: Il Bombardier Challenger 300<\/a><\/li><\/ul><\/li><li class='ez-toc-page-1 ez-toc-heading-level-3'><a class=\"ez-toc-link ez-toc-heading-11\" href=\"https:\/\/comparemyjet.com\/it\/executive-1-aviation\/#4_Large_Private_Jets\" >4. Grandi jet privati<\/a><ul class='ez-toc-list-level-4' ><li class='ez-toc-heading-level-4'><a class=\"ez-toc-link ez-toc-heading-12\" href=\"https:\/\/comparemyjet.com\/it\/executive-1-aviation\/#Our_Recommendation_The_Embraer_Legacy_650E\" >Il nostro consiglio: L'Embraer Legacy 650E<\/a><\/li><\/ul><\/li><\/ul><\/li><li class='ez-toc-page-1 ez-toc-heading-level-2'><a class=\"ez-toc-link ez-toc-heading-13\" href=\"https:\/\/comparemyjet.com\/it\/executive-1-aviation\/#Company_Safety_Policy_and_Standards\" >Politica e standard di sicurezza dell'azienda<\/a><\/li><li class='ez-toc-page-1 ez-toc-heading-level-2'><a class=\"ez-toc-link ez-toc-heading-14\" href=\"https:\/\/comparemyjet.com\/it\/executive-1-aviation\/#Pilots\" >Piloti<\/a><\/li><li class='ez-toc-page-1 ez-toc-heading-level-2'><a class=\"ez-toc-link ez-toc-heading-15\" href=\"https:\/\/comparemyjet.com\/it\/executive-1-aviation\/#FBO_Services\" >Servizi FBO&nbsp;<\/a><\/li><li class='ez-toc-page-1 ez-toc-heading-level-2'><a class=\"ez-toc-link ez-toc-heading-16\" href=\"https:\/\/comparemyjet.com\/it\/executive-1-aviation\/#Additional_Services\" >Servizi aggiuntivi<\/a><\/li><li class='ez-toc-page-1 ez-toc-heading-level-2'><a class=\"ez-toc-link ez-toc-heading-17\" href=\"https:\/\/comparemyjet.com\/it\/executive-1-aviation\/#Conclusion\" >Conclusione<\/a><\/li><\/ul><\/nav><\/div>\n<h2 class=\"wp-block-heading\"><span class=\"ez-toc-section\" id=\"Company_History\"><\/span>Storia dell'azienda<span class=\"ez-toc-section-end\"><\/span><\/h2>\r\n\r\n\r\n\r\n<p>Exec 1 Aviation (in precedenza noto come DashJet) \u00e8 un operatore di voli charter con sede in Iowa e JR Boesen \u00e8 l'amministratore delegato della societ\u00e0.&nbsp;<\/p>\r\n\r\n\r\n\r\n<p>La compagnia \u00e8 stata fondata nel 2009 con una flotta di Hawker 400XP rinnovati. Ora offre tariffe fisse e una jet card per chi viaggia spesso. Dispone anche di una flotta di Beechjet 400 e si rifornisce di altri aeromobili da diversi operatori.<\/p>\r\n\r\n\r\n\r\n<p>I viaggiatori pi\u00f9 assidui possono diventare membri di un programma entry-level che parte da 25 ore o provare con una carta jet introduttiva di 10 ore, di cui parleremo pi\u00f9 avanti.<\/p>\r\n\r\n\r\n\r\n<h2 class=\"wp-block-heading\"><span class=\"ez-toc-section\" id=\"Jet_Card_Program\"><\/span>Programma Jet Card<span class=\"ez-toc-section-end\"><\/span><\/h2>\r\n\r\n\r\n\r\n<p>La carta Exec 1 Aviation Jet \u00e8 pensata per i viaggiatori abituali, che possono aderire a un programma entry-level che parte da 25 ore o provare con una carta jet di prova di 10 ore. Non ci sono costi nascosti o sorprese con questo programma di jet card. Avrete tariffe orarie fisse e un volo personalizzato in base alle vostre preferenze, dalla cabina dell'aereo che preferite ai servizi e alle comodit\u00e0 di bordo.<\/p>\r\n\r\n\r\n\r\n<p>I membri godono di vantaggi come l'invito ai voli a basso costo Empty Flights.<\/p>\r\n\r\n\r\n\r\n<p>L'investimento medio necessario per diventare titolari di una carta \u00e8 compreso tra $60.000 e $100.000, e la somma verr\u00e0 utilizzata come deposito per coprire le ore di volo.<\/p>\r\n\r\n\r\n\r\n<p>Non c'\u00e8 garanzia di disponibilit\u00e0, ma il prezzo orario \u00e8 fisso e i membri della jet card possono accedere a pi\u00f9 aerei contemporaneamente. Oltre al deposito, non ci sono costi di iscrizione o di avvio.<\/p>\r\n\r\n\r\n\r\n<p>Contattateli al seguente indirizzo <a href=\"https:\/\/exec1aviation.com\/fly\/card\/\" target=\"_blank\" rel=\"noopener\">link<\/a> per un preventivo personalizzato di jet card e per i dettagli sui prezzi.<\/p>\r\n\r\n\r\n\r\n<h2 class=\"wp-block-heading\"><span class=\"ez-toc-section\" id=\"On-Demand_Charter\"><\/span>Carta su richiesta<span class=\"ez-toc-section-end\"><\/span><\/h2>\r\n\r\n\r\n\r\n<p>I vantaggi del noleggio con Exec 1 Aviation includono il catering, il trasporto a terra e i servizi e le comodit\u00e0 di bordo.&nbsp;<\/p>\r\n\r\n\r\n\r\n<p>In circostanze ideali, potete ottenere l'aeromobile di cui avete bisogno con un preavviso di 6 ore. Prenotare un charter \u00e8 semplicissimo: basta comunicare al loro team quando e dove dovete andare e loro si occuperanno di tutto il resto.&nbsp;<\/p>\r\n\r\n\r\n\r\n<p>Il team delle operazioni di volo \u00e8 disponibile 24 ore su 24, sette giorni su sette. Se i vostri piani cambiano, fateglielo sapere e vi assisteranno nella creazione del vostro itinerario.<\/p>\r\n\r\n\r\n\r\n<h2 class=\"wp-block-heading\"><span class=\"ez-toc-section\" id=\"The_Fleet\"><\/span>La flotta&nbsp;<span class=\"ez-toc-section-end\"><\/span><\/h2>\r\n\r\n\r\n\r\n<figure class=\"wp-block-image size-full is-style-default\"><img loading=\"lazy\" decoding=\"async\" width=\"1000\" height=\"667\" src=\"https:\/\/comparemyjet.com\/wp-content\/uploads\/2022\/07\/white.private.jet_.upclose.jpg\" alt=\"Ala,di,aereo,con,finestrini,sulla,pista,in,preparazione,al,decollo\" class=\"wp-image-3098\" srcset=\"https:\/\/comparemyjet.com\/wp-content\/uploads\/2022\/07\/white.private.jet_.upclose-18x12.jpg 18w, https:\/\/comparemyjet.com\/wp-content\/uploads\/2022\/07\/white.private.jet_.upclose-300x200.jpg 300w, https:\/\/comparemyjet.com\/wp-content\/uploads\/2022\/07\/white.private.jet_.upclose-768x512.jpg 768w, https:\/\/comparemyjet.com\/wp-content\/uploads\/2022\/07\/white.private.jet_.upclose.jpg 1000w\" sizes=\"auto, (max-width: 1000px) 100vw, 1000px\" \/><\/figure>\r\n\r\n\r\n\r\n<p>Exec 1 Aviation vi d\u00e0 accesso a un'ampia gamma di aeromobili, dai jet leggeri agli aerei di linea. Indipendentemente dal tipo di aeromobile desiderato, il team delle operazioni di volo \u00e8 in grado di garantire l'aeromobile richiesto.<\/p>\r\n\r\n\r\n\r\n<h3 class=\"wp-block-heading\"><span class=\"ez-toc-section\" id=\"1_Light_Private_Jets\"><\/span>1. Jet privati leggeri<span class=\"ez-toc-section-end\"><\/span><\/h3>\r\n\r\n\r\n\r\n<p>Se dovete recarvi in una citt\u00e0 vicina, noleggiare un aereo leggero \u00e8 una decisione saggia. Anche se la maggior parte degli aerei leggeri non include i servizi di un assistente di volo, possono ospitare fino a otto persone e la maggior parte di essi dispone di una toilette a bordo. Nonostante le dimensioni ridotte, l'autonomia di volo degli aviogetti leggeri supera le 1.400 miglia e possono raggiungere una velocit\u00e0 di oltre 500 miglia orarie.<\/p>\r\n\r\n\r\n\r\n<h4 class=\"wp-block-heading\"><span class=\"ez-toc-section\" id=\"Our_Recommendation_Learjet_40\"><\/span>La nostra raccomandazione: Learjet 40<span class=\"ez-toc-section-end\"><\/span><\/h4>\r\n\r\n\r\n\r\n<p>Il <a href=\"https:\/\/comparemyjet.com\/it\/learjet\/\" data-internallinksmanager029f6b8e52c=\"149\" title=\"Guida definitiva ai jet e agli aerei privati Learjet\">Learjet<\/a> 40 \u00e8 un piccolo jet aziendale prodotto da <a href=\"https:\/\/comparemyjet.com\/it\/bombardiere\/\" data-internallinksmanager029f6b8e52c=\"159\" title=\"Guida definitiva ai jet e agli aerei privati Bombardier\">Bombardiere<\/a> Learjet. Ha debuttato nel gennaio del 2004 come sostituto del Learjet 45. Sebbene condivida lo stesso design generale del Learjet 45, la carrozzeria \u00e8 pi\u00f9 stretta di due piedi e il serbatoio del gas \u00e8 pi\u00f9 leggero di 100 galloni. Inoltre, con uno spazio in cabina di oltre 350 piedi cubi, gli interni sono pi\u00f9 grandi rispetto ai suoi concorrenti. Il Learjet 40 \u00e8 stato prodotto fino al 2009.<\/p>\r\n\r\n\r\n\r\n<p>Specifiche:<\/p>\r\n\r\n\r\n\r\n<ul class=\"wp-block-list\"><li>Passeggeri: 7;<\/li><li>Altezza della cabina: 4 ft 11 In;<\/li><li>Lunghezza della cabina: 17 ft 8 In;<\/li><li>Larghezza cabina: 5 ft 1 In;<\/li><li>Bagaglio esterno: 50 piedi cubi;<\/li><li>Bagaglio interno: 15 piedi cubi;<\/li><li>Gamma massima: 1707 nm;<\/li><li>Velocit\u00e0 massima: 465 kts;<\/li><li>Equipaggio: 2<\/li><\/ul>\r\n\r\n\r\n\r\n<p>Exec 1 Aviation offre i seguenti jet leggeri come parte della sua flotta: <em>Premier 1 Series, Phenom 300, Nextant 400XTi, Learjet 31A, Beechjet 400A, <a href=\"https:\/\/comparemyjet.com\/it\/cessna\/\" data-internallinksmanager029f6b8e52c=\"145\" title=\"Guida definitiva ai jet e agli aerei privati Cessna\">Cessna<\/a> Citazione CJ3<\/em>, e <em>CJ2<\/em>.<\/p>\r\n\r\n\r\n\r\n<h3 class=\"wp-block-heading\"><span class=\"ez-toc-section\" id=\"2_Midsize_Private_Jets\"><\/span>2. Jet privati di medie dimensioni<span class=\"ez-toc-section-end\"><\/span><\/h3>\r\n\r\n\r\n\r\n<p>Se un piccolo aereo non \u00e8 in grado di portarvi abbastanza lontano o non \u00e8 abbastanza grande per soddisfare le vostre esigenze, un jet di medie dimensioni sar\u00e0 probabilmente in grado di ospitarvi. I jet di medie dimensioni sono in grado di bilanciare lusso ed efficienza, offrendo un lungo raggio e migliori prestazioni, che li rendono eccellenti sia per i viaggi a breve che a lungo raggio. I jet di medie dimensioni offrono maggiore comfort e pi\u00f9 servizi, tra cui un ampio vano bagagli, divani pieghevoli e una toilette, il tutto in una cabina con spazio sufficiente per stare in piedi.<\/p>\r\n\r\n\r\n\r\n<h4 class=\"wp-block-heading\"><span class=\"ez-toc-section\" id=\"Our_Recommendation_Gulfstream_G150\"><\/span>La nostra raccomandazione: Gulfstream G150<span class=\"ez-toc-section-end\"><\/span><\/h4>\r\n\r\n\r\n\r\n<p>Il <a href=\"https:\/\/comparemyjet.com\/it\/corrente-del-golfo\/\" data-internallinksmanager029f6b8e52c=\"175\" title=\"Guida definitiva ai jet e agli aerei privati Gulfstream\">Gulfstream<\/a> Il G150 \u00e8 stato costruito da Israel Aircraft Industries nel 2005 ed \u00e8 diventato rapidamente una scelta popolare. Il G150 offre il miglior valore nella sua categoria, con un lungo raggio, una velocit\u00e0 elevata e un potente pacchetto avionico. Il Gulfstream G150 \u00e8 uno dei jet d'affari di medie dimensioni pi\u00f9 veloci.&nbsp;<\/p>\r\n\r\n\r\n\r\n<p>Specifiche:<\/p>\r\n\r\n\r\n\r\n<ul class=\"wp-block-list\"><li>Passeggeri: 7<\/li><li>Altezza esterna: 19 ft 1 in;<\/li><li>Lunghezza: 56 piedi e 9 pollici;<\/li><li>Bagaglio esterno: 55 piedi cubi;<\/li><li>Bagaglio interno: 25 cu ft;<\/li><li>Velocit\u00e0 massima: 470 kts;<\/li><li>Gamma massima: 3130 nm;<\/li><li>Equipaggio: 2<\/li><\/ul>\r\n\r\n\r\n\r\n<p>Exec 1 Aviation offre i seguenti jet di medie dimensioni come parte della sua flotta:<em> Serie Learjet 45, Serie Learjet 60, Hawker 800\/850\/900 XP, Citation XLS, CJ4, <\/em>e<em> Citazione Excel<\/em>.&nbsp;<\/p>\r\n\r\n\r\n\r\n<h3 class=\"wp-block-heading\"><span class=\"ez-toc-section\" id=\"3_Super-Midsize_Private_Jets\"><\/span>3. Jet privati di medie dimensioni&nbsp;<span class=\"ez-toc-section-end\"><\/span><\/h3>\r\n\r\n\r\n\r\n<p>Gli aerei di medie dimensioni superano la maggior parte dei normali jet di medie dimensioni in termini di raggio d'azione, dimensioni e servizi extra, offrendo al contempo un buon rapporto qualit\u00e0-prezzo. Il Wi-Fi a bordo, la cabina spaziosa e la strumentazione aggiornata sono parte dell'upgrade rispetto a un tipico aereo di medie dimensioni, che si traduce in un viaggio pi\u00f9 fluido e piacevole.<\/p>\r\n\r\n\r\n\r\n<h4 class=\"wp-block-heading\"><span class=\"ez-toc-section\" id=\"Our_Recommendation_The_Bombardier_Challenger_300\"><\/span>Il nostro consiglio: Il Bombardier Challenger 300<span class=\"ez-toc-section-end\"><\/span><\/h4>\r\n\r\n\r\n\r\n<p>Bombardier Aerospace ha progettato il business jet Challenger 300 e lo ha prodotto fino al 2014. Gli interni sono circa 40% pi\u00f9 spaziosi rispetto a quelli di aerei d'affari di medie dimensioni.<\/p>\r\n\r\n\r\n\r\n<p>Specifiche:&nbsp;<\/p>\r\n\r\n\r\n\r\n<ul class=\"wp-block-list\"><li>Passeggeri: 8-16;<\/li><li>Lunghezza della cabina: 28 piedi e 7 pollici;<\/li><li>Altezza della cabina: 6 ft 1 in;<\/li><li>Larghezza della cabina: 7 ft 2 in;<\/li><li>Bagaglio interno: 106 piedi cubi;<\/li><li>Velocit\u00e0 massima: 476 kts;<\/li><li>Gamma massima: 3340 nm;<\/li><li>Equipaggio: 2.<\/li><\/ul>\r\n\r\n\r\n\r\n<p>Exec 1 Aviation offre i seguenti jet di medie dimensioni come parte della sua flotta: <em>Hawker 4000, Hawker 1000, Gulfstream 200, Falcon 50EX, Falcon 2000 Series, Citation X <\/em>e <em>Citazione Sovrano<\/em>.<\/p>\r\n\r\n\r\n\r\n<h3 class=\"wp-block-heading\"><span class=\"ez-toc-section\" id=\"4_Large_Private_Jets\"><\/span>4. Grandi jet privati<span class=\"ez-toc-section-end\"><\/span><\/h3>\r\n\r\n\r\n\r\n<p>I jet pesanti sono aerei sontuosi, con molto spazio per ospitare comodamente i viaggiatori e i bagagli extra. Sedili ampi e comodi, bagni privati, materassi, opzioni di intrattenimento di alto livello, telefono, Wi-Fi e una cucina completa sono standard per i jet pesanti. Avrete anche uno o due assistenti di volo che vi assisteranno con il catering e altri servizi.&nbsp;<\/p>\r\n\r\n\r\n\r\n<h4 class=\"wp-block-heading\"><span class=\"ez-toc-section\" id=\"Our_Recommendation_The_Embraer_Legacy_650E\"><\/span>Il nostro consiglio: L'Embraer Legacy 650E<span class=\"ez-toc-section-end\"><\/span><\/h4>\r\n\r\n\r\n\r\n<p>Il <a href=\"https:\/\/comparemyjet.com\/it\/embraer\/\" data-internallinksmanager029f6b8e52c=\"151\" title=\"Guida definitiva ai jet e agli aerei privati Embraer\">Embraer<\/a> Legacy 650E vanta la cabina pi\u00f9 grande della sua categoria, con comodi posti a sedere per 14 passeggeri, tre zone della cabina, accesso al web e servizio telefonico internazionale. La tranquilla cabina consente di lavorare, cenare o rilassarsi in perfetto comfort. I servizi includono una spaziosa cucina, una toilette e un ampio spazio per i bagagli. L'Embraer Legacy 650E dispone anche di sedili in pelle e di una bassa rumorosit\u00e0 in cabina.<\/p>\r\n\r\n\r\n\r\n<p>Specifiche:<\/p>\r\n\r\n\r\n\r\n<ul class=\"wp-block-list\"><li>Passeggeri: 14;<\/li><li>Larghezza della cabina: 6 ft 11 in;<\/li><li>Altezza della cabina: 6 piedi;<\/li><li>Lunghezza dell'aereo: 86 ft 5 in;<\/li><li>Velocit\u00e0 massima di crociera: 460 ktas;<\/li><li>Bagaglio interno: 286 piedi cubi;<\/li><li>Equipaggio: 2.<\/li><\/ul>\r\n\r\n\r\n\r\n<p>Exec 1 Aviation offre i seguenti jet di grandi dimensioni come parte della sua flotta: <em>Gulfstream V, Gulfstream IV, Gulfstream serie 500, Bombardier Global 5000\/6000, Falcon serie 900, Embraer Legacy 500, Challenger 605, <\/em>e<em> Challenger 604<\/em>.&nbsp;<\/p>\r\n\r\n\r\n\r\n<h2 class=\"wp-block-heading\"><span class=\"ez-toc-section\" id=\"Company_Safety_Policy_and_Standards\"><\/span>Politica e standard di sicurezza dell'azienda<span class=\"ez-toc-section-end\"><\/span><\/h2>\r\n\r\n\r\n\r\n<figure class=\"wp-block-image size-full is-style-default\"><img loading=\"lazy\" decoding=\"async\" width=\"1000\" height=\"563\" src=\"https:\/\/comparemyjet.com\/wp-content\/uploads\/2022\/06\/safety.check_.for_.a.plane_.jpg\" alt=\"\" class=\"wp-image-3014\" srcset=\"https:\/\/comparemyjet.com\/wp-content\/uploads\/2022\/06\/safety.check_.for_.a.plane_-18x10.jpg 18w, https:\/\/comparemyjet.com\/wp-content\/uploads\/2022\/06\/safety.check_.for_.a.plane_-300x169.jpg 300w, https:\/\/comparemyjet.com\/wp-content\/uploads\/2022\/06\/safety.check_.for_.a.plane_-768x432.jpg 768w, https:\/\/comparemyjet.com\/wp-content\/uploads\/2022\/06\/safety.check_.for_.a.plane_.jpg 1000w\" sizes=\"auto, (max-width: 1000px) 100vw, 1000px\" \/><\/figure>\r\n\r\n\r\n\r\n<p>Per garantire il massimo livello di sicurezza, tutti i voli vengono effettuati in base al regolamento di sicurezza in 5 punti. Il <a href=\"https:\/\/ibac.org\/is-bao\" target=\"_blank\" rel=\"noopener\">IS-BAO<\/a> sistema di gestione della sicurezza, che comprende tutti gli aeromobili di Exec1 e il sistema di gestione della sicurezza di Exec1. <a href=\"https:\/\/comparemyjet.com\/it\/what-is-a-private-jet-fixed-base-operator-fbo\/\" data-internallinksmanager029f6b8e52c=\"19\" title=\"Cos&#039;\u00e8 un operatore di base fissa (FBO) di jet privati?\">FBO<\/a>\u00e8 la prima fase del processo. La certificazione IS-BAO \u00e8 la pi\u00f9 rigorosa del settore e richiede due anni per completare il processo e pi\u00f9 di 800 valutazioni.<\/p>\r\n\r\n\r\n\r\n<p>Inoltre, ogni operatore terzo di cui Exec1Aviation si avvale deve possedere almeno un accreditamento di sicurezza da parte di <a href=\"https:\/\/www.argus.aero\/\" target=\"_blank\" rel=\"noopener\">AR\/GUS<\/a>, IS-BAO, o <a href=\"https:\/\/www.wyvernltd.com\/\" target=\"_blank\" rel=\"noopener\">Wyvern<\/a>.&nbsp;<\/p>\r\n\r\n\r\n\r\n<p>Il Dipartimento Operazioni di Viaggio di Exec 1 Aviation monitora tutti gli aeroporti e gli FBO prima e durante il volo. I piloti forniscono inoltre informazioni in tempo reale sulle circostanze operative attuali.<\/p>\r\n\r\n\r\n\r\n<h2 class=\"wp-block-heading\"><span class=\"ez-toc-section\" id=\"Pilots\"><\/span>Piloti<span class=\"ez-toc-section-end\"><\/span><\/h2>\r\n\r\n\r\n\r\n<p>Tutti i piloti superano i severi standard di tempo di volo stabiliti da WYVERN, AR\/GUS, IS-BAO o sono certificati Exec 1 Aviation.<\/p>\r\n\r\n\r\n\r\n<p>Exec 1 Aviation richiede che tutti i piloti abbiano una licenza FAA e un certificato sanitario aggiornati. Questo include l'aggiornamento sui pi\u00f9 recenti certificati di addestramento, tra cui una revisione di volo ogni anno e un controllo delle abilit\u00e0 dell'equipaggiamento ogni sei mesi.<\/p>\r\n\r\n\r\n\r\n<p>Inoltre, Exec 1 Aviation applica un rigido protocollo a due piloti. \u00c8 comprensibile che ogni aereo abbia bisogno di un pilota di riserva in caso di emergenza o se succede qualcosa al capitano. La sicurezza \u00e8 lo scopo principale della presenza di due piloti per gestire un jet.<\/p>\r\n\r\n\r\n\r\n<h2 class=\"wp-block-heading\"><span class=\"ez-toc-section\" id=\"FBO_Services\"><\/span>Servizi FBO&nbsp;<span class=\"ez-toc-section-end\"><\/span><\/h2>\r\n\r\n\r\n\r\n<p>Un operatore di base fissa (FBO) \u00e8 un terminal aeroportuale privato che fornisce servizi premium per i voli e i passeggeri, compresi i servizi di rifornimento e di linea, il trasporto locale, il catering, l'area di stoccaggio e la locazione dello spazio di rampa. Exec 1 FBO \u00e8 l'unico terminal privato locale di Des Moines, Iowa.<\/p>\r\n\r\n\r\n\r\n<p>Questo FBO offre assistenza in loco, sbrinamento e hangar riscaldati per aerei a pistoni, a reazione o a turbina. Qui i passeggeri e i membri dell'equipaggio possono richiedere il noleggio di un'auto e il catering.<\/p>\r\n\r\n\r\n\r\n<h2 class=\"wp-block-heading\"><span class=\"ez-toc-section\" id=\"Additional_Services\"><\/span>Servizi aggiuntivi<span class=\"ez-toc-section-end\"><\/span><\/h2>\r\n\r\n\r\n\r\n<figure class=\"wp-block-image size-full is-style-default\"><img loading=\"lazy\" decoding=\"async\" width=\"1000\" height=\"612\" src=\"https:\/\/comparemyjet.com\/wp-content\/uploads\/2022\/06\/lady.in_.red_.getting.out_.of_.a.car_.to_.board_.a.private.jet_.jpg\" alt=\"Exec 1 Aviazione\" class=\"wp-image-3009\" srcset=\"https:\/\/comparemyjet.com\/wp-content\/uploads\/2022\/06\/lady.in_.red_.getting.out_.of_.a.car_.to_.board_.a.private.jet_-18x12.jpg 18w, https:\/\/comparemyjet.com\/wp-content\/uploads\/2022\/06\/lady.in_.red_.getting.out_.of_.a.car_.to_.board_.a.private.jet_-300x184.jpg 300w, https:\/\/comparemyjet.com\/wp-content\/uploads\/2022\/06\/lady.in_.red_.getting.out_.of_.a.car_.to_.board_.a.private.jet_-768x470.jpg 768w, https:\/\/comparemyjet.com\/wp-content\/uploads\/2022\/06\/lady.in_.red_.getting.out_.of_.a.car_.to_.board_.a.private.jet_.jpg 1000w\" sizes=\"auto, (max-width: 1000px) 100vw, 1000px\" \/><\/figure>\r\n\r\n\r\n\r\n<p>Ma non \u00e8 tutto! Exec 1 Aviations accoglie i propri clienti in molti altri modi, anche dopo la fine del volo.<\/p>\r\n\r\n\r\n\r\n<p>Potete richiedere il trasporto a terra con una telefonata al vostro agente o tramite una richiesta di servizio, sia che cerchiate qualcosa di semplice o un'opzione pi\u00f9 lussuosa, come una limousine.<\/p>\r\n\r\n\r\n\r\n<p>Inoltre, possono personalizzare il servizio di bordo e i pasti in base alle vostre specifiche esigenze. Ad esempio, se volate con il vostro animale domestico, fatelo sapere in anticipo in modo che possano fare tutti i preparativi necessari per ospitarlo.&nbsp;<\/p>\r\n\r\n\r\n\r\n<p>Exec 1 lavorer\u00e0 con voi per creare un'esperienza unica che lascer\u00e0 un impatto duraturo. Se state pianificando una sorpresa o una celebrazione, fate una richiesta speciale su quanto segue <a href=\"https:\/\/exec1aviation.com\/fly\/accommodations\/\" target=\"_blank\" rel=\"noopener\">link<\/a> e l'azienda sar\u00e0 lieta di assistervi.<\/p>\r\n\r\n\r\n\r\n<h2 class=\"wp-block-heading\"><span class=\"ez-toc-section\" id=\"Conclusion\"><\/span>Conclusione<span class=\"ez-toc-section-end\"><\/span><\/h2>\r\n\r\n\r\n\r\n<p>Exec 1 vi porter\u00e0 a destinazione in modo rapido e sicuro. Il programma Jet Card offre un servizio personalizzato e d\u00e0 diritto ai servizi FBO presso l'aeroporto locale. Potete prenotare facilmente il vostro prossimo volo con l'aiuto del loro team disponibile 24 ore su 24, 7 giorni su 7.&nbsp;<\/p>","protected":false},"excerpt":{"rendered":"<p>Ogni viaggio con Exec 1 Aviation, che sia per affari o per piacere, \u00e8 progettato per adattarsi alle vostre esigenze e preferenze, grazie ai team delle operazioni di volo e dell'esperienza del cliente. Se non sapete esattamente di cosa avete bisogno, vi assisteranno con consigli e opzioni in volo. Vediamo cos'altro ha Exec 1 Aviation...<\/p>","protected":false},"author":2,"featured_media":3118,"parent":0,"menu_order":0,"comment_status":"closed","ping_status":"closed","template":"","meta":{"_acf_changed":false,"_genesis_hide_title":false,"_genesis_hide_breadcrumbs":false,"_genesis_hide_singular_image":false,"_genesis_hide_footer_widgets":false,"_genesis_custom_body_class":"","_genesis_custom_post_class":"","_genesis_layout":"","footnotes":""},"class_list":{"1":"page","2":"type-page","6":"entry"},"acf":[],"_links":{"self":[{"href":"https:\/\/comparemyjet.com\/it\/wp-json\/wp\/v2\/pages\/3136","targetHints":{"allow":["GET"]}}],"collection":[{"href":"https:\/\/comparemyjet.com\/it\/wp-json\/wp\/v2\/pages"}],"about":[{"href":"https:\/\/comparemyjet.com\/it\/wp-json\/wp\/v2\/types\/page"}],"author":[{"embeddable":true,"href":"https:\/\/comparemyjet.com\/it\/wp-json\/wp\/v2\/users\/2"}],"replies":[{"embeddable":true,"href":"https:\/\/comparemyjet.com\/it\/wp-json\/wp\/v2\/comments?post=3136"}],"version-history":[{"count":2,"href":"https:\/\/comparemyjet.com\/it\/wp-json\/wp\/v2\/pages\/3136\/revisions"}],"predecessor-version":[{"id":3443,"href":"https:\/\/comparemyjet.com\/it\/wp-json\/wp\/v2\/pages\/3136\/revisions\/3443"}],"wp:featuredmedia":[{"embeddable":true,"href":"https:\/\/comparemyjet.com\/it\/wp-json\/wp\/v2\/media\/3118"}],"wp:attachment":[{"href":"https:\/\/comparemyjet.com\/it\/wp-json\/wp\/v2\/media?parent=3136"}],"curies":[{"name":"wp","href":"https:\/\/api.w.org\/{rel}","templated":true}]}}