{"id":3144,"date":"2022-07-23T00:30:19","date_gmt":"2022-07-23T00:30:19","guid":{"rendered":"https:\/\/comparemyjet.com\/?page_id=3144"},"modified":"2025-09-04T09:58:20","modified_gmt":"2025-09-04T09:58:20","slug":"mosca-aeolo","status":"publish","type":"page","link":"https:\/\/comparemyjet.com\/it\/mosca-aeolo\/","title":{"rendered":"Prezzi dei voli Fly Aeolus"},"content":{"rendered":"<p>Fly Aeolus \u00e8 un'azienda belga <a href=\"https:\/\/comparemyjet.com\/it\/how-much-does-air-taxi-cost\/\" data-internallinksmanager029f6b8e52c=\"23\" title=\"Quanto costa un taxi aereo?\">aerotaxi<\/a> (charter privato) che opera in Europa dal 2009. L'azienda ha sede ad Anversa, con uffici a <a href=\"https:\/\/comparemyjet.com\/it\/tour-privati\/tour-privati-di-berlino\/\" data-internallinksmanager029f6b8e52c=\"254\" title=\"11 migliori tour privati di Berlino da $68.86\">Berlino<\/a> e Rotterdam.&nbsp;<\/p>\r\n\r\n\r\n\r\n<p>\u00c8 possibile volare da oltre 1.500 aeroporti in tutto il continente europeo a bordo di uno dei loro Cirrus SR-22, considerato uno dei jet monomotore pi\u00f9 sicuri dell'industria aeronautica. Vediamo cos'altro ha da offrire la compagnia.<\/p>\r\n\r\n\r\n\r\n<div id=\"ez-toc-container\" class=\"ez-toc-v2_0_76 counter-hierarchy ez-toc-counter ez-toc-grey ez-toc-container-direction\">\n<p class=\"ez-toc-title\" style=\"cursor:inherit\">Argomenti<\/p>\n<label for=\"ez-toc-cssicon-toggle-item-69f226d55de14\" class=\"ez-toc-cssicon-toggle-label\"><span class=\"\"><span class=\"eztoc-hide\" style=\"display:none;\">Toggle<\/span><span class=\"ez-toc-icon-toggle-span\"><svg style=\"fill: #999;color:#999\" xmlns=\"http:\/\/www.w3.org\/2000\/svg\" class=\"list-377408\" width=\"20px\" height=\"20px\" viewbox=\"0 0 24 24\" fill=\"none\"><path d=\"M6 6H4v2h2V6zm14 0H8v2h12V6zM4 11h2v2H4v-2zm16 0H8v2h12v-2zM4 16h2v2H4v-2zm16 0H8v2h12v-2z\" fill=\"currentColor\"><\/path><\/svg><svg style=\"fill: #999;color:#999\" class=\"arrow-unsorted-368013\" xmlns=\"http:\/\/www.w3.org\/2000\/svg\" width=\"10px\" height=\"10px\" viewbox=\"0 0 24 24\" version=\"1.2\" baseprofile=\"tiny\"><path d=\"M18.2 9.3l-6.2-6.3-6.2 6.3c-.2.2-.3.4-.3.7s.1.5.3.7c.2.2.4.3.7.3h11c.3 0 .5-.1.7-.3.2-.2.3-.5.3-.7s-.1-.5-.3-.7zM5.8 14.7l6.2 6.3 6.2-6.3c.2-.2.3-.5.3-.7s-.1-.5-.3-.7c-.2-.2-.4-.3-.7-.3h-11c-.3 0-.5.1-.7.3-.2.2-.3.5-.3.7s.1.5.3.7z\"\/><\/svg><\/span><\/span><\/label><input type=\"checkbox\"  id=\"ez-toc-cssicon-toggle-item-69f226d55de14\" checked aria-label=\"Toggle\" \/><nav><ul class='ez-toc-list ez-toc-list-level-1' ><li class='ez-toc-page-1 ez-toc-heading-level-2'><a class=\"ez-toc-link ez-toc-heading-1\" href=\"https:\/\/comparemyjet.com\/it\/mosca-aeolo\/#Company_History\" >Storia dell'azienda<\/a><\/li><li class='ez-toc-page-1 ez-toc-heading-level-2'><a class=\"ez-toc-link ez-toc-heading-2\" href=\"https:\/\/comparemyjet.com\/it\/mosca-aeolo\/#Pricing\" >Prezzi<\/a><\/li><li class='ez-toc-page-1 ez-toc-heading-level-2'><a class=\"ez-toc-link ez-toc-heading-3\" href=\"https:\/\/comparemyjet.com\/it\/mosca-aeolo\/#Membership_Programs\" >Programmi per i soci<\/a><ul class='ez-toc-list-level-3' ><li class='ez-toc-heading-level-3'><a class=\"ez-toc-link ez-toc-heading-4\" href=\"https:\/\/comparemyjet.com\/it\/mosca-aeolo\/#Pay_As_You_Fly\" >Pagare come si vola<\/a><\/li><li class='ez-toc-page-1 ez-toc-heading-level-3'><a class=\"ez-toc-link ez-toc-heading-5\" href=\"https:\/\/comparemyjet.com\/it\/mosca-aeolo\/#Personal_Membership\" >Iscrizione personale<\/a><\/li><li class='ez-toc-page-1 ez-toc-heading-level-3'><a class=\"ez-toc-link ez-toc-heading-6\" href=\"https:\/\/comparemyjet.com\/it\/mosca-aeolo\/#Business_Membership\" >Iscrizione al business<\/a><\/li><\/ul><\/li><li class='ez-toc-page-1 ez-toc-heading-level-2'><a class=\"ez-toc-link ez-toc-heading-7\" href=\"https:\/\/comparemyjet.com\/it\/mosca-aeolo\/#The_Fleet\" >La flotta&nbsp;<\/a><ul class='ez-toc-list-level-3' ><li class='ez-toc-heading-level-3'><a class=\"ez-toc-link ez-toc-heading-8\" href=\"https:\/\/comparemyjet.com\/it\/mosca-aeolo\/#1_Light_Private_Jets\" >1. Jet privati leggeri<\/a><ul class='ez-toc-list-level-4' ><li class='ez-toc-heading-level-4'><a class=\"ez-toc-link ez-toc-heading-9\" href=\"https:\/\/comparemyjet.com\/it\/mosca-aeolo\/#Our_Recommendation_The_Cirrus_SR22\" >Il nostro consiglio: Il Cirrus SR22<\/a><\/li><\/ul><\/li><\/ul><\/li><li class='ez-toc-page-1 ez-toc-heading-level-2'><a class=\"ez-toc-link ez-toc-heading-10\" href=\"https:\/\/comparemyjet.com\/it\/mosca-aeolo\/#Cancellation_Insurance\" >Assicurazione di annullamento<\/a><\/li><li class='ez-toc-page-1 ez-toc-heading-level-2'><a class=\"ez-toc-link ez-toc-heading-11\" href=\"https:\/\/comparemyjet.com\/it\/mosca-aeolo\/#De-icing_Insurance\" >Assicurazione antighiaccio<\/a><\/li><li class='ez-toc-page-1 ez-toc-heading-level-2'><a class=\"ez-toc-link ez-toc-heading-12\" href=\"https:\/\/comparemyjet.com\/it\/mosca-aeolo\/#Fly_Aeolus_Taxi_Service\" >Servizio taxi Fly Aeolus<\/a><\/li><li class='ez-toc-page-1 ez-toc-heading-level-2'><a class=\"ez-toc-link ez-toc-heading-13\" href=\"https:\/\/comparemyjet.com\/it\/mosca-aeolo\/#Pet_Policy\" >Politica sugli animali domestici<\/a><\/li><li class='ez-toc-page-1 ez-toc-heading-level-2'><a class=\"ez-toc-link ez-toc-heading-14\" href=\"https:\/\/comparemyjet.com\/it\/mosca-aeolo\/#Company_Safety_Policy_and_Standards\" >Politica e standard di sicurezza dell'azienda<\/a><\/li><li class='ez-toc-page-1 ez-toc-heading-level-2'><a class=\"ez-toc-link ez-toc-heading-15\" href=\"https:\/\/comparemyjet.com\/it\/mosca-aeolo\/#Company_Staff\" >Personale dell'azienda<\/a><\/li><li class='ez-toc-page-1 ez-toc-heading-level-2'><a class=\"ez-toc-link ez-toc-heading-16\" href=\"https:\/\/comparemyjet.com\/it\/mosca-aeolo\/#Conclusion\" >Conclusione<\/a><\/li><\/ul><\/nav><\/div>\n<h2 class=\"wp-block-heading\"><span class=\"ez-toc-section\" id=\"Company_History\"><\/span>Storia dell'azienda<span class=\"ez-toc-section-end\"><\/span><\/h2>\r\n\r\n\r\n\r\n<p>Fly Aeolus \u00e8 stata fondata nel 2009 dai co-fondatori e appassionati di aviazione Stefaan Ghijs e Vincent Wigmans. Ghijs ha conseguito un master in ingegneria aeronautica, mentre Wigmans ha avuto esperienza nel settore delle riparazioni di aerei privati.&nbsp;<\/p>\r\n\r\n\r\n\r\n<p>Il primo volo della compagnia \u00e8 stato effettuato da Anversa, in Belgio, a Vichy, in Francia, nel 2011. Fly Aeolus ha presto ampliato l'area di operativit\u00e0 per includere l'intero continente, iniziando con destinazioni in Germania e Paesi Bassi.&nbsp;<\/p>\r\n\r\n\r\n\r\n<p>Nel 2015, Fly Aeolus ha stabilito una partnership con l'azienda belga di aerotaxi SkyCab, mentre nel 2019 ha fondato Fly Aeolus Aircraft Sales and Acquisitions, un nuovo ramo di Fly Aeolus.<\/p>\r\n\r\n\r\n\r\n<p>Un accordo di propriet\u00e0 frazionata \u00e8 alla base del servizio della compagnia. I proprietari privati mettono a disposizione i loro aerei per il noleggio e ricevono una commissione per ogni ora di volo.&nbsp;<\/p>\r\n\r\n\r\n\r\n<h2 class=\"wp-block-heading\"><span class=\"ez-toc-section\" id=\"Pricing\"><\/span>Prezzi<span class=\"ez-toc-section-end\"><\/span><\/h2>\r\n\r\n\r\n\r\n<p>Fly Aeolus applica una tariffa fissa per tutti i voli. I prezzi sono determinati in base all'itinerario di viaggio, alle circostanze del viaggio, alle ore di volo e al fatto che si tratti di un volo di sola andata o di andata e ritorno. Se volete spendere meno, il modo migliore \u00e8 prenotare un volo di andata e ritorno nello stesso giorno, e potete sempre condividere il volo e dividere il costo portando con voi dei compagni di viaggio.<\/p>\r\n\r\n\r\n\r\n<p>Fly Aeolus \u00e8 gestita in regime di propriet\u00e0 condivisa. La societ\u00e0 addebita ai nuovi clienti una tassa di iscrizione di 995,00 euro (IVA esclusa), che li rende azionisti di un aeromobile della flotta Fly Aeolus. Se dopo l'iscrizione si decide di non utilizzare i servizi offerti dalla compagnia, Fly Aeolus restituir\u00e0 l'importo della tassa meno una commissione amministrativa di 150,00 euro. \u00c8 possibile effettuare un volo di prova prima della registrazione per provare il jet e vedere se \u00e8 quello che si sta cercando.<\/p>\r\n\r\n\r\n\r\n<h2 class=\"wp-block-heading\"><span class=\"ez-toc-section\" id=\"Membership_Programs\"><\/span>Programmi per i soci<span class=\"ez-toc-section-end\"><\/span><\/h2>\r\n\r\n\r\n\r\n<p>I programmi di adesione a Fly Aeolus mirano a far risparmiare ai passeggeri denaro e tempo per i voli continentali, dato che tutti i jet e i piloti si trovano gi\u00e0 in Europa, e consentono ai soci di risparmiare 5-10% sui voli rispetto al costo al dettaglio per i non soci. Esploriamoli brevemente.<\/p>\r\n\r\n\r\n\r\n<h3 class=\"wp-block-heading\"><span class=\"ez-toc-section\" id=\"Pay_As_You_Fly\"><\/span>Pagare come si vola<span class=\"ez-toc-section-end\"><\/span><\/h3>\r\n\r\n\r\n\r\n<p>Non \u00e8 necessario essere soci per volare con il Cirrus SR-22; \u00e8 possibile pagare al momento del volo. Fly Aeolus dispone di un calcolatore online che vi aiuter\u00e0 a pianificare e prenotare il vostro prossimo viaggio. <a href=\"https:\/\/flyaeolus.com\/plan-book\/\" target=\"_blank\" rel=\"noopener\">link<\/a> per informazioni pi\u00f9 dettagliate.<\/p>\r\n\r\n\r\n\r\n<h3 class=\"wp-block-heading\"><span class=\"ez-toc-section\" id=\"Personal_Membership\"><\/span>Iscrizione personale<span class=\"ez-toc-section-end\"><\/span><\/h3>\r\n\r\n\r\n\r\n<p>Il programma Personal Membership \u00e8 pensato per i viaggiatori abituali. Con questo programma, otterrete uno sconto di 5% su ogni volo, oltre a un'assicurazione di cancellazione inclusa nel prezzo.&nbsp;<\/p>\r\n\r\n\r\n\r\n<h3 class=\"wp-block-heading\"><span class=\"ez-toc-section\" id=\"Business_Membership\"><\/span>Iscrizione al business<span class=\"ez-toc-section-end\"><\/span><\/h3>\r\n\r\n\r\n\r\n<p>Fly Aeolus offre il programma Business Membership per chi viaggia spesso. Per diventare soci \u00e8 necessario versare una quota mensile di 100,00 euro. Avrete uno sconto di 10% su tutti i vostri voli, oltre all'assicurazione contro la cancellazione e all'assistenza per la prenotazione di taxi, tutto incluso nel prezzo.<\/p>\r\n\r\n\r\n\r\n<h2 class=\"wp-block-heading\"><span class=\"ez-toc-section\" id=\"The_Fleet\"><\/span>La flotta&nbsp;<span class=\"ez-toc-section-end\"><\/span><\/h2>\r\n\r\n\r\n\r\n<figure class=\"wp-block-image size-full is-style-default\"><img loading=\"lazy\" decoding=\"async\" width=\"1000\" height=\"667\" src=\"https:\/\/comparemyjet.com\/wp-content\/uploads\/2022\/07\/The-Cirrus-SR22.jpg\" alt=\"Vola Eolo\" class=\"wp-image-3145\" srcset=\"https:\/\/comparemyjet.com\/wp-content\/uploads\/2022\/07\/The-Cirrus-SR22-18x12.jpg 18w, https:\/\/comparemyjet.com\/wp-content\/uploads\/2022\/07\/The-Cirrus-SR22-300x200.jpg 300w, https:\/\/comparemyjet.com\/wp-content\/uploads\/2022\/07\/The-Cirrus-SR22-768x512.jpg 768w, https:\/\/comparemyjet.com\/wp-content\/uploads\/2022\/07\/The-Cirrus-SR22.jpg 1000w\" sizes=\"auto, (max-width: 1000px) 100vw, 1000px\" \/><\/figure>\r\n\r\n\r\n\r\n<p>Fly Aeolus dispone di una flotta di soli Cirrus SR-22. E non \u00e8 una coincidenza: questi aerei sono considerati tra i jet monomotore pi\u00f9 sicuri dell'industria aeronautica dalla COPA (Cirrus Owners &amp; Pilots Association) e dall'AOPA (Aircraft Owners &amp; Pilots Association), grazie al Cirrus Airframe Parachute System. Fly Aeolus \u00e8 il pi\u00f9 grande fornitore europeo di Cirrus, con 15 velivoli SR-22 in servizio, ognuno dei quali pu\u00f2 trasportare fino a tre passeggeri.&nbsp;<\/p>\r\n\r\n\r\n\r\n<h3 class=\"wp-block-heading\"><span class=\"ez-toc-section\" id=\"1_Light_Private_Jets\"><\/span>1. Jet privati leggeri<span class=\"ez-toc-section-end\"><\/span><\/h3>\r\n\r\n\r\n\r\n<p>I jet privati leggeri sono perfetti per viaggiare in piccoli aeroporti e in localit\u00e0 difficili da raggiungere, permettendovi di visitare montagne inaccessibili e spiagge bellissime.<\/p>\r\n\r\n\r\n\r\n<h4 class=\"wp-block-heading\"><span class=\"ez-toc-section\" id=\"Our_Recommendation_The_Cirrus_SR22\"><\/span>Il nostro consiglio: Il Cirrus SR22<span class=\"ez-toc-section-end\"><\/span><\/h4>\r\n\r\n\r\n\r\n<p>Il Cirrus SR22 \u00e8 un jet in materiale composito prodotto dalla Cirrus Aircraft nel 2001. \u00c8 una variante pi\u00f9 potente del Cirrus CIRRUS SR-20, con un'ala pi\u00f9 grande e una maggiore capacit\u00e0 di carburante e un carrello di atterraggio fisso.<\/p>\r\n\r\n\r\n\r\n<p>Si tratta di un aereo a quattro posti (1 pilota e tre passeggeri), progettato per atterrare negli aeroporti locali. Il Cirrus SR22 consente di accedere a pi\u00f9 di 1.500 aeroporti in tutta Europa, permettendovi di atterrare in aeroporti locali che i voli commerciali visitano raramente.&nbsp;<\/p>\r\n\r\n\r\n\r\n<p>Gli aerei Cirrus hanno una capacit\u00e0 di bagaglio di 10 chilogrammi per passeggero e sono gli unici ad avere come dotazione standard un sistema di paracadute per le operazioni di emergenza per l'intero aereo.<\/p>\r\n\r\n\r\n\r\n<p>Specifiche:<\/p>\r\n\r\n\r\n\r\n<ul class=\"wp-block-list\"><li>Passeggeri: 3;<\/li><li>Larghezza della cabina: 4 ft 1 in;<\/li><li>Volume della cabina: 137 piedi cubi;<\/li><li>Altezza della cabina: 4 piedi e 2 pollici;<\/li><li>Lunghezza della cabina: 8 piedi;<\/li><li>Bagaglio interno: 32 piedi cubi;<\/li><li>Velocit\u00e0 massima: 186 kts;<\/li><li>Gamma massima: 1100 nm;<\/li><li>Equipaggio: 1;<\/li><li>Nessun gabinetto;<\/li><li>Niente WiFi.<\/li><\/ul>\r\n\r\n\r\n\r\n<h2 class=\"wp-block-heading\"><span class=\"ez-toc-section\" id=\"Cancellation_Insurance\"><\/span>Assicurazione di annullamento<span class=\"ez-toc-section-end\"><\/span><\/h2>\r\n\r\n\r\n\r\n<p>Fly Aeolus offre un'assicurazione di annullamento, che costa 200 euro (esclusa l'imposta sul valore aggiunto), che consente di annullare o rinviare il volo se i vostri piani vengono sconvolti da un evento imprevisto.&nbsp;<\/p>\r\n\r\n\r\n\r\n<p>Se non si desidera pagare il costo dell'assicurazione di cancellazione e il volo viene cancellato o posticipato dopo la conferma, il passeggero sar\u00e0 soggetto a spese aggiuntive. Se la cancellazione del volo avviene tra 7 giorni e 24 ore prima dell'orario di partenza previsto, Fly Aeolus addebiter\u00e0 una tassa di 25% sul totale delle spese di volo. Se la cancellazione avviene tra le 24 e le 5 ore prima del volo, la compagnia addebiter\u00e0 una tassa di cancellazione pari a 50% del totale delle spese di volo. Se la cancellazione avviene meno di 5 ore prima dell'orario di partenza previsto o se non ci si presenta, verr\u00e0 addebitata una tassa di cancellazione pari a 100% del totale delle spese di volo.<\/p>\r\n\r\n\r\n\r\n<h2 class=\"wp-block-heading\"><span class=\"ez-toc-section\" id=\"De-icing_Insurance\"><\/span>Assicurazione antighiaccio<span class=\"ez-toc-section-end\"><\/span><\/h2>\r\n\r\n\r\n\r\n<figure class=\"wp-block-image size-full is-style-default\"><img loading=\"lazy\" decoding=\"async\" width=\"1000\" height=\"667\" src=\"https:\/\/comparemyjet.com\/wp-content\/uploads\/2022\/07\/De-icing-Insurance.jpg\" alt=\"\" class=\"wp-image-3146\" srcset=\"https:\/\/comparemyjet.com\/wp-content\/uploads\/2022\/07\/De-icing-Insurance-18x12.jpg 18w, https:\/\/comparemyjet.com\/wp-content\/uploads\/2022\/07\/De-icing-Insurance-300x200.jpg 300w, https:\/\/comparemyjet.com\/wp-content\/uploads\/2022\/07\/De-icing-Insurance-768x512.jpg 768w, https:\/\/comparemyjet.com\/wp-content\/uploads\/2022\/07\/De-icing-Insurance.jpg 1000w\" sizes=\"auto, (max-width: 1000px) 100vw, 1000px\" \/><\/figure>\r\n\r\n\r\n\r\n<p>Questo tipo di assicurazione sar\u00e0 utile soprattutto nei mesi pi\u00f9 freddi. Fly Aeolus consiglia di stipulare questo servizio prima del decollo.&nbsp;<\/p>\r\n\r\n\r\n\r\n<p>Durante l'inverno, l'aerotaxi pu\u00f2 ricoprirsi di ghiaccio o neve, che devono essere puliti prima di poter decollare. I costi associati sono difficili da prevedere, quindi la compagnia offre alcune opzioni di assicurazione contro lo sbrinamento in base al pericolo di formazione di ghiaccio per tranquillizzare i passeggeri.<\/p>\r\n\r\n\r\n\r\n<ul class=\"wp-block-list\"><li>Fino a cinque giorni prima della partenza, l'assicurazione antighiaccio costa 150,00 \u20ac (IVA esclusa) per un volo di sola andata.<\/li><li>Tra le 5 e le 72 ore prima della partenza, questa assicurazione costa 250,00 \u20ac (IVA esclusa) per un viaggio di sola andata.<\/li><li>Tra 72 e 24 ore prima della partenza, dovrete pagare fino a 350,00 \u20ac (IVA esclusa) per un'assicurazione antighiaccio di sola andata.<\/li><\/ul>\r\n\r\n\r\n\r\n<p>Se non scegliete una delle scelte di cui sopra, vi verranno addebitate tutte le spese di sbrinamento necessarie dopo il viaggio.<\/p>\r\n\r\n\r\n\r\n<h2 class=\"wp-block-heading\"><span class=\"ez-toc-section\" id=\"Fly_Aeolus_Taxi_Service\"><\/span>Servizio taxi Fly Aeolus<span class=\"ez-toc-section-end\"><\/span><\/h2>\r\n\r\n\r\n\r\n<p>Fly Aeolus pu\u00f2 prenotare per voi un taxi con uno dei suoi frequenti partner. Comunicate loro la vostra destinazione e si assicureranno che il taxi vi aspetti al vostro arrivo in aeroporto. Se qualcuno viene a prendervi all'aeroporto, la societ\u00e0 offre la possibilit\u00e0 di inviare i dati specifici del vostro volo in modo che i vostri amici o familiari possano seguire il percorso del taxi aereo in tempo reale.<\/p>\r\n\r\n\r\n\r\n<h2 class=\"wp-block-heading\"><span class=\"ez-toc-section\" id=\"Pet_Policy\"><\/span>Politica sugli animali domestici<span class=\"ez-toc-section-end\"><\/span><\/h2>\r\n\r\n\r\n\r\n<p>Quando si vola in aereo di linea, \u00e8 possibile portare il proprio animale domestico a bordo se la lunghezza del trasportino \u00e8 inferiore a 47 cm, la larghezza inferiore a 30 cm e l'altezza inferiore a 27 cm. L'animale deve inoltre trovarsi sotto il sedile in un apposito trasportino e non deve pesare pi\u00f9 di 10 kg. Per motivi di sicurezza, non \u00e8 possibile aprire il trasportino o spostarlo. Questo sembra essere lo svantaggio maggiore rispetto ad altri vettori charter privati, ma \u00e8 comunque preferibile rispetto al trasporto nel reparto cargo di un volo commerciale.<\/p>\r\n\r\n\r\n\r\n<p>Portare il vostro animale domestico sul vostro volo privato \u00e8 una storia completamente diversa. Fly Aeolus tratta ogni animale domestico che vola con loro come un ospite, assicurandosi che il vostro animale goda di un viaggio tranquillo e piacevole.<\/p>\r\n\r\n\r\n\r\n<p>Il vostro animale non sar\u00e0 imprigionato nel bagagliaio, ma potr\u00e0 accoccolarsi accanto a voi su una coperta e voi potrete essere sicuri che il vostro animale sia comodo e al sicuro.&nbsp;<\/p>\r\n\r\n\r\n\r\n<p>Anche se potete viaggiare con il vostro animale domestico, i viaggi con gli animali domestici richiedono una pianificazione anticipata. <a href=\"https:\/\/flyaeolus.com\/blog\/pet-travel-private-jet-air-taxi\/\" target=\"_blank\" rel=\"noopener\">link<\/a> per ulteriori informazioni sul trasporto di animali domestici con Aeolus.<\/p>\r\n\r\n\r\n\r\n<h2 class=\"wp-block-heading\"><span class=\"ez-toc-section\" id=\"Company_Safety_Policy_and_Standards\"><\/span>Politica e standard di sicurezza dell'azienda<span class=\"ez-toc-section-end\"><\/span><\/h2>\r\n\r\n\r\n\r\n<p>Tutti i loro aerei vengono esaminati regolarmente e i piloti sono sottoposti a controlli medici annuali. Inoltre, tutti gli aerei sono dotati di CAPS (Cirrus Airframe Parachute System), un sistema di recupero con paracadute balistico per l'intero aereo costruito esclusivamente per gli aerei Cirrus.<\/p>\r\n\r\n\r\n\r\n<h2 class=\"wp-block-heading\"><span class=\"ez-toc-section\" id=\"Company_Staff\"><\/span>Personale dell'azienda<span class=\"ez-toc-section-end\"><\/span><\/h2>\r\n\r\n\r\n\r\n<p>Lo staff di Aeolus comprende esperti di diversi settori dell'aviazione d'affari e piloti e istruttori Cirrus qualificati. Tutti i piloti di Fly Aeolus sono in possesso di una licenza di pilota commerciale (CPL) o di una licenza di pilota di aeromobile (ATPL), hanno almeno 500 ore di volo e sono stati sottoposti al programma di addestramento Cirrus SR22.&nbsp;<\/p>\r\n\r\n\r\n\r\n<h2 class=\"wp-block-heading\"><span class=\"ez-toc-section\" id=\"Conclusion\"><\/span>Conclusione<span class=\"ez-toc-section-end\"><\/span><\/h2>\r\n\r\n\r\n\r\n<figure class=\"wp-block-image size-full is-style-default\"><img loading=\"lazy\" decoding=\"async\" width=\"1000\" height=\"667\" src=\"https:\/\/comparemyjet.com\/wp-content\/uploads\/2022\/07\/cute.dog_.dressed.as_.a.pilot_.standing.infront.of_.a.jet_.jpg\" alt=\"\" class=\"wp-image-3147\" srcset=\"https:\/\/comparemyjet.com\/wp-content\/uploads\/2022\/07\/cute.dog_.dressed.as_.a.pilot_.standing.infront.of_.a.jet_-18x12.jpg 18w, https:\/\/comparemyjet.com\/wp-content\/uploads\/2022\/07\/cute.dog_.dressed.as_.a.pilot_.standing.infront.of_.a.jet_-300x200.jpg 300w, https:\/\/comparemyjet.com\/wp-content\/uploads\/2022\/07\/cute.dog_.dressed.as_.a.pilot_.standing.infront.of_.a.jet_-768x512.jpg 768w, https:\/\/comparemyjet.com\/wp-content\/uploads\/2022\/07\/cute.dog_.dressed.as_.a.pilot_.standing.infront.of_.a.jet_.jpg 1000w\" sizes=\"auto, (max-width: 1000px) 100vw, 1000px\" \/><\/figure>\r\n\r\n\r\n\r\n<p>Fly Aeolus \u00e8 la prima azienda in Europa a utilizzare un modello di propriet\u00e0 frazionata per fornire servizi di aerotaxi utilizzando aerei a pistoni singoli. L'azienda offre anche tre distinti programmi di carte jet e d\u00e0 accesso a pi\u00f9 di 1.000 piccoli aeroporti in tutta Europa utilizzando la sua flotta di Cirrus SR22. Se volete fare un giro turistico o viaggiate solo con un paio di amici, Fly Aeolus \u00e8 il vostro servizio di aerotaxi.&nbsp;<\/p>","protected":false},"excerpt":{"rendered":"<p>Fly Aeolus \u00e8 un servizio di aerotaxi (charter privato) belga che opera in Europa dal 2009. La societ\u00e0 ha sede ad Anversa, con uffici a Berlino e Rotterdam.  \u00c8 possibile volare da oltre 1.500 aeroporti in tutto il continente europeo a bordo di uno dei loro Cirrus SR-22, considerato uno dei jet monomotore pi\u00f9 sicuri in ...<\/p>","protected":false},"author":2,"featured_media":3098,"parent":0,"menu_order":0,"comment_status":"closed","ping_status":"closed","template":"","meta":{"_acf_changed":false,"_genesis_hide_title":false,"_genesis_hide_breadcrumbs":false,"_genesis_hide_singular_image":false,"_genesis_hide_footer_widgets":false,"_genesis_custom_body_class":"","_genesis_custom_post_class":"","_genesis_layout":"","footnotes":""},"class_list":{"1":"page","2":"type-page","6":"entry"},"acf":[],"_links":{"self":[{"href":"https:\/\/comparemyjet.com\/it\/wp-json\/wp\/v2\/pages\/3144","targetHints":{"allow":["GET"]}}],"collection":[{"href":"https:\/\/comparemyjet.com\/it\/wp-json\/wp\/v2\/pages"}],"about":[{"href":"https:\/\/comparemyjet.com\/it\/wp-json\/wp\/v2\/types\/page"}],"author":[{"embeddable":true,"href":"https:\/\/comparemyjet.com\/it\/wp-json\/wp\/v2\/users\/2"}],"replies":[{"embeddable":true,"href":"https:\/\/comparemyjet.com\/it\/wp-json\/wp\/v2\/comments?post=3144"}],"version-history":[{"count":2,"href":"https:\/\/comparemyjet.com\/it\/wp-json\/wp\/v2\/pages\/3144\/revisions"}],"predecessor-version":[{"id":3444,"href":"https:\/\/comparemyjet.com\/it\/wp-json\/wp\/v2\/pages\/3144\/revisions\/3444"}],"wp:featuredmedia":[{"embeddable":true,"href":"https:\/\/comparemyjet.com\/it\/wp-json\/wp\/v2\/media\/3098"}],"wp:attachment":[{"href":"https:\/\/comparemyjet.com\/it\/wp-json\/wp\/v2\/media?parent=3144"}],"curies":[{"name":"wp","href":"https:\/\/api.w.org\/{rel}","templated":true}]}}