{"id":3154,"date":"2022-07-27T01:01:52","date_gmt":"2022-07-27T01:01:52","guid":{"rendered":"https:\/\/comparemyjet.com\/?page_id=3154"},"modified":"2025-09-04T09:59:33","modified_gmt":"2025-09-04T09:59:33","slug":"nicholas-air","status":"publish","type":"page","link":"https:\/\/comparemyjet.com\/it\/nicholas-air\/","title":{"rendered":"Prezzi dei voli NICHOLAS AIR"},"content":{"rendered":"<p>Offrendo le opzioni pi\u00f9 all'avanguardia e personalizzabili per i viaggi aerei privati, NICHOLAS AIR si distingue dalla maggior parte delle altre compagnie di jet privati. La sua reputazione per l'eccellente servizio clienti, gli aeromobili di alta qualit\u00e0 e la sicurezza ineccepibile ha attirato molti viaggiatori. Dai Personal Travel Advisor dedicati al suo equipaggio, NICHOLAS AIR si \u00e8 evoluta al punto di andare oltre per i suoi clienti.&nbsp;<\/p>\r\n\r\n\r\n\r\n<div id=\"ez-toc-container\" class=\"ez-toc-v2_0_76 counter-hierarchy ez-toc-counter ez-toc-grey ez-toc-container-direction\">\n<p class=\"ez-toc-title\" style=\"cursor:inherit\">Argomenti<\/p>\n<label for=\"ez-toc-cssicon-toggle-item-69f02bd05f71f\" class=\"ez-toc-cssicon-toggle-label\"><span class=\"\"><span class=\"eztoc-hide\" style=\"display:none;\">Toggle<\/span><span class=\"ez-toc-icon-toggle-span\"><svg style=\"fill: #999;color:#999\" xmlns=\"http:\/\/www.w3.org\/2000\/svg\" class=\"list-377408\" width=\"20px\" height=\"20px\" viewbox=\"0 0 24 24\" fill=\"none\"><path d=\"M6 6H4v2h2V6zm14 0H8v2h12V6zM4 11h2v2H4v-2zm16 0H8v2h12v-2zM4 16h2v2H4v-2zm16 0H8v2h12v-2z\" fill=\"currentColor\"><\/path><\/svg><svg style=\"fill: #999;color:#999\" class=\"arrow-unsorted-368013\" xmlns=\"http:\/\/www.w3.org\/2000\/svg\" width=\"10px\" height=\"10px\" viewbox=\"0 0 24 24\" version=\"1.2\" baseprofile=\"tiny\"><path d=\"M18.2 9.3l-6.2-6.3-6.2 6.3c-.2.2-.3.4-.3.7s.1.5.3.7c.2.2.4.3.7.3h11c.3 0 .5-.1.7-.3.2-.2.3-.5.3-.7s-.1-.5-.3-.7zM5.8 14.7l6.2 6.3 6.2-6.3c.2-.2.3-.5.3-.7s-.1-.5-.3-.7c-.2-.2-.4-.3-.7-.3h-11c-.3 0-.5.1-.7.3-.2.2-.3.5-.3.7s.1.5.3.7z\"\/><\/svg><\/span><\/span><\/label><input type=\"checkbox\"  id=\"ez-toc-cssicon-toggle-item-69f02bd05f71f\" checked aria-label=\"Toggle\" \/><nav><ul class='ez-toc-list ez-toc-list-level-1' ><li class='ez-toc-page-1 ez-toc-heading-level-2'><a class=\"ez-toc-link ez-toc-heading-1\" href=\"https:\/\/comparemyjet.com\/it\/nicholas-air\/#Company_History\" >Storia dell'azienda<\/a><\/li><li class='ez-toc-page-1 ez-toc-heading-level-2'><a class=\"ez-toc-link ez-toc-heading-2\" href=\"https:\/\/comparemyjet.com\/it\/nicholas-air\/#Ways_to_Fly\" >Modi di volare<\/a><ul class='ez-toc-list-level-3' ><li class='ez-toc-heading-level-3'><a class=\"ez-toc-link ez-toc-heading-3\" href=\"https:\/\/comparemyjet.com\/it\/nicholas-air\/#Membership_Programs\" >Programmi per i soci<\/a><\/li><li class='ez-toc-page-1 ez-toc-heading-level-3'><a class=\"ez-toc-link ez-toc-heading-4\" href=\"https:\/\/comparemyjet.com\/it\/nicholas-air\/#Fractional_Ownership\" >Propriet\u00e0 frazionata<\/a><\/li><li class='ez-toc-page-1 ez-toc-heading-level-3'><a class=\"ez-toc-link ez-toc-heading-5\" href=\"https:\/\/comparemyjet.com\/it\/nicholas-air\/#On-Demand_Jet_Leasing\" >Leasing di jet su richiesta<\/a><\/li><li class='ez-toc-page-1 ez-toc-heading-level-3'><a class=\"ez-toc-link ez-toc-heading-6\" href=\"https:\/\/comparemyjet.com\/it\/nicholas-air\/#Aircraft_Management_100_hours\" >Gestione dell'aeromobile | 100+ ore<\/a><\/li><\/ul><\/li><li class='ez-toc-page-1 ez-toc-heading-level-2'><a class=\"ez-toc-link ez-toc-heading-7\" href=\"https:\/\/comparemyjet.com\/it\/nicholas-air\/#The_Fleet\" >La flotta&nbsp;<\/a><ul class='ez-toc-list-level-3' ><li class='ez-toc-heading-level-3'><a class=\"ez-toc-link ez-toc-heading-8\" href=\"https:\/\/comparemyjet.com\/it\/nicholas-air\/#1_Turboprop\" >1. Turboprop<\/a><ul class='ez-toc-list-level-4' ><li class='ez-toc-heading-level-4'><a class=\"ez-toc-link ez-toc-heading-9\" href=\"https:\/\/comparemyjet.com\/it\/nicholas-air\/#Our_Recommendation_Pilatus_PC-12\" >La nostra raccomandazione: Pilatus PC-12<\/a><\/li><\/ul><\/li><li class='ez-toc-page-1 ez-toc-heading-level-3'><a class=\"ez-toc-link ez-toc-heading-10\" href=\"https:\/\/comparemyjet.com\/it\/nicholas-air\/#2_Light_and_Very_Light_Private_Jets\" >2. Jet privati leggeri e molto leggeri<\/a><ul class='ez-toc-list-level-4' ><li class='ez-toc-heading-level-4'><a class=\"ez-toc-link ez-toc-heading-11\" href=\"https:\/\/comparemyjet.com\/it\/nicholas-air\/#Our_Recommendation_Citation_CJ3_Phenom_300\" >Il nostro consiglio: Citation CJ3, Phenom 300<\/a><\/li><\/ul><\/li><li class='ez-toc-page-1 ez-toc-heading-level-3'><a class=\"ez-toc-link ez-toc-heading-12\" href=\"https:\/\/comparemyjet.com\/it\/nicholas-air\/#3_Super-Midsize_Private_Jets\" >3. Jet privati di medie dimensioni<\/a><ul class='ez-toc-list-level-4' ><li class='ez-toc-heading-level-4'><a class=\"ez-toc-link ez-toc-heading-13\" href=\"https:\/\/comparemyjet.com\/it\/nicholas-air\/#Our_Recommendation_Citation_Latitude\" >Il nostro consiglio: Citation Latitude<\/a><\/li><\/ul><\/li><\/ul><\/li><li class='ez-toc-page-1 ez-toc-heading-level-2'><a class=\"ez-toc-link ez-toc-heading-14\" href=\"https:\/\/comparemyjet.com\/it\/nicholas-air\/#Company_Safety_Policy_and_Standards\" >Politica e standard di sicurezza dell'azienda<\/a><\/li><li class='ez-toc-page-1 ez-toc-heading-level-2'><a class=\"ez-toc-link ez-toc-heading-15\" href=\"https:\/\/comparemyjet.com\/it\/nicholas-air\/#Pilots\" >Piloti<\/a><\/li><li class='ez-toc-page-1 ez-toc-heading-level-2'><a class=\"ez-toc-link ez-toc-heading-16\" href=\"https:\/\/comparemyjet.com\/it\/nicholas-air\/#Partnerships\" >Partenariati<\/a><\/li><li class='ez-toc-page-1 ez-toc-heading-level-2'><a class=\"ez-toc-link ez-toc-heading-17\" href=\"https:\/\/comparemyjet.com\/it\/nicholas-air\/#Conclusion\" >Conclusione<\/a><\/li><\/ul><\/nav><\/div>\n<h2 class=\"wp-block-heading\"><span class=\"ez-toc-section\" id=\"Company_History\"><\/span>Storia dell'azienda<span class=\"ez-toc-section-end\"><\/span><\/h2>\r\n\r\n\r\n\r\n<p>Il fondatore e CEO dell'azienda, Nicholas Correnti, \u00e8 un pilota esperto con una passione per l'aviazione fin dalla tenera et\u00e0. Correnti ha iniziato a volare durante l'adolescenza e ha persino ottenuto un record mondiale volando da solo su quattro aerei il giorno del suo 16\u00b0 compleanno, raggiungendo oltre 1000 ore di volo in soli quattro anni. Alla fine si \u00e8 dedicato interamente alla NICHOLAS AIR, che ha fondato nel 1997.&nbsp;<\/p>\r\n\r\n\r\n\r\n<p>Iniziando come una piccola compagnia di aviazione regionale con sedi in North Carolina e Arkansas, NICHOLAS AIR si \u00e8 specializzata in <a href=\"https:\/\/comparemyjet.com\/it\/what-are-some-aircraft-management-companies\/\" data-internallinksmanager029f6b8e52c=\"21\" title=\"Servizi e societ\u00e0 di gestione aeronautica\">gestione degli aerei<\/a> e programmi di leasing. L'azienda si \u00e8 rapidamente guadagnata il riconoscimento di avere gli aerei pi\u00f9 nuovi sul mercato e ha ampliato i suoi servizi offrendo programmi di carte jet adattabili e un servizio clienti altamente personalizzato.<\/p>\r\n\r\n\r\n\r\n<p>Grazie all'impegno del team nel perseguire l'obiettivo aziendale, NICHOLAS AIR sta attualmente vivendo un'espansione responsabile, il tutto dalla sua nuovissima sede all'avanguardia di Oxford, nel Mississippi. L'obiettivo di sempre che Nicholas Correnti aveva in mente quando fond\u00f2 l'azienda 25 anni fa \u00e8 stato ora raggiunto, grazie al percorso di sviluppo continuo e alle alleanze dell'azienda.<\/p>\r\n\r\n\r\n\r\n<h2 class=\"wp-block-heading\"><span class=\"ez-toc-section\" id=\"Ways_to_Fly\"><\/span>Modi di volare<span class=\"ez-toc-section-end\"><\/span><\/h2>\r\n\r\n\r\n\r\n<figure class=\"wp-block-image size-full is-style-default\"><img loading=\"lazy\" decoding=\"async\" width=\"1000\" height=\"667\" src=\"https:\/\/comparemyjet.com\/wp-content\/uploads\/2022\/07\/kid.flying.toy_.plane_.with_.family.jpg\" alt=\"\" class=\"wp-image-3158\" srcset=\"https:\/\/comparemyjet.com\/wp-content\/uploads\/2022\/07\/kid.flying.toy_.plane_.with_.family-18x12.jpg 18w, https:\/\/comparemyjet.com\/wp-content\/uploads\/2022\/07\/kid.flying.toy_.plane_.with_.family-300x200.jpg 300w, https:\/\/comparemyjet.com\/wp-content\/uploads\/2022\/07\/kid.flying.toy_.plane_.with_.family-768x512.jpg 768w, https:\/\/comparemyjet.com\/wp-content\/uploads\/2022\/07\/kid.flying.toy_.plane_.with_.family.jpg 1000w\" sizes=\"auto, (max-width: 1000px) 100vw, 1000px\" \/><\/figure>\r\n\r\n\r\n\r\n<p>NICHOLAS AIR fornisce servizi di jet privati ed executive senza pari attraverso programmi di carte jet, noleggio di jet privati, programmi di propriet\u00e0 condivisa e soluzioni di gestione degli aeromobili. Diamo un'occhiata pi\u00f9 da vicino a ci\u00f2 che offre ciascun servizio.<\/p>\r\n\r\n\r\n\r\n<h3 class=\"wp-block-heading\"><span class=\"ez-toc-section\" id=\"Membership_Programs\"><\/span>Programmi per i soci<span class=\"ez-toc-section-end\"><\/span><\/h3>\r\n\r\n\r\n\r\n<p>I soci NICHOLAS AIR possono usufruire dei loro servizi in tutti gli Stati Uniti, Canada, Caraibi e Messico e possono facilmente trovare il pacchetto di adesione perfetto per le loro esigenze di viaggio. Il loro approccio innovativo all'aviazione privata offre tre diverse modalit\u00e0 di adesione:<\/p>\r\n\r\n\r\n\r\n<ul class=\"wp-block-list\"><li>\u00c8 possibile acquistare blocchi di ore con un <strong>Carta blu<\/strong> - una scelta fantastica per chi ama volare su un particolare tipo di aeromobile. \u00c8 possibile effettuare upgrade e downgrade utilizzando la Carta Blu specifica per l'aeromobile e basata sulle ore di volo, pagando un piccolo costo di interscambio.<\/li><li>A <strong>Carta Rise<\/strong> \u00e8 il programma di adesione della compagnia che richiede un deposito. \u00c8 una scelta pratica per chi ha bisogno di accedere all'intera flotta per diversi viaggi. I membri della Rise Card, basata sul dollaro, possono effettuare upgrade o downgrade ai prezzi indicati.&nbsp;<\/li><li>L'alternativa Pay As You Fly con il loro <strong>Smart Card<\/strong> vi fornir\u00e0 prezzi orari chiari per qualsiasi esigenza di viaggio specifica.<\/li><\/ul>\r\n\r\n\r\n\r\n<p>Diventando membro di uno qualsiasi dei <a href=\"https:\/\/www.nicholasair.com\/jet-programs\/jet-card\" target=\"_blank\" rel=\"noopener\">carte jet<\/a> Come gi\u00e0 menzionato, potrete beneficiare dell'assenza di costi di iscrizione o di adesione, di spese di riposizionamento, di ore che non scadono mai e di un impegno a lungo termine.<\/p>\r\n\r\n\r\n\r\n<h3 class=\"wp-block-heading\"><span class=\"ez-toc-section\" id=\"Fractional_Ownership\"><\/span>Propriet\u00e0 frazionata<span class=\"ez-toc-section-end\"><\/span><\/h3>\r\n\r\n\r\n\r\n<p>Il loro <a href=\"https:\/\/www.nicholasair.com\/jet-programs\/jet-share\" target=\"_blank\" rel=\"noopener\">Quota Jet<\/a> offre gli stessi vantaggi della piena propriet\u00e0 di un aereo a una frazione del costo, mentre il programma Jet Lease offre uno schema di pagamento mensile senza l'impegno finanziario iniziale per un aereo. NICHOLAS AIR offre tutti i vantaggi della propriet\u00e0 di un aereo senza i grattacapi delle operazioni e dei regolamenti.<\/p>\r\n\r\n\r\n\r\n<p>Per le persone che desiderano beneficiare della propriet\u00e0 dell'aeromobile e che viaggiano tra le 90 e le 300 ore all'anno, Nicholas Air <a href=\"https:\/\/comparemyjet.com\/it\/how-does-fractional-jet-ownership-work\/\" data-internallinksmanager029f6b8e52c=\"20\" title=\"Come funziona la propriet\u00e0 di un jet frazionato?\">Jet frazionato<\/a> La condivisione \u00e8 un'opzione valida. I costi sono i seguenti:<\/p>\r\n\r\n\r\n\r\n<ul class=\"wp-block-list\"><li>Un prezzo di acquisizione una tantum.<\/li><li>Una tassa di servizio.<\/li><li>Una tariffa oraria per il tempo di volo effettivo.<\/li><\/ul>\r\n\r\n\r\n\r\n<h3 class=\"wp-block-heading\"><span class=\"ez-toc-section\" id=\"On-Demand_Jet_Leasing\"><\/span>Leasing di jet su richiesta<span class=\"ez-toc-section-end\"><\/span><\/h3>\r\n\r\n\r\n\r\n<p>Per i viaggiatori abituali che effettuano pi\u00f9 di 90 ore di viaggio all'anno, il <a href=\"https:\/\/www.nicholasair.com\/jet-programs\/jet-lease\" target=\"_blank\" rel=\"noopener\">Programma di noleggio di jet<\/a> offre un piano di pagamento mensile senza richiedere un impegno finanziario iniziale per un aeromobile.<\/p>\r\n\r\n\r\n\r\n<h3 class=\"wp-block-heading\"><span class=\"ez-toc-section\" id=\"Aircraft_Management_100_hours\"><\/span>Gestione dell'aeromobile | 100+ ore<span class=\"ez-toc-section-end\"><\/span><\/h3>\r\n\r\n\r\n\r\n<p>Per gli individui che desiderano sperimentare tutti i vantaggi di un jet privato o di un intero velivolo di propriet\u00e0 senza le difficolt\u00e0 delle procedure di volo e dei requisiti legali, NICHOLAS AIR offre il <a href=\"https:\/\/www.nicholasair.com\/jet-programs\/aircraft-management\" target=\"_blank\" rel=\"noopener\">Programma di gestione degli aeromobili<\/a>.<\/p>\r\n\r\n\r\n\r\n<p>NICHOLAS AIR offre un servizio completo di gestione degli aeromobili per persone o aziende che desiderano possedere un intero aeromobile. Il cliente ha la possibilit\u00e0 di far partecipare il proprio aeromobile al pool di dry leasing, che consente al proprietario di guadagnare di pi\u00f9 con l'aeromobile quando non \u00e8 in uso.<\/p>\r\n\r\n\r\n\r\n<h2 class=\"wp-block-heading\"><span class=\"ez-toc-section\" id=\"The_Fleet\"><\/span>La flotta&nbsp;<span class=\"ez-toc-section-end\"><\/span><\/h2>\r\n\r\n\r\n\r\n<figure class=\"wp-block-image size-full is-style-default\"><img loading=\"lazy\" decoding=\"async\" width=\"1000\" height=\"667\" src=\"https:\/\/comparemyjet.com\/wp-content\/uploads\/2022\/07\/crew.greeting.a.woman_.boarding.on_.a.private.jet_.jpg\" alt=\"NICHOLAS ARIA\" class=\"wp-image-3156\" srcset=\"https:\/\/comparemyjet.com\/wp-content\/uploads\/2022\/07\/crew.greeting.a.woman_.boarding.on_.a.private.jet_-18x12.jpg 18w, https:\/\/comparemyjet.com\/wp-content\/uploads\/2022\/07\/crew.greeting.a.woman_.boarding.on_.a.private.jet_-300x200.jpg 300w, https:\/\/comparemyjet.com\/wp-content\/uploads\/2022\/07\/crew.greeting.a.woman_.boarding.on_.a.private.jet_-768x512.jpg 768w, https:\/\/comparemyjet.com\/wp-content\/uploads\/2022\/07\/crew.greeting.a.woman_.boarding.on_.a.private.jet_.jpg 1000w\" sizes=\"auto, (max-width: 1000px) 100vw, 1000px\" \/><\/figure>\r\n\r\n\r\n\r\n<p>NICHOLAS AIR vi offre la pi\u00f9 straordinaria esperienza di volo e un servizio affidabile. Gestisce una flotta di <a href=\"https:\/\/comparemyjet.com\/it\/pilatus\/\" data-internallinksmanager029f6b8e52c=\"152\" title=\"Guida definitiva ai jet e agli aerei privati Pilatus\">Pilatus<\/a> Phenom 100, PC-12, Phenom 300, Citation CJ3, Challenger 300 e Citation Latitude. Ogni jet ha un'et\u00e0 media di cinque anni, grazie alla rigorosa politica della compagnia di operare solo con aerei nuovi di zecca, offrendo ai suoi clienti il comfort di viaggiare con gli aerei pi\u00f9 all'avanguardia, sicuri e tecnologicamente avanzati.<\/p>\r\n\r\n\r\n\r\n<p>Alcuni fornitori di servizi possiedono i loro aeromobili ma non li fanno volare; altre societ\u00e0 di servizi fanno volare i loro aeromobili ma li acquistano da operatori charter. Nicholas Air fa entrambe le cose: possiede e gestisce la propria flotta.&nbsp;<\/p>\r\n\r\n\r\n\r\n<p>Grazie all'accesso a pi\u00f9 di 9.000 aeroporti solo negli Stati Uniti, possono farvi arrivare a destinazione con molta pi\u00f9 facilit\u00e0.<\/p>\r\n\r\n\r\n\r\n<p>Diamo un'occhiata pi\u00f9 da vicino a ci\u00f2 che offrono nel loro catalogo di aeromobili.<\/p>\r\n\r\n\r\n\r\n<h3 class=\"wp-block-heading\"><span class=\"ez-toc-section\" id=\"1_Turboprop\"><\/span>1. Turboprop<span class=\"ez-toc-section-end\"><\/span><\/h3>\r\n\r\n\r\n\r\n<p>I turboelica, che uniscono i motori a reazione alle eliche, combinano la rapidit\u00e0 dei jet con la sicurezza dei piccoli aerei. Funzionano bene a basse altitudini e a velocit\u00e0 non superiori a 450 miglia orarie. Questo li rende un'opzione pratica per i voli nazionali e gli atterraggi negli aeroporti pi\u00f9 piccoli.<\/p>\r\n\r\n\r\n\r\n<h4 class=\"wp-block-heading\"><span class=\"ez-toc-section\" id=\"Our_Recommendation_Pilatus_PC-12\"><\/span>La nostra raccomandazione: Pilatus PC-12<span class=\"ez-toc-section-end\"><\/span><\/h4>\r\n\r\n\r\n\r\n<p>Il PC-12 \u00e8 noto per la sua robustezza, affidabilit\u00e0 e adattabilit\u00e0 e pu\u00f2 atterrare su aree erbose. L'abitacolo posteriore \u00e8 dotato di un ampio portello di carico che consente una rapida conversione dalla modalit\u00e0 passeggero e un facile caricamento di bagagli ingombranti.&nbsp;<\/p>\r\n\r\n\r\n\r\n<p>Specifiche:<\/p>\r\n\r\n\r\n\r\n<ul class=\"wp-block-list\"><li>Passeggeri: da 6 a 9;<\/li><li>Larghezza della cabina: 5 piedi;<\/li><li>Altezza della cabina: 4 ft 10 in;<\/li><li>Lunghezza della cabina: 16 ft 11 in;<\/li><li>Raggio di volo massimo: 1.635 nm;<\/li><li>Velocit\u00e0 massima di crociera: 370 mph;<\/li><li>Bagaglio interno: 40 piedi cubi.<\/li><\/ul>\r\n\r\n\r\n\r\n<p><em>Pilatus PC-12<\/em> \u00e8 l'unico turboelica disponibile nel catalogo NICHOLAS AIR.<\/p>\r\n\r\n\r\n\r\n<h3 class=\"wp-block-heading\"><span class=\"ez-toc-section\" id=\"2_Light_and_Very_Light_Private_Jets\"><\/span>2. Jet privati leggeri e molto leggeri<span class=\"ez-toc-section-end\"><\/span><\/h3>\r\n\r\n\r\n\r\n<p>Un jet privato leggero \u00e8 il prossimo miglior aereo disponibile per il noleggio con NICHOLAS AIR. Questi aerei hanno un accesso impareggiabile agli aeroporti e alle piste. Sono abbastanza convenienti e meno costosi da mantenere rispetto agli aerei pi\u00f9 grandi, oltre che molto accessibili grazie alle loro dimensioni ridotte e alla possibilit\u00e0 di atterrare praticamente ovunque. Il principale svantaggio del noleggio di un piccolo jet \u00e8 la sua autonomia di volo. Essendo pi\u00f9 piccoli, possono volare solo su tratte regionali.<\/p>\r\n\r\n\r\n\r\n<h4 class=\"wp-block-heading\"><span class=\"ez-toc-section\" id=\"Our_Recommendation_Citation_CJ3_Phenom_300\"><\/span>Il nostro consiglio: Citation CJ3, Phenom 300<span class=\"ez-toc-section-end\"><\/span><\/h4>\r\n\r\n\r\n\r\n<p>Il Phenom 300 proviene dal produttore brasiliano <a href=\"https:\/\/comparemyjet.com\/it\/embraer\/\" data-internallinksmanager029f6b8e52c=\"151\" title=\"Guida definitiva ai jet e agli aerei privati Embraer\">Embraer<\/a> e offre posti a sedere per un massimo di otto persone. Questo jet privato detiene lo status di <a href=\"https:\/\/skiesmag.com\/press-releases\/embraers-phenom-300-series-tops-decade-of-product-excellence-with-10th-consecutive-year-as-best-selling-light-jet\/\" target=\"_blank\" rel=\"noopener\">l'aereo privato leggero pi\u00f9 venduto al mondo<\/a> per dieci anni di fila, dal 2011 al 2021. Ne vale la pena per la vostra prossima esperienza di volo privato, vero?<\/p>\r\n\r\n\r\n\r\n<p>Specifiche:<\/p>\r\n\r\n\r\n\r\n<ul class=\"wp-block-list\"><li>Passeggeri: 9;<\/li><li>Larghezza cabina: 5 f 1 int;<\/li><li>Altezza della cabina: 4 piedi e 11 pollici;<\/li><li>Lunghezza della cabina: 17 ft 2 in;<\/li><li>Portata massima di volo: 2.077 nm;<\/li><li>Velocit\u00e0 massima di crociera: 453 kts;<\/li><li>Spazio per il bagaglio esterno: 66 piedi cubi;<\/li><li>Spazio interno per il bagaglio: 19 piedi cubi.<\/li><\/ul>\r\n\r\n\r\n\r\n<p>Oltre a <em>Citazione CJ3<\/em> e <em>Phenom 300<\/em> nell'ambito dell'offerta di aeromobili a reazione leggeri, NICHOLAS AIR offre anche <em>Fenom 100<\/em> come unico jet molto leggero nel loro catalogo di aerei.<\/p>\r\n\r\n\r\n\r\n<h3 class=\"wp-block-heading\"><span class=\"ez-toc-section\" id=\"3_Super-Midsize_Private_Jets\"><\/span>3. Jet privati di medie dimensioni<span class=\"ez-toc-section-end\"><\/span><\/h3>\r\n\r\n\r\n\r\n<p>State pensando di programmare un viaggio di lavoro con riunione in volo o una vacanza con i vostri cari in un luogo lontano dove trascorrere del tempo insieme? In questo caso, il noleggio di un aereo di medie dimensioni offre ampio spazio, spazio per il bagaglio a mano e viaggi piacevoli che durano dalle cinque alle otto ore.<\/p>\r\n\r\n\r\n\r\n<h4 class=\"wp-block-heading\"><span class=\"ez-toc-section\" id=\"Our_Recommendation_Citation_Latitude\"><\/span>Il nostro consiglio: Citation Latitude<span class=\"ez-toc-section-end\"><\/span><\/h4>\r\n\r\n\r\n\r\n<p>Il pavimento liscio e la cabina alta sono alcune delle caratteristiche pi\u00f9 interessanti del Citation Latitude.&nbsp;<\/p>\r\n\r\n\r\n\r\n<p>Specifiche:<\/p>\r\n\r\n\r\n\r\n<ul class=\"wp-block-list\"><li>Passeggeri: da 6 a 9;<\/li><li>Larghezza della cabina: 6 ft 4 in;<\/li><li>Altezza della cabina: 6 piedi;<\/li><li>Lunghezza della cabina: 21 ft 7 in;<\/li><li>Raggio di volo massimo: 2.700 nm;<\/li><li>Velocit\u00e0 massima di crociera: 446 mph;<\/li><li>Spazio per il bagaglio esterno: 100 piedi cubi;<\/li><li>Spazio interno per il bagaglio: 27 piedi cubi.<\/li><\/ul>\r\n\r\n\r\n\r\n<p>Oltre a <em>Latitudine di citazione<\/em>, NICHOLAS AIR offre anche <em>Challenger 300<\/em> come parte del loro catalogo di aerei di medie dimensioni.<\/p>\r\n\r\n\r\n\r\n<h2 class=\"wp-block-heading\"><span class=\"ez-toc-section\" id=\"Company_Safety_Policy_and_Standards\"><\/span>Politica e standard di sicurezza dell'azienda<span class=\"ez-toc-section-end\"><\/span><\/h2>\r\n\r\n\r\n\r\n<p>Il Sistema di Gestione della Sicurezza (SMS) della NICHOLAS AIR non tiene conto delle procedure di sicurezza e di gestione del sistema riconosciute dall'Organizzazione. <a href=\"https:\/\/www.icao.int\/Pages\/default.aspx\" target=\"_blank\" rel=\"noopener\">ICAO<\/a> e <a href=\"https:\/\/www.caa.com\/\" target=\"_blank\" rel=\"noopener\">CAA<\/a>. Il programma SMS spinge costantemente l'azienda a valutare le proprie operazioni e ogni scelta effettuata. Incoraggia il miglioramento continuo della sicurezza attraverso la valutazione, l'analisi e il controllo del rischio mediante rapporti e raccolta di dati. Il programma SMS di NICHOLAS AIR sostiene ed espande la cultura lavorativa dell'azienda, che prevede un ragionamento anticipato anzich\u00e9 reattivo.<\/p>\r\n\r\n\r\n\r\n<p>Inoltre, NICHOLAS AIR ha ottenuto la certificazione ARGUS Platinum. Il <a href=\"https:\/\/www.argus.aero\/\" target=\"_blank\" rel=\"noopener\">ARGUS<\/a> \u00e8 il pi\u00f9 preciso e approfondito sistema di controllo da parte di terzi per gli operatori charter e rappresenta l'apice dell'eccellenza nel settore dell'aviazione.&nbsp;<\/p>\r\n\r\n\r\n\r\n<p>NICHOLAS AIR segue anche il <a href=\"https:\/\/ibac.org\/is-bao\" target=\"_blank\" rel=\"noopener\">IS-BAO<\/a> suggerito un insieme di best practice, che hanno lo scopo di aiutare i reparti di volo di tutto il mondo a raggiungere elevati standard di professionalit\u00e0 e sicurezza.&nbsp;<\/p>\r\n\r\n\r\n\r\n<h2 class=\"wp-block-heading\"><span class=\"ez-toc-section\" id=\"Pilots\"><\/span>Piloti<span class=\"ez-toc-section-end\"><\/span><\/h2>\r\n\r\n\r\n\r\n<figure class=\"wp-block-image size-full is-style-default\"><img loading=\"lazy\" decoding=\"async\" width=\"1000\" height=\"662\" src=\"https:\/\/comparemyjet.com\/wp-content\/uploads\/2022\/07\/pilot.greeting.young_.couple.jpg\" alt=\"\" class=\"wp-image-3157\" srcset=\"https:\/\/comparemyjet.com\/wp-content\/uploads\/2022\/07\/pilot.greeting.young_.couple-18x12.jpg 18w, https:\/\/comparemyjet.com\/wp-content\/uploads\/2022\/07\/pilot.greeting.young_.couple-300x199.jpg 300w, https:\/\/comparemyjet.com\/wp-content\/uploads\/2022\/07\/pilot.greeting.young_.couple-768x508.jpg 768w, https:\/\/comparemyjet.com\/wp-content\/uploads\/2022\/07\/pilot.greeting.young_.couple.jpg 1000w\" sizes=\"auto, (max-width: 1000px) 100vw, 1000px\" \/><\/figure>\r\n\r\n\r\n\r\n<p>Nicholas Air vuole assicurarsi di avere i migliori piloti, per questo motivo incorpora programmi di formazione su base costante e i suoi piloti hanno l'onore di volare solo per la sua compagnia. Per garantire che l'equipaggio conosca bene l'aeromobile e la cabina di pilotaggio, ogni pilota \u00e8 designato e impegnato su un particolare tipo di aeromobile.<\/p>\r\n\r\n\r\n\r\n<h2 class=\"wp-block-heading\"><span class=\"ez-toc-section\" id=\"Partnerships\"><\/span>Partenariati<span class=\"ez-toc-section-end\"><\/span><\/h2>\r\n\r\n\r\n\r\n<p>NICHOLAS AIR collabora con <a href=\"https:\/\/www.luxurycard.com\/\" target=\"_blank\" rel=\"noopener\">Carta di lusso<\/a>, leader mondiale nel mercato delle carte di credito premium, \u00e8 lieta di annunciare la sua pi\u00f9 recente partnership, che offre ai titolari di Luxury Card risparmi basati su livelli.&nbsp;<\/p>\r\n\r\n\r\n\r\n<p>I soci della Luxury Card possono ora acquistare una carta NICHOLAS AIR Blue Jet di 15 ore. Con questa carta, i soci riceveranno un credito di $2.500 sulla loro carta. Per una Carta NICHOLAS AIR Blue Jet di 30 ore, i soci otterranno un credito di $7.500. L'offerta \u00e8 valida per le prenotazioni che i clienti effettueranno tramite un Luxury Card Concierge.<\/p>\r\n\r\n\r\n\r\n<h2 class=\"wp-block-heading\"><span class=\"ez-toc-section\" id=\"Conclusion\"><\/span>Conclusione<span class=\"ez-toc-section-end\"><\/span><\/h2>\r\n\r\n\r\n\r\n<p>NICHOLAS AIR si distingue dalle altre societ\u00e0 di charter e di gestione offrendo scelte all'avanguardia, efficaci e adattabili per i viaggi aerei privati. Si sforza di superare le aspettative dei clienti con i suoi consulenti di viaggio personali, il personale e tutte le soluzioni intermedie.&nbsp;<\/p>\r\n\r\n\r\n\r\n<p>NICHOLAS AIR offre prezzi ragionevoli e dispone di una flotta unica con aeromobili non pi\u00f9 vecchi di cinque anni. Nicholas Correnti ha costruito le fondamenta di un'azienda di successo grazie al suo amore per il volo, e il nome NICHOLAS AIR \u00e8 ora considerato un punto di riferimento per gli standard del marchio premium.<\/p>","protected":false},"excerpt":{"rendered":"<p>Offrendo le opzioni pi\u00f9 all'avanguardia e personalizzabili per i viaggi aerei privati, NICHOLAS AIR si distingue dalla maggior parte delle altre compagnie di jet privati. La sua reputazione per l'eccellente servizio clienti, gli aeromobili di alta qualit\u00e0 e la sicurezza ineccepibile ha attirato molti viaggiatori. Dai Personal Travel Advisor dedicati al suo equipaggio, NICHOLAS AIR si \u00e8 evoluta al punto da andare oltre ...<\/p>","protected":false},"author":2,"featured_media":3155,"parent":0,"menu_order":0,"comment_status":"closed","ping_status":"closed","template":"","meta":{"_acf_changed":false,"_genesis_hide_title":false,"_genesis_hide_breadcrumbs":false,"_genesis_hide_singular_image":false,"_genesis_hide_footer_widgets":false,"_genesis_custom_body_class":"","_genesis_custom_post_class":"","_genesis_layout":"","footnotes":""},"class_list":{"1":"page","2":"type-page","6":"entry"},"acf":[],"_links":{"self":[{"href":"https:\/\/comparemyjet.com\/it\/wp-json\/wp\/v2\/pages\/3154","targetHints":{"allow":["GET"]}}],"collection":[{"href":"https:\/\/comparemyjet.com\/it\/wp-json\/wp\/v2\/pages"}],"about":[{"href":"https:\/\/comparemyjet.com\/it\/wp-json\/wp\/v2\/types\/page"}],"author":[{"embeddable":true,"href":"https:\/\/comparemyjet.com\/it\/wp-json\/wp\/v2\/users\/2"}],"replies":[{"embeddable":true,"href":"https:\/\/comparemyjet.com\/it\/wp-json\/wp\/v2\/comments?post=3154"}],"version-history":[{"count":2,"href":"https:\/\/comparemyjet.com\/it\/wp-json\/wp\/v2\/pages\/3154\/revisions"}],"predecessor-version":[{"id":3446,"href":"https:\/\/comparemyjet.com\/it\/wp-json\/wp\/v2\/pages\/3154\/revisions\/3446"}],"wp:featuredmedia":[{"embeddable":true,"href":"https:\/\/comparemyjet.com\/it\/wp-json\/wp\/v2\/media\/3155"}],"wp:attachment":[{"href":"https:\/\/comparemyjet.com\/it\/wp-json\/wp\/v2\/media?parent=3154"}],"curies":[{"name":"wp","href":"https:\/\/api.w.org\/{rel}","templated":true}]}}